{"id":101162,"date":"2010-12-28T13:58:29","date_gmt":"2010-12-28T13:58:29","guid":{"rendered":"http:\/\/wpml.org\/fonctionnalites\/"},"modified":"2026-02-26T08:08:39","modified_gmt":"2026-02-26T08:08:39","slug":"fonctionnalites","status":"publish","type":"page","link":"https:\/\/wpml.org\/fr\/fonctionnalites\/","title":{"rendered":"Fonctionnalit\u00e9s de WPML"},"content":{"rendered":"\n<div class=\"wp-block-toolset-blocks-container tb-container\" data-toolset-blocks-container=\"1723f581a506bac7b33df317f23843ed\"><div class=\"tb-container-inner\">\n<h1 class=\"tb-heading has-text-color\" data-toolset-blocks-heading=\"a371b389eaca851838f73367f218fe78\" data-last-update=\"1.4\">Fonctionnalit\u00e9s de WPML<\/h1>\n\n\n\n<h2 class=\"tb-heading has-text-color\" data-toolset-blocks-heading=\"204b4f2d1b010e7c358ea1bee7777442\" data-last-update=\"1.4\">Une seule installation WordPress \u2013 Plusieurs langues<\/h2>\n\n\n\n<p class=\"has-text-align-center has-dark-gray-color has-text-color\">WPML vous permet de g\u00e9rer un site multilingue \u00e0 partir d\u2019une seule installation WordPress. Vous pouvez traduire entre plus de <a href=\"https:\/\/ate.wpml.org\/wpml_ai\" target=\"_blank\" rel=\"noreferrer noopener\">2\u202f500 paires de langues<\/a> ou ajouter vos propres variantes comme le fran\u00e7ais canadien ou l\u2019espagnol mexicain. <\/p>\n<\/div><\/div>\n\n<div class=\"wp-block-toolset-blocks-container tb-container\" data-toolset-blocks-container=\"7bbfe29c9c6bf63ade056de3df4b2e08\"><div class=\"tb-container-inner\">\n<div class=\"wp-block-toolset-blocks-container tb-container\" data-toolset-blocks-container=\"7ebb1955aec68553fc543c0ceecfdcfa\"><div class=\"tb-container-inner\">\n<h2 class=\"tb-heading has-text-color\" data-toolset-blocks-heading=\"e1436496fb933d7ee75eea0239e04b56\" data-last-update=\"1.4\">Des m\u00e9thodes de traduction flexibles pour r\u00e9pondre \u00e0 vos besoins<\/h2>\n\n\n\n<p class=\"has-text-align-center has-dark-gray-color has-text-color\">Peu importe que vous cr\u00e9iez et traduisiez des sites vous-m\u00eame, ou que vous construisiez des sites de grande envergure pour des organisations. WPML propose un flux de travail de traduction qui vous convient. <\/p>\n<\/div><\/div>\n\n\n\n<div class=\"wp-block-toolset-blocks-container tb-container\" data-toolset-blocks-container=\"041c373f4e011d694373e84f0db5eb63\">\n<div class=\"wp-block-toolset-blocks-grid tb-grid\" data-toolset-blocks-grid=\"205de38824eb36308b2b47e65abd0dd9\">\n<div class=\"wp-block-toolset-blocks-grid-column tb-grid-column tb-grid-align-center\" data-toolset-blocks-grid-column=\"f586ff7bfe1d7317c63162ec7b7039ed\">\n<div class=\"wp-block-toolset-blocks-container tb-container\" data-toolset-blocks-container=\"2c2bb1e9fdb8c42461bc56f171b7fed2\"><\/div>\n<\/div>\n\n\n\n<div class=\"wp-block-toolset-blocks-grid-column tb-grid-column tb-grid-align-center\" data-toolset-blocks-grid-column=\"a69d9d03e8fd635d3d546808e8e90596\">\n<h2 class=\"tb-heading has-text-color\" data-toolset-blocks-heading=\"f4f61a81fe2d91ae7fc4627ab11dfbf5\" data-last-update=\"1.4\">Traductions par IA &#8211; Qualit\u00e9 humaine, co\u00fbt et rapidit\u00e9 de la machine<\/h2>\n\n\n\n<p class=\"has-dark-gray-color has-text-color\">La <a href=\"https:\/\/wpml.org\/fr\/documentation-6\/traduction-automatique-de-contenu-wordpress-avec-wpml\/\">traduction IA<\/a> de WPML est la combinaison parfaite de qualit\u00e9, d&rsquo;abordabilit\u00e9 et de rapidit\u00e9. Notre <a href=\"https:\/\/ptc.wpml.org\/about\/\" target=\"_blank\" rel=\"noreferrer noopener\">Private Translation Cloud (PTC)<\/a> traduit votre site web avec un contexte et une compr\u00e9hension complets. <\/p>\n\n\n\n<p class=\"has-dark-gray-color has-text-color\">En plus de la traduction par IA, vous pouvez traduire vous-m\u00eame, confier les traductions \u00e0 votre \u00e9quipe ou utiliser l\u2019un des nombreux <a href=\"https:\/\/wpml.org\/translation-service\/\">services de traduction professionnelle<\/a> int\u00e9gr\u00e9s \u00e0 WPML.<\/p>\n<\/div>\n<\/div>\n\n\n\n<div class=\"wp-block-toolset-blocks-grid tb-grid\" data-toolset-blocks-grid=\"0b01e4784880e48bf8c621faae890185\">\n<div class=\"wp-block-toolset-blocks-grid-column tb-grid-column tb-grid-align-center\" data-toolset-blocks-grid-column=\"f586ff7bfe1d7317c63162ec7b7039ed\">\n<h2 class=\"tb-heading has-text-color\" data-toolset-blocks-heading=\"74c7a87db3b5fc57d51c36cedd809376\" data-last-update=\"1.4\">Contr\u00f4le du flux de travail de traduction<\/h2>\n\n\n\n<p class=\"has-dark-gray-color has-text-color\">Le <a href=\"https:\/\/wpml.org\/fr\/documentation-6\/traduire-vos-contenus\/\">Tableau de bord de traduction<\/a> de WPML vous permet de contr\u00f4ler ce que vous traduisez et comment vous le traduisez. Traduisez l\u2019int\u00e9gralit\u00e9 de votre site automatiquement, utilisez la traduction automatique pour des articles et pages sp\u00e9cifiques, ou traduisez vous-m\u00eame le contenu de votre site. <\/p>\n<\/div>\n\n\n\n<div class=\"wp-block-toolset-blocks-grid-column tb-grid-column tb-grid-align-center\" data-toolset-blocks-grid-column=\"a69d9d03e8fd635d3d546808e8e90596\">\n<div class=\"wp-block-toolset-blocks-container tb-container\" data-toolset-blocks-container=\"c086b450d8ea287800efb8a4002ce616\"><\/div>\n<\/div>\n<\/div>\n<\/div>\n<\/div><\/div>\n\n<div class=\"wp-block-toolset-blocks-container tb-container\" data-toolset-blocks-container=\"d67e0df9b8a84033a20ea3e7351897fb\"><div class=\"tb-container-inner\">\n<div class=\"wp-block-toolset-blocks-grid tb-grid\" data-toolset-blocks-grid=\"058eac82b0dca681301a7be483fc7a0f\">\n<div class=\"wp-block-toolset-blocks-grid-column tb-grid-column tb-grid-align-center\" data-toolset-blocks-grid-column=\"f586ff7bfe1d7317c63162ec7b7039ed\">\n<h2 class=\"tb-heading has-text-color\" data-toolset-blocks-heading=\"f4f61a81fe2d91ae7fc4627ab11dfbf5\" data-last-update=\"1.4\">E-commerce multilingue et multi-devises<\/h2>\n\n\n\n<p class=\"has-dark-gray-color has-text-color\">Avec WPML, vous pouvez facilement g\u00e9rer une boutique WooCommerce <a href=\"https:\/\/wpml.org\/fr\/documentation-6\/projets-connexes\/woocommerce-multilingual-operez-des-sites-de-commerce-electronique-en-plusieurs-langues\/\">multilingue<\/a> et <a href=\"https:\/\/wpml.org\/fr\/documentation-6\/projets-connexes\/woocommerce-multilingual-operez-des-sites-de-commerce-electronique-en-plusieurs-langues\/fonctionnalites-de-multidevises-pour-woocommerce\/\">multi-devises<\/a>. Vous b\u00e9n\u00e9ficierez d\u2019une prise en charge compl\u00e8te de tous les types de produits, ventes et promotions \u2014 tout ce que WooCommerce propose. <\/p>\n\n\n\n<p class=\"has-dark-gray-color has-text-color\">Vos clients profiteront d\u2019une exp\u00e9rience d\u2019achat fluide et enti\u00e8rement localis\u00e9e, de la consultation des produits au paiement et aux e-mails de confirmation.<\/p>\n\n\n\n<div class=\"wp-block-toolset-blocks-container tb-container\" data-toolset-blocks-container=\"e663d9134aa1e90319a4958a26b926b2\"><\/div>\n<\/div>\n\n\n\n<div class=\"wp-block-toolset-blocks-grid-column tb-grid-column tb-grid-align-center\" data-toolset-blocks-grid-column=\"f586ff7bfe1d7317c63162ec7b7039ed\">\n<div class=\"wp-block-toolset-blocks-container tb-container\" data-toolset-blocks-container=\"c95ba1166e45d3aef2b13cd05faff1a9\"><\/div>\n<\/div>\n<\/div>\n<\/div><\/div>\n\n<div class=\"wp-block-toolset-blocks-container tb-container\" data-toolset-blocks-container=\"e10c85e3c34c1f6f73ff3f5d7fb9bcc9\"><div class=\"tb-container-inner\">\n<div class=\"wp-block-toolset-blocks-grid tb-grid\" data-toolset-blocks-grid=\"8e65cba89c4429b24bf745e02a1d1729\">\n<div class=\"wp-block-toolset-blocks-grid-column tb-grid-column tb-grid-align-center\" data-toolset-blocks-grid-column=\"f586ff7bfe1d7317c63162ec7b7039ed\">\n<div class=\"wp-block-toolset-blocks-container tb-container\" data-toolset-blocks-container=\"5bf33c74abe5765091d5279d9fabda7c\"><\/div>\n<\/div>\n\n\n\n<div class=\"wp-block-toolset-blocks-grid-column tb-grid-column tb-grid-align-center\" data-toolset-blocks-grid-column=\"a69d9d03e8fd635d3d546808e8e90596\">\n<h2 class=\"tb-heading has-text-color\" data-toolset-blocks-heading=\"f4f61a81fe2d91ae7fc4627ab11dfbf5\" data-last-update=\"1.4\">String Translation<\/h2>\n\n\n\n<p class=\"has-dark-gray-color has-text-color\">Vous pouvez traduire les textes dans d&rsquo;autres extensions et dans les \u00e9crans d&rsquo;administration directement depuis l&rsquo;interface de <a href=\"https:\/\/wpml.org\/fr\/documentation-6\/guide-de-demarrage-rapide\/string-translation\/\">String Translation<\/a> de WPML.<\/p>\n\n\n\n<p class=\"has-dark-gray-color has-text-color\">Vous verrez d\u2019o\u00f9 proviennent les textes, tant dans le code que sur le site, afin que vos traductions soient pertinentes.<\/p>\n<\/div>\n<\/div>\n<\/div><\/div>\n\n<div class=\"wp-block-toolset-blocks-container tb-container\" data-toolset-blocks-container=\"c7afdd53b71cfee49b8b74cb53bf4095\"><div class=\"tb-container-inner\">\n<div class=\"wp-block-toolset-blocks-grid tb-grid\" data-toolset-blocks-grid=\"00fda5c768cc15ca6079c53aec0b3275\">\n<div class=\"wp-block-toolset-blocks-grid-column tb-grid-column tb-grid-align-center\" data-toolset-blocks-grid-column=\"f586ff7bfe1d7317c63162ec7b7039ed\">\n<div class=\"wp-block-toolset-blocks-container tb-container\" data-toolset-blocks-container=\"03b9e7a5da291bff6e9fd682d5046108\"><\/div>\n\n\n\n<h2 class=\"tb-heading has-text-color\" data-toolset-blocks-heading=\"74c7a87db3b5fc57d51c36cedd809376\" data-last-update=\"1.4\">SEO multilingue<\/h2>\n\n\n\n<p class=\"has-dark-gray-color has-text-color\">WPML vous aide \u00e0 optimiser votre r\u00e9f\u00e9rencement pour les moteurs de recherche dans chaque langue. Vous pouvez configurer les langues \u00e0 l\u2019aide de domaines de premier niveau (TLD), de sous-domaines, de dossiers ou d\u2019arguments de langue. Il vous permet de traduire les slugs de page, les m\u00e9ta SEO et les titres.  <\/p>\n\n\n\n<p class=\"has-dark-gray-color has-text-color\">WPML s\u2019int\u00e8gre \u00e0 toutes les <a href=\"https:\/\/wpml.org\/fr\/plugin-functionality\/seo-fr\/\">extensions SEO populaires<\/a>, ce qui vous permet de g\u00e9rer facilement le SEO on-page, m\u00eame si vous ne parlez pas les langues vers lesquelles vous traduisez.<\/p>\n<\/div>\n\n\n\n<div class=\"wp-block-toolset-blocks-grid-column tb-grid-column tb-grid-align-center\" data-toolset-blocks-grid-column=\"a69d9d03e8fd635d3d546808e8e90596\">\n<div class=\"wp-block-toolset-blocks-container tb-container\" data-toolset-blocks-container=\"df67208a5b04d9464f94136ec8cfc03e\"><\/div>\n<\/div>\n<\/div>\n<\/div><\/div>\n\n<div class=\"wp-block-toolset-blocks-container tb-container\" data-toolset-blocks-container=\"6423f1c849c4fd2870eeaf2ceeae8ecb\"><div class=\"tb-container-inner\">\n<div class=\"wp-block-toolset-blocks-grid tb-grid\" data-toolset-blocks-grid=\"252a09e5f8fc80ab670ecd3bc6c3fbb8\">\n<div class=\"wp-block-toolset-blocks-grid-column tb-grid-column\" data-toolset-blocks-grid-column=\"a6e73c9bcfb6574667bd3043cd1e8d9d\">\n<div class=\"wp-block-toolset-blocks-container tb-container\" data-toolset-blocks-container=\"6027e47d23979dec09f13b0773994282\">\n<div class=\"wp-block-toolset-blocks-grid tb-grid\" data-toolset-blocks-grid=\"f708cf0d1b02e959d399e0511c112efe\">\n<div class=\"wp-block-toolset-blocks-grid-column tb-grid-column tb-grid-align-center\" data-toolset-blocks-grid-column=\"f586ff7bfe1d7317c63162ec7b7039ed\">\n<div class=\"wp-block-toolset-blocks-container tb-container\" data-toolset-blocks-container=\"e1541660ea5a27a752d4968d6e755cc6\"><\/div>\n<\/div>\n\n\n\n<div class=\"wp-block-toolset-blocks-grid-column tb-grid-column tb-grid-align-center\" data-toolset-blocks-grid-column=\"f586ff7bfe1d7317c63162ec7b7039ed\">\n<h3 class=\"tb-heading has-text-color\" data-toolset-blocks-heading=\"c27a0229686ff8d27e7d7ed8fe105882\" data-last-update=\"1.4\">Rapide et efficace<\/h3>\n<\/div>\n<\/div>\n\n\n\n<p class=\"has-dark-gray-color has-text-color\">La conception modulaire de WPML vous permet d\u2019utiliser les composants exacts dont vous avez besoin pour chaque site. \u00c0 chaque version, nous nous assurons que les performances restent excellentes, tant dans l\u2019administration que sur le front-end du site. <\/p>\n<\/div>\n<\/div>\n\n\n\n<div class=\"wp-block-toolset-blocks-grid-column tb-grid-column\" data-toolset-blocks-grid-column=\"a6e73c9bcfb6574667bd3043cd1e8d9d\">\n<div class=\"wp-block-toolset-blocks-container tb-container\" data-toolset-blocks-container=\"8cdc2221991620356f08c32bea7c4c97\">\n<div class=\"wp-block-toolset-blocks-grid tb-grid\" data-toolset-blocks-grid=\"83e5c232323f100fe5f76e355a1bf8c4\">\n<div class=\"wp-block-toolset-blocks-grid-column tb-grid-column tb-grid-align-center\" data-toolset-blocks-grid-column=\"f586ff7bfe1d7317c63162ec7b7039ed\">\n<div class=\"wp-block-toolset-blocks-container tb-container\" data-toolset-blocks-container=\"5c096946af0a01cc6089e037ed0321cd\"><\/div>\n<\/div>\n\n\n\n<div class=\"wp-block-toolset-blocks-grid-column tb-grid-column tb-grid-align-center\" data-toolset-blocks-grid-column=\"f586ff7bfe1d7317c63162ec7b7039ed\">\n<h3 class=\"tb-heading has-text-color\" data-toolset-blocks-heading=\"c27a0229686ff8d27e7d7ed8fe105882\" data-last-update=\"1.4\">Stable et s\u00e9curis\u00e9<\/h3>\n<\/div>\n<\/div>\n\n\n\n<p class=\"has-dark-gray-color has-text-color\">WPML est toujours pr\u00eat avant chaque version de WordPress et couvre toutes les fonctionnalit\u00e9s et mises \u00e0 jour de s\u00e9curit\u00e9 de WordPress. Nous prenons la s\u00e9curit\u00e9 au s\u00e9rieux, utilisons des audits internes et externes et r\u00e9pondons imm\u00e9diatement aux probl\u00e8mes. Avec plus de <strong>1,5 million de sites utilisant WPML<\/strong>, nous ne pouvons tout simplement pas tol\u00e9rer de failles.  <\/p>\n<\/div>\n<\/div>\n<\/div>\n<\/div><\/div>\n\n<div class=\"wp-block-toolset-blocks-container tb-container\" data-toolset-blocks-container=\"0b8b1c95954917919a94bad97ec5a83c\"><div class=\"tb-container-inner\">\n<div class=\"wp-block-toolset-blocks-grid tb-grid\" data-toolset-blocks-grid=\"a000dbc34526ad3dd29c253de174bfdc\">\n<div class=\"wp-block-toolset-blocks-grid-column tb-grid-column tb-grid-align-top\" data-toolset-blocks-grid-column=\"3034fbe886c11054e95b46b09d3e4112\">\n<div class=\"wp-block-toolset-blocks-container tb-container\" data-toolset-blocks-container=\"60103c15e61442c0f49fe2265333c012\"><\/div>\n<\/div>\n\n\n\n<div class=\"wp-block-toolset-blocks-grid-column tb-grid-column tb-grid-align-center\" data-toolset-blocks-grid-column=\"f586ff7bfe1d7317c63162ec7b7039ed\">\n<h2 class=\"tb-heading has-text-color\" data-toolset-blocks-heading=\"f4f61a81fe2d91ae7fc4627ab11dfbf5\" data-last-update=\"1.4\">Fonctionne avec presque tous les th\u00e8mes et extensions WordPress<\/h2>\n\n\n\n<p class=\"has-dark-gray-color has-text-color\">WPML fonctionne de mani\u00e8re transparente avec la plupart des th\u00e8mes et extensions WordPress en suivant les standards de WordPress. Vous pouvez traduire les articles, les pages, les types de publication personnalis\u00e9s, les champs, les widgets, les menus, la taxonomie, les images, les m\u00e9dias \u2014 et m\u00eame les textes d\u2019administration. <\/p>\n\n\n\n<p class=\"has-dark-gray-color has-text-color\">Nous collaborons \u00e9galement avec les auteurs d\u2019extensions et de th\u00e8mes pour garantir la compatibilit\u00e9. Consultez nos r\u00e9pertoires de <a href=\"https:\/\/wpml.org\/theme\/\">th\u00e8mes<\/a> et d\u2019<a href=\"https:\/\/wpml.org\/plugin\/\">extensions<\/a> pour confirmer que nous avons test\u00e9 ceux que vous utilisez. <\/p>\n<\/div>\n<\/div>\n<\/div><\/div>\n\n<div class=\"wp-block-toolset-blocks-container tb-container\" data-toolset-blocks-container=\"6423f1c849c4fd2870eeaf2ceeae8ecb\"><div class=\"tb-container-inner\">\n<div class=\"wp-block-toolset-blocks-grid tb-grid product-page-content\" data-toolset-blocks-grid=\"5b4d2c35c051affa002bb1700463ba47\">\n<div class=\"wp-block-toolset-blocks-grid-column tb-grid-column tb-grid-align-top\" data-toolset-blocks-grid-column=\"3034fbe886c11054e95b46b09d3e4112\">\n<h2 class=\"tb-heading has-text-color\" data-toolset-blocks-heading=\"f4f61a81fe2d91ae7fc4627ab11dfbf5\" data-last-update=\"1.4\">Support fiable, d\u00e9veloppement proactif<\/h2>\n\n\n\n<p class=\"has-dark-gray-color has-text-color\">WPML offre un support 6 jours sur 7, 19 heures sur 24, en 9 langues. Notre \u00e9quipe mondiale couvre les fuseaux horaires allant du matin en Asie-Pacifique au soir sur la c\u00f4te ouest des \u00c9tats-Unis. Nous assurons des permanences pendant les jours f\u00e9ri\u00e9s pour garantir le bon fonctionnement du support.  <\/p>\n\n\n\n<p class=\"has-dark-gray-color has-text-color\">Lorsque vous achetez WPML, vous gagnez en tranquillit\u00e9 d\u2019esprit : vos questions re\u00e7oivent des r\u00e9ponses et vos probl\u00e8mes sont r\u00e9solus.<\/p>\n\n\n\n<p class=\"has-dark-gray-color has-text-color\">Nos d\u00e9veloppeurs travaillent de mani\u00e8re proactive :<\/p>\n\n\n\n<ul class=\"wp-block-list has-dark-gray-color has-text-color\">\n<li>Nous publions des mises \u00e0 jour avant les versions de WordPress<\/li>\n\n\n\n<li>Nous garantissons la compatibilit\u00e9 avec les extensions et th\u00e8mes populaires<\/li>\n\n\n\n<li>Nous r\u00e9pondons imm\u00e9diatement aux probl\u00e8mes de s\u00e9curit\u00e9<\/li>\n\n\n\n<li>Nous nous concentrons sur la stabilit\u00e9, les performances et les besoins futurs de votre site<\/li>\n<\/ul>\n\n\n\n<div class=\"wp-block-toolset-blocks-grid tb-grid\" data-toolset-blocks-grid=\"c1922e6726dfd0eb10d6bff560a62893\">\n<div class=\"wp-block-toolset-blocks-grid-column tb-grid-column tb-grid-align-top\" data-toolset-blocks-grid-column=\"3034fbe886c11054e95b46b09d3e4112\">\n<p class=\"tb-heading has-text-color\" data-toolset-blocks-heading=\"9a939f4816097cdf53e0c4b0c039aeb7\" data-last-update=\"1.4\">6<\/p>\n\n\n\n<p class=\"tb-heading has-text-color\" data-toolset-blocks-heading=\"d683b7d4811dfc68d864079cabb63af9\" data-last-update=\"1.4\">jours par semaine<\/p>\n<\/div>\n\n\n\n<div class=\"wp-block-toolset-blocks-grid-column tb-grid-column tb-grid-align-top\" data-toolset-blocks-grid-column=\"3034fbe886c11054e95b46b09d3e4112\">\n<p class=\"tb-heading has-text-color\" data-toolset-blocks-heading=\"020798d8a809c5b8204282715e010296\" data-last-update=\"1.4\">19<\/p>\n\n\n\n<p class=\"tb-heading has-text-color\" data-toolset-blocks-heading=\"d683b7d4811dfc68d864079cabb63af9\" data-last-update=\"1.4\">heures par jour<\/p>\n<\/div>\n\n\n\n<div class=\"wp-block-toolset-blocks-grid-column tb-grid-column tb-grid-align-top\" data-toolset-blocks-grid-column=\"3034fbe886c11054e95b46b09d3e4112\">\n<p class=\"tb-heading has-text-color\" data-toolset-blocks-heading=\"8b5157a08b306a9c80154d58c72ebd72\" data-last-update=\"1.4\">9<\/p>\n\n\n\n<p class=\"tb-heading has-text-color\" data-toolset-blocks-heading=\"6029b8c62c707d33c2a9fd334f0a8cb6\" data-last-update=\"1.4\">langues<\/p>\n<\/div>\n<\/div>\n<\/div>\n\n\n\n<div class=\"wp-block-toolset-blocks-grid-column tb-grid-column tb-grid-align-center\" data-toolset-blocks-grid-column=\"b7562241931e22881376ef37ab0374cb\">\n<figure class=\"wp-block-image size-large\"><img decoding=\"async\" src=\"https:\/\/wpml.org\/wp-content\/uploads\/2021\/07\/WPML-support-team2-768x787.png\" alt=\"\"\/><\/figure>\n<\/div>\n<\/div>\n<\/div><\/div>\n\n<div class=\"wp-block-toolset-blocks-container tb-container\" data-toolset-blocks-container=\"b397d5c8682b537e0c7c07efb09adced\"><div class=\"tb-container-inner\"><div class=\"wp-block-image\">\n<figure class=\" tb-image tb-image-dynamic tb-image-frame-none aligncenter\" data-toolset-blocks-image=\"a0095963e04227a4faea5e5fe40f9e98\"><img decoding=\"async\" width=\"139\" height=\"120\" loading=\"lazy\" src=\"https:\/\/wpml.org\/wp-content\/uploads\/2021\/07\/heart-1.png\" alt=\"\" class=\"wp-image-9158591\"\/><\/figure>\n<\/div>\n\n\n<p class=\"has-text-align-center has-dark-gray-color has-text-color\">WPML est notre gagne-pain.<br\/>Nous veillons \u00e0 ce que vous appr\u00e9ciez l\u2019utilisation de WPML afin que vous continuiez \u00e0 nous faire confiance.<\/p>\n<\/div><\/div>\n","protected":false},"excerpt":{"rendered":"","protected":false},"author":2,"featured_media":0,"parent":0,"menu_order":41,"comment_status":"closed","ping_status":"closed","template":"template-full.php","meta":{"_bbp_topic_count":0,"_bbp_reply_count":0,"_bbp_total_topic_count":0,"_bbp_total_reply_count":0,"_bbp_voice_count":0,"_bbp_anonymous_reply_count":0,"_bbp_topic_count_hidden":0,"_bbp_reply_count_hidden":0,"_bbp_forum_subforum_count":0,"ep_exclude_from_search":false,"footnotes":""},"related-projects-category":[],"class_list":["post-101162","page","type-page","status-publish","hentry"],"_links":{"self":[{"href":"https:\/\/wpml.org\/fr\/wp-json\/wp\/v2\/pages\/101162","targetHints":{"allow":["GET"]}}],"collection":[{"href":"https:\/\/wpml.org\/fr\/wp-json\/wp\/v2\/pages"}],"about":[{"href":"https:\/\/wpml.org\/fr\/wp-json\/wp\/v2\/types\/page"}],"author":[{"embeddable":true,"href":"https:\/\/wpml.org\/fr\/wp-json\/wp\/v2\/users\/2"}],"replies":[{"embeddable":true,"href":"https:\/\/wpml.org\/fr\/wp-json\/wp\/v2\/comments?post=101162"}],"version-history":[{"count":8,"href":"https:\/\/wpml.org\/fr\/wp-json\/wp\/v2\/pages\/101162\/revisions"}],"predecessor-version":[{"id":17855033,"href":"https:\/\/wpml.org\/fr\/wp-json\/wp\/v2\/pages\/101162\/revisions\/17855033"}],"wp:attachment":[{"href":"https:\/\/wpml.org\/fr\/wp-json\/wp\/v2\/media?parent=101162"}],"wp:term":[{"taxonomy":"related-projects-category","embeddable":true,"href":"https:\/\/wpml.org\/fr\/wp-json\/wp\/v2\/related-projects-category?post=101162"}],"curies":[{"name":"wp","href":"https:\/\/api.w.org\/{rel}","templated":true}]}}