{"id":102282,"date":"2009-01-07T18:33:01","date_gmt":"2009-01-07T18:33:01","guid":{"rendered":"http:\/\/wpml.org\/accueil\/nous-contacter\/"},"modified":"2026-04-21T13:18:52","modified_gmt":"2026-04-21T13:18:52","slug":"nous-contacter","status":"publish","type":"page","link":"https:\/\/wpml.org\/fr\/accueil\/nous-contacter\/","title":{"rendered":"Nous contacter"},"content":{"rendered":"\n<h2 class=\"wp-block-heading has-dark-gray-color has-text-color has-link-color wp-elements-baba67ac43729a9669c943d22950eee2\">Services clients<\/h2>\n\n<a class=\"wp-block-toolset-blocks-container tb-container container-as-link no-underline\" href=\"https:\/\/wpml.org\/forums\/forum\/english-support\/\" style=\"display:block\" data-toolset-blocks-container=\"b1228e22f93b557a79535b80607a6329\">\n<div class=\"wp-block-toolset-blocks-grid tb-grid\" data-toolset-blocks-grid=\"159d375a4f5b081ce43734eef4e70093\">\n<div class=\"wp-block-toolset-blocks-grid-column tb-grid-column tb-grid-align-top\" data-toolset-blocks-grid-column=\"3034fbe886c11054e95b46b09d3e4112\">\n<div class=\"wp-block-toolset-blocks-container tb-container\" data-toolset-blocks-container=\"f8de0ab6e896aa96fa7ac1ee93c3db25\"><\/div>\n<\/div>\n\n\n\n<div class=\"wp-block-toolset-blocks-grid-column tb-grid-column tb-grid-align-top\" data-toolset-blocks-grid-column=\"3034fbe886c11054e95b46b09d3e4112\">\n<h3 class=\"tb-heading has-text-color\" data-toolset-blocks-heading=\"22da1915f6475dc1f3201afb7ba3817f\" data-last-update=\"1.4\">Support technique<\/h3>\n\n\n\n<p class=\"tb-heading has-text-color\" data-toolset-blocks-heading=\"63541e61422659be89d3497bcb6a394b\" data-last-update=\"1.4\">Si vous avez achet\u00e9 WPML et avez besoin d&rsquo;aide technique, consultez le forum de support r\u00e9serv\u00e9 aux membres.<\/p>\n<\/div>\n<\/div>\n<\/a>\n\n<a class=\"wp-block-toolset-blocks-container tb-container container-as-link no-underline\" href=\"https:\/\/wpml.org\/purchase\/pre-sales-questions\/\" style=\"display:block\" data-toolset-blocks-container=\"3a9e90c90fd68d9289a60ff3b80158b8\">\n<div class=\"wp-block-toolset-blocks-grid tb-grid\" data-toolset-blocks-grid=\"9b93a7cecf27d9fa6b122b3c9c6e6463\">\n<div class=\"wp-block-toolset-blocks-grid-column tb-grid-column tb-grid-align-top\" data-toolset-blocks-grid-column=\"3034fbe886c11054e95b46b09d3e4112\">\n<div class=\"wp-block-toolset-blocks-container tb-container\" data-toolset-blocks-container=\"1ff1d79b9133b542fdb6a5d8cf53b5a0\"><\/div>\n<\/div>\n\n\n\n<div class=\"wp-block-toolset-blocks-grid-column tb-grid-column tb-grid-align-top\" data-toolset-blocks-grid-column=\"3034fbe886c11054e95b46b09d3e4112\">\n<h3 class=\"tb-heading has-text-color\" data-toolset-blocks-heading=\"c9018b03ac0b5da006ff19ae5428a892\" data-last-update=\"1.4\">Questions avant-vente<\/h3>\n\n\n\n<p class=\"tb-heading has-text-color\" data-toolset-blocks-heading=\"2bd6d642c9c8c21d1a045e385fdc7896\" data-last-update=\"1.4\">Vous n&rsquo;\u00eates pas encore client ? Posez-nous vos questions avant-vente. <\/p>\n<\/div>\n<\/div>\n<\/a>\n\n<a class=\"wp-block-toolset-blocks-container tb-container container-as-link no-underline\" href=\"https:\/\/wpml.org\/home\/contact-us\/contact-form\/\" style=\"display:block\" data-toolset-blocks-container=\"76e76173477fdadb6fdd23c6e52928dc\">\n<div class=\"wp-block-toolset-blocks-grid tb-grid\" data-toolset-blocks-grid=\"9b93a7cecf27d9fa6b122b3c9c6e6463\">\n<div class=\"wp-block-toolset-blocks-grid-column tb-grid-column tb-grid-align-top\" data-toolset-blocks-grid-column=\"3034fbe886c11054e95b46b09d3e4112\">\n<div class=\"wp-block-toolset-blocks-container tb-container\" data-toolset-blocks-container=\"9b7e48fce51f5dd40dfd903b89350f1d\"><\/div>\n<\/div>\n\n\n\n<div class=\"wp-block-toolset-blocks-grid-column tb-grid-column tb-grid-align-top\" data-toolset-blocks-grid-column=\"3034fbe886c11054e95b46b09d3e4112\">\n<h3 class=\"tb-heading has-text-color\" data-toolset-blocks-heading=\"c9018b03ac0b5da006ff19ae5428a892\" data-last-update=\"1.4\">Page de compte<\/h3>\n\n\n\n<p class=\"tb-heading has-text-color\" data-toolset-blocks-heading=\"2bd6d642c9c8c21d1a045e385fdc7896\" data-last-update=\"1.4\">Vous rencontrez un probl\u00e8me avec votre compte ou votre abonnement ? Utilisez notre formulaire de contact. <\/p>\n<\/div>\n<\/div>\n<\/a>\n\n<a class=\"wp-block-toolset-blocks-container tb-container container-as-link no-underline\" href=\"https:\/\/wpml.org\/account\/lost-my-password\/\" style=\"display:block\" data-toolset-blocks-container=\"a8833a8652134701ed93983f02ff5458\">\n<div class=\"wp-block-toolset-blocks-grid tb-grid\" data-toolset-blocks-grid=\"9b93a7cecf27d9fa6b122b3c9c6e6463\">\n<div class=\"wp-block-toolset-blocks-grid-column tb-grid-column tb-grid-align-top\" data-toolset-blocks-grid-column=\"3034fbe886c11054e95b46b09d3e4112\">\n<div class=\"wp-block-toolset-blocks-container tb-container\" data-toolset-blocks-container=\"0886a53fbc069af9c81ed1a3daecb9e0\"><\/div>\n<\/div>\n\n\n\n<div class=\"wp-block-toolset-blocks-grid-column tb-grid-column tb-grid-align-top\" data-toolset-blocks-grid-column=\"3034fbe886c11054e95b46b09d3e4112\">\n<h3 class=\"tb-heading has-text-color\" data-toolset-blocks-heading=\"c9018b03ac0b5da006ff19ae5428a892\" data-last-update=\"1.4\">R\u00e9cup\u00e9ration de mot de passe<\/h3>\n\n\n\n<p class=\"tb-heading has-text-color\" data-toolset-blocks-heading=\"2bd6d642c9c8c21d1a045e385fdc7896\" data-last-update=\"1.4\">Vous avez achet\u00e9 WPML et n&rsquo;avez pas re\u00e7u l&rsquo;e-mail de cr\u00e9ation de compte ? Utilisez la r\u00e9cup\u00e9ration de mot de passe.<br\/>Vous avez utilis\u00e9 la mauvaise adresse e-mail lors de l&rsquo;achat de WPML ? Ne vous inqui\u00e9tez pas, vous pouvez utiliser votre adresse e-mail PayPal pour r\u00e9initialiser votre connexion.  <\/p>\n<\/div>\n<\/div>\n<\/a>\n\n<a class=\"wp-block-toolset-blocks-container tb-container container-as-link no-underline\" href=\"https:\/\/wpml.org\/theme\/\" style=\"display:block\" data-toolset-blocks-container=\"b10bed58496494d815bc5737ee6916c8\">\n<div class=\"wp-block-toolset-blocks-grid tb-grid\" data-toolset-blocks-grid=\"9b93a7cecf27d9fa6b122b3c9c6e6463\">\n<div class=\"wp-block-toolset-blocks-grid-column tb-grid-column tb-grid-align-top\" data-toolset-blocks-grid-column=\"3034fbe886c11054e95b46b09d3e4112\">\n<div class=\"wp-block-toolset-blocks-container tb-container\" data-toolset-blocks-container=\"824ec746d58d042f9a27397f49dbab0c\"><\/div>\n<\/div>\n\n\n\n<div class=\"wp-block-toolset-blocks-grid-column tb-grid-column tb-grid-align-top\" data-toolset-blocks-grid-column=\"3034fbe886c11054e95b46b09d3e4112\">\n<h3 class=\"tb-heading has-text-color\" data-toolset-blocks-heading=\"c9018b03ac0b5da006ff19ae5428a892\" data-last-update=\"1.4\">Compatibilit\u00e9 des th\u00e8mes<\/h3>\n\n\n\n<p class=\"tb-heading has-text-color\" data-toolset-blocks-heading=\"2bd6d642c9c8c21d1a045e385fdc7896\" data-last-update=\"1.4\">V\u00e9rifiez si WPML est compatible avec votre th\u00e8me.<\/p>\n<\/div>\n<\/div>\n<\/a>\n\n<a class=\"wp-block-toolset-blocks-container tb-container container-as-link no-underline\" href=\"https:\/\/wpml.org\/home\/contact-us\/report-security-and-vulnerability-issues\/\" style=\"display:block\" data-toolset-blocks-container=\"1561befa6c2e6aaf6e25b7d7fde5ac64\">\n<div class=\"wp-block-toolset-blocks-grid tb-grid\" data-toolset-blocks-grid=\"9b93a7cecf27d9fa6b122b3c9c6e6463\">\n<div class=\"wp-block-toolset-blocks-grid-column tb-grid-column tb-grid-align-top\" data-toolset-blocks-grid-column=\"3034fbe886c11054e95b46b09d3e4112\">\n<div class=\"wp-block-toolset-blocks-container tb-container\" data-toolset-blocks-container=\"1c82e54c6dd10ab198c86fe614923483\"><\/div>\n<\/div>\n\n\n\n<div class=\"wp-block-toolset-blocks-grid-column tb-grid-column tb-grid-align-top\" data-toolset-blocks-grid-column=\"3034fbe886c11054e95b46b09d3e4112\">\n<h3 class=\"tb-heading has-text-color\" data-toolset-blocks-heading=\"c9018b03ac0b5da006ff19ae5428a892\" data-last-update=\"1.4\">Probl\u00e8mes de s\u00e9curit\u00e9 et de vuln\u00e9rabilit\u00e9<\/h3>\n\n\n\n<p class=\"tb-heading has-text-color\" data-toolset-blocks-heading=\"2bd6d642c9c8c21d1a045e385fdc7896\" data-last-update=\"1.4\">Vous avez d\u00e9couvert un probl\u00e8me de s\u00e9curit\u00e9 ou de vuln\u00e9rabilit\u00e9 ? Utilisez ce formulaire. <\/p>\n<\/div>\n<\/div>\n<\/a>\n\n<a class=\"wp-block-toolset-blocks-container tb-container container-as-link no-underline\" href=\"https:\/\/wpml.org\/purchase\/refunds\/\" style=\"display:block\" data-toolset-blocks-container=\"fbc0255d9a70115f8387efff38159ac4\">\n<div class=\"wp-block-toolset-blocks-grid tb-grid\" data-toolset-blocks-grid=\"9b93a7cecf27d9fa6b122b3c9c6e6463\">\n<div class=\"wp-block-toolset-blocks-grid-column tb-grid-column tb-grid-align-top\" data-toolset-blocks-grid-column=\"3034fbe886c11054e95b46b09d3e4112\">\n<div class=\"wp-block-toolset-blocks-container tb-container\" data-toolset-blocks-container=\"d80d7662aa4df7bd31a161c97eebd4f3\"><\/div>\n<\/div>\n\n\n\n<div class=\"wp-block-toolset-blocks-grid-column tb-grid-column tb-grid-align-top\" data-toolset-blocks-grid-column=\"3034fbe886c11054e95b46b09d3e4112\">\n<h3 class=\"tb-heading has-text-color\" data-toolset-blocks-heading=\"c9018b03ac0b5da006ff19ae5428a892\" data-last-update=\"1.4\">Vous souhaitez retourner WPML ?<\/h3>\n\n\n\n<p class=\"tb-heading has-text-color\" data-toolset-blocks-heading=\"2bd6d642c9c8c21d1a045e385fdc7896\" data-last-update=\"1.4\">Demandez un remboursement.<\/p>\n<\/div>\n<\/div>\n<\/a>\n\n<a class=\"wp-block-toolset-blocks-container tb-container container-as-link no-underline\" href=\"https:\/\/wpml.org\/home\/contact-us\/lost-account-email\/\" style=\"display:block\" data-toolset-blocks-container=\"a28146d8ea4039a2c60a9055118504a6\">\n<div class=\"wp-block-toolset-blocks-grid tb-grid\" data-toolset-blocks-grid=\"9b93a7cecf27d9fa6b122b3c9c6e6463\">\n<div class=\"wp-block-toolset-blocks-grid-column tb-grid-column tb-grid-align-top\" data-toolset-blocks-grid-column=\"3034fbe886c11054e95b46b09d3e4112\">\n<div class=\"wp-block-toolset-blocks-container tb-container\" data-toolset-blocks-container=\"c459df833777a05716356b716e099a1c\"><\/div>\n<\/div>\n\n\n\n<div class=\"wp-block-toolset-blocks-grid-column tb-grid-column tb-grid-align-top\" data-toolset-blocks-grid-column=\"3034fbe886c11054e95b46b09d3e4112\">\n<h3 class=\"tb-heading has-text-color\" data-toolset-blocks-heading=\"c9018b03ac0b5da006ff19ae5428a892\" data-last-update=\"1.4\">Vous ne vous souvenez plus de l&rsquo;adresse e-mail de votre compte ?<\/h3>\n\n\n\n<p class=\"tb-heading has-text-color\" data-toolset-blocks-heading=\"2bd6d642c9c8c21d1a045e385fdc7896\" data-last-update=\"1.4\">Demandez \u00e0 notre \u00e9quipe de la retrouver.<\/p>\n<\/div>\n<\/div>\n<\/a>\n\n<a class=\"wp-block-toolset-blocks-container tb-container container-as-link no-underline\" href=\"https:\/\/wpml.org\/documentation\/automatic-translation\/quality-guarantee\/translation-refunds\/\" style=\"display:block\" data-toolset-blocks-container=\"c267f9438f0f1d6f8118c5bbaa06d4a6\">\n<div class=\"wp-block-toolset-blocks-grid tb-grid\" data-toolset-blocks-grid=\"9b93a7cecf27d9fa6b122b3c9c6e6463\">\n<div class=\"wp-block-toolset-blocks-grid-column tb-grid-column tb-grid-align-top\" data-toolset-blocks-grid-column=\"3034fbe886c11054e95b46b09d3e4112\">\n<div class=\"wp-block-toolset-blocks-container tb-container\" data-toolset-blocks-container=\"38fbb67cccd7a6425b60d912700f9631\"><\/div>\n<\/div>\n\n\n\n<div class=\"wp-block-toolset-blocks-grid-column tb-grid-column tb-grid-align-top\" data-toolset-blocks-grid-column=\"3034fbe886c11054e95b46b09d3e4112\">\n<h3 class=\"tb-heading has-text-color\" data-toolset-blocks-heading=\"c9018b03ac0b5da006ff19ae5428a892\" data-last-update=\"1.4\">Vous n&rsquo;\u00eates pas satisfait des traductions IA de PTC ?<\/h3>\n\n\n\n<p class=\"tb-heading has-text-color\" data-toolset-blocks-heading=\"2bd6d642c9c8c21d1a045e385fdc7896\" data-last-update=\"1.4\">Demandez un remboursement.<\/p>\n<\/div>\n<\/div>\n<\/a>\n\n<div style=\"height:48px\" aria-hidden=\"true\" class=\"wp-block-spacer\"><\/div>\n\n<h2 class=\"wp-block-heading has-dark-gray-color has-text-color has-link-color wp-elements-8a27f2810010d1952c2f345bdfc10273\">Demandes commerciales<\/h2>\n\n<a class=\"wp-block-toolset-blocks-container tb-container container-as-link no-underline\" href=\"https:\/\/wpml.org\/home\/contact-us\/contact-form\/\" style=\"display:block\" data-toolset-blocks-container=\"76e76173477fdadb6fdd23c6e52928dc\">\n<div class=\"wp-block-toolset-blocks-grid tb-grid\" data-toolset-blocks-grid=\"9b93a7cecf27d9fa6b122b3c9c6e6463\">\n<div class=\"wp-block-toolset-blocks-grid-column tb-grid-column tb-grid-align-top\" data-toolset-blocks-grid-column=\"3034fbe886c11054e95b46b09d3e4112\">\n<div class=\"wp-block-toolset-blocks-container tb-container\" data-toolset-blocks-container=\"c8242cf3bfde3cb878f1e17a98d8c310\"><\/div>\n<\/div>\n\n\n\n<div class=\"wp-block-toolset-blocks-grid-column tb-grid-column tb-grid-align-top\" data-toolset-blocks-grid-column=\"3034fbe886c11054e95b46b09d3e4112\">\n<h3 class=\"tb-heading has-text-color\" data-toolset-blocks-heading=\"c9018b03ac0b5da006ff19ae5428a892\" data-last-update=\"1.4\">Affaires et presse<\/h3>\n\n\n\n<p class=\"tb-heading has-text-color\" data-toolset-blocks-heading=\"2bd6d642c9c8c21d1a045e385fdc7896\" data-last-update=\"1.4\">Vous avez une demande commerciale ou de presse ? Utilisez notre formulaire de contact. <\/p>\n<\/div>\n<\/div>\n<\/a>\n\n<a class=\"wp-block-toolset-blocks-container tb-container container-as-link no-underline\" href=\"https:\/\/wpml.org\/documentation\/support\/go-global-program\/\" style=\"display:block\" data-toolset-blocks-container=\"db355bcc40a179b93ae7b80c6580e8cf\">\n<div class=\"wp-block-toolset-blocks-grid tb-grid\" data-toolset-blocks-grid=\"9b93a7cecf27d9fa6b122b3c9c6e6463\">\n<div class=\"wp-block-toolset-blocks-grid-column tb-grid-column tb-grid-align-top\" data-toolset-blocks-grid-column=\"3034fbe886c11054e95b46b09d3e4112\">\n<div class=\"wp-block-toolset-blocks-container tb-container\" data-toolset-blocks-container=\"95aa241c3d10e08dd2755f4f5303ea67\"><\/div>\n<\/div>\n\n\n\n<div class=\"wp-block-toolset-blocks-grid-column tb-grid-column tb-grid-align-top\" data-toolset-blocks-grid-column=\"3034fbe886c11054e95b46b09d3e4112\">\n<h3 class=\"tb-heading has-text-color\" data-toolset-blocks-heading=\"c9018b03ac0b5da006ff19ae5428a892\" data-last-update=\"1.4\">D\u00e9veloppeurs de th\u00e8mes et de plugins<\/h3>\n\n\n\n<p class=\"tb-heading has-text-color\" data-toolset-blocks-heading=\"2bd6d642c9c8c21d1a045e385fdc7896\" data-last-update=\"1.4\">Vous souhaitez que nous vous aidions \u00e0 obtenir la compatibilit\u00e9 WPML ? Rejoignez notre programme Go Global. <\/p>\n<\/div>\n<\/div>\n<\/a>\n\n<a class=\"wp-block-toolset-blocks-container tb-container container-as-link no-underline\" href=\"https:\/\/wpml.org\/documentation\/content-translation\/interested-in-integrating-with-wpml\/\" style=\"display:block\" data-toolset-blocks-container=\"49c5c841d062c6e4bdccd61a6704ac14\">\n<div class=\"wp-block-toolset-blocks-grid tb-grid\" data-toolset-blocks-grid=\"9b93a7cecf27d9fa6b122b3c9c6e6463\">\n<div class=\"wp-block-toolset-blocks-grid-column tb-grid-column tb-grid-align-top\" data-toolset-blocks-grid-column=\"3034fbe886c11054e95b46b09d3e4112\">\n<div class=\"wp-block-toolset-blocks-container tb-container\" data-toolset-blocks-container=\"fb33fe8a49d7dce75af1c9ba48c2eda4\"><\/div>\n<\/div>\n\n\n\n<div class=\"wp-block-toolset-blocks-grid-column tb-grid-column tb-grid-align-top\" data-toolset-blocks-grid-column=\"3034fbe886c11054e95b46b09d3e4112\">\n<h3 class=\"tb-heading has-text-color\" data-toolset-blocks-heading=\"c9018b03ac0b5da006ff19ae5428a892\" data-last-update=\"1.4\">Services de traduction<\/h3>\n\n\n\n<p class=\"tb-heading has-text-color\" data-toolset-blocks-heading=\"2bd6d642c9c8c21d1a045e385fdc7896\" data-last-update=\"1.4\">Vous repr\u00e9sentez un service de traduction professionnel ? Contactez-nous pour int\u00e9grer votre service de traduction avec WPML. <\/p>\n<\/div>\n<\/div>\n<\/a>\n\n<a class=\"wp-block-toolset-blocks-container tb-container container-as-link no-underline\" href=\"http:\/\/www.onthegosystems.com\/jobs\/\" target=\"_blank\" style=\"display:block\" rel=\"noopener noreferrer\" data-toolset-blocks-container=\"730f1ef65dbbab0204ed5bae60de5c9d\">\n<div class=\"wp-block-toolset-blocks-grid tb-grid\" data-toolset-blocks-grid=\"9b93a7cecf27d9fa6b122b3c9c6e6463\">\n<div class=\"wp-block-toolset-blocks-grid-column tb-grid-column tb-grid-align-top\" data-toolset-blocks-grid-column=\"3034fbe886c11054e95b46b09d3e4112\">\n<div class=\"wp-block-toolset-blocks-container tb-container\" data-toolset-blocks-container=\"aaed79bc00f78fb442c0e598a63e4579\"><\/div>\n<\/div>\n\n\n\n<div class=\"wp-block-toolset-blocks-grid-column tb-grid-column tb-grid-align-top\" data-toolset-blocks-grid-column=\"3034fbe886c11054e95b46b09d3e4112\">\n<h3 class=\"tb-heading has-text-color\" data-toolset-blocks-heading=\"c9018b03ac0b5da006ff19ae5428a892\" data-last-update=\"1.4\">Carri\u00e8res<\/h3>\n\n\n\n<p class=\"tb-heading has-text-color\" data-toolset-blocks-heading=\"2bd6d642c9c8c21d1a045e385fdc7896\" data-last-update=\"1.4\">Vous souhaitez construire votre carri\u00e8re avec nous ? D\u00e9couvrez les opportunit\u00e9s en d\u00e9veloppement WordPress, support et plus encore sur notre page Carri\u00e8res. <\/p>\n<\/div>\n<\/div>\n<\/a>\n\n<div style=\"height:48px\" aria-hidden=\"true\" class=\"wp-block-spacer\"><\/div>\n\n<h2 class=\"wp-block-heading has-dark-gray-color has-text-color has-link-color wp-elements-d2e7ab397ec135b0027ae73e47801d98\"><strong>Notre adresse<\/strong><\/h2>\n<p><strong>OnTheGoSystems Limited<\/strong><\/p><p>22\/F 3 Lockhart Road<br> Wanchai<br> Hong Kong<\/p>\n","protected":false},"excerpt":{"rendered":"<p>Services clients Demandes commerciales Notre adresse<\/p>\n","protected":false},"author":1,"featured_media":0,"parent":100637,"menu_order":0,"comment_status":"closed","ping_status":"closed","template":"nosidebar-template.php","meta":{"_bbp_topic_count":0,"_bbp_reply_count":0,"_bbp_total_topic_count":0,"_bbp_total_reply_count":0,"_bbp_voice_count":0,"_bbp_anonymous_reply_count":0,"_bbp_topic_count_hidden":0,"_bbp_reply_count_hidden":0,"_bbp_forum_subforum_count":0,"ep_exclude_from_search":false,"footnotes":""},"related-projects-category":[],"class_list":["post-102282","page","type-page","status-publish","hentry"],"_links":{"self":[{"href":"https:\/\/wpml.org\/fr\/wp-json\/wp\/v2\/pages\/102282","targetHints":{"allow":["GET"]}}],"collection":[{"href":"https:\/\/wpml.org\/fr\/wp-json\/wp\/v2\/pages"}],"about":[{"href":"https:\/\/wpml.org\/fr\/wp-json\/wp\/v2\/types\/page"}],"author":[{"embeddable":true,"href":"https:\/\/wpml.org\/fr\/wp-json\/wp\/v2\/users\/1"}],"replies":[{"embeddable":true,"href":"https:\/\/wpml.org\/fr\/wp-json\/wp\/v2\/comments?post=102282"}],"version-history":[{"count":8,"href":"https:\/\/wpml.org\/fr\/wp-json\/wp\/v2\/pages\/102282\/revisions"}],"predecessor-version":[{"id":17984298,"href":"https:\/\/wpml.org\/fr\/wp-json\/wp\/v2\/pages\/102282\/revisions\/17984298"}],"up":[{"embeddable":true,"href":"https:\/\/wpml.org\/fr\/wp-json\/wp\/v2\/pages\/100637"}],"wp:attachment":[{"href":"https:\/\/wpml.org\/fr\/wp-json\/wp\/v2\/media?parent=102282"}],"wp:term":[{"taxonomy":"related-projects-category","embeddable":true,"href":"https:\/\/wpml.org\/fr\/wp-json\/wp\/v2\/related-projects-category?post=102282"}],"curies":[{"name":"wp","href":"https:\/\/api.w.org\/{rel}","templated":true}]}}