{"id":102631,"date":"2013-02-07T14:09:50","date_gmt":"2013-02-07T14:09:50","guid":{"rendered":"http:\/\/wpml.org\/acheter\/questions-davant-vente\/"},"modified":"2024-06-07T11:33:20","modified_gmt":"2024-06-07T11:33:20","slug":"questions-davant-vente","status":"publish","type":"page","link":"https:\/\/wpml.org\/fr\/purchase\/questions-davant-vente\/","title":{"rendered":"Questions pr\u00e9alables \u00e0 la vente"},"content":{"rendered":"<p>Vous avez une question ? Besoin d&rsquo;\u00e9claircissements ? Laissez un commentaire ici et obtenez une r\u00e9ponse.<\/p>\n","protected":false},"excerpt":{"rendered":"<p>Vous avez une question ? Besoin d&rsquo;\u00e9claircissements ? Laissez un commentaire ici et obtenez une r\u00e9ponse.<\/p>\n","protected":false},"author":2,"featured_media":0,"parent":100635,"menu_order":44,"comment_status":"open","ping_status":"closed","template":"template-full-header-with-wrapper.php","meta":{"_bbp_topic_count":0,"_bbp_reply_count":0,"_bbp_total_topic_count":0,"_bbp_total_reply_count":0,"_bbp_voice_count":0,"_bbp_anonymous_reply_count":0,"_bbp_topic_count_hidden":0,"_bbp_reply_count_hidden":0,"_bbp_forum_subforum_count":0,"ep_exclude_from_search":false,"footnotes":""},"related-projects-category":[],"class_list":["post-102631","page","type-page","status-publish","hentry"],"_links":{"self":[{"href":"https:\/\/wpml.org\/fr\/wp-json\/wp\/v2\/pages\/102631","targetHints":{"allow":["GET"]}}],"collection":[{"href":"https:\/\/wpml.org\/fr\/wp-json\/wp\/v2\/pages"}],"about":[{"href":"https:\/\/wpml.org\/fr\/wp-json\/wp\/v2\/types\/page"}],"author":[{"embeddable":true,"href":"https:\/\/wpml.org\/fr\/wp-json\/wp\/v2\/users\/2"}],"replies":[{"embeddable":true,"href":"https:\/\/wpml.org\/fr\/wp-json\/wp\/v2\/comments?post=102631"}],"version-history":[{"count":1,"href":"https:\/\/wpml.org\/fr\/wp-json\/wp\/v2\/pages\/102631\/revisions"}],"predecessor-version":[{"id":15715738,"href":"https:\/\/wpml.org\/fr\/wp-json\/wp\/v2\/pages\/102631\/revisions\/15715738"}],"up":[{"embeddable":true,"href":"https:\/\/wpml.org\/fr\/wp-json\/wp\/v2\/pages\/100635"}],"wp:attachment":[{"href":"https:\/\/wpml.org\/fr\/wp-json\/wp\/v2\/media?parent=102631"}],"wp:term":[{"taxonomy":"related-projects-category","embeddable":true,"href":"https:\/\/wpml.org\/fr\/wp-json\/wp\/v2\/related-projects-category?post=102631"}],"curies":[{"name":"wp","href":"https:\/\/api.w.org\/{rel}","templated":true}]}}