{"id":102874,"date":"2013-02-08T14:49:12","date_gmt":"2013-02-08T14:49:12","guid":{"rendered":"http:\/\/wpml.org\/acheter\/processus-dachat\/"},"modified":"2025-02-11T08:34:38","modified_gmt":"2025-02-11T08:34:38","slug":"processus-dachat","status":"publish","type":"page","link":"https:\/\/wpml.org\/fr\/purchase\/processus-dachat\/","title":{"rendered":"Processus d&rsquo;achat"},"content":{"rendered":"<p class=\"lead\">Habituellement, il ne faut que quelques minutes pour commander WPML et le faire fonctionner sur votre site. Les paiements par carte de cr\u00e9dit sont trait\u00e9s automatiquement et vous recevrez votre nouveau compte, pr\u00eat \u00e0 \u00eatre t\u00e9l\u00e9charg\u00e9 et utilis\u00e9. <\/p>\n<p>Vous pouvez r\u00e9gler WPML par carte de cr\u00e9dit, PayPal, carte de d\u00e9bit ou virement bancaire (via les ch\u00e8ques \u00e9lectroniques PayPal). Les paiements par carte de cr\u00e9dit et de d\u00e9bit sont trait\u00e9s en moins d&rsquo;une minute. Les virements bancaires sont trait\u00e9s en plusieurs jours (selon votre lieu de r\u00e9sidence). Une fois le paiement effectu\u00e9, vous recevrez un courriel contenant les informations de votre compte. Vous pourrez alors t\u00e9l\u00e9charger WPML et l&rsquo;installer sur votre site.    <\/p>\n<h2>\u00c9tape 1) Choisissez la version de WPML que vous souhaitez acheter<\/h2>\n<p>Vous pouvez choisir entre les versions <a href=\"https:\/\/wpml.org\/purchase\/?add-to-cart=2436660\">Multilingual CMS<\/a>, <a href=\"https:\/\/wpml.org\/purchase\/?add-to-cart=2436659\">Multilingual Blog<\/a> et <a href=\"https:\/\/wpml.org\/purchase\/?add-to-cart=2436661\">Multilingual Agency<\/a>. Multilingual CMS est notre version la plus compl\u00e8te, qui permet de traduire les sites les plus complexes avec WordPress. Elle inclut tout ce qui concerne les pages, les types personnalis\u00e9s et les articles (pour un blog). La version Multilingual Blog est destin\u00e9e aux sites plus simples qui sont principalement un blog WordPress. La version <a href=\"https:\/\/wpml.org\/purchase\/?add-to-cart=2436661\">Multilingual Agency<\/a> comprend \u00e9galement tous les composants de WPML mais vous permet d&rsquo;installer WPML sur un nombre illimit\u00e9 de sites.    <\/p>\n<p>Pour une comparaison c\u00f4te \u00e0 c\u00f4te, consultez <a href=\"https:\/\/wpml.org\/purchase\/\">la tarification de WPML<\/a>.<\/p>\n<p>Vous pouvez toujours effectuer une mise \u00e0 niveau des types de compte et ne payer que la diff\u00e9rence.<\/p>\n<h2>\u00c9tape 2) Saisissez votre nom et votre adresse \u00e9lectronique et choisissez un processeur de paiement<\/h2>\n<p>Nous avons uniquement besoin de votre nom complet et de votre adresse \u00e9lectronique. Ces informations sont n\u00e9cessaires pour cr\u00e9er votre compte et vous livrer votre commande. Vous saisirez vos informations de carte de cr\u00e9dit directement dans PayPal ou un autre processeur de paiement. Les deux processeurs de paiement prennent en charge les cartes de cr\u00e9dit et les cartes de d\u00e9bit. Pour les virements bancaires, vous devrez disposer d&rsquo;un compte PayPal et y ajouter un compte bancaire.    <\/p>\n<h2>\u00c9tape 3) Payez en ligne<\/h2>\n<p>Vous serez dirig\u00e9 vers le processeur de paiement que vous avez choisi. PayPal et l&rsquo;autre processeur de paiement proposent une s\u00e9curit\u00e9 et une protection contre la fraude de classe mondiale. Pour plus d&rsquo;informations \u00e0 ce sujet, veuillez consulter notre <a href=\"https:\/\/wpml.org\/documentation\/privacy-policy-and-gdpr-compliance\/\">politique de confidentialit\u00e9 et de s\u00e9curit\u00e9<\/a>. En bref, nous prot\u00e9geons vos informations et veillons \u00e0 ce qu&rsquo;elles ne puissent jamais \u00eatre compromises. Nous ne recevons ni ne stockons aucune information financi\u00e8re.    <\/p>\n<h2>\u00c9tape 4) Recevez votre compte WPML et t\u00e9l\u00e9chargez<\/h2>\n<p>D\u00e8s que votre paiement est effectu\u00e9, nous cr\u00e9ons automatiquement votre compte WPML. Les paiements par carte de cr\u00e9dit et de d\u00e9bit sont trait\u00e9s presque instantan\u00e9ment. Les virements bancaires n\u00e9cessiteront quelques jours de traitement.  <\/p>\n<p>Ensuite, connectez-vous \u00e0 votre compte, cliquez sur <strong>T\u00e9l\u00e9chargements<\/strong> et obtenez WPML. Vous avez termin\u00e9. Nous vous recommandons de suivre le <a href=\"https:\/\/wpml.org\/documentation\/getting-started-guide\/\">guide de d\u00e9marrage<\/a> pour configurer et utiliser correctement WPML.  <\/p>\n<p>Besoin d&rsquo;aide ? <a href=\"https:\/\/wpml.org\/home\/contact-us\/\">Contactez-nous<\/a> !<\/p>\n","protected":false},"excerpt":{"rendered":"<p>Habituellement, il ne faut que quelques minutes pour commander WPML et le faire fonctionner sur votre site. Les paiements par carte de cr\u00e9dit sont trait\u00e9s automatiquement et vous recevrez votre nouveau compte, pr\u00eat \u00e0 \u00eatre t\u00e9l\u00e9charg\u00e9 et utilis\u00e9. Vous pouvez r\u00e9gler WPML par carte de cr\u00e9dit, PayPal, carte de d\u00e9bit ou virement bancaire (via les [&hellip;]<\/p>\n","protected":false},"author":2,"featured_media":0,"parent":100635,"menu_order":53,"comment_status":"closed","ping_status":"closed","template":"template-nosidebar-centered.php","meta":{"_bbp_topic_count":0,"_bbp_reply_count":0,"_bbp_total_topic_count":0,"_bbp_total_reply_count":0,"_bbp_voice_count":0,"_bbp_anonymous_reply_count":0,"_bbp_topic_count_hidden":0,"_bbp_reply_count_hidden":0,"_bbp_forum_subforum_count":0,"_uag_custom_page_level_css":"","ep_exclude_from_search":false,"footnotes":""},"related-projects-category":[],"class_list":["post-102874","page","type-page","status-publish","hentry"],"spectra_custom_meta":{"ratings_users":["0"],"ratings_score":["0"],"ratings_average":["0"],"_wp_page_template":["template-nosidebar-centered.php"],"_views_template":["0"],"_icl_translation":["1"],"_edit_lock":["1389272090:22418"],"bbps-topic-tags":["a:0:{}"],"_edit_last":["22418"],"_alp_processed":["1739262879"],"_subscription_coupon_product_id":["0"],"inline_featured_image":["0"],"_wpml_media_featured":["1"],"_wpml_media_duplicate":["1"],"_last_translation_edit_mode":["translation-editor"],"_oembed_8b192c37df925cacb831b3922e69595d":["<iframe title=\"Using WPML To Translate Pages Built With Fusion Builder (Avada Theme)\" width=\"700\" height=\"394\" src=\"https:\/\/www.youtube.com\/embed\/_bNqjjBPdGA?feature=oembed&enablejsapi=1&origin=https:\/\/wpml.org\" frameborder=\"0\" allow=\"accelerometer; autoplay; clipboard-write; encrypted-media; gyroscope; picture-in-picture\" allowfullscreen><\/iframe>"],"_oembed_time_8b192c37df925cacb831b3922e69595d":["1637311600"],"_oembed_bbf56b1d4c25ce11481afba39f176f85":["<iframe title=\"Using WPML to translate content created with page builders\" width=\"700\" height=\"394\" src=\"https:\/\/www.youtube.com\/embed\/MSqNzrdPMkE?feature=oembed&enablejsapi=1&origin=https:\/\/wpml.org\" frameborder=\"0\" allow=\"accelerometer; autoplay; clipboard-write; encrypted-media; gyroscope; picture-in-picture\" allowfullscreen><\/iframe>"],"_oembed_time_bbf56b1d4c25ce11481afba39f176f85":["1647933050"],"_top_nav_excluded":[""],"_cms_nav_minihome":[""],"_yoast_wpseo_title":["Processus d'achat - WPML"],"_yoast_wpseo_metadesc":["G\u00e9n\u00e9ralement, il ne faut que quelques minutes pour commander WPML et le faire fonctionner sur votre site. Vous pouvez r\u00e9gler WPML par carte de cr\u00e9dit, carte de d\u00e9bit ou virement bancaire."],"_wpml_word_count":["543"],"_uag_css_file_name":["uag-css-102874.css"],"_uag_page_assets":["a:9:{s:3:\"css\";s:260:\".uag-blocks-common-selector{z-index:var(--z-index-desktop) !important}@media(max-width: 976px){.uag-blocks-common-selector{z-index:var(--z-index-tablet) !important}}@media(max-width: 767px){.uag-blocks-common-selector{z-index:var(--z-index-mobile) !important}}\";s:2:\"js\";s:0:\"\";s:18:\"current_block_list\";a:1:{i:0;s:14:\"core\/shortcode\";}s:8:\"uag_flag\";b:0;s:11:\"uag_version\";s:10:\"1778728057\";s:6:\"gfonts\";a:0:{}s:10:\"gfonts_url\";s:0:\"\";s:12:\"gfonts_files\";a:0:{}s:14:\"uag_faq_layout\";b:0;}"]},"uagb_featured_image_src":{"full":false,"thumbnail":false,"medium":false,"medium_large":false,"large":false,"1536x1536":false,"2048x2048":false,"gform-image-choice-sm":false,"gform-image-choice-md":false,"gform-image-choice-lg":false,"woocommerce_thumbnail":false,"woocommerce_single":false,"woocommerce_gallery_thumbnail":false},"uagb_author_info":{"display_name":"Amir","author_link":"https:\/\/wpml.org\/fr\/author\/amir\/"},"uagb_comment_info":0,"uagb_excerpt":"Habituellement, il ne faut que quelques minutes pour commander WPML et le faire fonctionner sur votre site. Les paiements par carte de cr\u00e9dit sont trait\u00e9s automatiquement et vous recevrez votre nouveau compte, pr\u00eat \u00e0 \u00eatre t\u00e9l\u00e9charg\u00e9 et utilis\u00e9. Vous pouvez r\u00e9gler WPML par carte de cr\u00e9dit, PayPal, carte de d\u00e9bit ou virement bancaire (via les\u2026","_links":{"self":[{"href":"https:\/\/wpml.org\/fr\/wp-json\/wp\/v2\/pages\/102874","targetHints":{"allow":["GET"]}}],"collection":[{"href":"https:\/\/wpml.org\/fr\/wp-json\/wp\/v2\/pages"}],"about":[{"href":"https:\/\/wpml.org\/fr\/wp-json\/wp\/v2\/types\/page"}],"author":[{"embeddable":true,"href":"https:\/\/wpml.org\/fr\/wp-json\/wp\/v2\/users\/2"}],"replies":[{"embeddable":true,"href":"https:\/\/wpml.org\/fr\/wp-json\/wp\/v2\/comments?post=102874"}],"version-history":[{"count":8,"href":"https:\/\/wpml.org\/fr\/wp-json\/wp\/v2\/pages\/102874\/revisions"}],"predecessor-version":[{"id":16690296,"href":"https:\/\/wpml.org\/fr\/wp-json\/wp\/v2\/pages\/102874\/revisions\/16690296"}],"up":[{"embeddable":true,"href":"https:\/\/wpml.org\/fr\/wp-json\/wp\/v2\/pages\/100635"}],"wp:attachment":[{"href":"https:\/\/wpml.org\/fr\/wp-json\/wp\/v2\/media?parent=102874"}],"wp:term":[{"taxonomy":"related-projects-category","embeddable":true,"href":"https:\/\/wpml.org\/fr\/wp-json\/wp\/v2\/related-projects-category?post=102874"}],"curies":[{"name":"wp","href":"https:\/\/api.w.org\/{rel}","templated":true}]}}