{"id":104118,"date":"2009-03-26T15:45:49","date_gmt":"2009-03-26T15:45:49","guid":{"rendered":"http:\/\/wpml.org\/documentation-6\/guide-de-demarrage-rapide\/"},"modified":"2026-02-26T07:20:41","modified_gmt":"2026-02-26T07:20:41","slug":"guide-de-demarrage-rapide","status":"publish","type":"page","link":"https:\/\/wpml.org\/fr\/documentation-6\/guide-de-demarrage-rapide\/","title":{"rendered":"Tutoriel WPML"},"content":{"rendered":"\n<div class=\"wp-block-toolset-blocks-container tb-container\" data-toolset-blocks-container=\"ab822fca4c7f34b8c00ef6eec20a769b\"><div class=\"tb-container-inner\">\n<h1 class=\"tb-heading has-text-color\" data-toolset-blocks-heading=\"44dbfda2d3c6c9c360f8ea3d291947ea\" data-last-update=\"1.4\">Tutoriel WPML<\/h1>\n\n\n\n<p class=\"tb-heading\" data-toolset-blocks-heading=\"aee7bdd80f9ab98628a9c8a0de89c4a7\" data-last-update=\"1.4\">Suivez le tutoriel officiel de WPML pour apprendre \u00e0 configurer WPML sur votre site WordPress et \u00e0 traduire du contenu. <\/p>\n<\/div><\/div>\n\n<div class=\"wp-block-toolset-blocks-container tb-container product-page-content\" data-toolset-blocks-container=\"238ff9eb0cba89de9e261fd422193fcb\"><div class=\"tb-container-inner\">\n<div class=\"wp-block-toolset-blocks-container tb-container\" data-toolset-blocks-container=\"498f90414e7a057504d638492affefec\">\n<div class=\"wp-block-toolset-blocks-grid tb-grid\" data-toolset-blocks-grid=\"74ca71345aca79e8e960012878532f5f\">\n<div class=\"wp-block-toolset-blocks-grid-column tb-grid-column tb-grid-align-top\" data-toolset-blocks-grid-column=\"3034fbe886c11054e95b46b09d3e4112\">\n<div class=\"wp-block-toolset-blocks-container tb-container\" data-toolset-blocks-container=\"05034b83b32243f652783e6d82e807f3\"><\/div>\n<\/div>\n\n\n\n<div class=\"wp-block-toolset-blocks-grid-column tb-grid-column tb-grid-align-center\" data-toolset-blocks-grid-column=\"f586ff7bfe1d7317c63162ec7b7039ed\">\n<h2 class=\"tb-heading has-text-color\" data-toolset-blocks-heading=\"aa24ad856a3f97ef93c6d9aaf19837c8\" data-last-update=\"1.4\">Installer WPML et ajouter des langues<\/h2>\n<\/div>\n<\/div>\n\n\n\n<p>Assurez-vous que votre site r\u00e9pond aux <a href=\"https:\/\/wpml.org\/fr\/accueil\/exigences-minimales\/\">exigences minimales de WPML<\/a>, puis suivez ces \u00e9tapes :<\/p>\n\n\n\n<ul class=\"wp-block-list\">\n<li><strong>T\u00e9l\u00e9chargez et installez OTGS Installer<\/strong> depuis la <a href=\"https:\/\/wpml.org\/fr\/account\/downloads\/\">page des t\u00e9l\u00e9chargements de WPML<\/a>.<\/li>\n\n\n\n<li>Dans votre administration WordPress, allez dans <strong>Extensions \u2192 Ajouter<\/strong>, t\u00e9l\u00e9versez et activez l\u2019extension OTGS Installer.<\/li>\n\n\n\n<li>L\u2019OTGS Installer vous guidera \u00e0 travers :\n<ul class=\"wp-block-list\">\n<li>Enregistrer WPML avec votre cl\u00e9 de site.<\/li>\n\n\n\n<li>Installer les <a href=\"https:\/\/wpml.org\/fr\/documentation-6\/les-plug-ins-principaux-et-complementaires-de-wpml\/\">composants WPML<\/a> requis en fonction des extensions que vous utilisez.<\/li>\n<\/ul>\n<\/li>\n\n\n\n<li>Apr\u00e8s l\u2019installation, allez dans <strong>WPML<\/strong> et lancez l\u2019assistant de configuration pour :\n<ul class=\"wp-block-list\">\n<li>D\u00e9finir la langue par d\u00e9faut.<\/li>\n\n\n\n<li>Ajouter les langues que vous souhaitez que votre site prenne en charge.<\/li>\n\n\n\n<li>Choisir comment les visiteurs changeront de langue (via un menu, un widget ou un s\u00e9lecteur de pied de page).<\/li>\n\n\n\n<li>Configurer la traduction par IA et humaine.<\/li>\n<\/ul>\n<\/li>\n<\/ul>\n<\/div>\n\n\n\n<div class=\"wp-block-toolset-blocks-container tb-container\" data-toolset-blocks-container=\"87b2739e2cebcc0e63ce9db85124e5af\">\n<div class=\"wp-block-toolset-blocks-grid tb-grid\" data-toolset-blocks-grid=\"74ca71345aca79e8e960012878532f5f\">\n<div class=\"wp-block-toolset-blocks-grid-column tb-grid-column tb-grid-align-top\" data-toolset-blocks-grid-column=\"3034fbe886c11054e95b46b09d3e4112\">\n<div class=\"wp-block-toolset-blocks-container tb-container\" data-toolset-blocks-container=\"dcba0d7b65229121f24d5ee19b08ed2e\"><\/div>\n<\/div>\n\n\n\n<div class=\"wp-block-toolset-blocks-grid-column tb-grid-column tb-grid-align-center\" data-toolset-blocks-grid-column=\"f586ff7bfe1d7317c63162ec7b7039ed\">\n<h2 class=\"tb-heading has-text-color\" data-toolset-blocks-heading=\"aa24ad856a3f97ef93c6d9aaf19837c8\" data-last-update=\"1.4\">Traduire avec WPML<\/h2>\n<\/div>\n<\/div>\n\n\n\n<p>Votre site comprend du <strong>contenu<\/strong> et des <strong>menus<\/strong>. WPML vous permet de traduire les deux. <\/p>\n\n\n\n<h3 class=\"wp-block-heading has-dark-gray-color has-text-color has-link-color wp-elements-5b39bdd760fbee9538acda29853d0a0c\"><strong>Traduire du contenu<\/strong><\/h3>\n\n\n\n<p>La <a href=\"https:\/\/wpml.org\/fr\/documentation-6\/traduire-vos-contenus\/\">Gestion des traductions<\/a> de WPML vous permet de traduire les <strong>articles<\/strong>, les <strong>pages<\/strong>, les <strong>types de publication personnalis\u00e9s<\/strong>, les <strong>taxonomies<\/strong>, les <strong>widgets<\/strong>, les <strong>colonnes lat\u00e9rales<\/strong> et les <strong>cha\u00eenes<\/strong>.<\/p>\n\n\n\n<div style=\"height:40px\" aria-hidden=\"true\" class=\"wp-block-spacer\"><\/div>\n\n\n\n<figure class=\"wp-block-embed is-type-video is-provider-youtube wp-block-embed-youtube wp-embed-aspect-16-9 wp-has-aspect-ratio\"><div class=\"wp-block-embed__wrapper\">\n<div class=\"embed-responsive embed-responsive-16by9\"><iframe title=\"WPML Tutorial \u2013 How to Use WPML\" width=\"700\" height=\"394\" src=\"https:\/\/www.youtube.com\/embed\/bPPMBHos07g?feature=oembed\" frameborder=\"0\" allow=\"accelerometer; autoplay; clipboard-write; encrypted-media; gyroscope; picture-in-picture; web-share\" referrerpolicy=\"strict-origin-when-cross-origin\" allowfullscreen><\/iframe><\/div>\n<\/div><\/figure>\n\n\n\n<div style=\"height:40px\" aria-hidden=\"true\" class=\"wp-block-spacer\"><\/div>\n\n\n\n<p>Allez dans <strong>WPML<\/strong> \u2192 <strong>Gestion des traductions<\/strong> depuis le menu principal, ou cliquez sur le bouton <strong>Gestion des traductions<\/strong> dans la section <strong>Langue<\/strong> lors de l\u2019\u00e9dition de contenu.<\/p>\n\n\n\n<p>La <strong>Gestion des traductions<\/strong> offre un \u00e9cran unique et pratique pour traduire tout le contenu. Pas besoin de visiter diff\u00e9rentes parties de l\u2019administration pour chaque \u00e9l\u00e9ment. Vous pouvez envoyer tout ce que vous voulez traduire en une seule fois, ce qui r\u00e9duit les clics et fait gagner du temps.  <\/p>\n\n\n\n<p>Elle prend en charge tous les flux de travail de traduction : utilisez la traduction par IA, traduisez vous-m\u00eame, travaillez avec vos propres traducteurs ou faites appel \u00e0 des professionnels.<\/p>\n\n\n\n<p>Si vous choisissez la traduction par IA, vous verrez le co\u00fbt exact avant de proc\u00e9der. Bien entendu, vous pouvez toujours modifier les traductions de l\u2019IA. <\/p>\n\n\n\n<h3 class=\"wp-block-heading has-dark-gray-color has-text-color has-link-color wp-elements-454bafafedc288b16a2d3b2711330bbf\"><strong>Traduire les menus<\/strong><\/h3>\n\n\n\n<p>WPML offre des moyens flexibles de traduire les menus de votre site. Lisez la documentation sur la <a href=\"https:\/\/wpml.org\/fr\/documentation-6\/guide-de-demarrage-rapide\/traduction-des-menus\/\">traduction des menus<\/a> pour voir ce qui vous convient le mieux. <\/p>\n<\/div>\n\n\n\n<div class=\"wp-block-toolset-blocks-container tb-container\" data-toolset-blocks-container=\"1dcef3a49b27421bc6e9fb4e4f82dc87\">\n<div class=\"wp-block-toolset-blocks-grid tb-grid\" data-toolset-blocks-grid=\"5ec35a53a9f754eefbec11296ac7f6db\">\n<div class=\"wp-block-toolset-blocks-grid-column tb-grid-column tb-grid-align-center\" data-toolset-blocks-grid-column=\"f586ff7bfe1d7317c63162ec7b7039ed\">\n<div class=\"wp-block-toolset-blocks-container tb-container\" data-toolset-blocks-container=\"63638c1d22a5afe5934c96a30b2da973\"><\/div>\n<\/div>\n\n\n\n<div class=\"wp-block-toolset-blocks-grid-column tb-grid-column tb-grid-align-center\" data-toolset-blocks-grid-column=\"f586ff7bfe1d7317c63162ec7b7039ed\">\n<h3 class=\"tb-heading has-text-color\" data-toolset-blocks-heading=\"895ee183921d28cee0d4bb29b89f2e99\" data-last-update=\"1.4\">Personnaliser WPML<\/h3>\n<\/div>\n<\/div>\n\n\n\n<p class=\"tb-heading has-text-color\" data-toolset-blocks-heading=\"affb546fdbcd3257db45dad977a70155\" data-last-update=\"1.4\">Ajustez WPML pour votre site :<\/p>\n\n\n\n<p class=\"tb-heading\" data-toolset-blocks-heading=\"bc7ead5f768a8d5ae0424ae18ddebf79\" data-last-update=\"1.4\"><a href=\"https:\/\/wpml.org\/fr\/documentation-6\/guide-de-demarrage-rapide\/configuration-de-la-langue\/options-de-selecteur-de-langue\/\" target=\"_blank\" rel=\"noreferrer noopener\">Ajouter un s\u00e9lecteur de langue<\/a><\/p>\n\n\n\n<p class=\"tb-heading has-text-color\" data-toolset-blocks-heading=\"4b2a2a0716b6876e12857d48df9fc648\" data-last-update=\"1.4\">Placez-le dans le menu, le pied de page ou les widgets.<\/p>\n\n\n\n<p class=\"tb-heading\" data-toolset-blocks-heading=\"bc7ead5f768a8d5ae0424ae18ddebf79\" data-last-update=\"1.4\"><a href=\"https:\/\/wpml.org\/fr\/documentation-6\/guide-de-demarrage-rapide\/configuration-de-la-langue\/options-du-format-de-lurl-de-la-langue\/\" target=\"_blank\" rel=\"noreferrer noopener\">D\u00e9finir le format d\u2019URL<\/a><\/p>\n\n\n\n<p class=\"tb-heading has-text-color\" data-toolset-blocks-heading=\"4b2a2a0716b6876e12857d48df9fc648\" data-last-update=\"1.4\">Choisissez comment les pages traduites apparaissent (r\u00e9pertoires, param\u00e8tres, etc.)<\/p>\n\n\n\n<p class=\"tb-heading\" data-toolset-blocks-heading=\"bc7ead5f768a8d5ae0424ae18ddebf79\" data-last-update=\"1.4\"><a href=\"https:\/\/wpml.org\/fr\/documentation-6\/guide-de-demarrage-rapide\/traduction-de-publications-personnalisees\/\" target=\"_blank\" rel=\"noreferrer noopener\">Traduire les types de publication personnalis\u00e9s<\/a><\/p>\n\n\n\n<p class=\"tb-heading has-text-color\" data-toolset-blocks-heading=\"4b2a2a0716b6876e12857d48df9fc648\" data-last-update=\"1.4\">D\u00e9cidez quels types de publication personnalis\u00e9s traduire.<\/p>\n\n\n\n<p class=\"tb-heading\" data-toolset-blocks-heading=\"bc7ead5f768a8d5ae0424ae18ddebf79\" data-last-update=\"1.4\"><a href=\"https:\/\/wpml.org\/fr\/documentation-6\/guide-de-demarrage-rapide\/traduction-de-categories-darticles-et-de-taxonomies-personnalisees\/\" target=\"_blank\" rel=\"noreferrer noopener\">Traduire les cat\u00e9gories et les taxonomies<\/a><\/p>\n\n\n\n<p class=\"tb-heading has-text-color\" data-toolset-blocks-heading=\"27f3e4b5e60a1ab2cece8dacacc60559\" data-last-update=\"1.4\">Traduisez les \u00e9tiquettes, les cat\u00e9gories et les taxonomies personnalis\u00e9es.<\/p>\n<\/div>\n\n\n\n<div class=\"wp-block-toolset-blocks-container tb-container\" data-toolset-blocks-container=\"6a5a6e73494136ccd3a224472da33145\">\n<div class=\"wp-block-toolset-blocks-grid tb-grid\" data-toolset-blocks-grid=\"5ec35a53a9f754eefbec11296ac7f6db\">\n<div class=\"wp-block-toolset-blocks-grid-column tb-grid-column tb-grid-align-center\" data-toolset-blocks-grid-column=\"f586ff7bfe1d7317c63162ec7b7039ed\">\n<div class=\"wp-block-toolset-blocks-container tb-container\" data-toolset-blocks-container=\"9eb8ff775fc4f26c5138e55a3ce77987\"><\/div>\n<\/div>\n\n\n\n<div class=\"wp-block-toolset-blocks-grid-column tb-grid-column tb-grid-align-center\" data-toolset-blocks-grid-column=\"f586ff7bfe1d7317c63162ec7b7039ed\">\n<h3 class=\"tb-heading has-text-color\" data-toolset-blocks-heading=\"895ee183921d28cee0d4bb29b89f2e99\" data-last-update=\"1.4\">Cr\u00e9er des sites multilingues r\u00e9ussis<\/h3>\n<\/div>\n<\/div>\n\n\n\n<p class=\"tb-heading has-text-color\" data-toolset-blocks-heading=\"affb546fdbcd3257db45dad977a70155\" data-last-update=\"1.4\">Vous voulez plus de trafic et de meilleurs r\u00e9sultats ?<\/p>\n\n\n\n<p class=\"tb-heading\" data-toolset-blocks-heading=\"ed59c2ada1c0fb309c19dcfcb6ab10c7\" data-last-update=\"1.4\">Consultez ces conseils \u00e9prouv\u00e9s d\u2019utilisateurs r\u00e9els de WPML pour <a href=\"https:\/\/wpml.org\/fr\/documentation-6\/guide-de-demarrage-rapide\/les-sites-multilingues-simples-sont-plus-performants-conseils-eprouves-pour-augmenter-votre-trafic-mondial\/\" target=\"_blank\" rel=\"noreferrer noopener\">rendre votre site multilingue simple, efficace et plus facile \u00e0 d\u00e9velopper.<\/a><\/p>\n<\/div>\n<\/div><\/div>\n","protected":false},"excerpt":{"rendered":"<p>WPML se compose de <a href=\"\/?page_id=6375\">plusieurs modules<\/a>. Le module de base rend les sites WordPress multilingues. D\u2019autres modules facilitent un processus de traduction am\u00e9lior\u00e9, la traduction de cha\u00eenes, la traduction de m\u00e9dias et d\u2019autres fonctions.   <\/p>\n","protected":false},"author":1,"featured_media":0,"parent":103464,"menu_order":2,"comment_status":"closed","ping_status":"closed","template":"template-full.php","meta":{"_bbp_topic_count":0,"_bbp_reply_count":0,"_bbp_total_topic_count":0,"_bbp_total_reply_count":0,"_bbp_voice_count":0,"_bbp_anonymous_reply_count":0,"_bbp_topic_count_hidden":0,"_bbp_reply_count_hidden":0,"_bbp_forum_subforum_count":0,"_uag_custom_page_level_css":"","ep_exclude_from_search":false,"footnotes":""},"related-projects-category":[],"class_list":["post-104118","page","type-page","status-publish","hentry"],"spectra_custom_meta":{"ratings_users":["0"],"ratings_score":["0"],"ratings_average":["0"],"_wp_page_template":["template-full.php"],"_views_template":["0"],"_icl_translation":["1"],"_alp_processed":["1772090442"],"_edit_lock":["1446126754:102443"],"_wpml_media_featured":["1"],"_subscription_coupon_product_id":["0"],"inline_featured_image":["0"],"_last_translation_edit_mode":["translation-editor"],"wpml_tf_post_rating_quantity":["1"],"wpml_tf_post_rating_average":["4"],"_oembed_8f4dd281fde949aaaec897e32bbedb6b":["<iframe title=\"Doing a Test Translation with Translation Services\" width=\"700\" height=\"394\" src=\"https:\/\/www.youtube.com\/embed\/ozBasV4sNCs?feature=oembed&enablejsapi=1&origin=https:\/\/wpml.org\" frameborder=\"0\" allow=\"accelerometer; autoplay; clipboard-write; encrypted-media; gyroscope; picture-in-picture\" allowfullscreen><\/iframe>"],"_oembed_time_8f4dd281fde949aaaec897e32bbedb6b":["1601132759"],"_oembed_085e890236af876c824fa92e59328670":["<iframe title=\"Translating Menus in WPML\" width=\"700\" height=\"394\" src=\"https:\/\/www.youtube.com\/embed\/aFQuEGQs19c?feature=oembed&enablejsapi=1&origin=https:\/\/wpml.org\" frameborder=\"0\" allow=\"accelerometer; autoplay; clipboard-write; encrypted-media; gyroscope; picture-in-picture\" allowfullscreen><\/iframe>"],"_oembed_time_085e890236af876c824fa92e59328670":["1601132759"],"_oembed_1e02e02ee671c61d8638766a0ee1cb8e":["<iframe title=\"WPML Advanced Translation Editor\" width=\"700\" height=\"394\" src=\"https:\/\/www.youtube.com\/embed\/TmmyU6MtXY8?feature=oembed&enablejsapi=1&origin=https:\/\/wpml.org\" frameborder=\"0\" allow=\"accelerometer; autoplay; clipboard-write; encrypted-media; gyroscope; picture-in-picture\" allowfullscreen><\/iframe>"],"_oembed_time_1e02e02ee671c61d8638766a0ee1cb8e":["1602579960"],"_oembed_6eeaaf76264d07834a5024ecc691d2d0":["<iframe title=\"Media Translation for WPML 4.0\" width=\"525\" height=\"394\" src=\"https:\/\/www.youtube.com\/embed\/8kvqMTy3r2g?feature=oembed&enablejsapi=1&origin=https:\/\/wpml.org\" frameborder=\"0\" allow=\"accelerometer; autoplay; clipboard-write; encrypted-media; gyroscope; picture-in-picture\" allowfullscreen><\/iframe>"],"_oembed_time_6eeaaf76264d07834a5024ecc691d2d0":["1603982802"],"_oembed_b9ed4048f72ad6c7db9e194b36b2ddd7":["<iframe title=\"Add a Custom Language in WPML\" width=\"700\" height=\"394\" src=\"https:\/\/www.youtube.com\/embed\/gbdbEOQA0Kw?feature=oembed&enablejsapi=1&origin=https:\/\/wpml.org\" frameborder=\"0\" allow=\"accelerometer; autoplay; clipboard-write; encrypted-media; gyroscope; picture-in-picture\" allowfullscreen><\/iframe>"],"_oembed_time_b9ed4048f72ad6c7db9e194b36b2ddd7":["1605730818"],"_oembed_1caedca534b636d09c0950cf45fb0cb9":["<iframe title=\"WPML Setup for the First Time\" width=\"700\" height=\"394\" src=\"https:\/\/www.youtube.com\/embed\/O7zrroWtrpQ?feature=oembed&enablejsapi=1&origin=https:\/\/wpml.org\" frameborder=\"0\" allow=\"accelerometer; autoplay; clipboard-write; encrypted-media; gyroscope; picture-in-picture\" allowfullscreen><\/iframe>"],"_oembed_time_1caedca534b636d09c0950cf45fb0cb9":["1608045814"],"_oembed_809539948dec7d9364864e7814a4a558":["<iframe title=\"How we translate wpml.org\" width=\"700\" height=\"394\" src=\"https:\/\/www.youtube.com\/embed\/FxScQ-bkOXo?feature=oembed&enablejsapi=1&origin=https:\/\/wpml.org\" frameborder=\"0\" allow=\"accelerometer; autoplay; clipboard-write; encrypted-media; gyroscope; picture-in-picture\" allowfullscreen><\/iframe>"],"_oembed_time_809539948dec7d9364864e7814a4a558":["1623608477"],"wpcf-unformatted-code":[""],"wpcf-price-increase-show-from":[""],"wpcf-price-increase-show-till":[""],"_oembed_af543938fc99edbf56931d7458a9faf6":["<iframe title=\"WPML - How To Translate Your WordPress Website In Minutes\" width=\"700\" height=\"394\" src=\"https:\/\/www.youtube.com\/embed\/wplX2ZQR0Pk?feature=oembed\" frameborder=\"0\" allow=\"accelerometer; autoplay; clipboard-write; encrypted-media; gyroscope; picture-in-picture\" allowfullscreen><\/iframe>"],"_oembed_time_af543938fc99edbf56931d7458a9faf6":["1634195555"],"_oembed_bbf56b1d4c25ce11481afba39f176f85":["<iframe title=\"Using WPML to translate content created with page builders\" width=\"700\" height=\"394\" src=\"https:\/\/www.youtube.com\/embed\/MSqNzrdPMkE?feature=oembed&enablejsapi=1&origin=https:\/\/wpml.org\" frameborder=\"0\" allow=\"accelerometer; autoplay; clipboard-write; encrypted-media; gyroscope; picture-in-picture\" allowfullscreen><\/iframe>"],"_oembed_time_bbf56b1d4c25ce11481afba39f176f85":["1645702642"],"_oembed_8b192c37df925cacb831b3922e69595d":["<iframe title=\"Using WPML To Translate Pages Built With Fusion Builder (Avada Theme)\" width=\"700\" height=\"394\" src=\"https:\/\/www.youtube.com\/embed\/_bNqjjBPdGA?feature=oembed&enablejsapi=1&origin=https:\/\/wpml.org\" frameborder=\"0\" allow=\"accelerometer; autoplay; clipboard-write; encrypted-media; gyroscope; picture-in-picture\" allowfullscreen><\/iframe>"],"_oembed_time_8b192c37df925cacb831b3922e69595d":["1655901604"],"toolset_post_editor_mode":["block"],"_wpml_media_duplicate":["0"],"_oembed_a2bd2c0b8f2c628b1b3793abb74e7359":["<iframe title=\"WPML 3.9 with &quot;Display as Translated&quot; mode\" width=\"525\" height=\"394\" src=\"https:\/\/www.youtube.com\/embed\/eiPUIuELo2A?feature=oembed&enablejsapi=1&origin=https:\/\/wpml.org\" frameborder=\"0\" allow=\"accelerometer; autoplay; clipboard-write; encrypted-media; gyroscope; picture-in-picture; web-share\" referrerpolicy=\"strict-origin-when-cross-origin\" allowfullscreen><\/iframe>"],"_oembed_time_a2bd2c0b8f2c628b1b3793abb74e7359":["1714300777"],"_wpml_word_count":["570"],"cmplz_hide_cookiebanner":[""],"wpcf-price-increase-content":[""],"wpcf-relevant-forum-documentation":["1"],"wpcf-login-box-title":[""],"wpcf-page-content":[""],"_yoast_wpseo_primary_related-projects-category":[""],"_oembed_1627dd72d49ee20d4f8553513920e405":["<iframe title=\"WPML Tutorial \u2013 How to Use WPML\" width=\"700\" height=\"394\" src=\"https:\/\/www.youtube.com\/embed\/bPPMBHos07g?feature=oembed\" frameborder=\"0\" allow=\"accelerometer; autoplay; clipboard-write; encrypted-media; gyroscope; picture-in-picture; web-share\" referrerpolicy=\"strict-origin-when-cross-origin\" allowfullscreen><\/iframe>"],"_oembed_time_1627dd72d49ee20d4f8553513920e405":["1767618750"],"_yoast_wpseo_title":["Tutoriel WPML \u2013 Comment configurer et utiliser WPML"],"_yoast_wpseo_metadesc":["Suivez le tutoriel officiel de WPML pour apprendre \u00e0 configurer WPML sur votre site WordPress et \u00e0 traduire du contenu."],"_yoast_wpseo_focuskw":["tutoriel wpml"],"_uag_css_file_name":["uag-css-104118.css"],"_uag_page_assets":["a:9:{s:3:\"css\";s:260:\".uag-blocks-common-selector{z-index:var(--z-index-desktop) !important}@media(max-width: 976px){.uag-blocks-common-selector{z-index:var(--z-index-tablet) !important}}@media(max-width: 767px){.uag-blocks-common-selector{z-index:var(--z-index-mobile) !important}}\";s:2:\"js\";s:0:\"\";s:18:\"current_block_list\";a:11:{i:0;s:24:\"toolset-blocks\/container\";i:1;s:22:\"toolset-blocks\/heading\";i:4;s:19:\"toolset-blocks\/grid\";i:5;s:26:\"toolset-blocks\/grid-column\";i:6;s:14:\"core\/paragraph\";i:7;s:9:\"core\/list\";i:8;s:14:\"core\/list-item\";i:9;s:12:\"core\/heading\";i:10;s:11:\"core\/spacer\";i:11;s:10:\"core\/embed\";i:12;s:14:\"core\/shortcode\";}s:8:\"uag_flag\";b:0;s:11:\"uag_version\";s:10:\"1778682616\";s:6:\"gfonts\";a:0:{}s:10:\"gfonts_url\";s:0:\"\";s:12:\"gfonts_files\";a:0:{}s:14:\"uag_faq_layout\";b:0;}"]},"uagb_featured_image_src":{"full":false,"thumbnail":false,"medium":false,"medium_large":false,"large":false,"1536x1536":false,"2048x2048":false,"gform-image-choice-sm":false,"gform-image-choice-md":false,"gform-image-choice-lg":false,"woocommerce_thumbnail":false,"woocommerce_single":false,"woocommerce_gallery_thumbnail":false},"uagb_author_info":{"display_name":"Amir","author_link":"https:\/\/wpml.org\/fr\/author\/admingm\/"},"uagb_comment_info":0,"uagb_excerpt":"WPML se compose de plusieurs modules. Le module de base rend les sites WordPress multilingues. D\u2019autres modules facilitent un processus de traduction am\u00e9lior\u00e9, la traduction de cha\u00eenes, la traduction de m\u00e9dias et d\u2019autres fonctions.","_links":{"self":[{"href":"https:\/\/wpml.org\/fr\/wp-json\/wp\/v2\/pages\/104118","targetHints":{"allow":["GET"]}}],"collection":[{"href":"https:\/\/wpml.org\/fr\/wp-json\/wp\/v2\/pages"}],"about":[{"href":"https:\/\/wpml.org\/fr\/wp-json\/wp\/v2\/types\/page"}],"author":[{"embeddable":true,"href":"https:\/\/wpml.org\/fr\/wp-json\/wp\/v2\/users\/1"}],"replies":[{"embeddable":true,"href":"https:\/\/wpml.org\/fr\/wp-json\/wp\/v2\/comments?post=104118"}],"version-history":[{"count":8,"href":"https:\/\/wpml.org\/fr\/wp-json\/wp\/v2\/pages\/104118\/revisions"}],"predecessor-version":[{"id":17854035,"href":"https:\/\/wpml.org\/fr\/wp-json\/wp\/v2\/pages\/104118\/revisions\/17854035"}],"up":[{"embeddable":true,"href":"https:\/\/wpml.org\/fr\/wp-json\/wp\/v2\/pages\/103464"}],"wp:attachment":[{"href":"https:\/\/wpml.org\/fr\/wp-json\/wp\/v2\/media?parent=104118"}],"wp:term":[{"taxonomy":"related-projects-category","embeddable":true,"href":"https:\/\/wpml.org\/fr\/wp-json\/wp\/v2\/related-projects-category?post=104118"}],"curies":[{"name":"wp","href":"https:\/\/api.w.org\/{rel}","templated":true}]}}