{"id":105096,"date":"2013-02-18T08:40:28","date_gmt":"2013-02-18T08:40:28","guid":{"rendered":"http:\/\/wpml.org\/documentation-6\/projets-connexes\/"},"modified":"2024-06-07T11:44:07","modified_gmt":"2024-06-07T11:44:07","slug":"projets-connexes","status":"publish","type":"page","link":"https:\/\/wpml.org\/fr\/documentation-6\/projets-connexes\/","title":{"rendered":"Projets connexes"},"content":{"rendered":"\n<div class=\"wp-block-toolset-blocks-container tb-container\" data-toolset-blocks-container=\"bd2e94b9989cc14eb39c6fbe0a58b640\"><div class=\"tb-container-inner\">\n<p class=\"tb-heading\" data-toolset-blocks-heading=\"fd2bebae4a20c4be8f67d0b557f121dc\" data-last-update=\"1.4\">En plus de WPML, nous fournissons des outils suppl\u00e9mentaires pour vous aider \u00e0 traduire divers aspects de votre site web. Cr\u00e9ez facilement un site web multilingue complet gr\u00e2ce \u00e0 nos solutions conviviales qui s&rsquo;int\u00e8grent parfaitement aux meilleures extensions WordPress.<\/p>\n<\/div><\/div>\n<div class=\"wpv-view-output\" data-toolset-views-view-editor=\"db951b03d71daa524cc05baa62f47590\"><div class=\"wpv-view-wrapper\"><div class=\"wpv-custom-search-loading-overlay js-wpv-custom-search-loading-overlay\" style=\"display:none;background:rgba( 255, 255, 255, 0 );\">\n\t\t\t\t\t<div class=\"spinner\">\n\t\t\t\t\t\t<div class=\"icon\" style=\"background:url(https:\/\/wpml.org\/wp-content\/plugins\/wp-views\/embedded\/res\/img\/ajax-loader3.svg)\"><\/div>\n\t\t\t\t\t<\/div>\n\t\t\t\t<\/div><div class=\"wp-block-toolset-views-view-editor\">\n<div class=\"wp-block-toolset-blocks-container tb-container\" data-toolset-blocks-container=\"f1f6cf433548e794e350cca473324a7f\"><div class=\"tb-container-inner\">\n<div class=\"wp-block-toolset-views-custom-search-container\"><form autocomplete=\"off\" name=\"wpv-filter-13463167-TCPID105096\" action=\"\/fr\/wp-json\/wp\/v2\/pages\/105096?wpv_view_count=13463167-TCPID105096\" method=\"get\" class=\"wpv-filter-form js-wpv-filter-form js-wpv-filter-form-13463167-TCPID105096 js-wpv-form-full js-wpv-dps-enabled js-wpv-ajax-results-enabled\" data-viewnumber=\"13463167-TCPID105096\" data-viewid=\"13463167\" data-viewhash=\"eyJuYW1lIjoicmVsYXRlZC1wcm9qZWN0cyJ9\" data-viewwidgetid=\"0\" data-orderby=\"\" data-order=\"\" data-orderbyas=\"\" data-orderbysecond=\"\" data-ordersecond=\"\" data-parametric=\"{&quot;query&quot;:&quot;normal&quot;,&quot;id&quot;:13463167,&quot;view_id&quot;:13463167,&quot;widget_id&quot;:0,&quot;view_hash&quot;:&quot;13463167-TCPID105096&quot;,&quot;action&quot;:&quot;\\\/fr\\\/wp-json\\\/wp\\\/v2\\\/pages\\\/105096?wpv_view_count=13463167-TCPID105096&quot;,&quot;sort&quot;:{&quot;orderby&quot;:&quot;&quot;,&quot;order&quot;:&quot;&quot;,&quot;orderby_as&quot;:&quot;&quot;,&quot;orderby_second&quot;:&quot;&quot;,&quot;order_second&quot;:&quot;&quot;},&quot;orderby&quot;:&quot;&quot;,&quot;order&quot;:&quot;&quot;,&quot;orderby_as&quot;:&quot;&quot;,&quot;orderby_second&quot;:&quot;&quot;,&quot;order_second&quot;:&quot;&quot;,&quot;ajax_form&quot;:&quot;&quot;,&quot;ajax_results&quot;:&quot;&quot;,&quot;effect&quot;:&quot;fade&quot;,&quot;prebefore&quot;:&quot;&quot;,&quot;before&quot;:&quot;&quot;,&quot;after&quot;:&quot;&quot;,&quot;attributes&quot;:[],&quot;environment&quot;:{&quot;current_post_id&quot;:105096,&quot;parent_post_id&quot;:105096,&quot;parent_term_id&quot;:0,&quot;parent_user_id&quot;:0,&quot;archive&quot;:{&quot;type&quot;:&quot;&quot;,&quot;name&quot;:&quot;&quot;,&quot;data&quot;:[]}},&quot;loop&quot;:{&quot;type&quot;:&quot;&quot;,&quot;name&quot;:&quot;&quot;,&quot;data&quot;:[],&quot;id&quot;:0}}\" data-attributes=\"[]\" data-environment=\"{&quot;current_post_id&quot;:105096,&quot;parent_post_id&quot;:105096,&quot;parent_term_id&quot;:0,&quot;parent_user_id&quot;:0,&quot;archive&quot;:{&quot;type&quot;:&quot;&quot;,&quot;name&quot;:&quot;&quot;,&quot;data&quot;:[]}}\"><input type=\"hidden\" class=\"js-wpv-dps-filter-data js-wpv-filter-data-for-this-form\" data-action=\"\/fr\/wp-json\/wp\/v2\/pages\/105096?wpv_view_count=13463167-TCPID105096\" data-page=\"1\" data-ajax=\"enable\" data-effect=\"fade\" data-maxpages=\"0\" data-ajaxprebefore=\"\" data-ajaxbefore=\"\" data-ajaxafter=\"\" \/><input class=\"wpv_view_count wpv_view_count-13463167-TCPID105096\" type=\"hidden\" name=\"wpv_view_count\" value=\"13463167-TCPID105096\" \/> <div>\n<div class=\"wp-block-toolset-blocks-grid tb-grid\" data-toolset-blocks-grid=\"83ae1f9bb26c3f4528f4604370d54270\">\n<div class=\"wp-block-toolset-blocks-grid-column tb-grid-column tb-grid-align-top\" data-toolset-blocks-grid-column=\"3034fbe886c11054e95b46b09d3e4112\"><\/div>\n\n\n\n<div class=\"wp-block-toolset-blocks-grid-column tb-grid-column tb-grid-align-top\" data-toolset-blocks-grid-column=\"3034fbe886c11054e95b46b09d3e4112\"><\/div>\n\n\n\n<div class=\"wp-block-toolset-blocks-grid-column tb-grid-column tb-grid-align-top\" data-toolset-blocks-grid-column=\"3034fbe886c11054e95b46b09d3e4112\">\n<div class=\"wp-block-toolset-views-custom-search-filter wpv-custom-search-filter wpv-custom-search-filter-label-top\" data-toolset-views-custom-search-filter=\"849814c662e41bf8c56007a999863a5a\"><div><div class=\"form-group\"><span class=\"wpv-custom-search-filter__input\"><select name=\"wpv-related-projects-category\" class=\"js-wpv-filter-trigger form-control\"><option selected='selected' value=\"0\">- Toutes les cat\u00e9gories -<\/option><option value=\"champs-personnalises\">Champs personnalis\u00e9s<\/option><option value=\"e-commerce-fr\">Commerce \u00e9lectronique<\/option><option value=\"build-advanced-sites-fr\">Cr\u00e9ez des sites avanc\u00e9s<\/option><option value=\"forms-fr\">Formulaires<\/option><option value=\"importation-exportation\">Importation \/ Exportation<\/option><option value=\"reseaux-sociaux-et-forums\">R\u00e9seaux sociaux et forums<\/option><option value=\"seo-fr\">SEO<\/option><\/select><\/span><\/div><\/div><\/div>\n<\/div>\n<\/div>\n<\/div> <\/form><\/div>\n\n\n<div id=\"wpv-view-layout-13463167-TCPID105096\" class=\"js-wpv-view-layout js-wpv-layout-responsive js-wpv-view-layout-13463167-TCPID105096\" data-viewnumber=\"13463167-TCPID105096\" data-pagination=\"{&quot;id&quot;:13463167,&quot;query&quot;:&quot;normal&quot;,&quot;type&quot;:&quot;disabled&quot;,&quot;effect&quot;:&quot;fade&quot;,&quot;duration&quot;:500,&quot;speed&quot;:5,&quot;pause_on_hover&quot;:&quot;enabled&quot;,&quot;stop_rollover&quot;:&quot;false&quot;,&quot;cache_pages&quot;:&quot;enabled&quot;,&quot;preload_images&quot;:&quot;enabled&quot;,&quot;preload_pages&quot;:&quot;enabled&quot;,&quot;preload_reach&quot;:1,&quot;spinner&quot;:&quot;builtin&quot;,&quot;spinner_image&quot;:&quot;https:\/\/wpml.org\/wp-content\/plugins\/wp-views\/embedded\/res\/img\/ajax-loader.gif&quot;,&quot;callback_next&quot;:&quot;&quot;,&quot;manage_history&quot;:&quot;disabled&quot;,&quot;has_controls_in_form&quot;:&quot;disabled&quot;,&quot;infinite_tolerance&quot;:&quot;0&quot;,&quot;max_pages&quot;:0,&quot;page&quot;:1,&quot;base_permalink&quot;:&quot;\/fr\/wp-json\/wp\/v2\/pages\/105096?wpv_view_count=13463167-TCPID105096&amp;wpv_paged=WPV_PAGE_NUM&quot;,&quot;loop&quot;:{&quot;type&quot;:&quot;&quot;,&quot;name&quot;:&quot;&quot;,&quot;data&quot;:[],&quot;id&quot;:0}}\" data-permalink=\"\/fr\/wp-json\/wp\/v2\/pages\/105096?wpv_view_count=13463167-TCPID105096\">\n<div class=\"js-wpv-loop-wrapper\"><div class=\"tb-grid\"><div class=\"tb-grid-column\">\n<div class=\"wp-block-toolset-views-view-template-block wpv-block-loop-item php-to-be-replaced-with-shortcode\" data-toolset-views-view-template-block=\"229f8d21fffe8fbefe2a50d84bf935b1\">\n<div class=\"tb-field showcase-tax\" data-toolset-blocks-field=\"7a1051273cf99f513dd823c9e02be522\" data-last-update=\"1.4\">Commerce \u00e9lectronique<\/div>\n\n\n\n<div class=\"tb-button mention-btn\" data-toolset-blocks-button=\"c99bd361af5061591097b01de874ee92\"><a class=\"tb-button__link\" href=\"https:\/\/wpml.org\/fr\/documentation-6\/projets-connexes\/woocommerce-multilingual-operez-des-sites-de-commerce-electronique-en-plusieurs-langues\/\"><span class=\"tb-button__content\">WPML Multilingual &amp; Multicurrency for WooCommerce &#8211; Traduire les boutiques<\/span><i class=\"tb-button__icon\"><\/i><\/a><\/div>\n\n\n\n<div class=\"tb-field\" data-toolset-blocks-field=\"0ffb88e4739c9090a743afdc5ca844ad\" data-last-update=\"1.4\">WPML Multilingual &amp; Multicurrency for WooCommerce facilite la gestion de sites e-commerce multilingues avec WooCommerce et WPML. Le plugin simplifie le processus de traduction, de sorte que vous n'avez qu'\u00e0 traduire les textes. Les traductions pour les...<\/div>\n<\/div>\n<\/div><div class=\"tb-grid-column\">\n<div class=\"wp-block-toolset-views-view-template-block wpv-block-loop-item php-to-be-replaced-with-shortcode\" data-toolset-views-view-template-block=\"229f8d21fffe8fbefe2a50d84bf935b1\">\n<div class=\"tb-field showcase-tax\" data-toolset-blocks-field=\"7a1051273cf99f513dd823c9e02be522\" data-last-update=\"1.4\"><\/div>\n\n\n\n<div class=\"tb-button mention-btn\" data-toolset-blocks-button=\"c99bd361af5061591097b01de874ee92\"><a class=\"tb-button__link\" href=\"https:\/\/wpml.org\/fr\/documentation-6\/projets-connexes\/importation-de-plusieurs-langues-avec-wp-all-import-et-wpml\/\"><span class=\"tb-button__content\">Importer plusieurs langues avec WP All Import et WPML<\/span><i class=\"tb-button__icon\"><\/i><\/a><\/div>\n\n\n\n<div class=\"tb-field\" data-toolset-blocks-field=\"0ffb88e4739c9090a743afdc5ca844ad\" data-last-update=\"1.4\">Avec WP All Import, WPML et l'extension WPML All Import, vous pouvez importer du contenu dans plusieurs langues. Cela inclut les articles, les pages, les produits WooCommerce, les taxonomies, les m\u00e9dias et d'autres champs personnalis\u00e9s et types...<\/div>\n<\/div>\n<\/div><div class=\"tb-grid-column\">\n<div class=\"wp-block-toolset-views-view-template-block wpv-block-loop-item php-to-be-replaced-with-shortcode\" data-toolset-views-view-template-block=\"229f8d21fffe8fbefe2a50d84bf935b1\">\n<div class=\"tb-field showcase-tax\" data-toolset-blocks-field=\"7a1051273cf99f513dd823c9e02be522\" data-last-update=\"1.4\">Importation \/ Exportation<\/div>\n\n\n\n<div class=\"tb-button mention-btn\" data-toolset-blocks-button=\"c99bd361af5061591097b01de874ee92\"><a class=\"tb-button__link\" href=\"https:\/\/wpml.org\/fr\/documentation-6\/projets-connexes\/exportation-et-importation-wpml\/\"><span class=\"tb-button__content\">WPML Export and Import<\/span><i class=\"tb-button__icon\"><\/i><\/a><\/div>\n\n\n\n<div class=\"tb-field\" data-toolset-blocks-field=\"0ffb88e4739c9090a743afdc5ca844ad\" data-last-update=\"1.4\"><span><span><a href=\"https:\/\/wpml.org\/fr\/accueil\/\">Home<\/a><\/span><\/span> WPML Export and Import \u2013 Exporter et importer facilement des traductions WPML Export and Import est un addon WPML pour importer du contenu multilingue \u00e0 partir de feuilles de calcul et d'autres sites vers votre site...<\/div>\n<\/div>\n<\/div><div class=\"tb-grid-column\">\n<div class=\"wp-block-toolset-views-view-template-block wpv-block-loop-item php-to-be-replaced-with-shortcode\" data-toolset-views-view-template-block=\"229f8d21fffe8fbefe2a50d84bf935b1\">\n<div class=\"tb-field showcase-tax\" data-toolset-blocks-field=\"7a1051273cf99f513dd823c9e02be522\" data-last-update=\"1.4\">Cr\u00e9ez des sites avanc\u00e9s<\/div>\n\n\n\n<div class=\"tb-button mention-btn\" data-toolset-blocks-button=\"c99bd361af5061591097b01de874ee92\"><a class=\"tb-button__link\" href=\"https:\/\/wpml.org\/fr\/documentation-6\/projets-connexes\/wpml-graphql-ajouter-des-fonctionnalites-multilingues-au-schema-wpgraphql\/\"><span class=\"tb-button__content\">WPML GraphQL &#8211; Ajouter une fonctionnalit\u00e9 multilingue au sch\u00e9ma WPGraphQL<\/span><i class=\"tb-button__icon\"><\/i><\/a><\/div>\n\n\n\n<div class=\"tb-field\" data-toolset-blocks-field=\"0ffb88e4739c9090a743afdc5ca844ad\" data-last-update=\"1.4\"><span><span><a href=\"https:\/\/wpml.org\/fr\/accueil\/\">Home<\/a><\/span><\/span> WPML GraphQL \u2013 Ajouter une fonctionnalit\u00e9 multilingue au sch\u00e9ma WPGraphQL WPML GraphQL vous permet de requ\u00eater, filtrer et r\u00e9cup\u00e9rer du contenu sp\u00e9cifique \u00e0 une langue et des traductions \u00e0 partir du sch\u00e9ma WPGraphQL. Obtenez WPML GraphQL...<\/div>\n<\/div>\n<\/div><div class=\"tb-grid-column\">\n<div class=\"wp-block-toolset-views-view-template-block wpv-block-loop-item php-to-be-replaced-with-shortcode\" data-toolset-views-view-template-block=\"229f8d21fffe8fbefe2a50d84bf935b1\">\n<div class=\"tb-field showcase-tax\" data-toolset-blocks-field=\"7a1051273cf99f513dd823c9e02be522\" data-last-update=\"1.4\">Champs personnalis\u00e9s, Cr\u00e9ez des sites avanc\u00e9s<\/div>\n\n\n\n<div class=\"tb-button mention-btn\" data-toolset-blocks-button=\"c99bd361af5061591097b01de874ee92\"><a class=\"tb-button__link\" href=\"https:\/\/wpml.org\/fr\/documentation-6\/projets-connexes\/advanced-custom-fields-multilingual-traduis-tous-les-champs-avec-wpml\/\"><span class=\"tb-button__content\">Advanced Custom Fields (ACF) multilingue &#8211; Traduire tous les champs avec WPML<\/span><i class=\"tb-button__icon\"><\/i><\/a><\/div>\n\n\n\n<div class=\"tb-field\" data-toolset-blocks-field=\"0ffb88e4739c9090a743afdc5ca844ad\" data-last-update=\"1.4\">WPML vous permet de traduire des sites cr\u00e9\u00e9s avec l'extension Advanced Custom Fields (ACF).<\/div>\n<\/div>\n<\/div><div class=\"tb-grid-column\">\n<div class=\"wp-block-toolset-views-view-template-block wpv-block-loop-item php-to-be-replaced-with-shortcode\" data-toolset-views-view-template-block=\"229f8d21fffe8fbefe2a50d84bf935b1\">\n<div class=\"tb-field showcase-tax\" data-toolset-blocks-field=\"7a1051273cf99f513dd823c9e02be522\" data-last-update=\"1.4\">SEO<\/div>\n\n\n\n<div class=\"tb-button mention-btn\" data-toolset-blocks-button=\"c99bd361af5061591097b01de874ee92\"><a class=\"tb-button__link\" href=\"https:\/\/wpml.org\/fr\/documentation-6\/projets-connexes\/wpml-seo\/\"><span class=\"tb-button__content\">WPML SEO<\/span><i class=\"tb-button__icon\"><\/i><\/a><\/div>\n\n\n\n<div class=\"tb-field\" data-toolset-blocks-field=\"0ffb88e4739c9090a743afdc5ca844ad\" data-last-update=\"1.4\">WPML SEO rend votre site multilingue compatible avec les plugins SEO populaires Yoast SEO et Rank Math. Touchez un public mondial en optimisant votre site pour les moteurs de recherche dans diff\u00e9rentes langues. Augmentez le trafic, am\u00e9liorez...<\/div>\n<\/div>\n<\/div><div class=\"tb-grid-column\">\n<div class=\"wp-block-toolset-views-view-template-block wpv-block-loop-item php-to-be-replaced-with-shortcode\" data-toolset-views-view-template-block=\"229f8d21fffe8fbefe2a50d84bf935b1\">\n<div class=\"tb-field showcase-tax\" data-toolset-blocks-field=\"7a1051273cf99f513dd823c9e02be522\" data-last-update=\"1.4\">Formulaires<\/div>\n\n\n\n<div class=\"tb-button mention-btn\" data-toolset-blocks-button=\"c99bd361af5061591097b01de874ee92\"><a class=\"tb-button__link\" href=\"https:\/\/wpml.org\/fr\/documentation-6\/projets-connexes\/utilisation-de-contact-form-7-avec-wpml\/\"><span class=\"tb-button__content\">WPML Multilingual for CF7<\/span><i class=\"tb-button__icon\"><\/i><\/a><\/div>\n\n\n\n<div class=\"tb-field\" data-toolset-blocks-field=\"0ffb88e4739c9090a743afdc5ca844ad\" data-last-update=\"1.4\">Contact Form 7 vous permet de cr\u00e9er, personnaliser et g\u00e9rer des formulaires en front-end pour votre site. Dans ce tutoriel, nous vous fournissons des instructions \u00e9tape par \u00e9tape pour rendre ces formulaires multilingues avec WPML.<\/div>\n<\/div>\n<\/div><div class=\"tb-grid-column\">\n<div class=\"wp-block-toolset-views-view-template-block wpv-block-loop-item php-to-be-replaced-with-shortcode\" data-toolset-views-view-template-block=\"229f8d21fffe8fbefe2a50d84bf935b1\">\n<div class=\"tb-field showcase-tax\" data-toolset-blocks-field=\"7a1051273cf99f513dd823c9e02be522\" data-last-update=\"1.4\">Formulaires<\/div>\n\n\n\n<div class=\"tb-button mention-btn\" data-toolset-blocks-button=\"c99bd361af5061591097b01de874ee92\"><a class=\"tb-button__link\" href=\"https:\/\/wpml.org\/fr\/documentation-6\/projets-connexes\/gravity-forms-multilingual\/\"><span class=\"tb-button__content\">Gravity Forms Multilingual<\/span><i class=\"tb-button__icon\"><\/i><\/a><\/div>\n\n\n\n<div class=\"tb-field\" data-toolset-blocks-field=\"0ffb88e4739c9090a743afdc5ca844ad\" data-last-update=\"1.4\">WPML vous permet de traduire les textes qui apparaissent dans vos Gravity Forms vers d'autres langues de votre site. Une fois traduits, le formulaire s'affiche automatiquement dans la bonne langue sur le front-end.<\/div>\n<\/div>\n<\/div><div class=\"tb-grid-column\">\n<div class=\"wp-block-toolset-views-view-template-block wpv-block-loop-item php-to-be-replaced-with-shortcode\" data-toolset-views-view-template-block=\"229f8d21fffe8fbefe2a50d84bf935b1\">\n<div class=\"tb-field showcase-tax\" data-toolset-blocks-field=\"7a1051273cf99f513dd823c9e02be522\" data-last-update=\"1.4\">Formulaires<\/div>\n\n\n\n<div class=\"tb-button mention-btn\" data-toolset-blocks-button=\"c99bd361af5061591097b01de874ee92\"><a class=\"tb-button__link\" href=\"https:\/\/wpml.org\/fr\/documentation-6\/projets-connexes\/mailchimp-for-wordpress-multilingual\/\"><span class=\"tb-button__content\">MailChimp for WordPress multilingue<\/span><i class=\"tb-button__icon\"><\/i><\/a><\/div>\n\n\n\n<div class=\"tb-field\" data-toolset-blocks-field=\"0ffb88e4739c9090a743afdc5ca844ad\" data-last-update=\"1.4\">MailChimp est un service en ligne populaire qui vous permet de distribuer des campagnes d'email automatis\u00e9es. L'int\u00e9gration entre le plugin MailChimp for WordPress et WPML vous permet de traduire les formulaires d'inscription et les messages associ\u00e9s.<\/div>\n<\/div>\n<\/div><div class=\"tb-grid-column\">\n<div class=\"wp-block-toolset-views-view-template-block wpv-block-loop-item php-to-be-replaced-with-shortcode\" data-toolset-views-view-template-block=\"229f8d21fffe8fbefe2a50d84bf935b1\">\n<div class=\"tb-field showcase-tax\" data-toolset-blocks-field=\"7a1051273cf99f513dd823c9e02be522\" data-last-update=\"1.4\">R\u00e9seaux sociaux et forums<\/div>\n\n\n\n<div class=\"tb-button mention-btn\" data-toolset-blocks-button=\"c99bd361af5061591097b01de874ee92\"><a class=\"tb-button__link\" href=\"https:\/\/wpml.org\/fr\/documentation-6\/projets-connexes\/buddypress-multilingual-traduisez-les-sites-buddypress-et-buddyboss\/\"><span class=\"tb-button__content\">Traduisez les sites BuddyPress et BuddyBoss avec WPML<\/span><i class=\"tb-button__icon\"><\/i><\/a><\/div>\n\n\n\n<div class=\"tb-field\" data-toolset-blocks-field=\"0ffb88e4739c9090a743afdc5ca844ad\" data-last-update=\"1.4\">BuddyPress vous permet de transformer votre site WordPress en r\u00e9seau social. WPML et son module compl\u00e9mentaire BuddyPress Multilingual permettent aux sites BuddyPress de fonctionner en plusieurs langues.<\/div>\n<\/div>\n<\/div><div class=\"tb-grid-column\">\n<div class=\"wp-block-toolset-views-view-template-block wpv-block-loop-item php-to-be-replaced-with-shortcode\" data-toolset-views-view-template-block=\"229f8d21fffe8fbefe2a50d84bf935b1\">\n<div class=\"tb-field showcase-tax\" data-toolset-blocks-field=\"7a1051273cf99f513dd823c9e02be522\" data-last-update=\"1.4\">Cr\u00e9ez des sites avanc\u00e9s<\/div>\n\n\n\n<div class=\"tb-button mention-btn\" data-toolset-blocks-button=\"c99bd361af5061591097b01de874ee92\"><a class=\"tb-button__link\" href=\"https:\/\/wpml.org\/fr\/documentation-6\/projets-connexes\/utiliser-elasticpress-sur-votre-site-multilingue\/\"><span class=\"tb-button__content\">WPML ElasticPress \u2013 R\u00e9sultats de recherche multilingues<\/span><i class=\"tb-button__icon\"><\/i><\/a><\/div>\n\n\n\n<div class=\"tb-field\" data-toolset-blocks-field=\"0ffb88e4739c9090a743afdc5ca844ad\" data-last-update=\"1.4\"><span><span><a href=\"https:\/\/wpml.org\/fr\/accueil\/\">Home<\/a><\/span><\/span> WPML ElasticPress \u2013 Afficher les r\u00e9sultats de recherche multilingues WPML ElasticPress vous permet d'afficher des r\u00e9sultats pertinents et sp\u00e9cifiques \u00e0 la langue pour les recherches effectu\u00e9es avec Elasticsearch. Obtenir WPML ElasticPress ...<\/div>\n<\/div>\n<\/div><div class=\"tb-grid-column\">\n<div class=\"wp-block-toolset-views-view-template-block wpv-block-loop-item php-to-be-replaced-with-shortcode\" data-toolset-views-view-template-block=\"229f8d21fffe8fbefe2a50d84bf935b1\">\n<div class=\"tb-field showcase-tax\" data-toolset-blocks-field=\"7a1051273cf99f513dd823c9e02be522\" data-last-update=\"1.4\">Formulaires<\/div>\n\n\n\n<div class=\"tb-button mention-btn\" data-toolset-blocks-button=\"c99bd361af5061591097b01de874ee92\"><a class=\"tb-button__link\" href=\"https:\/\/wpml.org\/fr\/documentation-6\/projets-connexes\/creer-des-formulaires-multilingual-en-utilisant-wpforms-et-wpml\/\"><span class=\"tb-button__content\">Cr\u00e9er des formulaires multilingues avec WPForms et WPML<\/span><i class=\"tb-button__icon\"><\/i><\/a><\/div>\n\n\n\n<div class=\"tb-field\" data-toolset-blocks-field=\"0ffb88e4739c9090a743afdc5ca844ad\" data-last-update=\"1.4\">WPForms est un plugin pour ajouter des formulaires de contact \u00e0 votre site WordPress. Dans ce guide, vous pouvez apprendre comment rendre vos WPForms multilingues en utilisant WPML.<\/div>\n<\/div>\n<\/div><div class=\"tb-grid-column\">\n<div class=\"wp-block-toolset-views-view-template-block wpv-block-loop-item php-to-be-replaced-with-shortcode\" data-toolset-views-view-template-block=\"229f8d21fffe8fbefe2a50d84bf935b1\">\n<div class=\"tb-field showcase-tax\" data-toolset-blocks-field=\"7a1051273cf99f513dd823c9e02be522\" data-last-update=\"1.4\">Formulaires<\/div>\n\n\n\n<div class=\"tb-button mention-btn\" data-toolset-blocks-button=\"c99bd361af5061591097b01de874ee92\"><a class=\"tb-button__link\" href=\"https:\/\/wpml.org\/fr\/documentation-6\/projets-connexes\/creer-des-formulaires-multilingual-en-utilisant-ninja-forms-et-wpml\/\"><span class=\"tb-button__content\">Cr\u00e9er des formulaires multilingues avec Ninja Forms et WPML<\/span><i class=\"tb-button__icon\"><\/i><\/a><\/div>\n\n\n\n<div class=\"tb-field\" data-toolset-blocks-field=\"0ffb88e4739c9090a743afdc5ca844ad\" data-last-update=\"1.4\">Ninja Forms est un constructeur de formulaires intuitif par glisser-d\u00e9poser pour WordPress. D\u00e9couvrez comment utiliser WPML pour cr\u00e9er des formulaires multilingues avec Ninja Forms.<\/div>\n<\/div>\n<\/div><\/div><\/div><\/div><\/div><\/div>\n<\/div><\/div><\/div>","protected":false},"excerpt":{"rendered":"<p>Outre WPML, nous maintenons \u00e9galement plusieurs projets connexes, qui permettent \u00e0 d&rsquo;autres types de sites de fonctionner en multilingue.  <\/p>\n","protected":false},"author":2,"featured_media":0,"parent":103464,"menu_order":67,"comment_status":"closed","ping_status":"closed","template":"nosidebar-template.php","meta":{"_bbp_topic_count":0,"_bbp_reply_count":0,"_bbp_total_topic_count":0,"_bbp_total_reply_count":0,"_bbp_voice_count":0,"_bbp_anonymous_reply_count":0,"_bbp_topic_count_hidden":0,"_bbp_reply_count_hidden":0,"_bbp_forum_subforum_count":0,"ep_exclude_from_search":false,"footnotes":""},"related-projects-category":[],"class_list":["post-105096","page","type-page","status-publish","hentry"],"_links":{"self":[{"href":"https:\/\/wpml.org\/fr\/wp-json\/wp\/v2\/pages\/105096","targetHints":{"allow":["GET"]}}],"collection":[{"href":"https:\/\/wpml.org\/fr\/wp-json\/wp\/v2\/pages"}],"about":[{"href":"https:\/\/wpml.org\/fr\/wp-json\/wp\/v2\/types\/page"}],"author":[{"embeddable":true,"href":"https:\/\/wpml.org\/fr\/wp-json\/wp\/v2\/users\/2"}],"replies":[{"embeddable":true,"href":"https:\/\/wpml.org\/fr\/wp-json\/wp\/v2\/comments?post=105096"}],"version-history":[{"count":8,"href":"https:\/\/wpml.org\/fr\/wp-json\/wp\/v2\/pages\/105096\/revisions"}],"predecessor-version":[{"id":15715887,"href":"https:\/\/wpml.org\/fr\/wp-json\/wp\/v2\/pages\/105096\/revisions\/15715887"}],"up":[{"embeddable":true,"href":"https:\/\/wpml.org\/fr\/wp-json\/wp\/v2\/pages\/103464"}],"wp:attachment":[{"href":"https:\/\/wpml.org\/fr\/wp-json\/wp\/v2\/media?parent=105096"}],"wp:term":[{"taxonomy":"related-projects-category","embeddable":true,"href":"https:\/\/wpml.org\/fr\/wp-json\/wp\/v2\/related-projects-category?post=105096"}],"curies":[{"name":"wp","href":"https:\/\/api.w.org\/{rel}","templated":true}]}}