{"id":107649,"date":"2011-01-03T13:25:51","date_gmt":"2011-01-03T13:25:51","guid":{"rendered":"http:\/\/wpml.org\/documentation-6\/traduire-vos-contenus\/utiliser-la-gestion-de-traduction-de-wpml\/"},"modified":"2025-07-23T06:52:35","modified_gmt":"2025-07-23T06:52:35","slug":"utiliser-la-gestion-de-traduction-de-wpml","status":"publish","type":"page","link":"https:\/\/wpml.org\/fr\/documentation-6\/traduire-vos-contenus\/utiliser-la-gestion-de-traduction-de-wpml\/","title":{"rendered":"\u00c9diteur de Traduction Classique"},"content":{"rendered":"\n<div class=\"wp-block-toolset-blocks-container tb-container alignfull\" data-toolset-blocks-container=\"f387b05605cc07c2cd98c64265b7121a\"><div class=\"tb-container-inner\">\n<p class=\"tb-heading has-text-color\" data-toolset-blocks-heading=\"0190bf5c0f5e682e6e1d8be7e6f401ac\" data-last-update=\"1.4\"><span><span><a href=\"https:\/\/wpml.org\/fr\/accueil\/\">Home<\/a><\/span><\/span><\/p>\n\n\n\n<div class=\"wp-block-toolset-blocks-grid tb-grid\" data-toolset-blocks-grid=\"4361e951e6234c2fe8a703abfa576eaf\">\n<div class=\"wp-block-toolset-blocks-grid-column tb-grid-column tb-grid-align-center\" data-toolset-blocks-grid-column=\"f586ff7bfe1d7317c63162ec7b7039ed\">\n<h1 class=\"tb-heading has-text-color\" data-toolset-blocks-heading=\"8325180aaf713663aafcf08bcb0c259e\" data-last-update=\"1.4\">\u00c9diteur de Traduction Classique<\/h1>\n\n\n\n<p class=\"tb-heading has-text-color\" data-toolset-blocks-heading=\"8ba3aef1f3dbe59b666309c56750fe7a\" data-last-update=\"1.4\">L&rsquo;\u00e9diteur de traduction classique est l&rsquo;\u00e9diteur h\u00e9rit\u00e9 de WPML pour traduire manuellement votre contenu WordPress. <\/p>\n\n\n\n<div class=\"wp-block-toolset-blocks-container tb-container\" data-toolset-blocks-container=\"c82e9e0659e57b43576db7a5c7cbe3f1\">\n<div class=\"wp-block-toolset-blocks-grid tb-grid\" data-toolset-blocks-grid=\"1b251135c9f43092d26db7e3b0813ee5\">\n<div class=\"wp-block-toolset-blocks-grid-column tb-grid-column tb-grid-align-top\" data-toolset-blocks-grid-column=\"3034fbe886c11054e95b46b09d3e4112\">\n<div class=\"wp-block-toolset-blocks-container tb-container\" data-toolset-blocks-container=\"68b068f047d669306e0b51110e335bb9\"><\/div>\n<\/div>\n\n\n\n<div class=\"wp-block-toolset-blocks-grid-column tb-grid-column tb-grid-align-top\" data-toolset-blocks-grid-column=\"3034fbe886c11054e95b46b09d3e4112\">\n<p class=\"tb-heading has-text-color\" data-toolset-blocks-heading=\"6b0edee257fd23ea76bab786d83a8c96\" data-last-update=\"1.4\">L&rsquo;\u00e9diteur de traduction classique est une fonctionnalit\u00e9 h\u00e9rit\u00e9e<\/p>\n\n\n\n<p class=\"tb-heading has-text-color\" data-toolset-blocks-heading=\"eba16063eb5d21f1fcee2cf9f73cc490\" data-last-update=\"1.4\">Pour une meilleure qualit\u00e9 de traduction, de nouvelles fonctionnalit\u00e9s et une exp\u00e9rience am\u00e9lior\u00e9e, utilisez l&rsquo;<a href=\"https:\/\/wpml.org\/fr\/documentation-6\/traduire-vos-contenus\/editeur-de-traduction-avance\/\">\u00c9diteur de traduction avanc\u00e9<\/a> de WPML.<\/p>\n<\/div>\n<\/div>\n<\/div>\n<\/div>\n\n\n\n<div class=\"wp-block-toolset-blocks-grid-column tb-grid-column tb-grid-align-center\" data-toolset-blocks-grid-column=\"c77f65d01bb1c283e93f285b389d97af\">\n<div class=\"wp-block-toolset-blocks-container tb-container\" data-toolset-blocks-container=\"078846b7af3cea9833ff22d2e5f7ebe0\"><\/div>\n<\/div>\n<\/div>\n<\/div><\/div>\n\n<div class=\"wp-block-toolset-blocks-container tb-container product-page-content\" data-toolset-blocks-container=\"e1a032ee275feb5f5d1145d8144f8bec\"><div class=\"tb-container-inner\">\n<div style=\"height:25px\" aria-hidden=\"true\" class=\"wp-block-spacer\"><\/div>\n\n\n\n<h2 class=\"wp-block-heading\">Qu&rsquo;est-ce que l&rsquo;\u00e9diteur de traduction classique ?<\/h2>\n\n\n\n<p>L&rsquo;\u00c9diteur de traduction classique est l&rsquo;\u00e9diteur h\u00e9rit\u00e9 de WPML pour traduire le contenu de votre site vous-m\u00eame. Bien que vous puissiez encore l&rsquo;utiliser, sa technologie obsol\u00e8te pr\u00e9sente un risque plus \u00e9lev\u00e9 de casser le balisage de votre site en front-end. <\/p>\n\n\n\n<p>Par exemple, contrairement \u00e0 l&rsquo;<a href=\"https:\/\/wpml.org\/fr\/documentation-6\/traduire-vos-contenus\/editeur-de-traduction-avance\/\">\u00c9diteur de traduction avanc\u00e9<\/a>, l&rsquo;\u00e9diteur classique ne g\u00e8re pas automatiquement les balises HTML. Cela signifie que vous devez ajouter manuellement le balisage HTML lors de la traduction du contenu, et risquez de casser vos pages si vous faites accidentellement une erreur. <br\/><br\/>L&rsquo;\u00e9diteur classique ne prend \u00e9galement pas en charge les fonctionnalit\u00e9s importantes suivantes :<\/p>\n\n\n\n<ul class=\"wp-block-list\">\n<li>Traduction automatique<\/li>\n\n\n\n<li>Traduction des m\u00e9dias<\/li>\n\n\n\n<li>M\u00e9moire de traduction<\/li>\n\n\n\n<li>Glossaire<\/li>\n<\/ul>\n\n\n\n<div style=\"height:25px\" aria-hidden=\"true\" class=\"wp-block-spacer\"><\/div>\n\n\n\n<h2 class=\"wp-block-heading\">Choisir votre \u00e9diteur de traduction<\/h2>\n\n\n\n<p>Pour choisir un \u00e9diteur de traduction, allez dans <strong>WPML<\/strong> \u2192 <strong>R\u00e9glages<\/strong>, faites d\u00e9filer jusqu&rsquo;\u00e0 la section <strong>\u00c9diteur de traduction<\/strong>, et s\u00e9lectionnez l&rsquo;\u00e9diteur avec lequel vous voulez traduire. <\/p>\n\n\n\n<p>Puisque l&rsquo;\u00e9diteur classique est une fonctionnalit\u00e9 h\u00e9rit\u00e9e, nous recommandons fortement d&rsquo;utiliser le nouvel <a href=\"https:\/\/wpml.org\/fr\/documentation-6\/traduire-vos-contenus\/editeur-de-traduction-avance\/\">\u00c9diteur de traduction avanc\u00e9<\/a>. <\/p>\n\n\n\n<div style=\"height:25px\" aria-hidden=\"true\" class=\"wp-block-spacer\"><\/div>\n\n\n\n<h2 class=\"wp-block-heading\">Comment traduire avec l&rsquo;\u00e9diteur de traduction classique<\/h2>\n\n\n\n<p>Pour traduire avec l&rsquo;\u00e9diteur de traduction classique : <\/p>\n\n\n\n<ol class=\"wp-block-list\">\n<li>Allez dans <strong>WPML<\/strong> \u2192 <strong>tableau de bord des traductions<\/strong>.<\/li>\n\n\n\n<li>S\u00e9lectionnez le contenu que vous voulez traduire et envoyez-le pour traduction. <\/li>\n\n\n\n<li>Ensuite, allez dans <strong>WPML<\/strong> \u2192 <strong>Traductions<\/strong> et cliquez sur le bouton <strong>Traduire<\/strong>. Cela ouvrira l&rsquo;\u00c9diteur de traduction classique.  <\/li>\n<\/ol>\n\n\n\n<figure class=\"wp-block-image tb-image tb-image-dynamic tb-image-frame-none\" data-toolset-blocks-image=\"ebf0a3e23bf9d6fcb4239141d9f5f363\"><a href=\"https:\/\/wpml.org\/wp-content\/uploads\/2024\/10\/Translating-a-page-with-WPMLs-Classic-Translation-Editor.png\"><img decoding=\"async\" width=\"1024\" height=\"713\" loading=\"lazy\" src=\"https:\/\/wpml.org\/wp-content\/uploads\/2024\/10\/Translating-a-page-with-WPMLs-Classic-Translation-Editor-1024x713.png\" alt=\"Translating a page with WPML\u2019s Classic Translation Editor\" class=\"wp-image-16246007\" srcset=\"https:\/\/wpml.org\/wp-content\/uploads\/2024\/10\/Translating-a-page-with-WPMLs-Classic-Translation-Editor-1024x713.png 1024w, https:\/\/wpml.org\/wp-content\/uploads\/2024\/10\/Translating-a-page-with-WPMLs-Classic-Translation-Editor-300x209.png 300w, https:\/\/wpml.org\/wp-content\/uploads\/2024\/10\/Translating-a-page-with-WPMLs-Classic-Translation-Editor-150x104.png 150w, https:\/\/wpml.org\/wp-content\/uploads\/2024\/10\/Translating-a-page-with-WPMLs-Classic-Translation-Editor-768x535.png 768w, https:\/\/wpml.org\/wp-content\/uploads\/2024\/10\/Translating-a-page-with-WPMLs-Classic-Translation-Editor.png 1242w\" sizes=\"auto, (max-width: 1024px) 100vw, 1024px\" \/><\/a><figcaption><div class=\"tb-image-caption\">Traduire une page avec l&rsquo;\u00c9diteur de traduction classique de WPML<\/div><\/figcaption><\/figure>\n\n\n\n<ol start=\"4\" class=\"wp-block-list\">\n<li>Saisissez manuellement vos traductions dans les conteneurs et cliquez sur <strong>Enregistrer<\/strong> pour les publier sur votre site. <\/li>\n<\/ol>\n\n\n\n<div style=\"height:25px\" aria-hidden=\"true\" class=\"wp-block-spacer\"><\/div>\n\n\n\n<p>N&rsquo;oubliez pas \u2013 un balisage HTML incorrect peut casser vos pages, alors v\u00e9rifiez bien vos traductions avant de les enregistrer. <\/p>\n<\/div><\/div>\n","protected":false},"excerpt":{"rendered":"","protected":false},"author":2,"featured_media":0,"parent":105101,"menu_order":101,"comment_status":"closed","ping_status":"closed","template":"template-full.php","meta":{"_bbp_topic_count":0,"_bbp_reply_count":0,"_bbp_total_topic_count":0,"_bbp_total_reply_count":0,"_bbp_voice_count":0,"_bbp_anonymous_reply_count":0,"_bbp_topic_count_hidden":0,"_bbp_reply_count_hidden":0,"_bbp_forum_subforum_count":0,"ep_exclude_from_search":false,"footnotes":""},"related-projects-category":[],"class_list":["post-107649","page","type-page","status-publish","hentry"],"_links":{"self":[{"href":"https:\/\/wpml.org\/fr\/wp-json\/wp\/v2\/pages\/107649","targetHints":{"allow":["GET"]}}],"collection":[{"href":"https:\/\/wpml.org\/fr\/wp-json\/wp\/v2\/pages"}],"about":[{"href":"https:\/\/wpml.org\/fr\/wp-json\/wp\/v2\/types\/page"}],"author":[{"embeddable":true,"href":"https:\/\/wpml.org\/fr\/wp-json\/wp\/v2\/users\/2"}],"replies":[{"embeddable":true,"href":"https:\/\/wpml.org\/fr\/wp-json\/wp\/v2\/comments?post=107649"}],"version-history":[{"count":8,"href":"https:\/\/wpml.org\/fr\/wp-json\/wp\/v2\/pages\/107649\/revisions"}],"predecessor-version":[{"id":17261724,"href":"https:\/\/wpml.org\/fr\/wp-json\/wp\/v2\/pages\/107649\/revisions\/17261724"}],"up":[{"embeddable":true,"href":"https:\/\/wpml.org\/fr\/wp-json\/wp\/v2\/pages\/105101"}],"wp:attachment":[{"href":"https:\/\/wpml.org\/fr\/wp-json\/wp\/v2\/media?parent=107649"}],"wp:term":[{"taxonomy":"related-projects-category","embeddable":true,"href":"https:\/\/wpml.org\/fr\/wp-json\/wp\/v2\/related-projects-category?post=107649"}],"curies":[{"name":"wp","href":"https:\/\/api.w.org\/{rel}","templated":true}]}}