{"id":108130,"date":"2013-03-01T13:38:31","date_gmt":"2013-03-01T13:38:31","guid":{"rendered":"http:\/\/wpml.org\/documentation-6\/informations-pour-les-developpeurs\/debogage-de-wpml\/"},"modified":"2024-06-07T12:03:36","modified_gmt":"2024-06-07T12:03:36","slug":"debogage-de-wpml","status":"publish","type":"page","link":"https:\/\/wpml.org\/fr\/documentation-6\/informations-pour-les-developpeurs\/debogage-de-wpml\/","title":{"rendered":"D\u00e9bogage de WPML"},"content":{"rendered":"<h2>Activation de la fonctionnalit\u00e9 de d\u00e9bogage int\u00e9gr\u00e9e \u00e0 WordPress<\/h2>\n<p>WordPress comprend un mode de d\u00e9bogage qui permet de r\u00e9v\u00e9ler les probl\u00e8mes de PHP.<\/p>\n<p>Pour l&rsquo;activer, ouvrez votre fichier <strong>wp-config.php<\/strong> et recherchez <strong>define(&lsquo;WP_DEBUG&rsquo;, false) ;.<\/strong> Remplacez-la par :<\/p>\n<pre>define('WP_DEBUG', true);<\/pre>\n<p>Pour activer le journal des erreurs dans un fichier du serveur, vous devez ajouter une autre ligne similaire :<\/p>\n<pre>define( 'WP_DEBUG_LOG', true );<\/pre>\n<p>Dans ce cas, les erreurs seront enregistr\u00e9es dans un fichier <strong><br \/>\n  <tt>d\u00e9bogage.log<\/tt><br \/>\n<\/strong> dans un fichier de journal connect\u00e9 au r\u00e9pertoire <strong><br \/>\n  <tt>\/wp-content\/ <\/tt><br \/>\n<\/strong>dans le r\u00e9pertoire \/wp-content\/.<\/p>\n<p>\u00c0 moins que vous ne souhaitiez afficher les erreurs sur la page au fur et \u00e0 mesure que les internautes visitent votre site web, vous devrez ajouter cette ligne, imm\u00e9diatement apr\u00e8s la ligne mentionn\u00e9e ci-dessus :<\/p>\n<pre>define( 'WP_DEBUG_DISPLAY', false );<\/pre>\n<p>Le fichier <strong>wp-config.php<\/strong> se trouve dans le r\u00e9pertoire racine de votre WordPress. C&rsquo;est dans ce m\u00eame fichier que se trouvent les param\u00e8tres de configuration de la base de donn\u00e9es. Vous devrez y acc\u00e9der par FTP ou SFTP pour l&rsquo;\u00e9diter.<\/p>\n<p>Si vous ouvrez <strong>wp-config.php<\/strong> et que cette d\u00e9claration de d\u00e9finition ne s&rsquo;y trouve pas, vous pouvez l&rsquo;ajouter juste avant cette ligne :<\/p>\n<pre>\/* That's all, stop editing! Happy blogging. *\/<\/pre>\n<p>Veuillez noter que vous verrez tout, et pas seulement ce qui concerne WPML. Il s&rsquo;agira tr\u00e8s probablement de messages provenant d&rsquo;autres extensions, de votre th\u00e8me et parfois m\u00eame du c\u0153ur de WordPress. Les messages apparaissent un peu partout. Ils apparaissent parfois en haut de la page, mais aussi au milieu de la page.<\/p>\n<h2>Comment nous envoyer des rapports de bogue ?<\/h2>\n<p>Notre <a href=\"https:\/\/wpml.org\/forums\/forum\/english-support\/\">forum d&rsquo;assistance technique<\/a> est le meilleur endroit pour envoyer des rapports de bogue. Les supporters de WPML surveillent chaque article et y r\u00e9pondent rapidement. Ils alerteront l&rsquo;\u00e9quipe de d\u00e9veloppement de WPML afin d&rsquo;\u00e9valuer et de traiter correctement les rapports de bogue que vous portez \u00e0 notre attention. Vous pouvez vous abonner pour recevoir des notifications par courrier \u00e9lectronique sur les commentaires de votre fil afin de recevoir nos r\u00e9ponses d\u00e8s qu&rsquo;elles sont disponibles.<\/p>\n<h3>Comment envoyer le fichier debogage.log aux supporters ?<\/h3>\n<p>Dans la plupart des cas, vous trouverez le fichier de <strong>d\u00e9bogage.Journal<\/strong> dans le dossier <strong>wp-content<\/strong>. En fonction des param\u00e8tres de votre serveur, utilisez le protocole FTP ou une autre m\u00e9thode pour obtenir le fichier de <strong>journal de d\u00e9bogage<\/strong>. Vous pouvez ensuite nous envoyer son Contenu.<\/p>\n<h3>Comment envoyer le fichier communication.log aux supporters ?<\/h3>\n<p>Vous pouvez trouver votre Journal de communication en allant sur la page <strong>WPML <\/strong>-&gt; <strong>Support<\/strong>. Sur cette page, cliquez sur le lien Journal de communication. Copiez les informations du Journal et fournissez-les dans le forum lorsque l&rsquo;\u00e9quipe d&rsquo;assistance WPML vous le demande.<\/p>\n<figure id=\"attachment_4763347\" aria-describedby=\"caption-attachment-4763347\" style=\"width: 714px\" class=\"wp-caption aligncenter\"><a href=\"https:\/\/wpml.org\/wp-content\/uploads\/2019\/10\/wpml-communication-log.png\"><img decoding=\"async\" class=\"img-border wp-image-4763347 size-full\" src=\"https:\/\/wpml.org\/wp-content\/uploads\/2019\/10\/wpml-communication-log.png\" alt=\"Acc\u00e9der \u00e0 la page du Journal des communications\" width=\"714\" height=\"487\" srcset=\"https:\/\/wpml.org\/wp-content\/uploads\/2019\/10\/wpml-communication-log.png 714w, https:\/\/wpml.org\/wp-content\/uploads\/2019\/10\/wpml-communication-log-150x102.png 150w, https:\/\/wpml.org\/wp-content\/uploads\/2019\/10\/wpml-communication-log-300x205.png 300w\" sizes=\"(max-width: 714px) 100vw, 714px\" \/><\/a><figcaption id=\"caption-attachment-4763347\" class=\"wp-caption-text\">Acc\u00e9der \u00e0 la page du Journal des communications<\/figcaption><\/figure>\n<p>&nbsp;<\/p>\n","protected":false},"excerpt":{"rendered":"<p>Activation de la fonctionnalit\u00e9 de d\u00e9bogage int\u00e9gr\u00e9e \u00e0 WordPress WordPress comprend un mode de d\u00e9bogage qui permet de r\u00e9v\u00e9ler les probl\u00e8mes de PHP. Pour l&rsquo;activer, ouvrez votre fichier wp-config.php et recherchez define(&lsquo;WP_DEBUG&rsquo;, false) ;. Remplacez-la par : define(&lsquo;WP_DEBUG&rsquo;, true); Pour activer le journal des erreurs dans un fichier du serveur, vous devez ajouter une autre [&hellip;]<\/p>\n","protected":false},"author":2,"featured_media":0,"parent":105281,"menu_order":53,"comment_status":"closed","ping_status":"closed","template":"","meta":{"_bbp_topic_count":0,"_bbp_reply_count":0,"_bbp_total_topic_count":0,"_bbp_total_reply_count":0,"_bbp_voice_count":0,"_bbp_anonymous_reply_count":0,"_bbp_topic_count_hidden":0,"_bbp_reply_count_hidden":0,"_bbp_forum_subforum_count":0,"_uag_custom_page_level_css":"","ep_exclude_from_search":false,"footnotes":""},"related-projects-category":[],"class_list":["post-108130","page","type-page","status-publish","hentry"],"spectra_custom_meta":{"ratings_users":["0"],"ratings_score":["0"],"ratings_average":["0"],"_wp_page_template":["default"],"_icl_translation":["1"],"_views_template":["0"],"_alp_processed":["1717761817"],"_wpml_media_featured":["1"],"_subscription_coupon_product_id":["0"],"_last_translation_edit_mode":["translation-editor"],"_oembed_9596c0d9095e7ce9cc90624324ef4422":["<iframe title=\"Duplicator For WordPress Quick Overview\" width=\"700\" height=\"394\" src=\"https:\/\/www.youtube.com\/embed\/yZ7pHmR9JC8?feature=oembed&enablejsapi=1&origin=https:\/\/wpml.org\" frameborder=\"0\" allow=\"accelerometer; autoplay; clipboard-write; encrypted-media; gyroscope; picture-in-picture\" allowfullscreen><\/iframe>"],"_oembed_time_9596c0d9095e7ce9cc90624324ef4422":["1645798665"],"_oembed_12570cf8030926800bac0f1584e1e153":["<iframe title=\"How to use the backup wizard in cpanel\" width=\"700\" height=\"394\" src=\"https:\/\/www.youtube.com\/embed\/eS-tCkc-gm0?feature=oembed&enablejsapi=1&origin=https:\/\/wpml.org\" frameborder=\"0\" allow=\"accelerometer; autoplay; clipboard-write; encrypted-media; gyroscope; picture-in-picture\" allowfullscreen><\/iframe>"],"_oembed_time_12570cf8030926800bac0f1584e1e153":["1645798665"],"_oembed_1c0ef2e069ab1e666be8a1bac83a42ee":["{{unknown}}"],"_oembed_e9018e6807d31b4505b7ad464275fdce":["<iframe title=\"How to copy multiple accounts from another server to your WHM server using SSH\" width=\"525\" height=\"394\" src=\"https:\/\/www.youtube.com\/embed\/C6ro9h0qowU?feature=oembed&enablejsapi=1&origin=https:\/\/wpml.org\" frameborder=\"0\" allow=\"accelerometer; autoplay; clipboard-write; encrypted-media; gyroscope; picture-in-picture\" allowfullscreen><\/iframe>"],"_oembed_time_e9018e6807d31b4505b7ad464275fdce":["1645798665"],"_oembed_9052213bd50132682bbabb79e50bace9":["<iframe title=\"How to use FTP to upload files to WordPress for Beginners\" width=\"700\" height=\"394\" src=\"https:\/\/www.youtube.com\/embed\/_nDQz1JQfYA?feature=oembed&enablejsapi=1&origin=https:\/\/wpml.org\" frameborder=\"0\" allow=\"accelerometer; autoplay; clipboard-write; encrypted-media; gyroscope; picture-in-picture\" allowfullscreen><\/iframe>"],"_oembed_time_9052213bd50132682bbabb79e50bace9":["1645798665"],"_oembed_cfcc8d32f359dd000173b240cccb4392":["{{unknown}}"],"_wpml_media_duplicate":["0"],"_top_nav_excluded":[""],"_cms_nav_minihome":[""],"_uag_css_file_name":["uag-css-108130.css"],"_uag_page_assets":["a:9:{s:3:\"css\";s:260:\".uag-blocks-common-selector{z-index:var(--z-index-desktop) !important}@media(max-width: 976px){.uag-blocks-common-selector{z-index:var(--z-index-tablet) !important}}@media(max-width: 767px){.uag-blocks-common-selector{z-index:var(--z-index-mobile) !important}}\";s:2:\"js\";s:0:\"\";s:18:\"current_block_list\";a:1:{i:0;s:14:\"core\/shortcode\";}s:8:\"uag_flag\";b:0;s:11:\"uag_version\";s:10:\"1778601748\";s:6:\"gfonts\";a:0:{}s:10:\"gfonts_url\";s:0:\"\";s:12:\"gfonts_files\";a:0:{}s:14:\"uag_faq_layout\";b:0;}"]},"uagb_featured_image_src":{"full":false,"thumbnail":false,"medium":false,"medium_large":false,"large":false,"1536x1536":false,"2048x2048":false,"gform-image-choice-sm":false,"gform-image-choice-md":false,"gform-image-choice-lg":false,"woocommerce_thumbnail":false,"woocommerce_single":false,"woocommerce_gallery_thumbnail":false},"uagb_author_info":{"display_name":"Amir","author_link":"https:\/\/wpml.org\/fr\/author\/amir\/"},"uagb_comment_info":0,"uagb_excerpt":"Activation de la fonctionnalit\u00e9 de d\u00e9bogage int\u00e9gr\u00e9e \u00e0 WordPress WordPress comprend un mode de d\u00e9bogage qui permet de r\u00e9v\u00e9ler les probl\u00e8mes de PHP. Pour l&rsquo;activer, ouvrez votre fichier wp-config.php et recherchez define(&lsquo;WP_DEBUG&rsquo;, false) ;. Remplacez-la par : define('WP_DEBUG', true); Pour activer le journal des erreurs dans un fichier du serveur, vous devez ajouter une autre\u2026","_links":{"self":[{"href":"https:\/\/wpml.org\/fr\/wp-json\/wp\/v2\/pages\/108130","targetHints":{"allow":["GET"]}}],"collection":[{"href":"https:\/\/wpml.org\/fr\/wp-json\/wp\/v2\/pages"}],"about":[{"href":"https:\/\/wpml.org\/fr\/wp-json\/wp\/v2\/types\/page"}],"author":[{"embeddable":true,"href":"https:\/\/wpml.org\/fr\/wp-json\/wp\/v2\/users\/2"}],"replies":[{"embeddable":true,"href":"https:\/\/wpml.org\/fr\/wp-json\/wp\/v2\/comments?post=108130"}],"version-history":[{"count":3,"href":"https:\/\/wpml.org\/fr\/wp-json\/wp\/v2\/pages\/108130\/revisions"}],"predecessor-version":[{"id":15716354,"href":"https:\/\/wpml.org\/fr\/wp-json\/wp\/v2\/pages\/108130\/revisions\/15716354"}],"up":[{"embeddable":true,"href":"https:\/\/wpml.org\/fr\/wp-json\/wp\/v2\/pages\/105281"}],"wp:attachment":[{"href":"https:\/\/wpml.org\/fr\/wp-json\/wp\/v2\/media?parent=108130"}],"wp:term":[{"taxonomy":"related-projects-category","embeddable":true,"href":"https:\/\/wpml.org\/fr\/wp-json\/wp\/v2\/related-projects-category?post=108130"}],"curies":[{"name":"wp","href":"https:\/\/api.w.org\/{rel}","templated":true}]}}