{"id":10915565,"date":"2022-08-08T11:03:32","date_gmt":"2022-08-08T11:03:32","guid":{"rendered":"https:\/\/wpml.org\/?page_id=10915565"},"modified":"2022-08-08T11:05:54","modified_gmt":"2022-08-08T11:05:54","slug":"anciens-composants-wpml","status":"publish","type":"page","link":"https:\/\/wpml.org\/fr\/anciens-composants-wpml\/","title":{"rendered":"Anciens composants WPML"},"content":{"rendered":"\n<h2 class=\"wp-block-heading\">Anciens composants WPML<\/h2>\n\n<p>N\u00e9cessaire uniquement pour les sites fonctionnant sur des versions de WPML ant\u00e9rieures \u00e0 4.5.<\/p>\n","protected":false},"excerpt":{"rendered":"<p>Anciens composants WPML N\u00e9cessaire uniquement pour les sites fonctionnant sur des versions de WPML ant\u00e9rieures \u00e0 4.5.<\/p>\n","protected":false},"author":235250,"featured_media":0,"parent":0,"menu_order":0,"comment_status":"closed","ping_status":"closed","template":"","meta":{"_bbp_topic_count":0,"_bbp_reply_count":0,"_bbp_total_topic_count":0,"_bbp_total_reply_count":0,"_bbp_voice_count":0,"_bbp_anonymous_reply_count":0,"_bbp_topic_count_hidden":0,"_bbp_reply_count_hidden":0,"_bbp_forum_subforum_count":0,"ep_exclude_from_search":false,"footnotes":""},"related-projects-category":[],"class_list":["post-10915565","page","type-page","status-publish","hentry"],"_links":{"self":[{"href":"https:\/\/wpml.org\/fr\/wp-json\/wp\/v2\/pages\/10915565","targetHints":{"allow":["GET"]}}],"collection":[{"href":"https:\/\/wpml.org\/fr\/wp-json\/wp\/v2\/pages"}],"about":[{"href":"https:\/\/wpml.org\/fr\/wp-json\/wp\/v2\/types\/page"}],"author":[{"embeddable":true,"href":"https:\/\/wpml.org\/fr\/wp-json\/wp\/v2\/users\/235250"}],"replies":[{"embeddable":true,"href":"https:\/\/wpml.org\/fr\/wp-json\/wp\/v2\/comments?post=10915565"}],"version-history":[{"count":1,"href":"https:\/\/wpml.org\/fr\/wp-json\/wp\/v2\/pages\/10915565\/revisions"}],"predecessor-version":[{"id":10915567,"href":"https:\/\/wpml.org\/fr\/wp-json\/wp\/v2\/pages\/10915565\/revisions\/10915567"}],"wp:attachment":[{"href":"https:\/\/wpml.org\/fr\/wp-json\/wp\/v2\/media?parent=10915565"}],"wp:term":[{"taxonomy":"related-projects-category","embeddable":true,"href":"https:\/\/wpml.org\/fr\/wp-json\/wp\/v2\/related-projects-category?post=10915565"}],"curies":[{"name":"wp","href":"https:\/\/api.w.org\/{rel}","templated":true}]}}