{"id":11414645,"date":"2013-07-10T10:54:22","date_gmt":"2013-07-10T10:54:22","guid":{"rendered":"https:\/\/wpml.org\/documentation-6\/projets-connexes\/optimiser-les-sites-multilingues-a-laide-de-yoast-seo-et-wpml\/"},"modified":"2026-02-26T08:11:06","modified_gmt":"2026-02-26T08:11:06","slug":"optimiser-les-sites-multilingues-a-laide-de-yoast-seo-et-wpml","status":"publish","type":"page","link":"https:\/\/wpml.org\/fr\/documentation-6\/compatibilite-avec-des-modules-dextension\/optimiser-les-sites-multilingues-a-laide-de-yoast-seo-et-wpml\/","title":{"rendered":"Yoast SEO Multilingue \u2013 Optimiser les sites avec WPML"},"content":{"rendered":"\n<div class=\"tb-fields-and-text\" data-toolset-blocks-fields-and-text=\"1bfdc8431e59bcf096caffac6389cfaf\"><p><img decoding=\"async\" class=\"size-full wp-image-15661604 aligncenter\" src=\"https:\/\/wpml.org\/wp-content\/uploads\/2024\/05\/Banner-YoastSEO-1-min.png\" alt=\"\" width=\"1400\" height=\"540\" srcset=\"https:\/\/wpml.org\/wp-content\/uploads\/2024\/05\/Banner-YoastSEO-1-min.png 1400w, https:\/\/wpml.org\/wp-content\/uploads\/2024\/05\/Banner-YoastSEO-1-min-300x116.png 300w, https:\/\/wpml.org\/wp-content\/uploads\/2024\/05\/Banner-YoastSEO-1-min-1024x395.png 1024w, https:\/\/wpml.org\/wp-content\/uploads\/2024\/05\/Banner-YoastSEO-1-min-150x58.png 150w, https:\/\/wpml.org\/wp-content\/uploads\/2024\/05\/Banner-YoastSEO-1-min-768x296.png 768w\" sizes=\"(max-width: 1400px) 100vw, 1400px\" \/><\/p><\/div>\n\n<p class=\"lead\">D\u00e9couvrez comment traduire les m\u00e9ta-informations de Yoast SEO dans plus de langues et optimiser votre site pour le r\u00e9f\u00e9rencement multilingue.<\/p>\n\n<div class=\"wp-block-toolset-blocks-grid tb-grid\" data-toolset-blocks-grid=\"53f136bfa28f200d6e261a82c95996b5\">\n<div class=\"wp-block-toolset-blocks-grid-column tb-grid-column tb-grid-align-top\" data-toolset-blocks-grid-column=\"3034fbe886c11054e95b46b09d3e4112\">\n<div class=\"wp-block-toolset-blocks-container tb-container\" data-toolset-blocks-container=\"be73f458495d79428d7e89cedc1b399f\"><\/div>\n\n\n\n<p class=\"tb-heading\" data-toolset-blocks-heading=\"6eee2a0222dd86c811e3129fc3ca4915\" data-last-update=\"1.4\">Traduire les \u00e9l\u00e9ments SEO sur la page<\/p>\n\n\n\n<p class=\"tb-heading has-text-color\" data-toolset-blocks-heading=\"8f22bb68207bdb49cdf90c813ccae5c6\" data-last-update=\"1.4\">Traduisez les titres, les m\u00e9ta-descriptions, les slugs d&rsquo;URL et bien plus encore<\/p>\n<\/div>\n\n\n\n<div class=\"wp-block-toolset-blocks-grid-column tb-grid-column tb-grid-align-top\" data-toolset-blocks-grid-column=\"3034fbe886c11054e95b46b09d3e4112\">\n<div class=\"wp-block-toolset-blocks-container tb-container\" data-toolset-blocks-container=\"e3745882ba0b8c516064055aec850f9c\"><\/div>\n\n\n\n<p class=\"tb-heading\" data-toolset-blocks-heading=\"6eee2a0222dd86c811e3129fc3ca4915\" data-last-update=\"1.4\">Optimiser pour les fonctionnalit\u00e9s SERP<\/p>\n\n\n\n<p class=\"tb-heading has-text-color\" data-toolset-blocks-heading=\"8f22bb68207bdb49cdf90c813ccae5c6\" data-last-update=\"1.4\">Traduisez le balisage de sch\u00e9ma pour appara\u00eetre dans les fonctionnalit\u00e9s SERP<\/p>\n<\/div>\n\n\n\n<div class=\"wp-block-toolset-blocks-grid-column tb-grid-column tb-grid-align-top\" data-toolset-blocks-grid-column=\"d70c942bde2021df68b110a492c57696\">\n<div class=\"wp-block-toolset-blocks-container tb-container\" data-toolset-blocks-container=\"8a1b313c9f03b55aaa0c1e630f1582bc\"><\/div>\n\n\n\n<p class=\"tb-heading\" data-toolset-blocks-heading=\"6eee2a0222dd86c811e3129fc3ca4915\" data-last-update=\"1.4\">Am\u00e9liorer l&rsquo;indexation dans d&rsquo;autres langues<\/p>\n\n\n\n<p class=\"tb-heading has-text-color\" data-toolset-blocks-heading=\"8f22bb68207bdb49cdf90c813ccae5c6\" data-last-update=\"1.4\">Aidez les moteurs de recherche \u00e0 trouver votre contenu avec des sitemaps multilingues<\/p>\n<\/div>\n<\/div>\n\n<h2 class=\"wp-block-heading\" id=\"get-started\">Pour commencer<\/h2>\n\n<p>Pour utiliser Yoast SEO avec WPML, vous avez besoin des extensions suivantes :  <\/p>\n\n<ul class=\"wp-block-list\">\n<li>Yoast SEO<\/li>\n\n\n\n<li>WPML  <\/li>\n\n\n\n<li>WPML String Translation<\/li>\n\n\n\n<li><a href=\"https:\/\/wpml.org\/fr\/documentation-6\/projets-connexes\/wpml-seo\/\">WPML SEO<\/a> (extension gratuite)<\/li>\n<\/ul>\n\n<h2 class=\"wp-block-heading\" id=\"translate-on-page-seo-elements\">Traduire les \u00e9l\u00e9ments SEO sur la page<\/h2>\n\n<p>WPML peut traduire les \u00e9l\u00e9ments SEO sur la page que vous ajoutez au contenu avec Yoast, tels que :  <\/p>\n\n<ul class=\"wp-block-list\">\n<li>Titres SEO<\/li>\n\n\n\n<li>M\u00e9ta-descriptions<\/li>\n\n\n\n<li>Slugs d&rsquo;URL<\/li>\n\n\n\n<li>L\u00e9gendes d&rsquo;images<\/li>\n\n\n\n<li>Fils d&rsquo;Ariane<\/li>\n\n\n\n<li>M\u00e9tadonn\u00e9es sociales<\/li>\n<\/ul>\n\n<p>Pour traduire ces \u00e9l\u00e9ments, envoyez simplement le contenu auquel ils appartiennent pour traduction :  <\/p>\n\n<ol class=\"wp-block-list\">\n<li>Acc\u00e9dez \u00e0 <strong>WPML<\/strong> \u2192 <strong>Tableau de bord de traduction<\/strong>.  <\/li>\n\n\n\n<li>S\u00e9lectionnez la page, l&rsquo;article ou le type de contenu personnalis\u00e9 que vous souhaitez traduire.  <\/li>\n<\/ol>\n<div class=\"wp-block-image\">\n<figure class=\" tb-image tb-image-dynamic tb-image-frame-none aligncenter\" data-toolset-blocks-image=\"4331ff0834321f888d21daa056d97c76\"><a href=\"https:\/\/wpml.org\/wp-content\/uploads\/2025\/08\/Selecting-content-to-translate.png\"><img decoding=\"async\" width=\"1935\" height=\"1254\" loading=\"lazy\" src=\"https:\/\/wpml.org\/wp-content\/uploads\/2025\/08\/Selecting-content-to-translate.png\" alt=\"\" class=\"wp-image-17327089\" srcset=\"https:\/\/wpml.org\/wp-content\/uploads\/2025\/08\/Selecting-content-to-translate.png 1935w, https:\/\/wpml.org\/wp-content\/uploads\/2025\/08\/Selecting-content-to-translate-300x194.png 300w, https:\/\/wpml.org\/wp-content\/uploads\/2025\/08\/Selecting-content-to-translate-1024x664.png 1024w, https:\/\/wpml.org\/wp-content\/uploads\/2025\/08\/Selecting-content-to-translate-150x97.png 150w, https:\/\/wpml.org\/wp-content\/uploads\/2025\/08\/Selecting-content-to-translate-768x498.png 768w, https:\/\/wpml.org\/wp-content\/uploads\/2025\/08\/Selecting-content-to-translate-1536x995.png 1536w\" sizes=\"auto, (max-width: 1935px) 100vw, 1935px\" \/><\/a><figcaption><div class=\"tb-image-caption\">S\u00e9lection du contenu \u00e0 traduire dans le tableau de bord de traduction<\/div><\/figcaption><\/figure>\n<\/div>\n<ol start=\"3\" class=\"wp-block-list\">\n<li>Choisissez une m\u00e9thode de traduction et traduisez. Pour une qualit\u00e9 optimale, nous recommandons d&rsquo;utiliser la <a href=\"https:\/\/wpml.org\/fr\/documentation-6\/traduction-automatique-de-contenu-wordpress-avec-wpml\/\">traduction automatique<\/a> de WPML. <\/li>\n<\/ol>\n\n<p>WPML traduira automatiquement les \u00e9l\u00e9ments SEO sur la page avec le reste de votre contenu.  <\/p>\n\n<h2 class=\"wp-block-heading\" id=\"translating-global-seo-texts\">Traduire les textes SEO globaux<\/h2>\n\n<p>Pour traduire les textes SEO globaux, comme le libell\u00e9 de la page d&rsquo;accueil du fil d&rsquo;Ariane, suivez ces \u00e9tapes :<\/p>\n\n<ol class=\"wp-block-list\">\n<li>Acc\u00e9dez \u00e0 <strong>WPML<\/strong> \u2192 <strong>Tableau de bord de traduction<\/strong>.<\/li>\n\n\n\n<li>Faites d\u00e9filer jusqu&rsquo;\u00e0 la section <strong>Autres textes (Cha\u00eenes)<\/strong> et recherchez vos textes.<\/li>\n\n\n\n<li>S\u00e9lectionnez vos textes et envoyez-les pour traduction.<\/li>\n<\/ol>\n\n<h2 class=\"wp-block-heading\">Traduire les m\u00e9tadonn\u00e9es de taxonomie<\/h2>\n\n<p>Avant nos r\u00e9centes mises \u00e0 jour de WPML, vous ne pouviez traduire les m\u00e9tadonn\u00e9es de taxonomie personnalis\u00e9e que manuellement en changeant de langue depuis l&rsquo;administration. D\u00e9sormais, vous pouvez le faire depuis le <strong>Tableau de bord de traduction<\/strong>. <\/p>\n\n<figure class=\"wp-block-image tb-image tb-image-dynamic tb-image-frame-none\" data-toolset-blocks-image=\"121e0122cc57e1efef820652f3bd1fc9\"><a href=\"https:\/\/wpml.org\/wp-content\/uploads\/2025\/06\/yoast-taxonomy-metadata-example.png\"><img decoding=\"async\" width=\"1914\" height=\"1788\" loading=\"lazy\" src=\"https:\/\/wpml.org\/wp-content\/uploads\/2025\/06\/yoast-taxonomy-metadata-example.png\" alt=\"\" class=\"wp-image-17148881\" srcset=\"https:\/\/wpml.org\/wp-content\/uploads\/2025\/06\/yoast-taxonomy-metadata-example.png 1914w, https:\/\/wpml.org\/wp-content\/uploads\/2025\/06\/yoast-taxonomy-metadata-example-300x280.png 300w, https:\/\/wpml.org\/wp-content\/uploads\/2025\/06\/yoast-taxonomy-metadata-example-1024x957.png 1024w, https:\/\/wpml.org\/wp-content\/uploads\/2025\/06\/yoast-taxonomy-metadata-example-150x140.png 150w, https:\/\/wpml.org\/wp-content\/uploads\/2025\/06\/yoast-taxonomy-metadata-example-768x717.png 768w, https:\/\/wpml.org\/wp-content\/uploads\/2025\/06\/yoast-taxonomy-metadata-example-1536x1435.png 1536w\" sizes=\"auto, (max-width: 1914px) 100vw, 1914px\" \/><\/a><figcaption><div class=\"tb-image-caption\">Exemple de m\u00e9tadonn\u00e9es de taxonomie personnalis\u00e9e ajout\u00e9es avec Yoast SEO<\/div><\/figcaption><\/figure>\n\n<p>Supposons que vous d\u00e9finissiez le titre SEO et la m\u00e9ta-description d&rsquo;une cat\u00e9gorie. Pour traduire ces m\u00e9tadonn\u00e9es : <\/p>\n\n<p>1. Allez dans <strong>WPML \u2192 Tableau de bord de traduction<\/strong> et faites d\u00e9filer jusqu\u2019\u00e0 la section <strong>Yoast SEO<\/strong>.<\/p>\n\n<p>2. S\u00e9lectionnez <strong>M\u00e9ta de terme<\/strong> et envoyez \u00e0 la traduction. Cela traduit tout le texte personnalis\u00e9 ajout\u00e9 dans les champs Yoast SEO au sein des taxonomies individuelles. <\/p>\n\n<figure class=\"wp-block-image tb-image tb-image-dynamic tb-image-frame-none\" data-toolset-blocks-image=\"00b8279b5df45ba72550f840ef09f718\"><a href=\"https:\/\/wpml.org\/wp-content\/uploads\/2025\/08\/translate-yoast-term-meta-scaled-1.png\"><img decoding=\"async\" width=\"2560\" height=\"1697\" loading=\"lazy\" src=\"https:\/\/wpml.org\/wp-content\/uploads\/2025\/08\/translate-yoast-term-meta-scaled-1.png\" alt=\"\" class=\"wp-image-17327103\" srcset=\"https:\/\/wpml.org\/wp-content\/uploads\/2025\/08\/translate-yoast-term-meta-scaled-1.png 2560w, https:\/\/wpml.org\/wp-content\/uploads\/2025\/08\/translate-yoast-term-meta-scaled-1-300x199.png 300w, https:\/\/wpml.org\/wp-content\/uploads\/2025\/08\/translate-yoast-term-meta-scaled-1-1024x679.png 1024w, https:\/\/wpml.org\/wp-content\/uploads\/2025\/08\/translate-yoast-term-meta-scaled-1-150x99.png 150w, https:\/\/wpml.org\/wp-content\/uploads\/2025\/08\/translate-yoast-term-meta-scaled-1-768x509.png 768w, https:\/\/wpml.org\/wp-content\/uploads\/2025\/08\/translate-yoast-term-meta-scaled-1-1536x1018.png 1536w, https:\/\/wpml.org\/wp-content\/uploads\/2025\/08\/translate-yoast-term-meta-scaled-1-2048x1358.png 2048w\" sizes=\"auto, (max-width: 2560px) 100vw, 2560px\" \/><\/a><figcaption><div class=\"tb-image-caption\">Traduction des m\u00e9tadonn\u00e9es de taxonomie Yoast SEO depuis le Tableau de bord de traduction<\/div><\/figcaption><\/figure>\n\n<p>La traduction des m\u00e9tadonn\u00e9es de taxonomie depuis le <strong>Tableau de bord de traduction<\/strong> \u00e9crase toutes les traductions manuelles que vous avez pu ajouter auparavant.<\/p>\n\n<p>Si vous ne traduisez pas leurs m\u00e9tadonn\u00e9es, les cat\u00e9gories traduites utiliseront les m\u00e9tadonn\u00e9es par d\u00e9faut (globales) ajout\u00e9es dans les r\u00e9glages de Yoast. Pour traduire les m\u00e9tadonn\u00e9es par d\u00e9faut, allez dans <strong>WPML \u2192 String Translation<\/strong> et filtrez les cha\u00eenes SEO (<strong>admin_texts_wpseo_titles<\/strong>). <\/p>\n\n<h2 class=\"wp-block-heading\" id=\"translate-schema-markup\">Traduire le balisage de sch\u00e9ma<\/h2>\n\n<p>WPML peut traduire tout type de balisage de sch\u00e9ma que vous cr\u00e9ez avec Yoast SEO. Cela inclut les produits, les recettes, les avis, les FAQ et tout autre <a href=\"https:\/\/yoast.com\/structured-data-schema-ultimate-guide\/#kinds\" target=\"_blank\" rel=\"noreferrer noopener\">balisage pris en charge par Yoast<\/a>.   <\/p>\n\n<p>Pour traduire votre balisage de sch\u00e9ma, envoyez simplement votre contenu pour traduction. WPML g\u00e9n\u00e9rera automatiquement le balisage de sch\u00e9ma en utilisant vos traductions.   <\/p>\n\n<h2 class=\"wp-block-heading\" id=\"create-multilingual-sitemaps\">Cr\u00e9er des sitemaps multilingues<\/h2>\n\n<p>WPML fonctionne avec Yoast pour organiser automatiquement votre contenu original et traduit dans un sitemap. Il n&rsquo;y a qu&rsquo;un seul sitemap pour toutes les langues (sauf si vous <a href=\"https:\/\/wpml.org\/documentation\/getting-started-guide\/language-setup\/language-url-options\/how-to-use-wpml-with-different-domains-per-language\/\">cr\u00e9ez des domaines distincts pour chaque langue<\/a>). <\/p>\n\n<h3 class=\"wp-block-heading\">Utilisation des balises hreflang<\/h3>\n\n<p>Par d\u00e9faut, WPML ajoute des <a href=\"https:\/\/wpml.org\/documentation\/support\/adding-hreflang-wordpress\/\">balises hreflang<\/a> pour chaque variation d&rsquo;URL directement dans le sitemap XML pour un r\u00e9f\u00e9rencement plus efficace.<\/p>\n\n<div class=\"wp-block-toolset-blocks-container tb-container\" data-toolset-blocks-container=\"2c91a1408f0350425618fe679f6cd945\">\n<div class=\"wp-block-toolset-blocks-grid tb-grid\" data-toolset-blocks-grid=\"37d19417981b1b97920df56c088840a6\">\n<div class=\"wp-block-toolset-blocks-grid-column tb-grid-column tb-grid-align-top\" data-toolset-blocks-grid-column=\"3034fbe886c11054e95b46b09d3e4112\">\n<div class=\"wp-block-toolset-blocks-container tb-container\" data-toolset-blocks-container=\"8462661d63c4401da3f7686632759d01\"><\/div>\n<\/div>\n\n\n\n<div class=\"wp-block-toolset-blocks-grid-column tb-grid-column tb-grid-align-top\" data-toolset-blocks-grid-column=\"3034fbe886c11054e95b46b09d3e4112\">\n<p class=\"tb-heading has-text-color\" data-toolset-blocks-heading=\"6b0edee257fd23ea76bab786d83a8c96\" data-last-update=\"1.4\"><strong>Remarque :<\/strong> Ce changement n&rsquo;est visible que dans la source XML.<\/p>\n\n\n\n<p class=\"tb-heading has-text-color\" data-toolset-blocks-heading=\"c1ace1a37913fe1cf5b4191d09bc8145\" data-last-update=\"1.4\">Si vous ouvrez votre sitemap dans un navigateur, vous ne verrez pas les balises hreflang dans la vue lisible par l&rsquo;utilisateur. C&rsquo;est normal. Pour confirmer que les balises sont pr\u00e9sentes, affichez le code source de la page &#8211; vous verrez les balises hreflang correctement incluses dans le XML brut.  <\/p>\n<\/div>\n<\/div>\n<\/div>\n\n<p>Si vous pr\u00e9f\u00e9rez les balises hreflang dans la section  de la page, suivez ces \u00e9tapes :<\/p>\n\n<p>1. D\u00e9sactivez la fonctionnalit\u00e9 de sitemap en ajoutant le code suivant \u00e0 votre <strong>wp-config.php<\/strong> :<\/p>\n\n<pre class=\"wp-block-preformatted\">define( 'WPML_SEO_ENABLE_SITEMAP_HREFLANG', false );  <\/pre>\n\n<p>2. Acc\u00e9dez \u00e0 <strong>WPML \u2192 Langues<\/strong> et faites d\u00e9filer jusqu&rsquo;\u00e0 <strong>Options SEO<\/strong>. L\u00e0, activez le param\u00e8tre <strong>Afficher les langues alternatives dans la section HEAD<\/strong>. <\/p>\n\n<figure class=\"wp-block-image tb-image tb-image-dynamic tb-image-frame-none\" data-toolset-blocks-image=\"022f014f7dcb8a799fbee75dd779b8ef\"><a href=\"https:\/\/wpml.org\/wp-content\/uploads\/2025\/08\/display-alternative-languages-1.png\"><img decoding=\"async\" width=\"2348\" height=\"1374\" loading=\"lazy\" src=\"https:\/\/wpml.org\/wp-content\/uploads\/2025\/08\/display-alternative-languages-1.png\" alt=\"\" class=\"wp-image-17327141\" srcset=\"https:\/\/wpml.org\/wp-content\/uploads\/2025\/08\/display-alternative-languages-1.png 2348w, https:\/\/wpml.org\/wp-content\/uploads\/2025\/08\/display-alternative-languages-1-300x176.png 300w, https:\/\/wpml.org\/wp-content\/uploads\/2025\/08\/display-alternative-languages-1-1024x599.png 1024w, https:\/\/wpml.org\/wp-content\/uploads\/2025\/08\/display-alternative-languages-1-150x88.png 150w, https:\/\/wpml.org\/wp-content\/uploads\/2025\/08\/display-alternative-languages-1-768x449.png 768w, https:\/\/wpml.org\/wp-content\/uploads\/2025\/08\/display-alternative-languages-1-1536x899.png 1536w, https:\/\/wpml.org\/wp-content\/uploads\/2025\/08\/display-alternative-languages-1-2048x1198.png 2048w\" sizes=\"auto, (max-width: 2348px) 100vw, 2348px\" \/><\/a><figcaption><div class=\"tb-image-caption\">Activation du param\u00e8tre qui ajoute les balises hreflang dans la section <head de la page><\/div><\/figcaption><\/figure>\n\n<p>WPML prend \u00e9galement en charge un attribut hreflang x-default qui d\u00e9finit o\u00f9 envoyer les utilisateurs si leur langue n&rsquo;est pas incluse dans les autres balises hreflang.<\/p>\n\n<h2 class=\"wp-block-heading\" id=\"get-started-yoast-wpml\">Commencez avec Yoast SEO et WPML<\/h2>\n\n<p>Pour utiliser Yoast SEO avec WPML, vous avez besoin du forfait Multilingual CMS ou Multilingual Agency de WPML.  <\/p>\n\n<p>Pour en savoir plus sur nos plans, consultez notre <a href=\"https:\/\/wpml.org\/fr\/purchase\/\">page de tarification<\/a>.  <\/p>\n\n<h2 class=\"wp-block-heading\" id=\"support-help\">Support et aide<\/h2>\n\n<p>Vous rencontrez un probl\u00e8me pour traduire Yoast SEO ? Visitez notre page <a href=\"https:\/\/wpml.org\/known-issues\/\">Probl\u00e8mes connus et solutions<\/a> pour trouver une solution \u00e0 votre probl\u00e8me.   <\/p>\n\n<p>Vous avez encore besoin d&rsquo;aide ? Ouvrez un <a href=\"https:\/\/wpml.org\/fr\/forums\/forum\/assistance-en-francais\/\">ticket de support<\/a>.   <\/p>\n","protected":false},"excerpt":{"rendered":"<p class=\"lead\">Yoast SEO et WPML alimentent des dizaines de milliers de sites WordPress multilingues. Ensemble, ils vous aident \u00e0 optimiser le contenu de votre site pour les moteurs de recherche dans chacune des langues du site (r\u00e9f\u00e9rencement multilingue). <\/p>\n","protected":false},"author":578773,"featured_media":0,"parent":16317476,"menu_order":41,"comment_status":"closed","ping_status":"closed","template":"template-sidebar-2.php","meta":{"_bbp_topic_count":0,"_bbp_reply_count":0,"_bbp_total_topic_count":0,"_bbp_total_reply_count":0,"_bbp_voice_count":0,"_bbp_anonymous_reply_count":0,"_bbp_topic_count_hidden":0,"_bbp_reply_count_hidden":0,"_bbp_forum_subforum_count":0,"_uag_custom_page_level_css":"","ep_exclude_from_search":false,"footnotes":""},"related-projects-category":[27823],"class_list":["post-11414645","page","type-page","status-publish","hentry","related-projects-category-seo-fr"],"spectra_custom_meta":{"ratings_users":["0"],"ratings_score":["0"],"ratings_average":["0"],"_subscription_coupon_product_id":["0"],"_wpv_contains_gutenberg_views":[""],"_alp_processed":["1772093466"],"_views_template":["0"],"wpcf-unformatted-code":[""],"_wpml_media_duplicate":["1"],"_wpml_media_featured":["1"],"toolset_post_editor_mode":["block"],"wpcf-price-increase-show-from":[""],"wpcf-price-increase-show-till":[""],"_wp_page_template":["template-sidebar-2.php"],"_last_translation_edit_mode":["translation-editor"],"wpcf-price-increase-content":[""],"wpcf-login-box-title":[""],"wpcf-page-content":[""],"_yoast_wpseo_primary_related-projects-category":["26973"],"_oembed_8b192c37df925cacb831b3922e69595d":["<iframe title=\"Using WPML To Translate Pages Built With Fusion Builder (Avada Theme)\" width=\"700\" height=\"394\" src=\"https:\/\/www.youtube.com\/embed\/_bNqjjBPdGA?feature=oembed&enablejsapi=1&origin=https:\/\/wpml.org\" frameborder=\"0\" allow=\"accelerometer; autoplay; clipboard-write; encrypted-media; gyroscope; picture-in-picture; web-share\" referrerpolicy=\"strict-origin-when-cross-origin\" allowfullscreen><\/iframe>"],"_oembed_time_8b192c37df925cacb831b3922e69595d":["1722587340"],"_oembed_bbf56b1d4c25ce11481afba39f176f85":["{{unknown}}"],"_wpml_word_count":["1056"],"_yoast_wpseo_metadesc":["D\u00e9couvrez comment traduire les m\u00e9ta-informations de Yoast SEO dans plus de langues et optimiser votre site pour le r\u00e9f\u00e9rencement multilingue."],"_yoast_wpseo_focuskw":["r\u00e9f\u00e9rencement multilingue"],"_uag_css_file_name":["uag-css-11414645.css"],"_uag_page_assets":["a:9:{s:3:\"css\";s:260:\".uag-blocks-common-selector{z-index:var(--z-index-desktop) !important}@media(max-width: 976px){.uag-blocks-common-selector{z-index:var(--z-index-tablet) !important}}@media(max-width: 767px){.uag-blocks-common-selector{z-index:var(--z-index-mobile) !important}}\";s:2:\"js\";s:0:\"\";s:18:\"current_block_list\";a:12:{i:0;s:30:\"toolset-blocks\/fields-and-text\";i:1;s:14:\"core\/paragraph\";i:2;s:19:\"toolset-blocks\/grid\";i:3;s:26:\"toolset-blocks\/grid-column\";i:4;s:24:\"toolset-blocks\/container\";i:5;s:22:\"toolset-blocks\/heading\";i:6;s:12:\"core\/heading\";i:7;s:9:\"core\/list\";i:8;s:14:\"core\/list-item\";i:9;s:20:\"toolset-blocks\/image\";i:10;s:17:\"core\/preformatted\";i:11;s:14:\"core\/shortcode\";}s:8:\"uag_flag\";b:0;s:11:\"uag_version\";s:10:\"1778463877\";s:6:\"gfonts\";a:0:{}s:10:\"gfonts_url\";s:0:\"\";s:12:\"gfonts_files\";a:0:{}s:14:\"uag_faq_layout\";b:0;}"]},"uagb_featured_image_src":{"full":false,"thumbnail":false,"medium":false,"medium_large":false,"large":false,"1536x1536":false,"2048x2048":false,"gform-image-choice-sm":false,"gform-image-choice-md":false,"gform-image-choice-lg":false,"woocommerce_thumbnail":false,"woocommerce_single":false,"woocommerce_gallery_thumbnail":false},"uagb_author_info":{"display_name":"Tomer Helzer","author_link":"https:\/\/wpml.org\/fr\/author\/tomer-h\/"},"uagb_comment_info":0,"uagb_excerpt":"Yoast SEO et WPML alimentent des dizaines de milliers de sites WordPress multilingues. Ensemble, ils vous aident \u00e0 optimiser le contenu de votre site pour les moteurs de recherche dans chacune des langues du site (r\u00e9f\u00e9rencement multilingue).","_links":{"self":[{"href":"https:\/\/wpml.org\/fr\/wp-json\/wp\/v2\/pages\/11414645","targetHints":{"allow":["GET"]}}],"collection":[{"href":"https:\/\/wpml.org\/fr\/wp-json\/wp\/v2\/pages"}],"about":[{"href":"https:\/\/wpml.org\/fr\/wp-json\/wp\/v2\/types\/page"}],"author":[{"embeddable":true,"href":"https:\/\/wpml.org\/fr\/wp-json\/wp\/v2\/users\/578773"}],"replies":[{"embeddable":true,"href":"https:\/\/wpml.org\/fr\/wp-json\/wp\/v2\/comments?post=11414645"}],"version-history":[{"count":8,"href":"https:\/\/wpml.org\/fr\/wp-json\/wp\/v2\/pages\/11414645\/revisions"}],"predecessor-version":[{"id":17855139,"href":"https:\/\/wpml.org\/fr\/wp-json\/wp\/v2\/pages\/11414645\/revisions\/17855139"}],"up":[{"embeddable":true,"href":"https:\/\/wpml.org\/fr\/wp-json\/wp\/v2\/pages\/16317476"}],"wp:attachment":[{"href":"https:\/\/wpml.org\/fr\/wp-json\/wp\/v2\/media?parent=11414645"}],"wp:term":[{"taxonomy":"related-projects-category","embeddable":true,"href":"https:\/\/wpml.org\/fr\/wp-json\/wp\/v2\/related-projects-category?post=11414645"}],"curies":[{"name":"wp","href":"https:\/\/api.w.org\/{rel}","templated":true}]}}