{"id":11415333,"date":"2022-06-08T13:41:30","date_gmt":"2022-06-08T13:41:30","guid":{"rendered":"https:\/\/wpml.org\/documentation-6\/guide-de-demarrage-rapide\/configuration-de-la-langue\/activation-dun-cookie-de-langue-pour-supporter-le-filtrage-ajax\/"},"modified":"2024-05-24T08:21:18","modified_gmt":"2024-05-24T08:21:18","slug":"activation-dun-cookie-de-langue-pour-supporter-le-filtrage-ajax","status":"publish","type":"page","link":"https:\/\/wpml.org\/fr\/documentation-6\/guide-de-demarrage-rapide\/configuration-de-la-langue\/activation-dun-cookie-de-langue-pour-supporter-le-filtrage-ajax\/","title":{"rendered":"Activation d&rsquo;un cookie de langue pour prendre en charge le filtrage AJAX"},"content":{"rendered":"\n<p class=\"lead\">WPML Multilingual &#038; Multicurrency for WooCommerce et certains th\u00e8mes et extensions doivent ex\u00e9cuter des appels AJAX sur le front-office en fonction des informations linguistiques. \u00c0 cette fin, vous devrez peut-\u00eatre activer un cookie de langue qui prend en charge le filtrage AJAX.<\/p>\n\n<p>Pour activer les informations linguistiques pour les appels AJAX du Front-office, allez dans <strong>WPML<\/strong> \u2192 <strong>Langues<\/strong> et descendez jusqu&rsquo;\u00e0 la section <strong>Filtrage de la langue pour les op\u00e9rations AJAX <\/strong>. Cochez l&rsquo;option <strong>Boutique d&rsquo;un cookie de langue pour prendre en charge le filtre de langue pour AJAX<\/strong>.<\/p>\n<div class=\"wp-block-image\">\n<figure class=\" tb-image tb-image-dynamic tb-image-frame-none aligncenter\" data-toolset-blocks-image=\"140e5ba8514a71e257816c8fb2c5964a\"><a href=\"https:\/\/wpml.org\/wp-content\/uploads\/2017\/06\/wpml-store-a-language-cookie-to-support-language-filtering-for-AJAX.png\"><img decoding=\"async\" width=\"950\" height=\"137\" loading=\"lazy\" src=\"https:\/\/wpml.org\/wp-content\/uploads\/2017\/06\/wpml-store-a-language-cookie-to-support-language-filtering-for-AJAX.png\" alt=\"\" class=\"wp-image-11415337\" srcset=\"https:\/\/wpml.org\/wp-content\/uploads\/2017\/06\/wpml-store-a-language-cookie-to-support-language-filtering-for-AJAX.png 950w, https:\/\/wpml.org\/wp-content\/uploads\/2017\/06\/wpml-store-a-language-cookie-to-support-language-filtering-for-AJAX-150x22.png 150w, https:\/\/wpml.org\/wp-content\/uploads\/2017\/06\/wpml-store-a-language-cookie-to-support-language-filtering-for-AJAX-300x43.png 300w, https:\/\/wpml.org\/wp-content\/uploads\/2017\/06\/wpml-store-a-language-cookie-to-support-language-filtering-for-AJAX-768x111.png 768w\" sizes=\"auto, (max-width: 950px) 100vw, 950px\" \/><\/a><figcaption><div class=\"tb-image-caption\">Activation du cookie de langue qui prend en charge le filtrage AJAX sur le Front-office<\/div><\/figcaption><\/figure>\n<\/div>\n<p>Maintenant, le WPML va mettre en place un cookie en utilisant JavaScript qui lui permet de renvoyer le Contenu correct pour les op\u00e9rations AJAX.<\/p>\n\n<p>Voici comment cela fonctionne pour les visiteurs :<\/p>\n\n<ul class=\"wp-block-list\"><li>Pour les utilisateurs qui sont connect\u00e9s, rien ne change et ce param\u00e8tre n&rsquo;est pas appliqu\u00e9. Le cookie de langue est sauvegard\u00e9 normalement \u00e0 l&rsquo;aide de PHP.<\/li><li>Pour les utilisateurs qui ne sont pas connect\u00e9s, WPML v\u00e9rifie si ce param\u00e8tre est activ\u00e9 et, si c&rsquo;est le cas, le cookie de langue est d\u00e9fini \u00e0 l&rsquo;aide de JavaScript. Cela permet \u00e0 WPML de d\u00e9finir le cookie de langue m\u00eame si le site est mis en cache.<\/li><\/ul>\n\n<p>Si vous utilisez WPML 4.5 ou une version ult\u00e9rieure, ce param\u00e8tre est activ\u00e9 par d\u00e9faut. Si vous remarquez qu&rsquo;il interf\u00e8re avec votre extension de mise en cache, vous pouvez le d\u00e9sactiver en suivant les m\u00eames \u00e9tapes que celles d\u00e9taill\u00e9es ci-dessus.<\/p>\n","protected":false},"excerpt":{"rendered":"<p>WPML Multilingual &#038; Multicurrency for WooCommerce et certains th\u00e8mes et extensions doivent ex\u00e9cuter des appels AJAX sur le front-office en fonction des informations linguistiques. \u00c0 cette fin, vous devrez peut-\u00eatre activer un cookie de langue qui prend en charge le filtrage AJAX. Pour activer les informations linguistiques pour les appels AJAX du Front-office, allez dans [&hellip;]<\/p>\n","protected":false},"author":76577,"featured_media":0,"parent":103380,"menu_order":79,"comment_status":"closed","ping_status":"closed","template":"","meta":{"_bbp_topic_count":0,"_bbp_reply_count":0,"_bbp_total_topic_count":0,"_bbp_total_reply_count":0,"_bbp_voice_count":0,"_bbp_anonymous_reply_count":0,"_bbp_topic_count_hidden":0,"_bbp_reply_count_hidden":0,"_bbp_forum_subforum_count":0,"_uag_custom_page_level_css":"","ep_exclude_from_search":false,"footnotes":""},"related-projects-category":[],"class_list":["post-11415333","page","type-page","status-publish","hentry"],"spectra_custom_meta":{"ratings_users":["0"],"ratings_score":["0"],"ratings_average":["0"],"_subscription_coupon_product_id":["0"],"_wpv_contains_gutenberg_views":[""],"_alp_processed":["1716538878"],"_views_template":["0"],"wpcf-unformatted-code":[""],"_wpml_media_duplicate":["1"],"_wpml_media_featured":["1"],"toolset_post_editor_mode":["block"],"wpcf-price-increase-show-from":[""],"wpcf-price-increase-show-till":[""],"_wp_page_template":["default"],"_last_translation_edit_mode":["translation-editor"],"_uag_css_file_name":["uag-css-11415333.css"],"_uag_page_assets":["a:9:{s:3:\"css\";s:260:\".uag-blocks-common-selector{z-index:var(--z-index-desktop) !important}@media(max-width: 976px){.uag-blocks-common-selector{z-index:var(--z-index-tablet) !important}}@media(max-width: 767px){.uag-blocks-common-selector{z-index:var(--z-index-mobile) !important}}\";s:2:\"js\";s:0:\"\";s:18:\"current_block_list\";a:4:{i:0;s:14:\"core\/paragraph\";i:1;s:20:\"toolset-blocks\/image\";i:2;s:9:\"core\/list\";i:3;s:14:\"core\/shortcode\";}s:8:\"uag_flag\";b:0;s:11:\"uag_version\";s:10:\"1778615360\";s:6:\"gfonts\";a:0:{}s:10:\"gfonts_url\";s:0:\"\";s:12:\"gfonts_files\";a:0:{}s:14:\"uag_faq_layout\";b:0;}"]},"uagb_featured_image_src":{"full":false,"thumbnail":false,"medium":false,"medium_large":false,"large":false,"1536x1536":false,"2048x2048":false,"gform-image-choice-sm":false,"gform-image-choice-md":false,"gform-image-choice-lg":false,"woocommerce_thumbnail":false,"woocommerce_single":false,"woocommerce_gallery_thumbnail":false},"uagb_author_info":{"display_name":"Dario","author_link":"https:\/\/wpml.org\/fr\/author\/darioh\/"},"uagb_comment_info":0,"uagb_excerpt":"WPML Multilingual &#038; Multicurrency for WooCommerce et certains th\u00e8mes et extensions doivent ex\u00e9cuter des appels AJAX sur le front-office en fonction des informations linguistiques. \u00c0 cette fin, vous devrez peut-\u00eatre activer un cookie de langue qui prend en charge le filtrage AJAX. Pour activer les informations linguistiques pour les appels AJAX du Front-office, allez dans\u2026","_links":{"self":[{"href":"https:\/\/wpml.org\/fr\/wp-json\/wp\/v2\/pages\/11415333","targetHints":{"allow":["GET"]}}],"collection":[{"href":"https:\/\/wpml.org\/fr\/wp-json\/wp\/v2\/pages"}],"about":[{"href":"https:\/\/wpml.org\/fr\/wp-json\/wp\/v2\/types\/page"}],"author":[{"embeddable":true,"href":"https:\/\/wpml.org\/fr\/wp-json\/wp\/v2\/users\/76577"}],"replies":[{"embeddable":true,"href":"https:\/\/wpml.org\/fr\/wp-json\/wp\/v2\/comments?post=11415333"}],"version-history":[{"count":5,"href":"https:\/\/wpml.org\/fr\/wp-json\/wp\/v2\/pages\/11415333\/revisions"}],"predecessor-version":[{"id":15666129,"href":"https:\/\/wpml.org\/fr\/wp-json\/wp\/v2\/pages\/11415333\/revisions\/15666129"}],"up":[{"embeddable":true,"href":"https:\/\/wpml.org\/fr\/wp-json\/wp\/v2\/pages\/103380"}],"wp:attachment":[{"href":"https:\/\/wpml.org\/fr\/wp-json\/wp\/v2\/media?parent=11415333"}],"wp:term":[{"taxonomy":"related-projects-category","embeddable":true,"href":"https:\/\/wpml.org\/fr\/wp-json\/wp\/v2\/related-projects-category?post=11415333"}],"curies":[{"name":"wp","href":"https:\/\/api.w.org\/{rel}","templated":true}]}}