{"id":1154724,"date":"2013-05-25T05:23:18","date_gmt":"2013-05-25T05:23:18","guid":{"rendered":"https:\/\/wpml.org\/documentation-6\/guide-de-demarrage-rapide\/configuration-de-la-langue\/options-de-selecteur-de-langue\/"},"modified":"2026-02-26T07:18:14","modified_gmt":"2026-02-26T07:18:14","slug":"options-de-selecteur-de-langue","status":"publish","type":"page","link":"https:\/\/wpml.org\/fr\/documentation-6\/guide-de-demarrage-rapide\/configuration-de-la-langue\/options-de-selecteur-de-langue\/","title":{"rendered":"Comment ajouter un s\u00e9lecteur de langue \u00e0 votre site WordPress"},"content":{"rendered":"\n<div class=\"wp-block-toolset-blocks-container tb-container\" data-toolset-blocks-container=\"f1f6cf433548e794e350cca473324a7f\"><div class=\"tb-container-inner\">\n<p class=\"lead\">WPML vous permet d\u2019ajouter un s\u00e9lecteur de langue au menu de votre site web, en tant que widget ou dans le pied de page. Vous pouvez \u00e9galement inclure des drapeaux, afficher les langues dans leur nom d\u2019origine et ajouter un style personnalis\u00e9. <\/p>\n\n\n\n<p>Un s\u00e9lecteur de langue permet aux visiteurs de choisir la langue dans laquelle ils souhaitent lire votre contenu. Selon vos pr\u00e9f\u00e9rences, vous pouvez l&rsquo;afficher \u00e0 diff\u00e9rents endroits de votre site web. <\/p>\n\n\n\n<p>Par exemple, vous pouvez placer votre s\u00e9lecteur de langue comme un menu dans la section d&rsquo;en-t\u00eate.<\/p>\n\n\n\n<figure class=\"wp-block-image tb-image tb-image-dynamic tb-image-frame-none\" data-toolset-blocks-image=\"4fb3499999aa10ccdc6991dec5a9f98f\"><a href=\"https:\/\/wpml.org\/wp-content\/uploads\/2024\/11\/Language-switcher-in-header-1.png\"><img decoding=\"async\" width=\"1024\" height=\"588\" loading=\"lazy\" src=\"https:\/\/wpml.org\/wp-content\/uploads\/2024\/11\/Language-switcher-in-header-1-1024x588.png\" alt=\"Language switcher in header\" class=\"wp-image-16446311\" srcset=\"https:\/\/wpml.org\/wp-content\/uploads\/2024\/11\/Language-switcher-in-header-1-1024x588.png 1024w, https:\/\/wpml.org\/wp-content\/uploads\/2024\/11\/Language-switcher-in-header-1-300x172.png 300w, https:\/\/wpml.org\/wp-content\/uploads\/2024\/11\/Language-switcher-in-header-1-150x86.png 150w, https:\/\/wpml.org\/wp-content\/uploads\/2024\/11\/Language-switcher-in-header-1-768x441.png 768w, https:\/\/wpml.org\/wp-content\/uploads\/2024\/11\/Language-switcher-in-header-1-1536x882.png 1536w, https:\/\/wpml.org\/wp-content\/uploads\/2024\/11\/Language-switcher-in-header-1.png 1600w\" sizes=\"auto, (max-width: 1024px) 100vw, 1024px\" \/><\/a><figcaption><div class=\"tb-image-caption\">S\u00e9lecteur de langue dans la section d&rsquo;en-t\u00eate<\/div><\/figcaption><\/figure>\n\n\n\n<p>Ou, si vous ne souhaitez pas modifier la conception de votre en-t\u00eate, vous pouvez placer le s\u00e9lecteur de langue au bas de votre section de pied de page. <\/p>\n\n\n\n<figure class=\"wp-block-image tb-image tb-image-dynamic tb-image-frame-none\" data-toolset-blocks-image=\"b108afeeaf99f2655f1b998e1426f8fc\"><a href=\"https:\/\/wpml.org\/wp-content\/uploads\/2024\/03\/language-switcher-in-footer.png\"><img decoding=\"async\" width=\"1024\" height=\"563\" loading=\"lazy\" src=\"https:\/\/wpml.org\/wp-content\/uploads\/2024\/03\/language-switcher-in-footer-1024x563.png\" alt=\"Language switcher in the footer section\" class=\"wp-image-15415061\" srcset=\"https:\/\/wpml.org\/wp-content\/uploads\/2024\/03\/language-switcher-in-footer-1024x563.png 1024w, https:\/\/wpml.org\/wp-content\/uploads\/2024\/03\/language-switcher-in-footer-300x165.png 300w, https:\/\/wpml.org\/wp-content\/uploads\/2024\/03\/language-switcher-in-footer-150x83.png 150w, https:\/\/wpml.org\/wp-content\/uploads\/2024\/03\/language-switcher-in-footer-768x422.png 768w, https:\/\/wpml.org\/wp-content\/uploads\/2024\/03\/language-switcher-in-footer-1536x845.png 1536w, https:\/\/wpml.org\/wp-content\/uploads\/2024\/03\/language-switcher-in-footer.png 1600w\" sizes=\"auto, (max-width: 1024px) 100vw, 1024px\" \/><\/a><figcaption><div class=\"tb-image-caption\">S\u00e9lecteur de langue dans la section de pied de page<\/div><\/figcaption><\/figure>\n\n\n\n<p>Avec WPML, vous pouvez facilement ajouter des s\u00e9lecteurs de langue \u00e0 votre site, comme ceux pr\u00e9sent\u00e9s ci-dessus. <\/p>\n\n\n\n<h2 class=\"wp-block-heading\" id=\"add-language-switcher-wpml\">Comment ajouter un s\u00e9lecteur de langue avec WPML<\/h2>\n\n\n\n<p>Avec WPML, vous pouvez ajouter plusieurs s\u00e9lecteurs de langue \u00e0 divers emplacements. Cela inclut :  <\/p>\n\n\n\n<div style=\"height:20px\" aria-hidden=\"true\" class=\"wp-block-spacer\"><\/div>\n\n\n\n<div class=\"wp-block-toolset-blocks-grid tb-grid\" data-toolset-blocks-grid=\"6329aaaa361b6c3ff5e14c6308f907de\">\n<div class=\"wp-block-toolset-blocks-grid-column tb-grid-column tb-grid-align-top\" data-toolset-blocks-grid-column=\"e0c62ef28c440411136281632d5a8d63\">\n<div class=\"wp-block-toolset-blocks-container tb-container aligncenter\" data-toolset-blocks-container=\"48873aa9a1502db94cee7985805c3625\">\n<div class=\"tb-fields-and-text\" data-toolset-blocks-fields-and-text=\"3e1d2592ce20bdf2bf813c9dfa44c991\"><p><img decoding=\"async\" class=\" wp-image-15966792 aligncenter\" src=\"https:\/\/wpml.org\/wp-content\/uploads\/2024\/07\/menu1-min.png\" alt=\"\" width=\"190\" height=\"190\" srcset=\"https:\/\/wpml.org\/wp-content\/uploads\/2024\/07\/menu1-min.png 370w, https:\/\/wpml.org\/wp-content\/uploads\/2024\/07\/menu1-min-300x300.png 300w, https:\/\/wpml.org\/wp-content\/uploads\/2024\/07\/menu1-min-150x150.png 150w, https:\/\/wpml.org\/wp-content\/uploads\/2024\/07\/menu1-min-100x100.png 100w\" sizes=\"(max-width: 190px) 100vw, 190px\" \/><\/p><\/div>\n\n\n\n<p class=\"tb-heading has-text-color\" data-toolset-blocks-heading=\"bf983b028e621cb4ef8152faf0911a40\" data-last-update=\"1.4\"><strong>Menus<\/strong><\/p>\n<\/div>\n<\/div>\n\n\n\n<div class=\"wp-block-toolset-blocks-grid-column tb-grid-column tb-grid-align-top\" data-toolset-blocks-grid-column=\"3034fbe886c11054e95b46b09d3e4112\">\n<div class=\"wp-block-toolset-blocks-container tb-container aligncenter\" data-toolset-blocks-container=\"48873aa9a1502db94cee7985805c3625\">\n<div class=\"tb-fields-and-text\" data-toolset-blocks-fields-and-text=\"3e1d2592ce20bdf2bf813c9dfa44c991\"><p><img decoding=\"async\" class=\" wp-image-15966806 aligncenter\" src=\"https:\/\/wpml.org\/wp-content\/uploads\/2024\/07\/widget1-min.png\" alt=\"\" width=\"190\" height=\"190\" srcset=\"https:\/\/wpml.org\/wp-content\/uploads\/2024\/07\/widget1-min.png 370w, https:\/\/wpml.org\/wp-content\/uploads\/2024\/07\/widget1-min-300x300.png 300w, https:\/\/wpml.org\/wp-content\/uploads\/2024\/07\/widget1-min-150x150.png 150w, https:\/\/wpml.org\/wp-content\/uploads\/2024\/07\/widget1-min-100x100.png 100w\" sizes=\"(max-width: 190px) 100vw, 190px\" \/><\/p><\/div>\n\n\n\n<p class=\"tb-heading has-text-color\" data-toolset-blocks-heading=\"bf983b028e621cb4ef8152faf0911a40\" data-last-update=\"1.4\"><strong><strong>Widgets<\/strong><\/strong><\/p>\n<\/div>\n<\/div>\n\n\n\n<div class=\"wp-block-toolset-blocks-grid-column tb-grid-column tb-grid-align-top\" data-toolset-blocks-grid-column=\"3034fbe886c11054e95b46b09d3e4112\">\n<div class=\"wp-block-toolset-blocks-container tb-container aligncenter\" data-toolset-blocks-container=\"48873aa9a1502db94cee7985805c3625\">\n<div class=\"tb-fields-and-text\" data-toolset-blocks-fields-and-text=\"3e1d2592ce20bdf2bf813c9dfa44c991\"><p><img decoding=\"async\" class=\" wp-image-15966821 aligncenter\" src=\"https:\/\/wpml.org\/wp-content\/uploads\/2024\/07\/template1-min.png\" alt=\"\" width=\"190\" height=\"190\" srcset=\"https:\/\/wpml.org\/wp-content\/uploads\/2024\/07\/template1-min.png 370w, https:\/\/wpml.org\/wp-content\/uploads\/2024\/07\/template1-min-300x300.png 300w, https:\/\/wpml.org\/wp-content\/uploads\/2024\/07\/template1-min-150x150.png 150w, https:\/\/wpml.org\/wp-content\/uploads\/2024\/07\/template1-min-100x100.png 100w\" sizes=\"(max-width: 190px) 100vw, 190px\" \/><\/p><\/div>\n\n\n\n<p class=\"tb-heading has-text-color\" data-toolset-blocks-heading=\"bf983b028e621cb4ef8152faf0911a40\" data-last-update=\"1.4\"><strong><strong><strong>Gabarits<\/strong><\/strong><\/strong><\/p>\n<\/div>\n<\/div>\n\n\n\n<div class=\"wp-block-toolset-blocks-grid-column tb-grid-column tb-grid-align-top\" data-toolset-blocks-grid-column=\"3034fbe886c11054e95b46b09d3e4112\">\n<div class=\"wp-block-toolset-blocks-container tb-container aligncenter\" data-toolset-blocks-container=\"48873aa9a1502db94cee7985805c3625\">\n<div class=\"tb-fields-and-text\" data-toolset-blocks-fields-and-text=\"3e1d2592ce20bdf2bf813c9dfa44c991\"><p><img decoding=\"async\" class=\" wp-image-15966835 aligncenter\" src=\"https:\/\/wpml.org\/wp-content\/uploads\/2024\/07\/post1-min.png\" alt=\"\" width=\"190\" height=\"190\" srcset=\"https:\/\/wpml.org\/wp-content\/uploads\/2024\/07\/post1-min.png 370w, https:\/\/wpml.org\/wp-content\/uploads\/2024\/07\/post1-min-300x300.png 300w, https:\/\/wpml.org\/wp-content\/uploads\/2024\/07\/post1-min-150x150.png 150w, https:\/\/wpml.org\/wp-content\/uploads\/2024\/07\/post1-min-100x100.png 100w\" sizes=\"(max-width: 190px) 100vw, 190px\" \/><\/p><\/div>\n\n\n\n<p class=\"tb-heading has-text-color\" data-toolset-blocks-heading=\"bf983b028e621cb4ef8152faf0911a40\" data-last-update=\"1.4\"><strong>Contenu des articles<\/strong><\/p>\n<\/div>\n<\/div>\n<\/div>\n\n\n\n<div style=\"height:40px\" aria-hidden=\"true\" class=\"wp-block-spacer\"><\/div>\n\n\n\n<h3 class=\"wp-block-heading\" id=\"add-language-switcher-menu\">Ajouter un s\u00e9lecteur de langue \u00e0 un menu, un widget ou un pied de page<\/h3>\n\n\n\n<p>Pour ajouter un s\u00e9lecteur de langue \u00e0 un menu, un widget ou un pied de page, acc\u00e9dez \u00e0 <strong>WPML \u2192 Langues<\/strong>. <\/p>\n\n\n\n<p>\u00c0 partir de l\u00e0, vous pouvez \u00e9galement personnaliser chaque s\u00e9lecteur de langue. Cliquez sur l\u2019ic\u00f4ne de crayon pour le modifier \u2014 vous pouvez changer la taille et les couleurs du s\u00e9lecteur de langue, ainsi que la mani\u00e8re dont chaque langue doit \u00eatre affich\u00e9e (par exemple, dans la langue d\u2019origine et dans la langue actuelle du site). <\/p>\n\n\n<div class=\"wp-block-image\">\n<figure class=\" tb-image tb-image-dynamic tb-image-frame-none aligncenter\" data-toolset-blocks-image=\"118ecdfaeca09762e525676dcce1eeb2\"><a href=\"https:\/\/wpml.org\/wp-content\/uploads\/2025\/08\/Language-switcher-settings.png\"><img decoding=\"async\" width=\"1860\" height=\"1147\" loading=\"lazy\" src=\"https:\/\/wpml.org\/wp-content\/uploads\/2025\/08\/Language-switcher-settings.png\" alt=\"\" class=\"wp-image-17328474\" srcset=\"https:\/\/wpml.org\/wp-content\/uploads\/2025\/08\/Language-switcher-settings.png 1860w, https:\/\/wpml.org\/wp-content\/uploads\/2025\/08\/Language-switcher-settings-300x185.png 300w, https:\/\/wpml.org\/wp-content\/uploads\/2025\/08\/Language-switcher-settings-1024x631.png 1024w, https:\/\/wpml.org\/wp-content\/uploads\/2025\/08\/Language-switcher-settings-150x93.png 150w, https:\/\/wpml.org\/wp-content\/uploads\/2025\/08\/Language-switcher-settings-768x474.png 768w, https:\/\/wpml.org\/wp-content\/uploads\/2025\/08\/Language-switcher-settings-1536x947.png 1536w\" sizes=\"auto, (max-width: 1860px) 100vw, 1860px\" \/><\/a><figcaption><div class=\"tb-image-caption\">Param\u00e8tres de S\u00e9lecteur de langue<\/div><\/figcaption><\/figure>\n<\/div>\n\n\n<h3 class=\"wp-block-heading\" id=\"add-language-switcher-post-content\">Ajouter un s\u00e9lecteur de langue au contenu de l&rsquo;article<\/h3>\n\n\n\n<p>Les s\u00e9lecteurs de langue dans le contenu de l&rsquo;article apparaissent sous forme de liens int\u00e9gr\u00e9s. <\/p>\n\n\n\n<figure class=\"wp-block-image tb-image tb-image-dynamic tb-image-frame-none\" data-toolset-blocks-image=\"bdd226928cee9acd69bd4b905131dbc5\"><a href=\"https:\/\/wpml.org\/wp-content\/uploads\/2024\/07\/Language-switcher-in-post-content.png\"><img decoding=\"async\" width=\"1024\" height=\"644\" loading=\"lazy\" src=\"https:\/\/wpml.org\/wp-content\/uploads\/2024\/07\/Language-switcher-in-post-content-1024x644.png\" alt=\"Language switcher in post content\" class=\"wp-image-15962550\" srcset=\"https:\/\/wpml.org\/wp-content\/uploads\/2024\/07\/Language-switcher-in-post-content-1024x644.png 1024w, https:\/\/wpml.org\/wp-content\/uploads\/2024\/07\/Language-switcher-in-post-content-300x189.png 300w, https:\/\/wpml.org\/wp-content\/uploads\/2024\/07\/Language-switcher-in-post-content-150x94.png 150w, https:\/\/wpml.org\/wp-content\/uploads\/2024\/07\/Language-switcher-in-post-content-768x483.png 768w, https:\/\/wpml.org\/wp-content\/uploads\/2024\/07\/Language-switcher-in-post-content-1536x966.png 1536w, https:\/\/wpml.org\/wp-content\/uploads\/2024\/07\/Language-switcher-in-post-content.png 1913w\" sizes=\"auto, (max-width: 1024px) 100vw, 1024px\" \/><\/a><figcaption><div class=\"tb-image-caption\">S\u00e9lecteur de langue au-dessus du contenu de l&rsquo;article<\/div><\/figcaption><\/figure>\n\n\n\n<p>Comme pour les s\u00e9lecteurs de langue ordinaires, vous pouvez inclure des drapeaux, afficher les langues dans leurs noms natifs, et contr\u00f4ler o\u00f9 les liens apparaissent sur la page ; en dessous ou au-dessus de l&rsquo;article. <\/p>\n\n\n\n<p>Pour ajouter un s\u00e9lecteur de langue dans le contenu de l&rsquo;article : <\/p>\n\n\n\n<ol class=\"wp-block-list\">\n<li>Acc\u00e9dez \u00e0 <strong>WPML \u2192 Langues<\/strong>.<\/li>\n\n\n\n<li>Faites d\u00e9filer jusqu\u2019\u00e0 <strong>Liens vers la traduction des publications<\/strong> et cochez la case.<\/li>\n<\/ol>\n\n\n\n<h3 class=\"wp-block-heading\" id=\"add-language-switcher-template\">Ajouter un s\u00e9lecteur de langue \u00e0 un mod\u00e8le<\/h3>\n\n\n\n<p>En utilisant le bloc <strong>S\u00e9lecteur de langue WPML<\/strong>, vous pouvez ajouter un s\u00e9lecteur de langue \u00e0 n\u2019importe quel mod\u00e8le ou partie de mod\u00e8le de votre site.<\/p>\n\n\n\n<figure class=\"wp-block-image tb-image tb-image-dynamic tb-image-frame-none\" data-toolset-blocks-image=\"58e4dcce800a533034f7d8c6efe2d185\"><a href=\"https:\/\/wpml.org\/wp-content\/uploads\/2024\/07\/Adding-WPML-Language-Switcher-to-template-2.png\"><img decoding=\"async\" width=\"1024\" height=\"762\" loading=\"lazy\" src=\"https:\/\/wpml.org\/wp-content\/uploads\/2024\/07\/Adding-WPML-Language-Switcher-to-template-2-1024x762.png\" alt=\"Adding WPML Language Switcher to template\" class=\"wp-image-15962870\" srcset=\"https:\/\/wpml.org\/wp-content\/uploads\/2024\/07\/Adding-WPML-Language-Switcher-to-template-2-1024x762.png 1024w, https:\/\/wpml.org\/wp-content\/uploads\/2024\/07\/Adding-WPML-Language-Switcher-to-template-2-300x223.png 300w, https:\/\/wpml.org\/wp-content\/uploads\/2024\/07\/Adding-WPML-Language-Switcher-to-template-2-150x112.png 150w, https:\/\/wpml.org\/wp-content\/uploads\/2024\/07\/Adding-WPML-Language-Switcher-to-template-2-768x571.png 768w, https:\/\/wpml.org\/wp-content\/uploads\/2024\/07\/Adding-WPML-Language-Switcher-to-template-2-1536x1143.png 1536w, https:\/\/wpml.org\/wp-content\/uploads\/2024\/07\/Adding-WPML-Language-Switcher-to-template-2.png 1640w\" sizes=\"auto, (max-width: 1024px) 100vw, 1024px\" \/><\/a><figcaption><div class=\"tb-image-caption\">Ajouter le s\u00e9lecteur de langue WPML \u00e0 un mod\u00e8le<\/div><\/figcaption><\/figure>\n\n\n\n<p>Comme pour les autres \u00e9l\u00e9ments de bloc, pour afficher le <strong>s\u00e9lecteur de langue WPML<\/strong> dans d\u2019autres langues, vous devez le traduire :<\/p>\n\n\n\n<ol class=\"wp-block-list\">\n<li>Allez dans <strong>WPML \u2192 tableau de bord de traduction<\/strong>.<\/li>\n\n\n\n<li>S\u00e9lectionnez le mod\u00e8le auquel vous avez ajout\u00e9 le s\u00e9lecteur de langue. <\/li>\n<\/ol>\n\n\n\n<figure class=\"wp-block-image tb-image tb-image-dynamic tb-image-frame-none\" data-toolset-blocks-image=\"4df73c59c8163fc31117803cb6e9624b\"><a href=\"https:\/\/wpml.org\/wp-content\/uploads\/2025\/08\/Selecting-navigation-in-Translation-Management-1.png\"><img decoding=\"async\" width=\"1982\" height=\"1253\" loading=\"lazy\" src=\"https:\/\/wpml.org\/wp-content\/uploads\/2025\/08\/Selecting-navigation-in-Translation-Management-1.png\" alt=\"\" class=\"wp-image-17328516\" srcset=\"https:\/\/wpml.org\/wp-content\/uploads\/2025\/08\/Selecting-navigation-in-Translation-Management-1.png 1982w, https:\/\/wpml.org\/wp-content\/uploads\/2025\/08\/Selecting-navigation-in-Translation-Management-1-300x190.png 300w, https:\/\/wpml.org\/wp-content\/uploads\/2025\/08\/Selecting-navigation-in-Translation-Management-1-1024x647.png 1024w, https:\/\/wpml.org\/wp-content\/uploads\/2025\/08\/Selecting-navigation-in-Translation-Management-1-150x95.png 150w, https:\/\/wpml.org\/wp-content\/uploads\/2025\/08\/Selecting-navigation-in-Translation-Management-1-768x486.png 768w, https:\/\/wpml.org\/wp-content\/uploads\/2025\/08\/Selecting-navigation-in-Translation-Management-1-1536x971.png 1536w\" sizes=\"auto, (max-width: 1982px) 100vw, 1982px\" \/><\/a><figcaption><div class=\"tb-image-caption\">S\u00e9lection de la navigation dans le tableau de bord de traduction<\/div><\/figcaption><\/figure>\n\n\n\n<ol start=\"3\" class=\"wp-block-list\">\n<li>Choisissez une m\u00e9thode de traduction et <strong>traduisez<\/strong>.<\/li>\n<\/ol>\n\n\n\n<p>Le s\u00e9lecteur de langue sera d\u00e9sormais visible dans vos langues secondaires.<\/p>\n\n\n\n<h2 class=\"wp-block-heading\" id=\"style-language-switcher\">Styliser votre s\u00e9lecteur de langue<\/h2>\n\n\n\n<p>WPML propose diverses options de style pour personnaliser chaque type de s\u00e9lecteur de langue. Cela inclut : <\/p>\n\n\n\n<ul class=\"wp-block-list\">\n<li>Ordre des langues<\/li>\n\n\n\n<li>Afficher \/ masquer le drapeau de la langue<\/li>\n\n\n\n<li>Disposition en liste d\u00e9roulante ou en liste<\/li>\n\n\n\n<li>Afficher les langues dans leur nom natif<\/li>\n<\/ul>\n\n\n\n<p>Pour modifier l\u2019un de ces param\u00e8tres, acc\u00e9dez \u00e0 <strong><strong>WPML \u2192 Langues<\/strong><\/strong> et modifiez le s\u00e9lecteur de langue que vous souhaitez personnaliser.<\/p>\n\n\n\n<p>Si vous avez besoin de plus d&rsquo;options de personnalisation et que vous \u00eates \u00e0 l&rsquo;aise avec le code, vous pouvez <a href=\"https:\/\/wpml.org\/documentation\/getting-started-guide\/language-setup\/custom-language-switcher\/\">cr\u00e9er des s\u00e9lecteurs de langue personnalis\u00e9s en utilisant PHP<\/a>.<\/p>\n\n\n\n<h2 class=\"wp-block-heading\" id=\"get-started-wpml\">Commencez avec WPML<\/h2>\n\n\n\n<p>Pour ajouter des s\u00e9lecteurs de langue avec WPML, vous devez disposer du plan Multilingual CMS ou Multilingual Agency. Consultez notre <a href=\"https:\/\/wpml.org\/fr\/purchase\/\">page de tarifs<\/a> pour plus d\u2019informations. <\/p>\n<\/div><\/div>\n","protected":false},"excerpt":{"rendered":"","protected":false},"author":578773,"featured_media":0,"parent":103380,"menu_order":45,"comment_status":"closed","ping_status":"closed","template":"","meta":{"_bbp_topic_count":0,"_bbp_reply_count":0,"_bbp_total_topic_count":0,"_bbp_total_reply_count":0,"_bbp_voice_count":0,"_bbp_anonymous_reply_count":0,"_bbp_topic_count_hidden":0,"_bbp_reply_count_hidden":0,"_bbp_forum_subforum_count":0,"ep_exclude_from_search":false,"footnotes":""},"related-projects-category":[],"class_list":["post-1154724","page","type-page","status-publish","hentry"],"_links":{"self":[{"href":"https:\/\/wpml.org\/fr\/wp-json\/wp\/v2\/pages\/1154724","targetHints":{"allow":["GET"]}}],"collection":[{"href":"https:\/\/wpml.org\/fr\/wp-json\/wp\/v2\/pages"}],"about":[{"href":"https:\/\/wpml.org\/fr\/wp-json\/wp\/v2\/types\/page"}],"author":[{"embeddable":true,"href":"https:\/\/wpml.org\/fr\/wp-json\/wp\/v2\/users\/578773"}],"replies":[{"embeddable":true,"href":"https:\/\/wpml.org\/fr\/wp-json\/wp\/v2\/comments?post=1154724"}],"version-history":[{"count":8,"href":"https:\/\/wpml.org\/fr\/wp-json\/wp\/v2\/pages\/1154724\/revisions"}],"predecessor-version":[{"id":17853951,"href":"https:\/\/wpml.org\/fr\/wp-json\/wp\/v2\/pages\/1154724\/revisions\/17853951"}],"up":[{"embeddable":true,"href":"https:\/\/wpml.org\/fr\/wp-json\/wp\/v2\/pages\/103380"}],"wp:attachment":[{"href":"https:\/\/wpml.org\/fr\/wp-json\/wp\/v2\/media?parent=1154724"}],"wp:term":[{"taxonomy":"related-projects-category","embeddable":true,"href":"https:\/\/wpml.org\/fr\/wp-json\/wp\/v2\/related-projects-category?post=1154724"}],"curies":[{"name":"wp","href":"https:\/\/api.w.org\/{rel}","templated":true}]}}