{"id":12075701,"date":"2022-09-15T06:36:08","date_gmt":"2022-09-15T06:36:08","guid":{"rendered":"https:\/\/wpml.org\/purchase\/renouvellement-de-wpml-comment-cela-fonctionne-et-ce-qui-se-passe-si-vous-ne-le-renouvelez-pas\/"},"modified":"2026-04-22T15:45:29","modified_gmt":"2026-04-22T15:45:29","slug":"renouvellement-de-wpml-comment-cela-fonctionne-et-ce-qui-se-passe-si-vous-ne-le-renouvelez-pas","status":"publish","type":"page","link":"https:\/\/wpml.org\/fr\/purchase\/renouvellement-de-wpml-comment-cela-fonctionne-et-ce-qui-se-passe-si-vous-ne-le-renouvelez-pas\/","title":{"rendered":"Renouvellements WPML"},"content":{"rendered":"\n<div class=\"wp-block-toolset-blocks-container tb-container alignfull\" data-toolset-blocks-container=\"fc8d2aa82106d329ae904413f0960ef9\"><div class=\"tb-container-inner\">\n<div class=\"wp-block-toolset-blocks-grid tb-grid\" data-toolset-blocks-grid=\"39038e72c7b2df1b8a5c57af96f915d6\">\n<div class=\"wp-block-toolset-blocks-grid-column tb-grid-column tb-grid-align-center\" data-toolset-blocks-grid-column=\"f586ff7bfe1d7317c63162ec7b7039ed\">\n<h1 class=\"tb-heading has-text-color\" data-toolset-blocks-heading=\"415760732ef66df37e1713d118e7d93d\" data-last-update=\"1.4\">Renouvellements WPML<\/h1>\n\n\n\n<div class=\"tb-fields-and-text\" data-toolset-blocks-fields-and-text=\"dc100ae563ee26e223a5d75993da1a4e\"><p><span style=\"font-weight: 400;\">Le renouvellement de WPML assure la s\u00e9curit\u00e9 de votre site web, l\u2019emp\u00eache de se casser lors des mises \u00e0 jour de WordPress et garantit le bon fonctionnement de WPML.<\/span><\/p><\/div>\n\n\n\n<div class=\"tb-button\" data-toolset-blocks-button=\"a7297d135e9f62f8199fa46fd10c74be\"><a class=\"tb-button__link\" href=\"#renew-wpml\"><span class=\"tb-button__content\">Renouveler mon compte<\/span><i class=\"tb-button__icon\"><\/i><\/a><\/div>\n<\/div>\n\n\n\n<div class=\"wp-block-toolset-blocks-grid-column tb-grid-column tb-grid-align-top\" data-toolset-blocks-grid-column=\"3034fbe886c11054e95b46b09d3e4112\"><div class=\"wp-block-image\">\n<figure class=\" tb-image tb-image-dynamic tb-image-frame-none aligncenter\" data-toolset-blocks-image=\"0d855ff1ba944aa1655a9ba8ebc1dee3\"><img decoding=\"async\" width=\"605\" height=\"543\" loading=\"lazy\" src=\"https:\/\/wpml.org\/wp-content\/uploads\/2024\/11\/img-1-min.png\" alt=\"\" class=\"wp-image-16366999\" srcset=\"https:\/\/wpml.org\/wp-content\/uploads\/2024\/11\/img-1-min.png 605w, https:\/\/wpml.org\/wp-content\/uploads\/2024\/11\/img-1-min-300x269.png 300w, https:\/\/wpml.org\/wp-content\/uploads\/2024\/11\/img-1-min-150x135.png 150w\" sizes=\"auto, (max-width: 605px) 100vw, 605px\" \/><\/figure>\n<\/div><\/div>\n<\/div>\n<\/div><\/div>\n\n<div class=\"wp-block-toolset-blocks-container tb-container\" data-toolset-blocks-container=\"7a6ae5a2fdbcfb671737dff1d7fc2d17\"><div class=\"tb-container-inner\">\n<h2 class=\"tb-heading has-text-color\" data-toolset-blocks-heading=\"d75fcd62e73a51f64a3177fe7b033435\" data-last-update=\"1.4\">Avantages du renouvellement<\/h2>\n\n\n\n<div class=\"wp-block-toolset-blocks-grid tb-grid\" data-toolset-blocks-grid=\"0ee53de61aa8541b5f8c6e136a129062\">\n<div class=\"wp-block-toolset-blocks-grid-column tb-grid-column\" data-toolset-blocks-grid-column=\"c777ff47b88bccde2288392889584581\">\n<div class=\"wp-block-toolset-blocks-container tb-container\" data-toolset-blocks-container=\"7eb4078d55be244546f812efa0213233\">\n<div class=\"wp-block-toolset-blocks-container tb-container\" data-toolset-blocks-container=\"f0feeef213a928c481d5a878e68f6ab9\"><\/div>\n\n\n\n<div class=\"wp-block-toolset-blocks-container tb-container\" data-toolset-blocks-container=\"4562bb7f50514de52ca267d05ac7ce1a\">\n<p class=\"tb-heading has-text-color\" data-toolset-blocks-heading=\"0827eb14e25db5fe9ecb993108aaf87f\" data-last-update=\"1.4\"><strong>Traduire avec WPML<\/strong><\/p>\n\n\n\n<p class=\"tb-heading has-text-color\" data-toolset-blocks-heading=\"24ac9e8ddc1793cbb331be1edd5d28be\" data-last-update=\"1.4\">Continuer \u00e0 utiliser WPML et conserver toutes vos traductions<\/p>\n<\/div>\n\n\n\n<div class=\"wp-block-toolset-blocks-container tb-container\" data-toolset-blocks-container=\"4562bb7f50514de52ca267d05ac7ce1a\">\n<p class=\"tb-heading has-text-color\" data-toolset-blocks-heading=\"0827eb14e25db5fe9ecb993108aaf87f\" data-last-update=\"1.4\"><strong>Mises \u00e0 jour de compatibilit\u00e9<\/strong><\/p>\n\n\n\n<p class=\"tb-heading has-text-color\" data-toolset-blocks-heading=\"24ac9e8ddc1793cbb331be1edd5d28be\" data-last-update=\"1.4\">Recevez des mises \u00e0 jour r\u00e9guli\u00e8res avant les versions de WordPress<\/p>\n<\/div>\n\n\n\n<div class=\"wp-block-toolset-blocks-container tb-container\" data-toolset-blocks-container=\"4562bb7f50514de52ca267d05ac7ce1a\">\n<p class=\"tb-heading has-text-color\" data-toolset-blocks-heading=\"0827eb14e25db5fe9ecb993108aaf87f\" data-last-update=\"1.4\"><strong>Assistance<\/strong><\/p>\n\n\n\n<p class=\"tb-heading has-text-color\" data-toolset-blocks-heading=\"24ac9e8ddc1793cbb331be1edd5d28be\" data-last-update=\"1.4\">Obtenez de l\u2019aide de notre \u00e9quipe d\u2019assistance<\/p>\n<\/div>\n\n\n\n<div class=\"wp-block-toolset-blocks-container tb-container\" data-toolset-blocks-container=\"4562bb7f50514de52ca267d05ac7ce1a\">\n<p class=\"tb-heading has-text-color\" data-toolset-blocks-heading=\"0827eb14e25db5fe9ecb993108aaf87f\" data-last-update=\"1.4\"><strong>Recharges de cr\u00e9dits<\/strong><\/p>\n\n\n\n<p class=\"tb-heading has-text-color\" data-toolset-blocks-heading=\"24ac9e8ddc1793cbb331be1edd5d28be\" data-last-update=\"1.4\">Obtenez des cr\u00e9dits gratuits lors du renouvellement de votre compte<\/p>\n<\/div>\n\n\n\n<div class=\"wp-block-toolset-blocks-container tb-container\" data-toolset-blocks-container=\"4562bb7f50514de52ca267d05ac7ce1a\">\n<p class=\"tb-heading has-text-color\" data-toolset-blocks-heading=\"0827eb14e25db5fe9ecb993108aaf87f\" data-last-update=\"1.4\"><strong>Enregistrer WPML sur de nouveaux sites<\/strong><\/p>\n\n\n\n<p class=\"tb-heading has-text-color\" data-toolset-blocks-heading=\"24ac9e8ddc1793cbb331be1edd5d28be\" data-last-update=\"1.4\">Continuer \u00e0 installer WPML sur de nouveaux sites web<\/p>\n<\/div>\n<\/div>\n<\/div>\n\n\n\n<div class=\"wp-block-toolset-blocks-grid-column tb-grid-column tb-grid-align-top\" data-toolset-blocks-grid-column=\"3034fbe886c11054e95b46b09d3e4112\">\n<div class=\"wp-block-toolset-blocks-container tb-container\" data-toolset-blocks-container=\"d86653a2d26876b3e2a6aba0093581aa\">\n<div class=\"wp-block-toolset-blocks-container tb-container\" data-toolset-blocks-container=\"9f66c40ed9b5fdacfc4286d120b702c7\">\n<p class=\"tb-heading has-text-color\" data-toolset-blocks-heading=\"ac39eeff1e96129d91de7bdab8fc0540\" data-last-update=\"1.4\">Compte actif<\/p>\n<\/div>\n\n\n\n<div class=\"wp-block-toolset-blocks-container tb-container\" data-toolset-blocks-container=\"6b466e726ef96ac8f2ff092044064d30\">\n<div class=\"wp-block-toolset-blocks-container tb-container\" data-toolset-blocks-container=\"4c1e644b100a7cd79ae08b214443135d\"><\/div>\n\n\n\n<p class=\"tb-heading has-text-color\" data-toolset-blocks-heading=\"066ff0eb7301bfcc7c8c82495ec49f7a\" data-last-update=\"1.4\">Traduire avec WPML<\/p>\n<\/div>\n\n\n\n<div class=\"wp-block-toolset-blocks-container tb-container\" data-toolset-blocks-container=\"6b466e726ef96ac8f2ff092044064d30\">\n<div class=\"wp-block-toolset-blocks-container tb-container\" data-toolset-blocks-container=\"4c1e644b100a7cd79ae08b214443135d\"><\/div>\n\n\n\n<p class=\"tb-heading has-text-color\" data-toolset-blocks-heading=\"066ff0eb7301bfcc7c8c82495ec49f7a\" data-last-update=\"1.4\">Mises \u00e0 jour de compatibilit\u00e9<\/p>\n<\/div>\n\n\n\n<div class=\"wp-block-toolset-blocks-container tb-container\" data-toolset-blocks-container=\"6b466e726ef96ac8f2ff092044064d30\">\n<div class=\"wp-block-toolset-blocks-container tb-container\" data-toolset-blocks-container=\"4c1e644b100a7cd79ae08b214443135d\"><\/div>\n\n\n\n<p class=\"tb-heading has-text-color\" data-toolset-blocks-heading=\"066ff0eb7301bfcc7c8c82495ec49f7a\" data-last-update=\"1.4\">Assistance<\/p>\n<\/div>\n\n\n\n<div class=\"wp-block-toolset-blocks-container tb-container\" data-toolset-blocks-container=\"6b466e726ef96ac8f2ff092044064d30\">\n<div class=\"wp-block-toolset-blocks-container tb-container\" data-toolset-blocks-container=\"4c1e644b100a7cd79ae08b214443135d\"><\/div>\n\n\n\n<p class=\"tb-heading has-text-color\" data-toolset-blocks-heading=\"066ff0eb7301bfcc7c8c82495ec49f7a\" data-last-update=\"1.4\">Recharges de cr\u00e9dits<\/p>\n<\/div>\n\n\n\n<div class=\"wp-block-toolset-blocks-container tb-container\" data-toolset-blocks-container=\"1e636e193165ce3af2c00312087c07c3\">\n<div class=\"wp-block-toolset-blocks-container tb-container\" data-toolset-blocks-container=\"4c1e644b100a7cd79ae08b214443135d\"><\/div>\n\n\n\n<p class=\"tb-heading has-text-color\" data-toolset-blocks-heading=\"066ff0eb7301bfcc7c8c82495ec49f7a\" data-last-update=\"1.4\">Enregistrer WPML sur de nouveaux sites<\/p>\n<\/div>\n<\/div>\n<\/div>\n\n\n\n<div class=\"wp-block-toolset-blocks-grid-column tb-grid-column tb-grid-align-top\" data-toolset-blocks-grid-column=\"3034fbe886c11054e95b46b09d3e4112\">\n<div class=\"wp-block-toolset-blocks-container tb-container\" data-toolset-blocks-container=\"b6e68f76113613cbae24c92d22b96508\">\n<div class=\"wp-block-toolset-blocks-container tb-container\" data-toolset-blocks-container=\"cc15e079305115ef004ae52708640087\">\n<p class=\"tb-heading has-text-color\" data-toolset-blocks-heading=\"ac39eeff1e96129d91de7bdab8fc0540\" data-last-update=\"1.4\">Compte expir\u00e9<\/p>\n<\/div>\n\n\n\n<div class=\"wp-block-toolset-blocks-container tb-container\" data-toolset-blocks-container=\"ce852b3c7ae437d6bc69191b1631da45\">\n<div class=\"wp-block-toolset-blocks-container tb-container\" data-toolset-blocks-container=\"4c1e644b100a7cd79ae08b214443135d\"><\/div>\n\n\n\n<p class=\"tb-heading has-text-color\" data-toolset-blocks-heading=\"066ff0eb7301bfcc7c8c82495ec49f7a\" data-last-update=\"1.4\">Traduire avec WPML<\/p>\n<\/div>\n\n\n\n<div class=\"wp-block-toolset-blocks-container tb-container\" data-toolset-blocks-container=\"ce852b3c7ae437d6bc69191b1631da45\">\n<div class=\"wp-block-toolset-blocks-container tb-container\" data-toolset-blocks-container=\"f02b797b61bfb4dc15c841a611f765e9\"><\/div>\n\n\n\n<p class=\"tb-heading has-text-color\" data-toolset-blocks-heading=\"066ff0eb7301bfcc7c8c82495ec49f7a\" data-last-update=\"1.4\">Mises \u00e0 jour de compatibilit\u00e9<\/p>\n<\/div>\n\n\n\n<div class=\"wp-block-toolset-blocks-container tb-container\" data-toolset-blocks-container=\"ce852b3c7ae437d6bc69191b1631da45\">\n<div class=\"wp-block-toolset-blocks-container tb-container\" data-toolset-blocks-container=\"f02b797b61bfb4dc15c841a611f765e9\"><\/div>\n\n\n\n<p class=\"tb-heading has-text-color\" data-toolset-blocks-heading=\"066ff0eb7301bfcc7c8c82495ec49f7a\" data-last-update=\"1.4\">Assistance<\/p>\n<\/div>\n\n\n\n<div class=\"wp-block-toolset-blocks-container tb-container\" data-toolset-blocks-container=\"ce852b3c7ae437d6bc69191b1631da45\">\n<div class=\"wp-block-toolset-blocks-container tb-container\" data-toolset-blocks-container=\"f02b797b61bfb4dc15c841a611f765e9\"><\/div>\n\n\n\n<p class=\"tb-heading has-text-color\" data-toolset-blocks-heading=\"066ff0eb7301bfcc7c8c82495ec49f7a\" data-last-update=\"1.4\">Recharges de cr\u00e9dits<\/p>\n<\/div>\n\n\n\n<div class=\"wp-block-toolset-blocks-container tb-container\" data-toolset-blocks-container=\"1e636e193165ce3af2c00312087c07c3\">\n<div class=\"wp-block-toolset-blocks-container tb-container\" data-toolset-blocks-container=\"f02b797b61bfb4dc15c841a611f765e9\"><\/div>\n\n\n\n<p class=\"tb-heading has-text-color\" data-toolset-blocks-heading=\"066ff0eb7301bfcc7c8c82495ec49f7a\" data-last-update=\"1.4\">Enregistrer WPML sur de nouveaux sites<\/p>\n<\/div>\n<\/div>\n<\/div>\n<\/div>\n<\/div><\/div>\n\n<div class=\"wp-block-toolset-blocks-container tb-container\" data-toolset-blocks-container=\"e65048833a949a6393bcf2d55656d528\"><div class=\"tb-container-inner\">\n<h2 id=\"renew-wpml\" class=\"tb-heading has-text-color\" data-toolset-blocks-heading=\"73941e21fda40c58799714bd31f5acd8\" data-last-update=\"1.4\">Comment renouveler WPML<\/h2>\n\n\n\n<div class=\"wp-block-toolset-blocks-grid tb-grid\" data-toolset-blocks-grid=\"8ea5865c429595b71917a429796edf70\">\n<div class=\"wp-block-toolset-blocks-grid-column tb-grid-column tb-grid-align-top\" data-toolset-blocks-grid-column=\"89e1e0dc39d3e98fead7c4090a01f1bc\">\n<p class=\"tb-heading has-text-color has-background wa aligncenter\" data-toolset-blocks-heading=\"273107ffbd4dd1c4671a651a69c7655a\" data-last-update=\"1.4\">\u00c9tape 1<\/p>\n\n\n\n<p class=\"tb-heading has-text-color\" data-toolset-blocks-heading=\"659dd5913ccccf4c54a2a438a35416f5\" data-last-update=\"1.4\">Connectez-vous \u00e0 votre <a href=\"https:\/\/wpml.org\/fr\/account\/\">compte WPML<\/a> expir\u00e9<\/p>\n<\/div>\n\n\n\n<div class=\"wp-block-toolset-blocks-grid-column tb-grid-column tb-grid-align-top\" data-toolset-blocks-grid-column=\"89e1e0dc39d3e98fead7c4090a01f1bc\">\n<p class=\"tb-heading has-text-color has-background wa aligncenter\" data-toolset-blocks-heading=\"273107ffbd4dd1c4671a651a69c7655a\" data-last-update=\"1.4\">\u00c9tape 2<\/p>\n\n\n\n<p class=\"tb-heading has-text-color\" data-toolset-blocks-heading=\"e49c26538802030c4b291cb432b9921c\" data-last-update=\"1.4\">Cliquez sur <strong>Renouveler votre compte<\/strong> dans la notification<\/p>\n<\/div>\n\n\n\n<div class=\"wp-block-toolset-blocks-grid-column tb-grid-column tb-grid-align-top\" data-toolset-blocks-grid-column=\"89e1e0dc39d3e98fead7c4090a01f1bc\">\n<p class=\"tb-heading has-text-color has-background wa aligncenter\" data-toolset-blocks-heading=\"273107ffbd4dd1c4671a651a69c7655a\" data-last-update=\"1.4\">\u00c9tape 3<\/p>\n\n\n\n<p class=\"tb-heading has-text-color\" data-toolset-blocks-heading=\"e49c26538802030c4b291cb432b9921c\" data-last-update=\"1.4\">Finalisez la commande et payez<\/p>\n<\/div>\n<\/div>\n<\/div><\/div>\n\n<div style=\"height:20px\" aria-hidden=\"true\" class=\"wp-block-spacer\"><\/div>\n\n<div class=\"wp-block-toolset-blocks-container tb-container\" data-toolset-blocks-container=\"9aa1ac579f2c88c7aaf6219534e4b8ea\"><div class=\"tb-container-inner\">\n<div id=\"FAQ\" class=\"wp-block-toolset-blocks-container tb-container\" data-toolset-blocks-container=\"b85bbea7fba27be991aa0c24c63aa6ba\">\n<h3 class=\"tb-heading has-text-color\" data-toolset-blocks-heading=\"9577dea7d75d2ba21e3ec7d0eadf3c94\" data-last-update=\"1.4\">Foire aux questions<\/h3>\n\n\n\n<div class=\"wp-block-toolset-blocks-container tb-container\" data-toolset-blocks-container=\"b58d71c6b23adcf044605babd02164c4\">\n<div id=\"what-is-a-credit-lnk\" class=\"tb-fields-and-text\" data-toolset-blocks-fields-and-text=\"af636384927fde30cddd30da1d57c590\"><p><a class=\"anchorlink btn btn-primary no-underline\" role=\"button\" href=\"#renewals-credits\" data-toggle=\"collapse\" aria-expanded=\"false\" aria-controls=\"collapseExample\" style=\"   color: #373737; font-weight: bold;\">Que sont les recharges de cr\u00e9dits ?<\/a><\/p><\/div>\n\n\n\n<div id=\"renewals-credits\" class=\"wp-block-toolset-blocks-container tb-container collapse\" data-toolset-blocks-container=\"543a6cca6897caf680dd72ddca86f52c\">\n<div class=\"wp-block-toolset-blocks-container tb-container card-body card\" data-toolset-blocks-container=\"4709f8ae6b8c27d262b7a97685dda302\">\n<div class=\"wp-block-toolset-blocks-grid tb-grid\" data-toolset-blocks-grid=\"e9d2b9c7255d69a7c46b00fef2b535e9\">\n<div class=\"wp-block-toolset-blocks-grid-column tb-grid-column tb-grid-align-center\" data-toolset-blocks-grid-column=\"f586ff7bfe1d7317c63162ec7b7039ed\">\n<div class=\"tb-video\"><video autoplay=\"\" playsinline=\"\" loop=\"\" muted=\"\" data-src=\"https:\/\/wpml.org\/wp-content\/uploads\/2023\/07\/Video-renew-WPML-1.mp4\" data-toolset-blocks-video=\"6e01a70e0c5e31ccf7d44b670e33d470\"><\/video><\/div>\n<\/div>\n\n\n\n<div class=\"wp-block-toolset-blocks-grid-column tb-grid-column tb-grid-align-center\" data-toolset-blocks-grid-column=\"f586ff7bfe1d7317c63162ec7b7039ed\">\n<div class=\"tb-fields-and-text product-page-content\" data-toolset-blocks-fields-and-text=\"934dc2c72b193267729e3c3ffd4c5a0c\"><div class=\"wp-block-toolset-blocks-grid tb-grid product-page-content\" data-toolset-blocks-grid=\"1151edddf677d57865be04c77ac1cb97\">\n  <div class=\"wp-block-toolset-blocks-grid-column tb-grid-column tb-grid-align-center\" data-toolset-blocks-grid-column=\"f586ff7bfe1d7317c63162ec7b7039ed\">\n    <p>Chaque fois que vous renouvelez WPML, nous rechargeons votre solde de cr\u00e9dits de traduction jusqu\u2019\u00e0 une certaine limite :  <\/p>\n    <ul class=\"wp-block-list\">\n      <li><strong>Multilingual CMS<\/strong> \u2013 jusqu&rsquo;\u00e0 90 000 cr\u00e9dits <\/li>\n      <li><strong>Multilingual Agency<\/strong> \u2013 jusqu&rsquo;\u00e0 180 000 cr\u00e9dits<\/li>\n    <\/ul>\n  <\/div>\n<\/div><\/div>\n<\/div>\n<\/div>\n\n\n\n<p class=\"tb-heading\" data-toolset-blocks-heading=\"8421bda8b50dfb8caa6445075e894f0b\" data-last-update=\"1.4\">Par exemple, si vous avez un plan <strong>Multilingual CMS<\/strong> avec 33 000 cr\u00e9dits restants, vous recevrez 57 000 cr\u00e9dits lors du renouvellement de WPML. <\/p>\n<\/div>\n<\/div>\n<\/div>\n\n\n\n<div class=\"wp-block-toolset-blocks-container tb-container\" data-toolset-blocks-container=\"b58d71c6b23adcf044605babd02164c4\">\n<div id=\"calculate-your-cost-lnk\" class=\"tb-fields-and-text\" data-toolset-blocks-fields-and-text=\"83b909202873c48f1a431dcfe7e3fd31\"><p><a class=\"anchorlink btn btn-primary no-underline\" role=\"button\" href=\"#payment-method\" data-toggle=\"collapse\" aria-expanded=\"false\" aria-controls=\"collapseExample\" style=\"   color: #373737; font-weight: bold;\">Puis-je transf\u00e9rer les renouvellements \u00e0 mes clients ?<\/a><\/p><\/div>\n\n\n\n<div id=\"payment-method\" class=\"wp-block-toolset-blocks-container tb-container collapse\" data-toolset-blocks-container=\"dec7797e6ac58ce5e9c9a487f19f3a9d\">\n<div class=\"wp-block-toolset-blocks-container tb-container card-body card\" data-toolset-blocks-container=\"4709f8ae6b8c27d262b7a97685dda302\">\n<p class=\"tb-heading\" data-toolset-blocks-heading=\"8421bda8b50dfb8caa6445075e894f0b\" data-last-update=\"1.4\">\u00c0 compter du 13 janvier 2026, il ne sera plus possible de transf\u00e9rer les renouvellements \u00e0 vos clients. Les transferts effectu\u00e9s avant cette date continueront de fonctionner pour les utilisateurs finaux existants.  Si votre client souhaite reprendre un site que vous avez construit pour lui, il doit <a href=\"https:\/\/wpml.org\/purchase\/paying-wpml-renewal-for-my-site\/\">acheter un abonnement WPML et r\u00e9enregistrer le site<\/a>. <\/p>\n<\/div>\n<\/div>\n<\/div>\n<\/div>\n<\/div><\/div>\n","protected":false},"excerpt":{"rendered":"","protected":false},"author":204756,"featured_media":0,"parent":100635,"menu_order":0,"comment_status":"closed","ping_status":"closed","template":"template-full.php","meta":{"_bbp_topic_count":0,"_bbp_reply_count":0,"_bbp_total_topic_count":0,"_bbp_total_reply_count":0,"_bbp_voice_count":0,"_bbp_anonymous_reply_count":0,"_bbp_topic_count_hidden":0,"_bbp_reply_count_hidden":0,"_bbp_forum_subforum_count":0,"_uag_custom_page_level_css":"","ep_exclude_from_search":false,"footnotes":""},"related-projects-category":[],"class_list":["post-12075701","page","type-page","status-publish","hentry"],"spectra_custom_meta":{"ratings_users":["0"],"ratings_score":["0"],"ratings_average":["0"],"_subscription_coupon_product_id":["0"],"_wpv_contains_gutenberg_views":[""],"_alp_processed":["1776872729"],"wpcf-unformatted-code":[""],"_wpml_media_duplicate":["1"],"_wpml_media_featured":["1"],"toolset_post_editor_mode":["block"],"wpcf-price-increase-show-from":[""],"wpcf-price-increase-show-till":[""],"_wp_page_template":["template-full.php"],"_last_translation_edit_mode":["translation-editor"],"_oembed_085e890236af876c824fa92e59328670":["<iframe title=\"Translating Menus in WPML\" width=\"700\" height=\"394\" src=\"https:\/\/www.youtube.com\/embed\/aFQuEGQs19c?feature=oembed&enablejsapi=1&origin=https:\/\/wpml.org\" frameborder=\"0\" allow=\"accelerometer; autoplay; clipboard-write; encrypted-media; gyroscope; picture-in-picture; web-share\" allowfullscreen><\/iframe>"],"_oembed_time_085e890236af876c824fa92e59328670":["1672928927"],"_oembed_bbf56b1d4c25ce11481afba39f176f85":["<iframe title=\"Using WPML to translate content created with page builders\" width=\"700\" height=\"394\" src=\"https:\/\/www.youtube.com\/embed\/MSqNzrdPMkE?feature=oembed&enablejsapi=1&origin=https:\/\/wpml.org\" frameborder=\"0\" allow=\"accelerometer; autoplay; clipboard-write; encrypted-media; gyroscope; picture-in-picture; web-share\" allowfullscreen><\/iframe>"],"_oembed_time_bbf56b1d4c25ce11481afba39f176f85":["1672928927"],"_wpml_word_count":["352"],"cmplz_hide_cookiebanner":[""],"wpcf-price-increase-content":[""],"wpcf-login-box-title":[""],"wpcf-page-content":[""],"_yoast_wpseo_primary_related-projects-category":[""],"_yoast_wpseo_title":["%%title%% %%page%%"],"_yoast_wpseo_metadesc":["D\u00e9couvrez les avantages de maintenir votre abonnement WPML actif et comment g\u00e9rer vos renouvellements."],"_uag_css_file_name":["uag-css-12075701.css"],"_uag_page_assets":["a:9:{s:3:\"css\";s:260:\".uag-blocks-common-selector{z-index:var(--z-index-desktop) !important}@media(max-width: 976px){.uag-blocks-common-selector{z-index:var(--z-index-tablet) !important}}@media(max-width: 767px){.uag-blocks-common-selector{z-index:var(--z-index-mobile) !important}}\";s:2:\"js\";s:0:\"\";s:18:\"current_block_list\";a:10:{i:0;s:24:\"toolset-blocks\/container\";i:1;s:19:\"toolset-blocks\/grid\";i:2;s:26:\"toolset-blocks\/grid-column\";i:3;s:22:\"toolset-blocks\/heading\";i:4;s:30:\"toolset-blocks\/fields-and-text\";i:5;s:21:\"toolset-blocks\/button\";i:7;s:20:\"toolset-blocks\/image\";i:8;s:11:\"core\/spacer\";i:13;s:20:\"toolset-blocks\/video\";i:14;s:14:\"core\/shortcode\";}s:8:\"uag_flag\";b:0;s:11:\"uag_version\";s:10:\"1778733799\";s:6:\"gfonts\";a:0:{}s:10:\"gfonts_url\";s:0:\"\";s:12:\"gfonts_files\";a:0:{}s:14:\"uag_faq_layout\";b:0;}"]},"uagb_featured_image_src":{"full":false,"thumbnail":false,"medium":false,"medium_large":false,"large":false,"1536x1536":false,"2048x2048":false,"gform-image-choice-sm":false,"gform-image-choice-md":false,"gform-image-choice-lg":false,"woocommerce_thumbnail":false,"woocommerce_single":false,"woocommerce_gallery_thumbnail":false},"uagb_author_info":{"display_name":"Julia Kovaleva","author_link":"https:\/\/wpml.org\/fr\/author\/julia-k\/"},"uagb_comment_info":0,"uagb_excerpt":null,"_links":{"self":[{"href":"https:\/\/wpml.org\/fr\/wp-json\/wp\/v2\/pages\/12075701","targetHints":{"allow":["GET"]}}],"collection":[{"href":"https:\/\/wpml.org\/fr\/wp-json\/wp\/v2\/pages"}],"about":[{"href":"https:\/\/wpml.org\/fr\/wp-json\/wp\/v2\/types\/page"}],"author":[{"embeddable":true,"href":"https:\/\/wpml.org\/fr\/wp-json\/wp\/v2\/users\/204756"}],"replies":[{"embeddable":true,"href":"https:\/\/wpml.org\/fr\/wp-json\/wp\/v2\/comments?post=12075701"}],"version-history":[{"count":8,"href":"https:\/\/wpml.org\/fr\/wp-json\/wp\/v2\/pages\/12075701\/revisions"}],"predecessor-version":[{"id":17988434,"href":"https:\/\/wpml.org\/fr\/wp-json\/wp\/v2\/pages\/12075701\/revisions\/17988434"}],"up":[{"embeddable":true,"href":"https:\/\/wpml.org\/fr\/wp-json\/wp\/v2\/pages\/100635"}],"wp:attachment":[{"href":"https:\/\/wpml.org\/fr\/wp-json\/wp\/v2\/media?parent=12075701"}],"wp:term":[{"taxonomy":"related-projects-category","embeddable":true,"href":"https:\/\/wpml.org\/fr\/wp-json\/wp\/v2\/related-projects-category?post=12075701"}],"curies":[{"name":"wp","href":"https:\/\/api.w.org\/{rel}","templated":true}]}}