{"id":13070127,"date":"2023-02-20T13:29:25","date_gmt":"2023-02-20T13:29:25","guid":{"rendered":"https:\/\/wpml.org\/documentation-6\/informations-pour-les-developpeurs\/fichiers-de-configuration-de-la-langue\/"},"modified":"2024-10-21T13:41:52","modified_gmt":"2024-10-21T13:41:52","slug":"fichiers-de-configuration-de-la-langue","status":"publish","type":"page","link":"https:\/\/wpml.org\/fr\/documentation-6\/informations-pour-les-developpeurs\/fichiers-de-configuration-de-la-langue\/","title":{"rendered":"WPML Fichier de configuration de langue"},"content":{"rendered":"\n<p class=\"lead\">WPML peut lire un fichier de configuration qui lui indique ce qui doit \u00eatre traduit dans les th\u00e8mes et les plugins. Le fichier s&rsquo;appelle <strong>wpml-config.xml<\/strong> et il est plac\u00e9 dans le dossier racine du plugin ou du th\u00e8me. <\/p>\n\n<h2 class=\"wp-block-heading\" id=\"purpose\">Objectif du fichier de configuration linguistique<a href=\"https:\/\/wpml.org\/fr\/documentation-6\/informations-pour-les-developpeurs\/fichiers-de-configuration-de-la-langue\/#purpose\"><\/a><\/h2>\n\n<p>Dans le cadre de la r\u00e9alisation de la compatibilit\u00e9 avec WPML, vous devez \u00e9galement cr\u00e9er un fichier de configuration qui vous aidera \u00e0 maintenir la compatibilit\u00e9 dans vos futures versions. WPML peut traduire n&rsquo;importe quoi sur votre site WordPress, mais vous devez lui indiquer ce qui doit \u00eatre traduit. C&rsquo;est ce que fait ce fichier.<\/p>\n\n<p>Allez \u00e0 la page <strong>WPML <\/strong>\u2192 <strong>Param\u00e8tres<\/strong>.<\/p>\n\n<figure class=\"wp-block-image tb-image tb-image-dynamic tb-image-frame-none\" data-toolset-blocks-image=\"d3c2d658d8aa4d32e40a999952956fa7\"><a href=\"https:\/\/wpml.org\/wp-content\/uploads\/2023\/11\/settings-page-1.png\"><img decoding=\"async\" width=\"1024\" height=\"693\" loading=\"lazy\" src=\"https:\/\/wpml.org\/wp-content\/uploads\/2023\/11\/settings-page-1-1024x693.png\" alt=\"\" class=\"wp-image-14904273\" srcset=\"https:\/\/wpml.org\/wp-content\/uploads\/2023\/11\/settings-page-1-1024x693.png 1024w, https:\/\/wpml.org\/wp-content\/uploads\/2023\/11\/settings-page-1-300x203.png 300w, https:\/\/wpml.org\/wp-content\/uploads\/2023\/11\/settings-page-1-150x102.png 150w, https:\/\/wpml.org\/wp-content\/uploads\/2023\/11\/settings-page-1-768x520.png 768w, https:\/\/wpml.org\/wp-content\/uploads\/2023\/11\/settings-page-1-1536x1040.png 1536w, https:\/\/wpml.org\/wp-content\/uploads\/2023\/11\/settings-page-1-2048x1386.png 2048w\" sizes=\"auto, (max-width: 1024px) 100vw, 1024px\" \/><\/a><figcaption><div class=\"tb-image-caption\"><span data-darkreader-inline-color=\"\" style=\"color: rgb(183, 176, 166); font-size: 0.9em; font-style: italic; font-family: Verdana, Geneva, sans-serif; white-space-collapse: collapse; --darkreader-inline-color: #c3bdb4;\">Page des param\u00e8tres de WPML<\/span><div><span data-darkreader-inline-color=\"\" style=\"color: rgb(183, 176, 166); font-size: 0.9em; font-style: italic; font-family: Verdana, Geneva, sans-serif; white-space-collapse: collapse; --darkreader-inline-color: #c3bdb4;\"><\/span><\/div><\/div><\/figcaption><\/figure>\n\n<p>Cette page indique \u00e0 WPML tout ce qu&rsquo;il doit savoir, y compris quels champs personnalis\u00e9s traduire ou synchroniser, quels types de publications et taxonomies personnalis\u00e9s doivent \u00eatre multilingues et m\u00eame quels textes d&rsquo;administration traduire.<\/p>\n\n<p>Le fichier de configuration de langue inclut ces informations afin que chaque utilisateur n&rsquo;ait pas besoin de les saisir manuellement dans la page d&rsquo;administration.<\/p>\n\n<p>Pour certains th\u00e8mes et extensions, nous h\u00e9bergeons les fichiers de configuration de la langue sur nos serveurs. Vous pouvez en consulter la liste <a href=\"https:\/\/github.com\/OnTheGoSystems\/wpml-config\" target=\"_blank\" rel=\"noreferrer noopener\">ici<\/a>. Il est configur\u00e9 pour remplacer le fichier de configuration de langue local qui est plac\u00e9 dans le dossier racine du th\u00e8me ou du plugin.<\/p>\n\n<p>WPML vous permet \u00e9galement de <a href=\"https:\/\/wpml.org\/documentation\/support\/language-configuration-files\/overriding-language-configuration-files\/\" target=\"_blank\" rel=\"noreferrer noopener\">remplacer manuellement tous les param\u00e8tres charg\u00e9s par les fichiers de configuration de langue des th\u00e8mes et plugins<\/a>. Cela s&rsquo;applique \u00e0 la fois aux fichiers de configuration de langue dans le dossier racine du th\u00e8me ou du plugin et aux fichiers de configuration de langue h\u00e9berg\u00e9s sur nos serveurs. <\/p>\n\n<h2 class=\"wp-block-heading\">D\u00e9finition des options de traduction pour les th\u00e8mes et extensions tiers<\/h2>\n\n<p>WPML est compatible avec de nombreux th\u00e8mes et plugins populaires et pour ceux-ci, vous n&rsquo;avez pas besoin de cr\u00e9er un fichier de configuration de langue.<\/p>\n\n<p>Cependant, si vous utilisez un th\u00e8me ou un plugin dont le contenu n&rsquo;appara\u00eet pas correctement dans l&rsquo;\u00e9diteur de traduction avanc\u00e9 de WPML, vous devrez peut-\u00eatre configurer manuellement leurs options de traduction.<\/p>\n\n<p>Pour configurer les options de traduction pour les th\u00e8mes et plugins tiers, allez \u00e0 <strong>WPML<\/strong> \u2192 <strong>Param\u00e8tres<\/strong> et cliquez sur l&rsquo;onglet <strong>Configuration XML personnalis\u00e9e<\/strong>. Utilisez l&rsquo;\u00e9diteur de texte sur cette page pour entrer le code comme vous le feriez si vous cr\u00e9iez un fichier <strong>wpml-config.xml<\/strong>. <\/p>\n\n<figure class=\"wp-block-image tb-image tb-image-dynamic tb-image-frame-none\" data-toolset-blocks-image=\"dd594b02fc2c2b21e3964bb69216579a\"><a href=\"https:\/\/wpml.org\/wp-content\/uploads\/2023\/12\/wpml-custom-xml-configuration.png\"><img decoding=\"async\" width=\"1024\" height=\"645\" loading=\"lazy\" src=\"https:\/\/wpml.org\/wp-content\/uploads\/2023\/12\/wpml-custom-xml-configuration-1024x645.png\" alt=\"\" class=\"wp-image-15032919\" srcset=\"https:\/\/wpml.org\/wp-content\/uploads\/2023\/12\/wpml-custom-xml-configuration-1024x645.png 1024w, https:\/\/wpml.org\/wp-content\/uploads\/2023\/12\/wpml-custom-xml-configuration-300x189.png 300w, https:\/\/wpml.org\/wp-content\/uploads\/2023\/12\/wpml-custom-xml-configuration-150x94.png 150w, https:\/\/wpml.org\/wp-content\/uploads\/2023\/12\/wpml-custom-xml-configuration-768x484.png 768w, https:\/\/wpml.org\/wp-content\/uploads\/2023\/12\/wpml-custom-xml-configuration.png 1405w\" sizes=\"auto, (max-width: 1024px) 100vw, 1024px\" \/><\/a><figcaption><div class=\"tb-image-caption\">D\u00e9finition des options de traduction pour les th\u00e8mes et extensions tiers dans l&rsquo;onglet Configuration XML personnalis\u00e9e.<\/div><\/figcaption><\/figure>\n\n<h2 class=\"wp-block-heading\" id=\"generating-the-xml-file-automatically\">G\u00e9n\u00e9ration automatique du fichier wpml-config.xml<a href=\"https:\/\/wpml.org\/fr\/documentation-6\/informations-pour-les-developpeurs\/fichiers-de-configuration-de-la-langue\/#generating-the-xml-file-automatically\"><\/a><\/h2>\n\n<p>Si vous n&rsquo;\u00eates pas familier avec la cr\u00e9ation de fichiers XML, notre \u00e9quipe a cr\u00e9\u00e9 le plugin <a href=\"https:\/\/wpml.org\/fr\/documentation-6\/informations-pour-les-developpeurs\/extension-des-outils-multilingues\/\">Multilingual Tools<\/a> qui rend cette t\u00e2che plus facile. Bien qu&rsquo;il ait \u00e9t\u00e9 initialement con\u00e7u comme un outil pour aider les auteurs de th\u00e8mes et de plugins \u00e0 rendre leurs produits pr\u00eats pour le multilinguisme, il peut facilement \u00eatre utilis\u00e9 pour g\u00e9n\u00e9rer votre propre fichier <strong>wpml-config.xml<\/strong>. <\/p>\n\n<p>Pour en savoir plus sur la g\u00e9n\u00e9ration de votre fichier <strong>wpml-config.xml<\/strong>, visitez la page du plugin <a href=\"https:\/\/wpml.org\/fr\/documentation-6\/informations-pour-les-developpeurs\/extension-des-outils-multilingues\/\">Multilingual Tools<\/a>. Plus pr\u00e9cis\u00e9ment, consultez la section <strong>Comment g\u00e9n\u00e9rer des fichiers de configuration linguistique \u00e0 l&rsquo;aide des outils multilingues ?<\/strong> <\/p>\n\n<p>Une fois que vous avez le fichier de configuration, ajoutez-le \u00e0 la racine du dossier de votre th\u00e8me. Si vous en avez d\u00e9j\u00e0 un, ne l&rsquo;\u00e9crasez pas. Au lieu de cela, modifiez votre fichier XML original et ajoutez le code g\u00e9n\u00e9r\u00e9 avec le plugin <strong>Multilingual Tools<\/strong>.<\/p>\n\n<p>Veuillez noter que ce plugin n&rsquo;est pas destin\u00e9 \u00e0 \u00eatre utilis\u00e9 sur des sites en production.<\/p>\n\n<p>Pour lire ce tutoriel et construire des fichiers de configuration de langue pour vos th\u00e8mes et extensions, vous pouvez commencer par cet exemple &#8211; <strong>\n  <a href=\"https:\/\/cdn.wpml.org\/wp-content\/uploads\/2010\/10\/wpml-config.zip\">wpml-config.zip<\/a>\n<\/strong>.<\/p>\n\n<p>Vous devrez le modifier, mais vous pouvez utiliser les sections et la structure de ce fichier.<\/p>\n\n<h2 class=\"wp-block-heading\">Structure et syntaxe<\/h2>\n\n<p>WPML vous permet de configurer un certain nombre d&rsquo;\u00e9l\u00e9ments en utilisant le fichier <strong>wpml-config.xml<\/strong>. Utilisez les guides suivants pour trouver des informations suppl\u00e9mentaires et des instructions sur la fa\u00e7on de rendre certains \u00e9l\u00e9ments du site traduisibles :   <\/p>\n\n<ul class=\"wp-block-list\">\n<li><a href=\"https:\/\/wpml.org\/documentation\/support\/language-configuration-files\/translate-custom-shortcodes-with-wpml\/\">Traduire des shortcodes personnalis\u00e9s avec WPML<\/a><\/li>\n\n\n\n<li><a href=\"https:\/\/wpml.org\/documentation\/support\/language-configuration-files\/register-page-builder-content-for-translation\/\">Enregistrer le contenu de la page Builder pour la traduction<\/a><\/li>\n\n\n\n<li><a href=\"https:\/\/wpml.org\/documentation\/support\/language-configuration-files\/how-to-register-page-builder-widgets-for-translation\/\">Enregistrer des widgets de page personnalis\u00e9s Builder pour la traduction<\/a><\/li>\n\n\n\n<li><a href=\"https:\/\/wpml.org\/documentation\/support\/language-configuration-files\/custom-fields-translation-options\/\">D\u00e9finir les options de traduction pour les champs personnalis\u00e9s en utilisant le fichier de configuration WPML<\/a><\/li>\n\n\n\n<li><a href=\"https:\/\/wpml.org\/documentation\/support\/language-configuration-files\/register-custom-terms-types-taxonomies-as-translatable\/\">Enregistrer les termes, types et taxonomies personnalis\u00e9s comme \u00e9tant Traduisibles<\/a><\/li>\n\n\n\n<li><a href=\"https:\/\/wpml.org\/documentation\/support\/language-configuration-files\/make-custom-gutenberg-blocks-translatable\/\">Rendre les blocs personnalis\u00e9s Gutenberg traduisibles<\/a><\/li>\n\n\n\n<li><a href=\"https:\/\/wpml.org\/documentation\/support\/language-configuration-files\/translate-strings-in-wp-options-table\/\">Traduire les textes que les th\u00e8mes et plugins enregistrent dans wp_options<\/a><\/li>\n\n\n\n<li><a href=\"https:\/\/wpml.org\/documentation\/support\/language-configuration-files\/customize-wpml-language-switcher\/\">Personnaliser le s\u00e9lecteur de langue WPML en utilisant le fichier de configuration WPML<\/a><\/li>\n<\/ul>\n\n<h2 class=\"wp-block-heading\" id=\"using-wpml-language-configuration-file-with-child-themes\">Utilisation du fichier de configuration de langue WPML avec des th\u00e8mes enfants<a href=\"https:\/\/wpml.org\/fr\/documentation-6\/informations-pour-les-developpeurs\/fichiers-de-configuration-de-la-langue\/#using-wpml-language-configuration-file-with-child-themes\"><\/a><\/h2>\n\n<p>Si vous utilisez un th\u00e8me enfant, le fichier de configuration de langue du th\u00e8me parent remplace celui trouv\u00e9 dans le th\u00e8me enfant. WPML fournit une page de configuration qui vous permet de facilement remplacer cela avec n&rsquo;importe quels param\u00e8tres personnalis\u00e9s.<\/p>\n\n<p>Prenons un exemple o\u00f9 le fichier de configuration de langue du th\u00e8me parent d\u00e9finit le type de publication personnalis\u00e9 \u00ab Propri\u00e9t\u00e9 \u00bb comme \u00e9tant traduisible.<\/p>\n\n<figure class=\"wp-block-image tb-image tb-image-dynamic tb-image-frame-none\" data-toolset-blocks-image=\"bd97f72fcea98419a22c630d55029ab9\"><a href=\"https:\/\/wpml.org\/wp-content\/uploads\/2023\/11\/The-parent-language-configuration-file-is-setting-the-property-custom-post-type-to-translate.png\"><img decoding=\"async\" width=\"884\" height=\"386\" loading=\"lazy\" src=\"https:\/\/wpml.org\/wp-content\/uploads\/2023\/11\/The-parent-language-configuration-file-is-setting-the-property-custom-post-type-to-translate.png\" alt=\"\" class=\"wp-image-14904305\" srcset=\"https:\/\/wpml.org\/wp-content\/uploads\/2023\/11\/The-parent-language-configuration-file-is-setting-the-property-custom-post-type-to-translate.png 884w, https:\/\/wpml.org\/wp-content\/uploads\/2023\/11\/The-parent-language-configuration-file-is-setting-the-property-custom-post-type-to-translate-300x131.png 300w, https:\/\/wpml.org\/wp-content\/uploads\/2023\/11\/The-parent-language-configuration-file-is-setting-the-property-custom-post-type-to-translate-150x65.png 150w, https:\/\/wpml.org\/wp-content\/uploads\/2023\/11\/The-parent-language-configuration-file-is-setting-the-property-custom-post-type-to-translate-768x335.png 768w\" sizes=\"auto, (max-width: 884px) 100vw, 884px\" \/><\/a><figcaption><div class=\"tb-image-caption\">Le fichier de configuration de langue parent d\u00e9finit le type de publication personnalis\u00e9 propri\u00e9t\u00e9 \u00e0 traduire<div><span data-darkreader-inline-color=\"\" style=\"color: rgb(183, 176, 166); font-size: 0.9em; font-style: italic; font-family: Verdana, Geneva, sans-serif; white-space-collapse: collapse; --darkreader-inline-color: #c3bdb4;\"><\/span><\/div><\/div><\/figcaption><\/figure>\n\n<p>Si vous utilisez un th\u00e8me enfant et souhaitez d\u00e9finir le type de publication personnalis\u00e9 \u00ab Propri\u00e9t\u00e9 \u00bb comme non traduisible, allez \u00e0 la page <strong>WPML<\/strong> \u2192 <strong>Param\u00e8tres<\/strong> et cliquez sur l&rsquo;onglet <strong>Configuration XML personnalis\u00e9e<\/strong>. Utilisez l&rsquo;\u00e9diteur pour d\u00e9finir le type de publication personnalis\u00e9 \u00ab Propri\u00e9t\u00e9 \u00bb comme non traduisible.  Il suffit de fixer la valeur de l&rsquo;attributs <strong>translate <\/strong>\u00e0 <strong>0<\/strong> au lieu de <strong>1<\/strong>.<\/p>\n\n<figure class=\"wp-block-image tb-image tb-image-dynamic tb-image-frame-none\" data-toolset-blocks-image=\"73c4cb83d97f1b32682b76f4baf9e819\"><a href=\"https:\/\/wpml.org\/wp-content\/uploads\/2023\/11\/wpml-overriding-language-configuration-settings.png\"><img decoding=\"async\" width=\"1024\" height=\"829\" loading=\"lazy\" src=\"https:\/\/wpml.org\/wp-content\/uploads\/2023\/11\/wpml-overriding-language-configuration-settings-1024x829.png\" alt=\"\" class=\"wp-image-14904335\" srcset=\"https:\/\/wpml.org\/wp-content\/uploads\/2023\/11\/wpml-overriding-language-configuration-settings-1024x829.png 1024w, https:\/\/wpml.org\/wp-content\/uploads\/2023\/11\/wpml-overriding-language-configuration-settings-300x243.png 300w, https:\/\/wpml.org\/wp-content\/uploads\/2023\/11\/wpml-overriding-language-configuration-settings-150x121.png 150w, https:\/\/wpml.org\/wp-content\/uploads\/2023\/11\/wpml-overriding-language-configuration-settings-768x622.png 768w, https:\/\/wpml.org\/wp-content\/uploads\/2023\/11\/wpml-overriding-language-configuration-settings.png 1181w\" sizes=\"auto, (max-width: 1024px) 100vw, 1024px\" \/><\/a><figcaption><div class=\"tb-image-caption\">Remplacement des param\u00e8tres de configuration de langue du th\u00e8me parent<div><span data-darkreader-inline-color=\"\" style=\"color: rgb(183, 176, 166); font-size: 0.9em; font-style: italic; font-family: Verdana, Geneva, sans-serif; white-space-collapse: collapse; --darkreader-inline-color: #c3bdb4;\"><\/span><\/div><\/div><\/figcaption><\/figure>\n\n<p>Les param\u00e8tres dans l&rsquo;onglet <strong>Configuration XML personnalis\u00e9e<\/strong> sont prioritaires sur les param\u00e8tres du fichier de configuration de langue dans le th\u00e8me parent.<a href=\"https:\/\/cdn.wpml.org\/wp-content\/uploads\/2018\/07\/wpml-overriding-language-configuration-settings.png\"><\/a><\/p>\n","protected":false},"excerpt":{"rendered":"<p>WPML peut lire un fichier de configuration qui lui indique ce qui doit \u00eatre traduit dans les th\u00e8mes et les plugins. Le fichier s&rsquo;appelle wpml-config.xml et il est plac\u00e9 dans le dossier racine du plugin ou du th\u00e8me. Objectif du fichier de configuration linguistique Dans le cadre de la r\u00e9alisation de la compatibilit\u00e9 avec WPML, [&hellip;]<\/p>\n","protected":false},"author":2,"featured_media":0,"parent":105281,"menu_order":28,"comment_status":"closed","ping_status":"closed","template":"template-sidebar-2.php","meta":{"_bbp_topic_count":0,"_bbp_reply_count":0,"_bbp_total_topic_count":0,"_bbp_total_reply_count":0,"_bbp_voice_count":0,"_bbp_anonymous_reply_count":0,"_bbp_topic_count_hidden":0,"_bbp_reply_count_hidden":0,"_bbp_forum_subforum_count":0,"_uag_custom_page_level_css":"","ep_exclude_from_search":false,"footnotes":""},"related-projects-category":[],"class_list":["post-13070127","page","type-page","status-publish","hentry"],"spectra_custom_meta":{"ratings_users":["0"],"ratings_score":["0"],"ratings_average":["0"],"_subscription_coupon_product_id":["0"],"_syntaxhighlighter_encoded":["1"],"_wpv_contains_gutenberg_views":[""],"_alp_processed":["1729518112"],"_views_template":["0"],"wpcf-unformatted-code":[""],"_wpml_media_featured":["1"],"wpcf-price-increase-show-from":[""],"wpcf-price-increase-show-till":[""],"_wp_page_template":["template-sidebar-2.php"],"_last_translation_edit_mode":["translation-editor"],"_wpml_word_count":["{\"total\":4029,\"to_translate\":{\"ar\":4029,\"zh-hans\":4029,\"en\":4029,\"de\":4029,\"he\":4029,\"it\":4029,\"ja\":4029,\"pt-br\":4029,\"ru\":4029,\"es\":4029}}"],"_wpml_media_duplicate":["0"],"_oembed_4ba9cd2220e447854339cd9ed2c0e9c3":["{{unknown}}"],"_oembed_8f7288ccd1228336cd0cbad12f165507":["{{unknown}}"],"toolset_post_editor_mode":["block"],"wpcf-price-increase-content":[""],"wpcf-relevant-forum-documentation":["1"],"wpcf-login-box-title":[""],"wpcf-page-content":[""],"_yoast_wpseo_primary_related-projects-category":[""],"_cms_nav_minihome":["1"],"_uagb_previous_block_counts":["a:90:{s:21:\"uagb\/advanced-heading\";i:0;s:15:\"uagb\/blockquote\";i:0;s:12:\"uagb\/buttons\";i:0;s:18:\"uagb\/buttons-child\";i:0;s:19:\"uagb\/call-to-action\";i:0;s:15:\"uagb\/cf7-styler\";i:0;s:11:\"uagb\/column\";i:0;s:12:\"uagb\/columns\";i:0;s:14:\"uagb\/container\";i:0;s:21:\"uagb\/content-timeline\";i:0;s:27:\"uagb\/content-timeline-child\";i:0;s:14:\"uagb\/countdown\";i:0;s:12:\"uagb\/counter\";i:0;s:8:\"uagb\/faq\";i:0;s:14:\"uagb\/faq-child\";i:0;s:10:\"uagb\/forms\";i:0;s:17:\"uagb\/forms-accept\";i:0;s:19:\"uagb\/forms-checkbox\";i:0;s:15:\"uagb\/forms-date\";i:0;s:16:\"uagb\/forms-email\";i:0;s:17:\"uagb\/forms-hidden\";i:0;s:15:\"uagb\/forms-name\";i:0;s:16:\"uagb\/forms-phone\";i:0;s:16:\"uagb\/forms-radio\";i:0;s:17:\"uagb\/forms-select\";i:0;s:19:\"uagb\/forms-textarea\";i:0;s:17:\"uagb\/forms-toggle\";i:0;s:14:\"uagb\/forms-url\";i:0;s:14:\"uagb\/gf-styler\";i:0;s:15:\"uagb\/google-map\";i:0;s:11:\"uagb\/how-to\";i:0;s:16:\"uagb\/how-to-step\";i:0;s:9:\"uagb\/icon\";i:0;s:14:\"uagb\/icon-list\";i:0;s:20:\"uagb\/icon-list-child\";i:0;s:10:\"uagb\/image\";i:0;s:18:\"uagb\/image-gallery\";i:0;s:13:\"uagb\/info-box\";i:0;s:18:\"uagb\/inline-notice\";i:0;s:11:\"uagb\/lottie\";i:0;s:21:\"uagb\/marketing-button\";i:0;s:10:\"uagb\/modal\";i:0;s:18:\"uagb\/popup-builder\";i:0;s:16:\"uagb\/post-button\";i:0;s:18:\"uagb\/post-carousel\";i:0;s:17:\"uagb\/post-excerpt\";i:0;s:14:\"uagb\/post-grid\";i:0;s:15:\"uagb\/post-image\";i:0;s:17:\"uagb\/post-masonry\";i:0;s:14:\"uagb\/post-meta\";i:0;s:18:\"uagb\/post-taxonomy\";i:0;s:18:\"uagb\/post-timeline\";i:0;s:15:\"uagb\/post-title\";i:0;s:20:\"uagb\/restaurant-menu\";i:0;s:26:\"uagb\/restaurant-menu-child\";i:0;s:11:\"uagb\/review\";i:0;s:12:\"uagb\/section\";i:0;s:14:\"uagb\/separator\";i:0;s:11:\"uagb\/slider\";i:0;s:17:\"uagb\/slider-child\";i:0;s:17:\"uagb\/social-share\";i:0;s:23:\"uagb\/social-share-child\";i:0;s:16:\"uagb\/star-rating\";i:0;s:23:\"uagb\/sure-cart-checkout\";i:0;s:22:\"uagb\/sure-cart-product\";i:0;s:15:\"uagb\/sure-forms\";i:0;s:22:\"uagb\/table-of-contents\";i:0;s:9:\"uagb\/tabs\";i:0;s:15:\"uagb\/tabs-child\";i:0;s:18:\"uagb\/taxonomy-list\";i:0;s:9:\"uagb\/team\";i:0;s:16:\"uagb\/testimonial\";i:0;s:14:\"uagb\/wp-search\";i:0;s:19:\"uagb\/instagram-feed\";i:0;s:10:\"uagb\/login\";i:0;s:17:\"uagb\/loop-builder\";i:0;s:18:\"uagb\/loop-category\";i:0;s:20:\"uagb\/loop-pagination\";i:0;s:15:\"uagb\/loop-reset\";i:0;s:16:\"uagb\/loop-search\";i:0;s:14:\"uagb\/loop-sort\";i:0;s:17:\"uagb\/loop-wrapper\";i:0;s:13:\"uagb\/register\";i:0;s:19:\"uagb\/register-email\";i:0;s:24:\"uagb\/register-first-name\";i:0;s:23:\"uagb\/register-last-name\";i:0;s:22:\"uagb\/register-password\";i:0;s:30:\"uagb\/register-reenter-password\";i:0;s:19:\"uagb\/register-terms\";i:0;s:22:\"uagb\/register-username\";i:0;}"],"_uag_page_assets":["a:9:{s:3:\"css\";s:0:\"\";s:2:\"js\";s:0:\"\";s:18:\"current_block_list\";a:6:{i:0;s:14:\"core\/paragraph\";i:1;s:12:\"core\/heading\";i:2;s:20:\"toolset-blocks\/image\";i:3;s:9:\"core\/list\";i:4;s:14:\"core\/list-item\";i:5;s:14:\"core\/shortcode\";}s:8:\"uag_flag\";b:0;s:11:\"uag_version\";s:10:\"1778079036\";s:6:\"gfonts\";a:0:{}s:10:\"gfonts_url\";s:0:\"\";s:12:\"gfonts_files\";a:0:{}s:14:\"uag_faq_layout\";b:0;}"]},"uagb_featured_image_src":{"full":false,"thumbnail":false,"medium":false,"medium_large":false,"large":false,"1536x1536":false,"2048x2048":false,"gform-image-choice-sm":false,"gform-image-choice-md":false,"gform-image-choice-lg":false,"woocommerce_thumbnail":false,"woocommerce_single":false,"woocommerce_gallery_thumbnail":false},"uagb_author_info":{"display_name":"Amir","author_link":"https:\/\/wpml.org\/fr\/author\/amir\/"},"uagb_comment_info":0,"uagb_excerpt":"WPML peut lire un fichier de configuration qui lui indique ce qui doit \u00eatre traduit dans les th\u00e8mes et les plugins. Le fichier s&rsquo;appelle wpml-config.xml et il est plac\u00e9 dans le dossier racine du plugin ou du th\u00e8me. Objectif du fichier de configuration linguistique Dans le cadre de la r\u00e9alisation de la compatibilit\u00e9 avec WPML,\u2026","_links":{"self":[{"href":"https:\/\/wpml.org\/fr\/wp-json\/wp\/v2\/pages\/13070127","targetHints":{"allow":["GET"]}}],"collection":[{"href":"https:\/\/wpml.org\/fr\/wp-json\/wp\/v2\/pages"}],"about":[{"href":"https:\/\/wpml.org\/fr\/wp-json\/wp\/v2\/types\/page"}],"author":[{"embeddable":true,"href":"https:\/\/wpml.org\/fr\/wp-json\/wp\/v2\/users\/2"}],"replies":[{"embeddable":true,"href":"https:\/\/wpml.org\/fr\/wp-json\/wp\/v2\/comments?post=13070127"}],"version-history":[{"count":8,"href":"https:\/\/wpml.org\/fr\/wp-json\/wp\/v2\/pages\/13070127\/revisions"}],"predecessor-version":[{"id":16312600,"href":"https:\/\/wpml.org\/fr\/wp-json\/wp\/v2\/pages\/13070127\/revisions\/16312600"}],"up":[{"embeddable":true,"href":"https:\/\/wpml.org\/fr\/wp-json\/wp\/v2\/pages\/105281"}],"wp:attachment":[{"href":"https:\/\/wpml.org\/fr\/wp-json\/wp\/v2\/media?parent=13070127"}],"wp:term":[{"taxonomy":"related-projects-category","embeddable":true,"href":"https:\/\/wpml.org\/fr\/wp-json\/wp\/v2\/related-projects-category?post=13070127"}],"curies":[{"name":"wp","href":"https:\/\/api.w.org\/{rel}","templated":true}]}}