{"id":15083177,"date":"2021-08-05T15:02:06","date_gmt":"2021-08-05T15:02:06","guid":{"rendered":"https:\/\/wpml.org\/accueil\/conditions-generales-dutilisation\/"},"modified":"2026-03-11T14:56:00","modified_gmt":"2026-03-11T14:56:00","slug":"conditions-generales-dutilisation","status":"publish","type":"page","link":"https:\/\/wpml.org\/fr\/accueil\/conditions-generales-dutilisation\/","title":{"rendered":"Conditions g\u00e9n\u00e9rales"},"content":{"rendered":"\n<p class=\"lead\">Les extensions WPML, ce site web et tous les services associ\u00e9s sont fournis par la soci\u00e9t\u00e9 <a href=\"https:\/\/onthegosystems.com\/\" target=\"_blank\" rel=\"noreferrer noopener\">OnTheGoSystems<\/a>. En les utilisant, vous acceptez les conditions g\u00e9n\u00e9rales pr\u00e9sent\u00e9es ci-dessous. <\/p>\n\n<p><strong>Sur cette page :<\/strong><\/p>\n\n<ul class=\"wp-block-list\">\n<li><a href=\"#license-and-trademark\">Licence et marque d\u00e9pos\u00e9e<\/a><\/li>\n\n\n\n<li><a href=\"#using-your-wpml-account\">Utilisation de votre compte WPML<\/a>\n<ul class=\"wp-block-list\">\n<li><a href=\"#renewal-options\">Options de renouvellement<\/a><\/li>\n\n\n\n<li><a href=\"#what-happens-if-you-don-t-renew\">Que se passe-t-il si vous ne renouvelez pas votre contrat ?<\/a><\/li>\n\n\n\n<li><a href=\"#registering-sites-with-wpml\">Enregistrement de sites avec WPML<\/a><\/li>\n\n\n\n<li><a href=\"#receiving-support\">Recevoir de l\u2019assistance<\/a><\/li>\n<\/ul>\n<\/li>\n\n\n\n<li><a href=\"#developing-wpml-powered-websites-for-clients\">D\u00e9veloppement de sites web propuls\u00e9s par WPML pour des clients<\/a>\n<ul class=\"wp-block-list\">\n<li><a href=\"#transferring-accounts-to-clients\">Transfert de comptes aux clients<\/a><\/li>\n\n\n\n<li><a href=\"#adding-other-people-to-your-account\">Ajout d\u2019autres personnes \u00e0 votre compte<\/a><\/li>\n<\/ul>\n<\/li>\n\n\n\n<li><a href=\"#fair-usage-policy\">Politique d\u2019utilisation \u00e9quitable<\/a><\/li>\n\n\n\n<li><a href=\"#using-wpmls-automatic-translation\">Utiliser la traduction automatique de WPML<\/a>\n<ul class=\"wp-block-list\">\n<li><a href=\"#pay-as-you-go-for-automatic-translation\">Paiement \u00e0 l\u2019utilisation pour la traduction automatique<\/a><\/li>\n\n\n\n<li><a href=\"#prepaid-packages-for-automatic-translation\">Forfaits pr\u00e9pay\u00e9s pour la traduction automatique<\/a><\/li>\n\n\n\n<li><a href=\"#refunds-related-to-automatic-translation\">Remboursements li\u00e9s \u00e0 la traduction automatique<\/a><\/li>\n\n\n\n<li><a href=\"#content-restrictions-when-using-ptc\">Restrictions de contenu lors de l\u2019utilisation de Private Translation Cloud<\/a><\/li>\n<\/ul>\n<\/li>\n\n\n\n<li><a href=\"#privacy-information-and-gdpr\">Informations sur la confidentialit\u00e9 et le RGPD<\/a><\/li>\n<\/ul>\n\n<h2 class=\"wp-block-heading\" id=\"license-and-trademark\">Licence et marque d\u00e9pos\u00e9e<\/h2>\n\n<p>Le code WPML est sous licence GPL. Le nom WPML, le logo et le nom de la soci\u00e9t\u00e9 OnTheGoSystems sont des marques d\u00e9pos\u00e9es et ne sont pas couverts par la licence GPL. <\/p>\n\n<p>Pour plus de d\u00e9tails, consultez notre page <a href=\"https:\/\/wpml.org\/fr\/accueil\/conformite-a-la-licence-gpl-de-wpml\/\">Conformit\u00e9 de la licence GPL de WPML<\/a>.<\/p>\n\n<p><strong>Vous ne pouvez pas :<\/strong><\/p>\n\n<ul class=\"wp-block-list\">\n<li>Utiliser le nom WPML, le logo ou la marque OnTheGoSystems sans autorisation<\/li>\n\n\n\n<li>Impliquer une affiliation officielle avec WPML ou OnTheGoSystems<\/li>\n<\/ul>\n\n<p>L\u2019int\u00e9gration de WPML dans des offres de produits n\u00e9cessite un accord de partenariat. <a href=\"https:\/\/wpml.org\/fr\/accueil\/nous-contacter\/formulaire-de-contact\/\">Contactez-nous<\/a> pour discuter des options.<\/p>\n\n<h2 class=\"wp-block-heading\" id=\"using-your-wpml-account\">Utilisation de votre compte WPML<\/h2>\n\n<p>Lorsque vous achetez WPML, vous obtenez l\u2019acc\u00e8s \u00e0 un compte WPML. Il existe trois types de comptes WPML : Multilingual Blog, Multilingual CMS et Multilingual Agency. <\/p>\n\n<p>Chaque type de compte vous donne acc\u00e8s \u00e0 un ensemble sp\u00e9cifique de fonctionnalit\u00e9s. Plus important encore, le type de votre compte d\u00e9finit : <\/p>\n\n<ul class=\"wp-block-list\">\n<li>Aux extensions WPML auxquelles vous avez acc\u00e8s<\/li>\n\n\n\n<li>Combien de sites vous pouvez enregistrer avec WPML<\/li>\n<\/ul>\n\n<p>De plus, tous les types de comptes vous donnent :<\/p>\n\n<ul class=\"wp-block-list\">\n<li>Acc\u00e8s \u00e0 notre assistance pendant 1 an<\/li>\n\n\n\n<li>Mises \u00e0 jour gratuites pendant 1 an<\/li>\n<\/ul>\n\n<h3 class=\"wp-block-heading\" id=\"renewal-options\">Options de renouvellement<\/h3>\n\n<p>Votre compte WPML est configur\u00e9 par d\u00e9faut pour le renouvellement automatique. Votre abonnement sera renouvel\u00e9 automatiquement chaque ann\u00e9e, sauf si vous passez au renouvellement manuel.  <\/p>\n\n<p>Avec le renouvellement manuel, nous vous enverrons des e-mails de rappel 30 jours et 3 jours avant l\u2019expiration de votre compte. Pour \u00e9viter l\u2019expiration de votre compte, vous devrez effectuer manuellement le paiement du renouvellement. <\/p>\n\n<h3 class=\"wp-block-heading\" id=\"what-happens-if-you-don-t-renew\">Que se passe-t-il si vous ne renouvelez pas ?<\/h3>\n\n<p>Votre abonnement peut expirer si vous ne payez pas un renouvellement manuel \u00e0 temps, ou si le renouvellement automatique n\u2019est pas effectu\u00e9. Si cela se produit, vous pourrez toujours vous connecter \u00e0 votre compte, mais vous : <\/p>\n\n<ul class=\"wp-block-list\">\n<li>Ne recevrez plus de mises \u00e0 jour d\u2019extensions<\/li>\n\n\n\n<li>N\u2019aurez plus acc\u00e8s \u00e0 l\u2019assistance<\/li>\n\n\n\n<li>Ne pourrez pas enregistrer WPML sur un nouveau site, m\u00eame si vous avez encore des emplacements disponibles<\/li>\n\n\n\n<li>Ne pourrez pas r\u00e9enregistrer WPML sur un site qui l\u2019utilisait d\u00e9j\u00e0 si l\u2019URL du site change (par exemple, apr\u00e8s une migration ou une mise \u00e0 jour de domaine)<\/li>\n<\/ul>\n\n<p>Vous pouvez continuer \u00e0 utiliser WPML sur les sites enregistr\u00e9s existants, mais gardez \u00e0 l\u2019esprit que WordPress et d\u2019autres extensions sont mis \u00e0 jour r\u00e9guli\u00e8rement. L\u2019ex\u00e9cution d\u2019une version obsol\u00e8te de WPML peut entra\u00eener des probl\u00e8mes de compatibilit\u00e9 au fil du temps. <\/p>\n\n<h3 class=\"wp-block-heading\" id=\"registering-sites-with-wpml\">Enregistrement de sites avec WPML<\/h3>\n\n<p>Vous devez <a href=\"https:\/\/wpml.org\/fr\/faq\/comment-installer-wpml\/#register\">enregistrer WPML sur votre site WordPress avec une cl\u00e9 de site<\/a> lorsque :<\/p>\n\n<ul class=\"wp-block-list\">\n<li>Vous installez et activez WPML sur un nouveau site<\/li>\n\n\n\n<li>L\u2019URL d\u2019un site d\u00e9j\u00e0 enregistr\u00e9 avec WPML change, par exemple apr\u00e8s une migration ou une mise \u00e0 jour de domaine <\/li>\n<\/ul>\n\n<p>Dans les deux cas, vous avez besoin d\u2019un abonnement WPML actif. <\/p>\n\n<p>Le nombre de sites que vous pouvez enregistrer d\u00e9pend du type de votre compte WPML :<\/p>\n\n<ul class=\"wp-block-list\">\n<li><strong>Multilingual Blog<\/strong> \u2013 1 site de production + 3 sites de d\u00e9veloppement<\/li>\n\n\n\n<li><strong>Multilingual CMS<\/strong> \u2013 3 sites de production + 9 sites de d\u00e9veloppement<\/li>\n\n\n\n<li><strong>Multilingual Agency<\/strong> \u2013 nombre illimit\u00e9 de sites de production et de d\u00e9veloppement<\/li>\n\n\n\n<li><strong>\u00c0 vie (abandonn\u00e9)<\/strong> \u2013 nombre illimit\u00e9 de sites, aucun abonnement annuel requis<\/li>\n<\/ul>\n\n<h3 class=\"wp-block-heading\" id=\"receiving-support\">Recevoir de l\u2019assistance<\/h3>\n\n<p>Seuls les clients ayant des comptes valides et actifs ont acc\u00e8s \u00e0 notre assistance. Nous offrons une assistance par chat et forum. <\/p>\n\n<p>Pour des informations d\u00e9taill\u00e9es sur ce qui est inclus dans notre assistance, veuillez lire notre <a href=\"https:\/\/wpml.org\/fr\/purchase\/politique-dassistance\/\">politique d\u2019assistance<\/a>.<\/p>\n\n<h2 class=\"wp-block-heading\" id=\"developing-wpml-powered-websites-for-clients\">D\u00e9veloppement de sites web propuls\u00e9s par WPML pour des clients<\/h2>\n\n<p>Vous \u00eates libre d\u2019enregistrer WPML sur les sites que vous d\u00e9veloppez pour vos clients. <\/p>\n\n<p>Dans ce cas, vous \u00eates toujours le seul \u00e0 avoir acc\u00e8s aux fonctionnalit\u00e9s de votre compte. En d\u2019autres termes, vous seul pouvez t\u00e9l\u00e9charger les extensions WPML, enregistrer des sites et recevoir de l\u2019assistance. <\/p>\n\n<p>Si vos clients ont besoin d\u2019assistance, vous devrez la leur fournir.<\/p>\n\n<h3 class=\"wp-block-heading\" id=\"transferring-accounts-to-clients\">Transfert de comptes aux clients<\/h3>\n\n<p>\u00c0 partir du 13 janvier 2026, le transfert des renouvellements n\u2019est plus possible. Tous les transferts que vous avez effectu\u00e9s avant cette date continueront de fonctionner tant que vos clients continueront de renouveler. <\/p>\n\n<p>Pour transf\u00e9rer la propri\u00e9t\u00e9, votre client doit <a href=\"https:\/\/wpml.org\/fr\/purchase\/\">acheter son propre abonnement WPML<\/a>, puis <a href=\"https:\/\/wpml.org\/purchase\/paying-wpml-renewal-for-my-site\/\">enregistrer le site sous son compte<\/a>.<\/p>\n\n<h3 class=\"wp-block-heading\" id=\"adding-other-people-to-your-account\">Ajout d\u2019autres personnes \u00e0 votre compte<\/h3>\n\n<p>Si vous \u00eates une agence qui cr\u00e9e des sites pour des clients, vous pourriez avoir diff\u00e9rentes personnes dans votre \u00e9quipe qui ont besoin d\u2019acc\u00e9der \u00e0 diff\u00e9rentes fonctionnalit\u00e9s de votre compte WPML. Par exemple, diff\u00e9rentes personnes pourraient avoir besoin de t\u00e9l\u00e9charger des extensions, d\u2019enregistrer des sites, d\u2019ouvrir des tickets d\u2019assistance et de payer l\u2019abonnement. <\/p>\n\n<p>Dans ce cas, vous pouvez facilement <a href=\"https:\/\/wpml.org\/announcements\/2020\/09\/add-other-people-to-your-wpml-cms-or-agency-account\/\">ajouter d\u2019autres personnes \u00e0 votre compte<\/a>.<\/p>\n\n<h2 class=\"wp-block-heading\" id=\"fair-usage-policy\">Politique d\u2019utilisation \u00e9quitable<\/h2>\n\n<p>Bien que les comptes Multilingual Agency et les comptes Lifetime (abandonn\u00e9s) vous permettent d\u2019enregistrer WPML sur un nombre illimit\u00e9 de sites, vous \u00eates tenu de les utiliser conform\u00e9ment \u00e0 notre politique d\u2019utilisation \u00e9quitable.<\/p>\n\n<p>En d\u2019autres termes, vous pouvez les utiliser sur les sites web que vous d\u00e9veloppez pour vous-m\u00eame et\/ou pour vos clients. Vous n\u2019\u00eates pas autoris\u00e9 \u00e0 enregistrer WPML sur des sites web de tiers en dehors de ce cadre. <\/p>\n\n<p>Nous nous r\u00e9servons le droit d\u2019annuler tout compte qui enfreint cette politique.<\/p>\n\n<h2 class=\"wp-block-heading\" id=\"using-wpmls-automatic-translation\">Utilisation de la traduction IA de WPML<\/h2>\n\n<p>Avec WPML, vous pouvez <a href=\"https:\/\/wpml.org\/fr\/documentation-6\/traduction-automatique-de-contenu-wordpress-avec-wpml\/\">traduire votre site en utilisant la traduction IA<\/a> via son moteur Private Translation Cloud (PTC) ou en utilisant trois autres moteurs de traduction automatique : DeepL, Google et Microsoft.<\/p>\n\n<p>Pour utiliser la traduction automatique de WPML, vous avez besoin de cr\u00e9dits. Lorsque vous achetez WPML, vous obtenez un g\u00e9n\u00e9reux forfait de cr\u00e9dits pour commencer, et si vous en avez besoin de plus, vous pouvez activer un compte Paiement \u00e0 l\u2019utilisation ou acheter un lot de cr\u00e9dits pr\u00e9pay\u00e9s. <\/p>\n\n<h3 class=\"wp-block-heading\" id=\"pay-as-you-go-for-automatic-translation\">Paiement \u00e0 l\u2019utilisation pour la traduction automatique<\/h3>\n\n<p>Le moyen le moins cher et le plus pratique de payer la traduction automatique est de s\u2019inscrire via l\u2019interface de l\u2019extension et de payer \u00e0 l\u2019utilisation. Il n\u2019y a pas de frais d\u2019abonnement mensuels et vous pouvez annuler \u00e0 tout moment. <\/p>\n\n<p>Voici comment cela fonctionne en bref :<\/p>\n\n<ul class=\"wp-block-list\">\n<li>Chaque mot traduit co\u00fbte un certain nombre de cr\u00e9dits de traduction en fonction du moteur de traduction que vous utilisez (Private Translation Cloud, Google, Microsoft ou DeepL).<\/li>\n\n\n\n<li>Les 2\u202f000 premiers cr\u00e9dits de traduction que vous utilisez chaque mois sont gratuits. Si vous d\u00e9pensez plus, nous vous facturerons en fonction du nombre de cr\u00e9dits que vous avez utilis\u00e9s au-del\u00e0 de ce montant, conform\u00e9ment au <a href=\"https:\/\/wpml.org\/fr\/documentation-6\/traduction-automatique-de-contenu-wordpress-avec-wpml\/tarification-de-la-traduction-automatique\/\">tableau des prix actuel<\/a>. Vous ne pouvez pas reporter les cr\u00e9dits gratuits non utilis\u00e9s au mois suivant.  <\/li>\n\n\n\n<li>Les prix sont calcul\u00e9s de mani\u00e8re progressive, donc plus vous traduisez en un mois, moins le co\u00fbt par cr\u00e9dit est \u00e9lev\u00e9.<\/li>\n\n\n\n<li>Si vous n\u2019avez pas d\u00e9pens\u00e9 de cr\u00e9dits au cours d\u2019un mois donn\u00e9, nous ne vous facturerons rien.<\/li>\n\n\n\n<li>Pour chaque facture de traduction automatique, vous serez factur\u00e9 pour tous les cr\u00e9dits que vous avez utilis\u00e9s au cours du mois civil pr\u00e9c\u00e9dent. La p\u00e9riode de facturation commence \u00e0 minuit UTC le premier jour du mois et se termine \u00e0 minuit UTC le premier jour du mois suivant. Les factures sont \u00e9mises et votre carte de cr\u00e9dit est d\u00e9bit\u00e9e le 3 de chaque mois.  <\/li>\n\n\n\n<li>WPML ne stocke pas les informations de votre carte de cr\u00e9dit. Les paiements sont trait\u00e9s via Stripe. <\/li>\n<\/ul>\n\n<p>Nous nous r\u00e9servons le droit de modifier les prix de traduction et la mani\u00e8re dont ils sont calcul\u00e9s \u00e0 l\u2019avenir. Bien s\u00fbr, si cela se produit, nous vous en informerons toujours \u00e0 l\u2019avance.  Pour des informations d\u00e9taill\u00e9es, y compris un calculateur de prix, consultez notre page sur la <a href=\"https:\/\/wpml.org\/fr\/documentation-6\/traduction-automatique-de-contenu-wordpress-avec-wpml\/tarification-de-la-traduction-automatique\/\">tarification de la traduction automatique<\/a>.<\/p>\n\n<p>Frais de limite de s\u00e9curit\u00e9 :<\/p>\n\n<ul class=\"wp-block-list\">\n<li>Il existe deux plafonds de s\u00e9curit\u00e9 qui nous prot\u00e8gent contre la fraude. <\/li>\n\n\n\n<li>Si vous d\u00e9passez 100\u202f\u20ac sur un mois, nous vous facturerons automatiquement ces premiers 100\u202f\u20ac (+ TVA). Veuillez noter que vous devrez traduire un grand nombre de mots pour atteindre cette limite. Ces 100 euros seront ensuite d\u00e9duits de votre facture \u00e0 la fin du mois.<\/li>\n\n\n\n<li>Il en va de m\u00eame si vous d\u00e9passez 4 000 euros par mois. Si vous d\u00e9passez ce plafond sur un mois, nous vous le facturerons automatiquement. Veuillez noter qu&rsquo;il vous faudrait traduire un tr\u00e8s grand nombre de mots pour atteindre cette limite. L\u00e0 encore, nous soustrairons ces 4 000 euros de votre facture \u00e0 la fin du mois.<\/li>\n<\/ul>\n\n<p>Les limites de s\u00e9curit\u00e9 sont li\u00e9es \u00e0 votre abonnement paiement \u00e0 l\u2019utilisation, elles seront donc r\u00e9initialis\u00e9es chaque fois que vous l\u2019annulerez et le r\u00e9activerez. Cela peut \u00e9galement se produire si vous migrez votre site, par exemple, lorsque vous faites une copie de votre site et d\u00e9marrez un nouvel abonnement. <\/p>\n\n<h3 class=\"wp-block-heading\" id=\"prepaid-packages-for-automatic-translation\">Forfaits pr\u00e9pay\u00e9s pour la traduction automatique<\/h3>\n\n<p>Dans certains cas, vous pourriez pr\u00e9f\u00e9rer acheter des forfaits de cr\u00e9dits pour la traduction automatique. Nous proposons les forfaits suivants :  <\/p>\n\n<ul class=\"wp-block-list\">\n<li>40\u202f000 cr\u00e9dits pour 50 \u20ac<\/li>\n\n\n\n<li>90\u202f000 cr\u00e9dits pour 90 \u20ac<\/li>\n\n\n\n<li>200\u202f000 cr\u00e9dits pour 180 \u20ac<\/li>\n\n\n\n<li>500\u202f000 cr\u00e9dits pour 420 \u20ac<\/li>\n\n\n\n<li>1\u202f000\u202f000 cr\u00e9dits pour 800 \u20ac<\/li>\n<\/ul>\n\n<p>Vous pouvez ajouter des cr\u00e9dits \u00e0 tout site qui n\u2019utilise pas le paiement \u00e0 l\u2019utilisation. Ces cr\u00e9dits n\u2019expirent pas. <\/p>\n\n<h3 class=\"wp-block-heading\" id=\"refunds-related-to-automatic-translation\">Remboursements li\u00e9s \u00e0 la traduction automatique<\/h3>\n\n<p><strong>Moteur de traduction Private Translation Cloud<\/strong><\/p>\n\n<p>Seul le moteur de traduction Private Translation Cloud de WPML est assorti d\u2019une <a href=\"https:\/\/wpml.org\/fr\/documentation-6\/traduction-automatique-de-contenu-wordpress-avec-wpml\/traduction-automatique-avec-qualite-garantie\/\">garantie de qualit\u00e9 de traduction<\/a> qui permet le remboursement des cr\u00e9dits de traduction. Si vous n\u2019\u00eates pas satisfait des traductions automatiques Private Translation Cloud, nous nous efforcerons de r\u00e9soudre le probl\u00e8me. Si vous n\u2019\u00eates toujours pas satisfait, nous vous rembourserons int\u00e9gralement vos cr\u00e9dits de traduction.  <\/p>\n\n<p><strong>Moteurs de traduction DeepL, Google et Microsoft<\/strong><\/p>\n\n<p>Nous n\u2019offrons pas de remboursements ni de garantie pour les autres moteurs de traduction disponibles dans WPML \u2013 DeepL, Google et Microsoft. Lorsque vous utilisez ces moteurs, au moment o\u00f9 la traduction automatique est effectu\u00e9e (ce qui est tr\u00e8s rapide), nous avons d\u00e9j\u00e0 pay\u00e9 ces moteurs de traduction pour cette traduction. <\/p>\n\n<p>C\u2019est pourquoi, en g\u00e9n\u00e9ral, nous ne sommes pas en mesure d\u2019offrir des remboursements pour les cr\u00e9dits de traduction que vous avez d\u00e9j\u00e0 utilis\u00e9s avec ces moteurs tiers. Dans de rares cas, nous pourrions vous accorder un remboursement partiel ou int\u00e9gral. Par exemple, cela pourrait se produire en cas de probl\u00e8mes techniques potentiels de notre part, li\u00e9s \u00e0 la facturation de vos cr\u00e9dits de traduction automatique.  <\/p>\n\n<p>Veuillez noter que dans de tels cas, le montant que nous vous remboursons pourrait \u00eatre l\u00e9g\u00e8rement inf\u00e9rieur au montant que vous avez pay\u00e9. Cette diff\u00e9rence provient du fait que nous, en tant qu\u2019entreprise, traitons exclusivement en euros (EUR), de sorte qu\u2019elles sont dues \u00e0 la conversion de devises. Ces diff\u00e9rences sont tr\u00e8s faibles et nous n\u2019en sommes pas responsables, nous ne pouvons donc pas et ne ferons pas de remboursements suppl\u00e9mentaires pour celles-ci.  <\/p>\n\n<h3 class=\"wp-block-heading\" id=\"content-restrictions-when-using-ptc\">Restrictions de contenu lors de l\u2019utilisation de Private Translation Cloud<\/h3>\n\n<p>Private Translation Cloud est le moteur de traduction IA de WPML et il utilise de puissants mod\u00e8les linguistiques pour traduire votre contenu. Ces mod\u00e8les suivent des r\u00e8gles strictes pour s\u2019assurer qu\u2019ils sont utilis\u00e9s de mani\u00e8re responsable. <\/p>\n\n<p>Pour cette raison, Private Translation Cloud ne traduira pas de contenu qui inclut des \u00e9l\u00e9ments tels que :<\/p>\n\n<ul class=\"wp-block-list\">\n<li>Activit\u00e9s ill\u00e9gales, par exemple, comment fabriquer des substances nocives, acheter des armes ill\u00e9gales ou promouvoir la violence<\/li>\n\n\n\n<li>Mat\u00e9riel sexuellement explicite ou exploiteur<\/li>\n\n\n\n<li>Discours de haine, harc\u00e8lement ou discrimination<\/li>\n\n\n\n<li>Fausses informations ou usurpation d\u2019identit\u00e9<\/li>\n<\/ul>\n\n<p>Si Private Translation Cloud d\u00e9tecte ce type de contenu, il s\u2019arr\u00eatera et refusera de le traduire. Dans ces cas, nous basculons automatiquement le moteur de traduction de votre site vers DeepL afin que vous puissiez toujours obtenir des traductions, mais pas via Private Translation Cloud. <\/p>\n\n<p>En utilisant Private Translation Cloud, vous acceptez de suivre ces directives. Si votre contenu va \u00e0 l\u2019encontre de celles-ci, nous pourrions limiter ou modifier le fonctionnement de Private Translation Cloud sur votre site. <\/p>\n\n<h2 class=\"wp-block-heading\" id=\"privacy-information-and-gdpr\">Informations sur la confidentialit\u00e9 et le RGPD<\/h2>\n\n<p>Si vous recherchez des informations sur la confidentialit\u00e9, lisez notre <a href=\"https:\/\/wpml.org\/fr\/documentation-6\/politique-de-confidentialite-et-conformite-au-gdpr\/\">politique de confidentialit\u00e9 et conformit\u00e9 au RGPD<\/a>.<\/p>\n","protected":false},"excerpt":{"rendered":"<p>Les extensions WPML, ce site web et tous les services associ\u00e9s sont fournis par la soci\u00e9t\u00e9 OnTheGoSystems. En les utilisant, vous acceptez les conditions g\u00e9n\u00e9rales pr\u00e9sent\u00e9es ci-dessous. Sur cette page : Licence et marque d\u00e9pos\u00e9e Le code WPML est sous licence GPL. Le nom WPML, le logo et le nom de la soci\u00e9t\u00e9 OnTheGoSystems sont [&hellip;]<\/p>\n","protected":false},"author":76577,"featured_media":0,"parent":100637,"menu_order":0,"comment_status":"closed","ping_status":"closed","template":"template-nosidebar-centered.php","meta":{"_bbp_topic_count":0,"_bbp_reply_count":0,"_bbp_total_topic_count":0,"_bbp_total_reply_count":0,"_bbp_voice_count":0,"_bbp_anonymous_reply_count":0,"_bbp_topic_count_hidden":0,"_bbp_reply_count_hidden":0,"_bbp_forum_subforum_count":0,"_uag_custom_page_level_css":"","ep_exclude_from_search":false,"footnotes":""},"related-projects-category":[],"class_list":["post-15083177","page","type-page","status-publish","hentry"],"spectra_custom_meta":{"ratings_users":["0"],"ratings_score":["0"],"ratings_average":["0"],"_subscription_coupon_product_id":["0"],"_wpv_contains_gutenberg_views":[""],"_alp_processed":["1773240960"],"wpcf-unformatted-code":[""],"_wpml_media_duplicate":["1"],"_wpml_media_featured":["1"],"toolset_post_editor_mode":["block"],"wpcf-price-increase-show-from":[""],"wpcf-price-increase-show-till":[""],"_wp_page_template":["template-nosidebar-centered.php"],"_last_translation_edit_mode":["translation-editor"],"_wpml_word_count":["2309"],"wpml_tf_post_rating_quantity":["1"],"wpml_tf_post_rating_average":["5"],"cmplz_hide_cookiebanner":[""],"wpcf-price-increase-content":[""],"wpcf-login-box-title":[""],"wpcf-page-content":[""],"_yoast_wpseo_primary_related-projects-category":[""],"_uag_css_file_name":["uag-css-15083177.css"],"_uag_page_assets":["a:9:{s:3:\"css\";s:260:\".uag-blocks-common-selector{z-index:var(--z-index-desktop) !important}@media(max-width: 976px){.uag-blocks-common-selector{z-index:var(--z-index-tablet) !important}}@media(max-width: 767px){.uag-blocks-common-selector{z-index:var(--z-index-mobile) !important}}\";s:2:\"js\";s:0:\"\";s:18:\"current_block_list\";a:5:{i:0;s:14:\"core\/paragraph\";i:1;s:9:\"core\/list\";i:2;s:14:\"core\/list-item\";i:3;s:12:\"core\/heading\";i:4;s:14:\"core\/shortcode\";}s:8:\"uag_flag\";b:0;s:11:\"uag_version\";s:10:\"1778748619\";s:6:\"gfonts\";a:0:{}s:10:\"gfonts_url\";s:0:\"\";s:12:\"gfonts_files\";a:0:{}s:14:\"uag_faq_layout\";b:0;}"]},"uagb_featured_image_src":{"full":false,"thumbnail":false,"medium":false,"medium_large":false,"large":false,"1536x1536":false,"2048x2048":false,"gform-image-choice-sm":false,"gform-image-choice-md":false,"gform-image-choice-lg":false,"woocommerce_thumbnail":false,"woocommerce_single":false,"woocommerce_gallery_thumbnail":false},"uagb_author_info":{"display_name":"Dario","author_link":"https:\/\/wpml.org\/fr\/author\/darioh\/"},"uagb_comment_info":0,"uagb_excerpt":"Les extensions WPML, ce site web et tous les services associ\u00e9s sont fournis par la soci\u00e9t\u00e9 OnTheGoSystems. En les utilisant, vous acceptez les conditions g\u00e9n\u00e9rales pr\u00e9sent\u00e9es ci-dessous. Sur cette page : Licence et marque d\u00e9pos\u00e9e Le code WPML est sous licence GPL. Le nom WPML, le logo et le nom de la soci\u00e9t\u00e9 OnTheGoSystems sont\u2026","_links":{"self":[{"href":"https:\/\/wpml.org\/fr\/wp-json\/wp\/v2\/pages\/15083177","targetHints":{"allow":["GET"]}}],"collection":[{"href":"https:\/\/wpml.org\/fr\/wp-json\/wp\/v2\/pages"}],"about":[{"href":"https:\/\/wpml.org\/fr\/wp-json\/wp\/v2\/types\/page"}],"author":[{"embeddable":true,"href":"https:\/\/wpml.org\/fr\/wp-json\/wp\/v2\/users\/76577"}],"replies":[{"embeddable":true,"href":"https:\/\/wpml.org\/fr\/wp-json\/wp\/v2\/comments?post=15083177"}],"version-history":[{"count":8,"href":"https:\/\/wpml.org\/fr\/wp-json\/wp\/v2\/pages\/15083177\/revisions"}],"predecessor-version":[{"id":17889338,"href":"https:\/\/wpml.org\/fr\/wp-json\/wp\/v2\/pages\/15083177\/revisions\/17889338"}],"up":[{"embeddable":true,"href":"https:\/\/wpml.org\/fr\/wp-json\/wp\/v2\/pages\/100637"}],"wp:attachment":[{"href":"https:\/\/wpml.org\/fr\/wp-json\/wp\/v2\/media?parent=15083177"}],"wp:term":[{"taxonomy":"related-projects-category","embeddable":true,"href":"https:\/\/wpml.org\/fr\/wp-json\/wp\/v2\/related-projects-category?post=15083177"}],"curies":[{"name":"wp","href":"https:\/\/api.w.org\/{rel}","templated":true}]}}