{"id":15198034,"date":"2011-04-13T08:09:29","date_gmt":"2011-04-13T08:09:29","guid":{"rendered":"https:\/\/wpml.org\/documentation-6\/projets-connexes\/gravity-forms-multilingual\/"},"modified":"2026-02-26T07:10:14","modified_gmt":"2026-02-26T07:10:14","slug":"gravity-forms-multilingual","status":"publish","type":"page","link":"https:\/\/wpml.org\/fr\/documentation-6\/projets-connexes\/gravity-forms-multilingual\/","title":{"rendered":"Gravity Forms Multilingual"},"content":{"rendered":"\n<div class=\"wp-block-toolset-blocks-container tb-container alignfull\" data-toolset-blocks-container=\"10492591bfb51d70e8d09aa8d457bae2\"><div class=\"tb-container-inner\">\n<p class=\"tb-heading has-text-color\" data-toolset-blocks-heading=\"0190bf5c0f5e682e6e1d8be7e6f401ac\" data-last-update=\"1.4\"><span><span><a href=\"https:\/\/wpml.org\/fr\/accueil\/\">Home<\/a><\/span><\/span><\/p>\n\n\n\n<div class=\"wp-block-toolset-blocks-grid tb-grid\" data-toolset-blocks-grid=\"1e3256eddcd8d1ddf217eef5389f4d56\">\n<div class=\"wp-block-toolset-blocks-grid-column tb-grid-column tb-grid-align-center\" data-toolset-blocks-grid-column=\"f586ff7bfe1d7317c63162ec7b7039ed\">\n<div class=\"wp-block-toolset-blocks-container tb-container\" data-toolset-blocks-container=\"cbb7accfa9454b18fd5408ff9119221d\"><\/div>\n\n\n\n<h1 class=\"tb-heading has-text-color\" data-toolset-blocks-heading=\"b686c8b3d4780754ef6585bd91a569b8\" data-last-update=\"1.4\">Gravity Forms Multilingual &#8211; Traduire des formulaires avec WPML<\/h1>\n\n\n\n<div class=\"tb-fields-and-text\" data-toolset-blocks-fields-and-text=\"3f9f3fa6c769cb8df265aa2f59e7f9eb\"><p><span data-sheets-root=\"1\">Gravity Forms Multilingual (GFML) est une extension WPML pour traduire les champs et les \u00e9tiquettes de vos formulaires dans plus de langues. <\/span><\/p><\/div>\n\n\n\n<div id=\"wpml-info-account-trigger\" class=\"tb-button\" data-toolset-blocks-button=\"80e6bda0690f72b34866c3f703e79cc3\"><a class=\"tb-button__link\" href=\"https:\/\/wpml.org\/account\/downloads\/#gravityforms-multilingual\"><span class=\"tb-button__content\">Obtenir Gravity Forms Multilingual<\/span><i class=\"tb-button__icon\"><\/i><\/a><\/div>\n<\/div>\n\n\n\n<div class=\"wp-block-toolset-blocks-grid-column tb-grid-column tb-grid-align-center\" data-toolset-blocks-grid-column=\"c77f65d01bb1c283e93f285b389d97af\">\n<figure class=\"wp-block-image tb-image tb-image-dynamic tb-image-frame-none\" data-toolset-blocks-image=\"5706d347fdaaf17eed1ed237c8b186f0\"><img decoding=\"async\" loading=\"lazy\" src=\"https:\/\/cdn.wpml.org\/wp-content\/uploads\/2023\/04\/form-10-1.png\"\/><\/figure>\n<\/div>\n<\/div>\n<\/div><\/div>\n\n<div class=\"wp-block-toolset-blocks-container tb-container\" data-toolset-blocks-container=\"8f3deaef8758197413c254193c4637bf\"><div class=\"tb-container-inner\">\n<h3 class=\"tb-heading has-text-color\" data-toolset-blocks-heading=\"64944ef240e0d9481016a33eed26e822\" data-last-update=\"1.4\"><strong>Une fa\u00e7on simple et puissante de cr\u00e9er des gravity forms multilingues<\/strong><\/h3>\n\n\n\n<div class=\"wp-block-toolset-blocks-grid tb-grid\" data-toolset-blocks-grid=\"d73b029f031f092476d7c78dca9026b6\">\n<div class=\"wp-block-toolset-blocks-grid-column tb-grid-column tb-grid-align-top\" data-toolset-blocks-grid-column=\"3034fbe886c11054e95b46b09d3e4112\">\n<div class=\"wp-block-toolset-blocks-grid tb-grid\" data-toolset-blocks-grid=\"1c3b519f11ed173dde36e2dd3d915363\">\n<div class=\"wp-block-toolset-blocks-grid-column tb-grid-column tb-grid-align-top\" data-toolset-blocks-grid-column=\"3034fbe886c11054e95b46b09d3e4112\">\n<div class=\"wp-block-toolset-blocks-container tb-container\" data-toolset-blocks-container=\"4c1e644b100a7cd79ae08b214443135d\"><\/div>\n<\/div>\n\n\n\n<div class=\"wp-block-toolset-blocks-grid-column tb-grid-column tb-grid-align-center\" data-toolset-blocks-grid-column=\"f586ff7bfe1d7317c63162ec7b7039ed\">\n<h3 class=\"tb-heading has-text-color\" data-toolset-blocks-heading=\"b2d352fa342796268e813d45e9ad169e\" data-last-update=\"1.4\"><strong>Workflow facile<\/strong><\/h3>\n\n\n\n<p class=\"tb-heading has-text-color\" data-toolset-blocks-heading=\"3a2e96e3a39991294f000d733d564a60\" data-last-update=\"1.4\">Traduisez vos gravity forms avec le tableau de bord de traduction de WPML.<\/p>\n<\/div>\n<\/div>\n<\/div>\n\n\n\n<div class=\"wp-block-toolset-blocks-grid-column tb-grid-column tb-grid-align-top\" data-toolset-blocks-grid-column=\"6aa6629b0bd14de4b0c8a30d5e016060\">\n<div class=\"wp-block-toolset-blocks-grid tb-grid\" data-toolset-blocks-grid=\"1c3b519f11ed173dde36e2dd3d915363\">\n<div class=\"wp-block-toolset-blocks-grid-column tb-grid-column tb-grid-align-top\" data-toolset-blocks-grid-column=\"3034fbe886c11054e95b46b09d3e4112\">\n<div class=\"wp-block-toolset-blocks-container tb-container\" data-toolset-blocks-container=\"4c1e644b100a7cd79ae08b214443135d\"><\/div>\n<\/div>\n\n\n\n<div class=\"wp-block-toolset-blocks-grid-column tb-grid-column tb-grid-align-center\" data-toolset-blocks-grid-column=\"f586ff7bfe1d7317c63162ec7b7039ed\">\n<h3 class=\"tb-heading has-text-color\" data-toolset-blocks-heading=\"3b2b4300cf3526adeeeceb0a7d34ea01\" data-last-update=\"1.4\"><strong>Traduisible<\/strong><\/h3>\n\n\n\n<p class=\"tb-heading has-text-color\" data-toolset-blocks-heading=\"489fe393b980d16eaf272662f21c57f9\" data-last-update=\"1.4\">Traduis Gravity Forms par toi-m\u00eame ou avec l&rsquo;aide de traducteurs professionnels.<\/p>\n<\/div>\n<\/div>\n<\/div>\n\n\n\n<div class=\"wp-block-toolset-blocks-grid-column tb-grid-column tb-grid-align-top\" data-toolset-blocks-grid-column=\"3034fbe886c11054e95b46b09d3e4112\">\n<div class=\"wp-block-toolset-blocks-grid tb-grid\" data-toolset-blocks-grid=\"1c3b519f11ed173dde36e2dd3d915363\">\n<div class=\"wp-block-toolset-blocks-grid-column tb-grid-column tb-grid-align-top\" data-toolset-blocks-grid-column=\"3034fbe886c11054e95b46b09d3e4112\">\n<div class=\"wp-block-toolset-blocks-container tb-container\" data-toolset-blocks-container=\"4c1e644b100a7cd79ae08b214443135d\"><\/div>\n<\/div>\n\n\n\n<div class=\"wp-block-toolset-blocks-grid-column tb-grid-column tb-grid-align-center\" data-toolset-blocks-grid-column=\"f586ff7bfe1d7317c63162ec7b7039ed\">\n<h3 class=\"tb-heading has-text-color\" data-toolset-blocks-heading=\"3b2b4300cf3526adeeeceb0a7d34ea01\" data-last-update=\"1.4\"><strong>Processus rapide<\/strong><\/h3>\n\n\n\n<p class=\"tb-heading has-text-color\" data-toolset-blocks-heading=\"489fe393b980d16eaf272662f21c57f9\" data-last-update=\"1.4\">Traduisez un ou plusieurs gravity forms en quelques minutes seulement.<\/p>\n<\/div>\n<\/div>\n<\/div>\n<\/div>\n<\/div><\/div>\n\n<div class=\"wp-block-toolset-blocks-container tb-container\" data-toolset-blocks-container=\"a03f28b68e7ebf56bfe1641740b90da2\"><div class=\"tb-container-inner\">\n<div class=\"wp-block-toolset-blocks-grid tb-grid\" data-toolset-blocks-grid=\"bc3b338eeaf2c2dab6d1efcf997e6968\">\n<div class=\"wp-block-toolset-blocks-grid-column tb-grid-column tb-grid-align-top wcml-sticky-top\" data-toolset-blocks-grid-column=\"f7f9a013a6074411e874a8d48900e955\">\n<p class=\"tb-heading\" data-toolset-blocks-heading=\"ba314f8b957a1e719a05768a3039acf2\" data-last-update=\"1.4\"><strong>Sur cette page<\/strong><\/p>\n\n\n\n<p class=\"tb-heading has-text-color\" data-toolset-blocks-heading=\"e61aa8997e9522834de21cdb2df7f0d9\" data-last-update=\"1.4\"><a href=\"#getting-started\">Pour commencer<\/a><\/p>\n\n\n\n<p class=\"tb-heading has-text-color\" data-toolset-blocks-heading=\"e61aa8997e9522834de21cdb2df7f0d9\" data-last-update=\"1.4\"><a href=\"#translate-gravity-forms\">Comment traduire des gravity forms avec WPML<\/a><\/p>\n\n\n\n<p class=\"tb-heading has-text-color\" data-toolset-blocks-heading=\"57fd50fba93b22bbe47ab8e2f98ccbfc\" data-last-update=\"1.4\"><a href=\"#translate-with-wpml\">Commencez \u00e0 traduire avec WPML<\/a><\/p>\n<\/div>\n\n\n\n<div class=\"wp-block-toolset-blocks-grid-column tb-grid-column tb-grid-align-top product-page-content\" data-toolset-blocks-grid-column=\"3ca40a3bbaa937ab1f07ea8568a8fddf\">\n<h2 class=\"wp-block-heading\" id=\"getting-started\">Pour commencer<\/h2>\n\n\n\n<p>Pour traduire des Gravity Forms avec WPML, vous devez installer et activer les plugins suivants :<\/p>\n\n\n\n<ul class=\"wp-block-list\">\n<li>WPML<\/li>\n\n\n\n<li>WPML String Translation<\/li>\n\n\n\n<li><a href=\"https:\/\/www.gravityforms.com\/\">Gravity forms<\/a><\/li>\n\n\n\n<li><a href=\"https:\/\/wpml.org\/fr\/account\/downloads\/#gravityforms-multilingual\">Gravity Forms Multilingual<\/a><\/li>\n<\/ul>\n\n\n\n<h2 class=\"wp-block-heading\" id=\"translate-gravity-forms\">Comment traduire des gravity forms avec WPML<\/h2>\n\n\n\n<p>Avec WPML, vous pouvez traduire tous les \u00e9l\u00e9ments de Gravity Forms. Cela comprend : <\/p>\n\n\n\n<ul class=\"wp-block-list\">\n<li>Titres de formulaire<\/li>\n\n\n\n<li>Libell\u00e9s de champ<\/li>\n\n\n\n<li>Sous-libell\u00e9s<\/li>\n\n\n\n<li>Boutons radio<\/li>\n\n\n\n<li>Cases \u00e0 cocher<\/li>\n\n\n\n<li>Listes d\u00e9roulantes<\/li>\n\n\n\n<li>Confirmations<\/li>\n\n\n\n<li>Notifications<\/li>\n<\/ul>\n\n\n\n<p>Pour traduire des Gravity Forms avec WPML :<\/p>\n\n\n\n<ol class=\"wp-block-list\">\n<li>Allez dans <strong>WPML<\/strong> \u2192 <strong>Tableau de bord de traduction<\/strong> et descendez jusqu&rsquo;\u00e0 la section <strong>Gravity Forms<\/strong>.<\/li>\n\n\n\n<li>S\u00e9lectionnez les formulaires que vous voulez traduire et envoyez-les pour traduction. <\/li>\n<\/ol>\n\n\n\n<figure class=\"wp-block-image tb-image tb-image-dynamic tb-image-frame-none\" data-toolset-blocks-image=\"8b5ec2a09b31d7cefa81f15dad358e5d\"><a href=\"https:\/\/wpml.org\/wp-content\/uploads\/2026\/02\/Selecting-to-translate-Gravity-Forms.png\"><img decoding=\"async\" width=\"1024\" height=\"625\" loading=\"lazy\" src=\"https:\/\/wpml.org\/wp-content\/uploads\/2026\/02\/Selecting-to-translate-Gravity-Forms-1024x625.png\" alt=\"Selecting to translate Gravity Forms\" class=\"wp-image-17792203\" srcset=\"https:\/\/wpml.org\/wp-content\/uploads\/2026\/02\/Selecting-to-translate-Gravity-Forms-1024x625.png 1024w, https:\/\/wpml.org\/wp-content\/uploads\/2026\/02\/Selecting-to-translate-Gravity-Forms-300x183.png 300w, https:\/\/wpml.org\/wp-content\/uploads\/2026\/02\/Selecting-to-translate-Gravity-Forms-150x92.png 150w, https:\/\/wpml.org\/wp-content\/uploads\/2026\/02\/Selecting-to-translate-Gravity-Forms-768x469.png 768w, https:\/\/wpml.org\/wp-content\/uploads\/2026\/02\/Selecting-to-translate-Gravity-Forms-1536x938.png 1536w, https:\/\/wpml.org\/wp-content\/uploads\/2026\/02\/Selecting-to-translate-Gravity-Forms.png 1600w\" sizes=\"auto, (max-width: 1024px) 100vw, 1024px\" \/><\/a><figcaption><div class=\"tb-image-caption\">S\u00e9lection pour traduire des Gravity Forms<\/div><\/figcaption><\/figure>\n\n\n\n<ol start=\"3\" class=\"wp-block-list\">\n<li>Enfin, allez dans <strong>WPML<\/strong> \u2192 <strong>Traductions<\/strong> pour r\u00e9viser les traductions automatiques ou saisir les v\u00f4tres (si vous traduisez vous-m\u00eame).<\/li>\n<\/ol>\n\n\n\n<figure class=\"wp-block-image tb-image tb-image-dynamic tb-image-frame-none\" data-toolset-blocks-image=\"d513a7fa7c0c36635d995fd24ea92c1e\"><a href=\"https:\/\/wpml.org\/wp-content\/uploads\/2025\/08\/Clicking-the-Review-button-to-check-automatic-translations.png\"><img decoding=\"async\" width=\"1024\" height=\"578\" loading=\"lazy\" src=\"https:\/\/wpml.org\/wp-content\/uploads\/2025\/08\/Clicking-the-Review-button-to-check-automatic-translations-1024x578.png\" alt=\"Clicking the Review button to check automatic translations\" class=\"wp-image-17317386\" srcset=\"https:\/\/wpml.org\/wp-content\/uploads\/2025\/08\/Clicking-the-Review-button-to-check-automatic-translations-1024x578.png 1024w, https:\/\/wpml.org\/wp-content\/uploads\/2025\/08\/Clicking-the-Review-button-to-check-automatic-translations-300x169.png 300w, https:\/\/wpml.org\/wp-content\/uploads\/2025\/08\/Clicking-the-Review-button-to-check-automatic-translations-150x85.png 150w, https:\/\/wpml.org\/wp-content\/uploads\/2025\/08\/Clicking-the-Review-button-to-check-automatic-translations-768x433.png 768w, https:\/\/wpml.org\/wp-content\/uploads\/2025\/08\/Clicking-the-Review-button-to-check-automatic-translations-1536x867.png 1536w, https:\/\/wpml.org\/wp-content\/uploads\/2025\/08\/Clicking-the-Review-button-to-check-automatic-translations.png 1600w\" sizes=\"auto, (max-width: 1024px) 100vw, 1024px\" \/><\/a><figcaption><div class=\"tb-image-caption\">Cliquer sur le bouton Relecteur pour v\u00e9rifier les traductions automatiques.<\/div><\/figcaption><\/figure>\n\n\n\n<p>Si vous traduisez par vous-m\u00eame, vous serez dirig\u00e9 vers l&rsquo;<strong>\u00c9diteur de traduction avanc\u00e9<\/strong>. L\u00e0, vous verrez tous les \u00e9l\u00e9ments de votre formulaire, y compris les champs de formulaire, les messages de confirmation et les <strong>notifications par e-mail<\/strong>, pr\u00eats \u00e0 \u00eatre traduits. <\/p>\n\n\n<div class=\"wp-block-image\">\n<figure class=\" tb-image tb-image-dynamic tb-image-frame-none aligncenter\" data-toolset-blocks-image=\"614ed99cf6b92b21ec74720bbd295c77\"><a href=\"https:\/\/wpml.org\/wp-content\/uploads\/2025\/04\/wpml-advanced-translation-editor-translating-gravity-form.png\"><img decoding=\"async\" width=\"1024\" height=\"703\" loading=\"lazy\" src=\"https:\/\/wpml.org\/wp-content\/uploads\/2025\/04\/wpml-advanced-translation-editor-translating-gravity-form-1024x703.png\" alt=\"\" class=\"wp-image-16937899\" srcset=\"https:\/\/wpml.org\/wp-content\/uploads\/2025\/04\/wpml-advanced-translation-editor-translating-gravity-form-1024x703.png 1024w, https:\/\/wpml.org\/wp-content\/uploads\/2025\/04\/wpml-advanced-translation-editor-translating-gravity-form-300x206.png 300w, https:\/\/wpml.org\/wp-content\/uploads\/2025\/04\/wpml-advanced-translation-editor-translating-gravity-form-150x103.png 150w, https:\/\/wpml.org\/wp-content\/uploads\/2025\/04\/wpml-advanced-translation-editor-translating-gravity-form-768x528.png 768w, https:\/\/wpml.org\/wp-content\/uploads\/2025\/04\/wpml-advanced-translation-editor-translating-gravity-form-1536x1055.png 1536w, https:\/\/wpml.org\/wp-content\/uploads\/2025\/04\/wpml-advanced-translation-editor-translating-gravity-form-2048x1407.png 2048w\" sizes=\"auto, (max-width: 1024px) 100vw, 1024px\" \/><\/a><figcaption><div class=\"tb-image-caption\">Traduction d&rsquo;un gravity form dans l&rsquo;\u00e9diteur de traduction avanc\u00e9<\/div><\/figcaption><\/figure>\n<\/div>\n\n\n<p>Une fois termin\u00e9, vous pouvez voir vos Gravity Forms traduits en changeant de langue sur votre site. N&rsquo;oubliez pas de <a href=\"https:\/\/wpml.org\/documentation\/getting-started-guide\/translate-pages-in-wordpress-with-wpml\/\">traduire la page<\/a> qui contient votre formulaire pour pouvoir changer de langue. <\/p>\n\n\n\n<div class=\"wp-block-columns is-layout-flex wp-container-core-columns-is-layout-28f84493 wp-block-columns-is-layout-flex\">\n<div class=\"wp-block-column is-layout-flow wp-block-column-is-layout-flow\">\n<figure class=\"wp-block-image tb-image tb-image-dynamic tb-image-frame-none\" data-toolset-blocks-image=\"1363834e26e8c4908fe944d05a44d8ac\"><a href=\"https:\/\/wpml.org\/wp-content\/uploads\/2024\/04\/Contact-form-in-English.png\"><img decoding=\"async\" width=\"1024\" height=\"715\" loading=\"lazy\" src=\"https:\/\/wpml.org\/wp-content\/uploads\/2024\/04\/Contact-form-in-English-1024x715.png\" alt=\"Contact form in English\" class=\"wp-image-15483520\" srcset=\"https:\/\/wpml.org\/wp-content\/uploads\/2024\/04\/Contact-form-in-English-1024x715.png 1024w, https:\/\/wpml.org\/wp-content\/uploads\/2024\/04\/Contact-form-in-English-300x209.png 300w, https:\/\/wpml.org\/wp-content\/uploads\/2024\/04\/Contact-form-in-English-150x105.png 150w, https:\/\/wpml.org\/wp-content\/uploads\/2024\/04\/Contact-form-in-English-768x536.png 768w, https:\/\/wpml.org\/wp-content\/uploads\/2024\/04\/Contact-form-in-English.png 1490w\" sizes=\"auto, (max-width: 1024px) 100vw, 1024px\" \/><\/a><figcaption><div class=\"tb-image-caption\">Formulaire de contact en anglais <\/div><\/figcaption><\/figure>\n<\/div>\n\n\n\n<div class=\"wp-block-column is-layout-flow wp-block-column-is-layout-flow\">\n<figure class=\"wp-block-image tb-image tb-image-dynamic tb-image-frame-none\" data-toolset-blocks-image=\"dc14b32d6c440e2558dff259cb37ab2b\"><a href=\"https:\/\/wpml.org\/wp-content\/uploads\/2024\/04\/Contact-form-in-Spanish.png\"><img decoding=\"async\" width=\"1024\" height=\"697\" loading=\"lazy\" src=\"https:\/\/wpml.org\/wp-content\/uploads\/2024\/04\/Contact-form-in-Spanish-1024x697.png\" alt=\"Contact form in Spanish\" class=\"wp-image-15483535\" srcset=\"https:\/\/wpml.org\/wp-content\/uploads\/2024\/04\/Contact-form-in-Spanish-1024x697.png 1024w, https:\/\/wpml.org\/wp-content\/uploads\/2024\/04\/Contact-form-in-Spanish-300x204.png 300w, https:\/\/wpml.org\/wp-content\/uploads\/2024\/04\/Contact-form-in-Spanish-150x102.png 150w, https:\/\/wpml.org\/wp-content\/uploads\/2024\/04\/Contact-form-in-Spanish-768x523.png 768w, https:\/\/wpml.org\/wp-content\/uploads\/2024\/04\/Contact-form-in-Spanish.png 1512w\" sizes=\"auto, (max-width: 1024px) 100vw, 1024px\" \/><\/a><figcaption><div class=\"tb-image-caption\">Formulaire de contact en espagnol <\/div><\/figcaption><\/figure>\n<\/div>\n<\/div>\n\n\n\n<h2 class=\"wp-block-heading\" id=\"translate-with-wpml\">Commencez \u00e0 traduire avec WPML <\/h2>\n\n\n\n<p>Si vous avez d\u00e9j\u00e0 un compte WPML, vous pouvez t\u00e9l\u00e9charger Gravity Forms Multilingual (sans frais suppl\u00e9mentaires) depuis la page <a href=\"https:\/\/wpml.org\/fr\/account\/downloads\/#gravityforms-multilingual\">T\u00e9l\u00e9chargements<\/a>.<\/p>\n\n\n\n<p>Vous n&rsquo;avez pas WPML ? Visitez notre <a href=\"https:\/\/wpml.org\/fr\/purchase\/\">page de tarification<\/a> pour trouver le plan adapt\u00e9 \u00e0 votre site web.  <\/p>\n<\/div>\n<\/div>\n<\/div><\/div>\n","protected":false},"excerpt":{"rendered":"<p class=\"lead\">WPML vous permet de traduire les textes qui apparaissent dans vos Gravity Forms vers d&rsquo;autres langues de votre site. Une fois traduits, le formulaire s&rsquo;affiche automatiquement dans la bonne langue sur le front-end. <\/p>\n","protected":false},"author":538393,"featured_media":0,"parent":105096,"menu_order":36,"comment_status":"closed","ping_status":"closed","template":"template-full-with-popup-generic.php","meta":{"_bbp_topic_count":0,"_bbp_reply_count":0,"_bbp_total_topic_count":0,"_bbp_total_reply_count":0,"_bbp_voice_count":0,"_bbp_anonymous_reply_count":0,"_bbp_topic_count_hidden":0,"_bbp_reply_count_hidden":0,"_bbp_forum_subforum_count":0,"ep_exclude_from_search":false,"footnotes":""},"related-projects-category":[27810],"class_list":["post-15198034","page","type-page","status-publish","hentry","related-projects-category-forms-fr"],"_links":{"self":[{"href":"https:\/\/wpml.org\/fr\/wp-json\/wp\/v2\/pages\/15198034","targetHints":{"allow":["GET"]}}],"collection":[{"href":"https:\/\/wpml.org\/fr\/wp-json\/wp\/v2\/pages"}],"about":[{"href":"https:\/\/wpml.org\/fr\/wp-json\/wp\/v2\/types\/page"}],"author":[{"embeddable":true,"href":"https:\/\/wpml.org\/fr\/wp-json\/wp\/v2\/users\/538393"}],"replies":[{"embeddable":true,"href":"https:\/\/wpml.org\/fr\/wp-json\/wp\/v2\/comments?post=15198034"}],"version-history":[{"count":8,"href":"https:\/\/wpml.org\/fr\/wp-json\/wp\/v2\/pages\/15198034\/revisions"}],"predecessor-version":[{"id":17853646,"href":"https:\/\/wpml.org\/fr\/wp-json\/wp\/v2\/pages\/15198034\/revisions\/17853646"}],"up":[{"embeddable":true,"href":"https:\/\/wpml.org\/fr\/wp-json\/wp\/v2\/pages\/105096"}],"wp:attachment":[{"href":"https:\/\/wpml.org\/fr\/wp-json\/wp\/v2\/media?parent=15198034"}],"wp:term":[{"taxonomy":"related-projects-category","embeddable":true,"href":"https:\/\/wpml.org\/fr\/wp-json\/wp\/v2\/related-projects-category?post=15198034"}],"curies":[{"name":"wp","href":"https:\/\/api.w.org\/{rel}","templated":true}]}}