{"id":15235972,"date":"2013-07-23T01:04:44","date_gmt":"2013-07-23T01:04:44","guid":{"rendered":"https:\/\/wpml.org\/documentation-6\/projets-connexes\/utilisation-de-contact-form-7-avec-wpml\/"},"modified":"2026-02-26T07:55:03","modified_gmt":"2026-02-26T07:55:03","slug":"utilisation-de-contact-form-7-avec-wpml","status":"publish","type":"page","link":"https:\/\/wpml.org\/fr\/documentation-6\/projets-connexes\/utilisation-de-contact-form-7-avec-wpml\/","title":{"rendered":"WPML Multilingual for CF7"},"content":{"rendered":"\n<div class=\"wp-block-toolset-blocks-container tb-container alignfull\" data-toolset-blocks-container=\"10492591bfb51d70e8d09aa8d457bae2\"><div class=\"tb-container-inner\">\n<p class=\"tb-heading has-text-color\" data-toolset-blocks-heading=\"0190bf5c0f5e682e6e1d8be7e6f401ac\" data-last-update=\"1.4\"><span><span><a href=\"https:\/\/wpml.org\/fr\/accueil\/\">Home<\/a><\/span><\/span><\/p>\n\n\n\n<div class=\"wp-block-toolset-blocks-grid tb-grid\" data-toolset-blocks-grid=\"1e3256eddcd8d1ddf217eef5389f4d56\">\n<div class=\"wp-block-toolset-blocks-grid-column tb-grid-column tb-grid-align-center\" data-toolset-blocks-grid-column=\"f586ff7bfe1d7317c63162ec7b7039ed\">\n<div class=\"wp-block-toolset-blocks-container tb-container\" data-toolset-blocks-container=\"0d884d3f71d1622c86b7b46bb900d861\"><\/div>\n\n\n\n<h1 class=\"tb-heading has-text-color\" data-toolset-blocks-heading=\"b686c8b3d4780754ef6585bd91a569b8\" data-last-update=\"1.4\">WPML Multilingual for CF7 &#8211; Traduire des formulaires avec WPML<\/h1>\n\n\n\n<div class=\"tb-fields-and-text\" data-toolset-blocks-fields-and-text=\"3f9f3fa6c769cb8df265aa2f59e7f9eb\"><p><span data-sheets-root=\"1\">WPML Multilingual for CF7 est un module compl\u00e9mentaire de WPML qui permet de traduire les champs et libell\u00e9s de Contact Form 7 dans davantage de langues.<\/span><\/p><\/div>\n\n\n\n<div id=\"wpml-info-account-trigger\" class=\"tb-button\" data-toolset-blocks-button=\"e4893fe84ca06c8a3de751723a76c6e0\"><a class=\"tb-button__link\" href=\"https:\/\/wpml.org\/account\/downloads\/#contact-form-7-multilingual\"><span class=\"tb-button__content\">T\u00e9l\u00e9charger WPML for CF7<\/span><i class=\"tb-button__icon\"><\/i><\/a><\/div>\n<\/div>\n\n\n\n<div class=\"wp-block-toolset-blocks-grid-column tb-grid-column tb-grid-align-center\" data-toolset-blocks-grid-column=\"c77f65d01bb1c283e93f285b389d97af\">\n<figure class=\"wp-block-image tb-image tb-image-dynamic tb-image-frame-none\" data-toolset-blocks-image=\"5706d347fdaaf17eed1ed237c8b186f0\"><img decoding=\"async\" loading=\"lazy\" src=\"https:\/\/cdn.wpml.org\/wp-content\/uploads\/2023\/04\/form-10-1.png\"\/><\/figure>\n<\/div>\n<\/div>\n<\/div><\/div>\n\n<div class=\"wp-block-toolset-blocks-container tb-container\" data-toolset-blocks-container=\"8f3deaef8758197413c254193c4637bf\"><div class=\"tb-container-inner\">\n<h3 class=\"tb-heading has-text-color\" data-toolset-blocks-heading=\"e088c9d71e4460ab93427438ef31979b\" data-last-update=\"1.4\"><strong>Traduire Contact Form 7 avec WPML<\/strong><\/h3>\n\n\n\n<div class=\"wp-block-toolset-blocks-grid tb-grid\" data-toolset-blocks-grid=\"d73b029f031f092476d7c78dca9026b6\">\n<div class=\"wp-block-toolset-blocks-grid-column tb-grid-column tb-grid-align-top\" data-toolset-blocks-grid-column=\"3034fbe886c11054e95b46b09d3e4112\">\n<div class=\"wp-block-toolset-blocks-grid tb-grid\" data-toolset-blocks-grid=\"9bfc87ef58a09f5e6817f53045b0bafe\">\n<div class=\"wp-block-toolset-blocks-grid-column tb-grid-column tb-grid-align-top\" data-toolset-blocks-grid-column=\"3034fbe886c11054e95b46b09d3e4112\">\n<div class=\"wp-block-toolset-blocks-container tb-container\" data-toolset-blocks-container=\"4c1e644b100a7cd79ae08b214443135d\"><\/div>\n<\/div>\n\n\n\n<div class=\"wp-block-toolset-blocks-grid-column tb-grid-column tb-grid-align-center\" data-toolset-blocks-grid-column=\"f586ff7bfe1d7317c63162ec7b7039ed\">\n<p><strong>Flux de travail facile<\/strong><\/p>\n\n\n\n<p>Traduire des formulaires simples et multiples avec le tableau de bord de gestion des traductions de WPML.<\/p>\n<\/div>\n<\/div>\n<\/div>\n\n\n\n<div class=\"wp-block-toolset-blocks-grid-column tb-grid-column tb-grid-align-top\" data-toolset-blocks-grid-column=\"6aa6629b0bd14de4b0c8a30d5e016060\">\n<div class=\"wp-block-toolset-blocks-grid tb-grid\" data-toolset-blocks-grid=\"9bfc87ef58a09f5e6817f53045b0bafe\">\n<div class=\"wp-block-toolset-blocks-grid-column tb-grid-column tb-grid-align-top\" data-toolset-blocks-grid-column=\"3034fbe886c11054e95b46b09d3e4112\">\n<div class=\"wp-block-toolset-blocks-container tb-container\" data-toolset-blocks-container=\"4c1e644b100a7cd79ae08b214443135d\"><\/div>\n<\/div>\n\n\n\n<div class=\"wp-block-toolset-blocks-grid-column tb-grid-column tb-grid-align-center\" data-toolset-blocks-grid-column=\"f586ff7bfe1d7317c63162ec7b7039ed\">\n<p><strong>Traduire tout<\/strong><\/p>\n\n\n\n<p>Traduire les mod\u00e8les de formulaire, les \u00e9tiquettes de champ, les boutons, les notifications par e-mail, et plus encore.<\/p>\n<\/div>\n<\/div>\n<\/div>\n\n\n\n<div class=\"wp-block-toolset-blocks-grid-column tb-grid-column tb-grid-align-top\" data-toolset-blocks-grid-column=\"3034fbe886c11054e95b46b09d3e4112\">\n<div class=\"wp-block-toolset-blocks-grid tb-grid\" data-toolset-blocks-grid=\"9bfc87ef58a09f5e6817f53045b0bafe\">\n<div class=\"wp-block-toolset-blocks-grid-column tb-grid-column tb-grid-align-top\" data-toolset-blocks-grid-column=\"3034fbe886c11054e95b46b09d3e4112\">\n<div class=\"wp-block-toolset-blocks-container tb-container\" data-toolset-blocks-container=\"4c1e644b100a7cd79ae08b214443135d\"><\/div>\n<\/div>\n\n\n\n<div class=\"wp-block-toolset-blocks-grid-column tb-grid-column tb-grid-align-center\" data-toolset-blocks-grid-column=\"f586ff7bfe1d7317c63162ec7b7039ed\">\n<p><strong>Traduction flexible<\/strong><\/p>\n\n\n\n<p>Traduisez automatiquement, par vous-m\u00eame, ou avec des traducteurs professionnels v\u00e9rifi\u00e9s.<\/p>\n<\/div>\n<\/div>\n<\/div>\n<\/div>\n<\/div><\/div>\n\n<div class=\"wp-block-toolset-blocks-container tb-container\" data-toolset-blocks-container=\"a03f28b68e7ebf56bfe1641740b90da2\"><div class=\"tb-container-inner\">\n<div class=\"wp-block-toolset-blocks-grid tb-grid product-page-content\" data-toolset-blocks-grid=\"0f1b5aec2b31564786cca5fee50c41d0\">\n<div class=\"wp-block-toolset-blocks-grid-column tb-grid-column tb-grid-align-top product-page-content\" data-toolset-blocks-grid-column=\"3ca40a3bbaa937ab1f07ea8568a8fddf\">\n<p><strong>Sur cette page<\/strong><\/p>\n\n\n\n<p class=\"tb-heading has-text-color\" data-toolset-blocks-heading=\"9505daea73b5583f0e319b64ee6d3ae8\" data-last-update=\"1.4\"><a href=\"#getting-started\">Pour commencer<\/a><\/p>\n\n\n\n<p class=\"tb-heading has-text-color\" data-toolset-blocks-heading=\"9505daea73b5583f0e319b64ee6d3ae8\" data-last-update=\"1.4\"><a href=\"#translate-contact-form-7-wpml\">Comment traduire Contact Form 7 avec WPML<\/a><\/p>\n\n\n\n<p class=\"tb-heading has-text-color\" data-toolset-blocks-heading=\"9505daea73b5583f0e319b64ee6d3ae8\" data-last-update=\"1.4\"><a href=\"#start-translating-with-wpml\">Commencer \u00e0 traduire avec WPML<\/a><\/p>\n<\/div>\n\n\n\n<div class=\"wp-block-toolset-blocks-grid-column tb-grid-column tb-grid-align-top\" data-toolset-blocks-grid-column=\"3034fbe886c11054e95b46b09d3e4112\">\n<h2 class=\"wp-block-heading\" id=\"getting-started\">Pour commencer<\/h2>\n\n\n\n<p>Pour traduire Contact Form 7 avec WPML, installez et activez les extensions suivantes :  <\/p>\n\n\n\n<ul class=\"wp-block-list\">\n<li><a href=\"https:\/\/wpml.org\/fr\/purchase\/\">WPML<\/a><\/li>\n\n\n\n<li>WPML String Translation<\/li>\n\n\n\n<li><a href=\"https:\/\/contactform7.com\/\">Contact Form 7<\/a><\/li>\n\n\n\n<li><a href=\"https:\/\/wpml.org\/fr\/account\/downloads\/#contact-form-7-multilingual\">WPML Multilingual for CF7<\/a><\/li>\n<\/ul>\n\n\n\n<h2 class=\"wp-block-heading\" id=\"translate-contact-form-7-wpml\">Comment traduire Contact Form 7 avec WPML<\/h2>\n\n\n\n<p>WPML peut traduire tous les textes dans Contact Form 7. Cela inclut les libell\u00e9s de formulaire, les notifications par e-mail et tout autre \u00e9l\u00e9ment que vous ajoutez \u00e0 votre formulaire. <\/p>\n\n\n\n<p>Pour traduire Contact Form 7 avec WPML :<\/p>\n\n\n\n<ol class=\"wp-block-list\">\n<li>Allez dans <strong>WPML<\/strong> \u2192 <strong>tableau de bord de traduction<\/strong>.<\/li>\n\n\n\n<li>S\u00e9lectionnez le formulaire que vous souhaitez traduire.<\/li>\n<\/ol>\n\n\n\n<figure class=\"wp-block-image tb-image tb-image-dynamic tb-image-frame-none\" data-toolset-blocks-image=\"d6a102eae28c3d158ce48810c46cf530\"><a href=\"https:\/\/wpml.org\/wp-content\/uploads\/2024\/07\/Selecting-contact-form-7-in-Translation-Management.png\"><img decoding=\"async\" width=\"1024\" height=\"687\" loading=\"lazy\" src=\"https:\/\/wpml.org\/wp-content\/uploads\/2024\/07\/Selecting-contact-form-7-in-Translation-Management-1024x687.png\" alt=\"Selecting contact form 7 in Translation Management\" class=\"wp-image-15968400\" srcset=\"https:\/\/wpml.org\/wp-content\/uploads\/2024\/07\/Selecting-contact-form-7-in-Translation-Management-1024x687.png 1024w, https:\/\/wpml.org\/wp-content\/uploads\/2024\/07\/Selecting-contact-form-7-in-Translation-Management-300x201.png 300w, https:\/\/wpml.org\/wp-content\/uploads\/2024\/07\/Selecting-contact-form-7-in-Translation-Management-150x101.png 150w, https:\/\/wpml.org\/wp-content\/uploads\/2024\/07\/Selecting-contact-form-7-in-Translation-Management-768x515.png 768w, https:\/\/wpml.org\/wp-content\/uploads\/2024\/07\/Selecting-contact-form-7-in-Translation-Management-1536x1030.png 1536w, https:\/\/wpml.org\/wp-content\/uploads\/2024\/07\/Selecting-contact-form-7-in-Translation-Management.png 1874w\" sizes=\"auto, (max-width: 1024px) 100vw, 1024px\" \/><\/a><figcaption><div class=\"tb-image-caption\">S\u00e9lection d\u2019un formulaire cr\u00e9\u00e9 avec Contact Form 7 dans Gestion de traduction<\/div><\/figcaption><\/figure>\n\n\n\n<ol start=\"3\" class=\"wp-block-list\">\n<li>Choisissez une m\u00e9thode de traduction (nous vous recommandons la <a href=\"https:\/\/wpml.org\/fr\/documentation-6\/traduction-automatique-de-contenu-wordpress-avec-wpml\/\">traduction automatique<\/a> tr\u00e8s pr\u00e9cise de WPML) et cliquez sur <strong>Traduire<\/strong>. <\/li>\n<\/ol>\n\n\n\n<div style=\"height:20px\" aria-hidden=\"true\" class=\"wp-block-spacer\"><\/div>\n\n\n\n<p>Une fois termin\u00e9, vous pouvez consulter vos formulaires traduits en changeant la langue sur votre site. N&rsquo;oubliez pas que vous devez <a href=\"\/?page_id=15451745\">traduire la page<\/a> contenant votre formulaire pour pouvoir changer de langue. <\/p>\n\n\n\n<div class=\"wp-block-toolset-blocks-grid tb-grid\" data-toolset-blocks-grid=\"3d9c399fe625e1b972f817a0680229f6\">\n<div class=\"wp-block-toolset-blocks-grid-column tb-grid-column tb-grid-align-top\" data-toolset-blocks-grid-column=\"3034fbe886c11054e95b46b09d3e4112\">\n<figure class=\"wp-block-image tb-image tb-image-dynamic tb-image-frame-none\" data-toolset-blocks-image=\"457704d123c6279f40846e48d9ccfc2b\"><a href=\"https:\/\/wpml.org\/wp-content\/uploads\/2024\/07\/Contact-form-7-English.png\"><img decoding=\"async\" width=\"1024\" height=\"721\" loading=\"lazy\" src=\"https:\/\/wpml.org\/wp-content\/uploads\/2024\/07\/Contact-form-7-English-1024x721.png\" alt=\"Contact form 7 English\" class=\"wp-image-15968481\" srcset=\"https:\/\/wpml.org\/wp-content\/uploads\/2024\/07\/Contact-form-7-English-1024x721.png 1024w, https:\/\/wpml.org\/wp-content\/uploads\/2024\/07\/Contact-form-7-English-300x211.png 300w, https:\/\/wpml.org\/wp-content\/uploads\/2024\/07\/Contact-form-7-English-150x106.png 150w, https:\/\/wpml.org\/wp-content\/uploads\/2024\/07\/Contact-form-7-English-768x541.png 768w, https:\/\/wpml.org\/wp-content\/uploads\/2024\/07\/Contact-form-7-English-1536x1082.png 1536w, https:\/\/wpml.org\/wp-content\/uploads\/2024\/07\/Contact-form-7-English.png 1579w\" sizes=\"auto, (max-width: 1024px) 100vw, 1024px\" \/><\/a><figcaption><div class=\"tb-image-caption\">Formulaire de contact en anglais<span id=\"docs-internal-guid-4f0606a4-7fff-cc04-2ddd-705c4e04d4ab\"><p><span data-darkreader-inline-color=\"\" data-darkreader-inline-bgcolor=\"\" style=\"font-size: 10pt; font-family: Arial, sans-serif; color: rgb(0, 0, 0); background-color: transparent; font-style: italic; font-variant-numeric: normal; font-variant-east-asian: normal; font-variant-alternates: normal; font-variant-position: normal; vertical-align: baseline; --darkreader-inline-color: #f1efec; --darkreader-inline-bgcolor: transparent;\"><\/span><\/p><\/span><\/div><\/figcaption><\/figure>\n<\/div>\n\n\n\n<div class=\"wp-block-toolset-blocks-grid-column tb-grid-column tb-grid-align-top\" data-toolset-blocks-grid-column=\"3034fbe886c11054e95b46b09d3e4112\">\n<figure class=\"wp-block-image tb-image tb-image-dynamic tb-image-frame-none\" data-toolset-blocks-image=\"cbe4e12fc46bb4334fbdc8d963b6b133\"><a href=\"https:\/\/wpml.org\/wp-content\/uploads\/2024\/07\/Contact-form-7-Spanish-1.png\"><img decoding=\"async\" width=\"1024\" height=\"721\" loading=\"lazy\" src=\"https:\/\/wpml.org\/wp-content\/uploads\/2024\/07\/Contact-form-7-Spanish-1-1024x721.png\" alt=\"Contact form 7 Spanish\" class=\"wp-image-15968513\" srcset=\"https:\/\/wpml.org\/wp-content\/uploads\/2024\/07\/Contact-form-7-Spanish-1-1024x721.png 1024w, https:\/\/wpml.org\/wp-content\/uploads\/2024\/07\/Contact-form-7-Spanish-1-300x211.png 300w, https:\/\/wpml.org\/wp-content\/uploads\/2024\/07\/Contact-form-7-Spanish-1-150x106.png 150w, https:\/\/wpml.org\/wp-content\/uploads\/2024\/07\/Contact-form-7-Spanish-1-768x541.png 768w, https:\/\/wpml.org\/wp-content\/uploads\/2024\/07\/Contact-form-7-Spanish-1-1536x1082.png 1536w, https:\/\/wpml.org\/wp-content\/uploads\/2024\/07\/Contact-form-7-Spanish-1.png 1579w\" sizes=\"auto, (max-width: 1024px) 100vw, 1024px\" \/><\/a><figcaption><div class=\"tb-image-caption\">Formulaire de contact en espagnol<span id=\"docs-internal-guid-7271dc93-7fff-681b-db01-3be843bf6ed7\"><p><span data-darkreader-inline-color=\"\" data-darkreader-inline-bgcolor=\"\" style=\"font-size: 10pt; font-family: Arial, sans-serif; color: rgb(0, 0, 0); background-color: transparent; font-style: italic; font-variant-numeric: normal; font-variant-east-asian: normal; font-variant-alternates: normal; font-variant-position: normal; vertical-align: baseline; --darkreader-inline-color: #f1efec; --darkreader-inline-bgcolor: transparent;\"><\/span><\/p><\/span><\/div><\/figcaption><\/figure>\n<\/div>\n<\/div>\n\n\n\n<h2 class=\"wp-block-heading\" id=\"start-translating-with-wpml\">Commencer \u00e0 traduire avec WPML <\/h2>\n\n\n\n<p>Si vous avez d\u00e9j\u00e0 un compte WPML, vous pouvez t\u00e9l\u00e9charger <strong>WPML Multilingual for CF7<\/strong> (sans frais suppl\u00e9mentaires) depuis la page <a href=\"https:\/\/wpml.org\/fr\/account\/downloads\/#wpforms-multilingual\">T\u00e9l\u00e9chargements<\/a>.<\/p>\n\n\n\n<p>Vous n&rsquo;avez pas WPML ? Visitez notre <a href=\"https:\/\/wpml.org\/fr\/purchase\/\">page de tarification<\/a> pour trouver le plan adapt\u00e9 \u00e0 votre site web.  <\/p>\n<\/div>\n<\/div>\n<\/div><\/div>\n","protected":false},"excerpt":{"rendered":"<p class=\"lead\">Contact Form 7 vous permet de cr\u00e9er, personnaliser et g\u00e9rer des formulaires en front-end pour votre site. Dans ce tutoriel, nous vous fournissons des instructions \u00e9tape par \u00e9tape pour rendre ces formulaires multilingues avec WPML. <\/p>\n","protected":false},"author":538393,"featured_media":0,"parent":105096,"menu_order":21,"comment_status":"closed","ping_status":"closed","template":"template-full-with-popup-generic.php","meta":{"_bbp_topic_count":0,"_bbp_reply_count":0,"_bbp_total_topic_count":0,"_bbp_total_reply_count":0,"_bbp_voice_count":0,"_bbp_anonymous_reply_count":0,"_bbp_topic_count_hidden":0,"_bbp_reply_count_hidden":0,"_bbp_forum_subforum_count":0,"ep_exclude_from_search":false,"footnotes":""},"related-projects-category":[27810],"class_list":["post-15235972","page","type-page","status-publish","hentry","related-projects-category-forms-fr"],"_links":{"self":[{"href":"https:\/\/wpml.org\/fr\/wp-json\/wp\/v2\/pages\/15235972","targetHints":{"allow":["GET"]}}],"collection":[{"href":"https:\/\/wpml.org\/fr\/wp-json\/wp\/v2\/pages"}],"about":[{"href":"https:\/\/wpml.org\/fr\/wp-json\/wp\/v2\/types\/page"}],"author":[{"embeddable":true,"href":"https:\/\/wpml.org\/fr\/wp-json\/wp\/v2\/users\/538393"}],"replies":[{"embeddable":true,"href":"https:\/\/wpml.org\/fr\/wp-json\/wp\/v2\/comments?post=15235972"}],"version-history":[{"count":8,"href":"https:\/\/wpml.org\/fr\/wp-json\/wp\/v2\/pages\/15235972\/revisions"}],"predecessor-version":[{"id":17854709,"href":"https:\/\/wpml.org\/fr\/wp-json\/wp\/v2\/pages\/15235972\/revisions\/17854709"}],"up":[{"embeddable":true,"href":"https:\/\/wpml.org\/fr\/wp-json\/wp\/v2\/pages\/105096"}],"wp:attachment":[{"href":"https:\/\/wpml.org\/fr\/wp-json\/wp\/v2\/media?parent=15235972"}],"wp:term":[{"taxonomy":"related-projects-category","embeddable":true,"href":"https:\/\/wpml.org\/fr\/wp-json\/wp\/v2\/related-projects-category?post=15235972"}],"curies":[{"name":"wp","href":"https:\/\/api.w.org\/{rel}","templated":true}]}}