{"id":1525756,"date":"2018-02-22T07:27:08","date_gmt":"2018-02-22T07:27:08","guid":{"rendered":"https:\/\/wpml.org\/account\/gestion-des-bulletins-dinformation\/"},"modified":"2024-06-06T14:34:44","modified_gmt":"2024-06-06T14:34:44","slug":"gestion-des-bulletins-dinformation","status":"publish","type":"page","link":"https:\/\/wpml.org\/fr\/account\/gestion-des-bulletins-dinformation\/","title":{"rendered":"Gestion du bulletin d&rsquo;information"},"content":{"rendered":"","protected":false},"excerpt":{"rendered":"","protected":false},"author":64191,"featured_media":0,"parent":217049,"menu_order":27,"comment_status":"closed","ping_status":"closed","template":"page-newsletter-management.php","meta":{"_bbp_topic_count":0,"_bbp_reply_count":0,"_bbp_total_topic_count":0,"_bbp_total_reply_count":0,"_bbp_voice_count":0,"_bbp_anonymous_reply_count":0,"_bbp_topic_count_hidden":0,"_bbp_reply_count_hidden":0,"_bbp_forum_subforum_count":0,"_uag_custom_page_level_css":"","ep_exclude_from_search":false,"footnotes":""},"related-projects-category":[],"class_list":["post-1525756","page","type-page","status-publish","hentry"],"spectra_custom_meta":{"ratings_users":["0"],"ratings_score":["0"],"ratings_average":["0"],"inline_featured_image":["0"],"_alp_processed":["1717684484"],"_views_template":["0"],"_wp_page_template":["page-newsletter-management.php"],"_wpml_word_count":["{\"total\":9,\"to_translate\":{\"ar\":9,\"zh-hans\":9,\"en\":9,\"de\":9,\"he\":9,\"it\":9,\"ja\":9,\"pt-br\":9,\"ru\":9,\"es\":9}}"],"_wpml_media_featured":["1"],"_wpml_media_duplicate":["0"],"_subscription_coupon_product_id":["0"],"_last_translation_edit_mode":["translation-editor"],"_top_nav_excluded":[""],"_cms_nav_minihome":[""],"wpcf-login-box-title":["R\u00e9glez les param\u00e8tres de votre newsletter WPML"],"wpcf-page-content":["<div class=\"row justify-content-center\">\n<div class=\"col-md-10\">\nCette Page vous permet de modifier les param\u00e8tres pour recevoir des informations sur les versions de WPML, les conseils de nos experts, les derni\u00e8res nouvelles, et plus encore. Vous pouvez facilement s\u00e9lectionner les mises \u00e0 jour que vous souhaitez recevoir.\n<\/div>\n<\/div>"],"_uag_css_file_name":["uag-css-1525756.css"],"_uag_page_assets":["a:9:{s:3:\"css\";s:260:\".uag-blocks-common-selector{z-index:var(--z-index-desktop) !important}@media(max-width: 976px){.uag-blocks-common-selector{z-index:var(--z-index-tablet) !important}}@media(max-width: 767px){.uag-blocks-common-selector{z-index:var(--z-index-mobile) !important}}\";s:2:\"js\";s:0:\"\";s:18:\"current_block_list\";a:1:{i:0;s:14:\"core\/shortcode\";}s:8:\"uag_flag\";b:0;s:11:\"uag_version\";s:10:\"1778517169\";s:6:\"gfonts\";a:0:{}s:10:\"gfonts_url\";s:0:\"\";s:12:\"gfonts_files\";a:0:{}s:14:\"uag_faq_layout\";b:0;}"]},"uagb_featured_image_src":{"full":false,"thumbnail":false,"medium":false,"medium_large":false,"large":false,"1536x1536":false,"2048x2048":false,"gform-image-choice-sm":false,"gform-image-choice-md":false,"gform-image-choice-lg":false,"woocommerce_thumbnail":false,"woocommerce_single":false,"woocommerce_gallery_thumbnail":false},"uagb_author_info":{"display_name":"Ana","author_link":"https:\/\/wpml.org\/fr\/author\/ana-c\/"},"uagb_comment_info":0,"uagb_excerpt":null,"_links":{"self":[{"href":"https:\/\/wpml.org\/fr\/wp-json\/wp\/v2\/pages\/1525756","targetHints":{"allow":["GET"]}}],"collection":[{"href":"https:\/\/wpml.org\/fr\/wp-json\/wp\/v2\/pages"}],"about":[{"href":"https:\/\/wpml.org\/fr\/wp-json\/wp\/v2\/types\/page"}],"author":[{"embeddable":true,"href":"https:\/\/wpml.org\/fr\/wp-json\/wp\/v2\/users\/64191"}],"replies":[{"embeddable":true,"href":"https:\/\/wpml.org\/fr\/wp-json\/wp\/v2\/comments?post=1525756"}],"version-history":[{"count":1,"href":"https:\/\/wpml.org\/fr\/wp-json\/wp\/v2\/pages\/1525756\/revisions"}],"predecessor-version":[{"id":15712071,"href":"https:\/\/wpml.org\/fr\/wp-json\/wp\/v2\/pages\/1525756\/revisions\/15712071"}],"up":[{"embeddable":true,"href":"https:\/\/wpml.org\/fr\/wp-json\/wp\/v2\/pages\/217049"}],"wp:attachment":[{"href":"https:\/\/wpml.org\/fr\/wp-json\/wp\/v2\/media?parent=1525756"}],"wp:term":[{"taxonomy":"related-projects-category","embeddable":true,"href":"https:\/\/wpml.org\/fr\/wp-json\/wp\/v2\/related-projects-category?post=1525756"}],"curies":[{"name":"wp","href":"https:\/\/api.w.org\/{rel}","templated":true}]}}