{"id":15274393,"date":"2019-04-26T07:57:10","date_gmt":"2019-04-26T07:57:10","guid":{"rendered":"https:\/\/wpml.org\/purchase\/comment-modifier-votre-moyen-de-paiement\/"},"modified":"2026-03-04T07:46:10","modified_gmt":"2026-03-04T07:46:10","slug":"comment-modifier-votre-moyen-de-paiement","status":"publish","type":"page","link":"https:\/\/wpml.org\/fr\/purchase\/comment-modifier-votre-moyen-de-paiement\/","title":{"rendered":"Comment modifier votre m\u00e9thode de paiement dans WPML"},"content":{"rendered":"\n<p class=\"lead\">Vous pouvez modifier votre mode de paiement pour les forfaits WPML dans votre zone Compte WPML, et pour la traduction automatique dans l\u2019onglet Paiements et maintenance de l\u2019administration WordPress.<\/p>\n\n<p>Il existe deux types de paiements dans WPML :  <\/p>\n\n<ul class=\"wp-block-list\">\n<li>Forfaits WPML (par ex., WPML Multilingual CMS)<\/li>\n\n\n\n<li>Traduction automatique (Paiement \u00e0 l\u2019utilisation)  <\/li>\n<\/ul>\n\n<p>Chaque option suit un processus diff\u00e9rent pour la modification des modes de paiement.<\/p>\n\n<h2 class=\"wp-block-heading\" id=\"wpml-plans\">Modifier le mode de paiement des forfaits WPML<\/h2>\n\n<p>Pour modifier le mode de paiement de votre forfait WPML :<\/p>\n\n<ol class=\"wp-block-list\">\n<li>Connectez-vous \u00e0 votre <a href=\"https:\/\/wpml.org\/fr\/account\/\">Compte WPML<\/a>.<\/li>\n\n\n\n<li>Sous la section <strong>Compte et paiements<\/strong>, cliquez sur <strong>Modifier vos options de renouvellement<\/strong>.<\/li>\n<\/ol>\n\n<figure class=\"wp-block-image tb-image tb-image-dynamic tb-image-frame-none\" data-toolset-blocks-image=\"ef228ae186bc0623f5df4ade9a64e81b\"><a href=\"https:\/\/wpml.org\/wp-content\/uploads\/2026\/01\/wpml-modify-renewal-options.png\"><img decoding=\"async\" width=\"1024\" height=\"705\" loading=\"lazy\" src=\"https:\/\/wpml.org\/wp-content\/uploads\/2026\/01\/wpml-modify-renewal-options-1024x705.png\" alt=\"\" class=\"wp-image-17725408\" srcset=\"https:\/\/wpml.org\/wp-content\/uploads\/2026\/01\/wpml-modify-renewal-options-1024x705.png 1024w, https:\/\/wpml.org\/wp-content\/uploads\/2026\/01\/wpml-modify-renewal-options-300x207.png 300w, https:\/\/wpml.org\/wp-content\/uploads\/2026\/01\/wpml-modify-renewal-options-150x103.png 150w, https:\/\/wpml.org\/wp-content\/uploads\/2026\/01\/wpml-modify-renewal-options-768x529.png 768w, https:\/\/wpml.org\/wp-content\/uploads\/2026\/01\/wpml-modify-renewal-options-1536x1058.png 1536w, https:\/\/wpml.org\/wp-content\/uploads\/2026\/01\/wpml-modify-renewal-options-2048x1410.png 2048w\" sizes=\"auto, (max-width: 1024px) 100vw, 1024px\" \/><\/a><figcaption><div class=\"tb-image-caption\">En cliquant sur le lien Modifier vos options de renouvellement  <\/div><\/figcaption><\/figure>\n\n<ol start=\"3\" class=\"wp-block-list\">\n<li>Cliquez sur <strong>Changer de mode de paiement<\/strong> et saisissez une nouvelle option de paiement.<\/li>\n<\/ol>\n\n<figure class=\"wp-block-image tb-image tb-image-dynamic tb-image-frame-none\" data-toolset-blocks-image=\"0eaf22585d1d16c64ba52ed41d797931\"><a href=\"https:\/\/wpml.org\/wp-content\/uploads\/2026\/01\/wpml-change-payment-method.png\"><img decoding=\"async\" width=\"1024\" height=\"600\" loading=\"lazy\" src=\"https:\/\/wpml.org\/wp-content\/uploads\/2026\/01\/wpml-change-payment-method-1024x600.png\" alt=\"\" class=\"wp-image-17725361\" srcset=\"https:\/\/wpml.org\/wp-content\/uploads\/2026\/01\/wpml-change-payment-method-1024x600.png 1024w, https:\/\/wpml.org\/wp-content\/uploads\/2026\/01\/wpml-change-payment-method-300x176.png 300w, https:\/\/wpml.org\/wp-content\/uploads\/2026\/01\/wpml-change-payment-method-150x88.png 150w, https:\/\/wpml.org\/wp-content\/uploads\/2026\/01\/wpml-change-payment-method-768x450.png 768w, https:\/\/wpml.org\/wp-content\/uploads\/2026\/01\/wpml-change-payment-method-1536x900.png 1536w, https:\/\/wpml.org\/wp-content\/uploads\/2026\/01\/wpml-change-payment-method-2048x1200.png 2048w\" sizes=\"auto, (max-width: 1024px) 100vw, 1024px\" \/><\/a><figcaption><div class=\"tb-image-caption\">Modification du mode de paiement pour WPML<\/div><\/figcaption><\/figure>\n\n<p>Votre abonnement utilisera d\u00e9sormais le nouveau mode de paiement lors du renouvellement de votre forfait WPML.  <\/p>\n\n<h2 class=\"wp-block-heading\" id=\"automatic-translation\">Modifier le mode de paiement de la traduction automatique<\/h2>\n\n<p>Pour modifier le mode de paiement de la traduction automatique :<\/p>\n\n<ol class=\"wp-block-list\">\n<li>Connectez-vous \u00e0 votre administration WordPress.<\/li>\n\n\n\n<li>Allez dans <strong>WPML<\/strong> \u2192 <strong>tableau de bord des traductions<\/strong>.<\/li>\n\n\n\n<li>Passez \u00e0 l\u2019onglet <strong>Paiements et maintenance<\/strong>.<\/li>\n\n\n\n<li>Cliquez sur <strong>Modifier<\/strong> sous <strong>D\u00e9tails du paiement<\/strong> et saisissez un nouveau mode de paiement.<\/li>\n<\/ol>\n\n<figure class=\"wp-block-image tb-image tb-image-dynamic tb-image-frame-none\" data-toolset-blocks-image=\"716201e12c5e53a460440996f9105f57\"><a href=\"https:\/\/wpml.org\/wp-content\/uploads\/2026\/02\/Changing-payment-method-for-automatic-translation.png\"><img decoding=\"async\" width=\"1024\" height=\"634\" loading=\"lazy\" src=\"https:\/\/wpml.org\/wp-content\/uploads\/2026\/02\/Changing-payment-method-for-automatic-translation-1024x634.png\" alt=\"Changing payment method for automatic translation\" class=\"wp-image-17860778\" srcset=\"https:\/\/wpml.org\/wp-content\/uploads\/2026\/02\/Changing-payment-method-for-automatic-translation-1024x634.png 1024w, https:\/\/wpml.org\/wp-content\/uploads\/2026\/02\/Changing-payment-method-for-automatic-translation-300x186.png 300w, https:\/\/wpml.org\/wp-content\/uploads\/2026\/02\/Changing-payment-method-for-automatic-translation-150x93.png 150w, https:\/\/wpml.org\/wp-content\/uploads\/2026\/02\/Changing-payment-method-for-automatic-translation-768x476.png 768w, https:\/\/wpml.org\/wp-content\/uploads\/2026\/02\/Changing-payment-method-for-automatic-translation-1536x951.png 1536w, https:\/\/wpml.org\/wp-content\/uploads\/2026\/02\/Changing-payment-method-for-automatic-translation.png 1600w\" sizes=\"auto, (max-width: 1024px) 100vw, 1024px\" \/><\/a><figcaption><div class=\"tb-image-caption\">Modifier le mode de paiement de la traduction automatique<\/div><\/figcaption><\/figure>\n\n<p>WPML utilisera d\u00e9sormais votre nouveau mode de paiement lors de l\u2019utilisation de cr\u00e9dits de Paiement \u00e0 l\u2019utilisation.<\/p>\n\n<h2 class=\"wp-block-heading\" id=\"expired-accounts\">Modifier le mode de paiement pour les comptes expir\u00e9s<\/h2>\n\n<p>Si votre forfait WPML a expir\u00e9 en raison d\u2019un \u00e9chec de paiement, vous devez mettre \u00e0 jour votre mode de paiement :<\/p>\n\n<ol class=\"wp-block-list\">\n<li>Connectez-vous \u00e0 votre <a href=\"https:\/\/wpml.org\/fr\/account\/\">Compte WPML<\/a>.<\/li>\n\n\n\n<li>Cliquez sur le bouton <strong>Renouveler votre compte<\/strong>.<\/li>\n\n\n\n<li>Sur la page de paiement, cliquez sur le lien <strong>Utiliser un autre moyen de paiement<\/strong>. <\/li>\n<\/ol>\n\n<figure class=\"wp-block-image tb-image tb-image-dynamic tb-image-frame-none\" data-toolset-blocks-image=\"bf0b909e5ec2664944143c0537d46e9c\"><a href=\"https:\/\/wpml.org\/wp-content\/uploads\/2026\/03\/Use-a-different-payment-method-button.png\"><img decoding=\"async\" width=\"1024\" height=\"636\" loading=\"lazy\" src=\"https:\/\/wpml.org\/wp-content\/uploads\/2026\/03\/Use-a-different-payment-method-button-1024x636.png\" alt=\"Use a different payment method button\" class=\"wp-image-17869696\" srcset=\"https:\/\/wpml.org\/wp-content\/uploads\/2026\/03\/Use-a-different-payment-method-button-1024x636.png 1024w, https:\/\/wpml.org\/wp-content\/uploads\/2026\/03\/Use-a-different-payment-method-button-300x186.png 300w, https:\/\/wpml.org\/wp-content\/uploads\/2026\/03\/Use-a-different-payment-method-button-150x93.png 150w, https:\/\/wpml.org\/wp-content\/uploads\/2026\/03\/Use-a-different-payment-method-button-768x477.png 768w, https:\/\/wpml.org\/wp-content\/uploads\/2026\/03\/Use-a-different-payment-method-button.png 1385w\" sizes=\"auto, (max-width: 1024px) 100vw, 1024px\" \/><\/a><figcaption><div class=\"tb-image-caption\">Lien Utiliser un autre moyen de paiement<\/div><\/figcaption><\/figure>\n\n<ol start=\"4\" class=\"wp-block-list\">\n<li>Dans la fen\u00eatre contextuelle qui s&rsquo;ouvre, s\u00e9lectionnez l&rsquo;option <strong>Payer par carte de cr\u00e9dit<\/strong>.<\/li>\n\n\n\n<li>Finalisez le paiement avec votre nouvelle carte.<\/li>\n<\/ol>\n\n<h2 class=\"wp-block-heading\" id=\"update-billing-details\">Comment mettre \u00e0 jour les informations de facturation<\/h2>\n\n<p>Tout comme les modes de paiement, les informations de facturation sont \u00e9galement g\u00e9r\u00e9es s\u00e9par\u00e9ment pour les forfaits WPML et les factures de traduction automatique.  <\/p>\n\n<h3 class=\"wp-block-heading\">Mettre \u00e0 jour les informations de facturation pour les forfaits WPML<\/h3>\n\n<p>Pour mettre \u00e0 jour les informations de facturation sur les factures des forfaits WPML :  <\/p>\n\n<ol class=\"wp-block-list\">\n<li>Connectez-vous \u00e0 votre <a href=\"https:\/\/wpml.org\/fr\/account\/\">Compte WPML<\/a>.  <\/li>\n\n\n\n<li>Sous <strong>Compte et paiements<\/strong>, cliquez sur <strong>Informations personnelles et mot de passe<\/strong>.  <\/li>\n\n\n\n<li>Mettez \u00e0 jour vos informations de facturation et enregistrez.  <\/li>\n<\/ol>\n\n<h3 class=\"wp-block-heading\">Mettre \u00e0 jour les informations de facturation pour la traduction automatique<\/h3>\n\n<p>Pour mettre \u00e0 jour les informations de facturation pour les factures de traduction automatique :  <\/p>\n\n<ol class=\"wp-block-list\">\n<li>Allez dans <strong>WPML<\/strong> \u2192 <strong>tableau de bord des traductions<\/strong>.<\/li>\n\n\n\n<li>Passez \u00e0 l\u2019onglet <strong>Paiements et maintenance<\/strong>.<\/li>\n\n\n\n<li>Cliquez sur <strong>Modifier<\/strong> dans le bloc <strong>Coordonn\u00e9es de l\u2019entreprise<\/strong>.<\/li>\n\n\n\n<li>Mettez \u00e0 jour vos informations de facturation et enregistrez.  <\/li>\n<\/ol>\n\n<div class=\"wp-block-toolset-blocks-container tb-container\" data-toolset-blocks-container=\"f908b134276ba3432b0b77744504af0a\">\n<div class=\"wp-block-toolset-blocks-grid tb-grid\" data-toolset-blocks-grid=\"37d19417981b1b97920df56c088840a6\">\n<div class=\"wp-block-toolset-blocks-grid-column tb-grid-column tb-grid-align-top\" data-toolset-blocks-grid-column=\"3034fbe886c11054e95b46b09d3e4112\">\n<div class=\"wp-block-toolset-blocks-container tb-container\" data-toolset-blocks-container=\"cc43e498a8e72566120af9f4b6101de7\"><\/div>\n<\/div>\n\n\n\n<div class=\"wp-block-toolset-blocks-grid-column tb-grid-column tb-grid-align-top\" data-toolset-blocks-grid-column=\"3034fbe886c11054e95b46b09d3e4112\">\n<p class=\"tb-heading\" data-toolset-blocks-heading=\"5f70829b5533bc42f59006f0ef3ef21a\" data-last-update=\"1.4\"><strong>Important\u00a0:<\/strong> Les modifications apport\u00e9es \u00e0 vos informations de facturation s\u2019appliquent uniquement aux factures futures.<\/p>\n\n\n\n<p class=\"tb-heading\" data-toolset-blocks-heading=\"a2008aa16950a8d790fdc66dc574eeb8\" data-last-update=\"1.4\">Si vous devez mettre \u00e0 jour une facture d\u00e9j\u00e0 \u00e9mise, vous devrez demander un remboursement pour la commande initiale et la passer \u00e0 nouveau avec vos informations mises \u00e0 jour. En savoir plus sur la <a href=\"https:\/\/wpml.org\/fr\/faq\/comment-puis-je-obtenir-une-facture-de-taxe-wpml-et-mettre-a-jour-mes-informations-de-facturation\/#can-i-update-billing-information-for-an-invoice-thats-already-been-issued\">mise \u00e0 jour des factures \u00e9mises<\/a>. <\/p>\n<\/div>\n<\/div>\n<\/div>\n","protected":false},"excerpt":{"rendered":"<p>Vous pouvez modifier votre mode de paiement pour les forfaits WPML dans votre zone Compte WPML, et pour la traduction automatique dans l\u2019onglet Paiements et maintenance de l\u2019administration WordPress. Il existe deux types de paiements dans WPML : Chaque option suit un processus diff\u00e9rent pour la modification des modes de paiement. Modifier le mode de [&hellip;]<\/p>\n","protected":false},"author":76577,"featured_media":0,"parent":100635,"menu_order":39,"comment_status":"closed","ping_status":"closed","template":"template-sidebar-2.php","meta":{"_bbp_topic_count":0,"_bbp_reply_count":0,"_bbp_total_topic_count":0,"_bbp_total_reply_count":0,"_bbp_voice_count":0,"_bbp_anonymous_reply_count":0,"_bbp_topic_count_hidden":0,"_bbp_reply_count_hidden":0,"_bbp_forum_subforum_count":0,"ep_exclude_from_search":false,"footnotes":""},"related-projects-category":[],"class_list":["post-15274393","page","type-page","status-publish","hentry"],"_links":{"self":[{"href":"https:\/\/wpml.org\/fr\/wp-json\/wp\/v2\/pages\/15274393","targetHints":{"allow":["GET"]}}],"collection":[{"href":"https:\/\/wpml.org\/fr\/wp-json\/wp\/v2\/pages"}],"about":[{"href":"https:\/\/wpml.org\/fr\/wp-json\/wp\/v2\/types\/page"}],"author":[{"embeddable":true,"href":"https:\/\/wpml.org\/fr\/wp-json\/wp\/v2\/users\/76577"}],"replies":[{"embeddable":true,"href":"https:\/\/wpml.org\/fr\/wp-json\/wp\/v2\/comments?post=15274393"}],"version-history":[{"count":8,"href":"https:\/\/wpml.org\/fr\/wp-json\/wp\/v2\/pages\/15274393\/revisions"}],"predecessor-version":[{"id":17870785,"href":"https:\/\/wpml.org\/fr\/wp-json\/wp\/v2\/pages\/15274393\/revisions\/17870785"}],"up":[{"embeddable":true,"href":"https:\/\/wpml.org\/fr\/wp-json\/wp\/v2\/pages\/100635"}],"wp:attachment":[{"href":"https:\/\/wpml.org\/fr\/wp-json\/wp\/v2\/media?parent=15274393"}],"wp:term":[{"taxonomy":"related-projects-category","embeddable":true,"href":"https:\/\/wpml.org\/fr\/wp-json\/wp\/v2\/related-projects-category?post=15274393"}],"curies":[{"name":"wp","href":"https:\/\/api.w.org\/{rel}","templated":true}]}}