{"id":15648766,"date":"2024-05-21T08:32:02","date_gmt":"2024-05-21T08:32:02","guid":{"rendered":"https:\/\/wpml.org\/documentation-6\/guide-de-demarrage-rapide\/configuration-de-la-langue\/comment-ajouter-des-langues-dans-wpml\/"},"modified":"2024-05-24T08:15:53","modified_gmt":"2024-05-24T08:15:53","slug":"comment-ajouter-des-langues-dans-wpml","status":"publish","type":"page","link":"https:\/\/wpml.org\/fr\/documentation-6\/guide-de-demarrage-rapide\/configuration-de-la-langue\/comment-ajouter-des-langues-dans-wpml\/","title":{"rendered":"Comment ajouter des langues dans WPML"},"content":{"rendered":"\n<p class=\"lead\">WPML vous permet d&rsquo;ajouter d&rsquo;autres langues \u00e0 votre site web \u00e0 tout moment. D\u00e9couvrez comment ajouter des langues pr\u00e9configur\u00e9es ou votre propre langue personnalis\u00e9e.  <\/p>\n\n<p>Par d\u00e9faut, WPML est livr\u00e9 avec <a href=\"https:\/\/wpml.org\/fr\/documentation-6\/guide-de-demarrage-rapide\/configuration-de-la-langue\/langues-preconfigurees\/\">65 langues pr\u00e9configur\u00e9es<\/a>. Il s&rsquo;agit de langues populaires comme l&rsquo;espagnol, le fran\u00e7ais et l&rsquo;allemand, ainsi que de langues plus particuli\u00e8res comme le chinois, le japonais et l&rsquo;arabe.  <\/p>\n\n<p>Si vous souhaitez ajouter une langue qui n&rsquo;est pas disponible par d\u00e9faut dans WPML, vous pouvez cr\u00e9er une langue personnalis\u00e9e.  <\/p>\n\n<h2 class=\"wp-block-heading\">Ajouter des langues pr\u00e9-configur\u00e9es<\/h2>\n\n<p>Pour ajouter des langues pr\u00e9configur\u00e9es dans WPML :  <\/p>\n\n<ol class=\"wp-block-list\">\n<li>Allez \u00e0 <strong>WPML<\/strong> \u2192 <strong>Langues<\/strong>.  <\/li>\n\n\n\n<li>Sous <strong>Langues du site<\/strong>, cliquez sur <strong>Ajouter \/ Supprimer des langues<\/strong>.  <\/li>\n\n\n\n<li>S\u00e9lectionnez les langues que vous souhaitez ajouter et enregistrez.<\/li>\n<\/ol>\n\n<h2 class=\"wp-block-heading\">Ajouter des langues personnalis\u00e9es<\/h2>\n\n<p>Pour ajouter des langues personnalis\u00e9es dans WPML :  <\/p>\n\n<ol class=\"wp-block-list\">\n<li>Allez \u00e0 <strong>WPML <\/strong>\u2192 <strong>Langues<\/strong>.  <\/li>\n\n\n\n<li>Sous <strong>Langues du site<\/strong>, cliquez sur <strong>Modifier les langues<\/strong>.  <\/li>\n\n\n\n<li>Faites d\u00e9filer vers le bas et cliquez sur <strong>Ajouter une langue<\/strong>.<\/li>\n\n\n\n<li>Entrez les d\u00e9tails de votre langue personnalis\u00e9e et sauvegardez.<\/li>\n<\/ol>\n\n<figure class=\"wp-block-image tb-image tb-image-dynamic tb-image-frame-none\" data-toolset-blocks-image=\"7ce363cda8ba7114471d6371f3e83b28\"><a href=\"https:\/\/wpml.org\/wp-content\/uploads\/2024\/05\/Adding-custom-language.png\"><img decoding=\"async\" width=\"1024\" height=\"572\" loading=\"lazy\" src=\"https:\/\/wpml.org\/wp-content\/uploads\/2024\/05\/Adding-custom-language-1024x572.png\" alt=\"Adding custom languages in WPML\" class=\"wp-image-15633943\" srcset=\"https:\/\/wpml.org\/wp-content\/uploads\/2024\/05\/Adding-custom-language-1024x572.png 1024w, https:\/\/wpml.org\/wp-content\/uploads\/2024\/05\/Adding-custom-language-300x168.png 300w, https:\/\/wpml.org\/wp-content\/uploads\/2024\/05\/Adding-custom-language-150x84.png 150w, https:\/\/wpml.org\/wp-content\/uploads\/2024\/05\/Adding-custom-language-768x429.png 768w, https:\/\/wpml.org\/wp-content\/uploads\/2024\/05\/Adding-custom-language-1536x858.png 1536w, https:\/\/wpml.org\/wp-content\/uploads\/2024\/05\/Adding-custom-language.png 1885w\" sizes=\"auto, (max-width: 1024px) 100vw, 1024px\" \/><\/a><figcaption><div class=\"tb-image-caption\">Ajouter des langues personnalis\u00e9es dans WPML<\/div><\/figcaption><\/figure>\n\n<h2 class=\"wp-block-heading\">Traduction Automatique pour les langues personnalis\u00e9es<\/h2>\n\n<p>Bien que les moteurs de traduction prennent en charge de nombreuses langues et dialectes, certaines langues personnalis\u00e9es peuvent ne pas \u00eatre disponibles. Dans ce cas, deux possibilit\u00e9s s&rsquo;offrent \u00e0 vous :  <\/p>\n\n<ul class=\"wp-block-list\">\n<li>Traduisez vous-m\u00eame manuellement<\/li>\n\n\n\n<li>Traduction Automatique vers une langue similaire<\/li>\n<\/ul>\n\n<p>Par exemple, supposons que vous ayez cr\u00e9\u00e9 une langue personnalis\u00e9e appel\u00e9e suisse-allemand. Comme il est similaire \u00e0 l&rsquo;allemand, vous pouvez d&rsquo;abord traduire automatiquement votre contenu en allemand, puis modifier les traductions pour refl\u00e9ter les nuances locales suisses.  <\/p>\n\n<p>Vous pouvez sp\u00e9cifier la langue vers laquelle WPML doit automatiquement traduire dans la colonne <strong>Mappage de la langue<\/strong>.  <\/p>\n","protected":false},"excerpt":{"rendered":"<p>WPML vous permet d&rsquo;ajouter d&rsquo;autres langues \u00e0 votre site web \u00e0 tout moment. D\u00e9couvrez comment ajouter des langues pr\u00e9configur\u00e9es ou votre propre langue personnalis\u00e9e. Par d\u00e9faut, WPML est livr\u00e9 avec 65 langues pr\u00e9configur\u00e9es. Il s&rsquo;agit de langues populaires comme l&rsquo;espagnol, le fran\u00e7ais et l&rsquo;allemand, ainsi que de langues plus particuli\u00e8res comme le chinois, le japonais [&hellip;]<\/p>\n","protected":false},"author":2,"featured_media":0,"parent":103380,"menu_order":28,"comment_status":"closed","ping_status":"closed","template":"","meta":{"_bbp_topic_count":0,"_bbp_reply_count":0,"_bbp_total_topic_count":0,"_bbp_total_reply_count":0,"_bbp_voice_count":0,"_bbp_anonymous_reply_count":0,"_bbp_topic_count_hidden":0,"_bbp_reply_count_hidden":0,"_bbp_forum_subforum_count":0,"ep_exclude_from_search":false,"footnotes":""},"related-projects-category":[],"class_list":["post-15648766","page","type-page","status-publish","hentry"],"_links":{"self":[{"href":"https:\/\/wpml.org\/fr\/wp-json\/wp\/v2\/pages\/15648766","targetHints":{"allow":["GET"]}}],"collection":[{"href":"https:\/\/wpml.org\/fr\/wp-json\/wp\/v2\/pages"}],"about":[{"href":"https:\/\/wpml.org\/fr\/wp-json\/wp\/v2\/types\/page"}],"author":[{"embeddable":true,"href":"https:\/\/wpml.org\/fr\/wp-json\/wp\/v2\/users\/2"}],"replies":[{"embeddable":true,"href":"https:\/\/wpml.org\/fr\/wp-json\/wp\/v2\/comments?post=15648766"}],"version-history":[{"count":4,"href":"https:\/\/wpml.org\/fr\/wp-json\/wp\/v2\/pages\/15648766\/revisions"}],"predecessor-version":[{"id":15666096,"href":"https:\/\/wpml.org\/fr\/wp-json\/wp\/v2\/pages\/15648766\/revisions\/15666096"}],"up":[{"embeddable":true,"href":"https:\/\/wpml.org\/fr\/wp-json\/wp\/v2\/pages\/103380"}],"wp:attachment":[{"href":"https:\/\/wpml.org\/fr\/wp-json\/wp\/v2\/media?parent=15648766"}],"wp:term":[{"taxonomy":"related-projects-category","embeddable":true,"href":"https:\/\/wpml.org\/fr\/wp-json\/wp\/v2\/related-projects-category?post=15648766"}],"curies":[{"name":"wp","href":"https:\/\/api.w.org\/{rel}","templated":true}]}}