{"id":15653716,"date":"2024-05-22T06:37:48","date_gmt":"2024-05-22T06:37:48","guid":{"rendered":"https:\/\/wpml.org\/comment-la-redirection-de-la-langue-du-navigateur-affecte-lindexation-de-google\/"},"modified":"2024-05-24T08:25:38","modified_gmt":"2024-05-24T08:25:38","slug":"comment-la-redirection-de-la-langue-du-navigateur-affecte-lindexation-de-google","status":"publish","type":"page","link":"https:\/\/wpml.org\/fr\/comment-la-redirection-de-la-langue-du-navigateur-affecte-lindexation-de-google\/","title":{"rendered":"Comment la redirection de la langue du navigateur affecte l&rsquo;indexation par Google"},"content":{"rendered":"<p>Depuis 2015, Google comprend la <a href=\"https:\/\/wpml.org\/documentation\/getting-started-guide\/language-setup\/automatic-redirect-based-on-browser-language\/\">redirection du langage du navigateur<\/a> et l&rsquo;interpr\u00e8te comme une redirection vers une autre URL. Google peut indexer votre site \u00e0 partir de plusieurs adresses IP et r\u00e9soudre les r\u00e8gles de redirection linguistique, mais il n&rsquo;y a aucune garantie quant \u00e0 l&rsquo;impact de cette redirection sur l&rsquo;indexation de votre site. Cela est li\u00e9 au fonctionnement de Google et non \u00e0 la mani\u00e8re dont la redirection linguistique est mise en \u0153uvre dans WPML. Si vous voyez les \u00ab\u00a0mauvaises\u00a0\u00bb langues dans l&rsquo;index de Google, envisagez de d\u00e9sactiver la redirection linguistique du navigateur.<\/p>\n<h2>Questions fr\u00e9quemment pos\u00e9es<\/h2>\n<h3>Q : Puis-je demander \u00e0 Google de ne pas suivre ces redirections ?<\/h3>\n<p><strong>R :<\/strong> Ne faites pas cela. Google est tr\u00e8s coh\u00e9rent dans ses instructions concernant l&rsquo;indexation. Vous devez permettre \u00e0 GoogleBot d&rsquo;indexer votre site exactement comme le voient les visiteurs. \u00c9vitez ce que Google appelle les <a href=\"https:\/\/support.google.com\/webmasters\/answer\/2721217?hl=en&amp;ref_topic=6001971\">redirections sournoises<\/a>.<\/p>\n<h3>Q : Quels sont les dommages caus\u00e9s par une mauvaise interpr\u00e9tation par Google des redirections de la langue du navigateur ?<\/h3>\n<p><strong>R :<\/strong> Il est impossible de le savoir, car personne ne conna\u00eet exactement la r\u00e9action de Google. Vous devriez utiliser <a href=\"https:\/\/www.google.com\/webmasters\/\">Google Webmaster Tools<\/a> pour voir comment Google a index\u00e9 votre site. Si vous soup\u00e7onnez que votre Contenu est index\u00e9 dans la mauvaise langue, il est judicieux de d\u00e9sactiver la redirection du navigateur. Google met fr\u00e9quemment \u00e0 jour ses algorithmes d&rsquo;exploration et d&rsquo;indexation. Ce qui fonctionne aujourd&rsquo;hui peut ne pas fonctionner plus tard et ce qui \u00e9choue aujourd&rsquo;hui peut fonctionner \u00e0 l&rsquo;avenir. Dans tous les cas, il est bon de relire p\u00e9riodiquement l&rsquo;\u00e9tat de votre index et de r\u00e9pondre aux alertes provenant des Outils pour les webmasters de Google.<\/p>\n<h3>Q : Je veux offrir le \u00ab\u00a0bon\u00a0\u00bb Contenu \u00e0 mes visiteurs. Y a-t-il de bonnes alternatives \u00e0 la redirection de la langue du navigateur ?<\/h3>\n<p>Placer un s\u00e9lecteur de langue, avec des drapeaux et des noms de langue maternelle, en bonne place sur vos pages est le meilleur moyen de montrer aux gens que vous avez du contenu dans leur langue. WPML met \u00e0 votre disposition un certain nombre de <a href=\"https:\/\/wpml.org\/documentation\/getting-started-guide\/language-setup\/language-switcher-options\/\">s\u00e9lecteurs<\/a> <a href=\"https:\/\/wpml.org\/documentation\/getting-started-guide\/language-setup\/language-switcher-options\/custom-language-switcher\/\">de langues<\/a> et vous pouvez \u00e9galement cr\u00e9er des <a href=\"https:\/\/wpml.org\/documentation\/getting-started-guide\/language-setup\/language-switcher-options\/custom-language-switcher\/\">s\u00e9lecteurs de langues personnalis\u00e9s<\/a>. Si vous souhaitez d&rsquo;abord demander aux internautes leur langue ou leur r\u00e9gion, puis leur pr\u00e9senter un Contenu pertinent, vous pouvez activer le <a href=\"https:\/\/wpml.org\/documentation\/getting-started-guide\/language-setup\/directory-default-language\/\">r\u00e9pertoire des langues pour la langue par d\u00e9faut<\/a>, puis placer une page de bienvenue \u00e0 la racine du site.<\/p>\n<h2>R\u00e9f\u00e9rences<\/h2>\n<ul>\n<li><a href=\"https:\/\/googlewebmastercentral.blogspot.com.br\/2015\/01\/crawling-and-indexing-of-locale.html\">Google Webmasters Central : Exploration et indexation des pages adapt\u00e9es aux param\u00e8tres r\u00e9gionaux<\/a><\/li>\n<li><a href=\"https:\/\/support.google.com\/webmasters\/answer\/6144055\">Aide \u00e0 la recherche Google : L&rsquo;exploration par Googlebot en fonction des param\u00e8tres r\u00e9gionaux<\/a><\/li>\n<li><a href=\"https:\/\/support.google.com\/webmasters\/answer\/182192?hl=en\">Aide \u00e0 la recherche Google : Sites multir\u00e9gionaux et multilingues<\/a><\/li>\n<\/ul>\n","protected":false},"excerpt":{"rendered":"<p>Depuis 2015, Google comprend la redirection du langage du navigateur et l&rsquo;interpr\u00e8te comme une redirection vers une autre URL. Google peut indexer votre site \u00e0 partir de plusieurs adresses IP et r\u00e9soudre les r\u00e8gles de redirection linguistique, mais il n&rsquo;y a aucune garantie quant \u00e0 l&rsquo;impact de cette redirection sur l&rsquo;indexation de votre site. Cela [&hellip;]<\/p>\n","protected":false},"author":2,"featured_media":0,"parent":0,"menu_order":0,"comment_status":"closed","ping_status":"closed","template":"","meta":{"_bbp_topic_count":0,"_bbp_reply_count":0,"_bbp_total_topic_count":0,"_bbp_total_reply_count":0,"_bbp_voice_count":0,"_bbp_anonymous_reply_count":0,"_bbp_topic_count_hidden":0,"_bbp_reply_count_hidden":0,"_bbp_forum_subforum_count":0,"_uag_custom_page_level_css":"","ep_exclude_from_search":false,"footnotes":""},"related-projects-category":[],"class_list":["post-15653716","page","type-page","status-publish","hentry"],"spectra_custom_meta":{"ratings_users":["0"],"ratings_score":["0"],"ratings_average":["0"],"_subscription_coupon_product_id":["0"],"_wpv_contains_gutenberg_views":[""],"_alp_processed":["1716539138"],"_views_template":["0"],"_wpml_media_duplicate":["0"],"_wpml_media_featured":["1"],"_wp_page_template":["default"],"_last_translation_edit_mode":["translation-editor"],"_top_nav_excluded":[""],"_cms_nav_minihome":[""],"_uag_css_file_name":["uag-css-15653716.css"],"_uag_page_assets":["a:9:{s:3:\"css\";s:260:\".uag-blocks-common-selector{z-index:var(--z-index-desktop) !important}@media(max-width: 976px){.uag-blocks-common-selector{z-index:var(--z-index-tablet) !important}}@media(max-width: 767px){.uag-blocks-common-selector{z-index:var(--z-index-mobile) !important}}\";s:2:\"js\";s:0:\"\";s:18:\"current_block_list\";a:1:{i:0;s:14:\"core\/shortcode\";}s:8:\"uag_flag\";b:0;s:11:\"uag_version\";s:10:\"1778251908\";s:6:\"gfonts\";a:0:{}s:10:\"gfonts_url\";s:0:\"\";s:12:\"gfonts_files\";a:0:{}s:14:\"uag_faq_layout\";b:0;}"]},"uagb_featured_image_src":{"full":false,"thumbnail":false,"medium":false,"medium_large":false,"large":false,"1536x1536":false,"2048x2048":false,"gform-image-choice-sm":false,"gform-image-choice-md":false,"gform-image-choice-lg":false,"woocommerce_thumbnail":false,"woocommerce_single":false,"woocommerce_gallery_thumbnail":false},"uagb_author_info":{"display_name":"Amir","author_link":"https:\/\/wpml.org\/fr\/author\/amir\/"},"uagb_comment_info":0,"uagb_excerpt":"Depuis 2015, Google comprend la redirection du langage du navigateur et l&rsquo;interpr\u00e8te comme une redirection vers une autre URL. Google peut indexer votre site \u00e0 partir de plusieurs adresses IP et r\u00e9soudre les r\u00e8gles de redirection linguistique, mais il n&rsquo;y a aucune garantie quant \u00e0 l&rsquo;impact de cette redirection sur l&rsquo;indexation de votre site. Cela\u2026","_links":{"self":[{"href":"https:\/\/wpml.org\/fr\/wp-json\/wp\/v2\/pages\/15653716","targetHints":{"allow":["GET"]}}],"collection":[{"href":"https:\/\/wpml.org\/fr\/wp-json\/wp\/v2\/pages"}],"about":[{"href":"https:\/\/wpml.org\/fr\/wp-json\/wp\/v2\/types\/page"}],"author":[{"embeddable":true,"href":"https:\/\/wpml.org\/fr\/wp-json\/wp\/v2\/users\/2"}],"replies":[{"embeddable":true,"href":"https:\/\/wpml.org\/fr\/wp-json\/wp\/v2\/comments?post=15653716"}],"version-history":[{"count":2,"href":"https:\/\/wpml.org\/fr\/wp-json\/wp\/v2\/pages\/15653716\/revisions"}],"predecessor-version":[{"id":15666153,"href":"https:\/\/wpml.org\/fr\/wp-json\/wp\/v2\/pages\/15653716\/revisions\/15666153"}],"wp:attachment":[{"href":"https:\/\/wpml.org\/fr\/wp-json\/wp\/v2\/media?parent=15653716"}],"wp:term":[{"taxonomy":"related-projects-category","embeddable":true,"href":"https:\/\/wpml.org\/fr\/wp-json\/wp\/v2\/related-projects-category?post=15653716"}],"curies":[{"name":"wp","href":"https:\/\/api.w.org\/{rel}","templated":true}]}}