{"id":15654298,"date":"2024-05-22T07:22:26","date_gmt":"2024-05-22T07:22:26","guid":{"rendered":"https:\/\/wpml.org\/documentation-6\/guide-de-demarrage-rapide\/configuration-de-la-langue\/reglage-de-la-langue-dadministration-de-wordpress\/"},"modified":"2024-05-24T08:37:53","modified_gmt":"2024-05-24T08:37:53","slug":"reglage-de-la-langue-dadministration-de-wordpress","status":"publish","type":"page","link":"https:\/\/wpml.org\/fr\/documentation-6\/guide-de-demarrage-rapide\/configuration-de-la-langue\/reglage-de-la-langue-dadministration-de-wordpress\/","title":{"rendered":"D\u00e9finir la langue d&rsquo;administration de WordPress"},"content":{"rendered":"<p class=\"lead\">WordPress permet aux utilisateurs de changer la langue d&rsquo;administration. Cela permet aux diff\u00e9rents utilisateurs ayant un profil sur votre site de voir l&rsquo;administration de WordPress dans leur propre langue.<\/p>\n<h2>La langue d&rsquo;administration est ind\u00e9pendante de la langue du Front-office du Site<\/h2>\n<p>Lorsque nous parlons de la langue du site, nous pensons toujours \u00e0 la langue du Front-office &#8211; celle que les visiteurs voient. Il existe cependant un autre cas de figure : le langage d&rsquo;administration de WordPress.<\/p>\n<p>Depuis la version 4.7 de WordPress, les diff\u00e9rents utilisateurs peuvent d\u00e9finir leur propre langue d&rsquo;administration pr\u00e9f\u00e9r\u00e9e \u00e0 l&rsquo;aide du s\u00e9lecteur de langue native de WordPress. Ainsi, ils voient l&rsquo;interface de WordPress dans leur langue et peuvent plus facilement g\u00e9rer le Contenu.<\/p>\n<p>Pour pouvoir d\u00e9finir diff\u00e9rentes langues d&rsquo;administration, vous devez d&rsquo;abord installer des traductions pour WordPress dans diff\u00e9rentes langues. WPML le fait pour vous et installe automatiquement la traduction pour WordPress lui-m\u00eame.<\/p>\n<h2>Comment les utilisateurs d\u00e9finissent leur langue d&rsquo;administration<\/h2>\n<p>Pour choisir leur propre langue d&rsquo;administration, les utilisateurs doivent se rendre sur la page <strong>Utilisateurs <\/strong>\u2192<strong> Profil<\/strong> et utiliser l&rsquo;option <strong>Langue <\/strong>dans la section <strong>Options personnelles <\/strong>.<\/p>\n<figure id=\"attachment_1163346\" aria-describedby=\"caption-attachment-1163346\" style=\"width: 300px\" class=\"wp-caption aligncenter\"><a href=\"https:\/\/wpml.org\/wp-content\/uploads\/2013\/09\/wordpress-user-profile-select-admin-language.png\"><img decoding=\"async\" class=\"size-medium wp-image-1163346\" src=\"https:\/\/wpml.org\/wp-content\/uploads\/2013\/09\/wordpress-user-profile-select-admin-language-300x155.png\" alt=\"Personnaliser la langue d'administration de WordPress\" width=\"300\" height=\"155\" srcset=\"https:\/\/wpml.org\/wp-content\/uploads\/2013\/09\/wordpress-user-profile-select-admin-language-300x155.png 300w, https:\/\/wpml.org\/wp-content\/uploads\/2013\/09\/wordpress-user-profile-select-admin-language-150x78.png 150w, https:\/\/wpml.org\/wp-content\/uploads\/2013\/09\/wordpress-user-profile-select-admin-language-768x398.png 768w, https:\/\/wpml.org\/wp-content\/uploads\/2013\/09\/wordpress-user-profile-select-admin-language-1024x530.png 1024w, https:\/\/wpml.org\/wp-content\/uploads\/2013\/09\/wordpress-user-profile-select-admin-language.png 1068w\" sizes=\"(max-width: 300px) 100vw, 300px\" \/><\/a><figcaption id=\"caption-attachment-1163346\" class=\"wp-caption-text\">Personnaliser la langue d&rsquo;administration de WordPress<\/figcaption><\/figure>\n<p>La langue principale du site est s\u00e9lectionn\u00e9e par d\u00e9faut. Cliquez sur la liste d\u00e9roulante pour voir les autres langues disponibles sur le site.<\/p>\n<h2>\u00c9dition de contenu pratique pour les sites RTL\/LTR<\/h2>\n<p>Lorsque vous modifiez un contenu, il est important que l&rsquo;administration de WordPress s&rsquo;affiche dans le m\u00eame sens (de droite \u00e0 gauche ou de gauche \u00e0 droite) que le contenu. Si vous \u00e9ditez du contenu RTL (arabe, farsi, h\u00e9breu, etc.) et que l&rsquo;administration de WordPress s&rsquo;affiche en anglais, l&rsquo;\u00e9dition peut s&rsquo;av\u00e9rer difficile.<\/p>\n<p>WPML vous propose une option pour l&rsquo;activer sur la page du <strong>profil <\/strong>.<\/p>\n<figure id=\"attachment_1163352\" aria-describedby=\"caption-attachment-1163352\" style=\"width: 300px\" class=\"wp-caption aligncenter\"><a href=\"https:\/\/wpml.org\/wp-content\/uploads\/2013\/09\/wpml-set-admin-language-as-editing-language.png\"><img decoding=\"async\" class=\"size-medium wp-image-1163352\" src=\"https:\/\/wpml.org\/wp-content\/uploads\/2013\/09\/wpml-set-admin-language-as-editing-language-300x124.png\" alt=\"Possibilit\u00e9 de d\u00e9finir la langue de l'administrateur comme celle de l'\u00e9diteur\" width=\"300\" height=\"124\" srcset=\"https:\/\/wpml.org\/wp-content\/uploads\/2013\/09\/wpml-set-admin-language-as-editing-language-300x124.png 300w, https:\/\/wpml.org\/wp-content\/uploads\/2013\/09\/wpml-set-admin-language-as-editing-language-150x62.png 150w, https:\/\/wpml.org\/wp-content\/uploads\/2013\/09\/wpml-set-admin-language-as-editing-language-768x316.png 768w, https:\/\/wpml.org\/wp-content\/uploads\/2013\/09\/wpml-set-admin-language-as-editing-language.png 974w\" sizes=\"(max-width: 300px) 100vw, 300px\" \/><\/a><figcaption id=\"caption-attachment-1163352\" class=\"wp-caption-text\">Possibilit\u00e9 de d\u00e9finir la langue de l&rsquo;administrateur comme celle de l&rsquo;\u00e9diteur<\/figcaption><\/figure>\n<p>Dans la <strong>section Param\u00e8tres de langue WPML<\/strong>, cochez la case <strong>D\u00e9finir la langue d&rsquo;administration comme langue d&rsquo;\u00e9dition<\/strong> pour changer dynamiquement la langue d&rsquo;administration de WordPress, en fonction de la langue du contenu. Ainsi, lorsque vous modifiez du contenu en anglais, l&rsquo;administration sera en anglais et dispos\u00e9e de gauche \u00e0 droite. Lorsque vous modifiez un contenu en arabe, l&rsquo;administration de WordPress s&rsquo;affiche en arabe et de droite \u00e0 gauche.<\/p>\n","protected":false},"excerpt":{"rendered":"<p>WordPress permet aux utilisateurs de changer la langue d&rsquo;administration. Cela permet aux diff\u00e9rents utilisateurs ayant un profil sur votre site de voir l&rsquo;administration de WordPress dans leur propre langue. La langue d&rsquo;administration est ind\u00e9pendante de la langue du Front-office du Site Lorsque nous parlons de la langue du site, nous pensons toujours \u00e0 la langue [&hellip;]<\/p>\n","protected":false},"author":2,"featured_media":0,"parent":103380,"menu_order":76,"comment_status":"closed","ping_status":"closed","template":"","meta":{"_bbp_topic_count":0,"_bbp_reply_count":0,"_bbp_total_topic_count":0,"_bbp_total_reply_count":0,"_bbp_voice_count":0,"_bbp_anonymous_reply_count":0,"_bbp_topic_count_hidden":0,"_bbp_reply_count_hidden":0,"_bbp_forum_subforum_count":0,"_uag_custom_page_level_css":"","ep_exclude_from_search":false,"footnotes":""},"related-projects-category":[],"class_list":["post-15654298","page","type-page","status-publish","hentry"],"spectra_custom_meta":{"ratings_users":["0"],"ratings_score":["0"],"ratings_average":["0"],"_subscription_coupon_product_id":["0"],"_wpv_contains_gutenberg_views":[""],"_alp_processed":["1716539874"],"_views_template":["0"],"wpcf-unformatted-code":[""],"_wpml_media_duplicate":["0"],"_wpml_media_featured":["1"],"wpcf-price-increase-show-from":[""],"wpcf-price-increase-show-till":[""],"_wp_page_template":["default"],"_last_translation_edit_mode":["translation-editor"],"_top_nav_excluded":[""],"_cms_nav_minihome":[""],"_yoast_wpseo_metadesc":["Avec WPML, les utilisateurs de WordPress peuvent voir le panneau d'administration dans leur langue. La langue d'administration est ind\u00e9pendante des langues du Front-office du site."],"_uag_css_file_name":["uag-css-15654298.css"],"_uag_page_assets":["a:9:{s:3:\"css\";s:0:\"\";s:2:\"js\";s:0:\"\";s:18:\"current_block_list\";a:1:{i:0;s:14:\"core\/shortcode\";}s:8:\"uag_flag\";b:0;s:11:\"uag_version\";s:10:\"1779022389\";s:6:\"gfonts\";a:0:{}s:10:\"gfonts_url\";s:0:\"\";s:12:\"gfonts_files\";a:0:{}s:14:\"uag_faq_layout\";b:0;}"]},"uagb_featured_image_src":{"full":false,"thumbnail":false,"medium":false,"medium_large":false,"large":false,"1536x1536":false,"2048x2048":false,"gform-image-choice-sm":false,"gform-image-choice-md":false,"gform-image-choice-lg":false,"woocommerce_thumbnail":false,"woocommerce_single":false,"woocommerce_gallery_thumbnail":false},"uagb_author_info":{"display_name":"Amir","author_link":"https:\/\/wpml.org\/fr\/author\/amir\/"},"uagb_comment_info":0,"uagb_excerpt":"WordPress permet aux utilisateurs de changer la langue d&rsquo;administration. Cela permet aux diff\u00e9rents utilisateurs ayant un profil sur votre site de voir l&rsquo;administration de WordPress dans leur propre langue. La langue d&rsquo;administration est ind\u00e9pendante de la langue du Front-office du Site Lorsque nous parlons de la langue du site, nous pensons toujours \u00e0 la langue\u2026","_links":{"self":[{"href":"https:\/\/wpml.org\/fr\/wp-json\/wp\/v2\/pages\/15654298","targetHints":{"allow":["GET"]}}],"collection":[{"href":"https:\/\/wpml.org\/fr\/wp-json\/wp\/v2\/pages"}],"about":[{"href":"https:\/\/wpml.org\/fr\/wp-json\/wp\/v2\/types\/page"}],"author":[{"embeddable":true,"href":"https:\/\/wpml.org\/fr\/wp-json\/wp\/v2\/users\/2"}],"replies":[{"embeddable":true,"href":"https:\/\/wpml.org\/fr\/wp-json\/wp\/v2\/comments?post=15654298"}],"version-history":[{"count":2,"href":"https:\/\/wpml.org\/fr\/wp-json\/wp\/v2\/pages\/15654298\/revisions"}],"predecessor-version":[{"id":15666235,"href":"https:\/\/wpml.org\/fr\/wp-json\/wp\/v2\/pages\/15654298\/revisions\/15666235"}],"up":[{"embeddable":true,"href":"https:\/\/wpml.org\/fr\/wp-json\/wp\/v2\/pages\/103380"}],"wp:attachment":[{"href":"https:\/\/wpml.org\/fr\/wp-json\/wp\/v2\/media?parent=15654298"}],"wp:term":[{"taxonomy":"related-projects-category","embeddable":true,"href":"https:\/\/wpml.org\/fr\/wp-json\/wp\/v2\/related-projects-category?post=15654298"}],"curies":[{"name":"wp","href":"https:\/\/api.w.org\/{rel}","templated":true}]}}