{"id":15654338,"date":"2013-01-02T04:00:52","date_gmt":"2013-01-02T04:00:52","guid":{"rendered":"https:\/\/wpml.org\/documentation-6\/guide-de-demarrage-rapide\/comment-traduire-les-slugs-durl-avec-wpml\/"},"modified":"2026-03-25T11:07:38","modified_gmt":"2026-03-25T11:07:38","slug":"comment-traduire-les-slugs-durl-avec-wpml","status":"publish","type":"page","link":"https:\/\/wpml.org\/fr\/documentation-6\/guide-de-demarrage-rapide\/comment-traduire-les-slugs-durl-avec-wpml\/","title":{"rendered":"Comment traduire les slugs d\u2019URL avec WPML"},"content":{"rendered":"\n<p class=\"lead\">WPML vous permet de traduire les slugs d\u2019URL dans diff\u00e9rentes langues. Cela inclut les slugs pour les pages, les articles, les types de publication personnalis\u00e9s et les taxonomies. <\/p>\n\n<p>Un slug d\u2019URL est la partie d\u2019une URL qui identifie une page sp\u00e9cifique sur un site web. Les moteurs de recherche et les utilisateurs s\u2019appuient sur les slugs pour comprendre le sujet d\u2019une page, il est donc important de les rendre clairs et faciles \u00e0 lire.  <\/p>\n\n<figure class=\"wp-block-image tb-image tb-image-dynamic tb-image-frame-none\" data-toolset-blocks-image=\"4bc183fe93b1a7e954618827e8d9e419\"><img decoding=\"async\" width=\"1024\" height=\"604\" loading=\"lazy\" src=\"https:\/\/wpml.org\/wp-content\/uploads\/2024\/06\/URL-with-custom-post-type-and-page-title-slugs-1024x604.png\" alt=\"URL with custom post type and page title slugs\" class=\"wp-image-15705079\" srcset=\"https:\/\/wpml.org\/wp-content\/uploads\/2024\/06\/URL-with-custom-post-type-and-page-title-slugs-1024x604.png 1024w, https:\/\/wpml.org\/wp-content\/uploads\/2024\/06\/URL-with-custom-post-type-and-page-title-slugs-300x177.png 300w, https:\/\/wpml.org\/wp-content\/uploads\/2024\/06\/URL-with-custom-post-type-and-page-title-slugs-150x88.png 150w, https:\/\/wpml.org\/wp-content\/uploads\/2024\/06\/URL-with-custom-post-type-and-page-title-slugs-768x453.png 768w, https:\/\/wpml.org\/wp-content\/uploads\/2024\/06\/URL-with-custom-post-type-and-page-title-slugs.png 1063w\" sizes=\"auto, (max-width: 1024px) 100vw, 1024px\" \/><figcaption><div class=\"tb-image-caption\">URL avec type de publication personnalis\u00e9 et slugs de titre de page<\/div><\/figcaption><\/figure>\n\n<h2 class=\"tb-heading\" data-toolset-blocks-heading=\"3a94a5f5ac99f0c5642cb0af3ba9a028\" data-last-update=\"1.4\">Pour commencer<\/h2>\n\n<p>Afin de traduire les slugs d\u2019URL avec WPML, installez et activez : <\/p>\n\n<ul class=\"wp-block-list\">\n<li>WPML<\/li>\n\n\n\n<li>WPML String Translation<\/li>\n<\/ul>\n\n<div style=\"height:10px\" aria-hidden=\"true\" class=\"wp-block-spacer\"><\/div>\n\n<h2 class=\"wp-block-heading\" id=\"translate-custom-post-type-url-slug\">Traduire les slugs d\u2019URL des types de publication personnalis\u00e9s <\/h2>\n\n<p>Pour traduire les slugs d\u2019URL des types de publication personnalis\u00e9s :<\/p>\n\n<ol class=\"wp-block-list\">\n<li>Allez dans <strong>WPML<\/strong> \u2192 <strong>R\u00e9glages<\/strong>. <\/li>\n\n\n\n<li>Faites d\u00e9filer vers le bas jusqu\u2019\u00e0 la section <strong>Traductions des slugs<\/strong> et cochez la case.<\/li>\n\n\n\n<li>Ensuite, faites d\u00e9filer vers le bas jusqu\u2019\u00e0 la section <strong>Traduction des types de publication<\/strong> et r\u00e9glez votre type de publication personnalis\u00e9 sur <strong>Traduisible \u2013 n\u2019afficher que les \u00e9l\u00e9ments traduits<\/strong>. Cliquez sur le bouton <strong>Enregistrer<\/strong> en bas de cette section. <\/li>\n<\/ol>\n\n<figure class=\"wp-block-image tb-image tb-image-dynamic tb-image-frame-none\" data-toolset-blocks-image=\"5c7c8b54c2308ab9542a43fa73a87275\"><a href=\"https:\/\/wpml.org\/wp-content\/uploads\/2024\/06\/Setting-custom-post-type-to-Translatable.png\"><img decoding=\"async\" width=\"1024\" height=\"589\" loading=\"lazy\" src=\"https:\/\/wpml.org\/wp-content\/uploads\/2024\/06\/Setting-custom-post-type-to-Translatable-1024x589.png\" alt=\"Setting custom post type to Translatable\" class=\"wp-image-15705122\" srcset=\"https:\/\/wpml.org\/wp-content\/uploads\/2024\/06\/Setting-custom-post-type-to-Translatable-1024x589.png 1024w, https:\/\/wpml.org\/wp-content\/uploads\/2024\/06\/Setting-custom-post-type-to-Translatable-300x173.png 300w, https:\/\/wpml.org\/wp-content\/uploads\/2024\/06\/Setting-custom-post-type-to-Translatable-150x86.png 150w, https:\/\/wpml.org\/wp-content\/uploads\/2024\/06\/Setting-custom-post-type-to-Translatable-768x442.png 768w, https:\/\/wpml.org\/wp-content\/uploads\/2024\/06\/Setting-custom-post-type-to-Translatable-1536x884.png 1536w, https:\/\/wpml.org\/wp-content\/uploads\/2024\/06\/Setting-custom-post-type-to-Translatable.png 1600w\" sizes=\"auto, (max-width: 1024px) 100vw, 1024px\" \/><\/a><figcaption><div class=\"tb-image-caption\">R\u00e9glage du type de publication personnalis\u00e9 sur Traduisible<\/div><\/figcaption><\/figure>\n\n<ol start=\"4\" class=\"wp-block-list\">\n<li>Une fois la page recharg\u00e9e, faites d\u00e9filer jusqu\u2019\u00e0 votre type de publication et, juste en dessous, d\u00e9veloppez la section permettant de d\u00e9finir diff\u00e9rents slugs. Saisissez les traductions pour les slugs de votre type de publication et cliquez sur le bouton <strong>Enregistrer<\/strong> en bas de la section des types de publication. <\/li>\n<\/ol>\n\n<figure class=\"wp-block-image tb-image tb-image-dynamic tb-image-frame-none\" data-toolset-blocks-image=\"1192727ace559ec9240dd56f3ec1cabd\"><a href=\"https:\/\/wpml.org\/wp-content\/uploads\/2024\/06\/Translating-slugs-for-custom-post-types.png\"><img decoding=\"async\" width=\"1024\" height=\"589\" loading=\"lazy\" src=\"https:\/\/wpml.org\/wp-content\/uploads\/2024\/06\/Translating-slugs-for-custom-post-types-1024x589.png\" alt=\"Translating slugs for custom post types\" class=\"wp-image-15705136\" srcset=\"https:\/\/wpml.org\/wp-content\/uploads\/2024\/06\/Translating-slugs-for-custom-post-types-1024x589.png 1024w, https:\/\/wpml.org\/wp-content\/uploads\/2024\/06\/Translating-slugs-for-custom-post-types-300x173.png 300w, https:\/\/wpml.org\/wp-content\/uploads\/2024\/06\/Translating-slugs-for-custom-post-types-150x86.png 150w, https:\/\/wpml.org\/wp-content\/uploads\/2024\/06\/Translating-slugs-for-custom-post-types-768x442.png 768w, https:\/\/wpml.org\/wp-content\/uploads\/2024\/06\/Translating-slugs-for-custom-post-types-1536x884.png 1536w, https:\/\/wpml.org\/wp-content\/uploads\/2024\/06\/Translating-slugs-for-custom-post-types.png 1600w\" sizes=\"auto, (max-width: 1024px) 100vw, 1024px\" \/><\/a><figcaption><div class=\"tb-image-caption\">Traduction des slugs pour les types de publication personnalis\u00e9s<\/div><\/figcaption><\/figure>\n\n<p>Les slugs de vos types de publication personnalis\u00e9s appara\u00eetront d\u00e9sormais traduits dans l\u2019URL. <\/p>\n\n<div class=\"wp-block-toolset-blocks-grid tb-grid\" data-toolset-blocks-grid=\"3d9c399fe625e1b972f817a0680229f6\">\n<div class=\"wp-block-toolset-blocks-grid-column tb-grid-column tb-grid-align-top\" data-toolset-blocks-grid-column=\"3034fbe886c11054e95b46b09d3e4112\">\n<figure class=\"wp-block-image tb-image tb-image-dynamic tb-image-frame-none\" data-toolset-blocks-image=\"862ab5c3717b5fcafb003929ec5f0f70\"><a href=\"https:\/\/wpml.org\/wp-content\/uploads\/2024\/06\/Custom-post-type-in-English.png\"><img decoding=\"async\" width=\"1024\" height=\"577\" loading=\"lazy\" src=\"https:\/\/wpml.org\/wp-content\/uploads\/2024\/06\/Custom-post-type-in-English-1024x577.png\" alt=\"Custom post type in English\" class=\"wp-image-15705152\" srcset=\"https:\/\/wpml.org\/wp-content\/uploads\/2024\/06\/Custom-post-type-in-English-1024x577.png 1024w, https:\/\/wpml.org\/wp-content\/uploads\/2024\/06\/Custom-post-type-in-English-300x169.png 300w, https:\/\/wpml.org\/wp-content\/uploads\/2024\/06\/Custom-post-type-in-English-150x84.png 150w, https:\/\/wpml.org\/wp-content\/uploads\/2024\/06\/Custom-post-type-in-English-768x432.png 768w, https:\/\/wpml.org\/wp-content\/uploads\/2024\/06\/Custom-post-type-in-English.png 1119w\" sizes=\"auto, (max-width: 1024px) 100vw, 1024px\" \/><\/a><figcaption><div class=\"tb-image-caption\">Type de publication personnalis\u00e9 en anglais<\/div><\/figcaption><\/figure>\n<\/div>\n\n\n\n<div class=\"wp-block-toolset-blocks-grid-column tb-grid-column tb-grid-align-top\" data-toolset-blocks-grid-column=\"3034fbe886c11054e95b46b09d3e4112\">\n<figure class=\"wp-block-image tb-image tb-image-dynamic tb-image-frame-none\" data-toolset-blocks-image=\"b6d8dca290b8348118a4e2bebaf16589\"><a href=\"https:\/\/wpml.org\/wp-content\/uploads\/2024\/06\/Custom-post-type-in-Spanish.png\"><img decoding=\"async\" width=\"1024\" height=\"577\" loading=\"lazy\" src=\"https:\/\/wpml.org\/wp-content\/uploads\/2024\/06\/Custom-post-type-in-Spanish-1024x577.png\" alt=\"Custom post type in Spanish\" class=\"wp-image-15705166\" srcset=\"https:\/\/wpml.org\/wp-content\/uploads\/2024\/06\/Custom-post-type-in-Spanish-1024x577.png 1024w, https:\/\/wpml.org\/wp-content\/uploads\/2024\/06\/Custom-post-type-in-Spanish-300x169.png 300w, https:\/\/wpml.org\/wp-content\/uploads\/2024\/06\/Custom-post-type-in-Spanish-150x84.png 150w, https:\/\/wpml.org\/wp-content\/uploads\/2024\/06\/Custom-post-type-in-Spanish-768x432.png 768w, https:\/\/wpml.org\/wp-content\/uploads\/2024\/06\/Custom-post-type-in-Spanish.png 1119w\" sizes=\"auto, (max-width: 1024px) 100vw, 1024px\" \/><\/a><figcaption><div class=\"tb-image-caption\">Type de publication personnalis\u00e9 en espagnol<\/div><\/figcaption><\/figure>\n<\/div>\n<\/div>\n\n<h2 class=\"wp-block-heading\" id=\"translate-page-post-url-slug\">Traduire les slugs d\u2019URL des pages et des articles<\/h2>\n\n<p>Par d\u00e9faut, lorsque vous envoyez des pages et des articles \u00e0 la traduction, WPML traduit automatiquement leurs slugs d\u2019URL en utilisant le titre. <\/p>\n\n<p>Par exemple, lors de la traduction d\u2019une page intitul\u00e9e \u00ab Mixed Berry Smoothie \u00bb en espagnol, WPML utilisera le nouveau titre de la page, \u00ab Batido de Bayas Mixtas \u00bb, lors de la cr\u00e9ation de l\u2019URL :<\/p>\n<div class=\"wp-block-syntaxhighlighter-code \"><pre class=\"brush: xml; title: ; notranslate\" title=\"\">\nsmooothy.com\/es\/receta\/batido-de-bayas-mixtas\/\n<\/pre><\/div>\n<div style=\"height:15px\" aria-hidden=\"true\" class=\"wp-block-spacer\"><\/div>\n\n<p>Si vous souhaitez plus de contr\u00f4le, vous pouvez \u00e9galement traduire les slugs vous-m\u00eame :<\/p>\n\n<ol class=\"wp-block-list\">\n<li>Allez dans <strong>WPML <\/strong>\u2192 <strong>Param\u00e8tres<\/strong> et faites d\u00e9filer vers le bas jusqu\u2019\u00e0 <strong>Options des documents traduits<\/strong>.<\/li>\n\n\n\n<li>Sous <strong>URL de page<\/strong>, choisissez l&rsquo;option <strong>traduire<\/strong> et enregistrez.<\/li>\n<\/ol>\n\n<figure class=\"wp-block-image tb-image tb-image-dynamic tb-image-frame-none\" data-toolset-blocks-image=\"d8f67a73ca31d5ff29c6b6e7dbeb3f19\"><a href=\"https:\/\/wpml.org\/wp-content\/uploads\/2024\/06\/Setting-the-option-to-Translate-the-page-URL.png\"><img decoding=\"async\" width=\"1024\" height=\"596\" loading=\"lazy\" src=\"https:\/\/wpml.org\/wp-content\/uploads\/2024\/06\/Setting-the-option-to-Translate-the-page-URL-1024x596.png\" alt=\"Setting the option to Translate the page URL\" class=\"wp-image-15705195\" srcset=\"https:\/\/wpml.org\/wp-content\/uploads\/2024\/06\/Setting-the-option-to-Translate-the-page-URL-1024x596.png 1024w, https:\/\/wpml.org\/wp-content\/uploads\/2024\/06\/Setting-the-option-to-Translate-the-page-URL-300x175.png 300w, https:\/\/wpml.org\/wp-content\/uploads\/2024\/06\/Setting-the-option-to-Translate-the-page-URL-150x87.png 150w, https:\/\/wpml.org\/wp-content\/uploads\/2024\/06\/Setting-the-option-to-Translate-the-page-URL-768x447.png 768w, https:\/\/wpml.org\/wp-content\/uploads\/2024\/06\/Setting-the-option-to-Translate-the-page-URL.png 1536w\" sizes=\"auto, (max-width: 1024px) 100vw, 1024px\" \/><\/a><figcaption><div class=\"tb-image-caption\">Configuration de l&rsquo;option pour traduire le URL de la page<\/div><\/figcaption><\/figure>\n\n<p>Vous pouvez d\u00e9sormais traduire le slug d\u2019URL lors de l\u2019\u00e9dition des pages dans l\u2019\u00c9diteur de traduction avanc\u00e9. <\/p>\n\n<figure class=\"wp-block-image tb-image tb-image-dynamic tb-image-frame-none\" data-toolset-blocks-image=\"abdb39ea76e96571860273eca92ae4fe\"><a href=\"https:\/\/wpml.org\/wp-content\/uploads\/2025\/01\/Translating-URL-in-ATE-1.png\"><img decoding=\"async\" width=\"1024\" height=\"782\" loading=\"lazy\" src=\"https:\/\/wpml.org\/wp-content\/uploads\/2025\/01\/Translating-URL-in-ATE-1-1024x782.png\" alt=\"Translating URL in ATE\" class=\"wp-image-16646908\" srcset=\"https:\/\/wpml.org\/wp-content\/uploads\/2025\/01\/Translating-URL-in-ATE-1-1024x782.png 1024w, https:\/\/wpml.org\/wp-content\/uploads\/2025\/01\/Translating-URL-in-ATE-1-300x229.png 300w, https:\/\/wpml.org\/wp-content\/uploads\/2025\/01\/Translating-URL-in-ATE-1-150x114.png 150w, https:\/\/wpml.org\/wp-content\/uploads\/2025\/01\/Translating-URL-in-ATE-1-768x586.png 768w, https:\/\/wpml.org\/wp-content\/uploads\/2025\/01\/Translating-URL-in-ATE-1-1536x1172.png 1536w, https:\/\/wpml.org\/wp-content\/uploads\/2025\/01\/Translating-URL-in-ATE-1.png 1707w\" sizes=\"auto, (max-width: 1024px) 100vw, 1024px\" \/><\/a><figcaption><div class=\"tb-image-caption\">Traduction du slug d\u2019URL de la page dans l\u2019\u00c9diteur de traduction avanc\u00e9<\/div><\/figcaption><\/figure>\n\n<h2 class=\"wp-block-heading\" id=\"translate-taxonomy-url-slugs\">Traduire les slugs d\u2019URL des taxonomies<\/h2>\n\n<p>Pour traduire les slugs d\u2019URL des taxonomies, suivez notre <a href=\"https:\/\/wpml.org\/fr\/documentation-6\/guide-de-demarrage-rapide\/traduction-de-categories-darticles-et-de-taxonomies-personnalisees\/\">guide de traduction des taxonomies<\/a>. <\/p>\n\n<h2 class=\"wp-block-heading\" id=\"copy-url\">Copier le URL vers la langue secondaire<\/h2>\n\n<p>En plus de traduire les slugs d\u2019URL, WPML vous permet \u00e9galement de \u00ab copier \u00bb les slugs dans les langues secondaires. <\/p>\n\n<div class=\"wp-block-toolset-blocks-grid tb-grid\" data-toolset-blocks-grid=\"3d9c399fe625e1b972f817a0680229f6\">\n<div class=\"wp-block-toolset-blocks-grid-column tb-grid-column tb-grid-align-top\" data-toolset-blocks-grid-column=\"3034fbe886c11054e95b46b09d3e4112\">\n<figure class=\"wp-block-image tb-image tb-image-dynamic tb-image-frame-none\" data-toolset-blocks-image=\"08c3923f15ea66a8c440d76a509e389c\"><a href=\"https:\/\/wpml.org\/wp-content\/uploads\/2024\/08\/Smoothie-recipe-in-English.png\"><img decoding=\"async\" width=\"1024\" height=\"577\" loading=\"lazy\" src=\"https:\/\/wpml.org\/wp-content\/uploads\/2024\/08\/Smoothie-recipe-in-English-1024x577.png\" alt=\"Smoothie recipe in English\" class=\"wp-image-16034816\" srcset=\"https:\/\/wpml.org\/wp-content\/uploads\/2024\/08\/Smoothie-recipe-in-English-1024x577.png 1024w, https:\/\/wpml.org\/wp-content\/uploads\/2024\/08\/Smoothie-recipe-in-English-300x169.png 300w, https:\/\/wpml.org\/wp-content\/uploads\/2024\/08\/Smoothie-recipe-in-English-150x84.png 150w, https:\/\/wpml.org\/wp-content\/uploads\/2024\/08\/Smoothie-recipe-in-English-768x432.png 768w, https:\/\/wpml.org\/wp-content\/uploads\/2024\/08\/Smoothie-recipe-in-English.png 1119w\" sizes=\"auto, (max-width: 1024px) 100vw, 1024px\" \/><\/a><figcaption><div class=\"tb-image-caption\">Recette de smoothie en anglais<\/div><\/figcaption><\/figure>\n<\/div>\n\n\n\n<div class=\"wp-block-toolset-blocks-grid-column tb-grid-column tb-grid-align-top\" data-toolset-blocks-grid-column=\"3034fbe886c11054e95b46b09d3e4112\">\n<figure class=\"wp-block-image tb-image tb-image-dynamic tb-image-frame-none\" data-toolset-blocks-image=\"897e18ef1a1ec71d6959103dcd836f31\"><a href=\"https:\/\/wpml.org\/wp-content\/uploads\/2024\/08\/Smoothie-recipe-in-Chinese.png\"><img decoding=\"async\" width=\"1024\" height=\"577\" loading=\"lazy\" src=\"https:\/\/wpml.org\/wp-content\/uploads\/2024\/08\/Smoothie-recipe-in-Chinese-1024x577.png\" alt=\"Smoothie recipe in Chinese\" class=\"wp-image-16034830\" srcset=\"https:\/\/wpml.org\/wp-content\/uploads\/2024\/08\/Smoothie-recipe-in-Chinese-1024x577.png 1024w, https:\/\/wpml.org\/wp-content\/uploads\/2024\/08\/Smoothie-recipe-in-Chinese-300x169.png 300w, https:\/\/wpml.org\/wp-content\/uploads\/2024\/08\/Smoothie-recipe-in-Chinese-150x84.png 150w, https:\/\/wpml.org\/wp-content\/uploads\/2024\/08\/Smoothie-recipe-in-Chinese-768x432.png 768w, https:\/\/wpml.org\/wp-content\/uploads\/2024\/08\/Smoothie-recipe-in-Chinese.png 1119w\" sizes=\"auto, (max-width: 1024px) 100vw, 1024px\" \/><\/a><figcaption><div class=\"tb-image-caption\">Recette de smoothie en chinois<\/div><\/figcaption><\/figure>\n<\/div>\n<\/div>\n\n<p>Ceci est utile lorsque votre site web utilise des langues non-ASCII (chinois, japonais, arabe, etc.) et que vous souhaitez \u00e9viter que vos URL ne ressemblent \u00e0 du spam lorsqu\u2019elles sont partag\u00e9es sur le web. Par exemple, l\u2019URL chinoise suivante ressemblera \u00e0 ceci lors d\u2019un copier-coller : <\/p>\n\n<div style=\"height:20px\" aria-hidden=\"true\" class=\"wp-block-spacer\"><\/div>\n\n<p>example.com\/\u716e\u996d\/ \u2192 example.com\/%E7%85%AE%E9%A5%AD\/<\/p>\n\n<div style=\"height:20px\" aria-hidden=\"true\" class=\"wp-block-spacer\"><\/div>\n\n<p>Pour am\u00e9liorer l\u2019apparence de vos URL, vous pouvez copier vos slugs d\u2019URL originaux dans d\u2019autres langues :<\/p>\n\n<ol class=\"wp-block-list\">\n<li>Allez dans <strong>WPML <\/strong>\u2192 <strong>langues<\/strong>.<\/li>\n\n\n\n<li>Sous <strong>langues du site<\/strong>, cliquez sur le lien <strong>modifier les langues<\/strong>. <\/li>\n\n\n\n<li>Dans le tableau, r\u00e9glez la valeur <strong>Encoder les URL <\/strong>sur <strong>Oui<\/strong> dans la langue vers laquelle vous souhaitez que les slugs soient copi\u00e9s. Cliquez sur <strong>Enregistrer<\/strong>.<\/li>\n<\/ol>\n\n<figure class=\"wp-block-image tb-image tb-image-dynamic tb-image-frame-none\" data-toolset-blocks-image=\"7c3529241fe0ca56d92f4aed75fa832e\"><a href=\"https:\/\/wpml.org\/wp-content\/uploads\/2024\/08\/Encoding-URLs-for-Chinese-1.png\"><img decoding=\"async\" width=\"1024\" height=\"606\" loading=\"lazy\" src=\"https:\/\/wpml.org\/wp-content\/uploads\/2024\/08\/Encoding-URLs-for-Chinese-1-1024x606.png\" alt=\"\" class=\"wp-image-16034886\" srcset=\"https:\/\/wpml.org\/wp-content\/uploads\/2024\/08\/Encoding-URLs-for-Chinese-1-1024x606.png 1024w, https:\/\/wpml.org\/wp-content\/uploads\/2024\/08\/Encoding-URLs-for-Chinese-1-300x178.png 300w, https:\/\/wpml.org\/wp-content\/uploads\/2024\/08\/Encoding-URLs-for-Chinese-1-150x89.png 150w, https:\/\/wpml.org\/wp-content\/uploads\/2024\/08\/Encoding-URLs-for-Chinese-1-768x454.png 768w, https:\/\/wpml.org\/wp-content\/uploads\/2024\/08\/Encoding-URLs-for-Chinese-1-1536x909.png 1536w, https:\/\/wpml.org\/wp-content\/uploads\/2024\/08\/Encoding-URLs-for-Chinese-1-2048x1212.png 2048w\" sizes=\"auto, (max-width: 1024px) 100vw, 1024px\" \/><\/a><figcaption><div class=\"tb-image-caption\">Encodage des URL pour le chinois<\/div><\/figcaption><\/figure>\n\n<ol start=\"4\" class=\"wp-block-list\">\n<li>Ensuite, allez dans <strong>WPML <\/strong>\u2192 <strong>Param\u00e8tres<\/strong>.<\/li>\n\n\n\n<li>Sous <strong>options des documents traduits<\/strong>, d\u00e9finissez <strong>URL de page<\/strong> sur <strong>copier depuis la langue d&rsquo;origine<\/strong> et enregistrez. <\/li>\n<\/ol>\n\n<p>Vos slugs d\u2019URL seront d\u00e9sormais copi\u00e9s dans votre langue secondaire (encod\u00e9e) lorsque vous traduirez du contenu. <\/p>\n\n<h2 class=\"wp-block-heading\" id=\"get-started\">Commencez avec WPML<\/h2>\n\n<p>Pour traduire les slugs d\u2019URL avec WPML, vous avez besoin du type de compte Multilingual CMS ou Multilingual Agency. <\/p>\n\n<p>Consultez notre <a href=\"https:\/\/wpml.org\/fr\/purchase\/\">page de tarification<\/a> pour en savoir plus sur nos forfaits.<\/p>\n","protected":false},"excerpt":{"rendered":"<p>WPML vous permet de traduire les slugs d\u2019URL dans diff\u00e9rentes langues. Cela inclut les slugs pour les pages, les articles, les types de publication personnalis\u00e9s et les taxonomies. Un slug d\u2019URL est la partie d\u2019une URL qui identifie une page sp\u00e9cifique sur un site web. Les moteurs de recherche et les utilisateurs s\u2019appuient sur les [&hellip;]<\/p>\n","protected":false},"author":2,"featured_media":0,"parent":104118,"menu_order":56,"comment_status":"closed","ping_status":"closed","template":"template-sidebar-2.php","meta":{"_bbp_topic_count":0,"_bbp_reply_count":0,"_bbp_total_topic_count":0,"_bbp_total_reply_count":0,"_bbp_voice_count":0,"_bbp_anonymous_reply_count":0,"_bbp_topic_count_hidden":0,"_bbp_reply_count_hidden":0,"_bbp_forum_subforum_count":0,"_uag_custom_page_level_css":"","ep_exclude_from_search":false,"footnotes":""},"related-projects-category":[],"class_list":["post-15654338","page","type-page","status-publish","hentry"],"spectra_custom_meta":{"ratings_users":["0"],"ratings_score":["0"],"ratings_average":["0"],"_subscription_coupon_product_id":["0"],"_wpv_contains_gutenberg_views":[""],"_alp_processed":["1774436858"],"_views_template":["0"],"wpcf-unformatted-code":[""],"_wpml_media_duplicate":["0"],"_wpml_media_featured":["1"],"toolset_post_editor_mode":["block"],"wpcf-price-increase-show-from":[""],"wpcf-price-increase-show-till":[""],"_wp_page_template":["template-sidebar-2.php"],"_last_translation_edit_mode":["translation-editor"],"_wpml_word_count":["751"],"_yoast_wpseo_title":["%%title%% %%page%%"],"_yoast_wpseo_metadesc":["WPML vous permet de traduire les slugs d\u2019URL dans diff\u00e9rentes langues. Cela inclut les slugs pour les pages, les articles, les types de publication personnalis\u00e9s et les taxonomies."],"_yoast_wpseo_focuskw":["Traduire les slugs d\u2019URL"],"_uag_css_file_name":["uag-css-15654338.css"],"_uag_page_assets":["a:9:{s:3:\"css\";s:260:\".uag-blocks-common-selector{z-index:var(--z-index-desktop) !important}@media(max-width: 976px){.uag-blocks-common-selector{z-index:var(--z-index-tablet) !important}}@media(max-width: 767px){.uag-blocks-common-selector{z-index:var(--z-index-mobile) !important}}\";s:2:\"js\";s:0:\"\";s:18:\"current_block_list\";a:11:{i:0;s:14:\"core\/paragraph\";i:1;s:20:\"toolset-blocks\/image\";i:2;s:22:\"toolset-blocks\/heading\";i:3;s:9:\"core\/list\";i:4;s:14:\"core\/list-item\";i:5;s:11:\"core\/spacer\";i:6;s:12:\"core\/heading\";i:7;s:19:\"toolset-blocks\/grid\";i:8;s:26:\"toolset-blocks\/grid-column\";i:9;s:22:\"syntaxhighlighter\/code\";i:10;s:14:\"core\/shortcode\";}s:8:\"uag_flag\";b:0;s:11:\"uag_version\";s:10:\"1778471539\";s:6:\"gfonts\";a:0:{}s:10:\"gfonts_url\";s:0:\"\";s:12:\"gfonts_files\";a:0:{}s:14:\"uag_faq_layout\";b:0;}"]},"uagb_featured_image_src":{"full":false,"thumbnail":false,"medium":false,"medium_large":false,"large":false,"1536x1536":false,"2048x2048":false,"gform-image-choice-sm":false,"gform-image-choice-md":false,"gform-image-choice-lg":false,"woocommerce_thumbnail":false,"woocommerce_single":false,"woocommerce_gallery_thumbnail":false},"uagb_author_info":{"display_name":"Amir","author_link":"https:\/\/wpml.org\/fr\/author\/amir\/"},"uagb_comment_info":0,"uagb_excerpt":"WPML vous permet de traduire les slugs d\u2019URL dans diff\u00e9rentes langues. Cela inclut les slugs pour les pages, les articles, les types de publication personnalis\u00e9s et les taxonomies. Un slug d\u2019URL est la partie d\u2019une URL qui identifie une page sp\u00e9cifique sur un site web. Les moteurs de recherche et les utilisateurs s\u2019appuient sur les\u2026","_links":{"self":[{"href":"https:\/\/wpml.org\/fr\/wp-json\/wp\/v2\/pages\/15654338","targetHints":{"allow":["GET"]}}],"collection":[{"href":"https:\/\/wpml.org\/fr\/wp-json\/wp\/v2\/pages"}],"about":[{"href":"https:\/\/wpml.org\/fr\/wp-json\/wp\/v2\/types\/page"}],"author":[{"embeddable":true,"href":"https:\/\/wpml.org\/fr\/wp-json\/wp\/v2\/users\/2"}],"replies":[{"embeddable":true,"href":"https:\/\/wpml.org\/fr\/wp-json\/wp\/v2\/comments?post=15654338"}],"version-history":[{"count":8,"href":"https:\/\/wpml.org\/fr\/wp-json\/wp\/v2\/pages\/15654338\/revisions"}],"predecessor-version":[{"id":17925888,"href":"https:\/\/wpml.org\/fr\/wp-json\/wp\/v2\/pages\/15654338\/revisions\/17925888"}],"up":[{"embeddable":true,"href":"https:\/\/wpml.org\/fr\/wp-json\/wp\/v2\/pages\/104118"}],"wp:attachment":[{"href":"https:\/\/wpml.org\/fr\/wp-json\/wp\/v2\/media?parent=15654338"}],"wp:term":[{"taxonomy":"related-projects-category","embeddable":true,"href":"https:\/\/wpml.org\/fr\/wp-json\/wp\/v2\/related-projects-category?post=15654338"}],"curies":[{"name":"wp","href":"https:\/\/api.w.org\/{rel}","templated":true}]}}