{"id":15655612,"date":"2022-08-26T10:22:56","date_gmt":"2022-08-26T10:22:56","guid":{"rendered":"https:\/\/wpml.org\/documentation-6\/projets-connexes\/advanced-custom-fields-multilingual-traduis-tous-les-champs-avec-wpml\/preferences-de-traduction-des-champs-personnalises-pour-acf-et-wpml\/"},"modified":"2024-06-06T14:01:01","modified_gmt":"2024-06-06T14:01:01","slug":"preferences-de-traduction-des-champs-personnalises-pour-acf-et-wpml","status":"publish","type":"page","link":"https:\/\/wpml.org\/fr\/documentation-6\/projets-connexes\/advanced-custom-fields-multilingual-traduis-tous-les-champs-avec-wpml\/preferences-de-traduction-des-champs-personnalises-pour-acf-et-wpml\/","title":{"rendered":"Pr\u00e9f\u00e9rences de traduction des champs personnalis\u00e9s pour ACF et WPML"},"content":{"rendered":"\n<p class=\"lead\">ACF Multilingual s&rsquo;appuie sur les pr\u00e9f\u00e9rences de traduction pour g\u00e9rer l&rsquo;apparition des champs personnalis\u00e9s dans les diff\u00e9rentes versions linguistiques de votre site.<\/p>\n\n<p>Alors que vous pouvez choisir entre deux options de traduction avec des pr\u00e9f\u00e9rences de traduction pr\u00e9d\u00e9finies, le mode Expert vous permet de contr\u00f4ler la fa\u00e7on dont chaque champ appara\u00eet dans les langues secondaires.  <\/p>\n\n<p><strong>Vous avez le choix entre quatre pr\u00e9f\u00e9rences de traduction :<\/strong><\/p>\n\n<div class=\"wp-block-toolset-blocks-grid tb-grid\" data-toolset-blocks-grid=\"6d30eb1e38bb20176948bc192d4fc3df\">\n<div class=\"wp-block-toolset-blocks-grid-column tb-grid-column tb-grid-align-top\" data-toolset-blocks-grid-column=\"e4e86604f3ad36200edf52d1622ddc73\">\n<p class=\"tb-heading has-text-color has-background wa\" data-toolset-blocks-heading=\"554b98bd0c25fac22ce4cae2c81c7c57\" data-last-update=\"1.4\">Traduisible<\/p>\n\n\n\n<div class=\"wp-block-toolset-blocks-container tb-container\" data-toolset-blocks-container=\"89715433d6069a9df49467c3d95396fc\">\n<p class=\"tb-heading\" data-toolset-blocks-heading=\"b09796d750527ad36b4e33acb19864d5\" data-last-update=\"1.4\">Personnalise les valeurs de vos champs personnalis\u00e9s pour qu&rsquo;elles puissent \u00eatre traduites.<\/p>\n<\/div>\n\n\n\n<div class=\"wp-block-toolset-blocks-container tb-container\" data-toolset-blocks-container=\"d718aa58a66ec9f469cddd7421827efc\">\n<div class=\"wp-block-toolset-blocks-grid tb-grid\" data-toolset-blocks-grid=\"b9ba198fa8644ce060d6f261547d5fb7\">\n<div class=\"wp-block-toolset-blocks-grid-column tb-grid-column tb-grid-align-top\" data-toolset-blocks-grid-column=\"3034fbe886c11054e95b46b09d3e4112\">\n<div class=\"wp-block-toolset-blocks-container tb-container\" data-toolset-blocks-container=\"c5825f0c4b3f029780c2562e9593100f\"><\/div>\n<\/div>\n\n\n\n<div class=\"wp-block-toolset-blocks-grid-column tb-grid-column tb-grid-align-top\" data-toolset-blocks-grid-column=\"3034fbe886c11054e95b46b09d3e4112\">\n<p class=\"tb-heading\" data-toolset-blocks-heading=\"4c8c6fb6238e271b166377f9a25088b9\" data-last-update=\"1.4\">Recommand\u00e9 pour les champs de texte (par exemple Texte, Zone de texte, WYSIWYG, Message).<\/p>\n<\/div>\n<\/div>\n<\/div>\n<\/div>\n\n\n\n<div class=\"wp-block-toolset-blocks-grid-column tb-grid-column tb-grid-align-top\" data-toolset-blocks-grid-column=\"9bf300cb43bb9f03c7ec5743d8671031\">\n<p class=\"tb-heading has-text-color has-background wa\" data-toolset-blocks-heading=\"554b98bd0c25fac22ce4cae2c81c7c57\" data-last-update=\"1.4\">Copie<\/p>\n\n\n\n<div class=\"wp-block-toolset-blocks-container tb-container\" data-toolset-blocks-container=\"89715433d6069a9df49467c3d95396fc\">\n<p class=\"tb-heading\" data-toolset-blocks-heading=\"b09796d750527ad36b4e33acb19864d5\" data-last-update=\"1.4\">Copie la valeur du champ dans tous les champs, de mani\u00e8re \u00e0 ce qu&rsquo;elle reste la m\u00eame partout.<\/p>\n<\/div>\n\n\n\n<div class=\"wp-block-toolset-blocks-container tb-container\" data-toolset-blocks-container=\"d718aa58a66ec9f469cddd7421827efc\">\n<div class=\"wp-block-toolset-blocks-grid tb-grid\" data-toolset-blocks-grid=\"b9ba198fa8644ce060d6f261547d5fb7\">\n<div class=\"wp-block-toolset-blocks-grid-column tb-grid-column tb-grid-align-top\" data-toolset-blocks-grid-column=\"3034fbe886c11054e95b46b09d3e4112\">\n<div class=\"wp-block-toolset-blocks-container tb-container\" data-toolset-blocks-container=\"c5825f0c4b3f029780c2562e9593100f\"><\/div>\n<\/div>\n\n\n\n<div class=\"wp-block-toolset-blocks-grid-column tb-grid-column tb-grid-align-top\" data-toolset-blocks-grid-column=\"3034fbe886c11054e95b46b09d3e4112\">\n<p class=\"tb-heading\" data-toolset-blocks-heading=\"4c8c6fb6238e271b166377f9a25088b9\" data-last-update=\"1.4\">Personnalis\u00e9 pour les champs personnalis\u00e9s qui restent les m\u00eames dans toutes les langues, tels que Nombre, Plage, Vrai\/Faux, Image.<\/p>\n<\/div>\n<\/div>\n<\/div>\n<\/div>\n\n\n\n<div class=\"wp-block-toolset-blocks-grid-column tb-grid-column tb-grid-align-top\" data-toolset-blocks-grid-column=\"9bf300cb43bb9f03c7ec5743d8671031\">\n<p class=\"tb-heading has-text-color has-background wa\" data-toolset-blocks-heading=\"554b98bd0c25fac22ce4cae2c81c7c57\" data-last-update=\"1.4\">Copier une fois<\/p>\n\n\n\n<div class=\"wp-block-toolset-blocks-container tb-container\" data-toolset-blocks-container=\"c0ae25e118e7651be7aa562df662a60c\">\n<p class=\"tb-heading\" data-toolset-blocks-heading=\"b09796d750527ad36b4e33acb19864d5\" data-last-update=\"1.4\">Copie une seule fois la valeur du champ dans les traductions, ce qui vous permet de modifier ensuite ind\u00e9pendamment les valeurs du champ dans les traductions.<\/p>\n<\/div>\n\n\n\n<div class=\"wp-block-toolset-blocks-container tb-container\" data-toolset-blocks-container=\"d718aa58a66ec9f469cddd7421827efc\">\n<div class=\"wp-block-toolset-blocks-grid tb-grid\" data-toolset-blocks-grid=\"0ee54b13cff5a5a046256dac8d7ad810\">\n<div class=\"wp-block-toolset-blocks-grid-column tb-grid-column tb-grid-align-top\" data-toolset-blocks-grid-column=\"3034fbe886c11054e95b46b09d3e4112\">\n<div class=\"wp-block-toolset-blocks-container tb-container\" data-toolset-blocks-container=\"c5825f0c4b3f029780c2562e9593100f\"><\/div>\n<\/div>\n\n\n\n<div class=\"wp-block-toolset-blocks-grid-column tb-grid-column tb-grid-align-top\" data-toolset-blocks-grid-column=\"3034fbe886c11054e95b46b09d3e4112\">\n<p class=\"tb-heading\" data-toolset-blocks-heading=\"4c8c6fb6238e271b166377f9a25088b9\" data-last-update=\"1.4\">Si vous choisissez cette option parce que vous souhaitez que les valeurs des champs soient diff\u00e9rentes d&rsquo;une langue \u00e0 l&rsquo;autre, vous devrez <a href=\"https:\/\/wpml.org\/fr\/documentation-6\/traduire-vos-contenus\/comment-utiliser-differents-modeles-pour-differentes-langues\/\">traduire manuellement les articles contenant ces champs dans l&rsquo;\u00e9diteur WordPress<\/a>.<\/p>\n<\/div>\n<\/div>\n<\/div>\n<\/div>\n\n\n\n<div class=\"wp-block-toolset-blocks-grid-column tb-grid-column tb-grid-align-top\" data-toolset-blocks-grid-column=\"9bf300cb43bb9f03c7ec5743d8671031\">\n<p class=\"tb-heading has-text-color has-background wa\" data-toolset-blocks-heading=\"554b98bd0c25fac22ce4cae2c81c7c57\" data-last-update=\"1.4\">Ne traduisez pas<\/p>\n\n\n\n<div class=\"wp-block-toolset-blocks-container tb-container\" data-toolset-blocks-container=\"c0ae25e118e7651be7aa562df662a60c\">\n<p class=\"tb-heading\" data-toolset-blocks-heading=\"b09796d750527ad36b4e33acb19864d5\" data-last-update=\"1.4\">Option par d\u00e9faut pour les champs personnalis\u00e9s que vous n&rsquo;avez pas encore choisi de traduire.<\/p>\n<\/div>\n\n\n\n<div class=\"wp-block-toolset-blocks-container tb-container\" data-toolset-blocks-container=\"d718aa58a66ec9f469cddd7421827efc\">\n<div class=\"wp-block-toolset-blocks-grid tb-grid\" data-toolset-blocks-grid=\"b9ba198fa8644ce060d6f261547d5fb7\">\n<div class=\"wp-block-toolset-blocks-grid-column tb-grid-column tb-grid-align-top\" data-toolset-blocks-grid-column=\"3034fbe886c11054e95b46b09d3e4112\">\n<div class=\"wp-block-toolset-blocks-container tb-container\" data-toolset-blocks-container=\"c5825f0c4b3f029780c2562e9593100f\"><\/div>\n<\/div>\n\n\n\n<div class=\"wp-block-toolset-blocks-grid-column tb-grid-column tb-grid-align-top\" data-toolset-blocks-grid-column=\"3034fbe886c11054e95b46b09d3e4112\">\n<p class=\"tb-heading\" data-toolset-blocks-heading=\"4c8c6fb6238e271b166377f9a25088b9\" data-last-update=\"1.4\">Vous pouvez s\u00e9lectionner cette option pour les champs que vous souhaitez que WPML ignore. Si vous souhaitez qu&rsquo;un champ ait la m\u00eame valeur dans toutes les langues, choisissez l&rsquo;option <strong>Copier<\/strong>.<\/p>\n<\/div>\n<\/div>\n<\/div>\n<\/div>\n<\/div>\n\n<p>Pour vos principaux champs de type ACF <strong>Repeater<\/strong> et <strong>Contenu flexible <\/strong>, vous avez deux options :<\/p>\n\n<ol class=\"wp-block-list\">\n<li>S\u00e9lectionnez <strong>Copier <\/strong>pour conserver la m\u00eame pr\u00e9sentation et le m\u00eame nombre de champs dans toutes les langues.<\/li>\n\n\n\n<li>S\u00e9lectionnez <strong>Copier une fois<\/strong> si vous souhaitez une pr\u00e9sentation ou un nombre de champs diff\u00e9rents dans d&rsquo;autres langues<\/li>\n<\/ol>\n\n<p>Dans les deux cas, vous pouvez d\u00e9finir des pr\u00e9f\u00e9rences de traduction pour vos champs secondaires en fonction de la mani\u00e8re dont vous souhaitez qu&rsquo;ils apparaissent dans les traductions.<\/p>\n\n<h2 class=\"wp-block-heading\">Comprendre comment l&rsquo;ACFML traduit les champs personnalis\u00e9s dans les options de traduction pr\u00e9d\u00e9finies<\/h2>\n\n<p>Les tableaux suivants pr\u00e9sentent les pr\u00e9f\u00e9rences de traduction pr\u00e9d\u00e9finies pour les champs ACF. Vous devez utiliser le mode <strong>Expert<\/strong> pour modifier ces options pr\u00e9d\u00e9finies.  <\/p>\n\n<h2 class=\"wp-block-heading\">Champs de base<\/h2>\n\n<figure class=\"wp-block-table\"><table><tbody><tr><td><strong>Type<\/strong><\/td><td><strong>M\u00eames champs dans toutes les langues<\/strong><\/td><td><strong>Des champs diff\u00e9rents d&rsquo;une langue \u00e0 l&rsquo;autre<\/strong><\/td><\/tr><tr><td>Texte<\/td><td>Traduisible<\/td><td>Traduisible<\/td><\/tr><tr><td>Zone de texte<\/td><td>Traduisible<\/td><td>Traduisible<\/td><\/tr><tr><td>Nombre<\/td><td>Copie<\/td><td>Copier une fois<\/td><\/tr><tr><td>Gamme<\/td><td>Copie<\/td><td>Copier une fois<\/td><\/tr><tr><td>Courriel<\/td><td>Copie<\/td><td>Copier une fois<\/td><\/tr><tr><td>URL<\/td><td>Copie<\/td><td>Copier une fois<\/td><\/tr><tr><td>Mot de passe<\/td><td>Copie<\/td><td>Copier une fois<\/td><\/tr><\/tbody><\/table><\/figure>\n\n<h2 class=\"wp-block-heading\">Champs de contenu<\/h2>\n\n<figure class=\"wp-block-table\"><table><tbody><tr><td><strong>Type<\/strong><\/td><td><strong><strong>M\u00eames champs dans toutes les langues<\/strong><\/strong><\/td><td><strong><strong>Des champs diff\u00e9rents d&rsquo;une langue \u00e0 l&rsquo;autre<\/strong><\/strong><\/td><\/tr><tr><td>Image<\/td><td>Copie<\/td><td>Copier une fois<\/td><\/tr><tr><td>Fichier<\/td><td>Copie<\/td><td>Copier une fois<\/td><\/tr><tr><td>\u00c9diteur Wysiwyg<\/td><td>Traduisible<\/td><td>Traduisible<\/td><\/tr><tr><td>oEmbed<\/td><td>Copie<\/td><td>Copier une fois<\/td><\/tr><tr><td>Galerie<\/td><td>Copie<\/td><td>Copier une fois<\/td><\/tr><\/tbody><\/table><\/figure>\n\n<h2 class=\"wp-block-heading\">Champs de choix<\/h2>\n\n<figure class=\"wp-block-table\"><table><tbody><tr><td><strong>Type<\/strong><\/td><td><strong><strong>M\u00eames champs dans toutes les langues<\/strong><\/strong><\/td><td><strong><strong>Des champs diff\u00e9rents d&rsquo;une langue \u00e0 l&rsquo;autre<\/strong><\/strong><\/td><\/tr><tr><td>S\u00e9lectionnez<\/td><td>Copie<\/td><td>Copier une fois<\/td><\/tr><tr><td>Case \u00e0 cocher<\/td><td>Copie<\/td><td>Copier une fois<\/td><\/tr><tr><td>Bouton radio<\/td><td>Copie<\/td><td>Copier une fois<\/td><\/tr><tr><td>Groupe de boutons<\/td><td>Copie<\/td><td>Copier une fois<\/td><\/tr><tr><td>Vrai \/ Faux<\/td><td>Copie<\/td><td>Copier une fois<\/td><\/tr><\/tbody><\/table><\/figure>\n\n<h2 class=\"wp-block-heading\">Champs jQuery<\/h2>\n\n<figure class=\"wp-block-table\"><table><tbody><tr><td><strong>Type<\/strong><\/td><td><strong><strong><strong>M\u00eames champs dans toutes les langues<\/strong><\/strong><\/strong><\/td><td><strong><strong>Des champs diff\u00e9rents d&rsquo;une langue \u00e0 l&rsquo;autre<\/strong><\/strong><\/td><\/tr><tr><td>Google Map<\/td><td>Copie<\/td><td>Copier une fois<\/td><\/tr><tr><td>S\u00e9lecteur de date<\/td><td>Copie<\/td><td>Copier une fois<\/td><\/tr><tr><td>S\u00e9lecteur de date et d&rsquo;heure<\/td><td>Copie<\/td><td>Copier une fois<\/td><\/tr><tr><td>Horodateur<\/td><td>Copie<\/td><td>Copier une fois<\/td><\/tr><tr><td>S\u00e9lecteur de couleurs<\/td><td>Copie<\/td><td>Copier une fois<\/td><\/tr><\/tbody><\/table><\/figure>\n\n<h2 class=\"wp-block-heading\">Champs de pr\u00e9sentation<\/h2>\n\n<figure class=\"wp-block-table\"><table><tbody><tr><td><strong>Type<\/strong><\/td><td><strong><strong><strong>M\u00eames champs dans toutes les langues<\/strong><\/strong><\/strong><\/td><td><strong><strong><strong>Des champs diff\u00e9rents d&rsquo;une langue \u00e0 l&rsquo;autre<\/strong><\/strong><\/strong><\/td><\/tr><tr><td>Message<\/td><td>Traduisible<\/td><td>Traduisible<\/td><\/tr><tr><td>Accord\u00e9on<\/td><td>Copie<\/td><td>Copier une fois<\/td><\/tr><tr><td>Onglet<\/td><td>Copie<\/td><td>Copier une fois<\/td><\/tr><tr><td>Groupe<\/td><td>Copie<\/td><td>Copier une fois<\/td><\/tr><tr><td>R\u00e9p\u00e9titeur<\/td><td>Copie<\/td><td>Copier une fois<\/td><\/tr><tr><td>Contenu flexible<\/td><td>Copie<\/td><td>Copier une fois<\/td><\/tr><tr><td>Clone<\/td><td>Copie<\/td><td>Copier une fois<\/td><\/tr><\/tbody><\/table><\/figure>\n\n<h2 class=\"wp-block-heading\">Champs relationnels<\/h2>\n\n<figure class=\"wp-block-table\"><table><tbody><tr><td><strong>Type<\/strong><\/td><td><strong><strong>M\u00eames champs dans toutes les langues<\/strong><\/strong><\/td><td><strong><strong>Des champs diff\u00e9rents d&rsquo;une langue \u00e0 l&rsquo;autre<\/strong><\/strong><\/td><\/tr><tr><td>Lien<\/td><td>Copie<\/td><td>Copier une fois<\/td><\/tr><tr><td>Article<\/td><td>Copie<\/td><td>Copier une fois<\/td><\/tr><tr><td>Lien de la page<\/td><td>Copie<\/td><td>Copier une fois<\/td><\/tr><tr><td>Relation<\/td><td>Copie<\/td><td>Copier une fois<\/td><\/tr><tr><td>Taxonomie<\/td><td>Copie<\/td><td>Copier une fois<\/td><\/tr><tr><td>Utilisateur<\/td><td>Copie<\/td><td>Copier une fois<\/td><\/tr><\/tbody><\/table><\/figure>\n","protected":false},"excerpt":{"rendered":"<p>ACF Multilingual s&rsquo;appuie sur les pr\u00e9f\u00e9rences de traduction pour g\u00e9rer l&rsquo;apparition des champs personnalis\u00e9s dans les diff\u00e9rentes versions linguistiques de votre site. Alors que vous pouvez choisir entre deux options de traduction avec des pr\u00e9f\u00e9rences de traduction pr\u00e9d\u00e9finies, le mode Expert vous permet de contr\u00f4ler la fa\u00e7on dont chaque champ appara\u00eet dans les langues secondaires. [&hellip;]<\/p>\n","protected":false},"author":538393,"featured_media":0,"parent":15235356,"menu_order":23,"comment_status":"closed","ping_status":"closed","template":"","meta":{"_bbp_topic_count":0,"_bbp_reply_count":0,"_bbp_total_topic_count":0,"_bbp_total_reply_count":0,"_bbp_voice_count":0,"_bbp_anonymous_reply_count":0,"_bbp_topic_count_hidden":0,"_bbp_reply_count_hidden":0,"_bbp_forum_subforum_count":0,"_uag_custom_page_level_css":"","ep_exclude_from_search":false,"footnotes":""},"related-projects-category":[],"class_list":["post-15655612","page","type-page","status-publish","hentry"],"spectra_custom_meta":{"ratings_users":["0"],"ratings_score":["0"],"ratings_average":["0"],"_subscription_coupon_product_id":["0"],"_wpv_contains_gutenberg_views":[""],"_alp_processed":["1717682461"],"wpcf-unformatted-code":[""],"_wpml_media_duplicate":["1"],"_wpml_media_featured":["1"],"toolset_post_editor_mode":["block"],"wpcf-price-increase-show-from":[""],"wpcf-price-increase-show-till":[""],"_last_translation_edit_mode":["translation-editor"],"_wp_page_template":[""],"_yoast_wpseo_metadesc":["ACF Multilingual s'appuie sur les pr\u00e9f\u00e9rences de traduction pour g\u00e9rer l'apparition des champs personnalis\u00e9s dans les diff\u00e9rentes versions linguistiques de votre site."],"_uag_css_file_name":["uag-css-15655612.css"],"_uag_page_assets":["a:9:{s:3:\"css\";s:260:\".uag-blocks-common-selector{z-index:var(--z-index-desktop) !important}@media(max-width: 976px){.uag-blocks-common-selector{z-index:var(--z-index-tablet) !important}}@media(max-width: 767px){.uag-blocks-common-selector{z-index:var(--z-index-mobile) !important}}\";s:2:\"js\";s:0:\"\";s:18:\"current_block_list\";a:10:{i:0;s:14:\"core\/paragraph\";i:1;s:19:\"toolset-blocks\/grid\";i:2;s:26:\"toolset-blocks\/grid-column\";i:3;s:22:\"toolset-blocks\/heading\";i:4;s:24:\"toolset-blocks\/container\";i:5;s:9:\"core\/list\";i:6;s:14:\"core\/list-item\";i:7;s:12:\"core\/heading\";i:8;s:10:\"core\/table\";i:9;s:14:\"core\/shortcode\";}s:8:\"uag_flag\";b:0;s:11:\"uag_version\";s:10:\"1778851082\";s:6:\"gfonts\";a:0:{}s:10:\"gfonts_url\";s:0:\"\";s:12:\"gfonts_files\";a:0:{}s:14:\"uag_faq_layout\";b:0;}"]},"uagb_featured_image_src":{"full":false,"thumbnail":false,"medium":false,"medium_large":false,"large":false,"1536x1536":false,"2048x2048":false,"gform-image-choice-sm":false,"gform-image-choice-md":false,"gform-image-choice-lg":false,"woocommerce_thumbnail":false,"woocommerce_single":false,"woocommerce_gallery_thumbnail":false},"uagb_author_info":{"display_name":"Kathy","author_link":"https:\/\/wpml.org\/fr\/author\/kathy-b\/"},"uagb_comment_info":0,"uagb_excerpt":"ACF Multilingual s&rsquo;appuie sur les pr\u00e9f\u00e9rences de traduction pour g\u00e9rer l&rsquo;apparition des champs personnalis\u00e9s dans les diff\u00e9rentes versions linguistiques de votre site. Alors que vous pouvez choisir entre deux options de traduction avec des pr\u00e9f\u00e9rences de traduction pr\u00e9d\u00e9finies, le mode Expert vous permet de contr\u00f4ler la fa\u00e7on dont chaque champ appara\u00eet dans les langues secondaires.\u2026","_links":{"self":[{"href":"https:\/\/wpml.org\/fr\/wp-json\/wp\/v2\/pages\/15655612","targetHints":{"allow":["GET"]}}],"collection":[{"href":"https:\/\/wpml.org\/fr\/wp-json\/wp\/v2\/pages"}],"about":[{"href":"https:\/\/wpml.org\/fr\/wp-json\/wp\/v2\/types\/page"}],"author":[{"embeddable":true,"href":"https:\/\/wpml.org\/fr\/wp-json\/wp\/v2\/users\/538393"}],"replies":[{"embeddable":true,"href":"https:\/\/wpml.org\/fr\/wp-json\/wp\/v2\/comments?post=15655612"}],"version-history":[{"count":5,"href":"https:\/\/wpml.org\/fr\/wp-json\/wp\/v2\/pages\/15655612\/revisions"}],"predecessor-version":[{"id":15711497,"href":"https:\/\/wpml.org\/fr\/wp-json\/wp\/v2\/pages\/15655612\/revisions\/15711497"}],"up":[{"embeddable":true,"href":"https:\/\/wpml.org\/fr\/wp-json\/wp\/v2\/pages\/15235356"}],"wp:attachment":[{"href":"https:\/\/wpml.org\/fr\/wp-json\/wp\/v2\/media?parent=15655612"}],"wp:term":[{"taxonomy":"related-projects-category","embeddable":true,"href":"https:\/\/wpml.org\/fr\/wp-json\/wp\/v2\/related-projects-category?post=15655612"}],"curies":[{"name":"wp","href":"https:\/\/api.w.org\/{rel}","templated":true}]}}