{"id":15711931,"date":"2024-06-06T14:25:10","date_gmt":"2024-06-06T14:25:10","guid":{"rendered":"https:\/\/wpml.org\/documentation-6\/guide-de-demarrage-rapide\/configuration-de-la-langue\/masquer-les-langues-sur-le-front-office\/"},"modified":"2024-12-10T14:07:30","modified_gmt":"2024-12-10T14:07:30","slug":"masquer-les-langues-sur-le-front-office","status":"publish","type":"page","link":"https:\/\/wpml.org\/fr\/documentation-6\/guide-de-demarrage-rapide\/configuration-de-la-langue\/masquer-les-langues-sur-le-front-office\/","title":{"rendered":"Masquer les langues sur le Front-office"},"content":{"rendered":"\n<p class=\"lead\">WPML vous permet de masquer les langues sur votre site lors de la pr\u00e9paration des traductions, garantissant que le contenu incomplet reste cach\u00e9.<\/p>\n\n<p>Pour masquer une langue sur le front-end, allez \u00e0 la page <strong>WPML<\/strong> \u2192 <strong>Langues<\/strong> et dans la section <strong>Masquer les langues<\/strong>, s\u00e9lectionnez toutes les langues que vous souhaitez masquer. Apr\u00e8s avoir s\u00e9lectionn\u00e9 les langues, cliquez sur le bouton <strong>Enregistrer<\/strong>.<\/p>\n<div class=\"wp-block-image\">\n<figure class=\" tb-image tb-image-dynamic tb-image-frame-none aligncenter\" data-toolset-blocks-image=\"0c937333e46f9ddfe3e313c71fd8ecd4\"><a href=\"https:\/\/wpml.org\/wp-content\/uploads\/2021\/08\/wpml-hiding-language-from-frontend.png\"><img decoding=\"async\" width=\"1127\" height=\"569\" loading=\"lazy\" src=\"https:\/\/wpml.org\/wp-content\/uploads\/2021\/08\/wpml-hiding-language-from-frontend.png\" alt=\"\" class=\"wp-image-9390465\" srcset=\"https:\/\/wpml.org\/wp-content\/uploads\/2021\/08\/wpml-hiding-language-from-frontend.png 1127w, https:\/\/wpml.org\/wp-content\/uploads\/2021\/08\/wpml-hiding-language-from-frontend-300x151.png 300w, https:\/\/wpml.org\/wp-content\/uploads\/2021\/08\/wpml-hiding-language-from-frontend-1024x517.png 1024w, https:\/\/wpml.org\/wp-content\/uploads\/2021\/08\/wpml-hiding-language-from-frontend-150x76.png 150w, https:\/\/wpml.org\/wp-content\/uploads\/2021\/08\/wpml-hiding-language-from-frontend-768x388.png 768w\" sizes=\"auto, (max-width: 1127px) 100vw, 1127px\" \/><\/a><figcaption><div class=\"tb-image-caption\">Masquer la langue sur le front-end<\/div><\/figcaption><\/figure>\n<\/div>\n<h2 class=\"wp-block-heading\">Envoyer du contenu \u00e0 la traduction et relire les traductions pour les langues cach\u00e9es<\/h2>\n\n<p>Pour <a href=\"https:\/\/wpml.org\/documentation\/translating-your-contents\/\">envoyer du contenu \u00e0 la traduction<\/a> pour les langues masqu\u00e9es, vous devez d&rsquo;abord ajuster un param\u00e8tre de profil utilisateur pour vos traducteurs. Cela s&rsquo;applique \u00e9galement si vous devez permettre aux traducteurs de revoir et d&rsquo;approuver les traductions en attente pour ces langues.<\/p>\n\n<ol class=\"wp-block-list\">\n<li>Allez dans <strong>Utilisateurs <\/strong>\u2192 <strong>Tous les utilisateurs<\/strong> et cliquez sur <strong>Modifier<\/strong> \u00e0 c\u00f4t\u00e9 d&rsquo;un utilisateur dont vous voulez voir les langues cach\u00e9es.<\/li>\n\n\n\n<li>Trouvez la section <strong>param\u00e8tres de langue de WPML<\/strong> et cochez la case <strong>Afficher les langues masqu\u00e9es<\/strong>.<\/li>\n\n\n\n<li>Cliquez sur le bouton <strong>Mettre \u00e0 jour le profil<\/strong> pour enregistrer.<\/li>\n<\/ol>\n<div class=\"wp-block-image\">\n<figure class=\" tb-image tb-image-dynamic tb-image-frame-none aligncenter\" data-toolset-blocks-image=\"f7338b238b5c7b32fd2f9da85b9f02a0\"><a href=\"https:\/\/wpml.org\/wp-content\/uploads\/2021\/10\/wpml-edit-user-profile-settings.png\"><img decoding=\"async\" width=\"877\" height=\"438\" loading=\"lazy\" src=\"https:\/\/wpml.org\/wp-content\/uploads\/2021\/10\/wpml-edit-user-profile-settings.png\" alt=\"\" class=\"wp-image-9764293\" srcset=\"https:\/\/wpml.org\/wp-content\/uploads\/2021\/10\/wpml-edit-user-profile-settings.png 877w, https:\/\/wpml.org\/wp-content\/uploads\/2021\/10\/wpml-edit-user-profile-settings-300x150.png 300w, https:\/\/wpml.org\/wp-content\/uploads\/2021\/10\/wpml-edit-user-profile-settings-150x75.png 150w, https:\/\/wpml.org\/wp-content\/uploads\/2021\/10\/wpml-edit-user-profile-settings-768x384.png 768w\" sizes=\"auto, (max-width: 877px) 100vw, 877px\" \/><\/a><figcaption><div class=\"tb-image-caption\">Modification des param\u00e8tres du profil de l&rsquo;utilisateur<\/div><\/figcaption><\/figure>\n<\/div>\n<p>Vous pouvez d\u00e9sormais attribuer des travaux de traduction \u00e0 cet utilisateur sp\u00e9cifique et lui permettre de relire les traductions pour les langues cach\u00e9es.<\/p>\n","protected":false},"excerpt":{"rendered":"<p>WPML vous permet de masquer les langues sur votre site lors de la pr\u00e9paration des traductions, garantissant que le contenu incomplet reste cach\u00e9. Pour masquer une langue sur le front-end, allez \u00e0 la page WPML \u2192 Langues et dans la section Masquer les langues, s\u00e9lectionnez toutes les langues que vous souhaitez masquer. Apr\u00e8s avoir s\u00e9lectionn\u00e9 [&hellip;]<\/p>\n","protected":false},"author":76577,"featured_media":0,"parent":103380,"menu_order":39,"comment_status":"closed","ping_status":"closed","template":"template-nosidebar-centered.php","meta":{"_bbp_topic_count":0,"_bbp_reply_count":0,"_bbp_total_topic_count":0,"_bbp_total_reply_count":0,"_bbp_voice_count":0,"_bbp_anonymous_reply_count":0,"_bbp_topic_count_hidden":0,"_bbp_reply_count_hidden":0,"_bbp_forum_subforum_count":0,"_uag_custom_page_level_css":"","ep_exclude_from_search":false,"footnotes":""},"related-projects-category":[],"class_list":["post-15711931","page","type-page","status-publish","hentry"],"spectra_custom_meta":{"ratings_users":["0"],"ratings_score":["0"],"ratings_average":["0"],"_subscription_coupon_product_id":["0"],"_wpv_contains_gutenberg_views":[""],"_alp_processed":["1733839650"],"_views_template":["0"],"wpcf-unformatted-code":[""],"_wpml_media_duplicate":["1"],"_wpml_media_featured":["1"],"toolset_post_editor_mode":["block"],"wpcf-price-increase-show-from":[""],"wpcf-price-increase-show-till":[""],"_wp_page_template":["template-nosidebar-centered.php"],"_last_translation_edit_mode":["translation-editor"],"_yoast_wpseo_title":["Masquer les langues sur le front-end - WPML"],"_yoast_wpseo_metadesc":["WPML vous permet de masquer les langues sur votre site lors de la pr\u00e9paration des traductions, garantissant que le contenu incomplet reste cach\u00e9."],"_wpml_word_count":["234"],"_uagb_previous_block_counts":["a:90:{s:21:\"uagb\/advanced-heading\";i:0;s:15:\"uagb\/blockquote\";i:0;s:12:\"uagb\/buttons\";i:0;s:18:\"uagb\/buttons-child\";i:0;s:19:\"uagb\/call-to-action\";i:0;s:15:\"uagb\/cf7-styler\";i:0;s:11:\"uagb\/column\";i:0;s:12:\"uagb\/columns\";i:0;s:14:\"uagb\/container\";i:0;s:21:\"uagb\/content-timeline\";i:0;s:27:\"uagb\/content-timeline-child\";i:0;s:14:\"uagb\/countdown\";i:0;s:12:\"uagb\/counter\";i:0;s:8:\"uagb\/faq\";i:0;s:14:\"uagb\/faq-child\";i:0;s:10:\"uagb\/forms\";i:0;s:17:\"uagb\/forms-accept\";i:0;s:19:\"uagb\/forms-checkbox\";i:0;s:15:\"uagb\/forms-date\";i:0;s:16:\"uagb\/forms-email\";i:0;s:17:\"uagb\/forms-hidden\";i:0;s:15:\"uagb\/forms-name\";i:0;s:16:\"uagb\/forms-phone\";i:0;s:16:\"uagb\/forms-radio\";i:0;s:17:\"uagb\/forms-select\";i:0;s:19:\"uagb\/forms-textarea\";i:0;s:17:\"uagb\/forms-toggle\";i:0;s:14:\"uagb\/forms-url\";i:0;s:14:\"uagb\/gf-styler\";i:0;s:15:\"uagb\/google-map\";i:0;s:11:\"uagb\/how-to\";i:0;s:16:\"uagb\/how-to-step\";i:0;s:9:\"uagb\/icon\";i:0;s:14:\"uagb\/icon-list\";i:0;s:20:\"uagb\/icon-list-child\";i:0;s:10:\"uagb\/image\";i:0;s:18:\"uagb\/image-gallery\";i:0;s:13:\"uagb\/info-box\";i:0;s:18:\"uagb\/inline-notice\";i:0;s:11:\"uagb\/lottie\";i:0;s:21:\"uagb\/marketing-button\";i:0;s:10:\"uagb\/modal\";i:0;s:18:\"uagb\/popup-builder\";i:0;s:16:\"uagb\/post-button\";i:0;s:18:\"uagb\/post-carousel\";i:0;s:17:\"uagb\/post-excerpt\";i:0;s:14:\"uagb\/post-grid\";i:0;s:15:\"uagb\/post-image\";i:0;s:17:\"uagb\/post-masonry\";i:0;s:14:\"uagb\/post-meta\";i:0;s:18:\"uagb\/post-taxonomy\";i:0;s:18:\"uagb\/post-timeline\";i:0;s:15:\"uagb\/post-title\";i:0;s:20:\"uagb\/restaurant-menu\";i:0;s:26:\"uagb\/restaurant-menu-child\";i:0;s:11:\"uagb\/review\";i:0;s:12:\"uagb\/section\";i:0;s:14:\"uagb\/separator\";i:0;s:11:\"uagb\/slider\";i:0;s:17:\"uagb\/slider-child\";i:0;s:17:\"uagb\/social-share\";i:0;s:23:\"uagb\/social-share-child\";i:0;s:16:\"uagb\/star-rating\";i:0;s:23:\"uagb\/sure-cart-checkout\";i:0;s:22:\"uagb\/sure-cart-product\";i:0;s:15:\"uagb\/sure-forms\";i:0;s:22:\"uagb\/table-of-contents\";i:0;s:9:\"uagb\/tabs\";i:0;s:15:\"uagb\/tabs-child\";i:0;s:18:\"uagb\/taxonomy-list\";i:0;s:9:\"uagb\/team\";i:0;s:16:\"uagb\/testimonial\";i:0;s:14:\"uagb\/wp-search\";i:0;s:19:\"uagb\/instagram-feed\";i:0;s:10:\"uagb\/login\";i:0;s:17:\"uagb\/loop-builder\";i:0;s:18:\"uagb\/loop-category\";i:0;s:20:\"uagb\/loop-pagination\";i:0;s:15:\"uagb\/loop-reset\";i:0;s:16:\"uagb\/loop-search\";i:0;s:14:\"uagb\/loop-sort\";i:0;s:17:\"uagb\/loop-wrapper\";i:0;s:13:\"uagb\/register\";i:0;s:19:\"uagb\/register-email\";i:0;s:24:\"uagb\/register-first-name\";i:0;s:23:\"uagb\/register-last-name\";i:0;s:22:\"uagb\/register-password\";i:0;s:30:\"uagb\/register-reenter-password\";i:0;s:19:\"uagb\/register-terms\";i:0;s:22:\"uagb\/register-username\";i:0;}"],"_uag_css_file_name":["uag-css-15711931.css"],"_uag_page_assets":["a:9:{s:3:\"css\";s:260:\".uag-blocks-common-selector{z-index:var(--z-index-desktop) !important}@media(max-width: 976px){.uag-blocks-common-selector{z-index:var(--z-index-tablet) !important}}@media(max-width: 767px){.uag-blocks-common-selector{z-index:var(--z-index-mobile) !important}}\";s:2:\"js\";s:0:\"\";s:18:\"current_block_list\";a:6:{i:0;s:14:\"core\/paragraph\";i:1;s:20:\"toolset-blocks\/image\";i:2;s:12:\"core\/heading\";i:3;s:9:\"core\/list\";i:4;s:14:\"core\/list-item\";i:5;s:14:\"core\/shortcode\";}s:8:\"uag_flag\";b:0;s:11:\"uag_version\";s:10:\"1778314395\";s:6:\"gfonts\";a:0:{}s:10:\"gfonts_url\";s:0:\"\";s:12:\"gfonts_files\";a:0:{}s:14:\"uag_faq_layout\";b:0;}"]},"uagb_featured_image_src":{"full":false,"thumbnail":false,"medium":false,"medium_large":false,"large":false,"1536x1536":false,"2048x2048":false,"gform-image-choice-sm":false,"gform-image-choice-md":false,"gform-image-choice-lg":false,"woocommerce_thumbnail":false,"woocommerce_single":false,"woocommerce_gallery_thumbnail":false},"uagb_author_info":{"display_name":"Dario","author_link":"https:\/\/wpml.org\/fr\/author\/darioh\/"},"uagb_comment_info":0,"uagb_excerpt":"WPML vous permet de masquer les langues sur votre site lors de la pr\u00e9paration des traductions, garantissant que le contenu incomplet reste cach\u00e9. Pour masquer une langue sur le front-end, allez \u00e0 la page WPML \u2192 Langues et dans la section Masquer les langues, s\u00e9lectionnez toutes les langues que vous souhaitez masquer. Apr\u00e8s avoir s\u00e9lectionn\u00e9\u2026","_links":{"self":[{"href":"https:\/\/wpml.org\/fr\/wp-json\/wp\/v2\/pages\/15711931","targetHints":{"allow":["GET"]}}],"collection":[{"href":"https:\/\/wpml.org\/fr\/wp-json\/wp\/v2\/pages"}],"about":[{"href":"https:\/\/wpml.org\/fr\/wp-json\/wp\/v2\/types\/page"}],"author":[{"embeddable":true,"href":"https:\/\/wpml.org\/fr\/wp-json\/wp\/v2\/users\/76577"}],"replies":[{"embeddable":true,"href":"https:\/\/wpml.org\/fr\/wp-json\/wp\/v2\/comments?post=15711931"}],"version-history":[{"count":3,"href":"https:\/\/wpml.org\/fr\/wp-json\/wp\/v2\/pages\/15711931\/revisions"}],"predecessor-version":[{"id":16498673,"href":"https:\/\/wpml.org\/fr\/wp-json\/wp\/v2\/pages\/15711931\/revisions\/16498673"}],"up":[{"embeddable":true,"href":"https:\/\/wpml.org\/fr\/wp-json\/wp\/v2\/pages\/103380"}],"wp:attachment":[{"href":"https:\/\/wpml.org\/fr\/wp-json\/wp\/v2\/media?parent=15711931"}],"wp:term":[{"taxonomy":"related-projects-category","embeddable":true,"href":"https:\/\/wpml.org\/fr\/wp-json\/wp\/v2\/related-projects-category?post=15711931"}],"curies":[{"name":"wp","href":"https:\/\/api.w.org\/{rel}","templated":true}]}}