{"id":15990776,"date":"2024-04-16T14:44:19","date_gmt":"2024-04-16T14:44:19","guid":{"rendered":"https:\/\/wpml.org\/documentation-6\/guide-de-demarrage-rapide\/utilisation-des-icones-plus-de-wpml-pour-traduire-le-contenu\/"},"modified":"2024-07-29T20:07:57","modified_gmt":"2024-07-29T20:07:57","slug":"utilisation-des-icones-plus-de-wpml-pour-traduire-le-contenu","status":"publish","type":"page","link":"https:\/\/wpml.org\/fr\/documentation-6\/guide-de-demarrage-rapide\/utilisation-des-icones-plus-de-wpml-pour-traduire-le-contenu\/","title":{"rendered":"Utilisation des ic\u00f4nes Plus de WPML pour traduire le contenu"},"content":{"rendered":"\n<p class=\"lead\">Si vous avez un compte WPML Multilingual Blog, vous devez utiliser les ic\u00f4nes Plus pour traduire.\nCes ic\u00f4nes apparaissent sur les pages de liste dans l&rsquo;administration et lors de l&rsquo;\u00e9dition de contenu. <\/p>\n\n<h2 class=\"wp-block-heading\">Comment traduire du contenu en utilisant les ic\u00f4nes Plus <\/h2>\n\n<p>Vous pouvez traduire du contenu en utilisant les ic\u00f4nes Plus \u00e0 deux endroits : l&rsquo;\u00e9cran d&rsquo;administration ou l&rsquo;\u00e9diteur de blocs.\nPour traduire du contenu : <\/p>\n\n<ol class=\"wp-block-list\">\n<li>Cliquez sur l&rsquo;ic\u00f4ne <strong>Plus<\/strong> pour la langue dans laquelle vous souhaitez traduire. <\/li>\n<\/ol>\n\n<div class=\"wp-block-toolset-blocks-grid tb-grid\" data-toolset-blocks-grid=\"3d9c399fe625e1b972f817a0680229f6\">\n<div class=\"wp-block-toolset-blocks-grid-column tb-grid-column tb-grid-align-top\" data-toolset-blocks-grid-column=\"3034fbe886c11054e95b46b09d3e4112\">\n<figure class=\"wp-block-image tb-image tb-image-dynamic tb-image-frame-none\" data-toolset-blocks-image=\"2f115c8fd8e5e0cda10546288e45f865\"><a href=\"https:\/\/wpml.org\/wp-content\/uploads\/2024\/05\/Clicking-plus-icon-in-listing-screen.png\"><img decoding=\"async\" width=\"1024\" height=\"553\" loading=\"lazy\" src=\"https:\/\/wpml.org\/wp-content\/uploads\/2024\/05\/Clicking-plus-icon-in-listing-screen-1024x553.png\" alt=\"Clicking plus icon in listing screen\" class=\"wp-image-15608570\" srcset=\"https:\/\/wpml.org\/wp-content\/uploads\/2024\/05\/Clicking-plus-icon-in-listing-screen-1024x553.png 1024w, https:\/\/wpml.org\/wp-content\/uploads\/2024\/05\/Clicking-plus-icon-in-listing-screen-300x162.png 300w, https:\/\/wpml.org\/wp-content\/uploads\/2024\/05\/Clicking-plus-icon-in-listing-screen-150x81.png 150w, https:\/\/wpml.org\/wp-content\/uploads\/2024\/05\/Clicking-plus-icon-in-listing-screen-768x415.png 768w, https:\/\/wpml.org\/wp-content\/uploads\/2024\/05\/Clicking-plus-icon-in-listing-screen-1536x829.png 1536w, https:\/\/wpml.org\/wp-content\/uploads\/2024\/05\/Clicking-plus-icon-in-listing-screen.png 1660w\" sizes=\"auto, (max-width: 1024px) 100vw, 1024px\" \/><\/a><figcaption><div class=\"tb-image-caption\">Cliquer sur l&rsquo;ic\u00f4ne Plus dans l&rsquo;\u00e9cran d&rsquo;administration<\/div><\/figcaption><\/figure>\n<\/div>\n\n\n\n<div class=\"wp-block-toolset-blocks-grid-column tb-grid-column tb-grid-align-top\" data-toolset-blocks-grid-column=\"3034fbe886c11054e95b46b09d3e4112\">\n<figure class=\"wp-block-image tb-image tb-image-dynamic tb-image-frame-none\" data-toolset-blocks-image=\"64f69c6f95222233407de438a3478a4e\"><a href=\"https:\/\/wpml.org\/wp-content\/uploads\/2024\/05\/clicking-plus-icon-in-Block-Editor.png\"><img decoding=\"async\" width=\"1024\" height=\"569\" loading=\"lazy\" src=\"https:\/\/wpml.org\/wp-content\/uploads\/2024\/05\/clicking-plus-icon-in-Block-Editor-1024x569.png\" alt=\"Clicking plus icon in Block Editor\" class=\"wp-image-15608487\" srcset=\"https:\/\/wpml.org\/wp-content\/uploads\/2024\/05\/clicking-plus-icon-in-Block-Editor-1024x569.png 1024w, https:\/\/wpml.org\/wp-content\/uploads\/2024\/05\/clicking-plus-icon-in-Block-Editor-300x167.png 300w, https:\/\/wpml.org\/wp-content\/uploads\/2024\/05\/clicking-plus-icon-in-Block-Editor-150x83.png 150w, https:\/\/wpml.org\/wp-content\/uploads\/2024\/05\/clicking-plus-icon-in-Block-Editor-768x426.png 768w, https:\/\/wpml.org\/wp-content\/uploads\/2024\/05\/clicking-plus-icon-in-Block-Editor-1536x853.png 1536w, https:\/\/wpml.org\/wp-content\/uploads\/2024\/05\/clicking-plus-icon-in-Block-Editor.png 1637w\" sizes=\"auto, (max-width: 1024px) 100vw, 1024px\" \/><\/a><figcaption><div class=\"tb-image-caption\">Cliquer sur l&rsquo;ic\u00f4ne Plus dans l&rsquo;\u00e9diteur de blocs<\/div><\/figcaption><\/figure>\n<\/div>\n<\/div>\n\n<ol class=\"wp-block-list\" start=\"2\">\n<li>Cela ouvre une page vierge. Pour cr\u00e9er une traduction compl\u00e8tement diff\u00e9rente, ajoutez simplement votre texte sur la page. Si vous souhaitez commencer avec le contenu original et apporter des modifications, cliquez sur <strong>Copier le contenu de [default language]<\/strong>.   <\/li>\n<\/ol>\n\n<figure class=\"wp-block-image tb-image tb-image-dynamic tb-image-frame-none\" data-toolset-blocks-image=\"ce2a153bf5073b232f234cd550e8fa7b\"><a href=\"https:\/\/wpml.org\/wp-content\/uploads\/2024\/05\/Translating-page-into-French.png\"><img decoding=\"async\" width=\"1024\" height=\"540\" loading=\"lazy\" src=\"https:\/\/wpml.org\/wp-content\/uploads\/2024\/05\/Translating-page-into-French-1024x540.png\" alt=\"Translating page\" class=\"wp-image-15608646\" srcset=\"https:\/\/wpml.org\/wp-content\/uploads\/2024\/05\/Translating-page-into-French-1024x540.png 1024w, https:\/\/wpml.org\/wp-content\/uploads\/2024\/05\/Translating-page-into-French-300x158.png 300w, https:\/\/wpml.org\/wp-content\/uploads\/2024\/05\/Translating-page-into-French-150x79.png 150w, https:\/\/wpml.org\/wp-content\/uploads\/2024\/05\/Translating-page-into-French-768x405.png 768w, https:\/\/wpml.org\/wp-content\/uploads\/2024\/05\/Translating-page-into-French-1536x810.png 1536w, https:\/\/wpml.org\/wp-content\/uploads\/2024\/05\/Translating-page-into-French.png 1636w\" sizes=\"auto, (max-width: 1024px) 100vw, 1024px\" \/><\/a><figcaption><div class=\"tb-image-caption\">Copier le contenu de la langue par d\u00e9faut<\/div><\/figcaption><\/figure>\n\n<ol class=\"wp-block-list\" start=\"3\">\n<li>Une fois que vous avez termin\u00e9 d&rsquo;ajouter des traductions, cliquez sur <strong>Publier<\/strong>. Vos traductions appara\u00eetront maintenant sur votre site lorsque vous changerez de langue.  <\/li>\n<\/ol>\n\n<div class=\"wp-block-toolset-blocks-grid tb-grid\" data-toolset-blocks-grid=\"3d9c399fe625e1b972f817a0680229f6\">\n<div class=\"wp-block-toolset-blocks-grid-column tb-grid-column tb-grid-align-top\" data-toolset-blocks-grid-column=\"3034fbe886c11054e95b46b09d3e4112\">\n<figure class=\"wp-block-image tb-image tb-image-dynamic tb-image-frame-none\" data-toolset-blocks-image=\"22c8fbbb5e2d7ad661b741e07cfd2257\"><a href=\"https:\/\/wpml.org\/wp-content\/uploads\/2024\/05\/contact-us-english-1.png\"><img decoding=\"async\" width=\"1024\" height=\"595\" loading=\"lazy\" src=\"https:\/\/wpml.org\/wp-content\/uploads\/2024\/05\/contact-us-english-1-1024x595.png\" alt=\"Contact page in English\" class=\"wp-image-15608710\" srcset=\"https:\/\/wpml.org\/wp-content\/uploads\/2024\/05\/contact-us-english-1-1024x595.png 1024w, https:\/\/wpml.org\/wp-content\/uploads\/2024\/05\/contact-us-english-1-300x174.png 300w, https:\/\/wpml.org\/wp-content\/uploads\/2024\/05\/contact-us-english-1-150x87.png 150w, https:\/\/wpml.org\/wp-content\/uploads\/2024\/05\/contact-us-english-1-768x446.png 768w, https:\/\/wpml.org\/wp-content\/uploads\/2024\/05\/contact-us-english-1.png 1076w\" sizes=\"auto, (max-width: 1024px) 100vw, 1024px\" \/><\/a><figcaption><div class=\"tb-image-caption\">Page de contact en anglais<\/div><\/figcaption><\/figure>\n<\/div>\n\n\n\n<div class=\"wp-block-toolset-blocks-grid-column tb-grid-column tb-grid-align-top\" data-toolset-blocks-grid-column=\"3034fbe886c11054e95b46b09d3e4112\">\n<figure class=\"wp-block-image tb-image tb-image-dynamic tb-image-frame-none\" data-toolset-blocks-image=\"21318bb96089fd72f1c2aa9d4c90268f\"><a href=\"https:\/\/wpml.org\/wp-content\/uploads\/2024\/05\/contact-us-French.png\"><img decoding=\"async\" width=\"1024\" height=\"626\" loading=\"lazy\" src=\"https:\/\/wpml.org\/wp-content\/uploads\/2024\/05\/contact-us-French-1024x626.png\" alt=\"Contact page in French\" class=\"wp-image-15608696\" srcset=\"https:\/\/wpml.org\/wp-content\/uploads\/2024\/05\/contact-us-French-1024x626.png 1024w, https:\/\/wpml.org\/wp-content\/uploads\/2024\/05\/contact-us-French-300x183.png 300w, https:\/\/wpml.org\/wp-content\/uploads\/2024\/05\/contact-us-French-150x92.png 150w, https:\/\/wpml.org\/wp-content\/uploads\/2024\/05\/contact-us-French-768x470.png 768w, https:\/\/wpml.org\/wp-content\/uploads\/2024\/05\/contact-us-French.png 1076w\" sizes=\"auto, (max-width: 1024px) 100vw, 1024px\" \/><\/a><figcaption><div class=\"tb-image-caption\">Page de contact en fran\u00e7ais<\/div><\/figcaption><\/figure>\n<\/div>\n<\/div>\n\n<p>Si vous souhaitez modifier vos traductions, cliquez sur l&rsquo;ic\u00f4ne <strong>Crayon<\/strong> dans l&rsquo;\u00e9cran d&rsquo;administration. <\/p>\n\n<figure class=\"wp-block-image tb-image tb-image-dynamic tb-image-frame-none\" data-toolset-blocks-image=\"53d4d5629653bdc1001427246805db33\"><a href=\"https:\/\/wpml.org\/wp-content\/uploads\/2024\/05\/Editing-translation-in-listing-screen.png\"><img decoding=\"async\" width=\"1024\" height=\"553\" loading=\"lazy\" src=\"https:\/\/wpml.org\/wp-content\/uploads\/2024\/05\/Editing-translation-in-listing-screen-1024x553.png\" alt=\"Editing translation in listing screen\" class=\"wp-image-15608602\" srcset=\"https:\/\/wpml.org\/wp-content\/uploads\/2024\/05\/Editing-translation-in-listing-screen-1024x553.png 1024w, https:\/\/wpml.org\/wp-content\/uploads\/2024\/05\/Editing-translation-in-listing-screen-300x162.png 300w, https:\/\/wpml.org\/wp-content\/uploads\/2024\/05\/Editing-translation-in-listing-screen-150x81.png 150w, https:\/\/wpml.org\/wp-content\/uploads\/2024\/05\/Editing-translation-in-listing-screen-768x415.png 768w, https:\/\/wpml.org\/wp-content\/uploads\/2024\/05\/Editing-translation-in-listing-screen-1536x829.png 1536w, https:\/\/wpml.org\/wp-content\/uploads\/2024\/05\/Editing-translation-in-listing-screen.png 1660w\" sizes=\"auto, (max-width: 1024px) 100vw, 1024px\" \/><\/a><figcaption><div class=\"tb-image-caption\">Modifier la traduction dans l&rsquo;\u00e9cran d&rsquo;administration<\/div><\/figcaption><\/figure>\n\n<h2 class=\"wp-block-heading\">Vous recherchez de Gestion de traduction centralis\u00e9e et la traduction automatique ?<\/h2>\n\n<p>Si vous avez un compte WPML Multilingual Blog, vous manquez la fonctionnalit\u00e9 de Gestion de traduction. Elle offre un tableau de bord o\u00f9 vous pouvez g\u00e9rer toutes les traductions de votre site : <\/p>\n\n<ul class=\"wp-block-list\">\n<li>Choisissez la meilleure m\u00e9thode de traduction pour chaque partie de votre site<\/li>\n\n\n\n<li>Envoyer du contenu pour traduction<\/li>\n\n\n\n<li>Suivre la progression des traductions dans toutes les langues<\/li>\n<\/ul>\n\n<p>Et encore plus.<\/p>\n\n<p>La mise \u00e0 niveau de votre compte Multilingual Blog est facile :<\/p>\n\n<ol class=\"wp-block-list\">\n<li>Allez sur <a href=\"https:\/\/wpml.org\/fr\/account\/\">votre compte WPML<\/a> et cliquez sur le lien <strong>Options de mise \u00e0 niveau<\/strong> dans la barre lat\u00e9rale. <\/li>\n\n\n\n<li>Cliquez pour choisir de passer \u00e0 un compte Multilingual CMS ou Multilingual Agency.\nDans les deux cas, vous ne paierez que la diff\u00e9rence de prix entre votre compte Multilingual Blog et le nouveau type de compte que vous choisissez. <\/li>\n<\/ol>\n\n<figure class=\"wp-block-image tb-image tb-image-dynamic tb-image-frame-none\" data-toolset-blocks-image=\"9c605095dab62ab99440483419664ea1\"><a href=\"https:\/\/wpml.org\/wp-content\/uploads\/2024\/04\/blog-upgrade-proportions-arrow-1.png\"><img decoding=\"async\" width=\"1648\" height=\"1026\" loading=\"lazy\" src=\"https:\/\/wpml.org\/wp-content\/uploads\/2024\/04\/blog-upgrade-proportions-arrow-1.png\" alt=\"\" class=\"wp-image-15526034\" srcset=\"https:\/\/wpml.org\/wp-content\/uploads\/2024\/04\/blog-upgrade-proportions-arrow-1.png 1648w, https:\/\/wpml.org\/wp-content\/uploads\/2024\/04\/blog-upgrade-proportions-arrow-1-300x187.png 300w, https:\/\/wpml.org\/wp-content\/uploads\/2024\/04\/blog-upgrade-proportions-arrow-1-1024x638.png 1024w, https:\/\/wpml.org\/wp-content\/uploads\/2024\/04\/blog-upgrade-proportions-arrow-1-150x93.png 150w, https:\/\/wpml.org\/wp-content\/uploads\/2024\/04\/blog-upgrade-proportions-arrow-1-768x478.png 768w, https:\/\/wpml.org\/wp-content\/uploads\/2024\/04\/blog-upgrade-proportions-arrow-1-1536x956.png 1536w\" sizes=\"auto, (max-width: 1648px) 100vw, 1648px\" \/><\/a><figcaption><div class=\"tb-image-caption\">Mise \u00e0 niveau d&rsquo;un compte WPML Multilingual Blog \u00e0 un prix r\u00e9duit<\/div><\/figcaption><\/figure>\n","protected":false},"excerpt":{"rendered":"<p>Si vous avez un compte WPML Multilingual Blog, vous devez utiliser les ic\u00f4nes Plus pour traduire. Ces ic\u00f4nes apparaissent sur les pages de liste dans l&rsquo;administration et lors de l&rsquo;\u00e9dition de contenu. Comment traduire du contenu en utilisant les ic\u00f4nes Plus Vous pouvez traduire du contenu en utilisant les ic\u00f4nes Plus \u00e0 deux endroits : [&hellip;]<\/p>\n","protected":false},"author":748550,"featured_media":0,"parent":104118,"menu_order":76,"comment_status":"closed","ping_status":"closed","template":"template-nosidebar-centered.php","meta":{"_bbp_topic_count":0,"_bbp_reply_count":0,"_bbp_total_topic_count":0,"_bbp_total_reply_count":0,"_bbp_voice_count":0,"_bbp_anonymous_reply_count":0,"_bbp_topic_count_hidden":0,"_bbp_reply_count_hidden":0,"_bbp_forum_subforum_count":0,"_uag_custom_page_level_css":"","ep_exclude_from_search":false,"footnotes":""},"related-projects-category":[],"class_list":["post-15990776","page","type-page","status-publish","hentry"],"spectra_custom_meta":{"_subscription_coupon_product_id":["0"],"_wpv_contains_gutenberg_views":[""],"_alp_processed":["1722283677"],"wpcf-unformatted-code":[""],"_wpml_media_duplicate":["1"],"_wpml_media_featured":["1"],"toolset_post_editor_mode":["block"],"wpcf-price-increase-show-from":[""],"wpcf-price-increase-show-till":[""],"_last_translation_edit_mode":["translation-editor"],"_yoast_wpseo_metadesc":["Traduisez facilement avec un WPML Multilingual Blog compte. Utilisez les ic\u00f4nes Plus sur les \u00e9crans de liste et dans l'\u00e9diteur WordPress."],"_wp_page_template":["template-nosidebar-centered.php"],"_uagb_previous_block_counts":["a:90:{s:21:\"uagb\/advanced-heading\";i:0;s:15:\"uagb\/blockquote\";i:0;s:12:\"uagb\/buttons\";i:0;s:18:\"uagb\/buttons-child\";i:0;s:19:\"uagb\/call-to-action\";i:0;s:15:\"uagb\/cf7-styler\";i:0;s:11:\"uagb\/column\";i:0;s:12:\"uagb\/columns\";i:0;s:14:\"uagb\/container\";i:0;s:21:\"uagb\/content-timeline\";i:0;s:27:\"uagb\/content-timeline-child\";i:0;s:14:\"uagb\/countdown\";i:0;s:12:\"uagb\/counter\";i:0;s:8:\"uagb\/faq\";i:0;s:14:\"uagb\/faq-child\";i:0;s:10:\"uagb\/forms\";i:0;s:17:\"uagb\/forms-accept\";i:0;s:19:\"uagb\/forms-checkbox\";i:0;s:15:\"uagb\/forms-date\";i:0;s:16:\"uagb\/forms-email\";i:0;s:17:\"uagb\/forms-hidden\";i:0;s:15:\"uagb\/forms-name\";i:0;s:16:\"uagb\/forms-phone\";i:0;s:16:\"uagb\/forms-radio\";i:0;s:17:\"uagb\/forms-select\";i:0;s:19:\"uagb\/forms-textarea\";i:0;s:17:\"uagb\/forms-toggle\";i:0;s:14:\"uagb\/forms-url\";i:0;s:14:\"uagb\/gf-styler\";i:0;s:15:\"uagb\/google-map\";i:0;s:11:\"uagb\/how-to\";i:0;s:16:\"uagb\/how-to-step\";i:0;s:9:\"uagb\/icon\";i:0;s:14:\"uagb\/icon-list\";i:0;s:20:\"uagb\/icon-list-child\";i:0;s:10:\"uagb\/image\";i:0;s:18:\"uagb\/image-gallery\";i:0;s:13:\"uagb\/info-box\";i:0;s:18:\"uagb\/inline-notice\";i:0;s:11:\"uagb\/lottie\";i:0;s:21:\"uagb\/marketing-button\";i:0;s:10:\"uagb\/modal\";i:0;s:18:\"uagb\/popup-builder\";i:0;s:16:\"uagb\/post-button\";i:0;s:18:\"uagb\/post-carousel\";i:0;s:17:\"uagb\/post-excerpt\";i:0;s:14:\"uagb\/post-grid\";i:0;s:15:\"uagb\/post-image\";i:0;s:17:\"uagb\/post-masonry\";i:0;s:14:\"uagb\/post-meta\";i:0;s:18:\"uagb\/post-taxonomy\";i:0;s:18:\"uagb\/post-timeline\";i:0;s:15:\"uagb\/post-title\";i:0;s:20:\"uagb\/restaurant-menu\";i:0;s:26:\"uagb\/restaurant-menu-child\";i:0;s:11:\"uagb\/review\";i:0;s:12:\"uagb\/section\";i:0;s:14:\"uagb\/separator\";i:0;s:11:\"uagb\/slider\";i:0;s:17:\"uagb\/slider-child\";i:0;s:17:\"uagb\/social-share\";i:0;s:23:\"uagb\/social-share-child\";i:0;s:16:\"uagb\/star-rating\";i:0;s:23:\"uagb\/sure-cart-checkout\";i:0;s:22:\"uagb\/sure-cart-product\";i:0;s:15:\"uagb\/sure-forms\";i:0;s:22:\"uagb\/table-of-contents\";i:0;s:9:\"uagb\/tabs\";i:0;s:15:\"uagb\/tabs-child\";i:0;s:18:\"uagb\/taxonomy-list\";i:0;s:9:\"uagb\/team\";i:0;s:16:\"uagb\/testimonial\";i:0;s:14:\"uagb\/wp-search\";i:0;s:19:\"uagb\/instagram-feed\";i:0;s:10:\"uagb\/login\";i:0;s:17:\"uagb\/loop-builder\";i:0;s:18:\"uagb\/loop-category\";i:0;s:20:\"uagb\/loop-pagination\";i:0;s:15:\"uagb\/loop-reset\";i:0;s:16:\"uagb\/loop-search\";i:0;s:14:\"uagb\/loop-sort\";i:0;s:17:\"uagb\/loop-wrapper\";i:0;s:13:\"uagb\/register\";i:0;s:19:\"uagb\/register-email\";i:0;s:24:\"uagb\/register-first-name\";i:0;s:23:\"uagb\/register-last-name\";i:0;s:22:\"uagb\/register-password\";i:0;s:30:\"uagb\/register-reenter-password\";i:0;s:19:\"uagb\/register-terms\";i:0;s:22:\"uagb\/register-username\";i:0;}"]},"uagb_featured_image_src":{"full":false,"thumbnail":false,"medium":false,"medium_large":false,"large":false,"1536x1536":false,"2048x2048":false,"gform-image-choice-sm":false,"gform-image-choice-md":false,"gform-image-choice-lg":false,"woocommerce_thumbnail":false,"woocommerce_single":false,"woocommerce_gallery_thumbnail":false},"uagb_author_info":{"display_name":"Aliaksandra Makarevich","author_link":"https:\/\/wpml.org\/fr\/author\/aliaksandra-m\/"},"uagb_comment_info":0,"uagb_excerpt":"Si vous avez un compte WPML Multilingual Blog, vous devez utiliser les ic\u00f4nes Plus pour traduire. Ces ic\u00f4nes apparaissent sur les pages de liste dans l&rsquo;administration et lors de l&rsquo;\u00e9dition de contenu. Comment traduire du contenu en utilisant les ic\u00f4nes Plus Vous pouvez traduire du contenu en utilisant les ic\u00f4nes Plus \u00e0 deux endroits :\u2026","_links":{"self":[{"href":"https:\/\/wpml.org\/fr\/wp-json\/wp\/v2\/pages\/15990776","targetHints":{"allow":["GET"]}}],"collection":[{"href":"https:\/\/wpml.org\/fr\/wp-json\/wp\/v2\/pages"}],"about":[{"href":"https:\/\/wpml.org\/fr\/wp-json\/wp\/v2\/types\/page"}],"author":[{"embeddable":true,"href":"https:\/\/wpml.org\/fr\/wp-json\/wp\/v2\/users\/748550"}],"replies":[{"embeddable":true,"href":"https:\/\/wpml.org\/fr\/wp-json\/wp\/v2\/comments?post=15990776"}],"version-history":[{"count":4,"href":"https:\/\/wpml.org\/fr\/wp-json\/wp\/v2\/pages\/15990776\/revisions"}],"predecessor-version":[{"id":16017881,"href":"https:\/\/wpml.org\/fr\/wp-json\/wp\/v2\/pages\/15990776\/revisions\/16017881"}],"up":[{"embeddable":true,"href":"https:\/\/wpml.org\/fr\/wp-json\/wp\/v2\/pages\/104118"}],"wp:attachment":[{"href":"https:\/\/wpml.org\/fr\/wp-json\/wp\/v2\/media?parent=15990776"}],"wp:term":[{"taxonomy":"related-projects-category","embeddable":true,"href":"https:\/\/wpml.org\/fr\/wp-json\/wp\/v2\/related-projects-category?post=15990776"}],"curies":[{"name":"wp","href":"https:\/\/api.w.org\/{rel}","templated":true}]}}