{"id":16640590,"date":"2022-10-07T05:26:15","date_gmt":"2022-10-07T05:26:15","guid":{"rendered":"https:\/\/wpml.org\/documentation-6\/traduction-automatique-de-contenu-wordpress-avec-wpml\/comment-utiliser-google-translate-dans-wordpress-tutoriel-complet\/"},"modified":"2026-02-26T07:09:37","modified_gmt":"2026-02-26T07:09:37","slug":"comment-utiliser-google-translate-dans-wordpress-tutoriel-complet","status":"publish","type":"page","link":"https:\/\/wpml.org\/fr\/documentation-6\/traduction-automatique-de-contenu-wordpress-avec-wpml\/comment-utiliser-google-translate-dans-wordpress-tutoriel-complet\/","title":{"rendered":"Comment utiliser Google Translate dans WordPress"},"content":{"rendered":"\n<p class=\"lead\">Apprenez comment utiliser Google Translate dans WordPress et cr\u00e9er un site web multilingue avec plus de langues.<\/p>\n\n<p>Google Translate avait un widget que vous pouviez ajouter \u00e0 votre site web, permettant aux utilisateurs de voir votre site dans diff\u00e9rentes langues. Malheureusement, ce widget a \u00e9t\u00e9 abandonn\u00e9 en 2019 et n&rsquo;est plus disponible.  <\/p>\n\n<figure class=\"wp-block-image tb-image tb-image-dynamic tb-image-frame-none\" data-toolset-blocks-image=\"da4b3acb424f7375105f741510f74ba9\"><img decoding=\"async\" width=\"896\" height=\"325\" loading=\"lazy\" src=\"https:\/\/wpml.org\/wp-content\/uploads\/2025\/04\/Google-Translate-Widget.png\" alt=\"Google Translate Widget\" class=\"wp-image-16975891\" srcset=\"https:\/\/wpml.org\/wp-content\/uploads\/2025\/04\/Google-Translate-Widget.png 896w, https:\/\/wpml.org\/wp-content\/uploads\/2025\/04\/Google-Translate-Widget-300x109.png 300w, https:\/\/wpml.org\/wp-content\/uploads\/2025\/04\/Google-Translate-Widget-150x54.png 150w, https:\/\/wpml.org\/wp-content\/uploads\/2025\/04\/Google-Translate-Widget-768x279.png 768w\" sizes=\"auto, (max-width: 896px) 100vw, 896px\" \/><figcaption><div class=\"tb-image-caption\">Widget Google Translate abandonn\u00e9<\/div><\/figcaption><\/figure>\n\n<p>La bonne nouvelle, c&rsquo;est qu&rsquo;il existe de meilleures solutions \u2013 comme <a href=\"http:\/\/wpml.org\/fr\/\">WPML<\/a>, le plugin multilingue le plus populaire pour WordPress, qui alimente plus de 1 000 000 de sites web.<\/p>\n\n<h2 class=\"wp-block-heading\">Comment utiliser Google Translate avec WPML<\/h2>\n\n<p>WPML peut vous aider \u00e0 traduire enti\u00e8rement votre site WordPress en utilisant Google Translate, permettant aux utilisateurs de voir votre contenu dans leur langue pr\u00e9f\u00e9r\u00e9e. <\/p>\n\n<p>Contrairement \u00e0 l&rsquo;ancien widget qui traduisait simplement le contenu \u00e0 la vol\u00e9e, WPML stocke les traductions sur votre site web, permettant \u00e0 votre contenu d&rsquo;\u00eatre class\u00e9 dans d&rsquo;autres langues sans ralentir votre site. En plus d&rsquo;\u00eatre compatible SEO, WPML inclut aussi tout ce dont vous avez besoin pour cr\u00e9er un site web multilingue, comme :<\/p>\n\n<div style=\"height:15px\" aria-hidden=\"true\" class=\"wp-block-spacer\"><\/div>\n\n<ul class=\"wp-block-list\">\n<li>Ajoutez autant de langues que vous le souhaitez.<\/li>\n\n\n\n<li>R\u00e9visez et modifiez les traductions automatiques.<\/li>\n\n\n\n<li>Organisez les traductions avec des sous-dossiers et des sous-r\u00e9pertoires.<\/li>\n<\/ul>\n\n<div style=\"height:20px\" aria-hidden=\"true\" class=\"wp-block-spacer\"><\/div>\n\n<p>Voici une vid\u00e9o rapide montrant comment traduire votre site en utilisant Google Translate et WPML. <\/p>\n\n<div style=\"height:15px\" aria-hidden=\"true\" class=\"wp-block-spacer\"><\/div>\n\n<figure class=\"wp-block-embed is-type-video is-provider-youtube wp-block-embed-youtube wp-embed-aspect-16-9 wp-has-aspect-ratio\"><div class=\"wp-block-embed__wrapper\">\n<div class=\"embed-responsive embed-responsive-16by9\"><iframe title=\"How to Translate WordPress with Google Translate\" width=\"700\" height=\"394\" src=\"https:\/\/www.youtube.com\/embed\/bZh68V5DZak?feature=oembed\" frameborder=\"0\" allow=\"accelerometer; autoplay; clipboard-write; encrypted-media; gyroscope; picture-in-picture; web-share\" referrerpolicy=\"strict-origin-when-cross-origin\" allowfullscreen><\/iframe><\/div>\n<\/div><\/figure>\n\n<div style=\"height:15px\" aria-hidden=\"true\" class=\"wp-block-spacer\"><\/div>\n\n<h3 class=\"wp-block-heading\">1. Installer et activer WPML<\/h3>\n\n<p>Pour commencer avec WPML, installez et activez le plugin sur votre site WordPress. WPML est un plugin premium, vous devrez donc d&rsquo;abord <a href=\"https:\/\/wpml.org\/fr\/purchase\/\">acheter une licence<\/a>. <\/p>\n\n<figure class=\"wp-block-image tb-image tb-image-dynamic tb-image-frame-none\" data-toolset-blocks-image=\"46236f6022c8dd808a8591f598ed17f8\"><a href=\"https:\/\/wpml.org\/wp-content\/uploads\/2025\/04\/Installing-WPML-plugin-in-WordPress.png\"><img decoding=\"async\" width=\"1024\" height=\"691\" loading=\"lazy\" src=\"https:\/\/wpml.org\/wp-content\/uploads\/2025\/04\/Installing-WPML-plugin-in-WordPress-1024x691.png\" alt=\"Installing WPML plugin in WordPress\" class=\"wp-image-16975934\" srcset=\"https:\/\/wpml.org\/wp-content\/uploads\/2025\/04\/Installing-WPML-plugin-in-WordPress-1024x691.png 1024w, https:\/\/wpml.org\/wp-content\/uploads\/2025\/04\/Installing-WPML-plugin-in-WordPress-300x203.png 300w, https:\/\/wpml.org\/wp-content\/uploads\/2025\/04\/Installing-WPML-plugin-in-WordPress-150x101.png 150w, https:\/\/wpml.org\/wp-content\/uploads\/2025\/04\/Installing-WPML-plugin-in-WordPress-768x518.png 768w, https:\/\/wpml.org\/wp-content\/uploads\/2025\/04\/Installing-WPML-plugin-in-WordPress-1536x1037.png 1536w, https:\/\/wpml.org\/wp-content\/uploads\/2025\/04\/Installing-WPML-plugin-in-WordPress.png 1600w\" sizes=\"auto, (max-width: 1024px) 100vw, 1024px\" \/><\/a><figcaption><div class=\"tb-image-caption\">Installation du plugin WPML dans WordPress<\/div><\/figcaption><\/figure>\n\n<h3 class=\"wp-block-heading\">2. Choisissez vos langues cibles<\/h3>\n\n<p>Une fois activ\u00e9, rendez-vous dans <strong>WPML<\/strong> \u2192 <strong>Configuration<\/strong> pour choisir les langues dans lesquelles vous voulez traduire. Si vous n&rsquo;avez pas encore d\u00e9cid\u00e9 quelles langues vous voulez \u2013 ne vous inqui\u00e9tez pas, WPML vous permet d&rsquo;ajouter (et supprimer) des langues plus tard. <\/p>\n\n<figure class=\"wp-block-image tb-image tb-image-dynamic tb-image-frame-none\" data-toolset-blocks-image=\"4067e96b7e6274bb0174e2f350c4264b\"><a href=\"https:\/\/wpml.org\/wp-content\/uploads\/2025\/04\/Choosing-languages-in-WPML-Setup.png\"><img decoding=\"async\" width=\"1024\" height=\"724\" loading=\"lazy\" src=\"https:\/\/wpml.org\/wp-content\/uploads\/2025\/04\/Choosing-languages-in-WPML-Setup-1024x724.png\" alt=\"Choosing languages in WPML Setup\" class=\"wp-image-16975949\" srcset=\"https:\/\/wpml.org\/wp-content\/uploads\/2025\/04\/Choosing-languages-in-WPML-Setup-1024x724.png 1024w, https:\/\/wpml.org\/wp-content\/uploads\/2025\/04\/Choosing-languages-in-WPML-Setup-300x212.png 300w, https:\/\/wpml.org\/wp-content\/uploads\/2025\/04\/Choosing-languages-in-WPML-Setup-150x106.png 150w, https:\/\/wpml.org\/wp-content\/uploads\/2025\/04\/Choosing-languages-in-WPML-Setup-768x543.png 768w, https:\/\/wpml.org\/wp-content\/uploads\/2025\/04\/Choosing-languages-in-WPML-Setup-1536x1086.png 1536w, https:\/\/wpml.org\/wp-content\/uploads\/2025\/04\/Choosing-languages-in-WPML-Setup.png 1600w\" sizes=\"auto, (max-width: 1024px) 100vw, 1024px\" \/><\/a><figcaption><div class=\"tb-image-caption\">Choix des langues dans la Configuration WPML<\/div><\/figcaption><\/figure>\n\n<div class=\"wp-block-toolset-blocks-container tb-container\" data-toolset-blocks-container=\"b6d146d6ec96a66c98018efd2c2c33dd\">\n<div class=\"wp-block-toolset-blocks-grid tb-grid\" data-toolset-blocks-grid=\"37d19417981b1b97920df56c088840a6\">\n<div class=\"wp-block-toolset-blocks-grid-column tb-grid-column tb-grid-align-top\" data-toolset-blocks-grid-column=\"3034fbe886c11054e95b46b09d3e4112\">\n<div class=\"wp-block-toolset-blocks-container tb-container\" data-toolset-blocks-container=\"8462661d63c4401da3f7686632759d01\"><\/div>\n<\/div>\n\n\n\n<div class=\"wp-block-toolset-blocks-grid-column tb-grid-column tb-grid-align-top\" data-toolset-blocks-grid-column=\"3034fbe886c11054e95b46b09d3e4112\">\n<p class=\"tb-heading has-text-color\" data-toolset-blocks-heading=\"c1ace1a37913fe1cf5b4191d09bc8145\" data-last-update=\"1.4\">Avant de continuer, n&rsquo;oubliez pas de <a href=\"https:\/\/wpml.org\/documentation\/automatic-translation\/how-to-change-automatic-translation-engines\/\">d\u00e9finir votre moteur de traduction<\/a> sur Google Translate dans les param\u00e8tres de WPML.<\/p>\n<\/div>\n<\/div>\n<\/div>\n\n<h3 class=\"wp-block-heading\">3. Envoyer du contenu pour traduction<\/h3>\n\n<p>Pour traduire votre site web avec Google Translate, commencez par aller dans <strong>WPML<\/strong> \u2192 <strong>Tableau de bord des traductions<\/strong>. L\u00e0, vous trouverez tout le contenu de votre site web organis\u00e9 en sections, comme les pages, articles et articles personnalis\u00e9s.  <\/p>\n\n<p>Pour traduire du contenu, s\u00e9lectionnez simplement vos \u00e9l\u00e9ments, choisissez <strong>Traduire automatiquement<\/strong> comme m\u00e9thode de traduction, et cliquez sur le bouton <strong>Traduire<\/strong>.<\/p>\n\n<div style=\"height:20px\" aria-hidden=\"true\" class=\"wp-block-spacer\"><\/div>\n<p><video src=\"https:\/\/videos.wpml.org\/google-translate-tm.mp4\" controls autoplay muted style=\"width: 100%; height: auto;\"><\/video><\/p>\n\n<div style=\"height:20px\" aria-hidden=\"true\" class=\"wp-block-spacer\"><\/div>\n\n<p>Google Translate va maintenant traduire automatiquement votre contenu, vous notifiant en haut du tableau de bord quand les traductions sont pr\u00eates. <\/p>\n\n<div style=\"height:10px\" aria-hidden=\"true\" class=\"wp-block-spacer\"><\/div>\n\n<h3 class=\"wp-block-heading\">4. R\u00e9visez les traductions automatiques<\/h3>\n\n<p>Google Translate peut cr\u00e9er d&rsquo;excellentes traductions. Cela dit, elles ne capturent pas toujours le sens exact ou le ton pr\u00e9f\u00e9r\u00e9. Avec WPML, vous pouvez perfectionner les traductions en les modifiant \u00e0 l&rsquo;aide de l&rsquo;<a href=\"https:\/\/wpml.org\/fr\/documentation-6\/traduire-vos-contenus\/editeur-de-traduction-avance\/\">\u00c9diteur de traduction avanc\u00e9<\/a>.  <\/p>\n\n<p>Rendez-vous simplement dans <strong>WPML<\/strong> \u2192 <strong>Traductions<\/strong> et s\u00e9lectionnez le contenu que vous voulez r\u00e9viser. WPML vous permet de modifier les textes, liens et tout autre contenu de votre page \u2013 sans casser votre formatage. <\/p>\n\n<figure class=\"wp-block-image tb-image tb-image-dynamic tb-image-frame-none\" data-toolset-blocks-image=\"7106c25fc5e9d8f6c1ed5a947fb53e07\"><a href=\"https:\/\/wpml.org\/wp-content\/uploads\/2025\/04\/Editing-translations-in-the-Advanced-Translation-Editor-1.png\"><img decoding=\"async\" width=\"1024\" height=\"671\" loading=\"lazy\" src=\"https:\/\/wpml.org\/wp-content\/uploads\/2025\/04\/Editing-translations-in-the-Advanced-Translation-Editor-1-1024x671.png\" alt=\"Editing translations in the Advanced Translation Editor\" class=\"wp-image-16975992\" srcset=\"https:\/\/wpml.org\/wp-content\/uploads\/2025\/04\/Editing-translations-in-the-Advanced-Translation-Editor-1-1024x671.png 1024w, https:\/\/wpml.org\/wp-content\/uploads\/2025\/04\/Editing-translations-in-the-Advanced-Translation-Editor-1-300x197.png 300w, https:\/\/wpml.org\/wp-content\/uploads\/2025\/04\/Editing-translations-in-the-Advanced-Translation-Editor-1-150x98.png 150w, https:\/\/wpml.org\/wp-content\/uploads\/2025\/04\/Editing-translations-in-the-Advanced-Translation-Editor-1-768x503.png 768w, https:\/\/wpml.org\/wp-content\/uploads\/2025\/04\/Editing-translations-in-the-Advanced-Translation-Editor-1-1536x1006.png 1536w, https:\/\/wpml.org\/wp-content\/uploads\/2025\/04\/Editing-translations-in-the-Advanced-Translation-Editor-1.png 1600w\" sizes=\"auto, (max-width: 1024px) 100vw, 1024px\" \/><\/a><figcaption><div class=\"tb-image-caption\">\u00c9dition des traductions dans l&rsquo;\u00c9diteur de traduction avanc\u00e9<\/div><\/figcaption><\/figure>\n\n<h2 class=\"wp-block-heading\">Bonus : Ajoutez un s\u00e9lecteur de langue<\/h2>\n\n<p>WPML vous permet d&rsquo;<a href=\"https:\/\/wpml.org\/fr\/documentation-6\/guide-de-demarrage-rapide\/configuration-de-la-langue\/options-de-selecteur-de-langue\/\">ajouter un s\u00e9lecteur de langue<\/a> n&rsquo;importe o\u00f9 sur votre site web, y compris :<\/p>\n\n<div class=\"wp-block-toolset-blocks-grid tb-grid\" data-toolset-blocks-grid=\"baf9940492791f981ba2c5d2c7829fdc\">\n<div class=\"wp-block-toolset-blocks-grid-column tb-grid-column tb-grid-align-top\" data-toolset-blocks-grid-column=\"3034fbe886c11054e95b46b09d3e4112\">\n<figure class=\"wp-block-image tb-image tb-image-dynamic tb-image-frame-none\" data-toolset-blocks-image=\"943f9886e3c571c944d87660db72eaa9\"><a href=\"https:\/\/wpml.org\/wp-content\/uploads\/2025\/04\/Language-Switcher-in-Header.png\"><img decoding=\"async\" width=\"1006\" height=\"698\" loading=\"lazy\" src=\"https:\/\/wpml.org\/wp-content\/uploads\/2025\/04\/Language-Switcher-in-Header.png\" alt=\"Language Switcher in Header\" class=\"wp-image-16976006\" srcset=\"https:\/\/wpml.org\/wp-content\/uploads\/2025\/04\/Language-Switcher-in-Header.png 1006w, https:\/\/wpml.org\/wp-content\/uploads\/2025\/04\/Language-Switcher-in-Header-300x208.png 300w, https:\/\/wpml.org\/wp-content\/uploads\/2025\/04\/Language-Switcher-in-Header-150x104.png 150w, https:\/\/wpml.org\/wp-content\/uploads\/2025\/04\/Language-Switcher-in-Header-768x533.png 768w\" sizes=\"auto, (max-width: 1006px) 100vw, 1006px\" \/><\/a><\/figure>\n\n\n\n<p class=\"tb-heading\" data-toolset-blocks-heading=\"60d4acb3dfed1b4aaf39e8e0df855cf3\" data-last-update=\"1.4\"><strong>En-t\u00eate<\/strong><\/p>\n<\/div>\n\n\n\n<div class=\"wp-block-toolset-blocks-grid-column tb-grid-column tb-grid-align-top\" data-toolset-blocks-grid-column=\"3034fbe886c11054e95b46b09d3e4112\">\n<figure class=\"wp-block-image tb-image tb-image-dynamic tb-image-frame-none\" data-toolset-blocks-image=\"a0663d8a9766928c41932123a42d0d69\"><a href=\"https:\/\/wpml.org\/wp-content\/uploads\/2025\/04\/image-4.png\"><img decoding=\"async\" width=\"687\" height=\"477\" loading=\"lazy\" src=\"https:\/\/wpml.org\/wp-content\/uploads\/2025\/04\/image-4.png\" alt=\"Switcher in Footer\" class=\"wp-image-16976439\" srcset=\"https:\/\/wpml.org\/wp-content\/uploads\/2025\/04\/image-4.png 687w, https:\/\/wpml.org\/wp-content\/uploads\/2025\/04\/image-4-300x208.png 300w, https:\/\/wpml.org\/wp-content\/uploads\/2025\/04\/image-4-150x104.png 150w\" sizes=\"auto, (max-width: 687px) 100vw, 687px\" \/><\/a><\/figure>\n\n\n\n<p class=\"tb-heading\" data-toolset-blocks-heading=\"60d4acb3dfed1b4aaf39e8e0df855cf3\" data-last-update=\"1.4\"><strong>Pied de page<\/strong><\/p>\n<\/div>\n\n\n\n<div class=\"wp-block-toolset-blocks-grid-column tb-grid-column tb-grid-align-top\" data-toolset-blocks-grid-column=\"3034fbe886c11054e95b46b09d3e4112\">\n<figure class=\"wp-block-image tb-image tb-image-dynamic tb-image-frame-none\" data-toolset-blocks-image=\"c241d555e695f80692a257edf51c25d3\"><a href=\"https:\/\/wpml.org\/wp-content\/uploads\/2025\/04\/Language-Switcher-in-Widgets.png\"><img decoding=\"async\" width=\"916\" height=\"563\" loading=\"lazy\" src=\"https:\/\/wpml.org\/wp-content\/uploads\/2025\/04\/Language-Switcher-in-Widgets.png\" alt=\"\" class=\"wp-image-16976034\" srcset=\"https:\/\/wpml.org\/wp-content\/uploads\/2025\/04\/Language-Switcher-in-Widgets.png 916w, https:\/\/wpml.org\/wp-content\/uploads\/2025\/04\/Language-Switcher-in-Widgets-300x184.png 300w, https:\/\/wpml.org\/wp-content\/uploads\/2025\/04\/Language-Switcher-in-Widgets-150x92.png 150w, https:\/\/wpml.org\/wp-content\/uploads\/2025\/04\/Language-Switcher-in-Widgets-768x472.png 768w\" sizes=\"auto, (max-width: 916px) 100vw, 916px\" \/><\/a><\/figure>\n\n\n\n<p class=\"tb-heading\" data-toolset-blocks-heading=\"60d4acb3dfed1b4aaf39e8e0df855cf3\" data-last-update=\"1.4\"><strong>Widgets<\/strong><\/p>\n<\/div>\n\n\n\n<div class=\"wp-block-toolset-blocks-grid-column tb-grid-column tb-grid-align-top\" data-toolset-blocks-grid-column=\"3034fbe886c11054e95b46b09d3e4112\">\n<figure class=\"wp-block-image tb-image tb-image-dynamic tb-image-frame-none\" data-toolset-blocks-image=\"4ceedd002cc22abb75ab3c4d76db79c2\"><a href=\"https:\/\/wpml.org\/wp-content\/uploads\/2025\/04\/Language-Switcher-in-Content.png\"><img decoding=\"async\" width=\"985\" height=\"628\" loading=\"lazy\" src=\"https:\/\/wpml.org\/wp-content\/uploads\/2025\/04\/Language-Switcher-in-Content.png\" alt=\"Language Switcher in Content\" class=\"wp-image-16976048\" srcset=\"https:\/\/wpml.org\/wp-content\/uploads\/2025\/04\/Language-Switcher-in-Content.png 985w, https:\/\/wpml.org\/wp-content\/uploads\/2025\/04\/Language-Switcher-in-Content-300x191.png 300w, https:\/\/wpml.org\/wp-content\/uploads\/2025\/04\/Language-Switcher-in-Content-150x96.png 150w, https:\/\/wpml.org\/wp-content\/uploads\/2025\/04\/Language-Switcher-in-Content-768x490.png 768w\" sizes=\"auto, (max-width: 985px) 100vw, 985px\" \/><\/a><\/figure>\n\n\n\n<p class=\"tb-heading\" data-toolset-blocks-heading=\"60d4acb3dfed1b4aaf39e8e0df855cf3\" data-last-update=\"1.4\"><strong>Pages et articles<\/strong><\/p>\n<\/div>\n<\/div>\n\n<div style=\"height:40px\" aria-hidden=\"true\" class=\"wp-block-spacer\"><\/div>\n\n<p>Pour ajouter un s\u00e9lecteur de langue, rendez-vous simplement dans <strong>WPML<\/strong> \u2192 <strong>Langues<\/strong>, et cliquez sur le s\u00e9lecteur que vous voulez ajouter.<\/p>\n\n<figure class=\"wp-block-image tb-image tb-image-dynamic tb-image-frame-none\" data-toolset-blocks-image=\"c0f62d8973ef8ecd7fa8ad1279d9ccae\"><a href=\"https:\/\/wpml.org\/wp-content\/uploads\/2025\/08\/Language-switcher-settings-in-WPML-1.png\"><img decoding=\"async\" width=\"1600\" height=\"985\" loading=\"lazy\" src=\"https:\/\/wpml.org\/wp-content\/uploads\/2025\/08\/Language-switcher-settings-in-WPML-1.png\" alt=\"\" class=\"wp-image-17326629\" srcset=\"https:\/\/wpml.org\/wp-content\/uploads\/2025\/08\/Language-switcher-settings-in-WPML-1.png 1600w, https:\/\/wpml.org\/wp-content\/uploads\/2025\/08\/Language-switcher-settings-in-WPML-1-300x185.png 300w, https:\/\/wpml.org\/wp-content\/uploads\/2025\/08\/Language-switcher-settings-in-WPML-1-1024x630.png 1024w, https:\/\/wpml.org\/wp-content\/uploads\/2025\/08\/Language-switcher-settings-in-WPML-1-150x92.png 150w, https:\/\/wpml.org\/wp-content\/uploads\/2025\/08\/Language-switcher-settings-in-WPML-1-768x473.png 768w, https:\/\/wpml.org\/wp-content\/uploads\/2025\/08\/Language-switcher-settings-in-WPML-1-1536x946.png 1536w\" sizes=\"auto, (max-width: 1600px) 100vw, 1600px\" \/><\/a><figcaption><div class=\"tb-image-caption\">Param\u00e8tres du s\u00e9lecteur de langue dans WPML<\/div><\/figcaption><\/figure>\n\n<h2 class=\"wp-block-heading\">Combien co\u00fbte Google Translate ?<\/h2>\n\n<p>Tous les forfaits WPML incluent une quantit\u00e9 gratuite de mots que vous pouvez traduire automatiquement sans co\u00fbt suppl\u00e9mentaire : <\/p>\n\n<ul class=\"wp-block-list\">\n<li><strong>Multilingual CMS <\/strong>\u2013 45 000 mots<\/li>\n\n\n\n<li><strong>Multilingual Agency <\/strong>\u2013 90 000 mots<\/li>\n<\/ul>\n\n<div style=\"height:10px\" aria-hidden=\"true\" class=\"wp-block-spacer\"><\/div>\n\n<p>Pour la plupart des sites web, cette quantit\u00e9 est suffisante pour traduire automatiquement dans 2-3 langues. Cela dit, si vous avez un gros site web et devez traduire plus de mots, vous pouvez acheter de la traduction automatique suppl\u00e9mentaire \u00e0 des tarifs abordables. <\/p>\n\n<p>Pour en savoir plus sur notre tarification et les moteurs de traduction alternatifs, consultez notre <a href=\"https:\/\/wpml.org\/fr\/documentation-6\/traduction-automatique-de-contenu-wordpress-avec-wpml\/tarification-de-la-traduction-automatique\/\">traduction automatique<\/a>. <\/p>\n\n<h2 class=\"wp-block-heading\">Commencez avec WPML<\/h2>\n\n<p>Pr\u00eat \u00e0 rendre votre site WordPress multilingue avec Google Translate ? Commencez avec WPML d\u00e8s aujourd&rsquo;hui et traduisez automatiquement tout votre site web en quelques clics.  <\/p>\n\n<p><a href=\"https:\/\/wpml.org\/fr\/purchase\/\">Tarifs WPML \u2192<\/a><\/p>\n\n<p><\/p>\n","protected":false},"excerpt":{"rendered":"<p>Apprenez comment utiliser Google Translate dans WordPress et cr\u00e9er un site web multilingue avec plus de langues. Google Translate avait un widget que vous pouviez ajouter \u00e0 votre site web, permettant aux utilisateurs de voir votre site dans diff\u00e9rentes langues. Malheureusement, ce widget a \u00e9t\u00e9 abandonn\u00e9 en 2019 et n&rsquo;est plus disponible. La bonne nouvelle, [&hellip;]<\/p>\n","protected":false},"author":204756,"featured_media":15217871,"parent":4844545,"menu_order":74,"comment_status":"closed","ping_status":"closed","template":"template-sidebar-2.php","meta":{"_bbp_topic_count":0,"_bbp_reply_count":0,"_bbp_total_topic_count":0,"_bbp_total_reply_count":0,"_bbp_voice_count":0,"_bbp_anonymous_reply_count":0,"_bbp_topic_count_hidden":0,"_bbp_reply_count_hidden":0,"_bbp_forum_subforum_count":0,"ep_exclude_from_search":false,"footnotes":""},"related-projects-category":[],"class_list":["post-16640590","page","type-page","status-publish","has-post-thumbnail","hentry"],"_links":{"self":[{"href":"https:\/\/wpml.org\/fr\/wp-json\/wp\/v2\/pages\/16640590","targetHints":{"allow":["GET"]}}],"collection":[{"href":"https:\/\/wpml.org\/fr\/wp-json\/wp\/v2\/pages"}],"about":[{"href":"https:\/\/wpml.org\/fr\/wp-json\/wp\/v2\/types\/page"}],"author":[{"embeddable":true,"href":"https:\/\/wpml.org\/fr\/wp-json\/wp\/v2\/users\/204756"}],"replies":[{"embeddable":true,"href":"https:\/\/wpml.org\/fr\/wp-json\/wp\/v2\/comments?post=16640590"}],"version-history":[{"count":8,"href":"https:\/\/wpml.org\/fr\/wp-json\/wp\/v2\/pages\/16640590\/revisions"}],"predecessor-version":[{"id":17853631,"href":"https:\/\/wpml.org\/fr\/wp-json\/wp\/v2\/pages\/16640590\/revisions\/17853631"}],"up":[{"embeddable":true,"href":"https:\/\/wpml.org\/fr\/wp-json\/wp\/v2\/pages\/4844545"}],"wp:featuredmedia":[{"embeddable":true,"href":"https:\/\/wpml.org\/fr\/wp-json\/wp\/v2\/media\/15217871"}],"wp:attachment":[{"href":"https:\/\/wpml.org\/fr\/wp-json\/wp\/v2\/media?parent=16640590"}],"wp:term":[{"taxonomy":"related-projects-category","embeddable":true,"href":"https:\/\/wpml.org\/fr\/wp-json\/wp\/v2\/related-projects-category?post=16640590"}],"curies":[{"name":"wp","href":"https:\/\/api.w.org\/{rel}","templated":true}]}}