{"id":17014911,"date":"2022-09-26T17:56:55","date_gmt":"2022-09-26T17:56:55","guid":{"rendered":"https:\/\/wpml.org\/documentation-6\/traduction-automatique-de-contenu-wordpress-avec-wpml\/comment-traduire-votre-site-wordpress-avec-deepl\/"},"modified":"2026-02-26T07:17:20","modified_gmt":"2026-02-26T07:17:20","slug":"comment-traduire-votre-site-wordpress-avec-deepl","status":"publish","type":"page","link":"https:\/\/wpml.org\/fr\/documentation-6\/traduction-automatique-de-contenu-wordpress-avec-wpml\/comment-traduire-votre-site-wordpress-avec-deepl\/","title":{"rendered":"Comment traduire votre site WordPress avec DeepL"},"content":{"rendered":"\n<p class=\"lead\">D\u00e9couvrez comment traduire automatiquement votre site web WordPress dans plus de langues avec DeepL et WPML.<\/p>\n\n<div class=\"tb-fields-and-text\" data-toolset-blocks-fields-and-text=\"3c3b6da774357482b62973e19972f612\"><p><img decoding=\"async\" class=\"size-full wp-image-15646162 aligncenter\" src=\"https:\/\/wpml.org\/wp-content\/uploads\/2024\/05\/Banner-DeepL1-min.png\" alt=\"\" width=\"1400\" height=\"540\" srcset=\"https:\/\/wpml.org\/wp-content\/uploads\/2024\/05\/Banner-DeepL1-min.png 1400w, https:\/\/wpml.org\/wp-content\/uploads\/2024\/05\/Banner-DeepL1-min-300x116.png 300w, https:\/\/wpml.org\/wp-content\/uploads\/2024\/05\/Banner-DeepL1-min-1024x395.png 1024w, https:\/\/wpml.org\/wp-content\/uploads\/2024\/05\/Banner-DeepL1-min-150x58.png 150w, https:\/\/wpml.org\/wp-content\/uploads\/2024\/05\/Banner-DeepL1-min-768x296.png 768w\" sizes=\"(max-width: 1400px) 100vw, 1400px\" \/><\/p><\/div>\n\n<h2 class=\"wp-block-heading\" id=\"why-translate-with-wpml\">Pourquoi traduire avec DeepL et WPML ?<\/h2>\n\n<p>DeepL est l&rsquo;un des meilleurs moteurs de traduction automatique disponibles aujourd&rsquo;hui. Il prend en charge plus de 30 langues, peut g\u00e9n\u00e9rer des traductions quasi natives et est le moteur de traduction pr\u00e9f\u00e9r\u00e9 des clients WPML. Rien qu&rsquo;en 2025, WPML a traduit plus de <strong>13 milliards de mots<\/strong> avec DeepL !  <\/p>\n\n<p>En traduisant avec WPML, vous obtenez un acc\u00e8s complet \u00e0 DeepL, ainsi que des fonctionnalit\u00e9s WPML uniques :<\/p>\n\n<div class=\"wp-block-toolset-blocks-grid tb-grid\" data-toolset-blocks-grid=\"e55248a839e80904b4f3d4995ba20b04\">\n<div class=\"wp-block-toolset-blocks-grid-column tb-grid-column tb-grid-align-top\" data-toolset-blocks-grid-column=\"3034fbe886c11054e95b46b09d3e4112\">\n<div class=\"wp-block-toolset-blocks-container tb-container\" data-toolset-blocks-container=\"dcc94753058845e5dfc3bb51fd001fd7\"><\/div>\n\n\n\n<p class=\"tb-heading\" data-toolset-blocks-heading=\"6eee2a0222dd86c811e3129fc3ca4915\" data-last-update=\"1.4\">Int\u00e9gration directe<\/p>\n\n\n\n<p class=\"tb-heading has-text-color\" data-toolset-blocks-heading=\"8f22bb68207bdb49cdf90c813ccae5c6\" data-last-update=\"1.4\">Acc\u00e9dez \u00e0 DeepL directement dans l&rsquo;administration WordPress<\/p>\n<\/div>\n\n\n\n<div class=\"wp-block-toolset-blocks-grid-column tb-grid-column tb-grid-align-top\" data-toolset-blocks-grid-column=\"3034fbe886c11054e95b46b09d3e4112\">\n<div class=\"wp-block-toolset-blocks-container tb-container\" data-toolset-blocks-container=\"9ee1b84d5ec856faa07d399d1ab08f07\"><\/div>\n\n\n\n<p class=\"tb-heading\" data-toolset-blocks-heading=\"6eee2a0222dd86c811e3129fc3ca4915\" data-last-update=\"1.4\">Langues illimit\u00e9es<\/p>\n\n\n\n<p class=\"tb-heading has-text-color\" data-toolset-blocks-heading=\"8f22bb68207bdb49cdf90c813ccae5c6\" data-last-update=\"1.4\">Traduisez vers autant de langues que vous le souhaitez<\/p>\n<\/div>\n\n\n\n<div class=\"wp-block-toolset-blocks-grid-column tb-grid-column tb-grid-align-top\" data-toolset-blocks-grid-column=\"3034fbe886c11054e95b46b09d3e4112\">\n<div class=\"wp-block-toolset-blocks-container tb-container\" data-toolset-blocks-container=\"70d5a5d61dcac229fe1d29ce8e00a0da\"><\/div>\n\n\n\n<p class=\"tb-heading\" data-toolset-blocks-heading=\"6eee2a0222dd86c811e3129fc3ca4915\" data-last-update=\"1.4\">Traductions quasi natives<\/p>\n\n\n\n<p class=\"tb-heading has-text-color\" data-toolset-blocks-heading=\"8f22bb68207bdb49cdf90c813ccae5c6\" data-last-update=\"1.4\">Utilisez les r\u00e9seaux de neurones IA de DeepL pour g\u00e9n\u00e9rer des traductions<\/p>\n<\/div>\n\n\n\n<div class=\"wp-block-toolset-blocks-grid-column tb-grid-column tb-grid-align-top\" data-toolset-blocks-grid-column=\"3034fbe886c11054e95b46b09d3e4112\">\n<div class=\"wp-block-toolset-blocks-container tb-container\" data-toolset-blocks-container=\"21d23713a4ae77ce3721867dd0a95049\"><\/div>\n\n\n\n<p class=\"tb-heading\" data-toolset-blocks-heading=\"6eee2a0222dd86c811e3129fc3ca4915\" data-last-update=\"1.4\">Contr\u00f4lez le niveau de formalit\u00e9<\/p>\n\n\n\n<p class=\"tb-heading has-text-color\" data-toolset-blocks-heading=\"8f22bb68207bdb49cdf90c813ccae5c6\" data-last-update=\"1.4\">G\u00e9n\u00e9rez des traductions qui correspondent aux normes et pr\u00e9f\u00e9rences locales<\/p>\n<\/div>\n\n\n\n<div class=\"wp-block-toolset-blocks-grid-column tb-grid-column tb-grid-align-top\" data-toolset-blocks-grid-column=\"3034fbe886c11054e95b46b09d3e4112\">\n<div class=\"wp-block-toolset-blocks-container tb-container\" data-toolset-blocks-container=\"e58b790335eff4ad6511098b15931f21\"><\/div>\n\n\n\n<p class=\"tb-heading\" data-toolset-blocks-heading=\"6eee2a0222dd86c811e3129fc3ca4915\" data-last-update=\"1.4\">Traduction automatique gratuite<\/p>\n\n\n\n<p class=\"tb-heading has-text-color\" data-toolset-blocks-heading=\"8f22bb68207bdb49cdf90c813ccae5c6\" data-last-update=\"1.4\">Traduisez automatiquement votre site dans 2-3 langues gratuitement<\/p>\n<\/div>\n\n\n\n<div class=\"wp-block-toolset-blocks-grid-column tb-grid-column tb-grid-align-top\" data-toolset-blocks-grid-column=\"3034fbe886c11054e95b46b09d3e4112\">\n<div class=\"wp-block-toolset-blocks-container tb-container\" data-toolset-blocks-container=\"b3040d3d13da2364a055f805b1b14f99\"><\/div>\n\n\n\n<p class=\"tb-heading\" data-toolset-blocks-heading=\"6eee2a0222dd86c811e3129fc3ca4915\" data-last-update=\"1.4\">Optimisation pour le r\u00e9f\u00e9rencement<\/p>\n\n\n\n<p class=\"tb-heading has-text-color\" data-toolset-blocks-heading=\"8f22bb68207bdb49cdf90c813ccae5c6\" data-last-update=\"1.4\">Traduisez les URL et m\u00e9tadonn\u00e9es, et d\u00e9finissez automatiquement les balises hreflang<\/p>\n<\/div>\n<\/div>\n\n<h2 class=\"wp-block-heading\" id=\"translate-with-deepl-and-wpml\">Comment traduire votre site web WordPress avec DeepL et WPML <\/h2>\n\n<p>Traduire votre site web WordPress avec DeepL et WPML ne prend que quelques minutes. Voici comment le processus fonctionne.  <\/p>\n\n<h3 class=\"wp-block-heading\" id=\"select-your-languages\">1. S\u00e9lectionnez vos langues <\/h3>\n\n<p>Avec WPML, vous pouvez ajouter un nombre illimit\u00e9 de langues \u00e0 votre site web. <\/p>\n\n<p>Cela inclut toutes les plus de 30 langues disponibles de DeepL, ainsi que toute autre langue prise en charge par les moteurs de traduction alternatifs de WPML \u2013 <a href=\"https:\/\/wpml.org\/fr\/documentation-6\/traduction-automatique-de-contenu-wordpress-avec-wpml\/comment-utiliser-google-translate-dans-wordpress-tutoriel-complet\/\">Google Translate<\/a>, <a href=\"https:\/\/wpml.org\/fr\/documentation-6\/traduction-automatique-de-contenu-wordpress-avec-wpml\/traduisez-votre-site-wordpress-avec-microsoft-translator\/\">Microsoft Translator<\/a> et <a href=\"https:\/\/wpml.org\/fr\/documentation-6\/traduction-automatique-de-contenu-wordpress-avec-wpml\/\">PTC<\/a>.<\/p>\n\n<p>Pour ajouter des langues, s\u00e9lectionnez-en simplement autant que vous le souhaitez pendant l&rsquo;assistant de configuration de WPML. <\/p>\n<div class=\"wp-block-image\">\n<figure class=\" tb-image tb-image-dynamic tb-image-frame-none aligncenter\" data-toolset-blocks-image=\"314060fb176e3e5d1ae66ae03cd0105e\"><a href=\"https:\/\/wpml.org\/wp-content\/uploads\/2024\/07\/WPML-setup.png\"><img decoding=\"async\" width=\"1024\" height=\"674\" loading=\"lazy\" src=\"https:\/\/wpml.org\/wp-content\/uploads\/2024\/07\/WPML-setup-1024x674.png\" alt=\"WPML setup wizard\" class=\"wp-image-15988513\" srcset=\"https:\/\/wpml.org\/wp-content\/uploads\/2024\/07\/WPML-setup-1024x674.png 1024w, https:\/\/wpml.org\/wp-content\/uploads\/2024\/07\/WPML-setup-300x198.png 300w, https:\/\/wpml.org\/wp-content\/uploads\/2024\/07\/WPML-setup-150x99.png 150w, https:\/\/wpml.org\/wp-content\/uploads\/2024\/07\/WPML-setup-768x506.png 768w, https:\/\/wpml.org\/wp-content\/uploads\/2024\/07\/WPML-setup-1536x1011.png 1536w, https:\/\/wpml.org\/wp-content\/uploads\/2024\/07\/WPML-setup.png 1909w\" sizes=\"auto, (max-width: 1024px) 100vw, 1024px\" \/><\/a><figcaption><div class=\"tb-image-caption\">S\u00e9lection des langues dans l&rsquo;assistant de configuration de WPML<\/div><\/figcaption><\/figure>\n<\/div>\n<h3 class=\"wp-block-heading\" id=\"select-deepl\">2. S\u00e9lectionnez DeepL comme moteur de traduction<\/h3>\n\n<p>Pour utiliser DeepL avec WPML, allez dans <strong>WPML \u2192 R\u00e9glages<\/strong> et localisez la section <strong>Traduction automatique<\/strong>. Cliquez sur <strong>Moteur diff\u00e9rent<\/strong>, puis faites glisser DeepL en haut de la liste. <\/p>\n\n<figure class=\"wp-block-image tb-image tb-image-dynamic tb-image-frame-none\" data-toolset-blocks-image=\"997490d397df3d1a2dfa148b42c66ba4\"><img decoding=\"async\" width=\"1024\" height=\"545\" loading=\"lazy\" src=\"https:\/\/wpml.org\/wp-content\/uploads\/2026\/02\/wpml-settings-making-deepl-default-engine-1024x545.png\" alt=\"DeepL translation engine in WPML Settinga\" class=\"wp-image-17832724\" srcset=\"https:\/\/wpml.org\/wp-content\/uploads\/2026\/02\/wpml-settings-making-deepl-default-engine-1024x545.png 1024w, https:\/\/wpml.org\/wp-content\/uploads\/2026\/02\/wpml-settings-making-deepl-default-engine-300x160.png 300w, https:\/\/wpml.org\/wp-content\/uploads\/2026\/02\/wpml-settings-making-deepl-default-engine-150x80.png 150w, https:\/\/wpml.org\/wp-content\/uploads\/2026\/02\/wpml-settings-making-deepl-default-engine-768x409.png 768w, https:\/\/wpml.org\/wp-content\/uploads\/2026\/02\/wpml-settings-making-deepl-default-engine-1536x817.png 1536w, https:\/\/wpml.org\/wp-content\/uploads\/2026\/02\/wpml-settings-making-deepl-default-engine-2048x1090.png 2048w\" sizes=\"auto, (max-width: 1024px) 100vw, 1024px\" \/><figcaption><div class=\"tb-image-caption\">Faire de DeepL le moteur par d\u00e9faut dans les r\u00e9glages de WPML<\/div><\/figcaption><\/figure>\n\n<p>Par d\u00e9faut, WPML d\u00e9finit automatiquement la formalit\u00e9 pour chaque langue en fonction des pr\u00e9f\u00e9rences culturelles. Pour ajuster cela, cliquez sur le lien <strong>Modifier la formalit\u00e9<\/strong> \u00e0 c\u00f4t\u00e9 de DeepL et choisissez votre r\u00e9glage pr\u00e9f\u00e9r\u00e9 pour chaque langue. <\/p>\n\n<p>Lorsque vous avez termin\u00e9, cliquez sur <strong>Enregistrer les r\u00e9glages<\/strong>. WPML utilisera d\u00e9sormais DeepL pour traduire votre contenu. <\/p>\n\n<h3 class=\"wp-block-heading\" id=\"send-content-for-translation\">3. Envoyer du contenu pour traduction<\/h3>\n\n<p>Avec WPML, vous pouvez traduire tout le contenu de votre site web. Cela inclut les pages, les articles, les types de publication personnalis\u00e9s, les produits, et plus encore.  <\/p>\n\n<p>Pour traduire du contenu avec DeepL :<\/p>\n\n<ol class=\"wp-block-list\">\n<li>Allez dans <strong>WPML<\/strong> \u2192 <strong>tableau de bord de traduction<\/strong>.<\/li>\n\n\n\n<li>S\u00e9lectionnez le contenu que vous souhaitez traduire.<\/li>\n\n\n\n<li>Choisissez <strong>Traduire automatiquement<\/strong> et cliquez sur <strong>Traduire<\/strong>.<\/li>\n<\/ol>\n<div class=\"wp-block-image\">\n<figure class=\" tb-image tb-image-dynamic tb-image-frame-none aligncenter\" data-toolset-blocks-image=\"5a3ec6f63ac8322456c6ebf56ee4be9c\"><a href=\"https:\/\/wpml.org\/wp-content\/uploads\/2026\/02\/Selecting-to-translate-homepage.png\"><img decoding=\"async\" width=\"1024\" height=\"601\" loading=\"lazy\" src=\"https:\/\/wpml.org\/wp-content\/uploads\/2026\/02\/Selecting-to-translate-homepage-1024x601.png\" alt=\"Selecting to translate homepage\" class=\"wp-image-17792281\" srcset=\"https:\/\/wpml.org\/wp-content\/uploads\/2026\/02\/Selecting-to-translate-homepage-1024x601.png 1024w, https:\/\/wpml.org\/wp-content\/uploads\/2026\/02\/Selecting-to-translate-homepage-300x176.png 300w, https:\/\/wpml.org\/wp-content\/uploads\/2026\/02\/Selecting-to-translate-homepage-150x88.png 150w, https:\/\/wpml.org\/wp-content\/uploads\/2026\/02\/Selecting-to-translate-homepage-768x451.png 768w, https:\/\/wpml.org\/wp-content\/uploads\/2026\/02\/Selecting-to-translate-homepage-1536x901.png 1536w, https:\/\/wpml.org\/wp-content\/uploads\/2026\/02\/Selecting-to-translate-homepage.png 1600w\" sizes=\"auto, (max-width: 1024px) 100vw, 1024px\" \/><\/a><figcaption><div class=\"tb-image-caption\">S\u00e9lection de la page d&rsquo;accueil \u00e0 traduire<\/div><\/figcaption><\/figure>\n<\/div>\n<h3 class=\"wp-block-heading\" id=\"review-translations\">4. R\u00e9visez vos traductions<\/h3>\n\n<p>Une fois que DeepL a termin\u00e9 de traduire votre contenu, vous pouvez r\u00e9viser ses traductions automatiques \u00e0 l&rsquo;aide de l&rsquo;\u00e9diteur frontal de WPML. <\/p>\n\n<p>Si les traductions semblent correctes, vous les publiez sur votre site. <\/p>\n\n<figure class=\"wp-block-image tb-image tb-image-dynamic tb-image-frame-none\" data-toolset-blocks-image=\"16826df9a930cfa08316459b8861dee1\"><a href=\"https:\/\/wpml.org\/wp-content\/uploads\/2024\/05\/Reviewing-translations-in-WPML.png\" data-lightbox=\"Reviewing-translations-in-WPML.png\"><img decoding=\"async\" width=\"1100\" height=\"671\" loading=\"lazy\" src=\"https:\/\/wpml.org\/wp-content\/uploads\/2024\/05\/Reviewing-translations-in-WPML.png\" alt=\"\" class=\"wp-image-15627907\" srcset=\"https:\/\/wpml.org\/wp-content\/uploads\/2024\/05\/Reviewing-translations-in-WPML.png 1100w, https:\/\/wpml.org\/wp-content\/uploads\/2024\/05\/Reviewing-translations-in-WPML-300x183.png 300w, https:\/\/wpml.org\/wp-content\/uploads\/2024\/05\/Reviewing-translations-in-WPML-1024x625.png 1024w, https:\/\/wpml.org\/wp-content\/uploads\/2024\/05\/Reviewing-translations-in-WPML-150x92.png 150w, https:\/\/wpml.org\/wp-content\/uploads\/2024\/05\/Reviewing-translations-in-WPML-768x468.png 768w\" sizes=\"auto, (max-width: 1100px) 100vw, 1100px\" \/><\/a><figcaption><div class=\"tb-image-caption\">R\u00e9vision des traductions dans WPML<\/div><\/figcaption><\/figure>\n\n<p>Si vous souhaitez apporter des modifications, vous pouvez modifier les traductions \u00e0 l&rsquo;aide de l\u2019<a href=\"https:\/\/wpml.org\/fr\/documentation-6\/traduire-vos-contenus\/editeur-de-traduction-avance\/\">\u00c9diteur de traduction avanc\u00e9<\/a>. <\/p>\n<div class=\"wp-block-image\">\n<figure class=\" tb-image tb-image-dynamic tb-image-frame-none aligncenter\" data-toolset-blocks-image=\"32b2c0030b6aad27689b3cc1f4cbcca2\"><a href=\"https:\/\/wpml.org\/wp-content\/uploads\/2024\/07\/Editing-homepage-in-Advanced-Translation-Editor.png\"><img decoding=\"async\" width=\"1024\" height=\"687\" loading=\"lazy\" src=\"https:\/\/wpml.org\/wp-content\/uploads\/2024\/07\/Editing-homepage-in-Advanced-Translation-Editor-1024x687.png\" alt=\"Editing homepage in Advanced Translation Editor\" class=\"wp-image-15988654\" srcset=\"https:\/\/wpml.org\/wp-content\/uploads\/2024\/07\/Editing-homepage-in-Advanced-Translation-Editor-1024x687.png 1024w, https:\/\/wpml.org\/wp-content\/uploads\/2024\/07\/Editing-homepage-in-Advanced-Translation-Editor-300x201.png 300w, https:\/\/wpml.org\/wp-content\/uploads\/2024\/07\/Editing-homepage-in-Advanced-Translation-Editor-150x101.png 150w, https:\/\/wpml.org\/wp-content\/uploads\/2024\/07\/Editing-homepage-in-Advanced-Translation-Editor-768x515.png 768w, https:\/\/wpml.org\/wp-content\/uploads\/2024\/07\/Editing-homepage-in-Advanced-Translation-Editor-1536x1030.png 1536w, https:\/\/wpml.org\/wp-content\/uploads\/2024\/07\/Editing-homepage-in-Advanced-Translation-Editor.png 1870w\" sizes=\"auto, (max-width: 1024px) 100vw, 1024px\" \/><\/a><figcaption><div class=\"tb-image-caption\">Modification de la page d&rsquo;accueil dans l\u2019\u00c9diteur de traduction avanc\u00e9<\/div><\/figcaption><\/figure>\n<\/div>\n<p>Si vous manquez de temps, ou pr\u00e9f\u00e9rez simplement qu&rsquo;un traducteur professionnel r\u00e9vise votre contenu, vous pouvez aussi <a href=\"https:\/\/wpml.org\/documentation\/support\/wpml-admin-capabilities\/\">inviter d&rsquo;autres utilisateurs<\/a> \u00e0 r\u00e9viser les traductions sur votre site.<\/p>\n\n<p>Pour garder votre site s\u00e9curis\u00e9, les r\u00e9viseurs ne peuvent modifier que le contenu sp\u00e9cifique que vous leur envoyez. <\/p>\n\n<h2 class=\"wp-block-heading\" id=\"deepl-wpml-cost\">Combien co\u00fbtent DeepL et WPML ?<\/h2>\n\n<p>Traduire avec DeepL et WPML co\u00fbte environ 0,0015 $ par mot. Cependant, lorsque vous achetez WPML, les 45\u202f000 premiers mots sont gratuits. C&rsquo;est suffisant pour traduire un site web de taille moyenne en 2-3 langues sans co\u00fbt suppl\u00e9mentaire.  <\/p>\n\n<p>Pour en savoir plus, consultez notre <a href=\"https:\/\/wpml.org\/fr\/documentation-6\/traduction-automatique-de-contenu-wordpress-avec-wpml\/tarification-de-la-traduction-automatique\/\">tarification de traduction automatique<\/a>.<\/p>\n\n<h2 class=\"wp-block-heading\" id=\"get-started\">Commencez avec DeepL et WPML<\/h2>\n\n<p class=\"lead\">Pour traduire avec DeepL et WPML, vous avez besoin de l\u2019offre Multilingual CMS ou Multilingual Agency de WPML. Pour comparer les offres, consultez notre <a href=\"https:\/\/wpml.org\/fr\/purchase\/\">page des tarifs<\/a>. <\/p>\n","protected":false},"excerpt":{"rendered":"<p>D\u00e9couvrez comment traduire automatiquement votre site web WordPress dans plus de langues avec DeepL et WPML. Pourquoi traduire avec DeepL et WPML ? DeepL est l&rsquo;un des meilleurs moteurs de traduction automatique disponibles aujourd&rsquo;hui. Il prend en charge plus de 30 langues, peut g\u00e9n\u00e9rer des traductions quasi natives et est le moteur de traduction pr\u00e9f\u00e9r\u00e9 [&hellip;]<\/p>\n","protected":false},"author":578773,"featured_media":15217886,"parent":4844545,"menu_order":68,"comment_status":"closed","ping_status":"closed","template":"template-sidebar-2.php","meta":{"_bbp_topic_count":0,"_bbp_reply_count":0,"_bbp_total_topic_count":0,"_bbp_total_reply_count":0,"_bbp_voice_count":0,"_bbp_anonymous_reply_count":0,"_bbp_topic_count_hidden":0,"_bbp_reply_count_hidden":0,"_bbp_forum_subforum_count":0,"ep_exclude_from_search":false,"footnotes":""},"related-projects-category":[],"class_list":["post-17014911","page","type-page","status-publish","has-post-thumbnail","hentry"],"_links":{"self":[{"href":"https:\/\/wpml.org\/fr\/wp-json\/wp\/v2\/pages\/17014911","targetHints":{"allow":["GET"]}}],"collection":[{"href":"https:\/\/wpml.org\/fr\/wp-json\/wp\/v2\/pages"}],"about":[{"href":"https:\/\/wpml.org\/fr\/wp-json\/wp\/v2\/types\/page"}],"author":[{"embeddable":true,"href":"https:\/\/wpml.org\/fr\/wp-json\/wp\/v2\/users\/578773"}],"replies":[{"embeddable":true,"href":"https:\/\/wpml.org\/fr\/wp-json\/wp\/v2\/comments?post=17014911"}],"version-history":[{"count":8,"href":"https:\/\/wpml.org\/fr\/wp-json\/wp\/v2\/pages\/17014911\/revisions"}],"predecessor-version":[{"id":17853920,"href":"https:\/\/wpml.org\/fr\/wp-json\/wp\/v2\/pages\/17014911\/revisions\/17853920"}],"up":[{"embeddable":true,"href":"https:\/\/wpml.org\/fr\/wp-json\/wp\/v2\/pages\/4844545"}],"wp:featuredmedia":[{"embeddable":true,"href":"https:\/\/wpml.org\/fr\/wp-json\/wp\/v2\/media\/15217886"}],"wp:attachment":[{"href":"https:\/\/wpml.org\/fr\/wp-json\/wp\/v2\/media?parent=17014911"}],"wp:term":[{"taxonomy":"related-projects-category","embeddable":true,"href":"https:\/\/wpml.org\/fr\/wp-json\/wp\/v2\/related-projects-category?post=17014911"}],"curies":[{"name":"wp","href":"https:\/\/api.w.org\/{rel}","templated":true}]}}