{"id":17014949,"date":"2022-10-13T05:23:29","date_gmt":"2022-10-13T05:23:29","guid":{"rendered":"https:\/\/wpml.org\/documentation-6\/traduction-automatique-de-contenu-wordpress-avec-wpml\/traduisez-votre-site-wordpress-avec-microsoft-translator\/"},"modified":"2026-04-20T11:43:17","modified_gmt":"2026-04-20T11:43:17","slug":"traduisez-votre-site-wordpress-avec-microsoft-translator","status":"publish","type":"page","link":"https:\/\/wpml.org\/fr\/documentation-6\/traduction-automatique-de-contenu-wordpress-avec-wpml\/traduisez-votre-site-wordpress-avec-microsoft-translator\/","title":{"rendered":"Traduisez votre site WordPress avec Microsoft Translator"},"content":{"rendered":"\n<p class=\"lead\">Traduisez automatiquement votre site WordPress avec Microsoft Translator et WPML. Acc\u00e9dez \u00e0 plus de 130 langues parmi les co\u00fbts de traduction les plus bas disponibles aujourd&rsquo;hui. <\/p>\n\n<h2 class=\"wp-block-heading\">Qu&rsquo;est-ce que Microsoft Translator ?<\/h2>\n\n<p>Microsoft Translator (\u00e9galement connu sous le nom d&rsquo;Azure Translator) est l&rsquo;un des moteurs de traduction automatique les plus rentables disponibles dans WPML. Avec Microsoft Translator, vous pouvez traduire votre site WordPress dans plus de <a href=\"https:\/\/ate.wpml.org\/mt_langs?_gl=1*1pjo6kq*_gcl_au*NzQ5NTQwNzYzLjE3NjkwNzE0OTIuODEyNTk5MDQ5LjE3NzYzNDQ4MDcuMTc3NjM0OTAyNw\" type=\"link\" id=\"https:\/\/ate.wpml.org\/mt_langs?_gl=1*1pjo6kq*_gcl_au*NzQ5NTQwNzYzLjE3NjkwNzE0OTIuODEyNTk5MDQ5LjE3NzYzNDQ4MDcuMTc3NjM0OTAyNw\" target=\"_blank\" rel=\"noreferrer noopener\">130 langues<\/a>. <br\/><\/p>\n\n<h2 class=\"wp-block-heading\" id=\"why-microsoft-translator-wpml\">Pourquoi utiliser Microsoft Translator et WPML ?<\/h2>\n\n<p>Avec Microsoft Translator, vous pouvez :<\/p>\n\n<ul class=\"wp-block-list\">\n<li>Traduisez automatiquement l&rsquo;int\u00e9gralit\u00e9 de votre site en quelques minutes<\/li>\n\n\n\n<li>Maintenez les co\u00fbts de traduction bas, m\u00eame pour les grands sites web<\/li>\n<\/ul>\n\n<p>Cela fait d&rsquo;Azure un excellent choix pour :<\/p>\n\n<ul class=\"wp-block-list\">\n<li>Sites de commerce \u00e9lectronique<\/li>\n\n\n\n<li>Les annuaires en ligne<\/li>\n\n\n\n<li>Les plateformes \u00e9ducatives<\/li>\n\n\n\n<li>Les sites d&rsquo;actualit\u00e9s et de m\u00e9dias<\/li>\n<\/ul>\n\n<p>Pour utiliser Microsoft Translator dans WordPress, vous avez besoin de WPML, l&rsquo;extension multilingue la plus populaire pour WordPress. WPML inclut une prise en charge int\u00e9gr\u00e9e de Microsoft Translator, vous pouvez donc commencer \u00e0 traduire imm\u00e9diatement, sans avoir \u00e0 g\u00e9rer des configurations d&rsquo;API complexes ou du d\u00e9veloppement personnalis\u00e9. <\/p>\n\n<p><strong>Avec WPML et Microsoft Translator, vous b\u00e9n\u00e9ficiez de : <\/strong><\/p>\n\n<ul class=\"wp-block-list\">\n<li><strong>M\u00e9moire de traduction<\/strong> \u2013 \u00c9vitez de payer deux fois pour le m\u00eame contenu.<\/li>\n\n\n\n<li><strong>Localisation compl\u00e8te du site<\/strong> \u2013 WPML traduit tout : contenu visible, formulaires, notifications et plus encore.<\/li>\n\n\n\n<li><strong>Cr\u00e9dits de traduction gratuits<\/strong> \u2013 Les forfaits WPML incluent des cr\u00e9dits de traduction automatique gratuits.<\/li>\n\n\n\n<li><strong>Traductions optimis\u00e9es pour le r\u00e9f\u00e9rencement<\/strong> \u2013 WPML g\u00e8re les m\u00e9tadonn\u00e9es, les URL et les balises hreflang pour vous.<\/li>\n\n\n\n<li><strong>Compatibilit\u00e9<\/strong> \u2013 WPML fonctionne avec des centaines d&rsquo;extensions et de th\u00e8mes. Consultez nos r\u00e9pertoires d&rsquo;<a href=\"https:\/\/wpml.org\/plugin\/\">extensions<\/a> et de <a href=\"https:\/\/wpml.org\/theme\/\">th\u00e8mes<\/a> compatibles pour la liste compl\u00e8te des partenaires de compatibilit\u00e9. <\/li>\n<\/ul>\n\n<h2 class=\"wp-block-heading\" id=\"microsoft-translator-and-wpml\">Comment traduire votre site WordPress avec Microsoft Translator et WPML<\/h2>\n\n<p>Pour utiliser Microsoft Translator, vous aurez besoin du forfait WPML CMS ou WPML Agency. <a href=\"https:\/\/wpml.org\/fr\/purchase\/\">Comparez les forfaits<\/a> pour plus de d\u00e9tails.<\/p>\n\n<h3 class=\"wp-block-heading\" id=\"choose-languages\">1. Choisissez les Langues \u00e0 Ajouter<\/h3>\n\n<p>Microsoft Translator prend en charge plus de 130 langues, des langues largement utilis\u00e9es comme l&rsquo;espagnol et l&rsquo;allemand aux langues comme le cor\u00e9en et le chinois. WPML vous permet d&rsquo;ajouter ou de supprimer des langues \u00e0 tout moment. <\/p>\n\n<p>Vous ne savez toujours pas quelles langues ajouter ? Commencez par les plus importantes et \u00e9largissez plus tard. <\/p>\n\n<p><a href=\"https:\/\/wpml.org\/fr\/documentation-6\/guide-de-demarrage-rapide\/configuration-de-la-langue\/\">D\u00e9couvrez comment ajouter des langues dans WPML<\/a>.<\/p>\n\n<h3 class=\"wp-block-heading\">2. D\u00e9finissez Microsoft comme moteur de traduction<\/h3>\n\n<p>Pour utiliser Microsoft Translator avec WPML, acc\u00e9dez \u00e0 <strong>WPML \u2192 R\u00e9glages<\/strong> et localisez la section <strong>Traduction automatique<\/strong>. Cliquez sur <strong>Moteur diff\u00e9rent<\/strong>, faites glisser Microsoft en haut de la liste et cliquez sur le bouton <strong>Enregistrer les r\u00e9glages<\/strong> en bas de la section. <\/p>\n\n<figure class=\"wp-block-image tb-image tb-image-dynamic tb-image-frame-none\" data-toolset-blocks-image=\"d7a1865f65ade32ec871ee3afa0ebf9b\"><a href=\"https:\/\/wpml.org\/wp-content\/uploads\/2026\/02\/wpml-microsoft-azure-translation-engine-settings.png\"><img decoding=\"async\" width=\"1024\" height=\"519\" loading=\"lazy\" src=\"https:\/\/wpml.org\/wp-content\/uploads\/2026\/02\/wpml-microsoft-azure-translation-engine-settings-1024x519.png\" alt=\"Selecting Microsoft in WPML\" class=\"wp-image-17832806\" srcset=\"https:\/\/wpml.org\/wp-content\/uploads\/2026\/02\/wpml-microsoft-azure-translation-engine-settings-1024x519.png 1024w, https:\/\/wpml.org\/wp-content\/uploads\/2026\/02\/wpml-microsoft-azure-translation-engine-settings-300x152.png 300w, https:\/\/wpml.org\/wp-content\/uploads\/2026\/02\/wpml-microsoft-azure-translation-engine-settings-150x76.png 150w, https:\/\/wpml.org\/wp-content\/uploads\/2026\/02\/wpml-microsoft-azure-translation-engine-settings-768x389.png 768w, https:\/\/wpml.org\/wp-content\/uploads\/2026\/02\/wpml-microsoft-azure-translation-engine-settings-1536x778.png 1536w, https:\/\/wpml.org\/wp-content\/uploads\/2026\/02\/wpml-microsoft-azure-translation-engine-settings-2048x1037.png 2048w\" sizes=\"auto, (max-width: 1024px) 100vw, 1024px\" \/><\/a><figcaption><div class=\"tb-image-caption\">D\u00e9finir Microsoft comme moteur de traduction par d\u00e9faut dans les r\u00e9glages WPML<\/div><\/figcaption><\/figure>\n\n<h3 class=\"wp-block-heading\" id=\"what-to-translate\">3. Traduisez le contenu avec Microsoft Translator<\/h3>\n\n<p>Pour traduire du contenu avec Microsoft Translator :<\/p>\n\n<ol class=\"wp-block-list\">\n<li>Acc\u00e9dez \u00e0 <strong>WPML<\/strong> \u2192 <strong>Tableau de bord de traduction<\/strong>.<\/li>\n\n\n\n<li>S\u00e9lectionnez le contenu que vous souhaitez traduire.<\/li>\n\n\n\n<li>Choisissez <strong>Traduire automatiquement<\/strong> et cliquez sur <strong>Traduire<\/strong>.<\/li>\n<\/ol>\n\n<figure class=\"wp-block-image tb-image tb-image-dynamic tb-image-frame-none\" data-toolset-blocks-image=\"d24aad7d46b4c47117641ba9adc5a048\"><a href=\"https:\/\/wpml.org\/wp-content\/uploads\/2026\/02\/wpml-selecting-content-for-translation.png\"><img decoding=\"async\" width=\"1024\" height=\"647\" loading=\"lazy\" src=\"https:\/\/wpml.org\/wp-content\/uploads\/2026\/02\/wpml-selecting-content-for-translation-1024x647.png\" alt=\"Sending content for translation from the Translation Dashboard\" class=\"wp-image-17832821\" srcset=\"https:\/\/wpml.org\/wp-content\/uploads\/2026\/02\/wpml-selecting-content-for-translation-1024x647.png 1024w, https:\/\/wpml.org\/wp-content\/uploads\/2026\/02\/wpml-selecting-content-for-translation-300x189.png 300w, https:\/\/wpml.org\/wp-content\/uploads\/2026\/02\/wpml-selecting-content-for-translation-150x95.png 150w, https:\/\/wpml.org\/wp-content\/uploads\/2026\/02\/wpml-selecting-content-for-translation-768x485.png 768w, https:\/\/wpml.org\/wp-content\/uploads\/2026\/02\/wpml-selecting-content-for-translation-1536x970.png 1536w, https:\/\/wpml.org\/wp-content\/uploads\/2026\/02\/wpml-selecting-content-for-translation-2048x1293.png 2048w\" sizes=\"auto, (max-width: 1024px) 100vw, 1024px\" \/><\/a><figcaption><div class=\"tb-image-caption\">Envoi de contenu pour traduction depuis le tableau de bord de traduction<\/div><\/figcaption><\/figure>\n\n<h3 class=\"wp-block-heading\" id=\"review-translations\">4. R\u00e9viser les traductions<\/h3>\n\n<p>Pour r\u00e9viser les traductions, WPML propose un \u00e9diteur frontal qui montre \u00e0 quoi ressemblent les traductions sur votre page. <\/p>\n\n<figure class=\"wp-block-image tb-image tb-image-dynamic tb-image-frame-none\" data-toolset-blocks-image=\"dd903e420d7ca14086e8806177136296\"><a href=\"https:\/\/wpml.org\/wp-content\/uploads\/2024\/01\/Frame-7-2-1.png\"><img decoding=\"async\" width=\"1024\" height=\"625\" loading=\"lazy\" src=\"https:\/\/wpml.org\/wp-content\/uploads\/2024\/01\/Frame-7-2-1-1024x625.png\" alt=\"\" class=\"wp-image-15170093\" srcset=\"https:\/\/wpml.org\/wp-content\/uploads\/2024\/01\/Frame-7-2-1-1024x625.png 1024w, https:\/\/wpml.org\/wp-content\/uploads\/2024\/01\/Frame-7-2-1-300x183.png 300w, https:\/\/wpml.org\/wp-content\/uploads\/2024\/01\/Frame-7-2-1-150x92.png 150w, https:\/\/wpml.org\/wp-content\/uploads\/2024\/01\/Frame-7-2-1-768x468.png 768w, https:\/\/wpml.org\/wp-content\/uploads\/2024\/01\/Frame-7-2-1.png 1100w\" sizes=\"auto, (max-width: 1024px) 100vw, 1024px\" \/><\/a><figcaption><div class=\"tb-image-caption\">\u00c9diteur de traduction frontal WPML<\/div><\/figcaption><\/figure>\n\n<p>Si vous \u00eates satisfait des traductions de Microsoft, vous les publiez sur votre site en cliquant sur le bouton <strong>Accepter cette traduction<\/strong>. Si vous souhaitez apporter des modifications, vous pouvez modifier les traductions dans l&rsquo;<a href=\"https:\/\/wpml.org\/fr\/documentation-6\/traduire-vos-contenus\/editeur-de-traduction-avance\/\">\u00c9diteur de traduction avanc\u00e9<\/a> de WPML.  <\/p>\n\n<figure class=\"wp-block-image tb-image tb-image-dynamic tb-image-frame-none\" data-toolset-blocks-image=\"a964156faf2a6949e0e5a73e9ff46ec1\"><a href=\"https:\/\/wpml.org\/wp-content\/uploads\/2025\/07\/wpml-advanced-translation-editor.png\"><img decoding=\"async\" width=\"1024\" height=\"479\" loading=\"lazy\" src=\"https:\/\/wpml.org\/wp-content\/uploads\/2025\/07\/wpml-advanced-translation-editor-1024x479.png\" alt=\"Editing translations in the WPML Advanced Translation Editor\" class=\"wp-image-17275273\" srcset=\"https:\/\/wpml.org\/wp-content\/uploads\/2025\/07\/wpml-advanced-translation-editor-1024x479.png 1024w, https:\/\/wpml.org\/wp-content\/uploads\/2025\/07\/wpml-advanced-translation-editor-300x140.png 300w, https:\/\/wpml.org\/wp-content\/uploads\/2025\/07\/wpml-advanced-translation-editor-150x70.png 150w, https:\/\/wpml.org\/wp-content\/uploads\/2025\/07\/wpml-advanced-translation-editor-768x360.png 768w, https:\/\/wpml.org\/wp-content\/uploads\/2025\/07\/wpml-advanced-translation-editor-1536x719.png 1536w, https:\/\/wpml.org\/wp-content\/uploads\/2025\/07\/wpml-advanced-translation-editor-2048x959.png 2048w\" sizes=\"auto, (max-width: 1024px) 100vw, 1024px\" \/><\/a><figcaption><div class=\"tb-image-caption\">\u00c9diteur de traduction avanc\u00e9 WPML<\/div><\/figcaption><\/figure>\n\n<p>Vous n&rsquo;avez pas le temps de r\u00e9viser les traductions ? <\/p>\n\n<p>WPML vous permet d\u2019inviter facilement d\u2019autres utilisateurs \u00e0 r\u00e9viser vos traductions. Les utilisateurs n\u2019ont acc\u00e8s qu\u2019au contenu sp\u00e9cifique que vous souhaitez faire r\u00e9viser, de sorte que le reste de votre site web (ainsi que les param\u00e8tres d\u2019administration) restera ferm\u00e9 et inaccessible \u00e0 toute autre personne.  <\/p>\n\n<p class=\"alert alert-info\"><strong>Par exemple&#8230; <\/strong><br\/><br\/>Si vous avez traduit une page produit et souhaitez qu&rsquo;un traducteur professionnel la r\u00e9vise, WPML ne partagera que le contenu de cette page sp\u00e9cifique avec le traducteur. Le reste de votre site restera ferm\u00e9 au traducteur.  <\/p>\n\n<h2 class=\"wp-block-heading\">Foire aux questions<\/h2>\n\n<div id=\"faq\" class=\"wp-block-toolset-blocks-container tb-container\" data-toolset-blocks-container=\"3c47785d6e1708c649124e2fe04a1b68\">\n<div class=\"wp-block-toolset-blocks-container tb-container\" data-toolset-blocks-container=\"40d6b7d75c97be28d62acd5aaafad645\">\n<details class=\"wp-block-details has-dark-gray-color has-text-color is-layout-flow wp-block-details-is-layout-flow\" open><summary><strong>Quel est le co\u00fbt d&rsquo;utilisation de Microsoft Translator avec WPML ?<\/strong><\/summary>\n<div class=\"wp-block-toolset-blocks-container tb-container\" data-toolset-blocks-container=\"b55b9e366429f8319ddee947984288b0\">\n<p class=\"tb-heading\" data-toolset-blocks-heading=\"9a15efaa54afc32df94f0ea0e933ff27\" data-last-update=\"1.4\">Pour utiliser Microsoft Translator avec WPML, vous avez besoin de <a href=\"https:\/\/wpml.org\/fr\/documentation-6\/traduction-automatique-de-contenu-wordpress-avec-wpml\/tarification-de-la-traduction-automatique\/\">cr\u00e9dits de traduction automatique<\/a> (inclus dans votre forfait, avec davantage disponibles selon les besoins).<br\/><br\/>Lorsque vous achetez WPML, vous recevez un forfait gratuit de cr\u00e9dits de traduction automatique, suffisant pour traduire un site web de taille moyenne dans 2 \u00e0 3 langues sans frais suppl\u00e9mentaires. <br\/><br\/>En d&rsquo;autres termes, si vous pr\u00e9voyez de traduire votre site en quelques langues seulement, vous pouvez utiliser Microsoft Translator gratuitement. Si vous souhaitez traduire dans plus de langues, ou si vous poss\u00e9dez un tr\u00e8s grand site web, vous pouvez facilement obtenir plus de cr\u00e9dits \u00e0 un prix abordable, \u00e0 partir de 0,0012 $ par mot. <br\/><br\/>WPML utilise un mod\u00e8le de tarification d\u00e9gressif, donc plus vous utilisez de cr\u00e9dits, plus le co\u00fbt par mot est faible. <a href=\"https:\/\/wpml.org\/fr\/documentation-6\/traduction-automatique-de-contenu-wordpress-avec-wpml\/tarification-de-la-traduction-automatique\/\">Utilisez notre calculateur de co\u00fbts<\/a> pour obtenir une estimation exacte.<br\/><\/p>\n<\/div>\n<\/details>\n<\/div>\n\n\n\n<div class=\"wp-block-toolset-blocks-container tb-container\" data-toolset-blocks-container=\"40d6b7d75c97be28d62acd5aaafad645\">\n<details class=\"wp-block-details has-dark-gray-color has-text-color is-layout-flow wp-block-details-is-layout-flow\"><summary><strong>\u00c0 quelle fr\u00e9quence Microsoft Translator est-il utilis\u00e9 avec WPML ?<\/strong><\/summary>\n<div class=\"wp-block-toolset-blocks-container tb-container\" data-toolset-blocks-container=\"b55b9e366429f8319ddee947984288b0\">\n<p class=\"tb-heading\" data-toolset-blocks-heading=\"9a15efaa54afc32df94f0ea0e933ff27\" data-last-update=\"1.4\">Chaque ann\u00e9e, WPML aide des milliers de sites WordPress \u00e0 traduire automatiquement leur contenu. Rien qu&rsquo;en 2023, WPML a traduit plus de <strong>2,5 milliards de mots avec Microsoft Translator<\/strong> (Azure). <br\/><br\/>Cela dit, Microsoft Translator repr\u00e9sente environ <strong>14 %<\/strong> du contenu total que WPML traduit chaque ann\u00e9e, soit plus de <strong>18 milliards de mots<\/strong> au total.<br\/><span id=\"docs-internal-guid-4d7fa5c0-7fff-f44b-7b8f-4dc1f5dcd09e\"><\/span><\/p>\n\n\n\n<figure class=\"wp-block-image tb-image tb-image-dynamic tb-image-frame-none\" data-toolset-blocks-image=\"d3b959ba955ecc633d72881434d5b13f\"><a href=\"https:\/\/wpml.org\/wp-content\/uploads\/2025\/07\/wpml-top-languages.png\"><img decoding=\"async\" width=\"1024\" height=\"576\" loading=\"lazy\" src=\"https:\/\/wpml.org\/wp-content\/uploads\/2025\/07\/wpml-top-languages-1024x576.png\" alt=\"\" class=\"wp-image-17275408\" srcset=\"https:\/\/wpml.org\/wp-content\/uploads\/2025\/07\/wpml-top-languages-1024x576.png 1024w, https:\/\/wpml.org\/wp-content\/uploads\/2025\/07\/wpml-top-languages-300x169.png 300w, https:\/\/wpml.org\/wp-content\/uploads\/2025\/07\/wpml-top-languages-150x84.png 150w, https:\/\/wpml.org\/wp-content\/uploads\/2025\/07\/wpml-top-languages-768x432.png 768w, https:\/\/wpml.org\/wp-content\/uploads\/2025\/07\/wpml-top-languages-1536x864.png 1536w, https:\/\/wpml.org\/wp-content\/uploads\/2025\/07\/wpml-top-languages.png 1920w\" sizes=\"auto, (max-width: 1024px) 100vw, 1024px\" \/><\/a><figcaption><div class=\"tb-image-caption\">Principales langues vers lesquelles WPML traduit<\/div><\/figcaption><\/figure>\n\n\n\n<p class=\"tb-heading has-text-color\" data-toolset-blocks-heading=\"98289a89e96ca858c0fcdf8fa716a3f5\" data-last-update=\"1.4\"><\/p>\n<\/div>\n<\/details>\n<\/div>\n\n\n\n<div class=\"wp-block-toolset-blocks-container tb-container\" data-toolset-blocks-container=\"40d6b7d75c97be28d62acd5aaafad645\">\n<details class=\"wp-block-details has-dark-gray-color has-text-color is-layout-flow wp-block-details-is-layout-flow\"><summary><strong>Microsoft Translator est-il la meilleure option pour des traductions de haute qualit\u00e9 et sensibles au contexte ?<\/strong><\/summary>\n<div class=\"wp-block-toolset-blocks-container tb-container\" data-toolset-blocks-container=\"b55b9e366429f8319ddee947984288b0\">\n<p class=\"tb-heading\" data-toolset-blocks-heading=\"9a15efaa54afc32df94f0ea0e933ff27\" data-last-update=\"1.4\">Microsoft Translator offre une qualit\u00e9 de traduction solide \u00e0 un co\u00fbt tr\u00e8s bas. C&rsquo;est une excellente option si vous traduisez de grandes quantit\u00e9s de contenu ou travaillez avec de nombreuses langues. <br\/><br\/>Cependant, si vous privil\u00e9giez :<br\/>&#8211; Des <strong>traductions plus pr\u00e9cises<\/strong> pour du contenu complexe ou marketing<br\/>&#8211; Des <strong>r\u00e9sultats sensibles au contexte<\/strong> aliment\u00e9s par l&rsquo;IA<br\/>&#8211; Un <strong>ton et un flux plus naturels<\/strong> dans vos traductions<br\/><br\/>&#8230;vous voudrez peut-\u00eatre explorer d&rsquo;autres options disponibles dans WPML, telles que <a href=\"https:\/\/wpml.org\/fr\/documentation-6\/traduction-automatique-de-contenu-wordpress-avec-wpml\/\">Private Translation Cloud (PTC)<\/a>, notre moteur de traduction le plus avanc\u00e9. PTC est con\u00e7u pour fournir un r\u00e9sultat de meilleure qualit\u00e9 en tirant parti des grands mod\u00e8les linguistiques (LLM) pour une meilleure compr\u00e9hension du contenu. <br\/><\/p>\n<\/div>\n<\/details>\n<\/div>\n<\/div>\n\n<h2 class=\"wp-block-heading\" id=\"get-started\">Pr\u00eat \u00e0 traduire avec Microsoft Translator et WPML ?<\/h2>\n\n<p>Que vous privil\u00e9giez le co\u00fbt ou la qualit\u00e9 de traduction, WPML facilite la mise en route.<\/p>\n\n<ul class=\"wp-block-list\">\n<li><a href=\"https:\/\/wpml.org\/fr\/purchase\/\">Obtenir WPML<\/a><\/li>\n\n\n\n<li>Comparez les moteurs de traduction disponibles \u2014 <a href=\"https:\/\/ptc.wpml.org\/about\" target=\"_blank\" rel=\"noreferrer noopener\">PTC<\/a>, <a href=\"https:\/\/wpml.org\/fr\/documentation-6\/traduction-automatique-de-contenu-wordpress-avec-wpml\/comment-traduire-votre-site-wordpress-avec-deepl\/\">DeepL<\/a> et <a href=\"https:\/\/wpml.org\/fr\/documentation-6\/traduction-automatique-de-contenu-wordpress-avec-wpml\/comment-utiliser-google-translate-dans-wordpress-tutoriel-complet\/\">Google Translate<\/a><\/li>\n\n\n\n<li><a href=\"https:\/\/wpml.org\/fr\/accueil\/nous-contacter\/\">Posez n&rsquo;importe quelle question \u00e0 notre \u00e9quipe<\/a> avant de commencer<\/li>\n<\/ul>\n\n<p class=\"alert alert-info\">WPML aide des milliers d&rsquo;utilisateurs WordPress \u00e0 traduire des milliards de mots chaque ann\u00e9e, que ce soit avec Azure, PTC ou d&rsquo;autres moteurs int\u00e9gr\u00e9s. Commencez \u00e0 traduire votre site d\u00e8s aujourd&rsquo;hui, avec la configuration qui correspond le mieux \u00e0 vos besoins. <\/p>\n","protected":false},"excerpt":{"rendered":"<p>Traduisez automatiquement votre site WordPress avec Microsoft Translator et WPML. Acc\u00e9dez \u00e0 plus de 130 langues parmi les co\u00fbts de traduction les plus bas disponibles aujourd&rsquo;hui. Qu&rsquo;est-ce que Microsoft Translator ? Microsoft Translator (\u00e9galement connu sous le nom d&rsquo;Azure Translator) est l&rsquo;un des moteurs de traduction automatique les plus rentables disponibles dans WPML. Avec Microsoft [&hellip;]<\/p>\n","protected":false},"author":578773,"featured_media":15217905,"parent":4844545,"menu_order":79,"comment_status":"closed","ping_status":"closed","template":"template-sidebar-2.php","meta":{"_bbp_topic_count":0,"_bbp_reply_count":0,"_bbp_total_topic_count":0,"_bbp_total_reply_count":0,"_bbp_voice_count":0,"_bbp_anonymous_reply_count":0,"_bbp_topic_count_hidden":0,"_bbp_reply_count_hidden":0,"_bbp_forum_subforum_count":0,"_uag_custom_page_level_css":"","ep_exclude_from_search":false,"footnotes":""},"related-projects-category":[],"class_list":["post-17014949","page","type-page","status-publish","has-post-thumbnail","hentry"],"spectra_custom_meta":{"_subscription_coupon_product_id":["0"],"_wpv_contains_gutenberg_views":[""],"_alp_processed":["1776685397"],"wpcf-unformatted-code":[""],"_wpml_media_duplicate":["1"],"_wpml_media_featured":["1"],"toolset_post_editor_mode":["block"],"wpcf-price-increase-show-from":[""],"wpcf-price-increase-show-till":[""],"_wp_page_template":["template-sidebar-2.php"],"_thumbnail_id":["15217905"],"_last_translation_edit_mode":["translation-editor"],"_wpml_word_count":["1257"],"_oembed_bbf56b1d4c25ce11481afba39f176f85":["{{unknown}}"],"_yoast_wpseo_metadesc":["Traduisez automatiquement votre site WordPress avec Microsoft Translator et WPML. Acc\u00e9dez \u00e0 plus de 130 langues \u00e0 des co\u00fbts de traduction abordables."],"_yoast_wpseo_focuskw":["microsoft translator"],"_uag_css_file_name":["uag-css-17014949.css"],"_uag_page_assets":["a:9:{s:3:\"css\";s:260:\".uag-blocks-common-selector{z-index:var(--z-index-desktop) !important}@media(max-width: 976px){.uag-blocks-common-selector{z-index:var(--z-index-tablet) !important}}@media(max-width: 767px){.uag-blocks-common-selector{z-index:var(--z-index-mobile) !important}}\";s:2:\"js\";s:0:\"\";s:18:\"current_block_list\";a:9:{i:0;s:14:\"core\/paragraph\";i:1;s:12:\"core\/heading\";i:2;s:9:\"core\/list\";i:3;s:14:\"core\/list-item\";i:4;s:20:\"toolset-blocks\/image\";i:5;s:24:\"toolset-blocks\/container\";i:7;s:12:\"core\/details\";i:9;s:22:\"toolset-blocks\/heading\";i:10;s:14:\"core\/shortcode\";}s:8:\"uag_flag\";b:0;s:11:\"uag_version\";s:10:\"1778491053\";s:6:\"gfonts\";a:0:{}s:10:\"gfonts_url\";s:0:\"\";s:12:\"gfonts_files\";a:0:{}s:14:\"uag_faq_layout\";b:0;}"]},"uagb_featured_image_src":{"full":["https:\/\/wpml.org\/wp-content\/uploads\/2024\/01\/Slide-16_9-1-1-5.png",1920,1080,false],"thumbnail":["https:\/\/wpml.org\/wp-content\/uploads\/2024\/01\/Slide-16_9-1-1-5-150x84.png",150,84,true],"medium":["https:\/\/wpml.org\/wp-content\/uploads\/2024\/01\/Slide-16_9-1-1-5-300x169.png",300,169,true],"medium_large":["https:\/\/wpml.org\/wp-content\/uploads\/2024\/01\/Slide-16_9-1-1-5-768x432.png",768,432,true],"large":["https:\/\/wpml.org\/wp-content\/uploads\/2024\/01\/Slide-16_9-1-1-5-1024x576.png",1024,576,true],"1536x1536":["https:\/\/wpml.org\/wp-content\/uploads\/2024\/01\/Slide-16_9-1-1-5-1536x864.png",1536,864,true],"2048x2048":["https:\/\/wpml.org\/wp-content\/uploads\/2024\/01\/Slide-16_9-1-1-5.png",1920,1080,false],"gform-image-choice-sm":["https:\/\/wpml.org\/wp-content\/uploads\/2024\/01\/Slide-16_9-1-1-5.png",300,169,false],"gform-image-choice-md":["https:\/\/wpml.org\/wp-content\/uploads\/2024\/01\/Slide-16_9-1-1-5.png",400,225,false],"gform-image-choice-lg":["https:\/\/wpml.org\/wp-content\/uploads\/2024\/01\/Slide-16_9-1-1-5.png",600,338,false],"woocommerce_thumbnail":["https:\/\/wpml.org\/wp-content\/uploads\/2024\/01\/Slide-16_9-1-1-5-150x150.png",150,150,true],"woocommerce_single":["https:\/\/wpml.org\/wp-content\/uploads\/2024\/01\/Slide-16_9-1-1-5-300x169.png",300,169,true],"woocommerce_gallery_thumbnail":["https:\/\/wpml.org\/wp-content\/uploads\/2024\/01\/Slide-16_9-1-1-5-100x100.png",100,100,true]},"uagb_author_info":{"display_name":"Tomer Helzer","author_link":"https:\/\/wpml.org\/fr\/author\/tomer-h\/"},"uagb_comment_info":0,"uagb_excerpt":"Traduisez automatiquement votre site WordPress avec Microsoft Translator et WPML. Acc\u00e9dez \u00e0 plus de 130 langues parmi les co\u00fbts de traduction les plus bas disponibles aujourd&rsquo;hui. Qu&rsquo;est-ce que Microsoft Translator ? Microsoft Translator (\u00e9galement connu sous le nom d&rsquo;Azure Translator) est l&rsquo;un des moteurs de traduction automatique les plus rentables disponibles dans WPML. Avec Microsoft\u2026","_links":{"self":[{"href":"https:\/\/wpml.org\/fr\/wp-json\/wp\/v2\/pages\/17014949","targetHints":{"allow":["GET"]}}],"collection":[{"href":"https:\/\/wpml.org\/fr\/wp-json\/wp\/v2\/pages"}],"about":[{"href":"https:\/\/wpml.org\/fr\/wp-json\/wp\/v2\/types\/page"}],"author":[{"embeddable":true,"href":"https:\/\/wpml.org\/fr\/wp-json\/wp\/v2\/users\/578773"}],"replies":[{"embeddable":true,"href":"https:\/\/wpml.org\/fr\/wp-json\/wp\/v2\/comments?post=17014949"}],"version-history":[{"count":8,"href":"https:\/\/wpml.org\/fr\/wp-json\/wp\/v2\/pages\/17014949\/revisions"}],"predecessor-version":[{"id":17980666,"href":"https:\/\/wpml.org\/fr\/wp-json\/wp\/v2\/pages\/17014949\/revisions\/17980666"}],"up":[{"embeddable":true,"href":"https:\/\/wpml.org\/fr\/wp-json\/wp\/v2\/pages\/4844545"}],"wp:featuredmedia":[{"embeddable":true,"href":"https:\/\/wpml.org\/fr\/wp-json\/wp\/v2\/media\/15217905"}],"wp:attachment":[{"href":"https:\/\/wpml.org\/fr\/wp-json\/wp\/v2\/media?parent=17014949"}],"wp:term":[{"taxonomy":"related-projects-category","embeddable":true,"href":"https:\/\/wpml.org\/fr\/wp-json\/wp\/v2\/related-projects-category?post=17014949"}],"curies":[{"name":"wp","href":"https:\/\/api.w.org\/{rel}","templated":true}]}}