{"id":17060808,"date":"2025-05-21T09:22:20","date_gmt":"2025-05-21T09:22:20","guid":{"rendered":"https:\/\/wpml.org\/documentation-6\/guide-de-demarrage-rapide\/les-sites-multilingues-simples-sont-plus-performants-conseils-eprouves-pour-augmenter-votre-trafic-mondial\/"},"modified":"2025-05-22T10:19:37","modified_gmt":"2025-05-22T10:19:37","slug":"les-sites-multilingues-simples-sont-plus-performants-conseils-eprouves-pour-augmenter-votre-trafic-mondial","status":"publish","type":"page","link":"https:\/\/wpml.org\/fr\/documentation-6\/guide-de-demarrage-rapide\/les-sites-multilingues-simples-sont-plus-performants-conseils-eprouves-pour-augmenter-votre-trafic-mondial\/","title":{"rendered":"Les sites multilingues simples sont plus performants : conseils \u00e9prouv\u00e9s pour augmenter votre trafic mondial"},"content":{"rendered":"\n<div class=\"wp-block-toolset-blocks-container tb-container\" data-toolset-blocks-container=\"533d08cc674037c70041fd3f7aae99e1\"><div class=\"tb-container-inner\">\n<p class=\"tb-heading has-text-color\" data-toolset-blocks-heading=\"0190bf5c0f5e682e6e1d8be7e6f401ac\" data-last-update=\"1.4\"><span><span><a href=\"https:\/\/wpml.org\/fr\/accueil\/\">Home<\/a><\/span><\/span><\/p>\n\n\n\n<h1 class=\"tb-heading has-text-color\" data-toolset-blocks-heading=\"6a873bf0b5ed2ed5795fdeb334d80d4f\" data-last-update=\"1.4\">Les sites multilingues simples sont plus performants : conseils \u00e9prouv\u00e9s pour augmenter votre trafic mondial<\/h1>\n\n\n\n<p class=\"lead\">Avant de commencer \u00e0 traduire avec WPML, apprenez \u00e0 \u00e9viter les probl\u00e8mes de configuration qui ralentissent les nouveaux sites multilingues et suivez les \u00e9tapes \u00e9prouv\u00e9es que d&rsquo;autres utilisent pour atteindre plus rapidement les visiteurs du monde entier.<br\/><\/p>\n<\/div><\/div>\n\n<div class=\"wp-block-toolset-blocks-container tb-container\" data-toolset-blocks-container=\"55531053acb92725ea5ca762e946075c\"><div class=\"tb-container-inner\">\n<p class=\"has-text-align-center\" style=\"font-size:18px\">Selon nos recherches, <strong>70 % des utilisateurs de WPML qui qualifient leur configuration de \u00ab peu exigeante \u00bb<\/strong> ont d\u00e9clar\u00e9 avoir lanc\u00e9 plus rapidement, traduit plus facilement et constat\u00e9 une augmentation du trafic international, le tout en quelques semaines seulement.<\/p>\n<\/div><\/div>\n\n<div class=\"wp-block-toolset-blocks-container tb-container\" data-toolset-blocks-container=\"1d78ba5354d2a5e924572201d79e6137\"><div class=\"tb-container-inner\">\n<div class=\"wp-block-toolset-blocks-grid tb-grid\" data-toolset-blocks-grid=\"bd81ac74c09c9e79b69862792e617d13\">\n<div class=\"wp-block-toolset-blocks-grid-column tb-grid-column tb-grid-align-top\" data-toolset-blocks-grid-column=\"e0c62ef28c440411136281632d5a8d63\">\n<figure class=\"wp-block-image tb-image tb-image-dynamic tb-image-frame-none\" data-toolset-blocks-image=\"2e65b0810e6f93b7d78e007039a01759\"><img decoding=\"async\" width=\"1152\" height=\"1536\" loading=\"lazy\" src=\"https:\/\/wpml.org\/wp-content\/uploads\/2025\/05\/Positive-Business-Results-2.png\" alt=\"\" class=\"wp-image-17032616\" srcset=\"https:\/\/wpml.org\/wp-content\/uploads\/2025\/05\/Positive-Business-Results-2.png 1152w, https:\/\/wpml.org\/wp-content\/uploads\/2025\/05\/Positive-Business-Results-2-225x300.png 225w, https:\/\/wpml.org\/wp-content\/uploads\/2025\/05\/Positive-Business-Results-2-768x1024.png 768w, https:\/\/wpml.org\/wp-content\/uploads\/2025\/05\/Positive-Business-Results-2-113x150.png 113w, https:\/\/wpml.org\/wp-content\/uploads\/2025\/05\/Positive-Business-Results-2-300x400.png 300w\" sizes=\"auto, (max-width: 1152px) 100vw, 1152px\" \/><\/figure>\n<\/div>\n\n\n\n<div class=\"wp-block-toolset-blocks-grid-column tb-grid-column\" data-toolset-blocks-grid-column=\"9f75dfd214cb372d9492e3b770fdf02d\">\n<div class=\"wp-block-toolset-blocks-container tb-container\" data-toolset-blocks-container=\"76b9e19aebd78b467b04c64acfe33167\">\n<h2 class=\"tb-heading has-text-color\" data-toolset-blocks-heading=\"6b17c0d6cc04bb992d8ee96b9295721f\" data-last-update=\"1.4\"><strong>Utilisez un th\u00e8me fiable et uniquement les extensions essentielles<\/strong><\/h2>\n\n\n\n<p class=\"tb-heading\" data-toolset-blocks-heading=\"b79e08d4e2c80337c14f6df797704d67\" data-last-update=\"1.4\">Le th\u00e8me et les extensions que vous choisissez affectent les performances, la stabilit\u00e9 et le processus de traduction de votre site.<br\/><br\/>M\u00eame sur les sites monolingues, les extensions obsol\u00e8tes ou superflues sont la principale cause de probl\u00e8mes techniques.<br\/><br\/>Sur les sites multilingues, ces probl\u00e8mes peuvent ralentir votre flux de travail de traduction ou entra\u00eener un dysfonctionnement de votre site dans toutes les langues.<\/p>\n\n\n\n<hr class=\"wp-block-separator has-text-color has-alpha-channel-opacity has-background is-style-wide\" style=\"margin-top:var(--wp--preset--spacing--70);margin-bottom:var(--wp--preset--spacing--70);background-color:#33879e29;color:#33879e29\"\/>\n\n\n\n<h4 class=\"tb-heading has-text-color\" data-toolset-blocks-heading=\"a5ddcdc6d0e028992a78658b1a529f45\" data-last-update=\"1.4\"><strong><strong>Pour \u00e9viter les probl\u00e8mes techniques d\u00e8s le d\u00e9part :<\/strong><\/strong><\/h4>\n\n\n\n<ol style=\"margin-top:var(--wp--preset--spacing--30);margin-bottom:var(--wp--preset--spacing--30)\" class=\"wp-block-list\">\n<li>Tenez-vous-en aux th\u00e8mes et extensions qui sont activement maintenus et compatibles avec WPML.<\/li>\n\n\n\n<li>N&rsquo;installez que les extensions dont vous avez r\u00e9ellement besoin.<\/li>\n\n\n\n<li>Avant d&rsquo;ajouter une nouvelle extension, assurez-vous qu&rsquo;elle prend en charge un flux de travail de traduction rapide et facile.<\/li>\n\n\n\n<li>\u00c9vitez d&rsquo;utiliser du code personnalis\u00e9, sauf si vous \u00eates pr\u00eat \u00e0 le rendre compatible avec le multilinguisme et \u00e0 le maintenir<\/li>\n<\/ol>\n\n\n\n<div class=\"wp-block-toolset-blocks-container tb-container\" data-toolset-blocks-container=\"8f975b96e501b68c66ac21dfbca5db68\">\n<h5 class=\"tb-heading has-text-color\" data-toolset-blocks-heading=\"d0a79ef7c620358ad1070455c3551e5e\" data-last-update=\"1.4\"><strong>Consultez les <\/strong><a href=\"https:\/\/wpml.org\/theme\/\"><strong>th\u00e8mes<\/strong><\/a><strong> et <\/strong><a href=\"https:\/\/wpml.org\/plugin\/\"><strong>extensions<\/strong><\/a> recommand\u00e9s par WPML<\/h5>\n<\/div>\n<\/div>\n<\/div>\n<\/div>\n\n\n\n<div class=\"wp-block-toolset-blocks-grid tb-grid\" data-toolset-blocks-grid=\"cd5472b0e1fa18860d882197280acb8c\">\n<div class=\"wp-block-toolset-blocks-grid-column tb-grid-column tb-grid-align-center\" data-toolset-blocks-grid-column=\"2c6e19232c221cec2ce8d8a5ee3199bb\">\n<figure class=\"wp-block-image tb-image tb-image-dynamic tb-image-frame-none\" data-toolset-blocks-image=\"46619af7b9bd9a31d58d5b4f321698dd\"><img decoding=\"async\" width=\"1153\" height=\"1536\" loading=\"lazy\" src=\"https:\/\/wpml.org\/wp-content\/uploads\/2025\/05\/Multilingual-Challenges-1.png\" alt=\"\" class=\"wp-image-17032630\" srcset=\"https:\/\/wpml.org\/wp-content\/uploads\/2025\/05\/Multilingual-Challenges-1.png 1153w, https:\/\/wpml.org\/wp-content\/uploads\/2025\/05\/Multilingual-Challenges-1-225x300.png 225w, https:\/\/wpml.org\/wp-content\/uploads\/2025\/05\/Multilingual-Challenges-1-769x1024.png 769w, https:\/\/wpml.org\/wp-content\/uploads\/2025\/05\/Multilingual-Challenges-1-113x150.png 113w, https:\/\/wpml.org\/wp-content\/uploads\/2025\/05\/Multilingual-Challenges-1-768x1023.png 768w, https:\/\/wpml.org\/wp-content\/uploads\/2025\/05\/Multilingual-Challenges-1-300x400.png 300w\" sizes=\"auto, (max-width: 1153px) 100vw, 1153px\" \/><\/figure>\n<\/div>\n\n\n\n<div class=\"wp-block-toolset-blocks-grid-column tb-grid-column tb-grid-align-center\" data-toolset-blocks-grid-column=\"e00106ffb333181b9331013c5f8ca37a\">\n<div class=\"wp-block-toolset-blocks-container tb-container\" data-toolset-blocks-container=\"e3162eee41dafe36aa073613d6512a56\">\n<h2 class=\"tb-heading has-text-color\" data-toolset-blocks-heading=\"6b17c0d6cc04bb992d8ee96b9295721f\" data-last-update=\"1.4\"><strong>R\u00e9digez un contenu facile \u00e0 comprendre et \u00e0 traduire<\/strong><\/h2>\n\n\n\n<p class=\"tb-heading\" data-toolset-blocks-heading=\"b79e08d4e2c80337c14f6df797704d67\" data-last-update=\"1.4\">Si votre contenu est difficile \u00e0 lire dans votre langue d&rsquo;origine, il sera encore plus difficile \u00e0 traduire. Plus votre langage est complexe, plus vous devrez effectuer de modifications, et plus il vous faudra de temps pour mettre en ligne votre site multilingue. <\/p>\n\n\n\n<hr class=\"wp-block-separator has-text-color has-alpha-channel-opacity has-background is-style-wide\" style=\"margin-top:var(--wp--preset--spacing--70);margin-bottom:var(--wp--preset--spacing--70);background-color:#33879e29;color:#33879e29\"\/>\n\n\n\n<h4 class=\"tb-heading has-text-color\" data-toolset-blocks-heading=\"68d18ac8380575c984fba6e3b619fa68\" data-last-update=\"1.4\"><strong><strong><strong>Pour obtenir d&rsquo;excellentes traductions, gardez votre r\u00e9daction suffisamment simple pour qu&rsquo;un adolescent de 16 ans puisse la comprendre :<\/strong><\/strong><\/strong><\/h4>\n\n\n\n<ol style=\"margin-top:var(--wp--preset--spacing--30);margin-bottom:var(--wp--preset--spacing--30)\" class=\"wp-block-list\">\n<li>Gardez des phrases courtes et directes<\/li>\n\n\n\n<li>Utilisez des mots simples plut\u00f4t que des mots compliqu\u00e9s<\/li>\n\n\n\n<li>\u00c9vitez les expressions idiomatiques, l&rsquo;argot et les r\u00e9f\u00e9rences culturelles<\/li>\n\n\n\n<li>Structurez le texte avec des titres, des puces et de courts paragraphes<\/li>\n<\/ol>\n<\/div>\n<\/div>\n<\/div>\n\n\n\n<div class=\"wp-block-toolset-blocks-grid tb-grid\" data-toolset-blocks-grid=\"7c8c199e5ea1527196831a8d2e4a5b92\">\n<div class=\"wp-block-toolset-blocks-grid-column tb-grid-column tb-grid-align-center\" data-toolset-blocks-grid-column=\"2c6e19232c221cec2ce8d8a5ee3199bb\">\n<figure class=\"wp-block-image tb-image tb-image-dynamic tb-image-frame-none\" data-toolset-blocks-image=\"51516b4ddf404a3ec3e050145a1500a4\"><img decoding=\"async\" width=\"769\" height=\"1024\" loading=\"lazy\" src=\"https:\/\/wpml.org\/wp-content\/uploads\/2025\/05\/Automatic-1-769x1024.png\" alt=\"\" class=\"wp-image-17032645\" srcset=\"https:\/\/wpml.org\/wp-content\/uploads\/2025\/05\/Automatic-1-769x1024.png 769w, https:\/\/wpml.org\/wp-content\/uploads\/2025\/05\/Automatic-1-225x300.png 225w, https:\/\/wpml.org\/wp-content\/uploads\/2025\/05\/Automatic-1-113x150.png 113w, https:\/\/wpml.org\/wp-content\/uploads\/2025\/05\/Automatic-1-768x1023.png 768w, https:\/\/wpml.org\/wp-content\/uploads\/2025\/05\/Automatic-1-300x400.png 300w, https:\/\/wpml.org\/wp-content\/uploads\/2025\/05\/Automatic-1.png 1153w\" sizes=\"auto, (max-width: 769px) 100vw, 769px\" \/><\/figure>\n<\/div>\n\n\n\n<div class=\"wp-block-toolset-blocks-grid-column tb-grid-column tb-grid-align-center\" data-toolset-blocks-grid-column=\"e00106ffb333181b9331013c5f8ca37a\">\n<div class=\"wp-block-toolset-blocks-container tb-container\" data-toolset-blocks-container=\"76b9e19aebd78b467b04c64acfe33167\">\n<h2 class=\"tb-heading has-text-color\" data-toolset-blocks-heading=\"6b17c0d6cc04bb992d8ee96b9295721f\" data-last-update=\"1.4\"><strong>Utilisez la traduction automatique<\/strong><\/h2>\n\n\n\n<p class=\"tb-heading\" data-toolset-blocks-heading=\"bb4b71d6eb70396b4d33c0a6b93081c6\" data-last-update=\"1.4\">Si vous n&rsquo;utilisez pas la traduction automatique, vous passez trop de temps sur le travail manuel. Traduire tout vous-m\u00eame ou r\u00e9viser chaque traduction ligne par ligne prend du temps. Vous pourriez utiliser ce temps pr\u00e9cieux pour le marketing, le r\u00e9f\u00e9rencement ou la gestion de votre entreprise.  <br\/><br\/>La <a href=\"https:\/\/wpml.org\/fr\/documentation-6\/traduction-automatique-de-contenu-wordpress-avec-wpml\/\">traduction automatique<\/a> de WPML offre une excellente qualit\u00e9 \u00e0 un co\u00fbt minime. Avec les cr\u00e9dits inclus dans votre achat de WPML, vous pouvez traduire la majeure partie, voire la totalit\u00e9 de votre site imm\u00e9diatement. <\/p>\n\n\n\n<hr class=\"wp-block-separator has-text-color has-alpha-channel-opacity has-background is-style-wide\" style=\"margin-top:var(--wp--preset--spacing--70);margin-bottom:var(--wp--preset--spacing--70);background-color:#33879e29;color:#33879e29\"\/>\n\n\n\n<h4 class=\"tb-heading has-text-color\" data-toolset-blocks-heading=\"a5ddcdc6d0e028992a78658b1a529f45\" data-last-update=\"1.4\"><strong><strong><strong>Pour gagner du temps et augmenter plus rapidement votre trafic multilingue :<\/strong><\/strong><\/strong><\/h4>\n\n\n\n<ol style=\"margin-top:var(--wp--preset--spacing--30);margin-bottom:var(--wp--preset--spacing--30)\" class=\"wp-block-list\">\n<li>Commencez par traduire automatiquement votre page d&rsquo;accueil, vos principales pages de destination et le contenu qui g\u00e9n\u00e8re des conversions.<\/li>\n\n\n\n<li class=\"has-link-color wp-elements-935619293115e9d96626aba8614af468\"> Si <a href=\"https:\/\/wpml.org\/fr\/documentation-6\/traduction-automatique-de-contenu-wordpress-avec-wpml\/wpml-ai-traductions-de-niveau-natif-pour-wordpress\/\">WPML AI<\/a> prend en charge vos langues, profitez de ses traductions contextuelles, meilleures que celles r\u00e9alis\u00e9es par des humains, qui se lisent comme si elles avaient \u00e9t\u00e9 r\u00e9dig\u00e9es par un locuteur natif.<\/li>\n\n\n\n<li>Ne laissez pas le contenu en projet en attendant une traduction parfaite &#8211; les traductions publi\u00e9es attirent des visiteurs.<\/li>\n\n\n\n<li>Apr\u00e8s la publication, laissez les retours du monde r\u00e9el vous montrer ce qu&rsquo;il faut am\u00e9liorer et ce qui fonctionne d\u00e9j\u00e0.<\/li>\n<\/ol>\n<\/div>\n<\/div>\n<\/div>\n<\/div><\/div>\n\n<div class=\"wp-block-toolset-blocks-container tb-container\" data-toolset-blocks-container=\"4cbda994512a716922e3f1c16d89ae6c\"><div class=\"tb-container-inner\">\n<hr class=\"wp-block-separator has-text-color has-alpha-channel-opacity has-background is-style-wide\" style=\"margin-top:var(--wp--preset--spacing--70);margin-bottom:var(--wp--preset--spacing--70);background-color:#33879e29;color:#33879e29\"\/>\n\n\n\n<h2 class=\"tb-heading has-text-color\" data-toolset-blocks-heading=\"6b17c0d6cc04bb992d8ee96b9295721f\" data-last-update=\"1.4\"><strong>Obtenez plus de trafic avec un site multilingue simple<\/strong><\/h2>\n\n\n\n<p class=\"tb-heading\" data-toolset-blocks-heading=\"b79e08d4e2c80337c14f6df797704d67\" data-last-update=\"1.4\">Tout ce que vous avez vu ici est bas\u00e9 sur des donn\u00e9es r\u00e9elles provenant de centaines d&rsquo;utilisateurs de WPML. Les r\u00e9sultats sont clairs : les sites multilingues les plus performants restent simples. Ils se concentrent sur l&rsquo;essentiel : des th\u00e8mes et des extensions fiables, un contenu facile \u00e0 comprendre et une traduction rapide. C&rsquo;est ce qui conduit \u00e0 de meilleures performances.   <br\/><br\/>Vous disposez des m\u00eames strat\u00e9gies. Il est maintenant temps de les mettre en pratique. <\/p>\n\n\n\n<div class=\"wp-block-toolset-blocks-container tb-container\" data-toolset-blocks-container=\"e6d2ff72a4fe049897bbda010079e492\">\n<div class=\"wp-block-group is-vertical is-content-justification-center is-layout-flex wp-container-core-group-is-layout-eee6a810 wp-block-group-is-layout-flex\">\n<h3 class=\"tb-heading has-text-color\" data-toolset-blocks-heading=\"b772800d09532af8a595172a6a5d0c10\" data-last-update=\"1.4\"><strong><strong>Traduisons votre site<\/strong><\/strong><\/h3>\n\n\n\n<h4 class=\"tb-heading has-text-color\" data-toolset-blocks-heading=\"1de052fd8130ca5acd9b9cd1d93d1791\" data-last-update=\"1.4\">Vous avez les outils, les conseils et la confiance n\u00e9cessaires pour commencer \u00e0 atteindre de nouveaux publics.<\/h4>\n<\/div>\n\n\n\n<div class=\"tb-button\" data-toolset-blocks-button=\"6537eca78d4488dc2e4ccaac58dbef2e\"><a class=\"tb-button__link\" href=\"https:\/\/wpml.org\/documentation\/translating-your-contents\/\"><i class=\"tb-button__icon\"><\/i><span class=\"tb-button__content\">Traduisez votre premi\u00e8re page<\/span><\/a><\/div>\n<\/div>\n<\/div><\/div>\n","protected":false},"excerpt":{"rendered":"","protected":false},"author":538393,"featured_media":0,"parent":104118,"menu_order":0,"comment_status":"closed","ping_status":"closed","template":"template-full.php","meta":{"_bbp_topic_count":0,"_bbp_reply_count":0,"_bbp_total_topic_count":0,"_bbp_total_reply_count":0,"_bbp_voice_count":0,"_bbp_anonymous_reply_count":0,"_bbp_topic_count_hidden":0,"_bbp_reply_count_hidden":0,"_bbp_forum_subforum_count":0,"ep_exclude_from_search":false,"footnotes":""},"related-projects-category":[],"class_list":["post-17060808","page","type-page","status-publish","hentry"],"_links":{"self":[{"href":"https:\/\/wpml.org\/fr\/wp-json\/wp\/v2\/pages\/17060808","targetHints":{"allow":["GET"]}}],"collection":[{"href":"https:\/\/wpml.org\/fr\/wp-json\/wp\/v2\/pages"}],"about":[{"href":"https:\/\/wpml.org\/fr\/wp-json\/wp\/v2\/types\/page"}],"author":[{"embeddable":true,"href":"https:\/\/wpml.org\/fr\/wp-json\/wp\/v2\/users\/538393"}],"replies":[{"embeddable":true,"href":"https:\/\/wpml.org\/fr\/wp-json\/wp\/v2\/comments?post=17060808"}],"version-history":[{"count":1,"href":"https:\/\/wpml.org\/fr\/wp-json\/wp\/v2\/pages\/17060808\/revisions"}],"predecessor-version":[{"id":17060810,"href":"https:\/\/wpml.org\/fr\/wp-json\/wp\/v2\/pages\/17060808\/revisions\/17060810"}],"up":[{"embeddable":true,"href":"https:\/\/wpml.org\/fr\/wp-json\/wp\/v2\/pages\/104118"}],"wp:attachment":[{"href":"https:\/\/wpml.org\/fr\/wp-json\/wp\/v2\/media?parent=17060808"}],"wp:term":[{"taxonomy":"related-projects-category","embeddable":true,"href":"https:\/\/wpml.org\/fr\/wp-json\/wp\/v2\/related-projects-category?post=17060808"}],"curies":[{"name":"wp","href":"https:\/\/api.w.org\/{rel}","templated":true}]}}