{"id":17578477,"date":"2020-06-23T15:24:11","date_gmt":"2020-06-23T15:24:11","guid":{"rendered":"https:\/\/wpml.org\/documentation-6\/compatibilite-avec-des-modules-dextension\/traduire-rank-math-avec-wpml\/"},"modified":"2026-02-26T07:26:41","modified_gmt":"2026-02-26T07:26:41","slug":"traduire-rank-math-avec-wpml","status":"publish","type":"page","link":"https:\/\/wpml.org\/fr\/documentation-6\/compatibilite-avec-des-modules-dextension\/traduire-rank-math-avec-wpml\/","title":{"rendered":"Traduire Rank Math avec WPML"},"content":{"rendered":"\n<p class=\"lead\">D\u00e9couvrez comment traduire Rank Math avec WPML. Traduisez tous les attributs SEO, y compris les titres, les m\u00e9ta-descriptions, les permaliens et bien plus encore.  <\/p>\n\n<h2 class=\"wp-block-heading\" id=\"getting-started\">Pour commencer<\/h2>\n\n<p>Pour traduire Rank Math avec WPML, vous avez besoin des extensions suivantes :<\/p>\n\n<ul class=\"wp-block-list\">\n<li><a href=\"https:\/\/rankmath.com\/\" target=\"_blank\" rel=\"noreferrer noopener\">Rank Math<\/a><\/li>\n\n\n\n<li>WPML core<\/li>\n\n\n\n<li>WPML String Translation<\/li>\n\n\n\n<li><a href=\"https:\/\/wpml.org\/compatibility\/2021\/04\/wpml-seo-plugin-better-integration-with-seo-plugins\/\">WPML SEO add-on<\/a><\/li>\n<\/ul>\n\n<h2 class=\"wp-block-heading\" id=\"translating-on-page-seo-attributes\">Traduire les attributs SEO sur la page<\/h2>\n\n<p>WPML peut traduire tous les attributs SEO sur la page. Cela comprend : <\/p>\n\n<ul class=\"wp-block-list\">\n<li>Titres de pages<\/li>\n\n\n\n<li>M\u00e9ta-descriptions<\/li>\n\n\n\n<li>Fils d&rsquo;Ariane<\/li>\n\n\n\n<li>Textes alternatifs et l\u00e9gendes des images<\/li>\n\n\n\n<li>Permaliens<\/li>\n\n\n\n<li>Et plus encore&#8230;<\/li>\n<\/ul>\n\n<p>WPML ne prend actuellement pas en charge les fonctionnalit\u00e9s de permaliens personnalis\u00e9s pour la traduction. Par exemple, l&rsquo;utilisation du param\u00e8tre Rank Math pour supprimer une base de cat\u00e9gorie des URLs emp\u00eachera leur traduction correcte. Avant d&rsquo;utiliser ce param\u00e8tre, consultez notre <a href=\"https:\/\/wpml.org\/errata\/rank-math-setting-to-strip-product-base-breaks-translating-product-links\/\">solution alternative pour supprimer une base de cat\u00e9gorie des URLs<\/a> ou contactez notre support.  <\/p>\n\n<p>Pour traduire les attributs SEO sur la page avec WPML, il suffit d&rsquo;envoyer votre contenu en traduction. WPML traduit les attributs en m\u00eame temps que la page ou l&rsquo;article auxquels ils sont associ\u00e9s. <\/p>\n\n<figure class=\"wp-block-image tb-image tb-image-dynamic tb-image-frame-none\" data-toolset-blocks-image=\"a21f464e4de3ce2b2e806dbc3cf5ad81\"><a href=\"https:\/\/wpml.org\/wp-content\/uploads\/2026\/02\/Translating-post-with-Rank-Math-SEO-attributes.png\"><img decoding=\"async\" width=\"1024\" height=\"625\" loading=\"lazy\" src=\"https:\/\/wpml.org\/wp-content\/uploads\/2026\/02\/Translating-post-with-Rank-Math-SEO-attributes-1024x625.png\" alt=\"Translating post with Rank Math SEO attributes\" class=\"wp-image-17792435\" srcset=\"https:\/\/wpml.org\/wp-content\/uploads\/2026\/02\/Translating-post-with-Rank-Math-SEO-attributes-1024x625.png 1024w, https:\/\/wpml.org\/wp-content\/uploads\/2026\/02\/Translating-post-with-Rank-Math-SEO-attributes-300x183.png 300w, https:\/\/wpml.org\/wp-content\/uploads\/2026\/02\/Translating-post-with-Rank-Math-SEO-attributes-150x92.png 150w, https:\/\/wpml.org\/wp-content\/uploads\/2026\/02\/Translating-post-with-Rank-Math-SEO-attributes-768x469.png 768w, https:\/\/wpml.org\/wp-content\/uploads\/2026\/02\/Translating-post-with-Rank-Math-SEO-attributes-1536x938.png 1536w, https:\/\/wpml.org\/wp-content\/uploads\/2026\/02\/Translating-post-with-Rank-Math-SEO-attributes.png 1600w\" sizes=\"auto, (max-width: 1024px) 100vw, 1024px\" \/><\/a><figcaption><div class=\"tb-image-caption\">Traduire une publication avec les attributs Rank Math SEO<\/div><\/figcaption><\/figure>\n\n<h2 class=\"wp-block-heading\">Traduire les m\u00e9tadonn\u00e9es de taxonomie<\/h2>\n\n<p>Lors de la traduction d&rsquo;un article, WPML traduit \u00e9galement les taxonomies associ\u00e9es. Cela inclut tous les attributs SEO que vous avez ajout\u00e9s dans l&rsquo;extrait Rank Math pour chaque terme de taxonomie (comme le m\u00e9ta-titre et la m\u00e9ta-description). <\/p>\n\n<figure class=\"wp-block-image tb-image tb-image-dynamic tb-image-frame-none\" data-toolset-blocks-image=\"ac7af4acbeeb8aa8ea51c21a684966cd\"><a href=\"https:\/\/wpml.org\/wp-content\/uploads\/2025\/05\/category-seo-snippet-rankmath-1.png\"><img decoding=\"async\" width=\"1976\" height=\"1952\" loading=\"lazy\" src=\"https:\/\/wpml.org\/wp-content\/uploads\/2025\/05\/category-seo-snippet-rankmath-1.png\" alt=\"\" class=\"wp-image-17035020\" srcset=\"https:\/\/wpml.org\/wp-content\/uploads\/2025\/05\/category-seo-snippet-rankmath-1.png 1976w, https:\/\/wpml.org\/wp-content\/uploads\/2025\/05\/category-seo-snippet-rankmath-1-300x296.png 300w, https:\/\/wpml.org\/wp-content\/uploads\/2025\/05\/category-seo-snippet-rankmath-1-1024x1012.png 1024w, https:\/\/wpml.org\/wp-content\/uploads\/2025\/05\/category-seo-snippet-rankmath-1-150x148.png 150w, https:\/\/wpml.org\/wp-content\/uploads\/2025\/05\/category-seo-snippet-rankmath-1-768x759.png 768w, https:\/\/wpml.org\/wp-content\/uploads\/2025\/05\/category-seo-snippet-rankmath-1-1536x1517.png 1536w, https:\/\/wpml.org\/wp-content\/uploads\/2025\/05\/category-seo-snippet-rankmath-1-100x100.png 100w\" sizes=\"auto, (max-width: 1976px) 100vw, 1976px\" \/><\/a><figcaption><div class=\"tb-image-caption\">Ajouter le m\u00e9ta-titre et la m\u00e9ta-description d\u2019une cat\u00e9gorie avec Rank Math<\/div><\/figcaption><\/figure>\n\n<p>Si vous modifiez les m\u00e9tadonn\u00e9es d&rsquo;une taxonomie dans la langue d&rsquo;origine \u2014 ou si vous souhaitez traduire des taxonomies qui ne sont attach\u00e9es \u00e0 aucun article \u2014 allez dans <strong>WPML \u2192 Traduction des taxonomies<\/strong> pour mettre \u00e0 jour les traductions.<\/p>\n\n<figure class=\"wp-block-image tb-image tb-image-dynamic tb-image-frame-none\" data-toolset-blocks-image=\"da86bdb58e0b4c0917fb2fdee7f9d4c4\"><a href=\"https:\/\/wpml.org\/wp-content\/uploads\/2025\/05\/translate-rankmath-taxonomy-metadata-1.png\"><img decoding=\"async\" width=\"2560\" height=\"1662\" loading=\"lazy\" src=\"https:\/\/wpml.org\/wp-content\/uploads\/2025\/05\/translate-rankmath-taxonomy-metadata-1.png\" alt=\"\" class=\"wp-image-17035035\" srcset=\"https:\/\/wpml.org\/wp-content\/uploads\/2025\/05\/translate-rankmath-taxonomy-metadata-1.png 2560w, https:\/\/wpml.org\/wp-content\/uploads\/2025\/05\/translate-rankmath-taxonomy-metadata-1-300x195.png 300w, https:\/\/wpml.org\/wp-content\/uploads\/2025\/05\/translate-rankmath-taxonomy-metadata-1-1024x665.png 1024w, https:\/\/wpml.org\/wp-content\/uploads\/2025\/05\/translate-rankmath-taxonomy-metadata-1-150x97.png 150w, https:\/\/wpml.org\/wp-content\/uploads\/2025\/05\/translate-rankmath-taxonomy-metadata-1-768x499.png 768w, https:\/\/wpml.org\/wp-content\/uploads\/2025\/05\/translate-rankmath-taxonomy-metadata-1-1536x997.png 1536w, https:\/\/wpml.org\/wp-content\/uploads\/2025\/05\/translate-rankmath-taxonomy-metadata-1-2048x1330.png 2048w\" sizes=\"auto, (max-width: 2560px) 100vw, 2560px\" \/><\/a><figcaption><div class=\"tb-image-caption\">Traduction des termes de taxonomie et des m\u00e9tadonn\u00e9es avec la Traduction des taxonomies de WPML<\/div><\/figcaption><\/figure>\n\n<h2 class=\"wp-block-heading\" id=\"translating-global-seo-texts\">Traduire les textes SEO globaux<\/h2>\n\n<p>Pour traduire les textes SEO globaux, comme le libell\u00e9 de la page d&rsquo;accueil dans le fil d&rsquo;Ariane, suivez ces \u00e9tapes :<\/p>\n\n<ol class=\"wp-block-list\">\n<li>Allez dans <strong>WPML<\/strong> \u2192 <strong>tableau de bord de traduction<\/strong>.<\/li>\n\n\n\n<li>Faites d\u00e9filer jusqu&rsquo;\u00e0 la section <strong>Autres textes (Cha\u00eenes)<\/strong> et recherchez vos textes.<strong> <\/strong><\/li>\n\n\n\n<li>S\u00e9lectionnez vos textes et envoyez-les en traduction. <\/li>\n<\/ol>\n\n<h2 class=\"wp-block-heading\" id=\"sitemaps-and-wpml\">Plans de site multilingues avec WPML<\/h2>\n\n<p id=\"known-issues\">WPML g\u00e8re automatiquement les plans de site multilingues et les <a href=\"https:\/\/wpml.org\/documentation\/support\/adding-hreflang-wordpress\/\">balises hreflang<\/a>. Par d\u00e9faut, il ajoute des balises hreflang pour chaque variation d&rsquo;URL dans les plans de site XML. <\/p>\n\n<h3 class=\"wp-block-heading\">Ajout des balises hreflang dans la page <\/h3>\n\n<p id=\"known-issues\">Si vous souhaitez avoir les balises hreflang dans la page  plut\u00f4t que dans le plan de site, vous pouvez modifier ce param\u00e8tre vous-m\u00eame. Il suffit de : <\/p>\n\n<p id=\"known-issues\">1. D\u00e9sactiver la fonctionnalit\u00e9 du plan de site en ajoutant ce code \u00e0 votre <strong>wp-config.php<\/strong> :<\/p>\n\n<pre class=\"wp-block-preformatted\">define( 'WPML_SEO_ENABLE_SITEMAP_HREFLANG', false ); <\/pre>\n\n<p><\/p>\n\n<p>2. Naviguer vers la page <strong>WPML \u2192 Langues<\/strong> et chercher les <strong>options SEO<\/strong>. Vous verrez la case \u00e0 cocher <strong>Afficher les langues alternatives dans la section HEAD<\/strong> \u2014 activez-la et <strong>Enregistrez<\/strong>. <\/p>\n\n<figure class=\"wp-block-image tb-image tb-image-dynamic tb-image-frame-none\" data-toolset-blocks-image=\"3189122d0149db8bc89e7bb241be5417\"><a href=\"https:\/\/wpml.org\/wp-content\/uploads\/2025\/09\/option-for-hreflang-tag-in-head-rankmath.png\"><img decoding=\"async\" width=\"2544\" height=\"1174\" loading=\"lazy\" src=\"https:\/\/wpml.org\/wp-content\/uploads\/2025\/09\/option-for-hreflang-tag-in-head-rankmath.png\" alt=\"\" class=\"wp-image-17384098\" srcset=\"https:\/\/wpml.org\/wp-content\/uploads\/2025\/09\/option-for-hreflang-tag-in-head-rankmath.png 2544w, https:\/\/wpml.org\/wp-content\/uploads\/2025\/09\/option-for-hreflang-tag-in-head-rankmath-300x138.png 300w, https:\/\/wpml.org\/wp-content\/uploads\/2025\/09\/option-for-hreflang-tag-in-head-rankmath-1024x473.png 1024w, https:\/\/wpml.org\/wp-content\/uploads\/2025\/09\/option-for-hreflang-tag-in-head-rankmath-150x69.png 150w, https:\/\/wpml.org\/wp-content\/uploads\/2025\/09\/option-for-hreflang-tag-in-head-rankmath-768x354.png 768w, https:\/\/wpml.org\/wp-content\/uploads\/2025\/09\/option-for-hreflang-tag-in-head-rankmath-1536x709.png 1536w, https:\/\/wpml.org\/wp-content\/uploads\/2025\/09\/option-for-hreflang-tag-in-head-rankmath-2048x945.png 2048w\" sizes=\"auto, (max-width: 2544px) 100vw, 2544px\" \/><\/a><figcaption><div class=\"tb-image-caption\">Activation de l&rsquo;option pour ajouter les balises hreflang dans l&rsquo;en-t\u00eate < de la page><\/div><\/figcaption><\/figure>\n\n<h2 class=\"wp-block-heading\" id=\"translate-with-wpml\">Traduire Rank Math avec WPML <a href=\"https:\/\/wpml.org\/fr\/documentation-6\/projets-connexes\/gravity-forms-multilingual\/#translate-with-wpml\"><\/a><\/h2>\n\n<p>Si vous poss\u00e9dez d\u00e9j\u00e0 un compte WPML, vous pouvez t\u00e9l\u00e9charger le module compl\u00e9mentaire WPML SEO pour Rank Math (sans frais suppl\u00e9mentaires) depuis la <a href=\"https:\/\/wpml.org\/fr\/account\/downloads\/#wpml-seo\">page des t\u00e9l\u00e9chargements<\/a>.<\/p>\n\n<p>Vous n&rsquo;avez pas WPML ? Visitez notre <a href=\"https:\/\/wpml.org\/fr\/purchase\/\">page de tarification<\/a> pour trouver le plan adapt\u00e9 \u00e0 votre site web.  <\/p>\n","protected":false},"excerpt":{"rendered":"<p>D\u00e9couvrez comment traduire Rank Math avec WPML. Traduisez tous les attributs SEO, y compris les titres, les m\u00e9ta-descriptions, les permaliens et bien plus encore. Pour commencer Pour traduire Rank Math avec WPML, vous avez besoin des extensions suivantes : Traduire les attributs SEO sur la page WPML peut traduire tous les attributs SEO sur la [&hellip;]<\/p>\n","protected":false},"author":578773,"featured_media":0,"parent":16317476,"menu_order":20,"comment_status":"closed","ping_status":"closed","template":"template-sidebar-2.php","meta":{"_bbp_topic_count":0,"_bbp_reply_count":0,"_bbp_total_topic_count":0,"_bbp_total_reply_count":0,"_bbp_voice_count":0,"_bbp_anonymous_reply_count":0,"_bbp_topic_count_hidden":0,"_bbp_reply_count_hidden":0,"_bbp_forum_subforum_count":0,"ep_exclude_from_search":false,"footnotes":""},"related-projects-category":[],"class_list":["post-17578477","page","type-page","status-publish","hentry"],"_links":{"self":[{"href":"https:\/\/wpml.org\/fr\/wp-json\/wp\/v2\/pages\/17578477","targetHints":{"allow":["GET"]}}],"collection":[{"href":"https:\/\/wpml.org\/fr\/wp-json\/wp\/v2\/pages"}],"about":[{"href":"https:\/\/wpml.org\/fr\/wp-json\/wp\/v2\/types\/page"}],"author":[{"embeddable":true,"href":"https:\/\/wpml.org\/fr\/wp-json\/wp\/v2\/users\/578773"}],"replies":[{"embeddable":true,"href":"https:\/\/wpml.org\/fr\/wp-json\/wp\/v2\/comments?post=17578477"}],"version-history":[{"count":6,"href":"https:\/\/wpml.org\/fr\/wp-json\/wp\/v2\/pages\/17578477\/revisions"}],"predecessor-version":[{"id":17854318,"href":"https:\/\/wpml.org\/fr\/wp-json\/wp\/v2\/pages\/17578477\/revisions\/17854318"}],"up":[{"embeddable":true,"href":"https:\/\/wpml.org\/fr\/wp-json\/wp\/v2\/pages\/16317476"}],"wp:attachment":[{"href":"https:\/\/wpml.org\/fr\/wp-json\/wp\/v2\/media?parent=17578477"}],"wp:term":[{"taxonomy":"related-projects-category","embeddable":true,"href":"https:\/\/wpml.org\/fr\/wp-json\/wp\/v2\/related-projects-category?post=17578477"}],"curies":[{"name":"wp","href":"https:\/\/api.w.org\/{rel}","templated":true}]}}