{"id":17815366,"date":"2026-02-12T08:05:34","date_gmt":"2026-02-12T08:05:34","guid":{"rendered":"https:\/\/wpml.org\/accueil\/conformite-a-la-licence-gpl-de-wpml\/"},"modified":"2026-02-12T10:56:20","modified_gmt":"2026-02-12T10:56:20","slug":"conformite-a-la-licence-gpl-de-wpml","status":"publish","type":"page","link":"https:\/\/wpml.org\/fr\/accueil\/conformite-a-la-licence-gpl-de-wpml\/","title":{"rendered":"Conformit\u00e9 \u00e0 la licence GPL de WPML"},"content":{"rendered":"\n<p class=\"lead\">WPML est sous licence GNU General Public License (GPL) version 2 ou ult\u00e9rieure. Lorsque vous utilisez le logiciel WPML, vous b\u00e9n\u00e9ficiez de tous les droits accord\u00e9s par la GPL.<\/p>\n\n<h2 class=\"wp-block-heading\">Les marques de WPML sont distinctes de la licence du code<\/h2>\n\n<p>Le code de WPML est sous licence GPL. Cependant, le <strong>nom WPML, le logo et le nom de l\u2019entreprise OnTheGoSystems sont des marques d\u00e9pos\u00e9es<\/strong> ; ceux-ci ne sont pas couverts par la GPL. <\/p>\n\n<h3 class=\"wp-block-heading\">Cela signifie que vous ne pouvez pas :<\/h3>\n\n<ul class=\"wp-block-list\">\n<li>Commercialiser ou vendre quoi que ce soit en utilisant le nom ou le logo \u00ab WPML \u00bb<\/li>\n\n\n\n<li>Utiliser le nom ou l\u2019image de marque d\u2019OnTheGoSystems<\/li>\n\n\n\n<li>Laisser entendre que votre produit ou service est officiellement associ\u00e9 \u00e0 WPML<\/li>\n<\/ul>\n\n<h3 class=\"wp-block-heading\">Mises \u00e0 jour et assistance<\/h3>\n\n<p>L\u2019achat d\u2019un abonnement WPML donne acc\u00e8s aux mises \u00e0 jour, \u00e0 l\u2019assistance et aux services associ\u00e9s, mais ne modifie pas la licence GPL du logiciel lui-m\u00eame.<\/p>\n","protected":false},"excerpt":{"rendered":"<p>WPML est sous licence GNU General Public License (GPL) version 2 ou ult\u00e9rieure. Lorsque vous utilisez le logiciel WPML, vous b\u00e9n\u00e9ficiez de tous les droits accord\u00e9s par la GPL. Les marques de WPML sont distinctes de la licence du code Le code de WPML est sous licence GPL. Cependant, le nom WPML, le logo et [&hellip;]<\/p>\n","protected":false},"author":76577,"featured_media":0,"parent":100637,"menu_order":0,"comment_status":"closed","ping_status":"closed","template":"template-nosidebar-centered.php","meta":{"_bbp_topic_count":0,"_bbp_reply_count":0,"_bbp_total_topic_count":0,"_bbp_total_reply_count":0,"_bbp_voice_count":0,"_bbp_anonymous_reply_count":0,"_bbp_topic_count_hidden":0,"_bbp_reply_count_hidden":0,"_bbp_forum_subforum_count":0,"_uag_custom_page_level_css":"","ep_exclude_from_search":false,"footnotes":""},"related-projects-category":[],"class_list":["post-17815366","page","type-page","status-publish","hentry"],"spectra_custom_meta":{"_subscription_coupon_product_id":["0"],"_wpv_contains_gutenberg_views":[""],"_alp_processed":["1770893780"],"_last_translation_edit_mode":["translation-editor"],"wpcf-unformatted-code":[""],"_wpml_media_duplicate":["1"],"_wpml_media_featured":["1"],"toolset_post_editor_mode":["block"],"wpcf-price-increase-show-from":[""],"wpcf-price-increase-show-till":[""],"_wp_page_template":["template-nosidebar-centered.php"],"_wpml_word_count":["152"],"_yoast_wpseo_title":["%%title%%"],"_yoast_wpseo_metadesc":["WPML est sous licence GPL version 2 ou ult\u00e9rieure. D\u00e9couvrez la licence open source de WPML et comment nos marques sont prot\u00e9g\u00e9es."],"_uagb_previous_block_counts":["a:90:{s:21:\"uagb\/advanced-heading\";i:0;s:15:\"uagb\/blockquote\";i:0;s:12:\"uagb\/buttons\";i:0;s:18:\"uagb\/buttons-child\";i:0;s:19:\"uagb\/call-to-action\";i:0;s:15:\"uagb\/cf7-styler\";i:0;s:11:\"uagb\/column\";i:0;s:12:\"uagb\/columns\";i:0;s:14:\"uagb\/container\";i:0;s:21:\"uagb\/content-timeline\";i:0;s:27:\"uagb\/content-timeline-child\";i:0;s:14:\"uagb\/countdown\";i:0;s:12:\"uagb\/counter\";i:0;s:8:\"uagb\/faq\";i:0;s:14:\"uagb\/faq-child\";i:0;s:10:\"uagb\/forms\";i:0;s:17:\"uagb\/forms-accept\";i:0;s:19:\"uagb\/forms-checkbox\";i:0;s:15:\"uagb\/forms-date\";i:0;s:16:\"uagb\/forms-email\";i:0;s:17:\"uagb\/forms-hidden\";i:0;s:15:\"uagb\/forms-name\";i:0;s:16:\"uagb\/forms-phone\";i:0;s:16:\"uagb\/forms-radio\";i:0;s:17:\"uagb\/forms-select\";i:0;s:19:\"uagb\/forms-textarea\";i:0;s:17:\"uagb\/forms-toggle\";i:0;s:14:\"uagb\/forms-url\";i:0;s:14:\"uagb\/gf-styler\";i:0;s:15:\"uagb\/google-map\";i:0;s:11:\"uagb\/how-to\";i:0;s:16:\"uagb\/how-to-step\";i:0;s:9:\"uagb\/icon\";i:0;s:14:\"uagb\/icon-list\";i:0;s:20:\"uagb\/icon-list-child\";i:0;s:10:\"uagb\/image\";i:0;s:18:\"uagb\/image-gallery\";i:0;s:13:\"uagb\/info-box\";i:0;s:18:\"uagb\/inline-notice\";i:0;s:11:\"uagb\/lottie\";i:0;s:21:\"uagb\/marketing-button\";i:0;s:10:\"uagb\/modal\";i:0;s:18:\"uagb\/popup-builder\";i:0;s:16:\"uagb\/post-button\";i:0;s:18:\"uagb\/post-carousel\";i:0;s:17:\"uagb\/post-excerpt\";i:0;s:14:\"uagb\/post-grid\";i:0;s:15:\"uagb\/post-image\";i:0;s:17:\"uagb\/post-masonry\";i:0;s:14:\"uagb\/post-meta\";i:0;s:18:\"uagb\/post-taxonomy\";i:0;s:18:\"uagb\/post-timeline\";i:0;s:15:\"uagb\/post-title\";i:0;s:20:\"uagb\/restaurant-menu\";i:0;s:26:\"uagb\/restaurant-menu-child\";i:0;s:11:\"uagb\/review\";i:0;s:12:\"uagb\/section\";i:0;s:14:\"uagb\/separator\";i:0;s:11:\"uagb\/slider\";i:0;s:17:\"uagb\/slider-child\";i:0;s:17:\"uagb\/social-share\";i:0;s:23:\"uagb\/social-share-child\";i:0;s:16:\"uagb\/star-rating\";i:0;s:23:\"uagb\/sure-cart-checkout\";i:0;s:22:\"uagb\/sure-cart-product\";i:0;s:15:\"uagb\/sure-forms\";i:0;s:22:\"uagb\/table-of-contents\";i:0;s:9:\"uagb\/tabs\";i:0;s:15:\"uagb\/tabs-child\";i:0;s:18:\"uagb\/taxonomy-list\";i:0;s:9:\"uagb\/team\";i:0;s:16:\"uagb\/testimonial\";i:0;s:14:\"uagb\/wp-search\";i:0;s:19:\"uagb\/instagram-feed\";i:0;s:10:\"uagb\/login\";i:0;s:17:\"uagb\/loop-builder\";i:0;s:18:\"uagb\/loop-category\";i:0;s:20:\"uagb\/loop-pagination\";i:0;s:15:\"uagb\/loop-reset\";i:0;s:16:\"uagb\/loop-search\";i:0;s:14:\"uagb\/loop-sort\";i:0;s:17:\"uagb\/loop-wrapper\";i:0;s:13:\"uagb\/register\";i:0;s:19:\"uagb\/register-email\";i:0;s:24:\"uagb\/register-first-name\";i:0;s:23:\"uagb\/register-last-name\";i:0;s:22:\"uagb\/register-password\";i:0;s:30:\"uagb\/register-reenter-password\";i:0;s:19:\"uagb\/register-terms\";i:0;s:22:\"uagb\/register-username\";i:0;}"],"_uag_css_file_name":["uag-css-17815366.css"],"_uag_page_assets":["a:9:{s:3:\"css\";s:260:\".uag-blocks-common-selector{z-index:var(--z-index-desktop) !important}@media(max-width: 976px){.uag-blocks-common-selector{z-index:var(--z-index-tablet) !important}}@media(max-width: 767px){.uag-blocks-common-selector{z-index:var(--z-index-mobile) !important}}\";s:2:\"js\";s:0:\"\";s:18:\"current_block_list\";a:5:{i:0;s:14:\"core\/paragraph\";i:1;s:12:\"core\/heading\";i:2;s:9:\"core\/list\";i:3;s:14:\"core\/list-item\";i:4;s:14:\"core\/shortcode\";}s:8:\"uag_flag\";b:0;s:11:\"uag_version\";s:10:\"1778582158\";s:6:\"gfonts\";a:0:{}s:10:\"gfonts_url\";s:0:\"\";s:12:\"gfonts_files\";a:0:{}s:14:\"uag_faq_layout\";b:0;}"]},"uagb_featured_image_src":{"full":false,"thumbnail":false,"medium":false,"medium_large":false,"large":false,"1536x1536":false,"2048x2048":false,"gform-image-choice-sm":false,"gform-image-choice-md":false,"gform-image-choice-lg":false,"woocommerce_thumbnail":false,"woocommerce_single":false,"woocommerce_gallery_thumbnail":false},"uagb_author_info":{"display_name":"Dario","author_link":"https:\/\/wpml.org\/fr\/author\/darioh\/"},"uagb_comment_info":0,"uagb_excerpt":"WPML est sous licence GNU General Public License (GPL) version 2 ou ult\u00e9rieure. Lorsque vous utilisez le logiciel WPML, vous b\u00e9n\u00e9ficiez de tous les droits accord\u00e9s par la GPL. Les marques de WPML sont distinctes de la licence du code Le code de WPML est sous licence GPL. Cependant, le nom WPML, le logo et\u2026","_links":{"self":[{"href":"https:\/\/wpml.org\/fr\/wp-json\/wp\/v2\/pages\/17815366","targetHints":{"allow":["GET"]}}],"collection":[{"href":"https:\/\/wpml.org\/fr\/wp-json\/wp\/v2\/pages"}],"about":[{"href":"https:\/\/wpml.org\/fr\/wp-json\/wp\/v2\/types\/page"}],"author":[{"embeddable":true,"href":"https:\/\/wpml.org\/fr\/wp-json\/wp\/v2\/users\/76577"}],"replies":[{"embeddable":true,"href":"https:\/\/wpml.org\/fr\/wp-json\/wp\/v2\/comments?post=17815366"}],"version-history":[{"count":6,"href":"https:\/\/wpml.org\/fr\/wp-json\/wp\/v2\/pages\/17815366\/revisions"}],"predecessor-version":[{"id":17816253,"href":"https:\/\/wpml.org\/fr\/wp-json\/wp\/v2\/pages\/17815366\/revisions\/17816253"}],"up":[{"embeddable":true,"href":"https:\/\/wpml.org\/fr\/wp-json\/wp\/v2\/pages\/100637"}],"wp:attachment":[{"href":"https:\/\/wpml.org\/fr\/wp-json\/wp\/v2\/media?parent=17815366"}],"wp:term":[{"taxonomy":"related-projects-category","embeddable":true,"href":"https:\/\/wpml.org\/fr\/wp-json\/wp\/v2\/related-projects-category?post=17815366"}],"curies":[{"name":"wp","href":"https:\/\/api.w.org\/{rel}","templated":true}]}}