{"id":17825133,"date":"2026-02-25T09:31:59","date_gmt":"2026-02-25T09:31:59","guid":{"rendered":"https:\/\/wpml.org\/?page_id=17825133"},"modified":"2026-03-02T09:29:15","modified_gmt":"2026-03-02T09:29:15","slug":"programme-de-partenariat-pour-agences-conditions-generales","status":"publish","type":"page","link":"https:\/\/wpml.org\/fr\/account\/programme-de-partenariat-pour-agences\/programme-de-partenariat-pour-agences-conditions-generales\/","title":{"rendered":"Programme de partenariat pour agences \u2014 Conditions g\u00e9n\u00e9rales"},"content":{"rendered":"\n<p class=\"lead\">D\u00e9couvrez le fonctionnement du Programme de partenariat pour agences, notamment comment vous gagnez des r\u00e9compenses, ce que propose chaque niveau et comment les cr\u00e9dits et les points sont calcul\u00e9s.<\/p>\n\n<h2 class=\"wp-block-heading\">Gagner des points<\/h2>\n\n<p>Vous gagnez 1 point de r\u00e9compense pour chaque cr\u00e9dit de traduction que vous et vos clients utilisez via la traduction automatique. Cela s\u2019applique aux cr\u00e9dits de traduction utilis\u00e9s avec n\u2019importe quel moteur de traduction (PTC, DeepL, Google ou Microsoft). <\/p>\n\n<p>Cela s\u2019applique aussi bien aux traductions de sites web qu\u2019aux traductions de logiciels.<\/p>\n\n<p>Le solde de vos points est mis \u00e0 jour quotidiennement. Les cr\u00e9dits que vous d\u00e9pensez aujourd\u2019hui seront refl\u00e9t\u00e9s dans le compteur de points le lendemain. <\/p>\n\n<h2 class=\"wp-block-heading\">Comment les sites et les cr\u00e9dits sont attribu\u00e9s \u00e0 votre compte<\/h2>\n\n<p><strong>Pour les sites WPML :<\/strong> les points proviennent des sites enregistr\u00e9s sous votre compte WPML. Si vous cr\u00e9ez un site pour un client (ou pour vous-m\u00eame) en utilisant votre licence WPML, les cr\u00e9dits de traduction utilis\u00e9s sur ce site comptent pour vos r\u00e9compenses. Si le client passe ult\u00e9rieurement \u00e0 sa propre licence WPML, ce site ne compte plus.  <\/p>\n\n<p>Les sites de production et de pr\u00e9production comptent tous deux, \u00e0 condition qu\u2019ils soient enregistr\u00e9s sous votre compte.<\/p>\n\n<p><strong>Pour <\/strong><a href=\"https:\/\/ptc.wpml.org\/\" target=\"_blank\" rel=\"noreferrer noopener\"><strong>PTC for Software<\/strong><\/a><strong> :<\/strong> vos clients doivent s\u2019inscrire via votre lien de parrainage. Vous trouverez ce lien sur la page du Programme de partenariat pour agences dans votre compte WPML. Lorsque les clients consultent ptc.wpml.org en utilisant votre lien, leur compte est connect\u00e9 au v\u00f4tre et les cr\u00e9dits qu\u2019ils utilisent comptent pour vos points.  <\/p>\n\n<h2 class=\"wp-block-heading\">Quand le suivi des points commence<\/h2>\n\n<p>Lorsque vous vous inscrivez, vous recevez des points pour tous les cr\u00e9dits de traduction automatique utilis\u00e9s depuis votre dernier renouvellement de compte WPML. Les points continuent de s\u2019accumuler jusqu\u2019\u00e0 votre prochaine date de renouvellement. <\/p>\n\n<p>Par exemple : si votre compte WPML a \u00e9t\u00e9 renouvel\u00e9 le 10 juin 2025 et que vous vous inscrivez au programme le 2 mars 2026, vous recevrez des points pour tous les cr\u00e9dits utilis\u00e9s entre le 10 juin 2025 et le 10 juin 2026.<\/p>\n\n<h2 class=\"wp-block-heading\">Quand vos points sont r\u00e9initialis\u00e9s<\/h2>\n\n<p>Vos points commencent \u00e0 s\u2019accumuler \u00e0 partir de la date de votre dernier achat ou renouvellement d\u2019abonnement WPML. Ils sont r\u00e9initialis\u00e9s \u00e0 la date de votre prochain renouvellement d\u2019abonnement. <\/p>\n\n<h2 class=\"wp-block-heading\">Niveaux de r\u00e9compense<\/h2>\n\n<p>Il existe trois niveaux de r\u00e9compense. Vous les atteignez en accumulant les points suivants : <\/p>\n\n<ul class=\"wp-block-list\">\n<li><strong>Bronze :<\/strong> 500\u202f000 points<\/li>\n\n\n\n<li><strong>Gold :<\/strong> 1\u202f250\u202f000 points<\/li>\n\n\n\n<li><strong>Platinum :<\/strong> 2\u202f500\u202f000 points<\/li>\n<\/ul>\n\n<p>Une fois que vous atteignez un niveau, il vous est acquis pour cette ann\u00e9e d\u2019abonnement \u2014 votre niveau ne baissera pas m\u00eame si l\u2019utilisation ralentit.<\/p>\n\n<p>Les niveaux sont r\u00e9initialis\u00e9s lors du renouvellement de votre abonnement, et vous repartez de z\u00e9ro.<\/p>\n\n<h2 class=\"wp-block-heading\">Ce que chaque niveau comprend<\/h2>\n\n<p><strong>Bronze<\/strong><\/p>\n\n<ul class=\"wp-block-list\">\n<li>Assistance VIP<\/li>\n\n\n\n<li>20 % de r\u00e9duction sur votre prochain renouvellement WPML<\/li>\n\n\n\n<li>300\u202f000 cr\u00e9dits de traduction offerts pour le site de votre agence<\/li>\n<\/ul>\n\n<p><strong>Gold<\/strong><\/p>\n\n<ul class=\"wp-block-list\">\n<li>Assistance VIP<\/li>\n\n\n\n<li>50 % de r\u00e9duction sur votre prochain renouvellement WPML<\/li>\n\n\n\n<li>500\u202f000 cr\u00e9dits de traduction offerts pour le site de votre agence<\/li>\n<\/ul>\n\n<p><strong>Platinum<\/strong><\/p>\n\n<ul class=\"wp-block-list\">\n<li>Assistance VIP<\/li>\n\n\n\n<li>100 % de r\u00e9duction sur votre prochain renouvellement WPML (renouvellement gratuit)<\/li>\n\n\n\n<li>800\u202f000 cr\u00e9dits de traduction offerts pour le site de votre agence<\/li>\n<\/ul>\n\n<h2 class=\"wp-block-heading\">Assistance VIP<\/h2>\n\n<p>L\u2019assistance VIP signifie :<\/p>\n\n<ul class=\"wp-block-list\">\n<li>Vos demandes d\u2019assistance sont trait\u00e9es en priorit\u00e9, vous obtenez donc des r\u00e9ponses plus rapides<\/li>\n\n\n\n<li>Vos probl\u00e8mes sont g\u00e9r\u00e9s directement par des d\u00e9veloppeurs<\/li>\n<\/ul>\n\n<h2 class=\"wp-block-heading\">R\u00e9ductions sur le renouvellement<\/h2>\n\n<p>Lorsque vous atteignez un niveau de r\u00e9compense, la r\u00e9duction de renouvellement est appliqu\u00e9e automatiquement \u00e0 votre prochain renouvellement d\u2019abonnement WPML.<\/p>\n\n<p>La r\u00e9duction s\u2019applique une seule fois, uniquement \u00e0 votre prochain renouvellement et seulement au compte WPML de votre agence.<\/p>\n\n<p>Si votre compte est configur\u00e9 pour un renouvellement manuel, la r\u00e9duction ne sera appliqu\u00e9e que si vous le renouvelez \u00e0 temps. Si votre compte expire, vous perdrez la r\u00e9duction. <\/p>\n\n<h2 class=\"wp-block-heading\">Cr\u00e9dits de traduction offerts<\/h2>\n\n<p>Les cr\u00e9dits offerts que vous gagnez ne peuvent \u00eatre utilis\u00e9s que sur le site web de votre propre agence. Vous pr\u00e9cisez de quel site il s\u2019agit sur la page du Programme de partenariat pour agences dans votre compte WPML. <\/p>\n\n<p>Ces cr\u00e9dits n\u2019expirent pas, mais ils ne peuvent pas non plus \u00eatre transf\u00e9r\u00e9s vers d\u2019autres sites.<\/p>\n\n<h2 class=\"wp-block-heading\">Rejoindre le programme<\/h2>\n\n<p>Pour rejoindre le programme, connectez-vous \u00e0 votre compte WPML et inscrivez-vous depuis la section Programme de partenariat pour agences. Vous pouvez y acc\u00e9der depuis votre page de compte principale. <\/p>\n\n<p>Seuls les comptes Multilingual Agency sont \u00e9ligibles. Si vous avez un compte Multilingual Blog ou Multilingual CMS, vous ne verrez pas cette option. <\/p>\n\n<h2 class=\"wp-block-heading\">Quitter le programme<\/h2>\n\n<p>Il n\u2019y a pas de processus de d\u00e9sinscription formel, mais vous pouvez simplement cesser de participer \u00e0 tout moment. Si vous avez d\u00e9j\u00e0 atteint un niveau de r\u00e9compense, vous conservez ce que vous avez gagn\u00e9 : <\/p>\n\n<ul class=\"wp-block-list\">\n<li>Vous avez acc\u00e8s \u00e0 l\u2019assistance VIP jusqu\u2019\u00e0 votre prochain renouvellement, moment o\u00f9 les r\u00e9compenses sont r\u00e9initialis\u00e9es<\/li>\n\n\n\n<li>La r\u00e9duction sur votre prochain renouvellement s\u2019applique toujours<\/li>\n\n\n\n<li>Vous pouvez toujours attribuer vos cr\u00e9dits offerts d\u00e8s que vous \u00eates pr\u00eat<\/li>\n<\/ul>\n\n<h2 class=\"wp-block-heading\">Comment cela affecte vos clients<\/h2>\n\n<p>L\u2019inscription \u00e0 ce programme ne change rien pour vos clients :<\/p>\n\n<ul class=\"wp-block-list\">\n<li>Le prix des cr\u00e9dits de traduction reste le m\u00eame<\/li>\n\n\n\n<li>Le prix du renouvellement annuel de WPML reste le m\u00eame<\/li>\n<\/ul>\n\n<h2 class=\"wp-block-heading\">Garantie de qualit\u00e9 pour la traduction automatique avec PTC<\/h2>\n\n<p>Les traductions automatiques effectu\u00e9es via PTC b\u00e9n\u00e9ficient d\u2019une garantie de qualit\u00e9. Si vous ou vos clients n\u2019\u00eates pas satisfaits de la qualit\u00e9 de la traduction, faites-nous savoir ce qui ne va pas. Nous traitons les probl\u00e8mes de qualit\u00e9 comme des bogues et nous nous effor\u00e7ons de les corriger. Si vous n\u2019\u00eates toujours pas satisfait, nous vous rembourserons int\u00e9gralement vos cr\u00e9dits de traduction.   <\/p>\n\n<p><a href=\"https:\/\/wpml.org\/fr\/documentation-6\/traduction-automatique-de-contenu-wordpress-avec-wpml\/traduction-automatique-avec-qualite-garantie\/\" target=\"_blank\" rel=\"noreferrer noopener\">En savoir plus sur la garantie de qualit\u00e9 PTC<\/a><\/p>\n\n<p><\/p>\n","protected":false},"excerpt":{"rendered":"<p>D\u00e9couvrez le fonctionnement du Programme de partenariat pour agences, notamment comment vous gagnez des r\u00e9compenses, ce que propose chaque niveau et comment les cr\u00e9dits et les points sont calcul\u00e9s. Gagner des points Vous gagnez 1 point de r\u00e9compense pour chaque cr\u00e9dit de traduction que vous et vos clients utilisez via la traduction automatique. Cela s\u2019applique [&hellip;]<\/p>\n","protected":false},"author":76577,"featured_media":0,"parent":17825087,"menu_order":0,"comment_status":"closed","ping_status":"closed","template":"template-nosidebar-centered.php","meta":{"_bbp_topic_count":0,"_bbp_reply_count":0,"_bbp_total_topic_count":0,"_bbp_total_reply_count":0,"_bbp_voice_count":0,"_bbp_anonymous_reply_count":0,"_bbp_topic_count_hidden":0,"_bbp_reply_count_hidden":0,"_bbp_forum_subforum_count":0,"ep_exclude_from_search":false,"footnotes":""},"related-projects-category":[],"class_list":["post-17825133","page","type-page","status-publish","hentry"],"_links":{"self":[{"href":"https:\/\/wpml.org\/fr\/wp-json\/wp\/v2\/pages\/17825133","targetHints":{"allow":["GET"]}}],"collection":[{"href":"https:\/\/wpml.org\/fr\/wp-json\/wp\/v2\/pages"}],"about":[{"href":"https:\/\/wpml.org\/fr\/wp-json\/wp\/v2\/types\/page"}],"author":[{"embeddable":true,"href":"https:\/\/wpml.org\/fr\/wp-json\/wp\/v2\/users\/76577"}],"replies":[{"embeddable":true,"href":"https:\/\/wpml.org\/fr\/wp-json\/wp\/v2\/comments?post=17825133"}],"version-history":[{"count":2,"href":"https:\/\/wpml.org\/fr\/wp-json\/wp\/v2\/pages\/17825133\/revisions"}],"predecessor-version":[{"id":17863796,"href":"https:\/\/wpml.org\/fr\/wp-json\/wp\/v2\/pages\/17825133\/revisions\/17863796"}],"up":[{"embeddable":true,"href":"https:\/\/wpml.org\/fr\/wp-json\/wp\/v2\/pages\/17825087"}],"wp:attachment":[{"href":"https:\/\/wpml.org\/fr\/wp-json\/wp\/v2\/media?parent=17825133"}],"wp:term":[{"taxonomy":"related-projects-category","embeddable":true,"href":"https:\/\/wpml.org\/fr\/wp-json\/wp\/v2\/related-projects-category?post=17825133"}],"curies":[{"name":"wp","href":"https:\/\/api.w.org\/{rel}","templated":true}]}}