{"id":216995,"date":"2013-09-08T20:26:26","date_gmt":"2013-09-08T20:26:26","guid":{"rendered":"http:\/\/wpml.org\/affiliate-2\/"},"modified":"2026-01-08T13:47:30","modified_gmt":"2026-01-08T13:47:30","slug":"affiliate","status":"publish","type":"page","link":"https:\/\/wpml.org\/fr\/account\/affiliate\/","title":{"rendered":"Affiliation"},"content":{"rendered":"","protected":false},"excerpt":{"rendered":"","protected":false},"author":22418,"featured_media":0,"parent":217049,"menu_order":27,"comment_status":"closed","ping_status":"closed","template":"affiliate-template.php","meta":{"_bbp_topic_count":0,"_bbp_reply_count":0,"_bbp_total_topic_count":0,"_bbp_total_reply_count":0,"_bbp_voice_count":0,"_bbp_anonymous_reply_count":0,"_bbp_topic_count_hidden":0,"_bbp_reply_count_hidden":0,"_bbp_forum_subforum_count":0,"_uag_custom_page_level_css":"","ep_exclude_from_search":false,"footnotes":""},"related-projects-category":[],"class_list":["post-216995","page","type-page","status-publish","hentry"],"spectra_custom_meta":{"_wp_page_template":["affiliate-template.php"],"bbps-topic-tags":["a:0:{}"],"ratings_users":["0"],"ratings_score":["0"],"ratings_average":["0"],"_alp_processed":["1767880050"],"_views_template":["0"],"_subscription_coupon_product_id":["0"],"inline_featured_image":["0"],"_wpml_media_duplicate":["0"],"_wpml_media_featured":["1"],"_last_translation_edit_mode":["translation-editor"],"wpcf-unformatted-code":[""],"wpcf-price-increase-show-from":[""],"wpcf-price-increase-show-till":[""],"_yoast_wpseo_meta-robots-noindex":["1"],"_yoast_wpseo_meta-robots-adv":["nosnippet"],"_top_nav_excluded":[""],"_cms_nav_minihome":[""],"_yoast_wpseo_metadesc":["Le programme d\u2019affiliation de WPML permet aux blogueurs et aux d\u00e9veloppeurs de gagner une commission lorsqu\u2019ils recommandent \u00e0 des clients d\u2019utiliser WPML. Les clients actuels peuvent commencer imm\u00e9diatement."],"wpcf-login-box-title":["Pr\u00eat \u00e0 rejoindre <br>notre programme d\u2019affiliation\u00a0?"],"wpcf-page-content":["<div class=\"row justify-content-center\">\n<div class=\"col-md-10\">\n<div class=\"row align-items-center\" style=\"margin-bottom: 40px;\">\n<div class=\"col-md-4\"><img class=\"alignnone size-medium wp-image-3910814\" src=\"https:\/\/wpml.org\/wp-content\/uploads\/2019\/08\/Coin-300x139.png\" alt=\"\" width=\"300\" height=\"139\"><\/div>\n<div class=\"col-md-8\">\n<h2>Le programme d\u2019affiliation de WPML permet aux blogueurs et aux d\u00e9veloppeurs de gagner une commission lorsqu\u2019ils recommandent \u00e0 des clients d\u2019utiliser WPML.<\/h2>\nLes clients actuels peuvent commencer imm\u00e9diatement. Si vous \u00eates un blogueur ou un d\u00e9veloppeur et que vous souhaitez rejoindre le programme, veuillez nous contacter.\n\n<\/div>\n<\/div>\nWPML vous pla\u00eet-il\u00a0? Faites passer le mot et gagnez une commission d'affiliation pour chaque nouveau client que vous recommandez.\n\nLe programme d\u2019affiliation de WPML est r\u00e9serv\u00e9 aux clients de WPML. Nous sommes convaincus que vous ne pouvez recommander qu'un produit que vous avez utilis\u00e9. Si vous tenez un blog tr\u00e8s populaire et que vous souhaitez utiliser notre programme d\u2019affiliation (mais que vous n\u2019\u00eates pas client), veuillez <a href=\"https:\/\/wpml.org\/home\/contact-us\/affiliates\/\">nous contacter<\/a>.\n\nPour les clients existants, veuillez vous connecter \u00e0 votre <a href=\"https:\/\/wpml.org\/account\/\">compte WPML<\/a> et cliquer sur le lien d\u2019affiliation pour commencer.\n\n<\/div>\n<\/div>"],"_wpml_word_count":["2"],"_uag_css_file_name":["uag-css-216995.css"],"_uag_page_assets":["a:9:{s:3:\"css\";s:260:\".uag-blocks-common-selector{z-index:var(--z-index-desktop) !important}@media(max-width: 976px){.uag-blocks-common-selector{z-index:var(--z-index-tablet) !important}}@media(max-width: 767px){.uag-blocks-common-selector{z-index:var(--z-index-mobile) !important}}\";s:2:\"js\";s:0:\"\";s:18:\"current_block_list\";a:1:{i:0;s:14:\"core\/shortcode\";}s:8:\"uag_flag\";b:0;s:11:\"uag_version\";s:10:\"1778239757\";s:6:\"gfonts\";a:0:{}s:10:\"gfonts_url\";s:0:\"\";s:12:\"gfonts_files\";a:0:{}s:14:\"uag_faq_layout\";b:0;}"]},"uagb_featured_image_src":{"full":false,"thumbnail":false,"medium":false,"medium_large":false,"large":false,"1536x1536":false,"2048x2048":false,"gform-image-choice-sm":false,"gform-image-choice-md":false,"gform-image-choice-lg":false,"woocommerce_thumbnail":false,"woocommerce_single":false,"woocommerce_gallery_thumbnail":false},"uagb_author_info":{"display_name":"David Garc\u00eda","author_link":"https:\/\/wpml.org\/fr\/author\/davidgw\/"},"uagb_comment_info":0,"uagb_excerpt":null,"_links":{"self":[{"href":"https:\/\/wpml.org\/fr\/wp-json\/wp\/v2\/pages\/216995","targetHints":{"allow":["GET"]}}],"collection":[{"href":"https:\/\/wpml.org\/fr\/wp-json\/wp\/v2\/pages"}],"about":[{"href":"https:\/\/wpml.org\/fr\/wp-json\/wp\/v2\/types\/page"}],"author":[{"embeddable":true,"href":"https:\/\/wpml.org\/fr\/wp-json\/wp\/v2\/users\/22418"}],"replies":[{"embeddable":true,"href":"https:\/\/wpml.org\/fr\/wp-json\/wp\/v2\/comments?post=216995"}],"version-history":[{"count":3,"href":"https:\/\/wpml.org\/fr\/wp-json\/wp\/v2\/pages\/216995\/revisions"}],"predecessor-version":[{"id":15714541,"href":"https:\/\/wpml.org\/fr\/wp-json\/wp\/v2\/pages\/216995\/revisions\/15714541"}],"up":[{"embeddable":true,"href":"https:\/\/wpml.org\/fr\/wp-json\/wp\/v2\/pages\/217049"}],"wp:attachment":[{"href":"https:\/\/wpml.org\/fr\/wp-json\/wp\/v2\/media?parent=216995"}],"wp:term":[{"taxonomy":"related-projects-category","embeddable":true,"href":"https:\/\/wpml.org\/fr\/wp-json\/wp\/v2\/related-projects-category?post=216995"}],"curies":[{"name":"wp","href":"https:\/\/api.w.org\/{rel}","templated":true}]}}