{"id":2432568,"date":"2017-06-12T10:26:37","date_gmt":"2017-06-12T10:26:37","guid":{"rendered":"https:\/\/wpml.org\/documentation-6\/guide-de-demarrage-rapide\/traduction-de-publications-personnalisees\/"},"modified":"2026-02-04T14:23:36","modified_gmt":"2026-02-04T14:23:36","slug":"traduction-de-publications-personnalisees","status":"publish","type":"page","link":"https:\/\/wpml.org\/fr\/documentation-6\/guide-de-demarrage-rapide\/traduction-de-publications-personnalisees\/","title":{"rendered":"Comment traduire les types de publication personnalis\u00e9s avec WPML"},"content":{"rendered":"\n<p class=\"lead\">D\u00e9couvrez comment traduire vos types de publication personnalis\u00e9s WordPress dans d\u2019autres langues avec WPML.<\/p>\n\n<h2 class=\"wp-block-heading\">Traduire les types de publication personnalis\u00e9s<\/h2>\n\n<p>Pour traduire les types de publication personnalis\u00e9s avec WPML\u00a0: <\/p>\n\n<ol class=\"wp-block-list\">\n<li>Allez dans <strong>WPML<\/strong> \u2192 <strong>tableau de bord de traduction<\/strong>.<\/li>\n\n\n\n<li>S\u00e9lectionnez les publications personnalis\u00e9es que vous souhaitez traduire. <\/li>\n<\/ol>\n<div class=\"wp-block-image\">\n<figure class=\" tb-image tb-image-dynamic tb-image-frame-none aligncenter\" data-toolset-blocks-image=\"dffdf231c34d63ef4448a5e4efec5181\"><a href=\"https:\/\/wpml.org\/wp-content\/uploads\/2026\/02\/Selecting-custom-post-to-translate.png\"><img decoding=\"async\" width=\"1024\" height=\"596\" loading=\"lazy\" src=\"https:\/\/wpml.org\/wp-content\/uploads\/2026\/02\/Selecting-custom-post-to-translate-1024x596.png\" alt=\"Selecting custom post to translate\" class=\"wp-image-17792252\" srcset=\"https:\/\/wpml.org\/wp-content\/uploads\/2026\/02\/Selecting-custom-post-to-translate-1024x596.png 1024w, https:\/\/wpml.org\/wp-content\/uploads\/2026\/02\/Selecting-custom-post-to-translate-300x175.png 300w, https:\/\/wpml.org\/wp-content\/uploads\/2026\/02\/Selecting-custom-post-to-translate-150x87.png 150w, https:\/\/wpml.org\/wp-content\/uploads\/2026\/02\/Selecting-custom-post-to-translate-768x447.png 768w, https:\/\/wpml.org\/wp-content\/uploads\/2026\/02\/Selecting-custom-post-to-translate-1536x895.png 1536w, https:\/\/wpml.org\/wp-content\/uploads\/2026\/02\/Selecting-custom-post-to-translate.png 1600w\" sizes=\"auto, (max-width: 1024px) 100vw, 1024px\" \/><\/a><figcaption><div class=\"tb-image-caption\">S\u00e9lection d&rsquo;une publication personnalis\u00e9e \u00e0 traduire<\/div><\/figcaption><\/figure>\n<\/div>\n<ol start=\"3\" class=\"wp-block-list\">\n<li>Choisissez une m\u00e9thode de traduction (nous vous recommandons la <a href=\"https:\/\/wpml.org\/fr\/documentation-6\/traduction-automatique-de-contenu-wordpress-avec-wpml\/\">traduction automatique<\/a> tr\u00e8s pr\u00e9cise de WPML) et cliquez sur <strong>Traduire<\/strong>.<\/li>\n<\/ol>\n\n<h2 class=\"wp-block-heading\">Vous ne trouvez pas vos types de publication personnalis\u00e9s ?<\/h2>\n\n<p>Si vous ne voyez pas votre type de publication personnalis\u00e9 dans le <strong>Tableau de bord de traduction<\/strong> :<\/p>\n\n<ol class=\"wp-block-list\">\n<li>Allez dans <strong>WPML <\/strong>\u2192 <strong>R\u00e9glages <\/strong>et faites d\u00e9filer jusqu\u2019\u00e0 <strong>Traduction des types de publication<\/strong>. <\/li>\n\n\n\n<li>Localisez le type de publication personnalis\u00e9 que vous souhaitez traduire et d\u00e9finissez-le sur <strong>Traduisible \u2013 afficher uniquement les \u00e9l\u00e9ments traduits<\/strong>. Cliquez sur <strong>Enregistrer<\/strong> pour confirmer. <\/li>\n<\/ol>\n\n<figure class=\"wp-block-image tb-image tb-image-dynamic tb-image-frame-none\" data-toolset-blocks-image=\"6dcf2e6a6cb22c2f8fcebb74f23c35a9\"><a href=\"https:\/\/wpml.org\/wp-content\/uploads\/2025\/08\/Setting-Recipe-custom-post-type-as-Translatable.png\"><img decoding=\"async\" width=\"1024\" height=\"496\" loading=\"lazy\" src=\"https:\/\/wpml.org\/wp-content\/uploads\/2025\/08\/Setting-Recipe-custom-post-type-as-Translatable-1024x496.png\" alt=\"Setting Recipe custom post type as Translatable\" class=\"wp-image-17334101\" srcset=\"https:\/\/wpml.org\/wp-content\/uploads\/2025\/08\/Setting-Recipe-custom-post-type-as-Translatable-1024x496.png 1024w, https:\/\/wpml.org\/wp-content\/uploads\/2025\/08\/Setting-Recipe-custom-post-type-as-Translatable-300x145.png 300w, https:\/\/wpml.org\/wp-content\/uploads\/2025\/08\/Setting-Recipe-custom-post-type-as-Translatable-150x73.png 150w, https:\/\/wpml.org\/wp-content\/uploads\/2025\/08\/Setting-Recipe-custom-post-type-as-Translatable-768x372.png 768w, https:\/\/wpml.org\/wp-content\/uploads\/2025\/08\/Setting-Recipe-custom-post-type-as-Translatable-1536x744.png 1536w, https:\/\/wpml.org\/wp-content\/uploads\/2025\/08\/Setting-Recipe-custom-post-type-as-Translatable.png 1600w\" sizes=\"auto, (max-width: 1024px) 100vw, 1024px\" \/><\/a><figcaption><div class=\"tb-image-caption\">D\u00e9finition du type de publication personnalis\u00e9 Recette comme traduisible <\/div><\/figcaption><\/figure>\n\n<p>Votre type de publication personnalis\u00e9 devrait maintenant appara\u00eetre dans le <strong>tableau de bord de traduction<\/strong>.<\/p>\n\n<div class=\"wp-block-toolset-blocks-container tb-container\" data-toolset-blocks-container=\"f908b134276ba3432b0b77744504af0a\">\n<div class=\"wp-block-toolset-blocks-grid tb-grid\" data-toolset-blocks-grid=\"0625d28d153dcf59262d47978e68087a\">\n<div class=\"wp-block-toolset-blocks-grid-column tb-grid-column tb-grid-align-top\" data-toolset-blocks-grid-column=\"3034fbe886c11054e95b46b09d3e4112\">\n<div class=\"wp-block-toolset-blocks-container tb-container\" data-toolset-blocks-container=\"5cf35f77ebe86fbe26ba5394e7247dee\"><\/div>\n<\/div>\n\n\n\n<div class=\"wp-block-toolset-blocks-grid-column tb-grid-column tb-grid-align-top\" data-toolset-blocks-grid-column=\"3034fbe886c11054e95b46b09d3e4112\">\n<p>Pour en savoir plus sur le tableau de bord de traduction, consultez notre guide complet sur <a href=\"https:\/\/wpml.org\/how-to\/translation-dashboard\/\">l\u2019utilisation du tableau de bord de traduction<\/a>. <\/p>\n<\/div>\n<\/div>\n<\/div>\n","protected":false},"excerpt":{"rendered":"<p>D\u00e9couvrez comment traduire vos types de publication personnalis\u00e9s WordPress dans d\u2019autres langues avec WPML. Traduire les types de publication personnalis\u00e9s Pour traduire les types de publication personnalis\u00e9s avec WPML\u00a0: Vous ne trouvez pas vos types de publication personnalis\u00e9s ? Si vous ne voyez pas votre type de publication personnalis\u00e9 dans le Tableau de bord de [&hellip;]<\/p>\n","protected":false},"author":76577,"featured_media":0,"parent":104118,"menu_order":44,"comment_status":"closed","ping_status":"closed","template":"template-sidebar-2.php","meta":{"_bbp_topic_count":0,"_bbp_reply_count":0,"_bbp_total_topic_count":0,"_bbp_total_reply_count":0,"_bbp_voice_count":0,"_bbp_anonymous_reply_count":0,"_bbp_topic_count_hidden":0,"_bbp_reply_count_hidden":0,"_bbp_forum_subforum_count":0,"ep_exclude_from_search":false,"footnotes":""},"related-projects-category":[],"class_list":["post-2432568","page","type-page","status-publish","hentry"],"_links":{"self":[{"href":"https:\/\/wpml.org\/fr\/wp-json\/wp\/v2\/pages\/2432568","targetHints":{"allow":["GET"]}}],"collection":[{"href":"https:\/\/wpml.org\/fr\/wp-json\/wp\/v2\/pages"}],"about":[{"href":"https:\/\/wpml.org\/fr\/wp-json\/wp\/v2\/types\/page"}],"author":[{"embeddable":true,"href":"https:\/\/wpml.org\/fr\/wp-json\/wp\/v2\/users\/76577"}],"replies":[{"embeddable":true,"href":"https:\/\/wpml.org\/fr\/wp-json\/wp\/v2\/comments?post=2432568"}],"version-history":[{"count":8,"href":"https:\/\/wpml.org\/fr\/wp-json\/wp\/v2\/pages\/2432568\/revisions"}],"predecessor-version":[{"id":17792267,"href":"https:\/\/wpml.org\/fr\/wp-json\/wp\/v2\/pages\/2432568\/revisions\/17792267"}],"up":[{"embeddable":true,"href":"https:\/\/wpml.org\/fr\/wp-json\/wp\/v2\/pages\/104118"}],"wp:attachment":[{"href":"https:\/\/wpml.org\/fr\/wp-json\/wp\/v2\/media?parent=2432568"}],"wp:term":[{"taxonomy":"related-projects-category","embeddable":true,"href":"https:\/\/wpml.org\/fr\/wp-json\/wp\/v2\/related-projects-category?post=2432568"}],"curies":[{"name":"wp","href":"https:\/\/api.w.org\/{rel}","templated":true}]}}