{"id":3507303,"date":"2013-06-16T11:52:50","date_gmt":"2013-06-16T11:52:50","guid":{"rendered":"https:\/\/wpml.org\/documentation-6\/guide-de-demarrage-rapide\/traduction-de-categories-darticles-et-de-taxonomies-personnalisees\/"},"modified":"2026-02-26T07:07:37","modified_gmt":"2026-02-26T07:07:37","slug":"traduction-de-categories-darticles-et-de-taxonomies-personnalisees","status":"publish","type":"page","link":"https:\/\/wpml.org\/fr\/documentation-6\/guide-de-demarrage-rapide\/traduction-de-categories-darticles-et-de-taxonomies-personnalisees\/","title":{"rendered":"Traduction des cat\u00e9gories d&rsquo;articles, des \u00e9tiquettes et des taxonomies personnalis\u00e9es"},"content":{"rendered":"\n<p class=\"lead\">Apprenez \u00e0 traduire les cat\u00e9gories WordPress, les \u00e9tiquettes, les cat\u00e9gories de produits et les taxonomies personnalis\u00e9es dans plusieurs langues avec WPML.<\/p>\n\n<h2 class=\"wp-block-heading\" id=\"getting-started\">Pour commencer<\/h2>\n\n<p>Pour traduire les taxonomies, installez et activez les plugins suivants : <\/p>\n\n<ul class=\"wp-block-list\">\n<li>WPML<\/li>\n\n\n\n<li>WPML String Translation<\/li>\n\n\n\n<li><a href=\"https:\/\/wpml.org\/documentation\/related-projects\/woocommerce-multilingual\/\">WPML Multilingual &amp; Multicurrency for WooCommerce<\/a> (if you\u2019re translating product categories)<\/li>\n<\/ul>\n\n<h2 class=\"wp-block-heading\" id=\"translate-taxonomies-with-wpml\">Traduire les taxonomies avec WPML<\/h2>\n\n<p>Pour traduire n&rsquo;importe quelle taxonomie avec WPML, envoyez simplement votre contenu pour traduction via <strong>WPML<\/strong> \u2192 <strong>Tableau de bord de traduction<\/strong>. WPML traduit vos taxonomies avec le reste de votre contenu. <\/p>\n\n<div class=\"wp-block-toolset-blocks-grid tb-grid\" data-toolset-blocks-grid=\"3d9c399fe625e1b972f817a0680229f6\">\n<div class=\"wp-block-toolset-blocks-grid-column tb-grid-column tb-grid-align-top\" data-toolset-blocks-grid-column=\"3034fbe886c11054e95b46b09d3e4112\"><div class=\"wp-block-image\">\n<figure class=\" tb-image tb-image-dynamic tb-image-frame-none aligncenter\" data-toolset-blocks-image=\"1b8f14bb8f198dacdc1d695e6f89f7c4\"><a href=\"https:\/\/wpml.org\/wp-content\/uploads\/2026\/02\/Sending-post-for-translation-via-Translation-Dashboard.png\"><img decoding=\"async\" width=\"1024\" height=\"625\" loading=\"lazy\" src=\"https:\/\/wpml.org\/wp-content\/uploads\/2026\/02\/Sending-post-for-translation-via-Translation-Dashboard-1024x625.png\" alt=\"Sending post for translation via Translation Dashboard\" class=\"wp-image-17792236\" srcset=\"https:\/\/wpml.org\/wp-content\/uploads\/2026\/02\/Sending-post-for-translation-via-Translation-Dashboard-1024x625.png 1024w, https:\/\/wpml.org\/wp-content\/uploads\/2026\/02\/Sending-post-for-translation-via-Translation-Dashboard-300x183.png 300w, https:\/\/wpml.org\/wp-content\/uploads\/2026\/02\/Sending-post-for-translation-via-Translation-Dashboard-150x92.png 150w, https:\/\/wpml.org\/wp-content\/uploads\/2026\/02\/Sending-post-for-translation-via-Translation-Dashboard-768x469.png 768w, https:\/\/wpml.org\/wp-content\/uploads\/2026\/02\/Sending-post-for-translation-via-Translation-Dashboard-1536x938.png 1536w, https:\/\/wpml.org\/wp-content\/uploads\/2026\/02\/Sending-post-for-translation-via-Translation-Dashboard.png 1600w\" sizes=\"auto, (max-width: 1024px) 100vw, 1024px\" \/><\/a><figcaption><div class=\"tb-image-caption\">Envoi d&rsquo;un article pour traduction via le Tableau de bord de traduction<\/div><\/figcaption><\/figure>\n<\/div><\/div>\n\n\n\n<div class=\"wp-block-toolset-blocks-grid-column tb-grid-column tb-grid-align-top\" data-toolset-blocks-grid-column=\"3034fbe886c11054e95b46b09d3e4112\">\n<figure class=\"wp-block-image tb-image tb-image-dynamic tb-image-frame-none\" data-toolset-blocks-image=\"dc9300a0469c50276954155297092c0f\"><a href=\"https:\/\/wpml.org\/wp-content\/uploads\/2024\/06\/Taxonomy-term-in-Spanish.png\"><img decoding=\"async\" width=\"1024\" height=\"664\" loading=\"lazy\" src=\"https:\/\/wpml.org\/wp-content\/uploads\/2024\/06\/Taxonomy-term-in-Spanish-1024x664.png\" alt=\"translated taxonomy in post \" class=\"wp-image-15821793\" srcset=\"https:\/\/wpml.org\/wp-content\/uploads\/2024\/06\/Taxonomy-term-in-Spanish-1024x664.png 1024w, https:\/\/wpml.org\/wp-content\/uploads\/2024\/06\/Taxonomy-term-in-Spanish-300x195.png 300w, https:\/\/wpml.org\/wp-content\/uploads\/2024\/06\/Taxonomy-term-in-Spanish-150x97.png 150w, https:\/\/wpml.org\/wp-content\/uploads\/2024\/06\/Taxonomy-term-in-Spanish-768x498.png 768w, https:\/\/wpml.org\/wp-content\/uploads\/2024\/06\/Taxonomy-term-in-Spanish-1536x996.png 1536w, https:\/\/wpml.org\/wp-content\/uploads\/2024\/06\/Taxonomy-term-in-Spanish.png 2047w\" sizes=\"auto, (max-width: 1024px) 100vw, 1024px\" \/><\/a><figcaption><div class=\"tb-image-caption\">Taxonomie traduite dans l&rsquo;article<\/div><\/figcaption><\/figure>\n<\/div>\n<\/div>\n\n<p>Si vos taxonomies ne se traduisent pas, assurez-vous qu&rsquo;elles sont d\u00e9finies comme <strong>Traduisibles<\/strong> : <\/p>\n\n<ol class=\"wp-block-list\">\n<li>Allez dans <strong>WPML<\/strong> \u2192 <strong>R\u00e9glages<\/strong> et faites d\u00e9filer jusqu&rsquo;\u00e0 <strong>Traduction des taxonomies<\/strong>.<\/li>\n\n\n\n<li>Trouvez votre taxonomie et assurez-vous qu&rsquo;elle est d\u00e9finie sur <strong>Traduisible<\/strong> <strong>\u2013 afficher uniquement les \u00e9l\u00e9ments traduits<\/strong>. <\/li>\n<\/ol>\n\n<figure class=\"wp-block-image tb-image tb-image-dynamic tb-image-frame-none\" data-toolset-blocks-image=\"fffd3eb96b79731e2e4841d291a40900\"><a href=\"https:\/\/wpml.org\/wp-content\/uploads\/2025\/08\/Making-taxonomies-Translatable-in-WPML-Settings.png\"><img decoding=\"async\" width=\"1024\" height=\"493\" loading=\"lazy\" src=\"https:\/\/wpml.org\/wp-content\/uploads\/2025\/08\/Making-taxonomies-Translatable-in-WPML-Settings-1024x493.png\" alt=\"Making taxonomies Translatable in WPML Settings\" class=\"wp-image-17333997\" srcset=\"https:\/\/wpml.org\/wp-content\/uploads\/2025\/08\/Making-taxonomies-Translatable-in-WPML-Settings-1024x493.png 1024w, https:\/\/wpml.org\/wp-content\/uploads\/2025\/08\/Making-taxonomies-Translatable-in-WPML-Settings-300x144.png 300w, https:\/\/wpml.org\/wp-content\/uploads\/2025\/08\/Making-taxonomies-Translatable-in-WPML-Settings-150x72.png 150w, https:\/\/wpml.org\/wp-content\/uploads\/2025\/08\/Making-taxonomies-Translatable-in-WPML-Settings-768x370.png 768w, https:\/\/wpml.org\/wp-content\/uploads\/2025\/08\/Making-taxonomies-Translatable-in-WPML-Settings-1536x739.png 1536w, https:\/\/wpml.org\/wp-content\/uploads\/2025\/08\/Making-taxonomies-Translatable-in-WPML-Settings.png 1600w\" sizes=\"auto, (max-width: 1024px) 100vw, 1024px\" \/><\/a><figcaption><div class=\"tb-image-caption\">Rendre les taxonomies traduisibles dans les r\u00e9glages WPML<\/div><\/figcaption><\/figure>\n\n<h2 class=\"wp-block-heading\" id=\"translate-taxonomy-base-slugs\">Traduire les slugs de base des taxonomies<\/h2>\n\n<p>Les slugs de base des taxonomies sont la partie d&rsquo;une URL qui pr\u00e9c\u00e8de les termes individuels de taxonomie. Par exemple, dans un blog de voyage avec <strong>Destinations<\/strong> comme slug de base de taxonomie et <strong>Espagne<\/strong> comme terme de taxonomie, une URL ressemblerait \u00e0 ceci : <\/p>\n\n<figure class=\"wp-block-image tb-image tb-image-dynamic tb-image-frame-none\" data-toolset-blocks-image=\"7ae07d3c732f011423dab0f430431d99\"><a href=\"https:\/\/wpml.org\/wp-content\/uploads\/2024\/05\/Taxonomy-base-slugs-1.png\"><img decoding=\"async\" width=\"1024\" height=\"602\" loading=\"lazy\" src=\"https:\/\/wpml.org\/wp-content\/uploads\/2024\/05\/Taxonomy-base-slugs-1-1024x602.png\" alt=\"Taxonomy base slug in URL\" class=\"wp-image-15652925\" srcset=\"https:\/\/wpml.org\/wp-content\/uploads\/2024\/05\/Taxonomy-base-slugs-1-1024x602.png 1024w, https:\/\/wpml.org\/wp-content\/uploads\/2024\/05\/Taxonomy-base-slugs-1-300x176.png 300w, https:\/\/wpml.org\/wp-content\/uploads\/2024\/05\/Taxonomy-base-slugs-1-150x88.png 150w, https:\/\/wpml.org\/wp-content\/uploads\/2024\/05\/Taxonomy-base-slugs-1-768x452.png 768w, https:\/\/wpml.org\/wp-content\/uploads\/2024\/05\/Taxonomy-base-slugs-1-1536x903.png 1536w, https:\/\/wpml.org\/wp-content\/uploads\/2024\/05\/Taxonomy-base-slugs-1.png 1665w\" sizes=\"auto, (max-width: 1024px) 100vw, 1024px\" \/><\/a><figcaption><div class=\"tb-image-caption\">Slug de base de taxonomie dans l&rsquo;URL<\/div><\/figcaption><\/figure>\n\n<p>Pour traduire les slugs de base des taxonomies avec WPML : <\/p>\n\n<ol class=\"wp-block-list\">\n<li>Allez dans <strong>WPML \u2192 R\u00e9glages<\/strong> et faites d\u00e9filer jusqu&rsquo;\u00e0 la section <strong>Traduction des taxonomies<\/strong>.<\/li>\n\n\n\n<li>D\u00e9finissez votre taxonomie personnalis\u00e9e sur l&rsquo;une des deux options de traduction et <strong>Enregistrez<\/strong>.<\/li>\n\n\n\n<li>Cliquez sur l&rsquo;option <strong>D\u00e9finir des slugs diff\u00e9rents dans diff\u00e9rentes langues pour {Nom de la taxonomie}<\/strong> qui appara\u00eet et remplissez les slugs traduits pour chaque langue.<\/li>\n<\/ol>\n\n<h2 class=\"wp-block-heading\" id=\"edit-taxonomy-translations\">Mettre \u00e0 jour les traductions de taxonomies<\/h2>\n\n<p>Pour mettre \u00e0 jour les traductions de taxonomies : <\/p>\n\n<ol class=\"wp-block-list\">\n<li>Allez dans <strong>WPML<\/strong> \u2192 <strong>traduction de taxonomie<\/strong>.<\/li>\n\n\n\n<li>S\u00e9lectionnez la taxonomie que vous voulez mettre \u00e0 jour et apportez vos modifications.<\/li>\n<\/ol>\n\n<figure class=\"wp-block-image tb-image tb-image-dynamic tb-image-frame-none\" data-toolset-blocks-image=\"9ebd1cc2fc5ada7beb7624d0d9dbe36e\"><a href=\"https:\/\/wpml.org\/wp-content\/uploads\/2024\/05\/Editing-taxonomy-translations.png\"><img decoding=\"async\" width=\"1024\" height=\"559\" loading=\"lazy\" src=\"https:\/\/wpml.org\/wp-content\/uploads\/2024\/05\/Editing-taxonomy-translations-1024x559.png\" alt=\"Editing taxonomy translations\" class=\"wp-image-15647744\" srcset=\"https:\/\/wpml.org\/wp-content\/uploads\/2024\/05\/Editing-taxonomy-translations-1024x559.png 1024w, https:\/\/wpml.org\/wp-content\/uploads\/2024\/05\/Editing-taxonomy-translations-300x164.png 300w, https:\/\/wpml.org\/wp-content\/uploads\/2024\/05\/Editing-taxonomy-translations-150x82.png 150w, https:\/\/wpml.org\/wp-content\/uploads\/2024\/05\/Editing-taxonomy-translations-768x419.png 768w, https:\/\/wpml.org\/wp-content\/uploads\/2024\/05\/Editing-taxonomy-translations-1536x838.png 1536w, https:\/\/wpml.org\/wp-content\/uploads\/2024\/05\/Editing-taxonomy-translations.png 1600w\" sizes=\"auto, (max-width: 1024px) 100vw, 1024px\" \/><\/a><figcaption><div class=\"tb-image-caption\">Modification des traductions de taxonomie <\/div><\/figcaption><\/figure>\n\n<p>Si vous voulez mettre \u00e0 jour les traductions de taxonomies automatiquement : <\/p>\n\n<ol class=\"wp-block-list\">\n<li>Allez dans <strong>WPML<\/strong> \u2192 <strong>R\u00e9glages<\/strong> et faites d\u00e9filer jusqu&rsquo;\u00e0 <strong>Options des documents traduits.<\/strong> <\/li>\n\n\n\n<li>D\u00e9cochez <strong>Ne pas afficher les taxonomies traduites dans l&rsquo;\u00c9diteur de traduction.<\/strong> <\/li>\n\n\n\n<li>Enfin, envoyez une page ou un article qui contient la taxonomie que vous voulez mettre \u00e0 jour pour traduction. WPML mettra automatiquement \u00e0 jour la traduction de la taxonomie avec le reste de votre contenu.  <\/li>\n<\/ol>\n\n<figure class=\"wp-block-image tb-image tb-image-dynamic tb-image-frame-none\" data-toolset-blocks-image=\"6f400a93afa8d059dc35a21141202597\"><a href=\"https:\/\/wpml.org\/wp-content\/uploads\/2019\/09\/translating-taxonomies-in-ATE.png\"><img decoding=\"async\" width=\"1024\" height=\"672\" loading=\"lazy\" src=\"https:\/\/wpml.org\/wp-content\/uploads\/2019\/09\/translating-taxonomies-in-ATE-1024x672.png\" alt=\"Translating taxonomies in ATE\" class=\"wp-image-16945175\" srcset=\"https:\/\/wpml.org\/wp-content\/uploads\/2019\/09\/translating-taxonomies-in-ATE-1024x672.png 1024w, https:\/\/wpml.org\/wp-content\/uploads\/2019\/09\/translating-taxonomies-in-ATE-300x197.png 300w, https:\/\/wpml.org\/wp-content\/uploads\/2019\/09\/translating-taxonomies-in-ATE-150x98.png 150w, https:\/\/wpml.org\/wp-content\/uploads\/2019\/09\/translating-taxonomies-in-ATE-768x504.png 768w, https:\/\/wpml.org\/wp-content\/uploads\/2019\/09\/translating-taxonomies-in-ATE-1536x1008.png 1536w, https:\/\/wpml.org\/wp-content\/uploads\/2019\/09\/translating-taxonomies-in-ATE.png 1914w\" sizes=\"auto, (max-width: 1024px) 100vw, 1024px\" \/><\/a><figcaption><div class=\"tb-image-caption\">Traduction automatique des taxonomies dans l&rsquo;\u00c9diteur de traduction avanc\u00e9<\/div><\/figcaption><\/figure>\n\n<h2 class=\"wp-block-heading\" id=\"sync-taxonomy-structure\">Synchroniser la structure de taxonomie entre les langues<\/h2>\n\n<p>Si vous modifiez la structure des taxonomies de votre site dans la langue par d\u00e9faut, vous devez synchroniser ce changement dans toutes vos langues.<\/p>\n\n<p>Pour synchroniser votre structure de taxonomie entre les langues : <\/p>\n\n<ol class=\"wp-block-list\">\n<li>Allez dans <strong>WPML<\/strong> \u2192 <strong>traduction de taxonomie<\/strong>.<\/li>\n\n\n\n<li>S\u00e9lectionnez la taxonomie que vous souhaitez synchroniser et passez \u00e0 l&rsquo;onglet <strong>Synchronisation de la hi\u00e9rarchie<\/strong>. Cliquez sur <strong>Mettre \u00e0 jour la hi\u00e9rarchie de taxonomie<\/strong> pour synchroniser.  <\/li>\n<\/ol>\n\n<figure class=\"wp-block-image tb-image tb-image-dynamic tb-image-frame-none\" data-toolset-blocks-image=\"da0f05689c4d9d88a7bda7201c84b5af\"><a href=\"https:\/\/wpml.org\/wp-content\/uploads\/2024\/05\/Syncing-taxonomy-structure-across-languages.png\"><img decoding=\"async\" width=\"1024\" height=\"609\" loading=\"lazy\" src=\"https:\/\/wpml.org\/wp-content\/uploads\/2024\/05\/Syncing-taxonomy-structure-across-languages-1024x609.png\" alt=\"Syncing taxonomy structure across languages\" class=\"wp-image-15647787\" srcset=\"https:\/\/wpml.org\/wp-content\/uploads\/2024\/05\/Syncing-taxonomy-structure-across-languages-1024x609.png 1024w, https:\/\/wpml.org\/wp-content\/uploads\/2024\/05\/Syncing-taxonomy-structure-across-languages-300x178.png 300w, https:\/\/wpml.org\/wp-content\/uploads\/2024\/05\/Syncing-taxonomy-structure-across-languages-150x89.png 150w, https:\/\/wpml.org\/wp-content\/uploads\/2024\/05\/Syncing-taxonomy-structure-across-languages-768x457.png 768w, https:\/\/wpml.org\/wp-content\/uploads\/2024\/05\/Syncing-taxonomy-structure-across-languages.png 1438w\" sizes=\"auto, (max-width: 1024px) 100vw, 1024px\" \/><\/a><figcaption><div class=\"tb-image-caption\">Synchronisation de la structure de taxonomie entre les langues<\/div><\/figcaption><\/figure>\n","protected":false},"excerpt":{"rendered":"<p>Apprenez \u00e0 traduire les cat\u00e9gories WordPress, les \u00e9tiquettes, les cat\u00e9gories de produits et les taxonomies personnalis\u00e9es dans plusieurs langues avec WPML. Pour commencer Pour traduire les taxonomies, installez et activez les plugins suivants : Traduire les taxonomies avec WPML Pour traduire n&rsquo;importe quelle taxonomie avec WPML, envoyez simplement votre contenu pour traduction via WPML \u2192 [&hellip;]<\/p>\n","protected":false},"author":578773,"featured_media":0,"parent":104118,"menu_order":47,"comment_status":"closed","ping_status":"closed","template":"template-sidebar-2.php","meta":{"_bbp_topic_count":0,"_bbp_reply_count":0,"_bbp_total_topic_count":0,"_bbp_total_reply_count":0,"_bbp_voice_count":0,"_bbp_anonymous_reply_count":0,"_bbp_topic_count_hidden":0,"_bbp_reply_count_hidden":0,"_bbp_forum_subforum_count":0,"_uag_custom_page_level_css":"","ep_exclude_from_search":false,"footnotes":""},"related-projects-category":[],"class_list":["post-3507303","page","type-page","status-publish","hentry"],"spectra_custom_meta":{"ratings_users":["0"],"ratings_score":["0"],"ratings_average":["0"],"_subscription_coupon_product_id":["0"],"inline_featured_image":["0"],"_alp_processed":["1772089657"],"_views_template":["0"],"_wpml_media_featured":["1"],"_wp_page_template":["template-sidebar-2.php"],"wpcf-unformatted-code":[""],"toolset_post_editor_mode":["block"],"wpcf-price-increase-show-from":[""],"wpcf-price-increase-show-till":[""],"_last_translation_edit_mode":["translation-editor"],"_oembed_bbf56b1d4c25ce11481afba39f176f85":["<iframe title=\"Using WPML to translate content created with page builders\" width=\"700\" height=\"394\" src=\"https:\/\/www.youtube.com\/embed\/MSqNzrdPMkE?feature=oembed&enablejsapi=1&origin=https:\/\/wpml.org\" frameborder=\"0\" allow=\"accelerometer; autoplay; clipboard-write; encrypted-media; gyroscope; picture-in-picture\" allowfullscreen><\/iframe>"],"_oembed_time_bbf56b1d4c25ce11481afba39f176f85":["1636021632"],"_wpml_word_count":["568"],"_wpml_media_duplicate":["0"],"_oembed_bd297e209624e11355395418b468d409":["{{unknown}}"],"_oembed_b969b15ba299b2b428881df85710ac64":["{{unknown}}"],"_oembed_227c3996b88e71628d26d2b5e14f8801":["{{unknown}}"],"_oembed_1f5cf5f305b375c3d401f1389d439dd4":["{{unknown}}"],"_oembed_b78cc50d7b9c7f8dbe45ab06e4f197f3":["{{unknown}}"],"_oembed_6b3021705bcb82e7c808fbde89a28ab7":["{{unknown}}"],"_oembed_55b2ce6feeca37e2a2f801fd030a7a0e":["{{unknown}}"],"_oembed_9c93b11b6b2117647a155ea6e71a17fb":["{{unknown}}"],"_oembed_dce234ac33f8392c84df2abd41a9c8dd":["{{unknown}}"],"_oembed_eac9d1d34df027ef441b1fc841277bc3":["{{unknown}}"],"_oembed_75777a566b49ace7dde0ef94c52b5d90":["{{unknown}}"],"_oembed_29c3082e68d00dde23345b4b99ca0525":["{{unknown}}"],"cmplz_hide_cookiebanner":[""],"wpcf-price-increase-content":[""],"wpcf-relevant-forum-documentation":["1"],"wpcf-login-box-title":[""],"wpcf-page-content":[""],"_yoast_wpseo_primary_related-projects-category":[""],"_yoast_wpseo_metadesc":["Apprenez \u00e0 traduire les cat\u00e9gories WordPress, les \u00e9tiquettes, les cat\u00e9gories de produits et les taxonomies personnalis\u00e9es dans plusieurs langues avec WPML."],"_uag_css_file_name":["uag-css-3507303.css"],"_uag_page_assets":["a:9:{s:3:\"css\";s:0:\"\";s:2:\"js\";s:0:\"\";s:18:\"current_block_list\";a:8:{i:0;s:14:\"core\/paragraph\";i:1;s:12:\"core\/heading\";i:2;s:9:\"core\/list\";i:3;s:14:\"core\/list-item\";i:4;s:19:\"toolset-blocks\/grid\";i:5;s:26:\"toolset-blocks\/grid-column\";i:6;s:20:\"toolset-blocks\/image\";i:7;s:14:\"core\/shortcode\";}s:8:\"uag_flag\";b:0;s:11:\"uag_version\";s:10:\"1778952017\";s:6:\"gfonts\";a:0:{}s:10:\"gfonts_url\";s:0:\"\";s:12:\"gfonts_files\";a:0:{}s:14:\"uag_faq_layout\";b:0;}"]},"uagb_featured_image_src":{"full":false,"thumbnail":false,"medium":false,"medium_large":false,"large":false,"1536x1536":false,"2048x2048":false,"gform-image-choice-sm":false,"gform-image-choice-md":false,"gform-image-choice-lg":false,"woocommerce_thumbnail":false,"woocommerce_single":false,"woocommerce_gallery_thumbnail":false},"uagb_author_info":{"display_name":"Tomer Helzer","author_link":"https:\/\/wpml.org\/fr\/author\/tomer-h\/"},"uagb_comment_info":0,"uagb_excerpt":"Apprenez \u00e0 traduire les cat\u00e9gories WordPress, les \u00e9tiquettes, les cat\u00e9gories de produits et les taxonomies personnalis\u00e9es dans plusieurs langues avec WPML. Pour commencer Pour traduire les taxonomies, installez et activez les plugins suivants : Traduire les taxonomies avec WPML Pour traduire n&rsquo;importe quelle taxonomie avec WPML, envoyez simplement votre contenu pour traduction via WPML \u2192\u2026","_links":{"self":[{"href":"https:\/\/wpml.org\/fr\/wp-json\/wp\/v2\/pages\/3507303","targetHints":{"allow":["GET"]}}],"collection":[{"href":"https:\/\/wpml.org\/fr\/wp-json\/wp\/v2\/pages"}],"about":[{"href":"https:\/\/wpml.org\/fr\/wp-json\/wp\/v2\/types\/page"}],"author":[{"embeddable":true,"href":"https:\/\/wpml.org\/fr\/wp-json\/wp\/v2\/users\/578773"}],"replies":[{"embeddable":true,"href":"https:\/\/wpml.org\/fr\/wp-json\/wp\/v2\/comments?post=3507303"}],"version-history":[{"count":8,"href":"https:\/\/wpml.org\/fr\/wp-json\/wp\/v2\/pages\/3507303\/revisions"}],"predecessor-version":[{"id":17853549,"href":"https:\/\/wpml.org\/fr\/wp-json\/wp\/v2\/pages\/3507303\/revisions\/17853549"}],"up":[{"embeddable":true,"href":"https:\/\/wpml.org\/fr\/wp-json\/wp\/v2\/pages\/104118"}],"wp:attachment":[{"href":"https:\/\/wpml.org\/fr\/wp-json\/wp\/v2\/media?parent=3507303"}],"wp:term":[{"taxonomy":"related-projects-category","embeddable":true,"href":"https:\/\/wpml.org\/fr\/wp-json\/wp\/v2\/related-projects-category?post=3507303"}],"curies":[{"name":"wp","href":"https:\/\/api.w.org\/{rel}","templated":true}]}}