{"id":3507341,"date":"2015-05-18T15:30:59","date_gmt":"2015-05-18T15:30:59","guid":{"rendered":"https:\/\/wpml.org\/documentation-6\/guide-de-demarrage-rapide\/traduire-les-widgets\/"},"modified":"2026-02-26T07:08:34","modified_gmt":"2026-02-26T07:08:34","slug":"traduire-les-widgets","status":"publish","type":"page","link":"https:\/\/wpml.org\/fr\/documentation-6\/guide-de-demarrage-rapide\/traduire-les-widgets\/","title":{"rendered":"Traduction des widgets"},"content":{"rendered":"\n<div class=\"wp-block-toolset-blocks-container tb-container\" data-toolset-blocks-container=\"f1f6cf433548e794e350cca473324a7f\"><div class=\"tb-container-inner\">\n<p class=\"tb-heading lead\" data-toolset-blocks-heading=\"86243751073c72263dda180dd7396470\" data-last-update=\"1.4\">Apprenez \u00e0 traduire n&rsquo;importe quel widget WordPress avec WPML, y compris les widgets bas\u00e9s sur des blocs, les widgets h\u00e9rit\u00e9s et les widgets personnalis\u00e9s.<\/p>\n\n\n\n<div class=\"wp-block-toolset-blocks-grid tb-grid\" data-toolset-blocks-grid=\"7f5b809fd468bcf666d0329830422aa9\">\n<div class=\"wp-block-toolset-blocks-grid-column tb-grid-column tb-grid-align-top\" data-toolset-blocks-grid-column=\"3034fbe886c11054e95b46b09d3e4112\"><div class=\"wp-block-image\">\n<figure class=\" tb-image tb-image-dynamic tb-image-frame-none aligncenter\" data-toolset-blocks-image=\"c933aaafa519cdd784f3533b1bedf1ab\"><a href=\"https:\/\/wpml.org\/wp-content\/uploads\/2024\/05\/english-sidebar-widgets-wpml.png\"><img decoding=\"async\" width=\"1024\" height=\"861\" loading=\"lazy\" src=\"https:\/\/wpml.org\/wp-content\/uploads\/2024\/05\/english-sidebar-widgets-wpml-1024x861.png\" alt=\"\" class=\"wp-image-15620043\" srcset=\"https:\/\/wpml.org\/wp-content\/uploads\/2024\/05\/english-sidebar-widgets-wpml-1024x861.png 1024w, https:\/\/wpml.org\/wp-content\/uploads\/2024\/05\/english-sidebar-widgets-wpml-300x252.png 300w, https:\/\/wpml.org\/wp-content\/uploads\/2024\/05\/english-sidebar-widgets-wpml-150x126.png 150w, https:\/\/wpml.org\/wp-content\/uploads\/2024\/05\/english-sidebar-widgets-wpml-768x646.png 768w, https:\/\/wpml.org\/wp-content\/uploads\/2024\/05\/english-sidebar-widgets-wpml-1536x1292.png 1536w, https:\/\/wpml.org\/wp-content\/uploads\/2024\/05\/english-sidebar-widgets-wpml.png 1962w\" sizes=\"auto, (max-width: 1024px) 100vw, 1024px\" \/><\/a><figcaption><div class=\"tb-image-caption\">Widgets dans la barre lat\u00e9rale en anglais<\/div><\/figcaption><\/figure>\n<\/div><\/div>\n\n\n\n<div class=\"wp-block-toolset-blocks-grid-column tb-grid-column tb-grid-align-top\" data-toolset-blocks-grid-column=\"3034fbe886c11054e95b46b09d3e4112\"><div class=\"wp-block-image\">\n<figure class=\" tb-image tb-image-dynamic tb-image-frame-none aligncenter\" data-toolset-blocks-image=\"c58dea955e8c802e4e753eb52d865a0f\"><a href=\"https:\/\/wpml.org\/wp-content\/uploads\/2024\/05\/spanish-sidebar-widgets-wpml.png\"><img decoding=\"async\" width=\"1024\" height=\"875\" loading=\"lazy\" src=\"https:\/\/wpml.org\/wp-content\/uploads\/2024\/05\/spanish-sidebar-widgets-wpml-1024x875.png\" alt=\"\" class=\"wp-image-15620059\" srcset=\"https:\/\/wpml.org\/wp-content\/uploads\/2024\/05\/spanish-sidebar-widgets-wpml-1024x875.png 1024w, https:\/\/wpml.org\/wp-content\/uploads\/2024\/05\/spanish-sidebar-widgets-wpml-300x256.png 300w, https:\/\/wpml.org\/wp-content\/uploads\/2024\/05\/spanish-sidebar-widgets-wpml-150x128.png 150w, https:\/\/wpml.org\/wp-content\/uploads\/2024\/05\/spanish-sidebar-widgets-wpml-768x656.png 768w, https:\/\/wpml.org\/wp-content\/uploads\/2024\/05\/spanish-sidebar-widgets-wpml-1536x1312.png 1536w, https:\/\/wpml.org\/wp-content\/uploads\/2024\/05\/spanish-sidebar-widgets-wpml.png 1964w\" sizes=\"auto, (max-width: 1024px) 100vw, 1024px\" \/><\/a><figcaption><div class=\"tb-image-caption\">Widgets dans la barre lat\u00e9rale en espagnol <\/div><\/figcaption><\/figure>\n<\/div><\/div>\n<\/div>\n\n\n\n<h2 class=\"wp-block-heading\" id=\"required-plugins\">Plugins requis<\/h2>\n\n\n\n<p>Pour traduire les widgets, installez et activez :<\/p>\n\n\n\n<ul class=\"wp-block-list\">\n<li>WPML<\/li>\n\n\n\n<li>WPML String Translation<\/li>\n<\/ul>\n\n\n\n<h2 class=\"wp-block-heading\" id=\"how-to-translate-widgets\">Comment traduire les widgets <\/h2>\n\n\n\n<p>WPML peut traduire n&rsquo;importe quel type de widget. Cela comprend :<\/p>\n\n\n\n<div style=\"height:15px\" aria-hidden=\"true\" class=\"wp-block-spacer\"><\/div>\n\n\n\n<div class=\"wp-block-toolset-blocks-grid tb-grid\" data-toolset-blocks-grid=\"6329aaaa361b6c3ff5e14c6308f907de\">\n<div class=\"wp-block-toolset-blocks-grid-column tb-grid-column tb-grid-align-top\" data-toolset-blocks-grid-column=\"e0c62ef28c440411136281632d5a8d63\">\n<div class=\"wp-block-toolset-blocks-container tb-container aligncenter\" data-toolset-blocks-container=\"48873aa9a1502db94cee7985805c3625\">\n<div class=\"tb-fields-and-text\" data-toolset-blocks-fields-and-text=\"3e1d2592ce20bdf2bf813c9dfa44c991\"><p><img decoding=\"async\" class=\" wp-image-15972576 aligncenter\" src=\"https:\/\/wpml.org\/wp-content\/uploads\/2024\/07\/Widget-blocks2-min.png\" alt=\"\" width=\"190\" height=\"190\" srcset=\"https:\/\/wpml.org\/wp-content\/uploads\/2024\/07\/Widget-blocks2-min.png 370w, https:\/\/wpml.org\/wp-content\/uploads\/2024\/07\/Widget-blocks2-min-300x300.png 300w, https:\/\/wpml.org\/wp-content\/uploads\/2024\/07\/Widget-blocks2-min-150x150.png 150w, https:\/\/wpml.org\/wp-content\/uploads\/2024\/07\/Widget-blocks2-min-100x100.png 100w\" sizes=\"(max-width: 190px) 100vw, 190px\" \/><\/p><\/div>\n\n\n\n<p class=\"tb-heading has-text-color\" data-toolset-blocks-heading=\"bf983b028e621cb4ef8152faf0911a40\" data-last-update=\"1.4\"><strong>Widgets ajout\u00e9s aux articles<\/strong><br\/><strong>et aux pages<\/strong><\/p>\n<\/div>\n<\/div>\n\n\n\n<div class=\"wp-block-toolset-blocks-grid-column tb-grid-column tb-grid-align-top\" data-toolset-blocks-grid-column=\"3034fbe886c11054e95b46b09d3e4112\">\n<div class=\"wp-block-toolset-blocks-container tb-container aligncenter\" data-toolset-blocks-container=\"48873aa9a1502db94cee7985805c3625\">\n<div class=\"tb-fields-and-text\" data-toolset-blocks-fields-and-text=\"3e1d2592ce20bdf2bf813c9dfa44c991\"><p><img decoding=\"async\" class=\" wp-image-15972497 aligncenter\" src=\"https:\/\/wpml.org\/wp-content\/uploads\/2024\/07\/Block-based-Classic-widgets1-min.png\" alt=\"\" width=\"190\" height=\"190\" srcset=\"https:\/\/wpml.org\/wp-content\/uploads\/2024\/07\/Block-based-Classic-widgets1-min.png 370w, https:\/\/wpml.org\/wp-content\/uploads\/2024\/07\/Block-based-Classic-widgets1-min-300x300.png 300w, https:\/\/wpml.org\/wp-content\/uploads\/2024\/07\/Block-based-Classic-widgets1-min-150x150.png 150w, https:\/\/wpml.org\/wp-content\/uploads\/2024\/07\/Block-based-Classic-widgets1-min-100x100.png 100w\" sizes=\"(max-width: 190px) 100vw, 190px\" \/><\/p><\/div>\n\n\n\n<p class=\"tb-heading has-text-color\" data-toolset-blocks-heading=\"bf983b028e621cb4ef8152faf0911a40\" data-last-update=\"1.4\"><strong>Widgets classiques bas\u00e9s<\/strong><br\/><strong><strong>sur des blocs<\/strong><\/strong><\/p>\n<\/div>\n<\/div>\n\n\n\n<div class=\"wp-block-toolset-blocks-grid-column tb-grid-column tb-grid-align-top\" data-toolset-blocks-grid-column=\"3034fbe886c11054e95b46b09d3e4112\">\n<div class=\"wp-block-toolset-blocks-container tb-container aligncenter\" data-toolset-blocks-container=\"48873aa9a1502db94cee7985805c3625\">\n<div class=\"tb-fields-and-text\" data-toolset-blocks-fields-and-text=\"3e1d2592ce20bdf2bf813c9dfa44c991\"><p><img decoding=\"async\" class=\"wp-image-16559354 aligncenter\" src=\"https:\/\/wpml.org\/wp-content\/uploads\/2025\/01\/Frame-1-1-291x300.png\" alt=\"\" width=\"185\" height=\"191\" srcset=\"https:\/\/wpml.org\/wp-content\/uploads\/2025\/01\/Frame-1-1-291x300.png 291w, https:\/\/wpml.org\/wp-content\/uploads\/2025\/01\/Frame-1-1-146x150.png 146w, https:\/\/wpml.org\/wp-content\/uploads\/2025\/01\/Frame-1-1-300x309.png 300w, https:\/\/wpml.org\/wp-content\/uploads\/2025\/01\/Frame-1-1.png 458w\" sizes=\"(max-width: 185px) 100vw, 185px\" \/><\/p><\/div>\n\n\n\n<p class=\"tb-heading has-text-color\" data-toolset-blocks-heading=\"bf983b028e621cb4ef8152faf0911a40\" data-last-update=\"1.4\"><strong><strong><strong>Widgets h\u00e9rit\u00e9s <\/strong><\/strong><\/strong><\/p>\n<\/div>\n<\/div>\n\n\n\n<div class=\"wp-block-toolset-blocks-grid-column tb-grid-column tb-grid-align-top\" data-toolset-blocks-grid-column=\"3034fbe886c11054e95b46b09d3e4112\">\n<div class=\"wp-block-toolset-blocks-container tb-container aligncenter\" data-toolset-blocks-container=\"48873aa9a1502db94cee7985805c3625\">\n<div class=\"tb-fields-and-text\" data-toolset-blocks-fields-and-text=\"3e1d2592ce20bdf2bf813c9dfa44c991\"><p><img decoding=\"async\" class=\" wp-image-15974085 aligncenter\" src=\"https:\/\/wpml.org\/wp-content\/uploads\/2024\/07\/custom-widget-1-1.png\" alt=\"\" width=\"198\" height=\"188\" srcset=\"https:\/\/wpml.org\/wp-content\/uploads\/2024\/07\/custom-widget-1-1.png 284w, https:\/\/wpml.org\/wp-content\/uploads\/2024\/07\/custom-widget-1-1-150x143.png 150w\" sizes=\"(max-width: 198px) 100vw, 198px\" \/><\/p><\/div>\n\n\n\n<p class=\"tb-heading has-text-color\" data-toolset-blocks-heading=\"bf983b028e621cb4ef8152faf0911a40\" data-last-update=\"1.4\"><strong>Widgets personnalis\u00e9s<\/strong><\/p>\n<\/div>\n<\/div>\n<\/div>\n\n\n\n<h2 class=\"wp-block-heading\">Traduire les widgets ajout\u00e9s aux articles et pages individuels<\/h2>\n\n\n\n<p>Pour traduire les blocs de widgets que vous pouvez ins\u00e9rer dans n&rsquo;importe quel contenu, y compris les articles et les pages :<\/p>\n\n\n\n<ol class=\"wp-block-list\">\n<li>Allez dans <strong>WPML<\/strong> \u2192 <strong>tableau de bord de traduction<\/strong>.<\/li>\n\n\n\n<li>S\u00e9lectionnez le contenu (articles, pages, etc.) contenant votre widget.<\/li>\n\n\n\n<li>Choisissez une m\u00e9thode de traduction et traduisez.<\/li>\n<\/ol>\n\n\n\n<p>WPML traduit votre widget avec le reste du contenu de la page.<\/p>\n\n\n\n<h2 class=\"wp-block-heading\" id=\"translate-bloc-based-classic-widgets\">Traduire les widgets classiques bas\u00e9s sur des blocs<\/h2>\n\n\n\n<p>Pour traduire les widgets classiques bas\u00e9s sur des blocs que vous ajoutez aux zones de widgets via la page <strong>Apparence<\/strong> \u2192 <strong>Widgets<\/strong> :<\/p>\n\n\n\n<ol class=\"wp-block-list\">\n<li>Allez dans <strong>WPML<\/strong> \u2192 <strong>tableau de bord des traductions<\/strong>.<\/li>\n\n\n\n<li>Faites d\u00e9filer jusqu&rsquo;\u00e0 la section <strong>Bloc <\/strong>et d\u00e9veloppez-la.<\/li>\n\n\n\n<li>S\u00e9lectionnez la zone de widgets contenant vos widgets (par exemple, \u00ab Widgets &#8211; Barre lat\u00e9rale du blog \u00bb).<\/li>\n\n\n\n<li>Choisissez une m\u00e9thode de traduction et traduisez.<\/li>\n<\/ol>\n\n\n\n<h2 class=\"wp-block-heading\">Traduire les widgets h\u00e9rit\u00e9s<\/h2>\n\n\n\n<p>Pour traduire les anciens widgets h\u00e9rit\u00e9s qui ne sont pas bas\u00e9s sur des blocs :<\/p>\n\n\n\n<ol class=\"wp-block-list\">\n<li>Allez dans <strong>WPML<\/strong> <strong>\u2192 tableau de bord de traduction<\/strong>.<\/li>\n\n\n\n<li>Faites d\u00e9filer jusqu&rsquo;\u00e0 la section <strong>Autres textes (Cha\u00eenes)<\/strong><strong> <\/strong>et s\u00e9lectionnez les textes de vos widgets.<\/li>\n<\/ol>\n\n\n\n<figure class=\"wp-block-image tb-image tb-image-dynamic tb-image-frame-none\" data-toolset-blocks-image=\"ee41e4c118e7ac8935b48e22aee401ec\"><a href=\"https:\/\/wpml.org\/wp-content\/uploads\/2025\/08\/Selecting-widgets-texts-in-the-Translation-Dashboard.png\"><img decoding=\"async\" width=\"1024\" height=\"637\" loading=\"lazy\" src=\"https:\/\/wpml.org\/wp-content\/uploads\/2025\/08\/Selecting-widgets-texts-in-the-Translation-Dashboard-1024x637.png\" alt=\"Selecting widgets texts in the Translation Dashboard\" class=\"wp-image-17317305\" srcset=\"https:\/\/wpml.org\/wp-content\/uploads\/2025\/08\/Selecting-widgets-texts-in-the-Translation-Dashboard-1024x637.png 1024w, https:\/\/wpml.org\/wp-content\/uploads\/2025\/08\/Selecting-widgets-texts-in-the-Translation-Dashboard-300x186.png 300w, https:\/\/wpml.org\/wp-content\/uploads\/2025\/08\/Selecting-widgets-texts-in-the-Translation-Dashboard-150x93.png 150w, https:\/\/wpml.org\/wp-content\/uploads\/2025\/08\/Selecting-widgets-texts-in-the-Translation-Dashboard-768x477.png 768w, https:\/\/wpml.org\/wp-content\/uploads\/2025\/08\/Selecting-widgets-texts-in-the-Translation-Dashboard-1536x955.png 1536w, https:\/\/wpml.org\/wp-content\/uploads\/2025\/08\/Selecting-widgets-texts-in-the-Translation-Dashboard.png 2022w\" sizes=\"auto, (max-width: 1024px) 100vw, 1024px\" \/><\/a><figcaption><div class=\"tb-image-caption\">S\u00e9lection des textes de widgets dans le tableau de bord de traduction<\/div><\/figcaption><\/figure>\n\n\n\n<ol start=\"3\" class=\"wp-block-list\">\n<li>Choisissez une m\u00e9thode de traduction et <strong>traduisez<\/strong>.<\/li>\n<\/ol>\n\n\n\n<div style=\"height:20px\" aria-hidden=\"true\" class=\"wp-block-spacer\"><\/div>\n\n\n\n<p>Si vous ne trouvez pas les textes de vos widgets dans le tableau de bord de traduction :<\/p>\n\n\n\n<ol class=\"wp-block-list\">\n<li>Acc\u00e9dez \u00e0 <strong>WPML \u2192 String Translation<\/strong>.  <\/li>\n\n\n\n<li>D\u00e9veloppez la section <strong>Vous ne voyez pas les cha\u00eenes que vous recherchez ?<\/strong> et cliquez sur <strong>traduction des textes d&rsquo;administration<\/strong>.<\/li>\n<\/ol>\n\n\n\n<figure class=\"wp-block-image tb-image tb-image-dynamic tb-image-frame-none\" data-toolset-blocks-image=\"734b033330364d79f3eb6bc63e47a139\"><a href=\"https:\/\/wpml.org\/wp-content\/uploads\/2025\/08\/Clicking-Admin-Texts-Translation.png\"><img decoding=\"async\" width=\"1024\" height=\"629\" loading=\"lazy\" src=\"https:\/\/wpml.org\/wp-content\/uploads\/2025\/08\/Clicking-Admin-Texts-Translation-1024x629.png\" alt=\"Clicking Admin Texts Translation\" class=\"wp-image-17317319\" srcset=\"https:\/\/wpml.org\/wp-content\/uploads\/2025\/08\/Clicking-Admin-Texts-Translation-1024x629.png 1024w, https:\/\/wpml.org\/wp-content\/uploads\/2025\/08\/Clicking-Admin-Texts-Translation-300x184.png 300w, https:\/\/wpml.org\/wp-content\/uploads\/2025\/08\/Clicking-Admin-Texts-Translation-150x92.png 150w, https:\/\/wpml.org\/wp-content\/uploads\/2025\/08\/Clicking-Admin-Texts-Translation-768x471.png 768w, https:\/\/wpml.org\/wp-content\/uploads\/2025\/08\/Clicking-Admin-Texts-Translation-1536x943.png 1536w, https:\/\/wpml.org\/wp-content\/uploads\/2025\/08\/Clicking-Admin-Texts-Translation.png 2046w\" sizes=\"auto, (max-width: 1024px) 100vw, 1024px\" \/><\/a><figcaption><div class=\"tb-image-caption\">Cliquer sur Traduction des textes d&rsquo;administration<\/div><\/figcaption><\/figure>\n\n\n\n<ol start=\"3\" class=\"wp-block-list\">\n<li>S\u00e9lectionnez les textes de widget que vous souhaitez traduire, puis cliquez sur <strong>Ajouter \u00e0 String Translation<\/strong>.<\/li>\n<\/ol>\n\n\n\n<div style=\"height:10px\" aria-hidden=\"true\" class=\"wp-block-spacer\"><\/div>\n\n\n\n<p>Vous pouvez maintenant traduire ces textes de widgets dans le tableau de bord de traduction.<\/p>\n\n\n\n<h2 class=\"wp-block-heading\" id=\"translate-widgets-blocks\">Traduire les widgets personnalis\u00e9s<\/h2>\n\n\n\n<p>Pour traduire les widgets que vous avez d\u00e9velopp\u00e9s vous-m\u00eame, vous devez d&rsquo;abord <a href=\"https:\/\/wpml.org\/documentation\/support\/translation-for-texts-by-other-plugins-and-themes\/\">les enregistrer dans WPML<\/a>. Une fois enregistr\u00e9s, vous pouvez traduire vos widgets depuis la section <strong>Autres textes (Cha\u00eenes)<\/strong> du tableau de bord de traduction. <\/p>\n\n\n\n<h2 class=\"wp-block-heading\" id=\"display-different-widgets-each-language\">Afficher diff\u00e9rents widgets dans chaque langue<\/h2>\n\n\n\n<p>Pour afficher diff\u00e9rents widgets dans chaque langue :<\/p>\n\n\n\n<ol class=\"wp-block-list\">\n<li>Allez dans <strong>apparence \u2192 widgets<\/strong>. <\/li>\n\n\n\n<li>Modifiez votre widget et ouvrez le menu d\u00e9roulant des langues.<\/li>\n\n\n\n<li>Choisissez la langue dans laquelle vous souhaitez afficher le widget. <\/li>\n<\/ol>\n\n\n\n<div class=\"wp-block-toolset-blocks-grid tb-grid\" data-toolset-blocks-grid=\"a6800b7e37e47f0f08842337262ef73d\">\n<div class=\"wp-block-toolset-blocks-grid-column tb-grid-column tb-grid-align-top\" data-toolset-blocks-grid-column=\"3034fbe886c11054e95b46b09d3e4112\"><div class=\"wp-block-image\">\n<figure class=\" tb-image tb-image-dynamic tb-image-frame-none aligncenter\" data-toolset-blocks-image=\"68a3449c6f469df2ed50502283da75aa\"><a href=\"https:\/\/wpml.org\/wp-content\/uploads\/2024\/05\/block-based-widgets-display-on-language-1.png\"><img decoding=\"async\" width=\"1024\" height=\"752\" loading=\"lazy\" src=\"https:\/\/wpml.org\/wp-content\/uploads\/2024\/05\/block-based-widgets-display-on-language-1-1024x752.png\" alt=\"\" class=\"wp-image-15620134\" srcset=\"https:\/\/wpml.org\/wp-content\/uploads\/2024\/05\/block-based-widgets-display-on-language-1-1024x752.png 1024w, https:\/\/wpml.org\/wp-content\/uploads\/2024\/05\/block-based-widgets-display-on-language-1-300x220.png 300w, https:\/\/wpml.org\/wp-content\/uploads\/2024\/05\/block-based-widgets-display-on-language-1-150x110.png 150w, https:\/\/wpml.org\/wp-content\/uploads\/2024\/05\/block-based-widgets-display-on-language-1-768x564.png 768w, https:\/\/wpml.org\/wp-content\/uploads\/2024\/05\/block-based-widgets-display-on-language-1-1536x1127.png 1536w, https:\/\/wpml.org\/wp-content\/uploads\/2024\/05\/block-based-widgets-display-on-language-1.png 1669w\" sizes=\"auto, (max-width: 1024px) 100vw, 1024px\" \/><\/a><figcaption><div class=\"tb-image-caption\">D\u00e9finition des conditions d&rsquo;affichage pour un widget bas\u00e9 sur des blocs<\/div><\/figcaption><\/figure>\n<\/div><\/div>\n\n\n\n<div class=\"wp-block-toolset-blocks-grid-column tb-grid-column tb-grid-align-top\" data-toolset-blocks-grid-column=\"3034fbe886c11054e95b46b09d3e4112\"><div class=\"wp-block-image\">\n<figure class=\" tb-image tb-image-dynamic tb-image-frame-none aligncenter\" data-toolset-blocks-image=\"5f9f3755f4fbb6ffddc50e9e7812e663\"><a href=\"https:\/\/wpml.org\/wp-content\/uploads\/2024\/05\/classic-widget-display-on-specific-language.png\"><img decoding=\"async\" width=\"1024\" height=\"791\" loading=\"lazy\" src=\"https:\/\/wpml.org\/wp-content\/uploads\/2024\/05\/classic-widget-display-on-specific-language-1024x791.png\" alt=\"\" class=\"wp-image-15620148\" srcset=\"https:\/\/wpml.org\/wp-content\/uploads\/2024\/05\/classic-widget-display-on-specific-language-1024x791.png 1024w, https:\/\/wpml.org\/wp-content\/uploads\/2024\/05\/classic-widget-display-on-specific-language-300x232.png 300w, https:\/\/wpml.org\/wp-content\/uploads\/2024\/05\/classic-widget-display-on-specific-language-150x116.png 150w, https:\/\/wpml.org\/wp-content\/uploads\/2024\/05\/classic-widget-display-on-specific-language-768x593.png 768w, https:\/\/wpml.org\/wp-content\/uploads\/2024\/05\/classic-widget-display-on-specific-language-1536x1186.png 1536w, https:\/\/wpml.org\/wp-content\/uploads\/2024\/05\/classic-widget-display-on-specific-language.png 1808w\" sizes=\"auto, (max-width: 1024px) 100vw, 1024px\" \/><\/a><figcaption><div class=\"tb-image-caption\">D\u00e9finition des conditions d&rsquo;affichage pour un widget classique<\/div><\/figcaption><\/figure>\n<\/div><\/div>\n<\/div>\n<\/div><\/div>\n","protected":false},"excerpt":{"rendered":"","protected":false},"author":538393,"featured_media":0,"parent":104118,"menu_order":57,"comment_status":"closed","ping_status":"closed","template":"template-sidebar-2.php","meta":{"_bbp_topic_count":0,"_bbp_reply_count":0,"_bbp_total_topic_count":0,"_bbp_total_reply_count":0,"_bbp_voice_count":0,"_bbp_anonymous_reply_count":0,"_bbp_topic_count_hidden":0,"_bbp_reply_count_hidden":0,"_bbp_forum_subforum_count":0,"ep_exclude_from_search":false,"footnotes":""},"related-projects-category":[],"class_list":["post-3507341","page","type-page","status-publish","hentry"],"_links":{"self":[{"href":"https:\/\/wpml.org\/fr\/wp-json\/wp\/v2\/pages\/3507341","targetHints":{"allow":["GET"]}}],"collection":[{"href":"https:\/\/wpml.org\/fr\/wp-json\/wp\/v2\/pages"}],"about":[{"href":"https:\/\/wpml.org\/fr\/wp-json\/wp\/v2\/types\/page"}],"author":[{"embeddable":true,"href":"https:\/\/wpml.org\/fr\/wp-json\/wp\/v2\/users\/538393"}],"replies":[{"embeddable":true,"href":"https:\/\/wpml.org\/fr\/wp-json\/wp\/v2\/comments?post=3507341"}],"version-history":[{"count":8,"href":"https:\/\/wpml.org\/fr\/wp-json\/wp\/v2\/pages\/3507341\/revisions"}],"predecessor-version":[{"id":17853586,"href":"https:\/\/wpml.org\/fr\/wp-json\/wp\/v2\/pages\/3507341\/revisions\/17853586"}],"up":[{"embeddable":true,"href":"https:\/\/wpml.org\/fr\/wp-json\/wp\/v2\/pages\/104118"}],"wp:attachment":[{"href":"https:\/\/wpml.org\/fr\/wp-json\/wp\/v2\/media?parent=3507341"}],"wp:term":[{"taxonomy":"related-projects-category","embeddable":true,"href":"https:\/\/wpml.org\/fr\/wp-json\/wp\/v2\/related-projects-category?post=3507341"}],"curies":[{"name":"wp","href":"https:\/\/api.w.org\/{rel}","templated":true}]}}