{"id":5209601,"date":"2018-06-04T08:05:56","date_gmt":"2018-06-04T08:05:56","guid":{"rendered":"https:\/\/wpml.org\/documentation-6\/traduire-vos-contenus\/traduction-professionnelle-via-wpml\/"},"modified":"2025-02-17T10:10:42","modified_gmt":"2025-02-17T10:10:42","slug":"traduction-professionnelle-via-wpml","status":"publish","type":"page","link":"https:\/\/wpml.org\/fr\/documentation-6\/traduire-vos-contenus\/traduction-professionnelle-via-wpml\/","title":{"rendered":"Comment utiliser les services de traduction dans WPML"},"content":{"rendered":"\n<p class=\"lead\">Apprenez \u00e0 connecter votre site web aux principaux services de traduction et \u00e0 envoyer du contenu \u00e0 traduire en utilisant WPML.<\/p>\n\n<h2 class=\"wp-block-heading\" id=\"why-use-translation-service\">Pourquoi utiliser un service de traduction ?<\/h2>\n\n<p>Les services de traduction constituent une m\u00e9thode fiable pour traduire votre site web. Contrairement aux contractants individuels et aux pigistes \u00e0 temps partiel, les services de traduction emploient des traducteurs professionnels dot\u00e9s d&rsquo;une exp\u00e9rience pratique.  <\/p>\n\n<p>Cela garantit un certain nombre d&rsquo;avantages : <\/p>\n\n<div class=\"wp-block-toolset-blocks-grid tb-grid\" data-toolset-blocks-grid=\"53f136bfa28f200d6e261a82c95996b5\">\n<div class=\"wp-block-toolset-blocks-grid-column tb-grid-column tb-grid-align-top\" data-toolset-blocks-grid-column=\"3034fbe886c11054e95b46b09d3e4112\">\n<div class=\"wp-block-toolset-blocks-container tb-container\" data-toolset-blocks-container=\"b686692ca1b4b018f3b0f74489416dd6\"><\/div>\n\n\n\n<p class=\"tb-heading\" data-toolset-blocks-heading=\"6eee2a0222dd86c811e3129fc3ca4915\" data-last-update=\"1.4\">Traductions d&rsquo;excellence<\/p>\n\n\n\n<p class=\"tb-heading has-text-color\" data-toolset-blocks-heading=\"8f22bb68207bdb49cdf90c813ccae5c6\" data-last-update=\"1.4\">Obtenez des traductions qui correspondent \u00e0 la voix de votre contenu et qui semblent naturelles pour les locuteurs natifs<\/p>\n<\/div>\n\n\n\n<div class=\"wp-block-toolset-blocks-grid-column tb-grid-column tb-grid-align-top\" data-toolset-blocks-grid-column=\"3034fbe886c11054e95b46b09d3e4112\">\n<div class=\"wp-block-toolset-blocks-container tb-container\" data-toolset-blocks-container=\"342535f546ab1ce6c8e2ac28af1c74de\"><\/div>\n\n\n\n<p class=\"tb-heading\" data-toolset-blocks-heading=\"6eee2a0222dd86c811e3129fc3ca4915\" data-last-update=\"1.4\">Sp\u00e9cialisation sectorielle<\/p>\n\n\n\n<p class=\"tb-heading has-text-color\" data-toolset-blocks-heading=\"8f22bb68207bdb49cdf90c813ccae5c6\" data-last-update=\"1.4\">Travaillez avec des services de traduction sp\u00e9cialis\u00e9s dans le cr\u00e9neau et l&rsquo;industrie de votre site web<\/p>\n<\/div>\n\n\n\n<div class=\"wp-block-toolset-blocks-grid-column tb-grid-column tb-grid-align-top\" data-toolset-blocks-grid-column=\"3034fbe886c11054e95b46b09d3e4112\">\n<div class=\"wp-block-toolset-blocks-container tb-container\" data-toolset-blocks-container=\"80df8dfb7d2393e5845f83c68a6c69d4\"><\/div>\n\n\n\n<p class=\"tb-heading\" data-toolset-blocks-heading=\"6eee2a0222dd86c811e3129fc3ca4915\" data-last-update=\"1.4\">Gagnez du temps et des efforts<\/p>\n\n\n\n<p class=\"tb-heading has-text-color\" data-toolset-blocks-heading=\"8f22bb68207bdb49cdf90c813ccae5c6\" data-last-update=\"1.4\">Occupez-vous d&rsquo;autres t\u00e2ches importantes pendant que des professionnels traduisent votre site web<\/p>\n<\/div>\n<\/div>\n\n<p>Chez WPML, nous collaborons avec plus de 70 <a href=\"https:\/\/wpml.org\/translation-service\/\">services de traduction professionnels<\/a> de premier plan \u00e0 travers le monde. <\/p>\n\n<p>Que vous g\u00e9riez une page d&rsquo;entreprise modeste ou un vaste site web d&rsquo;entreprise, nos partenaires se sp\u00e9cialisent dans des dizaines de secteurs, assurant des traductions pr\u00e9cises pour votre cr\u00e9neau sp\u00e9cifique. <\/p>\n\n<div style=\"height:5px\" aria-hidden=\"true\" class=\"wp-block-spacer\"><\/div>\n\n<h2 class=\"wp-block-heading\" id=\"use-translation-service-wpml\">Comment utiliser les services de traduction dans WPML<\/h2>\n\n<p>L&rsquo;utilisation des services de traduction dans WPML est ais\u00e9e et s\u00e9curis\u00e9e. Vous pouvez envoyer du contenu \u00e0 traduire directement depuis votre interface d&rsquo;administration WordPress, et les traducteurs externes n&rsquo;ont jamais acc\u00e8s \u00e0 votre site web. <\/p>\n\n<p>Voici comment fonctionne le processus. <\/p>\n\n<h3 class=\"wp-block-heading\" id=\"connect-to-translation-service\">1. Connectez votre site web \u00e0 un service de traduction<\/h3>\n\n<p>WPML offre deux fa\u00e7ons de connecter votre site web \u00e0 un service de traduction : pendant l&rsquo;assistant de configuration, ou dans l&rsquo;onglet <strong>Translation Management<\/strong> \u2192 <strong>Translators<\/strong>. <\/p>\n\n<div class=\"wp-block-toolset-blocks-grid tb-grid\" data-toolset-blocks-grid=\"3d9c399fe625e1b972f817a0680229f6\">\n<div class=\"wp-block-toolset-blocks-grid-column tb-grid-column tb-grid-align-top\" data-toolset-blocks-grid-column=\"3034fbe886c11054e95b46b09d3e4112\">\n<figure class=\"wp-block-image tb-image tb-image-dynamic tb-image-frame-none\" data-toolset-blocks-image=\"b9ebb66251177b99b50b02a4b38a5c47\"><a href=\"https:\/\/wpml.org\/wp-content\/uploads\/2024\/07\/Connecting-to-a-translation-service-in-the-setup-wizard.png\"><img decoding=\"async\" width=\"1024\" height=\"716\" loading=\"lazy\" src=\"https:\/\/wpml.org\/wp-content\/uploads\/2024\/07\/Connecting-to-a-translation-service-in-the-setup-wizard-1024x716.png\" alt=\"Connecting to a translation service in the setup wizard\" class=\"wp-image-15994322\" srcset=\"https:\/\/wpml.org\/wp-content\/uploads\/2024\/07\/Connecting-to-a-translation-service-in-the-setup-wizard-1024x716.png 1024w, https:\/\/wpml.org\/wp-content\/uploads\/2024\/07\/Connecting-to-a-translation-service-in-the-setup-wizard-300x210.png 300w, https:\/\/wpml.org\/wp-content\/uploads\/2024\/07\/Connecting-to-a-translation-service-in-the-setup-wizard-150x105.png 150w, https:\/\/wpml.org\/wp-content\/uploads\/2024\/07\/Connecting-to-a-translation-service-in-the-setup-wizard-768x537.png 768w, https:\/\/wpml.org\/wp-content\/uploads\/2024\/07\/Connecting-to-a-translation-service-in-the-setup-wizard-1536x1074.png 1536w, https:\/\/wpml.org\/wp-content\/uploads\/2024\/07\/Connecting-to-a-translation-service-in-the-setup-wizard.png 1600w\" sizes=\"auto, (max-width: 1024px) 100vw, 1024px\" \/><\/a><figcaption><div class=\"tb-image-caption\">Connexion \u00e0 un service de traduction dans l&rsquo;assistant de configuration<\/div><\/figcaption><\/figure>\n<\/div>\n\n\n\n<div class=\"wp-block-toolset-blocks-grid-column tb-grid-column tb-grid-align-top\" data-toolset-blocks-grid-column=\"3034fbe886c11054e95b46b09d3e4112\">\n<figure class=\"wp-block-image tb-image tb-image-dynamic tb-image-frame-none\" data-toolset-blocks-image=\"4a01f8ef94ce21d20f7f08017b48ead4\"><a href=\"https:\/\/wpml.org\/wp-content\/uploads\/2024\/07\/Connecting-to-translation-service-in-Translation-Management.png\"><img decoding=\"async\" width=\"1024\" height=\"692\" loading=\"lazy\" src=\"https:\/\/wpml.org\/wp-content\/uploads\/2024\/07\/Connecting-to-translation-service-in-Translation-Management-1024x692.png\" alt=\"Connecting to translation service in Translation Management\" class=\"wp-image-15994307\" srcset=\"https:\/\/wpml.org\/wp-content\/uploads\/2024\/07\/Connecting-to-translation-service-in-Translation-Management-1024x692.png 1024w, https:\/\/wpml.org\/wp-content\/uploads\/2024\/07\/Connecting-to-translation-service-in-Translation-Management-300x203.png 300w, https:\/\/wpml.org\/wp-content\/uploads\/2024\/07\/Connecting-to-translation-service-in-Translation-Management-150x101.png 150w, https:\/\/wpml.org\/wp-content\/uploads\/2024\/07\/Connecting-to-translation-service-in-Translation-Management-768x519.png 768w, https:\/\/wpml.org\/wp-content\/uploads\/2024\/07\/Connecting-to-translation-service-in-Translation-Management-1536x1039.png 1536w, https:\/\/wpml.org\/wp-content\/uploads\/2024\/07\/Connecting-to-translation-service-in-Translation-Management.png 1600w\" sizes=\"auto, (max-width: 1024px) 100vw, 1024px\" \/><\/a><figcaption><div class=\"tb-image-caption\">Connexion \u00e0 un service de traduction dans Translation Management<\/div><\/figcaption><\/figure>\n<\/div>\n<\/div>\n\n<p>Une fois que vous avez s\u00e9lectionn\u00e9 votre service de traduction pr\u00e9f\u00e9r\u00e9, vous devez l&rsquo;authentifier \u00e0 l&rsquo;aide d&rsquo;un jeton API. Pour obtenir des instructions sur l&rsquo;obtention d&rsquo;un jeton, veuillez consulter la documentation relative \u00e0 votre service de traduction sp\u00e9cifique dans notre <a href=\"https:\/\/wpml.org\/translation-service\/\">r\u00e9pertoire de services de traduction<\/a>. <\/p>\n\n<div style=\"height:5px\" aria-hidden=\"true\" class=\"wp-block-spacer\"><\/div>\n\n<div class=\"wp-block-toolset-blocks-container tb-container\" data-toolset-blocks-container=\"422698fa4e77a9890059ce8619548214\">\n<div class=\"wp-block-toolset-blocks-grid tb-grid\" data-toolset-blocks-grid=\"37d19417981b1b97920df56c088840a6\">\n<div class=\"wp-block-toolset-blocks-grid-column tb-grid-column tb-grid-align-top\" data-toolset-blocks-grid-column=\"3034fbe886c11054e95b46b09d3e4112\">\n<div class=\"wp-block-toolset-blocks-container tb-container\" data-toolset-blocks-container=\"8462661d63c4401da3f7686632759d01\"><\/div>\n<\/div>\n\n\n\n<div class=\"wp-block-toolset-blocks-grid-column tb-grid-column tb-grid-align-top\" data-toolset-blocks-grid-column=\"3034fbe886c11054e95b46b09d3e4112\">\n<p class=\"tb-heading has-text-color\" data-toolset-blocks-heading=\"c1ace1a37913fe1cf5b4191d09bc8145\" data-last-update=\"1.4\">Souhaitez-vous utiliser un service de traduction non disponible dans notre liste par d\u00e9faut ? Veuillez suivre les <a href=\"#frequently-asked-questions\">\u00e9tapes dans la section FAQ<\/a> pour connecter votre site web \u00e0 un service externe. <\/p>\n<\/div>\n<\/div>\n<\/div>\n\n<h3 class=\"wp-block-heading\" id=\"hide-languages\">2. Masquer les langues en cours (optionnel)<strong> <\/strong><\/h3>\n\n<p>WPML vous permet de masquer temporairement tout le contenu dans une langue sp\u00e9cifique de votre site web. Cela garantit que les utilisateurs ne voient pas les traductions en cours ou les zones partiellement traduites de votre site web.  <\/p>\n\n<p>Pour masquer des langues sur votre site web, acc\u00e9dez \u00e0 <strong>WPML<\/strong> \u2192 <strong>Langues<\/strong> et faites d\u00e9filer jusqu&rsquo;\u00e0 la section <strong>Masquer les langues<\/strong>. S\u00e9lectionnez les langues que vous souhaitez masquer et sauvegardez vos pr\u00e9f\u00e9rences.  <\/p>\n\n<figure class=\"wp-block-image tb-image tb-image-dynamic tb-image-frame-none\" data-toolset-blocks-image=\"6d09e655b12fa04694e9b304f9ba6b4f\"><a href=\"https:\/\/wpml.org\/wp-content\/uploads\/2024\/05\/Hiding-content-in-specific-languages.png\"><img decoding=\"async\" width=\"1024\" height=\"552\" loading=\"lazy\" src=\"https:\/\/wpml.org\/wp-content\/uploads\/2024\/05\/Hiding-content-in-specific-languages-1024x552.png\" alt=\"Hiding content in specific languages\" class=\"wp-image-15643330\" srcset=\"https:\/\/wpml.org\/wp-content\/uploads\/2024\/05\/Hiding-content-in-specific-languages-1024x552.png 1024w, https:\/\/wpml.org\/wp-content\/uploads\/2024\/05\/Hiding-content-in-specific-languages-300x162.png 300w, https:\/\/wpml.org\/wp-content\/uploads\/2024\/05\/Hiding-content-in-specific-languages-150x81.png 150w, https:\/\/wpml.org\/wp-content\/uploads\/2024\/05\/Hiding-content-in-specific-languages-768x414.png 768w, https:\/\/wpml.org\/wp-content\/uploads\/2024\/05\/Hiding-content-in-specific-languages.png 1439w\" sizes=\"auto, (max-width: 1024px) 100vw, 1024px\" \/><\/a><figcaption><div class=\"tb-image-caption\">Masquer le contenu dans des langues sp\u00e9cifiques<\/div><\/figcaption><\/figure>\n\n<h3 class=\"wp-block-heading\" id=\"send-content-for-translation\">3. Envoyer du contenu pour traduction<\/h3>\n\n<p>Pour envoyer du contenu \u00e0 un service de traduction : <\/p>\n\n<ol class=\"wp-block-list\">\n<li>Allez \u00e0 <strong>WPML<\/strong> \u2192 <strong>Translation Management<\/strong>. <\/li>\n\n\n\n<li>S\u00e9lectionnez le contenu que vous souhaitez traduire.<\/li>\n\n\n\n<li>Sous <strong>Contr\u00f4les de traduction<\/strong>, choisissez <strong>Assigner un service de traduction<\/strong> et envoyez pour traduction. <\/li>\n<\/ol>\n<div class=\"wp-block-image\">\n<figure class=\" tb-image tb-image-dynamic tb-image-frame-none aligncenter\" data-toolset-blocks-image=\"dbf5480dd50f4e32592e13c35a3f388f\"><a href=\"https:\/\/wpml.org\/wp-content\/uploads\/2024\/07\/Selecting-translation-service-in-Translation-Management.png\"><img decoding=\"async\" width=\"1024\" height=\"644\" loading=\"lazy\" src=\"https:\/\/wpml.org\/wp-content\/uploads\/2024\/07\/Selecting-translation-service-in-Translation-Management-1024x644.png\" alt=\"Selecting translation service in Translation Management\" class=\"wp-image-15994232\" srcset=\"https:\/\/wpml.org\/wp-content\/uploads\/2024\/07\/Selecting-translation-service-in-Translation-Management-1024x644.png 1024w, https:\/\/wpml.org\/wp-content\/uploads\/2024\/07\/Selecting-translation-service-in-Translation-Management-300x189.png 300w, https:\/\/wpml.org\/wp-content\/uploads\/2024\/07\/Selecting-translation-service-in-Translation-Management-150x94.png 150w, https:\/\/wpml.org\/wp-content\/uploads\/2024\/07\/Selecting-translation-service-in-Translation-Management-768x483.png 768w, https:\/\/wpml.org\/wp-content\/uploads\/2024\/07\/Selecting-translation-service-in-Translation-Management-1536x966.png 1536w, https:\/\/wpml.org\/wp-content\/uploads\/2024\/07\/Selecting-translation-service-in-Translation-Management.png 1996w\" sizes=\"auto, (max-width: 1024px) 100vw, 1024px\" \/><\/a><figcaption><div class=\"tb-image-caption\">S\u00e9lection de l&rsquo;utilisation d&rsquo;un service de traduction dans la Gestion des traductions<\/div><\/figcaption><\/figure>\n<\/div>\n<div class=\"wp-block-toolset-blocks-container tb-container\" data-toolset-blocks-container=\"422698fa4e77a9890059ce8619548214\">\n<div class=\"wp-block-toolset-blocks-grid tb-grid\" data-toolset-blocks-grid=\"37d19417981b1b97920df56c088840a6\">\n<div class=\"wp-block-toolset-blocks-grid-column tb-grid-column tb-grid-align-top\" data-toolset-blocks-grid-column=\"3034fbe886c11054e95b46b09d3e4112\">\n<div class=\"wp-block-toolset-blocks-container tb-container\" data-toolset-blocks-container=\"8462661d63c4401da3f7686632759d01\"><\/div>\n<\/div>\n\n\n\n<div class=\"wp-block-toolset-blocks-grid-column tb-grid-column tb-grid-align-top\" data-toolset-blocks-grid-column=\"3034fbe886c11054e95b46b09d3e4112\">\n<p class=\"tb-heading has-text-color\" data-toolset-blocks-heading=\"c1ace1a37913fe1cf5b4191d09bc8145\" data-last-update=\"1.4\">Veuillez noter que WPML ne g\u00e8re pas les paiements, vous devez donc payer votre service de traduction directement. <\/p>\n<\/div>\n<\/div>\n<\/div>\n\n<p><\/p>\n\n<h3 class=\"wp-block-heading\" id=\"receive-completed-translations\">4. Recevoir les traductions compl\u00e9t\u00e9es<\/h3>\n\n<p>Une fois les traductions pr\u00eates, WPML les r\u00e9cup\u00e8re automatiquement et les publie sur votre site web. Les traductions achev\u00e9es apparaissent dans le tableau de bord de <strong>Gestion des traductions<\/strong> avec une ic\u00f4ne de coche. <\/p>\n<div class=\"wp-block-image\">\n<figure class=\" tb-image tb-image-dynamic tb-image-frame-none aligncenter\" data-toolset-blocks-image=\"b28784db0364046cd249cee562a26f12\"><a href=\"https:\/\/wpml.org\/wp-content\/uploads\/2024\/07\/Completed-translations-in-Translation-Management-1.png\"><img decoding=\"async\" width=\"1024\" height=\"625\" loading=\"lazy\" src=\"https:\/\/wpml.org\/wp-content\/uploads\/2024\/07\/Completed-translations-in-Translation-Management-1-1024x625.png\" alt=\"Completed translations in Translation Management\" class=\"wp-image-15994283\" srcset=\"https:\/\/wpml.org\/wp-content\/uploads\/2024\/07\/Completed-translations-in-Translation-Management-1-1024x625.png 1024w, https:\/\/wpml.org\/wp-content\/uploads\/2024\/07\/Completed-translations-in-Translation-Management-1-300x183.png 300w, https:\/\/wpml.org\/wp-content\/uploads\/2024\/07\/Completed-translations-in-Translation-Management-1-150x92.png 150w, https:\/\/wpml.org\/wp-content\/uploads\/2024\/07\/Completed-translations-in-Translation-Management-1-768x469.png 768w, https:\/\/wpml.org\/wp-content\/uploads\/2024\/07\/Completed-translations-in-Translation-Management-1-1536x938.png 1536w, https:\/\/wpml.org\/wp-content\/uploads\/2024\/07\/Completed-translations-in-Translation-Management-1-2048x1250.png 2048w\" sizes=\"auto, (max-width: 1024px) 100vw, 1024px\" \/><\/a><figcaption><div class=\"tb-image-caption\">Traductions compl\u00e9t\u00e9es dans Translation Management<\/div><\/figcaption><\/figure>\n<\/div>\n<div style=\"height:5px\" aria-hidden=\"true\" class=\"wp-block-spacer\"><\/div>\n\n<h2 class=\"wp-block-heading\" id=\"frequently-asked-questions\">Questions fr\u00e9quemment pos\u00e9es<\/h2>\n\n<div style=\"height:10px\" aria-hidden=\"true\" class=\"wp-block-spacer\"><\/div>\n\n<div id=\"faq\" class=\"wp-block-toolset-blocks-container tb-container\" data-toolset-blocks-container=\"3c47785d6e1708c649124e2fe04a1b68\">\n<div class=\"wp-block-toolset-blocks-container tb-container\" data-toolset-blocks-container=\"40d6b7d75c97be28d62acd5aaafad645\">\n<details class=\"wp-block-details has-ast-global-color-3-color has-text-color has-link-color wp-elements-a078f2cc667e4f65882abdecde15adb9 is-layout-flow wp-block-details-is-layout-flow\" style=\"font-size:15px;font-style:normal;font-weight:700\"><summary>Pourquoi certains textes apparaissent-ils non traduits ?<\/summary>\n<p class=\"tb-heading has-text-color\" data-toolset-blocks-heading=\"d9c36d003b4652b4ae1e92a25a44d041\" data-last-update=\"1.4\">Si vous envoyez du contenu \u00e0 traduire et que certains textes apparaissent toujours non traduits, il est probable que ces textes soient des cha\u00eenes. <br\/><br\/>Pour traduire des cha\u00eenes de caract\u00e8res, acc\u00e9dez \u00e0 <strong>WPML<\/strong> \u2192 <strong>Gestion des traductions<\/strong> et faites d\u00e9filer jusqu&rsquo;\u00e0 la section <strong>Autres textes (Cha\u00eenes)<\/strong>. S\u00e9lectionnez vos textes et suivez les m\u00eames \u00e9tapes que celles expliqu\u00e9es ci-dessus pour les envoyer \u00e0 votre service de traduction. <\/p>\n<\/details>\n<\/div>\n<\/div>\n\n<div id=\"faq\" class=\"wp-block-toolset-blocks-container tb-container\" data-toolset-blocks-container=\"3c47785d6e1708c649124e2fe04a1b68\">\n<div class=\"wp-block-toolset-blocks-container tb-container\" data-toolset-blocks-container=\"40d6b7d75c97be28d62acd5aaafad645\">\n<details class=\"wp-block-details has-ast-global-color-3-color has-text-color has-link-color wp-elements-de7ca560fbedbe1a08952e8173a73c70 is-layout-flow wp-block-details-is-layout-flow\" style=\"font-size:15px;font-style:normal;font-weight:700\"><summary>Comment puis-je annuler des traductions ?<\/summary>\n<p class=\"tb-heading has-text-color\" data-toolset-blocks-heading=\"d9c36d003b4652b4ae1e92a25a44d041\" data-last-update=\"1.4\">Pour annuler des traductions, vous devez contacter directement votre service de traduction.<\/p>\n<\/details>\n<\/div>\n<\/div>\n\n<div id=\"faq\" class=\"wp-block-toolset-blocks-container tb-container\" data-toolset-blocks-container=\"3c47785d6e1708c649124e2fe04a1b68\">\n<div class=\"wp-block-toolset-blocks-container tb-container\" data-toolset-blocks-container=\"40d6b7d75c97be28d62acd5aaafad645\">\n<details class=\"wp-block-details has-ast-global-color-3-color has-text-color has-link-color wp-elements-355c992bb3d32b78346988119d45d8e9 is-layout-flow wp-block-details-is-layout-flow\" style=\"font-size:15px;font-style:normal;font-weight:700\"><summary>Comment puis-je utiliser un service de traduction non disponible dans WPML ?<\/summary>\n<p class=\"tb-heading has-text-color\" data-toolset-blocks-heading=\"d9c36d003b4652b4ae1e92a25a44d041\" data-last-update=\"1.4\">Pour utiliser un service de traduction non disponible dans WPML, commencez par demander au service de rejoindre <a href=\"https:\/\/wpml.org\/documentation\/content-translation\/translation-hub\/\">Translation Hub<\/a> \u2014 notre programme d&rsquo;int\u00e9gration. Une fois int\u00e9gr\u00e9 \u00e0 WPML, suivez les \u00e9tapes ci-dessous pour connecter votre site web au service de traduction :  <br\/><br\/>1. Demandez \u00e0 votre service de traduction de vous envoyer leur <strong>Cl\u00e9 d&rsquo;activation<\/strong> et leur <strong>Jeton API<\/strong>.<br\/>2. Allez dans <strong>WPML<\/strong> \u2192 <strong>Gestion des traductions<\/strong> et basculez vers l&rsquo;onglet <strong>Traducteurs<\/strong>.<br\/>3. Cliquez sur le bouton <strong>Activer un service non r\u00e9pertori\u00e9 ici<\/strong> et entrez votre <strong>Cl\u00e9 d&rsquo;activation<\/strong> dans la fen\u00eatre contextuelle. Votre service appara\u00eetra alors \u00e0 l&rsquo;\u00e9cran.<br\/>4. Cliquez sur le bouton <strong>Authentifier<\/strong> et saisissez votre <strong>Jeton API<\/strong>. <br\/><br\/>Vous pouvez maintenant envoyer du contenu \u00e0 ce service de traduction via la <strong>Gestion des traductions<\/strong>.<\/p>\n<\/details>\n<\/div>\n<\/div>\n\n<div style=\"height:10px\" aria-hidden=\"true\" class=\"wp-block-spacer\"><\/div>\n\n<h2 class=\"wp-block-heading\" id=\"get-started-wpml\">Commencez avec WPML<\/h2>\n\n<p>Pour commencer \u00e0 utiliser les services de traduction, vous avez besoin d&rsquo;un compte WPML <strong>Multilingual CMS<\/strong> ou <strong>Multilingual Agency<\/strong>. <\/p>\n\n<p>Consultez notre <a href=\"https:\/\/wpml.org\/fr\/purchase\/\">page de tarification<\/a> pour en savoir plus. <\/p>\n","protected":false},"excerpt":{"rendered":"<p>Apprenez \u00e0 connecter votre site web aux principaux services de traduction et \u00e0 envoyer du contenu \u00e0 traduire en utilisant WPML. Pourquoi utiliser un service de traduction ? Les services de traduction constituent une m\u00e9thode fiable pour traduire votre site web. Contrairement aux contractants individuels et aux pigistes \u00e0 temps partiel, les services de traduction [&hellip;]<\/p>\n","protected":false},"author":578773,"featured_media":0,"parent":105101,"menu_order":9,"comment_status":"closed","ping_status":"closed","template":"template-sidebar-2.php","meta":{"_bbp_topic_count":0,"_bbp_reply_count":0,"_bbp_total_topic_count":0,"_bbp_total_reply_count":0,"_bbp_voice_count":0,"_bbp_anonymous_reply_count":0,"_bbp_topic_count_hidden":0,"_bbp_reply_count_hidden":0,"_bbp_forum_subforum_count":0,"ep_exclude_from_search":false,"footnotes":""},"related-projects-category":[],"class_list":["post-5209601","page","type-page","status-publish","hentry"],"_links":{"self":[{"href":"https:\/\/wpml.org\/fr\/wp-json\/wp\/v2\/pages\/5209601","targetHints":{"allow":["GET"]}}],"collection":[{"href":"https:\/\/wpml.org\/fr\/wp-json\/wp\/v2\/pages"}],"about":[{"href":"https:\/\/wpml.org\/fr\/wp-json\/wp\/v2\/types\/page"}],"author":[{"embeddable":true,"href":"https:\/\/wpml.org\/fr\/wp-json\/wp\/v2\/users\/578773"}],"replies":[{"embeddable":true,"href":"https:\/\/wpml.org\/fr\/wp-json\/wp\/v2\/comments?post=5209601"}],"version-history":[{"count":8,"href":"https:\/\/wpml.org\/fr\/wp-json\/wp\/v2\/pages\/5209601\/revisions"}],"predecessor-version":[{"id":16712927,"href":"https:\/\/wpml.org\/fr\/wp-json\/wp\/v2\/pages\/5209601\/revisions\/16712927"}],"up":[{"embeddable":true,"href":"https:\/\/wpml.org\/fr\/wp-json\/wp\/v2\/pages\/105101"}],"wp:attachment":[{"href":"https:\/\/wpml.org\/fr\/wp-json\/wp\/v2\/media?parent=5209601"}],"wp:term":[{"taxonomy":"related-projects-category","embeddable":true,"href":"https:\/\/wpml.org\/fr\/wp-json\/wp\/v2\/related-projects-category?post=5209601"}],"curies":[{"name":"wp","href":"https:\/\/api.w.org\/{rel}","templated":true}]}}