{"id":5209677,"date":"2018-06-05T07:33:41","date_gmt":"2018-06-05T07:33:41","guid":{"rendered":"https:\/\/wpml.org\/documentation-6\/traduire-vos-contenus\/editeur-de-traduction-avance\/"},"modified":"2026-02-25T06:42:12","modified_gmt":"2026-02-25T06:42:12","slug":"editeur-de-traduction-avance","status":"publish","type":"page","link":"https:\/\/wpml.org\/fr\/documentation-6\/traduire-vos-contenus\/editeur-de-traduction-avance\/","title":{"rendered":"\u00c9diteur de traduction avanc\u00e9"},"content":{"rendered":"\n<div class=\"wp-block-toolset-blocks-container tb-container alignfull\" data-toolset-blocks-container=\"b43b4d0738be11c7c2c0678fa767bc44\"><div class=\"tb-container-inner\">\n<p class=\"tb-heading has-text-color\" data-toolset-blocks-heading=\"0190bf5c0f5e682e6e1d8be7e6f401ac\" data-last-update=\"1.4\"><span><span><a href=\"https:\/\/wpml.org\/fr\/accueil\/\">Home<\/a><\/span><\/span><\/p>\n\n\n\n<div class=\"wp-block-toolset-blocks-grid tb-grid\" data-toolset-blocks-grid=\"3bd56fee3cfbd50d66bc5f9fd84ad209\">\n<div class=\"wp-block-toolset-blocks-grid-column tb-grid-column tb-grid-align-center\" data-toolset-blocks-grid-column=\"f586ff7bfe1d7317c63162ec7b7039ed\">\n<div class=\"wp-block-toolset-blocks-container tb-container\" data-toolset-blocks-container=\"d1145a202a133618fec34f7d20c9dbb9\">\n<h1 class=\"tb-heading has-text-color\" data-toolset-blocks-heading=\"343efed024a80ac2a1ee090ed32a2c27\" data-last-update=\"1.4\">\u00c9diteur de traduction avanc\u00e9<\/h1>\n\n\n\n<p class=\"tb-heading has-text-color\" data-toolset-blocks-heading=\"af2163c1fd8f2d90dd812af009e1ef56\" data-last-update=\"1.4\">L\u2019\u00c9diteur de traduction avanc\u00e9 de WPML offre le moyen le plus rapide, le plus pratique et le plus abordable d\u2019obtenir une traduction pr\u00e9cise pour les sites WordPress.<\/p>\n<\/div>\n<\/div>\n\n\n\n<div class=\"wp-block-toolset-blocks-grid-column tb-grid-column tb-grid-align-center\" data-toolset-blocks-grid-column=\"c77f65d01bb1c283e93f285b389d97af\">\n<div class=\"tb-fields-and-text\" data-toolset-blocks-fields-and-text=\"3e1d2592ce20bdf2bf813c9dfa44c991\"><p><img decoding=\"async\" class=\"size-full wp-image-15805580 aligncenter\" src=\"https:\/\/wpml.org\/wp-content\/uploads\/2024\/06\/ATE-min.png\" alt=\"\" width=\"744\" height=\"754\" srcset=\"https:\/\/wpml.org\/wp-content\/uploads\/2024\/06\/ATE-min.png 744w, https:\/\/wpml.org\/wp-content\/uploads\/2024\/06\/ATE-min-296x300.png 296w, https:\/\/wpml.org\/wp-content\/uploads\/2024\/06\/ATE-min-148x150.png 148w, https:\/\/wpml.org\/wp-content\/uploads\/2024\/06\/ATE-min-300x304.png 300w, https:\/\/wpml.org\/wp-content\/uploads\/2024\/06\/ATE-min-100x100.png 100w\" sizes=\"(max-width: 744px) 100vw, 744px\" \/><\/p><\/div>\n<\/div>\n<\/div>\n<\/div><\/div>\n\n<div class=\"wp-block-toolset-blocks-container tb-container product-page-content\" data-toolset-blocks-container=\"238ff9eb0cba89de9e261fd422193fcb\"><div class=\"tb-container-inner\">\n<h2 class=\"tb-heading has-text-color\" data-toolset-blocks-heading=\"e7d8728149d45e0bf04d87cd28846a7f\" data-last-update=\"1.4\">\u00c9diteur de traduction contextuel c\u00f4te \u00e0 c\u00f4te<\/h2>\n\n\n\n<p class=\"tb-heading has-text-color\" data-toolset-blocks-heading=\"6b02de44a943e94854dc79db5a6b6074\" data-last-update=\"1.4\">Visualisez ce que vous traduisez, au fur et \u00e0 mesure de la traduction. L\u2019\u00c9diteur de traduction de WPML affiche le contenu que vous traduisez tel que WordPress l\u2019organise. Plus besoin de deviner ce que vous traduisez ni l\u2019endroit o\u00f9 cela appara\u00eet sur le site.  <\/p>\n\n\n\n<figure class=\"wp-block-image tb-image tb-image-dynamic tb-image-frame-none\" data-toolset-blocks-image=\"31308a598bbcfe8f9adf74abff1916f2\"><a href=\"https:\/\/wpml.org\/wp-content\/uploads\/2025\/10\/Side-by-side-translations.png\"><img decoding=\"async\" width=\"1024\" height=\"605\" loading=\"lazy\" src=\"https:\/\/wpml.org\/wp-content\/uploads\/2025\/10\/Side-by-side-translations-1024x605.png\" alt=\"Side-by-side translations in the Advanced Translation Editor\" class=\"wp-image-17535996\" srcset=\"https:\/\/wpml.org\/wp-content\/uploads\/2025\/10\/Side-by-side-translations-1024x605.png 1024w, https:\/\/wpml.org\/wp-content\/uploads\/2025\/10\/Side-by-side-translations-300x177.png 300w, https:\/\/wpml.org\/wp-content\/uploads\/2025\/10\/Side-by-side-translations-150x89.png 150w, https:\/\/wpml.org\/wp-content\/uploads\/2025\/10\/Side-by-side-translations-768x454.png 768w, https:\/\/wpml.org\/wp-content\/uploads\/2025\/10\/Side-by-side-translations-1536x908.png 1536w, https:\/\/wpml.org\/wp-content\/uploads\/2025\/10\/Side-by-side-translations-2048x1210.png 2048w\" sizes=\"auto, (max-width: 1024px) 100vw, 1024px\" \/><\/a><\/figure>\n\n\n\n<h2 class=\"tb-heading has-text-color\" data-toolset-blocks-heading=\"cf4fc801c05855659a1eeebe44782da5\" data-last-update=\"1.4\">\u00c9dition HTML s\u00e9curis\u00e9e<\/h2>\n\n\n\n<p class=\"tb-heading has-text-color\" data-toolset-blocks-heading=\"6b02de44a943e94854dc79db5a6b6074\" data-last-update=\"1.4\">Le contenu WordPress est riche en structures, mises en forme et liens. L\u2019\u00c9diteur de traduction de WPML permet d\u2019\u00e9viter de casser accidentellement le style HTML, d\u2019omettre des liens ou de causer des probl\u00e8mes de conception. Peu importe qui traduit pour vous (y compris notre IA), vous pouvez avoir l\u2019assurance que rien ne sera endommag\u00e9.  <\/p>\n\n\n\n<figure class=\"wp-block-image tb-image tb-image-dynamic tb-image-frame-none\" data-toolset-blocks-image=\"cba4e48f96488d01dfa5cda98a3c06e1\"><a href=\"https:\/\/wpml.org\/wp-content\/uploads\/2025\/10\/Safe-html-editing-2.png\"><img decoding=\"async\" width=\"1024\" height=\"642\" loading=\"lazy\" src=\"https:\/\/wpml.org\/wp-content\/uploads\/2025\/10\/Safe-html-editing-2-1024x642.png\" alt=\"Safe html editing in the Advanced Translation Editor\" class=\"wp-image-17536160\" srcset=\"https:\/\/wpml.org\/wp-content\/uploads\/2025\/10\/Safe-html-editing-2-1024x642.png 1024w, https:\/\/wpml.org\/wp-content\/uploads\/2025\/10\/Safe-html-editing-2-300x188.png 300w, https:\/\/wpml.org\/wp-content\/uploads\/2025\/10\/Safe-html-editing-2-150x94.png 150w, https:\/\/wpml.org\/wp-content\/uploads\/2025\/10\/Safe-html-editing-2-768x482.png 768w, https:\/\/wpml.org\/wp-content\/uploads\/2025\/10\/Safe-html-editing-2-1536x963.png 1536w, https:\/\/wpml.org\/wp-content\/uploads\/2025\/10\/Safe-html-editing-2.png 1968w\" sizes=\"auto, (max-width: 1024px) 100vw, 1024px\" \/><\/a><\/figure>\n\n\n\n<div class=\"wp-block-toolset-blocks-grid tb-grid\" data-toolset-blocks-grid=\"a0a4878c81addb54b771e14a857909b0\">\n<div class=\"wp-block-toolset-blocks-grid-column tb-grid-column tb-grid-align-center\" data-toolset-blocks-grid-column=\"f586ff7bfe1d7317c63162ec7b7039ed\">\n<div class=\"tb-fields-and-text\" data-toolset-blocks-fields-and-text=\"3e1d2592ce20bdf2bf813c9dfa44c991\"><p><img decoding=\"async\" class=\" aligncenter\" src=\"https:\/\/wpml.org\/wp-content\/uploads\/2024\/06\/CT-4-min.png\" width=\"220\" height=\"220\"\/><\/p><\/div>\n<\/div>\n\n\n\n<div class=\"wp-block-toolset-blocks-grid-column tb-grid-column tb-grid-align-center\" data-toolset-blocks-grid-column=\"f586ff7bfe1d7317c63162ec7b7039ed\">\n<h2 class=\"tb-heading has-text-color\" data-toolset-blocks-heading=\"194070cc2a1965e46aef0588e1fc15d6\" data-last-update=\"1.4\">Une seule m\u00e9thode de traduction pour tout type de contenu<\/h2>\n\n\n\n<p class=\"tb-heading has-text-color\" data-toolset-blocks-heading=\"6b02de44a943e94854dc79db5a6b6074\" data-last-update=\"1.4\">Que vous traduisiez un article de blog, une page, un formulaire de contact ou un produit, le flux de traduction reste le m\u00eame.<\/p>\n<\/div>\n<\/div>\n\n\n\n<h2 class=\"tb-heading has-text-color\" data-toolset-blocks-heading=\"e7d8728149d45e0bf04d87cd28846a7f\" data-last-update=\"1.4\">R\u00e9vision sur le front-end<\/h2>\n\n\n\n<p class=\"tb-heading has-text-color\" data-toolset-blocks-heading=\"6b02de44a943e94854dc79db5a6b6074\" data-last-update=\"1.4\">La touche finale de la traduction automatique par IA de WPML est la r\u00e9vision sur le front-end. Vous verrez les traductions avant leur publication, exactement telles qu\u2019elles appara\u00eetront aux visiteurs. Si vous remarquez une erreur, cliquez pour modifier avant que vos clients ne voient les traductions.  <\/p>\n\n\n\n<figure class=\"wp-block-image tb-image tb-image-dynamic tb-image-frame-none\" data-toolset-blocks-image=\"24c6c34b04a5ffcfea0a6cd85a3aba5d\"><a href=\"https:\/\/wpml.org\/wp-content\/uploads\/2025\/10\/Reviewing-product-on-front-end-editor-1.png\"><img decoding=\"async\" width=\"1024\" height=\"667\" loading=\"lazy\" src=\"https:\/\/wpml.org\/wp-content\/uploads\/2025\/10\/Reviewing-product-on-front-end-editor-1-1024x667.png\" alt=\"Reviewing product on front-end editor\" class=\"wp-image-17536174\" srcset=\"https:\/\/wpml.org\/wp-content\/uploads\/2025\/10\/Reviewing-product-on-front-end-editor-1-1024x667.png 1024w, https:\/\/wpml.org\/wp-content\/uploads\/2025\/10\/Reviewing-product-on-front-end-editor-1-300x195.png 300w, https:\/\/wpml.org\/wp-content\/uploads\/2025\/10\/Reviewing-product-on-front-end-editor-1-150x98.png 150w, https:\/\/wpml.org\/wp-content\/uploads\/2025\/10\/Reviewing-product-on-front-end-editor-1-768x500.png 768w, https:\/\/wpml.org\/wp-content\/uploads\/2025\/10\/Reviewing-product-on-front-end-editor-1-1536x1000.png 1536w, https:\/\/wpml.org\/wp-content\/uploads\/2025\/10\/Reviewing-product-on-front-end-editor-1.png 1791w\" sizes=\"auto, (max-width: 1024px) 100vw, 1024px\" \/><\/a><\/figure>\n\n\n\n<div class=\"wp-block-toolset-blocks-grid tb-grid\" data-toolset-blocks-grid=\"aeda342898b07eb620db0b2692b896b9\">\n<div class=\"wp-block-toolset-blocks-grid-column tb-grid-column tb-grid-align-center\" data-toolset-blocks-grid-column=\"f586ff7bfe1d7317c63162ec7b7039ed\">\n<div class=\"tb-fields-and-text\" data-toolset-blocks-fields-and-text=\"3e1d2592ce20bdf2bf813c9dfa44c991\"><p><img decoding=\"async\" class=\"aligncenter\" src=\"https:\/\/wpml.org\/wp-content\/uploads\/2024\/06\/AI-2-min.png\" width=\"186\" height=\"186\"\/><\/p><\/div>\n<\/div>\n\n\n\n<div class=\"wp-block-toolset-blocks-grid-column tb-grid-column tb-grid-align-center\" data-toolset-blocks-grid-column=\"f586ff7bfe1d7317c63162ec7b7039ed\">\n<h2 class=\"tb-heading has-text-color\" data-toolset-blocks-heading=\"09aef7265010ac977f32609fcd269223\" data-last-update=\"1.4\">Traduction automatique par IA<\/h2>\n\n\n\n<p class=\"tb-heading has-text-color\" data-toolset-blocks-heading=\"6b02de44a943e94854dc79db5a6b6074\" data-last-update=\"1.4\">L\u2019\u00c9diteur de traduction avanc\u00e9 vous permet d\u2019utiliser la <a href=\"https:\/\/wpml.org\/fr\/documentation-6\/traduction-automatique-de-contenu-wordpress-avec-wpml\/\">traduction par IA<\/a> de WPML et d\u2019obtenir des traductions de qualit\u00e9 humaine, avec la rapidit\u00e9 et le co\u00fbt de la machine. Nous utilisons un m\u00e9lange de technologies de traduction haut de gamme, avec nos algorithmes propri\u00e9taires, pour fournir la meilleure traduction par IA possible. <\/p>\n<\/div>\n<\/div>\n\n\n\n<div class=\"wp-block-toolset-blocks-container tb-container\" data-toolset-blocks-container=\"effb74344ce72658700211638812e9d5\">\n<div class=\"wp-block-toolset-blocks-grid tb-grid\" data-toolset-blocks-grid=\"878bfbda017a65e1f7d8192ec5498259\">\n<div class=\"wp-block-toolset-blocks-grid-column tb-grid-column tb-grid-align-center\" data-toolset-blocks-grid-column=\"f586ff7bfe1d7317c63162ec7b7039ed\">\n<div class=\"wp-block-toolset-blocks-container tb-container\" data-toolset-blocks-container=\"dcd113b1b0d67dc106a78b38f78a7e36\"><\/div>\n<\/div>\n\n\n\n<div class=\"wp-block-toolset-blocks-grid-column tb-grid-column tb-grid-align-center\" data-toolset-blocks-grid-column=\"f586ff7bfe1d7317c63162ec7b7039ed\">\n<h3 class=\"tb-heading has-text-color\" data-toolset-blocks-heading=\"895ee183921d28cee0d4bb29b89f2e99\" data-last-update=\"1.4\">Documentation suppl\u00e9mentaire<\/h3>\n<\/div>\n<\/div>\n\n\n\n<div class=\"tb-button mention-btn\" data-toolset-blocks-button=\"15c79373cf3f5a9fcf33aa94b45bab99\"><a class=\"tb-button__link\" href=\"https:\/\/wpml.org\/documentation\/translating-your-contents\/advanced-translation-editor\/how-to-create-and-manage-glossary-entries\/\"><i class=\"tb-button__icon\"><\/i><span class=\"tb-button__content\">Comment utiliser le glossaire pour des traductions pr\u00e9cises<\/span><\/a><\/div>\n\n\n\n<div style=\"height:16px\" aria-hidden=\"true\" class=\"wp-block-spacer\"><\/div>\n\n\n\n<div class=\"tb-button mention-btn\" data-toolset-blocks-button=\"c59755900b499be28be2c07faab8fcbf\"><a class=\"tb-button__link\" href=\"https:\/\/wpml.org\/documentation\/translating-your-contents\/advanced-translation-editor\/using-advanced-translation-editor-when-you-move-or-use-a-copy-of-your-site\/\"><i class=\"tb-button__icon\"><\/i><span class=\"tb-button__content\">G\u00e9rer les traductions lors de la migration du d\u00e9veloppement vers la production ou de la copie de votre site<\/span><\/a><\/div>\n<\/div>\n<\/div><\/div>\n","protected":false},"excerpt":{"rendered":"","protected":false},"author":76577,"featured_media":0,"parent":105101,"menu_order":4,"comment_status":"closed","ping_status":"closed","template":"template-full.php","meta":{"_bbp_topic_count":0,"_bbp_reply_count":0,"_bbp_total_topic_count":0,"_bbp_total_reply_count":0,"_bbp_voice_count":0,"_bbp_anonymous_reply_count":0,"_bbp_topic_count_hidden":0,"_bbp_reply_count_hidden":0,"_bbp_forum_subforum_count":0,"ep_exclude_from_search":false,"footnotes":""},"related-projects-category":[],"class_list":["post-5209677","page","type-page","status-publish","hentry"],"_links":{"self":[{"href":"https:\/\/wpml.org\/fr\/wp-json\/wp\/v2\/pages\/5209677","targetHints":{"allow":["GET"]}}],"collection":[{"href":"https:\/\/wpml.org\/fr\/wp-json\/wp\/v2\/pages"}],"about":[{"href":"https:\/\/wpml.org\/fr\/wp-json\/wp\/v2\/types\/page"}],"author":[{"embeddable":true,"href":"https:\/\/wpml.org\/fr\/wp-json\/wp\/v2\/users\/76577"}],"replies":[{"embeddable":true,"href":"https:\/\/wpml.org\/fr\/wp-json\/wp\/v2\/comments?post=5209677"}],"version-history":[{"count":8,"href":"https:\/\/wpml.org\/fr\/wp-json\/wp\/v2\/pages\/5209677\/revisions"}],"predecessor-version":[{"id":17849459,"href":"https:\/\/wpml.org\/fr\/wp-json\/wp\/v2\/pages\/5209677\/revisions\/17849459"}],"up":[{"embeddable":true,"href":"https:\/\/wpml.org\/fr\/wp-json\/wp\/v2\/pages\/105101"}],"wp:attachment":[{"href":"https:\/\/wpml.org\/fr\/wp-json\/wp\/v2\/media?parent=5209677"}],"wp:term":[{"taxonomy":"related-projects-category","embeddable":true,"href":"https:\/\/wpml.org\/fr\/wp-json\/wp\/v2\/related-projects-category?post=5209677"}],"curies":[{"name":"wp","href":"https:\/\/api.w.org\/{rel}","templated":true}]}}