{"id":739572,"date":"2015-11-04T15:04:23","date_gmt":"2015-11-04T15:04:23","guid":{"rendered":"https:\/\/wpml.org\/fr\/purchase\/developpeurs-de-themes-et-de-plug-ins\/"},"modified":"2024-06-07T11:33:05","modified_gmt":"2024-06-07T11:33:05","slug":"developpeurs-de-themes-et-de-plug-ins","status":"publish","type":"page","link":"https:\/\/wpml.org\/fr\/purchase\/developpeurs-de-themes-et-de-plug-ins\/","title":{"rendered":"D\u00e9veloppeurs de th\u00e8mes et d&rsquo;extensions"},"content":{"rendered":"<p class=\"lead\">Si vous <sup>cr\u00e9ez1<\/sup> et <sup>distribuez2<\/sup> des th\u00e8mes et des extensions sous licence <sup>GPL3<\/sup>, nous voulons vous faciliter la t\u00e2che pour maintenir la compatibilit\u00e9 avec WPML.<\/p>\n<p>En fait, nous ferons tout ce que nous pouvons pour vous aider \u00e0 construire des th\u00e8mes et des extensions qui jouent parfaitement dans les sites multilingues.<\/p>\n<p>La cr\u00e9ation de th\u00e8mes et d&rsquo;extensions pr\u00eats pour le multilinguisme est assez simple. Tout ce que vous avez \u00e0 faire, c&rsquo;est d&rsquo;utiliser l&rsquo;API standard de WordPress pour tout. WPML s&rsquo;accroche aux appels de l&rsquo;API de WordPress et les rend multilingues.<\/p>\n<p><strong><br \/>\n  <a title=\"Programme Go-Global\" href=\"https:\/\/wpml.org\/documentation\/support\/go-global-program\/\">Contactez nous<\/a><br \/>\n<\/strong>Si vous avez besoin d&rsquo;un abonnement \u00e0 WPML, dites-nous <strong>ce que vous construisez<\/strong> et <strong>o\u00f9 nous pouvons le trouver<\/strong>, et nous vous enverrons un abonnement \u00e0 WPML.<\/p>\n<p>Les abonnements WPML comprennent des T\u00e9l\u00e9chargements et un acc\u00e8s premium aux ressources d&rsquo;assistance. Si vous avez des questions ou souhaitez obtenir des conseils sur les meilleures pratiques, lancez un nouveau fil dans notre <a href=\"http:\/\/wpml.org\/forums\">forum r\u00e9serv\u00e9 aux membres<\/a> et nous vous r\u00e9pondrons dans les plus brefs d\u00e9lais.<\/p>\n<hr>\n<p><sup>1<\/sup> <small>Nous voulons \u00eatre s\u00fbrs de travailler avec l&rsquo;auteur original.<\/small><br \/>\n<sup>2<\/sup> <small>Votre \u0153uvre doit \u00eatre mise \u00e0 la disposition du public et ne pas \u00eatre uniquement un \u00ab\u00a0travail \u00e0 fa\u00e7on\u00a0\u00bb. Il s&rsquo;agit de th\u00e8mes et d&rsquo;extensions commerciaux et gratuits.<\/small><br \/>\n<sup>3<\/sup> <small>Nous ne travaillons qu&rsquo;avec des projets \u00e0 source ouverte qui respectent la licence GPL. Cela facilite le partage des codes et des id\u00e9es.<\/small><\/p>\n","protected":false},"excerpt":{"rendered":"<p>Si vous cr\u00e9ez1 et distribuez2 des th\u00e8mes et des extensions sous licence GPL3, nous voulons vous faciliter la t\u00e2che pour maintenir la compatibilit\u00e9 avec WPML. En fait, nous ferons tout ce que nous pouvons pour vous aider \u00e0 construire des th\u00e8mes et des extensions qui jouent parfaitement dans les sites multilingues. La cr\u00e9ation de th\u00e8mes [&hellip;]<\/p>\n","protected":false},"author":2,"featured_media":0,"parent":100635,"menu_order":45,"comment_status":"closed","ping_status":"closed","template":"","meta":{"_bbp_topic_count":0,"_bbp_reply_count":0,"_bbp_total_topic_count":0,"_bbp_total_reply_count":0,"_bbp_voice_count":0,"_bbp_anonymous_reply_count":0,"_bbp_topic_count_hidden":0,"_bbp_reply_count_hidden":0,"_bbp_forum_subforum_count":0,"ep_exclude_from_search":false,"footnotes":""},"related-projects-category":[],"class_list":["post-739572","page","type-page","status-publish","hentry"],"_links":{"self":[{"href":"https:\/\/wpml.org\/fr\/wp-json\/wp\/v2\/pages\/739572","targetHints":{"allow":["GET"]}}],"collection":[{"href":"https:\/\/wpml.org\/fr\/wp-json\/wp\/v2\/pages"}],"about":[{"href":"https:\/\/wpml.org\/fr\/wp-json\/wp\/v2\/types\/page"}],"author":[{"embeddable":true,"href":"https:\/\/wpml.org\/fr\/wp-json\/wp\/v2\/users\/2"}],"replies":[{"embeddable":true,"href":"https:\/\/wpml.org\/fr\/wp-json\/wp\/v2\/comments?post=739572"}],"version-history":[{"count":1,"href":"https:\/\/wpml.org\/fr\/wp-json\/wp\/v2\/pages\/739572\/revisions"}],"predecessor-version":[{"id":15715723,"href":"https:\/\/wpml.org\/fr\/wp-json\/wp\/v2\/pages\/739572\/revisions\/15715723"}],"up":[{"embeddable":true,"href":"https:\/\/wpml.org\/fr\/wp-json\/wp\/v2\/pages\/100635"}],"wp:attachment":[{"href":"https:\/\/wpml.org\/fr\/wp-json\/wp\/v2\/media?parent=739572"}],"wp:term":[{"taxonomy":"related-projects-category","embeddable":true,"href":"https:\/\/wpml.org\/fr\/wp-json\/wp\/v2\/related-projects-category?post=739572"}],"curies":[{"name":"wp","href":"https:\/\/api.w.org\/{rel}","templated":true}]}}