{"id":8013069,"date":"2022-08-08T11:11:02","date_gmt":"2022-08-08T11:11:02","guid":{"rendered":"https:\/\/wpml.org\/?page_id=8013069"},"modified":"2022-08-08T11:11:02","modified_gmt":"2022-08-08T11:11:02","slug":"vous-preferez-payer-wpml-par-carte-de-credit","status":"publish","type":"page","link":"https:\/\/wpml.org\/fr\/vous-preferez-payer-wpml-par-carte-de-credit\/","title":{"rendered":"Vous pr\u00e9f\u00e9rez payer WPML par carte de cr\u00e9dit ?"},"content":{"rendered":"\n<p>Bonjour [First Name],<\/p>\n\n<p>On dirait que vous n&rsquo;avez pas pu terminer votre achat de WPML. Si vous pr\u00e9f\u00e9rez utiliser un autre mode de paiement que PayPal, vous pouvez \u00e9galement payer par carte de cr\u00e9dit via Stripe.<\/p>\n\n<p>Pour payer par carte de cr\u00e9dit :<\/p>\n\n<ol class=\"wp-block-list\"><li><a href=\"https:\/\/wpml.org\/fr\/purchase\/\">Choisissez la version de WPML<\/a> que vous souhaitez acheter.<\/li><li>Indiquez vos coordonn\u00e9es de facturation.<\/li><li>Cliquez sur <strong>Utiliser un autre mode de paiement<\/strong>.<\/li><\/ol>\n\n<figure class=\"wp-block-image tb-image tb-image-media\" data-toolset-blocks-image=\"d061e6e4ae342c1b49fad65d6db68404\"><img decoding=\"async\" width=\"975\" height=\"760\" loading=\"lazy\" src=\"https:\/\/wpml.org\/wp-content\/uploads\/2021\/02\/wpml-card.png\" alt=\"\" class=\"wp-image-8006165\" srcset=\"https:\/\/wpml.org\/wp-content\/uploads\/2021\/02\/wpml-card.png 975w, https:\/\/wpml.org\/wp-content\/uploads\/2021\/02\/wpml-card-300x234.png 300w, https:\/\/wpml.org\/wp-content\/uploads\/2021\/02\/wpml-card-150x117.png 150w, https:\/\/wpml.org\/wp-content\/uploads\/2021\/02\/wpml-card-768x599.png 768w\" sizes=\"auto, (max-width: 975px) 100vw, 975px\" \/><\/figure>\n\n<p>Vous serez alors invit\u00e9 \u00e0 payer avec Stripe. En choisissant Stripe, vous serez en mesure de saisir les informations relatives \u00e0 votre carte de cr\u00e9dit et de terminer votre achat !<\/p>\n\n<p><a href=\"https:\/\/wpml.org\/fr\/purchase\/\">Utiliser une carte de cr\u00e9dit pour acheter WPML<\/a><\/p>\n\n<p>Si vous avez des questions ou si vous avez besoin d&rsquo;aide concernant votre achat, nous vous invitons \u00e0 r\u00e9pondre \u00e0 cet e-mail. Nous sommes l\u00e0 pour vous aider !<\/p>\n\n<p>Cordialement,<\/p>\n\n<p>Mercedes de WPML<\/p>\n","protected":false},"excerpt":{"rendered":"<p>Bonjour [First Name], On dirait que vous n&rsquo;avez pas pu terminer votre achat de WPML. Si vous pr\u00e9f\u00e9rez utiliser un autre mode de paiement que PayPal, vous pouvez \u00e9galement payer par carte de cr\u00e9dit via Stripe. Pour payer par carte de cr\u00e9dit : Choisissez la version de WPML que vous souhaitez acheter. Indiquez vos coordonn\u00e9es [&hellip;]<\/p>\n","protected":false},"author":76577,"featured_media":0,"parent":0,"menu_order":12,"comment_status":"closed","ping_status":"closed","template":"","meta":{"_bbp_topic_count":0,"_bbp_reply_count":0,"_bbp_total_topic_count":0,"_bbp_total_reply_count":0,"_bbp_voice_count":0,"_bbp_anonymous_reply_count":0,"_bbp_topic_count_hidden":0,"_bbp_reply_count_hidden":0,"_bbp_forum_subforum_count":0,"ep_exclude_from_search":false,"footnotes":""},"related-projects-category":[],"class_list":["post-8013069","page","type-page","status-publish","hentry"],"_links":{"self":[{"href":"https:\/\/wpml.org\/fr\/wp-json\/wp\/v2\/pages\/8013069","targetHints":{"allow":["GET"]}}],"collection":[{"href":"https:\/\/wpml.org\/fr\/wp-json\/wp\/v2\/pages"}],"about":[{"href":"https:\/\/wpml.org\/fr\/wp-json\/wp\/v2\/types\/page"}],"author":[{"embeddable":true,"href":"https:\/\/wpml.org\/fr\/wp-json\/wp\/v2\/users\/76577"}],"replies":[{"embeddable":true,"href":"https:\/\/wpml.org\/fr\/wp-json\/wp\/v2\/comments?post=8013069"}],"version-history":[{"count":1,"href":"https:\/\/wpml.org\/fr\/wp-json\/wp\/v2\/pages\/8013069\/revisions"}],"predecessor-version":[{"id":8013071,"href":"https:\/\/wpml.org\/fr\/wp-json\/wp\/v2\/pages\/8013069\/revisions\/8013071"}],"wp:attachment":[{"href":"https:\/\/wpml.org\/fr\/wp-json\/wp\/v2\/media?parent=8013069"}],"wp:term":[{"taxonomy":"related-projects-category","embeddable":true,"href":"https:\/\/wpml.org\/fr\/wp-json\/wp\/v2\/related-projects-category?post=8013069"}],"curies":[{"name":"wp","href":"https:\/\/api.w.org\/{rel}","templated":true}]}}