{"id":869018,"date":"2016-04-26T09:41:18","date_gmt":"2016-04-26T09:41:18","guid":{"rendered":"https:\/\/wpml.org\/fr\/documentation-6\/projets-connexes\/toolset\/"},"modified":"2024-10-22T12:52:49","modified_gmt":"2024-10-22T12:52:49","slug":"toolset","status":"publish","type":"page","link":"https:\/\/wpml.org\/fr\/documentation-6\/compatibilite-avec-des-modules-dextension\/toolset\/","title":{"rendered":"Toolset"},"content":{"rendered":"<p class=\"lead\">Les extensions <a href=\"https:\/\/toolset.com\/\">Toolset<\/a> aident les professionnels de WordPress \u00e0 cr\u00e9er des sites avanc\u00e9s sans programmation. Il provient de <a href=\"https:\/\/www.onthegosystems.com\">OnTheGoSystems<\/a>, la m\u00eame soci\u00e9t\u00e9 qui d\u00e9veloppe WPML.<\/p>\n<p>Avec Toolset, vous ajoutez des types de publication personnalis\u00e9s et des champs \u00e0 votre site et vous cr\u00e9ez visuellement :<\/p>\n<ul>\n<li>des mod\u00e8les et des listes de contenu personnalis\u00e9s.<\/li>\n<li>archives personnalis\u00e9es<\/li>\n<li>Formulaires Front-office<\/li>\n<li>recherches<\/li>\n<li>Article relations<\/li>\n<li>des sites personnalis\u00e9s WooCommerce<\/li>\n<li>r\u00e9pertoires avec int\u00e9gration de cartes<\/li>\n<\/ul>\n<p>&#8230;et bien d&rsquo;autres choses encore.<\/p>\n<p>Regardez la vid\u00e9o suivante pour voir une pr\u00e9sentation pratique des principales fonctionnalit\u00e9s de Toolset en action.<\/p>\n<div class=\"embed-responsive embed-responsive-16by9\"><iframe title=\"Toolset Intro\" width=\"700\" height=\"394\" src=\"https:\/\/www.youtube.com\/embed\/vJ2lInQwQNc?feature=oembed\" frameborder=\"0\" allow=\"accelerometer; autoplay; clipboard-write; encrypted-media; gyroscope; picture-in-picture\" allowfullscreen><\/iframe><\/div>\n<h2>Toolset et WPML<\/h2>\n<p>Ensemble, Toolset et WPML permettent de cr\u00e9er facilement des sites multilingues avanc\u00e9s. Aucune configuration n&rsquo;est n\u00e9cessaire pour traduire le Contenu que tu cr\u00e9es. Toolset communique directement avec WPML et vous permet de tout traduire gr\u00e2ce aux contr\u00f4les de traduction de WPML. Lisez <a href=\"https:\/\/toolset.com\/course-chapter\/translating-directory-and-classifieds-sites\/\">comment traduire les sites de r\u00e9pertoires et de petites annonces construits avec Toolset<\/a>.<\/p>\n<h2>R\u00e9duction Toolset pour les clients WPML<\/h2>\n<p>Nous offrons une r\u00e9duction de 30% sur Toolset pour tous les clients WPML. Pour obtenir ta r\u00e9duction, visite la <a href=\"\/?page_id=2869157\">page des coupons de WPML<\/a>.<\/p>\n","protected":false},"excerpt":{"rendered":"<p><a href=\"https:\/\/wpml.org\/wp-content\/uploads\/2015\/11\/toolset-logo.png\"><img decoding=\"async\" class=\"alignright size-medium wp-image-1392516\" src=\"https:\/\/wpml.org\/wp-content\/uploads\/2015\/11\/toolset-logo-300x127.png\" alt=\"toolset-logo\" width=\"300\" height=\"127\" srcset=\"https:\/\/wpml.org\/wp-content\/uploads\/2015\/11\/toolset-logo-300x127.png 300w, https:\/\/wpml.org\/wp-content\/uploads\/2015\/11\/toolset-logo-150x63.png 150w, https:\/\/wpml.org\/wp-content\/uploads\/2015\/11\/toolset-logo-768x324.png 768w, https:\/\/wpml.org\/wp-content\/uploads\/2015\/11\/toolset-logo.png 800w\" sizes=\"(max-width: 300px) 100vw, 300px\" \/><\/a> <\/p>\n<p><a href=\"https:\/\/toolset.com\/\">Toolset<\/a> est un ensemble d&rsquo;extensions pour les <strong>d\u00e9veloppeurs web <\/strong>qui <strong>ne<\/strong> sont <strong>pas des codeurs PHP<\/strong> mais qui visent \u00e0 d\u00e9velopper des <strong>projets WordPress<\/strong> plus <strong>exigeants<\/strong>.<\/p>\n<p>Avec Toolset, vous ajoutez des types de publication personnalis\u00e9s et des champs \u00e0 votre site et vous construisez tout autour de ceux-ci :\n<\/p>\n<ul>\n<li>Article relations<\/li>\n<li>des mod\u00e8les et des listes de contenu personnalis\u00e9s.<\/li>\n<li>archives personnalis\u00e9es<\/li>\n<li>Formulaires Front-office<\/li>\n<li>recherches<\/li>\n<\/ul>\n<p>&#8230;et bien d&rsquo;autres choses encore.<\/p>\n","protected":false},"author":2,"featured_media":0,"parent":16317476,"menu_order":28,"comment_status":"closed","ping_status":"closed","template":"","meta":{"_bbp_topic_count":0,"_bbp_reply_count":0,"_bbp_total_topic_count":0,"_bbp_total_reply_count":0,"_bbp_voice_count":0,"_bbp_anonymous_reply_count":0,"_bbp_topic_count_hidden":0,"_bbp_reply_count_hidden":0,"_bbp_forum_subforum_count":0,"_uag_custom_page_level_css":"","ep_exclude_from_search":false,"footnotes":""},"related-projects-category":[27849,27796],"class_list":["post-869018","page","type-page","status-publish","hentry","related-projects-category-champs-personnalises","related-projects-category-build-advanced-sites-fr"],"spectra_custom_meta":{"ratings_users":["0"],"ratings_score":["0"],"ratings_average":["0"],"_alp_processed":["1729601569"],"_views_template":["0"],"_wp_page_template":["default"],"_wpml_media_featured":["1"],"_subscription_coupon_product_id":["0"],"_last_translation_edit_mode":["translation-editor"],"_wpml_media_duplicate":["0"],"_syntaxhighlighter_encoded":["1"],"_oembed_085e890236af876c824fa92e59328670":["<iframe title=\"Translating Menus in WPML\" width=\"700\" height=\"394\" src=\"https:\/\/www.youtube.com\/embed\/aFQuEGQs19c?feature=oembed&enablejsapi=1&origin=https:\/\/wpml.org\" frameborder=\"0\" allow=\"accelerometer; autoplay; clipboard-write; encrypted-media; gyroscope; picture-in-picture\" allowfullscreen><\/iframe>"],"_oembed_time_085e890236af876c824fa92e59328670":["1612280552"],"_oembed_8f4dd281fde949aaaec897e32bbedb6b":["<iframe title=\"Doing a Test Translation with Translation Services\" width=\"700\" height=\"394\" src=\"https:\/\/www.youtube.com\/embed\/ozBasV4sNCs?feature=oembed&enablejsapi=1&origin=https:\/\/wpml.org\" frameborder=\"0\" allow=\"accelerometer; autoplay; clipboard-write; encrypted-media; gyroscope; picture-in-picture\" allowfullscreen><\/iframe>"],"_oembed_time_8f4dd281fde949aaaec897e32bbedb6b":["1612280552"],"_oembed_789c8654a9f0b3ede496bade388f1e40":["<iframe title=\"Toolset Intro\" width=\"700\" height=\"394\" src=\"https:\/\/www.youtube.com\/embed\/vJ2lInQwQNc?feature=oembed\" frameborder=\"0\" allow=\"accelerometer; autoplay; clipboard-write; encrypted-media; gyroscope; picture-in-picture\" allowfullscreen><\/iframe>"],"_oembed_time_789c8654a9f0b3ede496bade388f1e40":["1615287586"],"_oembed_1e02e02ee671c61d8638766a0ee1cb8e":["<iframe title=\"WPML Advanced Translation Editor\" width=\"700\" height=\"394\" src=\"https:\/\/www.youtube.com\/embed\/TmmyU6MtXY8?feature=oembed&enablejsapi=1&origin=https:\/\/wpml.org\" frameborder=\"0\" allow=\"accelerometer; autoplay; clipboard-write; encrypted-media; gyroscope; picture-in-picture\" allowfullscreen><\/iframe>"],"_oembed_time_1e02e02ee671c61d8638766a0ee1cb8e":["1620818956"],"_oembed_6eeaaf76264d07834a5024ecc691d2d0":["<iframe title=\"Media Translation for WPML 4.0\" width=\"525\" height=\"394\" src=\"https:\/\/www.youtube.com\/embed\/8kvqMTy3r2g?feature=oembed&enablejsapi=1&origin=https:\/\/wpml.org\" frameborder=\"0\" allow=\"accelerometer; autoplay; clipboard-write; encrypted-media; gyroscope; picture-in-picture\" allowfullscreen><\/iframe>"],"_oembed_time_6eeaaf76264d07834a5024ecc691d2d0":["1620818957"],"_oembed_0a9b7c0e350cccf75658aa2dcf88ed85":["<iframe title=\"How to migrate from a custom database into WordPress\" width=\"700\" height=\"394\" src=\"https:\/\/www.youtube.com\/embed\/2PIChT5T0oQ?feature=oembed&enablejsapi=1&origin=https:\/\/wpml.org\" frameborder=\"0\" allow=\"accelerometer; autoplay; clipboard-write; encrypted-media; gyroscope; picture-in-picture\" allowfullscreen><\/iframe>"],"_oembed_time_0a9b7c0e350cccf75658aa2dcf88ed85":["1634232067"],"_oembed_b6b58dddea390a2faa8b176dcd53d805":["<iframe title=\"How custom types and fields make it easy to manage content\" width=\"700\" height=\"394\" src=\"https:\/\/www.youtube.com\/embed\/BNu5PGG93J0?feature=oembed&enablejsapi=1&origin=https:\/\/wpml.org\" frameborder=\"0\" allow=\"accelerometer; autoplay; clipboard-write; encrypted-media; gyroscope; picture-in-picture\" allowfullscreen><\/iframe>"],"_oembed_time_b6b58dddea390a2faa8b176dcd53d805":["1634232067"],"_oembed_57975f4ba5c8952521d5c822cc574a95":["<iframe title=\"How to build a membership site in WordPress using Toolset plugins\" width=\"700\" height=\"394\" src=\"https:\/\/www.youtube.com\/embed\/7C1dFwxXME8?feature=oembed&enablejsapi=1&origin=https:\/\/wpml.org\" frameborder=\"0\" allow=\"accelerometer; autoplay; clipboard-write; encrypted-media; gyroscope; picture-in-picture\" allowfullscreen><\/iframe>"],"_oembed_time_57975f4ba5c8952521d5c822cc574a95":["1634232067"],"_oembed_8b192c37df925cacb831b3922e69595d":["<iframe title=\"Using WPML To Translate Pages Built With Fusion Builder (Avada Theme)\" width=\"700\" height=\"394\" src=\"https:\/\/www.youtube.com\/embed\/_bNqjjBPdGA?feature=oembed&enablejsapi=1&origin=https:\/\/wpml.org\" frameborder=\"0\" allow=\"accelerometer; autoplay; clipboard-write; encrypted-media; gyroscope; picture-in-picture\" allowfullscreen><\/iframe>"],"_oembed_time_8b192c37df925cacb831b3922e69595d":["1648400175"],"_oembed_bbf56b1d4c25ce11481afba39f176f85":["<iframe title=\"Using WPML to translate content created with page builders\" width=\"700\" height=\"394\" src=\"https:\/\/www.youtube.com\/embed\/MSqNzrdPMkE?feature=oembed&enablejsapi=1&origin=https:\/\/wpml.org\" frameborder=\"0\" allow=\"accelerometer; autoplay; clipboard-write; encrypted-media; gyroscope; picture-in-picture\" allowfullscreen><\/iframe>"],"_oembed_time_bbf56b1d4c25ce11481afba39f176f85":["1648400175"],"wpcf-unformatted-code":[""],"wpcf-price-increase-show-from":[""],"wpcf-price-increase-show-till":[""],"_uag_css_file_name":["uag-css-869018.css"],"_uag_page_assets":["a:9:{s:3:\"css\";s:260:\".uag-blocks-common-selector{z-index:var(--z-index-desktop) !important}@media(max-width: 976px){.uag-blocks-common-selector{z-index:var(--z-index-tablet) !important}}@media(max-width: 767px){.uag-blocks-common-selector{z-index:var(--z-index-mobile) !important}}\";s:2:\"js\";s:0:\"\";s:18:\"current_block_list\";a:1:{i:0;s:14:\"core\/shortcode\";}s:8:\"uag_flag\";b:0;s:11:\"uag_version\";s:10:\"1778815884\";s:6:\"gfonts\";a:0:{}s:10:\"gfonts_url\";s:0:\"\";s:12:\"gfonts_files\";a:0:{}s:14:\"uag_faq_layout\";b:0;}"]},"uagb_featured_image_src":{"full":false,"thumbnail":false,"medium":false,"medium_large":false,"large":false,"1536x1536":false,"2048x2048":false,"gform-image-choice-sm":false,"gform-image-choice-md":false,"gform-image-choice-lg":false,"woocommerce_thumbnail":false,"woocommerce_single":false,"woocommerce_gallery_thumbnail":false},"uagb_author_info":{"display_name":"Amir","author_link":"https:\/\/wpml.org\/fr\/author\/amir\/"},"uagb_comment_info":0,"uagb_excerpt":"Toolset est un ensemble d'extensions pour les d\u00e9veloppeurs web qui ne sont pas des codeurs PHP mais qui visent \u00e0 d\u00e9velopper des projets WordPress plus exigeants. Avec Toolset, vous ajoutez des types de publication personnalis\u00e9s et des champs \u00e0 votre site et vous construisez tout autour de ceux-ci : Article relations des mod\u00e8les et des\u2026","_links":{"self":[{"href":"https:\/\/wpml.org\/fr\/wp-json\/wp\/v2\/pages\/869018","targetHints":{"allow":["GET"]}}],"collection":[{"href":"https:\/\/wpml.org\/fr\/wp-json\/wp\/v2\/pages"}],"about":[{"href":"https:\/\/wpml.org\/fr\/wp-json\/wp\/v2\/types\/page"}],"author":[{"embeddable":true,"href":"https:\/\/wpml.org\/fr\/wp-json\/wp\/v2\/users\/2"}],"replies":[{"embeddable":true,"href":"https:\/\/wpml.org\/fr\/wp-json\/wp\/v2\/comments?post=869018"}],"version-history":[{"count":7,"href":"https:\/\/wpml.org\/fr\/wp-json\/wp\/v2\/pages\/869018\/revisions"}],"predecessor-version":[{"id":15406619,"href":"https:\/\/wpml.org\/fr\/wp-json\/wp\/v2\/pages\/869018\/revisions\/15406619"}],"up":[{"embeddable":true,"href":"https:\/\/wpml.org\/fr\/wp-json\/wp\/v2\/pages\/16317476"}],"wp:attachment":[{"href":"https:\/\/wpml.org\/fr\/wp-json\/wp\/v2\/media?parent=869018"}],"wp:term":[{"taxonomy":"related-projects-category","embeddable":true,"href":"https:\/\/wpml.org\/fr\/wp-json\/wp\/v2\/related-projects-category?post=869018"}],"curies":[{"name":"wp","href":"https:\/\/api.w.org\/{rel}","templated":true}]}}