{"id":1076596,"date":"2016-09-13T08:32:27","date_gmt":"2016-09-13T08:32:27","guid":{"rendered":"https:\/\/wpml.org\/it\/purchase\/processo-di-acquisto\/"},"modified":"2025-02-11T08:33:53","modified_gmt":"2025-02-11T08:33:53","slug":"processo-di-acquisto","status":"publish","type":"page","link":"https:\/\/wpml.org\/it\/purchase\/processo-di-acquisto\/","title":{"rendered":"Processo d&#8217;acquisto"},"content":{"rendered":"<p class=\"lead\">Solitamente, ci vogliono pochi minuti per ordinare WPML e farlo funzionare sul tuo sito. I pagamenti con carta di credito vengono elaborati automaticamente e riceverai il tuo nuovo account, pronto per essere scaricato e utilizzato. <\/p>\n<p>Puoi pagare WPML usando una carta di credito, PayPal, carte di debito o bonifici bancari (tramite assegni elettronici PayPal). I pagamenti con carta di credito e debito vengono elaborati in meno di un minuto. I bonifici richiedono diversi giorni (a seconda di dove vivi). Quando il pagamento \u00e8 completato, riceverai un&#8217;email con le informazioni del tuo account. Poi, potrai scaricare WPML e installarlo nel tuo sito.    <\/p>\n<h2>Passo 1) Scegli la versione di WPML che vuoi acquistare<\/h2>\n<p>Puoi scegliere tra le versioni <a href=\"https:\/\/wpml.org\/purchase\/?add-to-cart=2436660\">Multilingual CMS<\/a>, <a href=\"https:\/\/wpml.org\/purchase\/?add-to-cart=2436659\">Multilingual Blog<\/a> e <a href=\"https:\/\/wpml.org\/purchase\/?add-to-cart=2436661\">Multilingual Agency<\/a>. Multilingual CMS \u00e8 la nostra versione pi\u00f9 completa, che permette di tradurre i siti pi\u00f9 complessi con WordPress. Include tutto per pagine, tipi personalizzati e post (per un blog). La versione Multilingual Blog \u00e8 pensata per siti pi\u00f9 semplici che sono principalmente un blog WordPress. Il <a href=\"https:\/\/wpml.org\/purchase\/?add-to-cart=2436661\">Multilingual Agency<\/a> include anche tutti i componenti di WPML ma ti permette di installare WPML su un numero illimitato di siti.    <\/p>\n<p>Per un confronto fianco a fianco, dai un&#8217;occhiata ai <a href=\"https:\/\/wpml.org\/purchase\/\">prezzi di WPML<\/a>.<\/p>\n<p>Puoi sempre aggiornare i tipi di account e pagare solo la differenza.<\/p>\n<h2>Passo 2) Inserisci il tuo nome e email e scegli un processore di pagamento<\/h2>\n<p>Tutto ci\u00f2 di cui abbiamo bisogno sono il tuo nome completo e l&#8217;email. Ci servono per creare il tuo account e consegnarti l&#8217;ordine. Inserirai le informazioni della tua carta di credito direttamente in PayPal o in un processore di pagamento alternativo. Entrambi i processori di pagamento supportano carte di credito e di debito. Per i bonifici bancari, dovrai avere un account PayPal e aggiungere un conto bancario.    <\/p>\n<h2>Passo 3) Paga online<\/h2>\n<p>Sarai indirizzato al processore di pagamento che hai scelto. Sia PayPal che il processore di pagamento alternativo offrono sicurezza e protezione antifrode di livello mondiale. Per maggiori informazioni su questo, leggi la nostra <a href=\"https:\/\/wpml.org\/documentation\/privacy-policy-and-gdpr-compliance\/\">politica sulla privacy e sicurezza<\/a>. In breve, proteggiamo le tue informazioni e ci assicuriamo che non possano mai essere compromesse. Non riceviamo n\u00e9 conserviamo alcuna informazione finanziaria.    <\/p>\n<h2>Passo 4) Ricevi il tuo account WPML e scarica<\/h2>\n<p>Non appena il tuo pagamento \u00e8 completato, creiamo automaticamente il tuo account WPML. I pagamenti con carta di credito e di debito vengono completati quasi istantaneamente. I bonifici richiederanno alcuni giorni per essere elaborati.  <\/p>\n<p>Poi, accedi al tuo account, clicca su <strong>Download<\/strong> e ottieni WPML. Ora hai finito. Ti consigliamo di seguire la <a href=\"https:\/\/wpml.org\/documentation\/getting-started-guide\/\">guida per iniziare<\/a> per configurare e utilizzare correttamente WPML.  <\/p>\n<p>Hai bisogno di aiuto? <a href=\"https:\/\/wpml.org\/home\/contact-us\/\">Contattaci<\/a>!<\/p>\n","protected":false},"excerpt":{"rendered":"<p>Solitamente, ci vogliono pochi minuti per ordinare WPML e farlo funzionare sul tuo sito. I pagamenti con carta di credito vengono elaborati automaticamente e riceverai il tuo nuovo account, pronto per essere scaricato e utilizzato. Puoi pagare WPML usando una carta di credito, PayPal, carte di debito o bonifici bancari (tramite assegni elettronici PayPal). I [&hellip;]<\/p>\n","protected":false},"author":2,"featured_media":0,"parent":140283,"menu_order":53,"comment_status":"closed","ping_status":"closed","template":"template-nosidebar-centered.php","meta":{"_bbp_topic_count":0,"_bbp_reply_count":0,"_bbp_total_topic_count":0,"_bbp_total_reply_count":0,"_bbp_voice_count":0,"_bbp_anonymous_reply_count":0,"_bbp_topic_count_hidden":0,"_bbp_reply_count_hidden":0,"_bbp_forum_subforum_count":0,"_uag_custom_page_level_css":"","ep_exclude_from_search":false,"footnotes":""},"related-projects-category":[],"class_list":["post-1076596","page","type-page","status-publish","hentry"],"spectra_custom_meta":{"ratings_users":["0"],"ratings_score":["0"],"ratings_average":["0"],"_alp_processed":["1739262833"],"_views_template":["0"],"_wp_page_template":["template-nosidebar-centered.php"],"_subscription_coupon_product_id":["0"],"inline_featured_image":["0"],"_wpml_media_featured":["1"],"_wpml_media_duplicate":["1"],"_last_translation_edit_mode":["translation-editor"],"wpml_tf_post_rating_quantity":["1"],"wpml_tf_post_rating_average":["1"],"_oembed_1e02e02ee671c61d8638766a0ee1cb8e":["<iframe title=\"WPML Advanced Translation Editor\" width=\"700\" height=\"394\" src=\"https:\/\/www.youtube.com\/embed\/TmmyU6MtXY8?feature=oembed&enablejsapi=1&origin=https:\/\/wpml.org\" frameborder=\"0\" allow=\"accelerometer; autoplay; clipboard-write; encrypted-media; gyroscope; picture-in-picture\" allowfullscreen><\/iframe>"],"_oembed_time_1e02e02ee671c61d8638766a0ee1cb8e":["1647806083"],"_oembed_6eeaaf76264d07834a5024ecc691d2d0":["<iframe title=\"Media Translation for WPML 4.0\" width=\"525\" height=\"394\" src=\"https:\/\/www.youtube.com\/embed\/8kvqMTy3r2g?feature=oembed&enablejsapi=1&origin=https:\/\/wpml.org\" frameborder=\"0\" allow=\"accelerometer; autoplay; clipboard-write; encrypted-media; gyroscope; picture-in-picture\" allowfullscreen><\/iframe>"],"_oembed_time_6eeaaf76264d07834a5024ecc691d2d0":["1647806083"],"_oembed_bbf56b1d4c25ce11481afba39f176f85":["<iframe title=\"Using WPML to translate content created with page builders\" width=\"700\" height=\"394\" src=\"https:\/\/www.youtube.com\/embed\/MSqNzrdPMkE?feature=oembed&enablejsapi=1&origin=https:\/\/wpml.org\" frameborder=\"0\" allow=\"accelerometer; autoplay; clipboard-write; encrypted-media; gyroscope; picture-in-picture\" allowfullscreen><\/iframe>"],"_oembed_time_bbf56b1d4c25ce11481afba39f176f85":["1647806083"],"_top_nav_excluded":[""],"_cms_nav_minihome":[""],"_yoast_wpseo_title":["Processo d'acquisto - WPML"],"_yoast_wpseo_metadesc":["Di solito, ci vogliono pochi minuti per ordinare WPML e farlo funzionare sul tuo sito. Puoi pagare WPML usando una carta di credito, carte di debito o bonifici bancari."],"_wpml_word_count":["474"],"_uag_css_file_name":["uag-css-1076596.css"],"_uag_page_assets":["a:9:{s:3:\"css\";s:260:\".uag-blocks-common-selector{z-index:var(--z-index-desktop) !important}@media(max-width: 976px){.uag-blocks-common-selector{z-index:var(--z-index-tablet) !important}}@media(max-width: 767px){.uag-blocks-common-selector{z-index:var(--z-index-mobile) !important}}\";s:2:\"js\";s:0:\"\";s:18:\"current_block_list\";a:1:{i:0;s:14:\"core\/shortcode\";}s:8:\"uag_flag\";b:0;s:11:\"uag_version\";s:10:\"1778684478\";s:6:\"gfonts\";a:0:{}s:10:\"gfonts_url\";s:0:\"\";s:12:\"gfonts_files\";a:0:{}s:14:\"uag_faq_layout\";b:0;}"]},"uagb_featured_image_src":{"full":false,"thumbnail":false,"medium":false,"medium_large":false,"large":false,"1536x1536":false,"2048x2048":false,"gform-image-choice-sm":false,"gform-image-choice-md":false,"gform-image-choice-lg":false,"woocommerce_thumbnail":false,"woocommerce_single":false,"woocommerce_gallery_thumbnail":false},"uagb_author_info":{"display_name":"Amir","author_link":"https:\/\/wpml.org\/it\/author\/amir\/"},"uagb_comment_info":0,"uagb_excerpt":"Solitamente, ci vogliono pochi minuti per ordinare WPML e farlo funzionare sul tuo sito. I pagamenti con carta di credito vengono elaborati automaticamente e riceverai il tuo nuovo account, pronto per essere scaricato e utilizzato. Puoi pagare WPML usando una carta di credito, PayPal, carte di debito o bonifici bancari (tramite assegni elettronici PayPal). I&hellip;","_links":{"self":[{"href":"https:\/\/wpml.org\/it\/wp-json\/wp\/v2\/pages\/1076596","targetHints":{"allow":["GET"]}}],"collection":[{"href":"https:\/\/wpml.org\/it\/wp-json\/wp\/v2\/pages"}],"about":[{"href":"https:\/\/wpml.org\/it\/wp-json\/wp\/v2\/types\/page"}],"author":[{"embeddable":true,"href":"https:\/\/wpml.org\/it\/wp-json\/wp\/v2\/users\/2"}],"replies":[{"embeddable":true,"href":"https:\/\/wpml.org\/it\/wp-json\/wp\/v2\/comments?post=1076596"}],"version-history":[{"count":8,"href":"https:\/\/wpml.org\/it\/wp-json\/wp\/v2\/pages\/1076596\/revisions"}],"predecessor-version":[{"id":16690286,"href":"https:\/\/wpml.org\/it\/wp-json\/wp\/v2\/pages\/1076596\/revisions\/16690286"}],"up":[{"embeddable":true,"href":"https:\/\/wpml.org\/it\/wp-json\/wp\/v2\/pages\/140283"}],"wp:attachment":[{"href":"https:\/\/wpml.org\/it\/wp-json\/wp\/v2\/media?parent=1076596"}],"wp:term":[{"taxonomy":"related-projects-category","embeddable":true,"href":"https:\/\/wpml.org\/it\/wp-json\/wp\/v2\/related-projects-category?post=1076596"}],"curies":[{"name":"wp","href":"https:\/\/api.w.org\/{rel}","templated":true}]}}