{"id":11415349,"date":"2022-06-08T13:41:38","date_gmt":"2022-06-08T13:41:38","guid":{"rendered":"https:\/\/wpml.org\/documentazione\/guida-introduttiva\/configurazione-della-lingua\/abilitazione-di-un-cookie-della-lingua-per-supportare-il-filtraggio-ajax\/"},"modified":"2024-05-22T06:31:15","modified_gmt":"2024-05-22T06:31:15","slug":"abilitazione-di-un-cookie-della-lingua-per-supportare-il-filtraggio-ajax","status":"publish","type":"page","link":"https:\/\/wpml.org\/it\/documentazione\/guida-introduttiva\/configurazione-della-lingua\/abilitazione-di-un-cookie-della-lingua-per-supportare-il-filtraggio-ajax\/","title":{"rendered":"Abilitare un Cookie della lingua per supportare il filtro AJAX"},"content":{"rendered":"\n<p class=\"lead\">WPML Multilingual &#038; Multicurrency for WooCommerce e alcuni temi e plugin devono eseguire chiamate AJAX sul front-end in base alle informazioni sulla lingua. A tal fine, potrebbe essere necessario abilitare un cookie di lingua che supporti il filtraggio AJAX.<\/p>\n\n<p>Per abilitare le informazioni sulla lingua per le chiamate AJAX del frontend, vai su <strong>WPML<\/strong> \u2192 <strong>Lingue<\/strong> e scorri fino alla sezione <strong>Filtro della lingua per le operazioni AJAX <\/strong>. In questo caso, seleziona l&#8217;opzione <strong>Store a language cookie to support language filtering for AJAX<\/strong>.<\/p>\n<div class=\"wp-block-image\">\n<figure class=\" tb-image tb-image-dynamic tb-image-frame-none aligncenter\" data-toolset-blocks-image=\"140e5ba8514a71e257816c8fb2c5964a\"><a href=\"https:\/\/wpml.org\/wp-content\/uploads\/2017\/06\/wpml-store-a-language-cookie-to-support-language-filtering-for-AJAX.png\"><img decoding=\"async\" width=\"950\" height=\"137\" loading=\"lazy\" src=\"https:\/\/wpml.org\/wp-content\/uploads\/2017\/06\/wpml-store-a-language-cookie-to-support-language-filtering-for-AJAX.png\" alt=\"\" class=\"wp-image-11415353\" srcset=\"https:\/\/wpml.org\/wp-content\/uploads\/2017\/06\/wpml-store-a-language-cookie-to-support-language-filtering-for-AJAX.png 950w, https:\/\/wpml.org\/wp-content\/uploads\/2017\/06\/wpml-store-a-language-cookie-to-support-language-filtering-for-AJAX-150x22.png 150w, https:\/\/wpml.org\/wp-content\/uploads\/2017\/06\/wpml-store-a-language-cookie-to-support-language-filtering-for-AJAX-300x43.png 300w, https:\/\/wpml.org\/wp-content\/uploads\/2017\/06\/wpml-store-a-language-cookie-to-support-language-filtering-for-AJAX-768x111.png 768w\" sizes=\"auto, (max-width: 950px) 100vw, 950px\" \/><\/a><figcaption><div class=\"tb-image-caption\">Abilitazione del cookie della lingua che supporta il filtro AJAX sul frontend<\/div><\/figcaption><\/figure>\n<\/div>\n<p>Ora, WPML imposter\u00e0 un cookie utilizzando JavaScript che gli consentir\u00e0 di restituire il contenuto corretto per le operazioni AJAX.<\/p>\n\n<p>Ecco come funziona per i visitatori:<\/p>\n\n<ul class=\"wp-block-list\"><li>Per gli utenti che hanno effettuato il login, non cambia nulla e questa impostazione non viene applicata. Il cookie della lingua viene salvato normalmente con PHP.<\/li><li>Per gli utenti che non hanno effettuato il login, WPML controlla se questa impostazione \u00e8 attivata e, in caso affermativo, il cookie della lingua viene impostato tramite JavaScript. Ci\u00f2 consente a WPML di impostare il cookie della lingua anche se il sito \u00e8 memorizzato nella cache.<\/li><\/ul>\n\n<p>Se si utilizza WPML 4.5 o successivo, questa impostazione \u00e8 abilitata di default. Se si nota che interferisce con il plugin per la cache, \u00e8 possibile disabilitarlo seguendo la stessa procedura descritta sopra.<\/p>\n","protected":false},"excerpt":{"rendered":"<p>WPML Multilingual &#038; Multicurrency for WooCommerce e alcuni temi e plugin devono eseguire chiamate AJAX sul front-end in base alle informazioni sulla lingua. A tal fine, potrebbe essere necessario abilitare un cookie di lingua che supporti il filtraggio AJAX. Per abilitare le informazioni sulla lingua per le chiamate AJAX del frontend, vai su WPML \u2192 [&hellip;]<\/p>\n","protected":false},"author":76577,"featured_media":0,"parent":138028,"menu_order":79,"comment_status":"closed","ping_status":"closed","template":"","meta":{"_bbp_topic_count":0,"_bbp_reply_count":0,"_bbp_total_topic_count":0,"_bbp_total_reply_count":0,"_bbp_voice_count":0,"_bbp_anonymous_reply_count":0,"_bbp_topic_count_hidden":0,"_bbp_reply_count_hidden":0,"_bbp_forum_subforum_count":0,"_uag_custom_page_level_css":"","ep_exclude_from_search":false,"footnotes":""},"related-projects-category":[],"class_list":["post-11415349","page","type-page","status-publish","hentry"],"spectra_custom_meta":{"ratings_users":["0"],"ratings_score":["0"],"ratings_average":["0"],"_subscription_coupon_product_id":["0"],"_wpv_contains_gutenberg_views":[""],"_alp_processed":["1716359475"],"_views_template":["0"],"wpcf-unformatted-code":[""],"_wpml_media_duplicate":["1"],"_wpml_media_featured":["1"],"toolset_post_editor_mode":["block"],"wpcf-price-increase-show-from":[""],"wpcf-price-increase-show-till":[""],"_wp_page_template":["default"],"_last_translation_edit_mode":["translation-editor"],"_uag_css_file_name":["uag-css-11415349.css"],"_uag_page_assets":["a:9:{s:3:\"css\";s:260:\".uag-blocks-common-selector{z-index:var(--z-index-desktop) !important}@media(max-width: 976px){.uag-blocks-common-selector{z-index:var(--z-index-tablet) !important}}@media(max-width: 767px){.uag-blocks-common-selector{z-index:var(--z-index-mobile) !important}}\";s:2:\"js\";s:0:\"\";s:18:\"current_block_list\";a:4:{i:0;s:14:\"core\/paragraph\";i:1;s:20:\"toolset-blocks\/image\";i:2;s:9:\"core\/list\";i:3;s:14:\"core\/shortcode\";}s:8:\"uag_flag\";b:0;s:11:\"uag_version\";s:10:\"1778296250\";s:6:\"gfonts\";a:0:{}s:10:\"gfonts_url\";s:0:\"\";s:12:\"gfonts_files\";a:0:{}s:14:\"uag_faq_layout\";b:0;}"]},"uagb_featured_image_src":{"full":false,"thumbnail":false,"medium":false,"medium_large":false,"large":false,"1536x1536":false,"2048x2048":false,"gform-image-choice-sm":false,"gform-image-choice-md":false,"gform-image-choice-lg":false,"woocommerce_thumbnail":false,"woocommerce_single":false,"woocommerce_gallery_thumbnail":false},"uagb_author_info":{"display_name":"Dario","author_link":"https:\/\/wpml.org\/it\/author\/darioh\/"},"uagb_comment_info":0,"uagb_excerpt":"WPML Multilingual &#038; Multicurrency for WooCommerce e alcuni temi e plugin devono eseguire chiamate AJAX sul front-end in base alle informazioni sulla lingua. A tal fine, potrebbe essere necessario abilitare un cookie di lingua che supporti il filtraggio AJAX. Per abilitare le informazioni sulla lingua per le chiamate AJAX del frontend, vai su WPML \u2192&hellip;","_links":{"self":[{"href":"https:\/\/wpml.org\/it\/wp-json\/wp\/v2\/pages\/11415349","targetHints":{"allow":["GET"]}}],"collection":[{"href":"https:\/\/wpml.org\/it\/wp-json\/wp\/v2\/pages"}],"about":[{"href":"https:\/\/wpml.org\/it\/wp-json\/wp\/v2\/types\/page"}],"author":[{"embeddable":true,"href":"https:\/\/wpml.org\/it\/wp-json\/wp\/v2\/users\/76577"}],"replies":[{"embeddable":true,"href":"https:\/\/wpml.org\/it\/wp-json\/wp\/v2\/comments?post=11415349"}],"version-history":[{"count":3,"href":"https:\/\/wpml.org\/it\/wp-json\/wp\/v2\/pages\/11415349\/revisions"}],"predecessor-version":[{"id":15653551,"href":"https:\/\/wpml.org\/it\/wp-json\/wp\/v2\/pages\/11415349\/revisions\/15653551"}],"up":[{"embeddable":true,"href":"https:\/\/wpml.org\/it\/wp-json\/wp\/v2\/pages\/138028"}],"wp:attachment":[{"href":"https:\/\/wpml.org\/it\/wp-json\/wp\/v2\/media?parent=11415349"}],"wp:term":[{"taxonomy":"related-projects-category","embeddable":true,"href":"https:\/\/wpml.org\/it\/wp-json\/wp\/v2\/related-projects-category?post=11415349"}],"curies":[{"name":"wp","href":"https:\/\/api.w.org\/{rel}","templated":true}]}}