{"id":138067,"date":"2009-04-02T18:30:12","date_gmt":"2009-04-02T18:30:12","guid":{"rendered":"http:\/\/wpml.org\/requisiti-minimi\/"},"modified":"2026-04-24T08:30:15","modified_gmt":"2026-04-24T08:30:15","slug":"requisiti-minimi","status":"publish","type":"page","link":"https:\/\/wpml.org\/it\/pagina-iniziale\/requisiti-minimi\/","title":{"rendered":"Requisiti minimi di WPML"},"content":{"rendered":"\n<p class=\"lead\">Assicurati che il tuo sito funzioni senza problemi con WPML soddisfacendo questi semplici requisiti minimi.<\/p>\n\n<h2 class=\"wp-block-heading\">Requisito fondamentale: memoria di WordPress<\/h2>\n\n<figure class=\"wp-block-table\"><table class=\"has-fixed-layout\"><tbody><tr><td class=\"has-text-align-center\" data-align=\"center\"><strong>Limite Minimo di Memoria<\/strong><\/td><td class=\"has-text-align-center\" data-align=\"center\"><strong>Limite di Memoria Raccomandato<\/strong><\/td><\/tr><tr><td class=\"has-text-align-center\" data-align=\"center\">128MB<\/td><td class=\"has-text-align-center\" data-align=\"center\">256MB<\/td><\/tr><\/tbody><\/table><\/figure>\n\n<div class=\"wp-block-toolset-blocks-container tb-container\" data-toolset-blocks-container=\"8e3e01a3a504ebe6cb0759ef96e18a6d\">\n<p>Assicurati di controllare i limiti di memoria PHP e WordPress del tuo sito prima di installare WPML. Una memoria insufficiente pu\u00f2 causare problemi gravi come: <\/p>\n\n\n\n<ul class=\"wp-block-list\">\n<li>Crash del sito<\/li>\n\n\n\n<li>Problemi di sincronizzazione del menu<\/li>\n\n\n\n<li>Impossibilit\u00e0 di completare le traduzioni nell&#8217;Editor di traduzione avanzato<\/li>\n<\/ul>\n<\/div>\n\n<p>Scopri come <a href=\"https:\/\/developer.wordpress.org\/advanced-administration\/wordpress\/wp-config\/#increasing-memory-allocated-to-php\" target=\"_blank\" rel=\"noreferrer noopener\">aumentare la memoria di WordPress<\/a>.<\/p>\n\n<h2 class=\"wp-block-heading\">Requisiti di versione del sistema<\/h2>\n\n<ul class=\"wp-block-list\">\n<li>WordPress 4.7 o superiore<\/li>\n\n\n\n<li>PHP 7.4 &#8211; 8.3<\/li>\n\n\n\n<li>MySQL 5.6 o superiore. Oppure, MariaDB 10.1 o superiore \n<ul class=\"wp-block-list\">\n<li>Usa il set di caratteri utf8mb4 e una collation compatibile con Unicode. Scopri di pi\u00f9 su <a href=\"https:\/\/wpml.org\/home\/minimum-requirements\/collation-and-charset\/\">la collation e il charset consigliati da WPML<\/a>. <\/li>\n<\/ul>\n<\/li>\n<\/ul>\n\n<h2 class=\"wp-block-heading\">Requisiti Aggiuntivi<\/h2>\n\n<p>Affinch\u00e9 WPML funzioni correttamente, abilita quanto segue:<\/p>\n\n<ul class=\"wp-block-list\">\n<li><a href=\"https:\/\/wpml.org\/documentation\/support\/rest-api-dependencies\/\">API REST di WordPress<\/a> per WPML<\/li>\n\n\n\n<li>Possibilit\u00e0 di creare tabelle nel tuo database<\/li>\n\n\n\n<li><a href=\"http:\/\/php.net\/manual\/en\/book.mbstring.php\" target=\"_blank\" rel=\"noopener noreferrer\">Estensione Multibyte String<\/a><\/li>\n\n\n\n<li><a href=\"http:\/\/php.net\/manual\/en\/book.simplexml.php\" target=\"_blank\" rel=\"noopener noreferrer\">Estensione SimpleXML<\/a> per l&#8217;utilizzo di <a href=\"https:\/\/wpml.org\/documentation\/translating-your-contents\/using-desktop-cat-tools\/\">file XLIFF<\/a> in WPML<\/li>\n\n\n\n<li>La funzione PHP <code>eval()<\/code><strong> <\/strong><\/li>\n\n\n\n<li>Il modulo PHP <code>libxml<\/code> 2.7.8 o superiore.<\/li>\n<\/ul>\n\n<div class=\"wp-block-toolset-blocks-container tb-container\" data-toolset-blocks-container=\"c1f904918387fdcd13f37d48e05bbe4a\">\n<div id=\"FAQ\" class=\"wp-block-toolset-blocks-container tb-container\" data-toolset-blocks-container=\"b85bbea7fba27be991aa0c24c63aa6ba\">\n<h2 class=\"wp-block-heading\">Controllo dei Requisiti Specifici<\/h2>\n\n\n\n<div class=\"wp-block-toolset-blocks-container tb-container\" data-toolset-blocks-container=\"b58d71c6b23adcf044605babd02164c4\">\n<div class=\"tb-fields-and-text\" data-toolset-blocks-fields-and-text=\"da3b7950306720c29addcb55ec6222b7\"><p><a class=\"anchorlink btn btn-primary no-underline\" role=\"button\" href=\"#other-requirements\" data-toggle=\"collapse\" aria-expanded=\"false\" aria-controls=\"collapseExample\" style=\"color: #373737; font-weight: bold;\">Come posso controllare il mio limite di memoria, la dimensione dello stack, la versione di WordPress e altri requisiti?<\/a><\/p><\/div>\n\n\n\n<div id=\"other-requirements\" class=\"wp-block-toolset-blocks-container tb-container collapse\" data-toolset-blocks-container=\"98af0b643138d9b1faeb3a947730f86f\">\n<div class=\"wp-block-toolset-blocks-container tb-container card-body card\" data-toolset-blocks-container=\"64967a84567eef912b20c4f89304de4e\">\n<p class=\"tb-heading\" data-toolset-blocks-heading=\"8421bda8b50dfb8caa6445075e894f0b\" data-last-update=\"1.4\">Puoi controllare vari requisiti direttamente da WordPress.<\/p>\n\n\n\n<p class=\"tb-heading\" data-toolset-blocks-heading=\"8421bda8b50dfb8caa6445075e894f0b\" data-last-update=\"1.4\">Accedi alla tua area di amministrazione di WordPress, vai su <strong>Strumenti \u2192 Salute del sito<\/strong> e fai clic sulla scheda <strong>Informazioni<\/strong>. Scorri verso il basso ed espandi le diverse sezioni per trovare informazioni sulla memoria o sulla versione PHP, sulla tua versione di WordPress e altro. <\/p>\n\n\n\n<p class=\"tb-heading\" data-toolset-blocks-heading=\"8421bda8b50dfb8caa6445075e894f0b\" data-last-update=\"1.4\">Per controllare la dimensione dello stack disponibile e altre informazioni PHP (come l&#8217;utilizzo e i limiti della memoria), vai su <strong>WPML \u2192 Assistenza<\/strong>. <\/p>\n<\/div>\n<\/div>\n<\/div>\n\n\n\n<div class=\"wp-block-toolset-blocks-container tb-container\" data-toolset-blocks-container=\"2f09509b4fbf47d0b7f274ce6b56eff3\">\n<div id=\"calculate-your-cost-lnk\" class=\"tb-fields-and-text\" data-toolset-blocks-fields-and-text=\"a81bc486b5f2bcfbdb7651888eececa7\"><p><a class=\"anchorlink btn btn-primary no-underline\" role=\"button\" href=\"#permalinks\" data-toggle=\"collapse\" aria-expanded=\"false\" aria-controls=\"collapseExample\" style=\"color: #373737; font-weight: bold;\">Quale struttura di permalink dovrei avere?<\/a><\/p><\/div>\n\n\n\n<div id=\"permalinks\" class=\"wp-block-toolset-blocks-container tb-container collapse\" data-toolset-blocks-container=\"a8b293a5fc7d5497bbecea796ba236da\">\n<div class=\"wp-block-toolset-blocks-container tb-container card-body card\" data-toolset-blocks-container=\"4709f8ae6b8c27d262b7a97685dda302\">\n<p class=\"tb-heading\" data-toolset-blocks-heading=\"8421bda8b50dfb8caa6445075e894f0b\" data-last-update=\"1.4\">WPML aggiunge informazioni sulla lingua agli URL. \u00c8 stato testato con le seguenti strutture di permalink: <\/p>\n\n\n\n<ul class=\"wp-block-list\">\n<li>Il predefinito<\/li>\n\n\n\n<li>\/%year%\/%monthnum%\/%postname%\/<\/li>\n<\/ul>\n\n\n\n<p class=\"tb-heading\" data-toolset-blocks-heading=\"8421bda8b50dfb8caa6445075e894f0b\" data-last-update=\"1.4\"><strong>Spiegazione:<\/strong><\/p>\n\n\n\n<p class=\"tb-heading\" data-toolset-blocks-heading=\"8421bda8b50dfb8caa6445075e894f0b\" data-last-update=\"1.4\">Anche altre strutture di permalink potrebbero funzionare, ma possono causare problemi su diverse configurazioni. In tutti i nostri siti, utilizziamo <strong>\/%year%\/%monthnum%\/%postname%\/<\/strong>. <\/p>\n\n\n\n<p class=\"tb-heading\" data-toolset-blocks-heading=\"8421bda8b50dfb8caa6445075e894f0b\" data-last-update=\"1.4\">Per le pagine, otterrai esattamente gli stessi URL di <strong>\/%postname%\/<\/strong>. Tuttavia, con questa struttura di permalink, WordPress non confonder\u00e0 le pagine e i post, il che potrebbe causare problemi per la risoluzione della lingua.  <\/p>\n<\/div>\n<\/div>\n<\/div>\n\n\n\n<div class=\"wp-block-toolset-blocks-container tb-container\" data-toolset-blocks-container=\"6ef63d2603c160319392f5afbc8bd96d\">\n<div id=\"calculate-your-cost-lnk\" class=\"tb-fields-and-text\" data-toolset-blocks-fields-and-text=\"a81bc486b5f2bcfbdb7651888eececa7\"><p><a class=\"anchorlink btn btn-primary no-underline\" role=\"button\" href=\"#eval\" data-toggle=\"collapse\" aria-expanded=\"false\" aria-controls=\"collapseExample\" style=\"color: #373737; font-weight: bold;\">Perch\u00e9 dovrei abilitare la funzione eval() PHP?<\/a><\/p><\/div>\n\n\n\n<div id=\"eval\" class=\"wp-block-toolset-blocks-container tb-container collapse\" data-toolset-blocks-container=\"3783bae51680724b42d26398e79850b6\">\n<div class=\"wp-block-toolset-blocks-container tb-container card-body card\" data-toolset-blocks-container=\"4709f8ae6b8c27d262b7a97685dda302\">\n<p class=\"tb-heading\" data-toolset-blocks-heading=\"8421bda8b50dfb8caa6445075e894f0b\" data-last-update=\"1.4\">WPML utilizza il framework <strong>TWIG<\/strong> per la sua struttura e i suoi template. Ci\u00f2 significa che la funzione <strong>eval() <\/strong>deve essere abilitata affinch\u00e9 WPML funzioni correttamente. <\/p>\n\n\n\n<p class=\"tb-heading\" data-toolset-blocks-heading=\"8421bda8b50dfb8caa6445075e894f0b\" data-last-update=\"1.4\">I modelli pi\u00f9 diffusi, come <strong>Smarty<\/strong> e <strong>TWIG<\/strong>, hanno scoperto che \u00e8 pi\u00f9 veloce scrivere il codice PHP in un file. In questo modo, pu\u00f2 sfruttare la memorizzazione nella cache <strong>OPcode<\/strong> ed evitare di richiedere una creazione in fase di esecuzione del codice del modello. <\/p>\n\n\n\n<p class=\"tb-heading\" data-toolset-blocks-heading=\"8421bda8b50dfb8caa6445075e894f0b\" data-last-update=\"1.4\"><strong>TWIG<\/strong> esegue molti controlli e sanificazioni per evitare possibili attacchi ed \u00e8 sicuro da usare con WPML. Tuttavia, non possiamo garantire che altri sviluppatori abbiano eseguito gli stessi controlli che abbiamo fatto noi nel nostro processo di Garanzia della Qualit\u00e0. <\/p>\n\n\n\n<p class=\"tb-heading\" data-toolset-blocks-heading=\"8421bda8b50dfb8caa6445075e894f0b\" data-last-update=\"1.4\">Stiamo ancora studiando possibili soluzioni che non richiedano la compilazione di modelli al volo e che renderebbero superfluo l&#8217;uso della funzione <strong>eval()<\/strong>. Tuttavia, al momento, questa \u00e8 la soluzione migliore. <\/p>\n\n\n\n<p class=\"tb-heading\" data-toolset-blocks-heading=\"8421bda8b50dfb8caa6445075e894f0b\" data-last-update=\"1.4\">Tieni presente che di solito la funzione <strong>eval()<\/strong> non pu\u00f2 essere disabilitata in PHP, ma alcune estensioni come <strong>Suhosin<\/strong> possono farlo. Queste estensioni potrebbero essere installate e configurate dal tuo provider di hosting. <\/p>\n<\/div>\n<\/div>\n<\/div>\n<\/div>\n<\/div>\n","protected":false},"excerpt":{"rendered":"<p>Assicurati che il tuo sito funzioni senza problemi con WPML soddisfacendo questi semplici requisiti minimi. Requisito fondamentale: memoria di WordPress Limite Minimo di Memoria Limite di Memoria Raccomandato 128MB 256MB Scopri come aumentare la memoria di WordPress. Requisiti di versione del sistema Requisiti Aggiuntivi Affinch\u00e9 WPML funzioni correttamente, abilita quanto segue:<\/p>\n","protected":false},"author":1,"featured_media":0,"parent":138151,"menu_order":35,"comment_status":"closed","ping_status":"closed","template":"template-nosidebar-centered.php","meta":{"_bbp_topic_count":0,"_bbp_reply_count":0,"_bbp_total_topic_count":0,"_bbp_total_reply_count":0,"_bbp_voice_count":0,"_bbp_anonymous_reply_count":0,"_bbp_topic_count_hidden":0,"_bbp_reply_count_hidden":0,"_bbp_forum_subforum_count":0,"ep_exclude_from_search":false,"footnotes":""},"related-projects-category":[],"class_list":["post-138067","page","type-page","status-publish","hentry"],"_links":{"self":[{"href":"https:\/\/wpml.org\/it\/wp-json\/wp\/v2\/pages\/138067","targetHints":{"allow":["GET"]}}],"collection":[{"href":"https:\/\/wpml.org\/it\/wp-json\/wp\/v2\/pages"}],"about":[{"href":"https:\/\/wpml.org\/it\/wp-json\/wp\/v2\/types\/page"}],"author":[{"embeddable":true,"href":"https:\/\/wpml.org\/it\/wp-json\/wp\/v2\/users\/1"}],"replies":[{"embeddable":true,"href":"https:\/\/wpml.org\/it\/wp-json\/wp\/v2\/comments?post=138067"}],"version-history":[{"count":8,"href":"https:\/\/wpml.org\/it\/wp-json\/wp\/v2\/pages\/138067\/revisions"}],"predecessor-version":[{"id":17992048,"href":"https:\/\/wpml.org\/it\/wp-json\/wp\/v2\/pages\/138067\/revisions\/17992048"}],"up":[{"embeddable":true,"href":"https:\/\/wpml.org\/it\/wp-json\/wp\/v2\/pages\/138151"}],"wp:attachment":[{"href":"https:\/\/wpml.org\/it\/wp-json\/wp\/v2\/media?parent=138067"}],"wp:term":[{"taxonomy":"related-projects-category","embeddable":true,"href":"https:\/\/wpml.org\/it\/wp-json\/wp\/v2\/related-projects-category?post=138067"}],"curies":[{"name":"wp","href":"https:\/\/api.w.org\/{rel}","templated":true}]}}