{"id":138152,"date":"2010-12-28T13:58:29","date_gmt":"2010-12-28T13:58:29","guid":{"rendered":"http:\/\/wpml.org\/funzionalita\/"},"modified":"2026-02-26T08:08:38","modified_gmt":"2026-02-26T08:08:38","slug":"features","status":"publish","type":"page","link":"https:\/\/wpml.org\/it\/features\/","title":{"rendered":"Funzionalit\u00e0 di WPML"},"content":{"rendered":"\n<div class=\"wp-block-toolset-blocks-container tb-container\" data-toolset-blocks-container=\"1723f581a506bac7b33df317f23843ed\"><div class=\"tb-container-inner\">\n<h1 class=\"tb-heading has-text-color\" data-toolset-blocks-heading=\"a371b389eaca851838f73367f218fe78\" data-last-update=\"1.4\">Funzionalit\u00e0 di WPML<\/h1>\n\n\n\n<h2 class=\"tb-heading has-text-color\" data-toolset-blocks-heading=\"204b4f2d1b010e7c358ea1bee7777442\" data-last-update=\"1.4\">Un&#8217;unica installazione di WordPress \u2013 Pi\u00f9 lingue<\/h2>\n\n\n\n<p class=\"has-text-align-center has-dark-gray-color has-text-color\">WPML ti consente di gestire un sito multilingue da una singola installazione di WordPress. Puoi tradurre tra <a href=\"https:\/\/ate.wpml.org\/wpml_ai\" target=\"_blank\" rel=\"noreferrer noopener\">oltre 2.500 coppie di lingue<\/a> o aggiungere le tue varianti, come il francese canadese o lo spagnolo messicano. <\/p>\n<\/div><\/div>\n\n<div class=\"wp-block-toolset-blocks-container tb-container\" data-toolset-blocks-container=\"7bbfe29c9c6bf63ade056de3df4b2e08\"><div class=\"tb-container-inner\">\n<div class=\"wp-block-toolset-blocks-container tb-container\" data-toolset-blocks-container=\"7ebb1955aec68553fc543c0ceecfdcfa\"><div class=\"tb-container-inner\">\n<h2 class=\"tb-heading has-text-color\" data-toolset-blocks-heading=\"e1436496fb933d7ee75eea0239e04b56\" data-last-update=\"1.4\">Metodi di traduzione flessibili per soddisfare le tue esigenze<\/h2>\n\n\n\n<p class=\"has-text-align-center has-dark-gray-color has-text-color\">Non importa se stai creando e traducendo i siti da solo o se stai realizzando grandi siti per organizzazioni. WPML offre un flusso di lavoro di traduzione adatto a te. <\/p>\n<\/div><\/div>\n\n\n\n<div class=\"wp-block-toolset-blocks-container tb-container\" data-toolset-blocks-container=\"041c373f4e011d694373e84f0db5eb63\">\n<div class=\"wp-block-toolset-blocks-grid tb-grid\" data-toolset-blocks-grid=\"205de38824eb36308b2b47e65abd0dd9\">\n<div class=\"wp-block-toolset-blocks-grid-column tb-grid-column tb-grid-align-center\" data-toolset-blocks-grid-column=\"f586ff7bfe1d7317c63162ec7b7039ed\">\n<div class=\"wp-block-toolset-blocks-container tb-container\" data-toolset-blocks-container=\"2c2bb1e9fdb8c42461bc56f171b7fed2\"><\/div>\n<\/div>\n\n\n\n<div class=\"wp-block-toolset-blocks-grid-column tb-grid-column tb-grid-align-center\" data-toolset-blocks-grid-column=\"a69d9d03e8fd635d3d546808e8e90596\">\n<h2 class=\"tb-heading has-text-color\" data-toolset-blocks-heading=\"f4f61a81fe2d91ae7fc4627ab11dfbf5\" data-last-update=\"1.4\">Traduzioni AI: qualit\u00e0 umana, costi e velocit\u00e0 delle macchine<\/h2>\n\n\n\n<p class=\"has-dark-gray-color has-text-color\">La <a href=\"https:\/\/wpml.org\/it\/documentazione\/traduzione-automatica-per-contenuti-di-wordpress-con-wpml\/\">Traduzione AI<\/a> di WPML \u00e8 la combinazione perfetta di qualit\u00e0, convenienza e velocit\u00e0. Il nostro <a href=\"https:\/\/ptc.wpml.org\/about\/\" target=\"_blank\" rel=\"noreferrer noopener\">Private Translation Cloud (PTC)<\/a> traduce il tuo sito web con piena comprensione del contesto. <\/p>\n\n\n\n<p class=\"has-dark-gray-color has-text-color\">Oltre alla traduzione AI, puoi tradurre tu stesso, assegnare le traduzioni al tuo team o utilizzare uno dei tanti <a href=\"https:\/\/wpml.org\/translation-service\/\">servizi di traduzione professionale<\/a> integrati con WPML.<\/p>\n<\/div>\n<\/div>\n\n\n\n<div class=\"wp-block-toolset-blocks-grid tb-grid\" data-toolset-blocks-grid=\"0b01e4784880e48bf8c621faae890185\">\n<div class=\"wp-block-toolset-blocks-grid-column tb-grid-column tb-grid-align-center\" data-toolset-blocks-grid-column=\"f586ff7bfe1d7317c63162ec7b7039ed\">\n<h2 class=\"tb-heading has-text-color\" data-toolset-blocks-heading=\"74c7a87db3b5fc57d51c36cedd809376\" data-last-update=\"1.4\">Controllo del flusso di lavoro di traduzione<\/h2>\n\n\n\n<p class=\"has-dark-gray-color has-text-color\">La <a href=\"https:\/\/wpml.org\/it\/documentazione\/traduzione-dei-vostri-contenuti\/\">Gestione traduzioni<\/a> di WPML ti permette di controllare cosa tradurre e come farlo. Traduci l&#8217;intero sito automaticamente, usa la traduzione automatica per articoli e pagine specifici o traduci i contenuti del tuo sito personalmente. <\/p>\n<\/div>\n\n\n\n<div class=\"wp-block-toolset-blocks-grid-column tb-grid-column tb-grid-align-center\" data-toolset-blocks-grid-column=\"a69d9d03e8fd635d3d546808e8e90596\">\n<div class=\"wp-block-toolset-blocks-container tb-container\" data-toolset-blocks-container=\"c086b450d8ea287800efb8a4002ce616\"><\/div>\n<\/div>\n<\/div>\n<\/div>\n<\/div><\/div>\n\n<div class=\"wp-block-toolset-blocks-container tb-container\" data-toolset-blocks-container=\"d67e0df9b8a84033a20ea3e7351897fb\"><div class=\"tb-container-inner\">\n<div class=\"wp-block-toolset-blocks-grid tb-grid\" data-toolset-blocks-grid=\"058eac82b0dca681301a7be483fc7a0f\">\n<div class=\"wp-block-toolset-blocks-grid-column tb-grid-column tb-grid-align-center\" data-toolset-blocks-grid-column=\"f586ff7bfe1d7317c63162ec7b7039ed\">\n<h2 class=\"tb-heading has-text-color\" data-toolset-blocks-heading=\"f4f61a81fe2d91ae7fc4627ab11dfbf5\" data-last-update=\"1.4\">E-commerce multilingue e multivaluta<\/h2>\n\n\n\n<p class=\"has-dark-gray-color has-text-color\">Con WPML, puoi gestire facilmente un negozio WooCommerce <a href=\"https:\/\/wpml.org\/it\/documentazione\/progetti-collegati\/woocommerce-multilingual-eseguire-siti-di-e-commerce-in-diverse-lingue\/\">multilingue<\/a> e <a href=\"https:\/\/wpml.org\/it\/documentazione\/progetti-collegati\/woocommerce-multilingual-eseguire-siti-di-e-commerce-in-diverse-lingue\/funzioni-multivaluta-per-woocommerce\/\">multivaluta<\/a>. Avrai il supporto completo per tutti i tipi di prodotti, vendite e promozioni: tutto ci\u00f2 che WooCommerce offre. <\/p>\n\n\n\n<p class=\"has-dark-gray-color has-text-color\">I tuoi clienti godranno di un&#8217;esperienza di acquisto fluida e completamente localizzata, dalla navigazione dei prodotti al checkout e alle e-mail di conferma.<\/p>\n\n\n\n<div class=\"wp-block-toolset-blocks-container tb-container\" data-toolset-blocks-container=\"e663d9134aa1e90319a4958a26b926b2\"><\/div>\n<\/div>\n\n\n\n<div class=\"wp-block-toolset-blocks-grid-column tb-grid-column tb-grid-align-center\" data-toolset-blocks-grid-column=\"f586ff7bfe1d7317c63162ec7b7039ed\">\n<div class=\"wp-block-toolset-blocks-container tb-container\" data-toolset-blocks-container=\"c95ba1166e45d3aef2b13cd05faff1a9\"><\/div>\n<\/div>\n<\/div>\n<\/div><\/div>\n\n<div class=\"wp-block-toolset-blocks-container tb-container\" data-toolset-blocks-container=\"e10c85e3c34c1f6f73ff3f5d7fb9bcc9\"><div class=\"tb-container-inner\">\n<div class=\"wp-block-toolset-blocks-grid tb-grid\" data-toolset-blocks-grid=\"8e65cba89c4429b24bf745e02a1d1729\">\n<div class=\"wp-block-toolset-blocks-grid-column tb-grid-column tb-grid-align-center\" data-toolset-blocks-grid-column=\"f586ff7bfe1d7317c63162ec7b7039ed\">\n<div class=\"wp-block-toolset-blocks-container tb-container\" data-toolset-blocks-container=\"5bf33c74abe5765091d5279d9fabda7c\"><\/div>\n<\/div>\n\n\n\n<div class=\"wp-block-toolset-blocks-grid-column tb-grid-column tb-grid-align-center\" data-toolset-blocks-grid-column=\"a69d9d03e8fd635d3d546808e8e90596\">\n<h2 class=\"tb-heading has-text-color\" data-toolset-blocks-heading=\"f4f61a81fe2d91ae7fc4627ab11dfbf5\" data-last-update=\"1.4\">String Translation<\/h2>\n\n\n\n<p class=\"has-dark-gray-color has-text-color\">Puoi tradurre i testi di altri plugin e delle schermate di amministrazione direttamente dall&#8217;interfaccia <a href=\"https:\/\/wpml.org\/it\/documentazione\/guida-introduttiva\/string-translation\/\">String Translation<\/a> di WPML.<\/p>\n\n\n\n<p class=\"has-dark-gray-color has-text-color\">Vedrai da dove provengono i testi sia nel codice che nel sito, in modo che le tue traduzioni siano coerenti.<\/p>\n<\/div>\n<\/div>\n<\/div><\/div>\n\n<div class=\"wp-block-toolset-blocks-container tb-container\" data-toolset-blocks-container=\"c7afdd53b71cfee49b8b74cb53bf4095\"><div class=\"tb-container-inner\">\n<div class=\"wp-block-toolset-blocks-grid tb-grid\" data-toolset-blocks-grid=\"00fda5c768cc15ca6079c53aec0b3275\">\n<div class=\"wp-block-toolset-blocks-grid-column tb-grid-column tb-grid-align-center\" data-toolset-blocks-grid-column=\"f586ff7bfe1d7317c63162ec7b7039ed\">\n<div class=\"wp-block-toolset-blocks-container tb-container\" data-toolset-blocks-container=\"03b9e7a5da291bff6e9fd682d5046108\"><\/div>\n\n\n\n<h2 class=\"tb-heading has-text-color\" data-toolset-blocks-heading=\"74c7a87db3b5fc57d51c36cedd809376\" data-last-update=\"1.4\">SEO multilingue<\/h2>\n\n\n\n<p class=\"has-dark-gray-color has-text-color\">WPML ti aiuta a ottimizzare il sito per i motori di ricerca in ogni lingua. Puoi impostare le lingue utilizzando TLD, sottodomini, cartelle o parametri linguistici. Ti permette di tradurre gli slug delle pagine, i meta SEO e i titoli.  <\/p>\n\n\n\n<p class=\"has-dark-gray-color has-text-color\">WPML si integra con tutti i <a href=\"https:\/\/wpml.org\/it\/plugin-functionality\/seo-it\/\">pi\u00f9 popolari plugin SEO<\/a>, cos\u00ec puoi gestire facilmente la SEO on-page, anche se non parli le lingue in cui stai traducendo.<\/p>\n<\/div>\n\n\n\n<div class=\"wp-block-toolset-blocks-grid-column tb-grid-column tb-grid-align-center\" data-toolset-blocks-grid-column=\"a69d9d03e8fd635d3d546808e8e90596\">\n<div class=\"wp-block-toolset-blocks-container tb-container\" data-toolset-blocks-container=\"df67208a5b04d9464f94136ec8cfc03e\"><\/div>\n<\/div>\n<\/div>\n<\/div><\/div>\n\n<div class=\"wp-block-toolset-blocks-container tb-container\" data-toolset-blocks-container=\"6423f1c849c4fd2870eeaf2ceeae8ecb\"><div class=\"tb-container-inner\">\n<div class=\"wp-block-toolset-blocks-grid tb-grid\" data-toolset-blocks-grid=\"252a09e5f8fc80ab670ecd3bc6c3fbb8\">\n<div class=\"wp-block-toolset-blocks-grid-column tb-grid-column\" data-toolset-blocks-grid-column=\"a6e73c9bcfb6574667bd3043cd1e8d9d\">\n<div class=\"wp-block-toolset-blocks-container tb-container\" data-toolset-blocks-container=\"6027e47d23979dec09f13b0773994282\">\n<div class=\"wp-block-toolset-blocks-grid tb-grid\" data-toolset-blocks-grid=\"f708cf0d1b02e959d399e0511c112efe\">\n<div class=\"wp-block-toolset-blocks-grid-column tb-grid-column tb-grid-align-center\" data-toolset-blocks-grid-column=\"f586ff7bfe1d7317c63162ec7b7039ed\">\n<div class=\"wp-block-toolset-blocks-container tb-container\" data-toolset-blocks-container=\"e1541660ea5a27a752d4968d6e755cc6\"><\/div>\n<\/div>\n\n\n\n<div class=\"wp-block-toolset-blocks-grid-column tb-grid-column tb-grid-align-center\" data-toolset-blocks-grid-column=\"f586ff7bfe1d7317c63162ec7b7039ed\">\n<h3 class=\"tb-heading has-text-color\" data-toolset-blocks-heading=\"c27a0229686ff8d27e7d7ed8fe105882\" data-last-update=\"1.4\">Veloce ed efficiente<\/h3>\n<\/div>\n<\/div>\n\n\n\n<p class=\"has-dark-gray-color has-text-color\">Il design modulare di WPML ti consente di utilizzare esattamente i componenti necessari per ogni sito. Ad ogni rilascio ci assicuriamo che le prestazioni rimangano eccellenti, sia nel pannello di amministrazione che nel front-end del sito. <\/p>\n<\/div>\n<\/div>\n\n\n\n<div class=\"wp-block-toolset-blocks-grid-column tb-grid-column\" data-toolset-blocks-grid-column=\"a6e73c9bcfb6574667bd3043cd1e8d9d\">\n<div class=\"wp-block-toolset-blocks-container tb-container\" data-toolset-blocks-container=\"8cdc2221991620356f08c32bea7c4c97\">\n<div class=\"wp-block-toolset-blocks-grid tb-grid\" data-toolset-blocks-grid=\"83e5c232323f100fe5f76e355a1bf8c4\">\n<div class=\"wp-block-toolset-blocks-grid-column tb-grid-column tb-grid-align-center\" data-toolset-blocks-grid-column=\"f586ff7bfe1d7317c63162ec7b7039ed\">\n<div class=\"wp-block-toolset-blocks-container tb-container\" data-toolset-blocks-container=\"5c096946af0a01cc6089e037ed0321cd\"><\/div>\n<\/div>\n\n\n\n<div class=\"wp-block-toolset-blocks-grid-column tb-grid-column tb-grid-align-center\" data-toolset-blocks-grid-column=\"f586ff7bfe1d7317c63162ec7b7039ed\">\n<h3 class=\"tb-heading has-text-color\" data-toolset-blocks-heading=\"c27a0229686ff8d27e7d7ed8fe105882\" data-last-update=\"1.4\">Stabile e sicuro<\/h3>\n<\/div>\n<\/div>\n\n\n\n<p class=\"has-dark-gray-color has-text-color\">WPML \u00e8 sempre pronto prima di ogni rilascio di WordPress e copre tutte le funzionalit\u00e0 e gli aggiornamenti di sicurezza di WordPress. Prendiamo seriamente la sicurezza, utilizziamo audit interni ed esterni e rispondiamo immediatamente ai problemi. Con oltre <strong>1,5 milioni di siti che utilizzano WPML<\/strong>, non possiamo tollerare vulnerabilit\u00e0.  <\/p>\n<\/div>\n<\/div>\n<\/div>\n<\/div><\/div>\n\n<div class=\"wp-block-toolset-blocks-container tb-container\" data-toolset-blocks-container=\"0b8b1c95954917919a94bad97ec5a83c\"><div class=\"tb-container-inner\">\n<div class=\"wp-block-toolset-blocks-grid tb-grid\" data-toolset-blocks-grid=\"a000dbc34526ad3dd29c253de174bfdc\">\n<div class=\"wp-block-toolset-blocks-grid-column tb-grid-column tb-grid-align-top\" data-toolset-blocks-grid-column=\"3034fbe886c11054e95b46b09d3e4112\">\n<div class=\"wp-block-toolset-blocks-container tb-container\" data-toolset-blocks-container=\"60103c15e61442c0f49fe2265333c012\"><\/div>\n<\/div>\n\n\n\n<div class=\"wp-block-toolset-blocks-grid-column tb-grid-column tb-grid-align-center\" data-toolset-blocks-grid-column=\"f586ff7bfe1d7317c63162ec7b7039ed\">\n<h2 class=\"tb-heading has-text-color\" data-toolset-blocks-heading=\"f4f61a81fe2d91ae7fc4627ab11dfbf5\" data-last-update=\"1.4\">Funziona con quasi tutti i temi e plugin di WordPress<\/h2>\n\n\n\n<p class=\"has-dark-gray-color has-text-color\">WPML funziona perfettamente con la maggior parte dei temi e dei plugin di WordPress seguendo gli standard di WordPress. Puoi tradurre articoli, pagine, tipi di post personalizzati, campi, widget, menu, tassonomie, immagini, media e persino i testi di amministrazione. <\/p>\n\n\n\n<p class=\"has-dark-gray-color has-text-color\">Collaboriamo anche con gli autori di plugin e temi per garantire la compatibilit\u00e0. Controlla le nostre directory dei <a href=\"https:\/\/wpml.org\/theme\/\">temi<\/a> e dei <a href=\"https:\/\/wpml.org\/plugin\/\">plugin<\/a> per confermare che abbiamo testato quelli che utilizzi. <\/p>\n<\/div>\n<\/div>\n<\/div><\/div>\n\n<div class=\"wp-block-toolset-blocks-container tb-container\" data-toolset-blocks-container=\"6423f1c849c4fd2870eeaf2ceeae8ecb\"><div class=\"tb-container-inner\">\n<div class=\"wp-block-toolset-blocks-grid tb-grid product-page-content\" data-toolset-blocks-grid=\"5b4d2c35c051affa002bb1700463ba47\">\n<div class=\"wp-block-toolset-blocks-grid-column tb-grid-column tb-grid-align-top\" data-toolset-blocks-grid-column=\"3034fbe886c11054e95b46b09d3e4112\">\n<h2 class=\"tb-heading has-text-color\" data-toolset-blocks-heading=\"f4f61a81fe2d91ae7fc4627ab11dfbf5\" data-last-update=\"1.4\">Supporto affidabile, sviluppo proattivo<\/h2>\n\n\n\n<p class=\"has-dark-gray-color has-text-color\">WPML offre supporto 6 giorni su 7, 19 ore al giorno, in 9 lingue. Il nostro team globale copre i fusi orari dalle mattine dell&#8217;Asia-Pacifico alle sere del Pacifico statunitense. Facciamo i turni durante le festivit\u00e0 per garantire che il supporto funzioni senza intoppi.  <\/p>\n\n\n\n<p class=\"has-dark-gray-color has-text-color\">Quando acquisti WPML, ottieni la massima tranquillit\u00e0: le tue domande riceveranno risposta e i problemi verranno risolti.<\/p>\n\n\n\n<p class=\"has-dark-gray-color has-text-color\">I nostri sviluppatori lavorano in modo proattivo:<\/p>\n\n\n\n<ul class=\"wp-block-list has-dark-gray-color has-text-color\">\n<li>Rilasciamo aggiornamenti prima delle nuove versioni di WordPress<\/li>\n\n\n\n<li>Garantiamo la compatibilit\u00e0 con i plugin e i temi pi\u00f9 diffusi<\/li>\n\n\n\n<li>Rispondiamo immediatamente ai problemi di sicurezza<\/li>\n\n\n\n<li>Ci concentriamo sulla stabilit\u00e0, sulle prestazioni e sulle esigenze future del tuo sito<\/li>\n<\/ul>\n\n\n\n<div class=\"wp-block-toolset-blocks-grid tb-grid\" data-toolset-blocks-grid=\"c1922e6726dfd0eb10d6bff560a62893\">\n<div class=\"wp-block-toolset-blocks-grid-column tb-grid-column tb-grid-align-top\" data-toolset-blocks-grid-column=\"3034fbe886c11054e95b46b09d3e4112\">\n<p class=\"tb-heading has-text-color\" data-toolset-blocks-heading=\"9a939f4816097cdf53e0c4b0c039aeb7\" data-last-update=\"1.4\">6<\/p>\n\n\n\n<p class=\"tb-heading has-text-color\" data-toolset-blocks-heading=\"d683b7d4811dfc68d864079cabb63af9\" data-last-update=\"1.4\">giorni a settimana<\/p>\n<\/div>\n\n\n\n<div class=\"wp-block-toolset-blocks-grid-column tb-grid-column tb-grid-align-top\" data-toolset-blocks-grid-column=\"3034fbe886c11054e95b46b09d3e4112\">\n<p class=\"tb-heading has-text-color\" data-toolset-blocks-heading=\"020798d8a809c5b8204282715e010296\" data-last-update=\"1.4\">19<\/p>\n\n\n\n<p class=\"tb-heading has-text-color\" data-toolset-blocks-heading=\"d683b7d4811dfc68d864079cabb63af9\" data-last-update=\"1.4\">ore al giorno<\/p>\n<\/div>\n\n\n\n<div class=\"wp-block-toolset-blocks-grid-column tb-grid-column tb-grid-align-top\" data-toolset-blocks-grid-column=\"3034fbe886c11054e95b46b09d3e4112\">\n<p class=\"tb-heading has-text-color\" data-toolset-blocks-heading=\"8b5157a08b306a9c80154d58c72ebd72\" data-last-update=\"1.4\">9<\/p>\n\n\n\n<p class=\"tb-heading has-text-color\" data-toolset-blocks-heading=\"6029b8c62c707d33c2a9fd334f0a8cb6\" data-last-update=\"1.4\">lingue<\/p>\n<\/div>\n<\/div>\n<\/div>\n\n\n\n<div class=\"wp-block-toolset-blocks-grid-column tb-grid-column tb-grid-align-center\" data-toolset-blocks-grid-column=\"b7562241931e22881376ef37ab0374cb\">\n<figure class=\"wp-block-image size-large\"><img decoding=\"async\" src=\"https:\/\/wpml.org\/wp-content\/uploads\/2021\/07\/WPML-support-team2-768x787.png\" alt=\"\"\/><\/figure>\n<\/div>\n<\/div>\n<\/div><\/div>\n\n<div class=\"wp-block-toolset-blocks-container tb-container\" data-toolset-blocks-container=\"b397d5c8682b537e0c7c07efb09adced\"><div class=\"tb-container-inner\"><div class=\"wp-block-image\">\n<figure class=\" tb-image tb-image-dynamic tb-image-frame-none aligncenter\" data-toolset-blocks-image=\"a0095963e04227a4faea5e5fe40f9e98\"><img decoding=\"async\" width=\"139\" height=\"120\" loading=\"lazy\" src=\"https:\/\/wpml.org\/wp-content\/uploads\/2021\/07\/heart-1.png\" alt=\"\" class=\"wp-image-9158597\"\/><\/figure>\n<\/div>\n\n\n<p class=\"has-text-align-center has-dark-gray-color has-text-color\">WPML \u00e8 il nostro lavoro.<br\/>Ci assicuriamo che ti piaccia usare WPML, cos\u00ec continuerai a sceglierci.<\/p>\n<\/div><\/div>\n","protected":false},"excerpt":{"rendered":"","protected":false},"author":2,"featured_media":0,"parent":0,"menu_order":41,"comment_status":"closed","ping_status":"closed","template":"template-full.php","meta":{"_bbp_topic_count":0,"_bbp_reply_count":0,"_bbp_total_topic_count":0,"_bbp_total_reply_count":0,"_bbp_voice_count":0,"_bbp_anonymous_reply_count":0,"_bbp_topic_count_hidden":0,"_bbp_reply_count_hidden":0,"_bbp_forum_subforum_count":0,"ep_exclude_from_search":false,"footnotes":""},"related-projects-category":[],"class_list":["post-138152","page","type-page","status-publish","hentry"],"_links":{"self":[{"href":"https:\/\/wpml.org\/it\/wp-json\/wp\/v2\/pages\/138152","targetHints":{"allow":["GET"]}}],"collection":[{"href":"https:\/\/wpml.org\/it\/wp-json\/wp\/v2\/pages"}],"about":[{"href":"https:\/\/wpml.org\/it\/wp-json\/wp\/v2\/types\/page"}],"author":[{"embeddable":true,"href":"https:\/\/wpml.org\/it\/wp-json\/wp\/v2\/users\/2"}],"replies":[{"embeddable":true,"href":"https:\/\/wpml.org\/it\/wp-json\/wp\/v2\/comments?post=138152"}],"version-history":[{"count":8,"href":"https:\/\/wpml.org\/it\/wp-json\/wp\/v2\/pages\/138152\/revisions"}],"predecessor-version":[{"id":17855028,"href":"https:\/\/wpml.org\/it\/wp-json\/wp\/v2\/pages\/138152\/revisions\/17855028"}],"wp:attachment":[{"href":"https:\/\/wpml.org\/it\/wp-json\/wp\/v2\/media?parent=138152"}],"wp:term":[{"taxonomy":"related-projects-category","embeddable":true,"href":"https:\/\/wpml.org\/it\/wp-json\/wp\/v2\/related-projects-category?post=138152"}],"curies":[{"name":"wp","href":"https:\/\/api.w.org\/{rel}","templated":true}]}}