{"id":141129,"date":"2009-05-08T00:41:34","date_gmt":"2009-05-08T00:41:34","guid":{"rendered":"http:\/\/wpml.org\/documentazione\/informazioni-per-gli-sviluppatori\/"},"modified":"2026-02-26T08:11:09","modified_gmt":"2026-02-26T08:11:09","slug":"informazioni-per-gli-sviluppatori","status":"publish","type":"page","link":"https:\/\/wpml.org\/it\/documentazione\/informazioni-per-gli-sviluppatori\/","title":{"rendered":"Informazioni per sviluppatori"},"content":{"rendered":"\n<p class=\"lead\">WPML ti consente di gestire un sito WordPress in pi\u00f9 lingue.<\/p>\n\n<p>La configurazione di base di WPML richiede pochi minuti e ti aiuta a preparare il tuo sito per il multilinguismo. Quindi, puoi personalizzare il comportamento e l&#8217;aspetto del tuo sito in base alle tue specifiche. <\/p>\n\n<h2 class=\"wp-block-heading\">1) Trasforma il tuo sito in lingua singola in un sito multilingue<\/h2>\n\n<div class=\"wp-block-toolset-blocks-container tb-container\" data-toolset-blocks-container=\"fba9754e5043c28e03bff60537062a61\">\n<p>Questa attivit\u00e0 sar\u00e0 pi\u00f9 facile da affrontare con l&#8217;aiuto di queste guide:<\/p>\n\n\n\n<ul class=\"wp-block-list\">\n<li><a href=\"https:\/\/ptc.wpml.org\/documentation\/translate-wordpress-themes-and-plugins-with-ai\/\" target=\"_blank\" rel=\"noreferrer noopener\">Preparazione e traduzione di file PO\/POT per temi e plugin WordPress <\/a><\/li>\n\n\n\n<li><a href=\"https:\/\/wpml.org\/documentation\/support\/achieving-wpml-compatibility-for-your-themes-and-plugins\/\">Rendere i tuoi temi e plugin compatibili con WPML<\/a><\/li>\n\n\n\n<li><a href=\"https:\/\/wpml.org\/documentation\/support\/making-woocommerce-themes-multilingual-and-multi-currency-ready\/\">Rendere i temi WooCommerce multilingue e pronti per pi\u00f9 valute<\/a><\/li>\n<\/ul>\n<\/div>\n\n<h2 class=\"wp-block-heading\">2) Temi e plugin predisposti per il multilinguismo<\/h2>\n\n<div class=\"wp-block-toolset-blocks-container tb-container\" data-toolset-blocks-container=\"fba9754e5043c28e03bff60537062a61\">\n<p>Il team di compatibilit\u00e0 di WPML testa migliaia di temi e plugin. Puoi trovare cosa \u00e8 stato testato e funziona bene con WPML in questi elenchi. <\/p>\n\n\n\n<ul class=\"wp-block-list\">\n<li><a href=\"https:\/\/wpml.org\/it\/documentazione\/compatibilita-dei-temi\/\">Compatibilit\u00e0 del tema<\/a><\/li>\n\n\n\n<li><a href=\"https:\/\/wpml.org\/plugin\/\">Compatibilit\u00e0 dei plugin<\/a><\/li>\n<\/ul>\n\n\n\n<p>Gli autori di temi e plugin sono invitati a partecipare al programma <a href=\"https:\/\/wpml.org\/it\/documentazione\/informazioni-per-gli-sviluppatori\/go-global-programma-di-compatibilita-wpml\/\">Go Global<\/a> di WPML, dove puoi ottenere aiuto affinch\u00e9 i nostri prodotti funzionino bene insieme.<\/p>\n<\/div>\n\n<h2 class=\"wp-block-heading\">3) Crea siti multilingue con tipi di post personalizzati, campi e tassonomie<\/h2>\n\n<div class=\"wp-block-toolset-blocks-container tb-container\" data-toolset-blocks-container=\"fba9754e5043c28e03bff60537062a61\">\n<p>Scopri come i tipi di post personalizzati, i campi e le tassonomie rendono i siti web multilingue facili da tradurre per i tuoi clienti e da mantenere per te.<\/p>\n\n\n\n<ul class=\"wp-block-list\">\n<li><a href=\"https:\/\/wpml.org\/documentation\/developing-custom-multilingual-sites\/\">Sviluppare siti personalizzati multilingue<\/a><\/li>\n<\/ul>\n<\/div>\n\n<h2 class=\"wp-block-heading\">4) Sviluppa siti multilingue con WPML e page builder<\/h2>\n\n<div class=\"wp-block-toolset-blocks-container tb-container\" data-toolset-blocks-container=\"fba9754e5043c28e03bff60537062a61\">\n<p>Scopri come sviluppare siti web con WPML e page builder che utilizzano shortcode e come registrare i widget del page builder per la traduzione.<\/p>\n\n\n\n<ul class=\"wp-block-list\">\n<li><a href=\"https:\/\/wpml.org\/documentation\/support\/language-configuration-files\/how-to-register-page-builder-widgets-for-translation\/\">Registrare i widget del page builder per la traduzione<\/a><\/li>\n\n\n\n<li><a href=\"https:\/\/wpml.org\/documentation\/support\/maintaining-wpbakery-page-builder-compatibility-with-wpml\/\">Mantenere la compatibilit\u00e0 di WPBakery Page Builder con WPML<\/a><\/li>\n\n\n\n<li><a href=\"https:\/\/wpml.org\/documentation\/support\/maintaining-the-cornerstone-page-builder-x-theme-compatibility-with-wpml\/\">Mantenere la compatibilit\u00e0 di CornerStone con WPML<\/a><\/li>\n\n\n\n<li><a href=\"https:\/\/wpml.org\/documentation\/support\/maintaining-avia-layout-builder-enfold-compatibility-wpml\/\">Mantenere la compatibilit\u00e0 di Enfold con WPML<\/a><\/li>\n\n\n\n<li><a href=\"https:\/\/wpml.org\/documentation\/support\/maintaining-divi-builder-compatibility-wpml\/\">Mantenere la compatibilit\u00e0 di Divi Builder con WPML<\/a><\/li>\n\n\n\n<li><a href=\"https:\/\/wpml.org\/documentation\/support\/maintaining-the-fusion-builder-avada-compatibility-with-wpml\/\">Mantenere la compatibilit\u00e0 di Avada Builder con WPML<\/a><\/li>\n<\/ul>\n<\/div>\n\n<h2 class=\"wp-block-heading\">5) Altre risorse per programmatori<a href=\"https:\/\/wpml.org\/it\/documentazione\/informazioni-per-gli-sviluppatori\/#5-other-programmer-resources\"><\/a><\/h2>\n\n<div class=\"wp-block-toolset-blocks-container tb-container\" data-toolset-blocks-container=\"fba9754e5043c28e03bff60537062a61\">\n<ul class=\"wp-block-list\">\n<li><a href=\"https:\/\/wpml.org\/documentation\/support\/translating-the-theme-you-created\/\">Traduzione di temi WordPress<\/a> <a href=\"https:\/\/ptc.wpml.org\/documentation\/translate-wordpress-themes-and-plugins-with-ai\/\" target=\"_blank\" rel=\"noreferrer noopener\">con<\/a> <a href=\"https:\/\/wpml.org\/documentation\/support\/translating-the-theme-you-created\/\">file .mo<\/a><\/li>\n\n\n\n<li><a href=\"https:\/\/wpml.org\/documentation\/support\/embedded-installer-authors\/\">Aggiungere WPML-installer al tuo tema o plugin<\/a><\/li>\n\n\n\n<li><a href=\"https:\/\/wpml.org\/documentation\/support\/wpml-admin-capabilities\/\">Aggiungi funzionalit\u00e0 personalizzate per l&#8217;amministratore<\/a><\/li>\n\n\n\n<li><a href=\"https:\/\/wpml.org\/documentation\/support\/wpml-coding-api\/\">API di codifica di WPML<\/a><\/li>\n\n\n\n<li><a href=\"https:\/\/wpml.org\/documentation\/support\/wpml-tables\/\">Tabelle del database di WPML<\/a><\/li>\n\n\n\n<li><a href=\"https:\/\/wpml.org\/documentation\/support\/sending-emails-with-wpml\/\">Inviare email con WPML<\/a><\/li>\n\n\n\n<li><a href=\"https:\/\/wpml.org\/documentation\/support\/browser-cookies-stored-wpml\/\">Cookie del browser memorizzati da WPML<\/a><\/li>\n\n\n\n<li><a href=\"https:\/\/wpml.org\/documentation\/support\/cron-jobs-run-by-wpml-and-woocommerce-multilingual\/\">Cron job eseguiti da WPML e WPML Multilingual &amp; Multicurrency for WooCommerce<\/a><\/li>\n\n\n\n<li><a href=\"https:\/\/wpml.org\/documentation\/support\/wpml-troubleshooting-options\/\">Opzioni di risoluzione dei problemi di WPML<\/a><\/li>\n\n\n\n<li><a href=\"https:\/\/wpml.org\/documentation\/support\/using-wpml-with-redis-caching\/\">Usare WPML con la cache Redis<\/a><\/li>\n\n\n\n<li><a href=\"https:\/\/wpml.org\/documentation\/support\/string-package-translation\/\">Come creare pacchetti di stringhe<\/a><\/li>\n<\/ul>\n<\/div>\n\n<p><\/p>\n","protected":false},"excerpt":{"rendered":"<p>WPML ti consente di gestire un sito WordPress in pi\u00f9 lingue. La configurazione di base di WPML richiede pochi minuti e ti aiuta a preparare il tuo sito per il multilinguismo. Quindi, puoi personalizzare il comportamento e l&#8217;aspetto del tuo sito in base alle tue specifiche. 1) Trasforma il tuo sito in lingua singola in [&hellip;]<\/p>\n","protected":false},"author":10760,"featured_media":0,"parent":138082,"menu_order":79,"comment_status":"closed","ping_status":"closed","template":"template-nosidebar-centered.php","meta":{"_bbp_topic_count":0,"_bbp_reply_count":0,"_bbp_total_topic_count":0,"_bbp_total_reply_count":0,"_bbp_voice_count":0,"_bbp_anonymous_reply_count":0,"_bbp_topic_count_hidden":0,"_bbp_reply_count_hidden":0,"_bbp_forum_subforum_count":0,"ep_exclude_from_search":false,"footnotes":""},"related-projects-category":[],"class_list":["post-141129","page","type-page","status-publish","hentry"],"_links":{"self":[{"href":"https:\/\/wpml.org\/it\/wp-json\/wp\/v2\/pages\/141129","targetHints":{"allow":["GET"]}}],"collection":[{"href":"https:\/\/wpml.org\/it\/wp-json\/wp\/v2\/pages"}],"about":[{"href":"https:\/\/wpml.org\/it\/wp-json\/wp\/v2\/types\/page"}],"author":[{"embeddable":true,"href":"https:\/\/wpml.org\/it\/wp-json\/wp\/v2\/users\/10760"}],"replies":[{"embeddable":true,"href":"https:\/\/wpml.org\/it\/wp-json\/wp\/v2\/comments?post=141129"}],"version-history":[{"count":8,"href":"https:\/\/wpml.org\/it\/wp-json\/wp\/v2\/pages\/141129\/revisions"}],"predecessor-version":[{"id":17855124,"href":"https:\/\/wpml.org\/it\/wp-json\/wp\/v2\/pages\/141129\/revisions\/17855124"}],"up":[{"embeddable":true,"href":"https:\/\/wpml.org\/it\/wp-json\/wp\/v2\/pages\/138082"}],"wp:attachment":[{"href":"https:\/\/wpml.org\/it\/wp-json\/wp\/v2\/media?parent=141129"}],"wp:term":[{"taxonomy":"related-projects-category","embeddable":true,"href":"https:\/\/wpml.org\/it\/wp-json\/wp\/v2\/related-projects-category?post=141129"}],"curies":[{"name":"wp","href":"https:\/\/api.w.org\/{rel}","templated":true}]}}