{"id":141466,"date":"2011-01-03T13:25:51","date_gmt":"2011-01-03T13:25:51","guid":{"rendered":"http:\/\/wpml.org\/documentazione\/traduzione-dei-vostri-contenuti\/utilizzare-translation-management-di-wpml\/"},"modified":"2025-07-23T06:55:19","modified_gmt":"2025-07-23T06:55:19","slug":"utilizzare-translation-management-di-wpml","status":"publish","type":"page","link":"https:\/\/wpml.org\/it\/documentazione\/traduzione-dei-vostri-contenuti\/utilizzare-translation-management-di-wpml\/","title":{"rendered":"Classic Translation Editor"},"content":{"rendered":"\n<div class=\"wp-block-toolset-blocks-container tb-container alignfull\" data-toolset-blocks-container=\"f387b05605cc07c2cd98c64265b7121a\"><div class=\"tb-container-inner\">\n<p class=\"tb-heading has-text-color\" data-toolset-blocks-heading=\"0190bf5c0f5e682e6e1d8be7e6f401ac\" data-last-update=\"1.4\"><span><span><a href=\"https:\/\/wpml.org\/it\/pagina-iniziale\/\">Home<\/a><\/span><\/span><\/p>\n\n\n\n<div class=\"wp-block-toolset-blocks-grid tb-grid\" data-toolset-blocks-grid=\"4361e951e6234c2fe8a703abfa576eaf\">\n<div class=\"wp-block-toolset-blocks-grid-column tb-grid-column tb-grid-align-center\" data-toolset-blocks-grid-column=\"f586ff7bfe1d7317c63162ec7b7039ed\">\n<h1 class=\"tb-heading has-text-color\" data-toolset-blocks-heading=\"8325180aaf713663aafcf08bcb0c259e\" data-last-update=\"1.4\">Classic Translation Editor<\/h1>\n\n\n\n<p class=\"tb-heading has-text-color\" data-toolset-blocks-heading=\"8ba3aef1f3dbe59b666309c56750fe7a\" data-last-update=\"1.4\">L&#8217;editor di traduzione classico \u00e8 l&#8217;editor legacy di WPML per tradurre manualmente i contenuti del tuo sito WordPress. <\/p>\n\n\n\n<div class=\"wp-block-toolset-blocks-container tb-container\" data-toolset-blocks-container=\"c82e9e0659e57b43576db7a5c7cbe3f1\">\n<div class=\"wp-block-toolset-blocks-grid tb-grid\" data-toolset-blocks-grid=\"1b251135c9f43092d26db7e3b0813ee5\">\n<div class=\"wp-block-toolset-blocks-grid-column tb-grid-column tb-grid-align-top\" data-toolset-blocks-grid-column=\"3034fbe886c11054e95b46b09d3e4112\">\n<div class=\"wp-block-toolset-blocks-container tb-container\" data-toolset-blocks-container=\"68b068f047d669306e0b51110e335bb9\"><\/div>\n<\/div>\n\n\n\n<div class=\"wp-block-toolset-blocks-grid-column tb-grid-column tb-grid-align-top\" data-toolset-blocks-grid-column=\"3034fbe886c11054e95b46b09d3e4112\">\n<p class=\"tb-heading has-text-color\" data-toolset-blocks-heading=\"6b0edee257fd23ea76bab786d83a8c96\" data-last-update=\"1.4\">L&#8217;editor di traduzione classico \u00e8 una funzionalit\u00e0 legacy<\/p>\n\n\n\n<p class=\"tb-heading has-text-color\" data-toolset-blocks-heading=\"eba16063eb5d21f1fcee2cf9f73cc490\" data-last-update=\"1.4\">Per una migliore qualit\u00e0 della traduzione, nuove funzionalit\u00e0 e un&#8217;esperienza migliorata, usa l&#8217;<a href=\"https:\/\/wpml.org\/it\/documentazione\/traduzione-dei-vostri-contenuti\/editor-di-traduzione-avanzato\/\">Editor di traduzione avanzato<\/a> di WPML.<\/p>\n<\/div>\n<\/div>\n<\/div>\n<\/div>\n\n\n\n<div class=\"wp-block-toolset-blocks-grid-column tb-grid-column tb-grid-align-center\" data-toolset-blocks-grid-column=\"c77f65d01bb1c283e93f285b389d97af\">\n<div class=\"wp-block-toolset-blocks-container tb-container\" data-toolset-blocks-container=\"078846b7af3cea9833ff22d2e5f7ebe0\"><\/div>\n<\/div>\n<\/div>\n<\/div><\/div>\n\n<div class=\"wp-block-toolset-blocks-container tb-container product-page-content\" data-toolset-blocks-container=\"e1a032ee275feb5f5d1145d8144f8bec\"><div class=\"tb-container-inner\">\n<div style=\"height:25px\" aria-hidden=\"true\" class=\"wp-block-spacer\"><\/div>\n\n\n\n<h2 class=\"wp-block-heading\">Cos&#8217;\u00e8 il Classic Translation Editor?<\/h2>\n\n\n\n<p>L&#8217;Editor di traduzione classico \u00e8 l&#8217;editor legacy di WPML per tradurre autonomamente i contenuti del sito web. Anche se puoi ancora utilizzarlo, la sua tecnologia obsoleta pone un rischio maggiore di compromettere il markup del tuo sito sul front-end. <\/p>\n\n\n\n<p>Ad esempio, a differenza dell&#8217;<a href=\"https:\/\/wpml.org\/it\/documentazione\/traduzione-dei-vostri-contenuti\/editor-di-traduzione-avanzato\/\">Editor di traduzione avanzato<\/a>, l&#8217;editor classico non gestisce automaticamente i tag HTML. Ci\u00f2 significa che devi aggiungere manualmente il markup HTML quando traduci i contenuti e rischi di danneggiare le tue pagine se commetti accidentalmente un errore. <br\/><br\/>Il Classic editor non supporta inoltre le seguenti importanti funzionalit\u00e0:<\/p>\n\n\n\n<ul class=\"wp-block-list\">\n<li>Traduzione automatica<\/li>\n\n\n\n<li>Traduzione dei media<\/li>\n\n\n\n<li>Memoria di traduzione<\/li>\n\n\n\n<li>Glossario<\/li>\n<\/ul>\n\n\n\n<div style=\"height:25px\" aria-hidden=\"true\" class=\"wp-block-spacer\"><\/div>\n\n\n\n<h2 class=\"wp-block-heading\">Scegliere l&#8217;editor di traduzione<\/h2>\n\n\n\n<p>Per scegliere un editor di traduzione, vai su <strong>WPML <\/strong>\u2192 <strong>Impostazioni<\/strong>, scorri verso il basso fino alla sezione <strong>Editor di traduzione<\/strong> e seleziona l&#8217;editor con cui vuoi tradurre. <\/p>\n\n\n\n<p>Poich\u00e9 l&#8217;editor classico \u00e8 una funzionalit\u00e0 legacy, ti consigliamo vivamente di utilizzare il nuovo <a href=\"https:\/\/wpml.org\/it\/documentazione\/traduzione-dei-vostri-contenuti\/editor-di-traduzione-avanzato\/\">Editor di traduzione avanzato<\/a>. <\/p>\n\n\n\n<div style=\"height:25px\" aria-hidden=\"true\" class=\"wp-block-spacer\"><\/div>\n\n\n\n<h2 class=\"wp-block-heading\">Come tradurre con il Classic Translation Editor<\/h2>\n\n\n\n<p>Per tradurre con il Classic Translation Editor: <\/p>\n\n\n\n<ol class=\"wp-block-list\">\n<li>Vai su <strong>WPML <\/strong>\u2192 <strong>pannello di controllo traduzioni<\/strong>.<\/li>\n\n\n\n<li>Seleziona il contenuto che vuoi tradurre e invialo per la traduzione. <\/li>\n\n\n\n<li>Successivamente, vai su <strong>WPML <\/strong>\u2192 <strong>Traduzioni<\/strong> e fai clic sul pulsante <strong>Traduci<\/strong>. Si aprir\u00e0 l&#8217;Editor di traduzione classico.  <\/li>\n<\/ol>\n\n\n\n<figure class=\"wp-block-image tb-image tb-image-dynamic tb-image-frame-none\" data-toolset-blocks-image=\"ebf0a3e23bf9d6fcb4239141d9f5f363\"><a href=\"https:\/\/wpml.org\/wp-content\/uploads\/2024\/10\/Translating-a-page-with-WPMLs-Classic-Translation-Editor.png\"><img decoding=\"async\" width=\"1024\" height=\"713\" loading=\"lazy\" src=\"https:\/\/wpml.org\/wp-content\/uploads\/2024\/10\/Translating-a-page-with-WPMLs-Classic-Translation-Editor-1024x713.png\" alt=\"Translating a page with WPML\u2019s Classic Translation Editor\" class=\"wp-image-16246010\" srcset=\"https:\/\/wpml.org\/wp-content\/uploads\/2024\/10\/Translating-a-page-with-WPMLs-Classic-Translation-Editor-1024x713.png 1024w, https:\/\/wpml.org\/wp-content\/uploads\/2024\/10\/Translating-a-page-with-WPMLs-Classic-Translation-Editor-300x209.png 300w, https:\/\/wpml.org\/wp-content\/uploads\/2024\/10\/Translating-a-page-with-WPMLs-Classic-Translation-Editor-150x104.png 150w, https:\/\/wpml.org\/wp-content\/uploads\/2024\/10\/Translating-a-page-with-WPMLs-Classic-Translation-Editor-768x535.png 768w, https:\/\/wpml.org\/wp-content\/uploads\/2024\/10\/Translating-a-page-with-WPMLs-Classic-Translation-Editor.png 1242w\" sizes=\"auto, (max-width: 1024px) 100vw, 1024px\" \/><\/a><figcaption><div class=\"tb-image-caption\">Traduzione di una pagina con l&#8217;Editor di traduzione classico di WPML<\/div><\/figcaption><\/figure>\n\n\n\n<ol start=\"4\" class=\"wp-block-list\">\n<li>Inserisci manualmente le tue traduzioni nei contenitori e fai clic su <strong>Salva<\/strong> per pubblicarle sul tuo sito. <\/li>\n<\/ol>\n\n\n\n<div style=\"height:25px\" aria-hidden=\"true\" class=\"wp-block-spacer\"><\/div>\n\n\n\n<p>Ricorda \u2013 un markup HTML errato pu\u00f2 impedire la visualizzazione delle pagine, quindi ricontrolla le traduzioni prima di salvarle. <\/p>\n<\/div><\/div>\n","protected":false},"excerpt":{"rendered":"","protected":false},"author":2,"featured_media":0,"parent":137791,"menu_order":101,"comment_status":"closed","ping_status":"closed","template":"template-full.php","meta":{"_bbp_topic_count":0,"_bbp_reply_count":0,"_bbp_total_topic_count":0,"_bbp_total_reply_count":0,"_bbp_voice_count":0,"_bbp_anonymous_reply_count":0,"_bbp_topic_count_hidden":0,"_bbp_reply_count_hidden":0,"_bbp_forum_subforum_count":0,"_uag_custom_page_level_css":"","ep_exclude_from_search":false,"footnotes":""},"related-projects-category":[],"class_list":["post-141466","page","type-page","status-publish","hentry"],"spectra_custom_meta":{"ratings_users":["0"],"ratings_score":["0"],"ratings_average":["0"],"_views_template":["0"],"_wp_page_template":["template-full.php"],"_icl_translation":["1"],"_alp_processed":["1753253719"],"_wpml_media_featured":["1"],"_subscription_coupon_product_id":["0"],"inline_featured_image":["0"],"_last_translation_edit_mode":["translation-editor"],"_oembed_bbf56b1d4c25ce11481afba39f176f85":["<iframe title=\"Using WPML to translate content created with page builders\" width=\"700\" height=\"394\" src=\"https:\/\/www.youtube.com\/embed\/MSqNzrdPMkE?feature=oembed&enablejsapi=1&origin=https:\/\/wpml.org\" frameborder=\"0\" allow=\"accelerometer; autoplay; clipboard-write; encrypted-media; gyroscope; picture-in-picture\" allowfullscreen><\/iframe>"],"_oembed_time_bbf56b1d4c25ce11481afba39f176f85":["1647947462"],"_oembed_1e02e02ee671c61d8638766a0ee1cb8e":["<iframe title=\"WPML Advanced Translation Editor\" width=\"700\" height=\"394\" src=\"https:\/\/www.youtube.com\/embed\/TmmyU6MtXY8?feature=oembed&enablejsapi=1&origin=https:\/\/wpml.org\" frameborder=\"0\" allow=\"accelerometer; autoplay; clipboard-write; encrypted-media; gyroscope; picture-in-picture\" allowfullscreen><\/iframe>"],"_oembed_time_1e02e02ee671c61d8638766a0ee1cb8e":["1647947462"],"_oembed_809539948dec7d9364864e7814a4a558":["<iframe title=\"How we translate wpml.org\" width=\"700\" height=\"394\" src=\"https:\/\/www.youtube.com\/embed\/FxScQ-bkOXo?feature=oembed&enablejsapi=1&origin=https:\/\/wpml.org\" frameborder=\"0\" allow=\"accelerometer; autoplay; clipboard-write; encrypted-media; gyroscope; picture-in-picture\" allowfullscreen><\/iframe>"],"_oembed_time_809539948dec7d9364864e7814a4a558":["1647947462"],"_oembed_6eeaaf76264d07834a5024ecc691d2d0":["<iframe title=\"Media Translation for WPML 4.0\" width=\"525\" height=\"394\" src=\"https:\/\/www.youtube.com\/embed\/8kvqMTy3r2g?feature=oembed&enablejsapi=1&origin=https:\/\/wpml.org\" frameborder=\"0\" allow=\"accelerometer; autoplay; clipboard-write; encrypted-media; gyroscope; picture-in-picture\" allowfullscreen><\/iframe>"],"_oembed_time_6eeaaf76264d07834a5024ecc691d2d0":["1647947462"],"_oembed_8b192c37df925cacb831b3922e69595d":["<iframe title=\"Using WPML To Translate Pages Built With Fusion Builder (Avada Theme)\" width=\"700\" height=\"394\" src=\"https:\/\/www.youtube.com\/embed\/_bNqjjBPdGA?feature=oembed&enablejsapi=1&origin=https:\/\/wpml.org\" frameborder=\"0\" allow=\"accelerometer; autoplay; clipboard-write; encrypted-media; gyroscope; picture-in-picture\" allowfullscreen><\/iframe>"],"_oembed_time_8b192c37df925cacb831b3922e69595d":["1647947462"],"wpcf-unformatted-code":[""],"toolset_post_editor_mode":["block"],"wpcf-price-increase-show-from":[""],"wpcf-price-increase-show-till":[""],"_wpml_media_duplicate":["0"],"_oembed_d57b405cf947e9517036c2d49e382073":["{{unknown}}"],"cmplz_hide_cookiebanner":[""],"wpcf-price-increase-content":[""],"wpcf-login-box-title":[""],"wpcf-page-content":[""],"_yoast_wpseo_primary_related-projects-category":[""],"_wpml_word_count":["357"],"_yoast_wpseo_metadesc":["L'Editor di traduzione classico \u00e8 l'editor legacy di WPML per tradurre manualmente i contenuti del tuo sito WordPress in pi\u00f9 lingue."],"_uag_css_file_name":["uag-css-141466.css"],"_uag_page_assets":["a:9:{s:3:\"css\";s:260:\".uag-blocks-common-selector{z-index:var(--z-index-desktop) !important}@media(max-width: 976px){.uag-blocks-common-selector{z-index:var(--z-index-tablet) !important}}@media(max-width: 767px){.uag-blocks-common-selector{z-index:var(--z-index-mobile) !important}}\";s:2:\"js\";s:0:\"\";s:18:\"current_block_list\";a:11:{i:0;s:24:\"toolset-blocks\/container\";i:1;s:22:\"toolset-blocks\/heading\";i:2;s:19:\"toolset-blocks\/grid\";i:3;s:26:\"toolset-blocks\/grid-column\";i:5;s:11:\"core\/spacer\";i:6;s:12:\"core\/heading\";i:7;s:14:\"core\/paragraph\";i:8;s:9:\"core\/list\";i:9;s:14:\"core\/list-item\";i:10;s:20:\"toolset-blocks\/image\";i:11;s:14:\"core\/shortcode\";}s:8:\"uag_flag\";b:0;s:11:\"uag_version\";s:10:\"1778659971\";s:6:\"gfonts\";a:0:{}s:10:\"gfonts_url\";s:0:\"\";s:12:\"gfonts_files\";a:0:{}s:14:\"uag_faq_layout\";b:0;}"]},"uagb_featured_image_src":{"full":false,"thumbnail":false,"medium":false,"medium_large":false,"large":false,"1536x1536":false,"2048x2048":false,"gform-image-choice-sm":false,"gform-image-choice-md":false,"gform-image-choice-lg":false,"woocommerce_thumbnail":false,"woocommerce_single":false,"woocommerce_gallery_thumbnail":false},"uagb_author_info":{"display_name":"Amir","author_link":"https:\/\/wpml.org\/it\/author\/amir\/"},"uagb_comment_info":0,"uagb_excerpt":null,"_links":{"self":[{"href":"https:\/\/wpml.org\/it\/wp-json\/wp\/v2\/pages\/141466","targetHints":{"allow":["GET"]}}],"collection":[{"href":"https:\/\/wpml.org\/it\/wp-json\/wp\/v2\/pages"}],"about":[{"href":"https:\/\/wpml.org\/it\/wp-json\/wp\/v2\/types\/page"}],"author":[{"embeddable":true,"href":"https:\/\/wpml.org\/it\/wp-json\/wp\/v2\/users\/2"}],"replies":[{"embeddable":true,"href":"https:\/\/wpml.org\/it\/wp-json\/wp\/v2\/comments?post=141466"}],"version-history":[{"count":8,"href":"https:\/\/wpml.org\/it\/wp-json\/wp\/v2\/pages\/141466\/revisions"}],"predecessor-version":[{"id":17261783,"href":"https:\/\/wpml.org\/it\/wp-json\/wp\/v2\/pages\/141466\/revisions\/17261783"}],"up":[{"embeddable":true,"href":"https:\/\/wpml.org\/it\/wp-json\/wp\/v2\/pages\/137791"}],"wp:attachment":[{"href":"https:\/\/wpml.org\/it\/wp-json\/wp\/v2\/media?parent=141466"}],"wp:term":[{"taxonomy":"related-projects-category","embeddable":true,"href":"https:\/\/wpml.org\/it\/wp-json\/wp\/v2\/related-projects-category?post=141466"}],"curies":[{"name":"wp","href":"https:\/\/api.w.org\/{rel}","templated":true}]}}