{"id":1494811,"date":"2013-03-21T02:32:04","date_gmt":"2013-03-21T02:32:04","guid":{"rendered":"https:\/\/wpml.org\/documentazione\/guida-introduttiva\/modulo-media-translation\/"},"modified":"2026-02-26T07:14:56","modified_gmt":"2026-02-26T07:14:56","slug":"modulo-media-translation","status":"publish","type":"page","link":"https:\/\/wpml.org\/it\/documentazione\/guida-introduttiva\/modulo-media-translation\/","title":{"rendered":"Come tradurre i contenuti Media con WPML"},"content":{"rendered":"\n<p class=\"lead\">Con WPML, puoi tradurre i metadati di immagini, video e PDF. Puoi anche visualizzare contenuti multimediali diversi in ogni lingua. <\/p>\n\n<h2 class=\"wp-block-heading\">Come tradurre le meta informazioni dei contenuti Media<\/h2>\n\n<p>Il plugin principale WPML CMS pu\u00f2 tradurre testi multimediali come:<\/p>\n\n<ul class=\"wp-block-list\">\n<li>Testo alternativo (alt)<\/li>\n\n\n\n<li>Didascalie<\/li>\n\n\n\n<li>Descrizioni<\/li>\n\n\n\n<li>Titoli<\/li>\n<\/ul>\n\n<p>Questo vale per tutti i tipi di file multimediali, tra cui immagini, video e PDF nei tuoi contenuti.<\/p>\n\n<p>Per tradurre questi metadati per i file multimediali:<\/p>\n\n<ol class=\"wp-block-list\">\n<li>Vai a <strong>WPML \u2192 Pannello di controllo traduzioni<\/strong><\/li>\n\n\n\n<li>Seleziona l&#8217;articolo o la pagina che include i contenuti multimediali<\/li>\n<\/ol>\n\n<figure class=\"wp-block-image tb-image tb-image-dynamic tb-image-frame-none\" data-toolset-blocks-image=\"c2d2d7ef19a9712bb67b231e0e5fb8c5\"><a href=\"https:\/\/wpml.org\/wp-content\/uploads\/2025\/01\/Sending-a-page-with-an-image-for-translation.png\"><img decoding=\"async\" width=\"1024\" height=\"705\" loading=\"lazy\" src=\"https:\/\/wpml.org\/wp-content\/uploads\/2025\/01\/Sending-a-page-with-an-image-for-translation-1024x705.png\" alt=\"Sending a page with an image for translation\" class=\"wp-image-16589729\" srcset=\"https:\/\/wpml.org\/wp-content\/uploads\/2025\/01\/Sending-a-page-with-an-image-for-translation-1024x705.png 1024w, https:\/\/wpml.org\/wp-content\/uploads\/2025\/01\/Sending-a-page-with-an-image-for-translation-300x207.png 300w, https:\/\/wpml.org\/wp-content\/uploads\/2025\/01\/Sending-a-page-with-an-image-for-translation-150x103.png 150w, https:\/\/wpml.org\/wp-content\/uploads\/2025\/01\/Sending-a-page-with-an-image-for-translation-768x529.png 768w, https:\/\/wpml.org\/wp-content\/uploads\/2025\/01\/Sending-a-page-with-an-image-for-translation-1536x1058.png 1536w, https:\/\/wpml.org\/wp-content\/uploads\/2025\/01\/Sending-a-page-with-an-image-for-translation.png 1600w\" sizes=\"auto, (max-width: 1024px) 100vw, 1024px\" \/><\/a><figcaption><div class=\"tb-image-caption\">Invio di una pagina con un&#8217;immagine per la traduzione<\/div><\/figcaption><\/figure>\n\n<ol start=\"3\" class=\"wp-block-list\">\n<li>Invialo per la traduzione<\/li>\n<\/ol>\n\n<p>WPML tradurr\u00e0 i tuoi testi multimediali insieme al resto dei tuoi contenuti, con etichette chiare visualizzate nell&#8217;<strong>Editor di traduzione avanzato<\/strong>.<\/p>\n\n<figure class=\"wp-block-image tb-image tb-image-dynamic tb-image-frame-none\" data-toolset-blocks-image=\"5b24b4b664763539d284a899f0cf8136\"><a href=\"https:\/\/wpml.org\/wp-content\/uploads\/2025\/07\/wpml-media-translation-advanced-translation-editor.png\"><img decoding=\"async\" width=\"1024\" height=\"475\" loading=\"lazy\" src=\"https:\/\/wpml.org\/wp-content\/uploads\/2025\/07\/wpml-media-translation-advanced-translation-editor-1024x475.png\" alt=\"\" class=\"wp-image-17231945\" srcset=\"https:\/\/wpml.org\/wp-content\/uploads\/2025\/07\/wpml-media-translation-advanced-translation-editor-1024x475.png 1024w, https:\/\/wpml.org\/wp-content\/uploads\/2025\/07\/wpml-media-translation-advanced-translation-editor-300x139.png 300w, https:\/\/wpml.org\/wp-content\/uploads\/2025\/07\/wpml-media-translation-advanced-translation-editor-150x70.png 150w, https:\/\/wpml.org\/wp-content\/uploads\/2025\/07\/wpml-media-translation-advanced-translation-editor-768x356.png 768w, https:\/\/wpml.org\/wp-content\/uploads\/2025\/07\/wpml-media-translation-advanced-translation-editor-1536x713.png 1536w, https:\/\/wpml.org\/wp-content\/uploads\/2025\/07\/wpml-media-translation-advanced-translation-editor-2048x950.png 2048w\" sizes=\"auto, (max-width: 1024px) 100vw, 1024px\" \/><\/a><figcaption><div class=\"tb-image-caption\">Traduzione delle meta informazioni delle immagini nell&#8217;Editor di traduzione avanzato<\/div><\/figcaption><\/figure>\n\n<div style=\"height:10px\" aria-hidden=\"true\" class=\"wp-block-spacer\"><\/div>\n\n<h2 class=\"wp-block-heading\">Keep Media Meta Information Translated Automatically<\/h2>\n\n<div class=\"wp-block-toolset-blocks-container tb-container\" data-toolset-blocks-container=\"059282e0f1ebc546110ff1cb930ffa9b\">\n<div class=\"wp-block-toolset-blocks-grid tb-grid\" data-toolset-blocks-grid=\"37d19417981b1b97920df56c088840a6\">\n<div class=\"wp-block-toolset-blocks-grid-column tb-grid-column tb-grid-align-top\" data-toolset-blocks-grid-column=\"3034fbe886c11054e95b46b09d3e4112\">\n<div class=\"wp-block-toolset-blocks-container tb-container\" data-toolset-blocks-container=\"c5825f0c4b3f029780c2562e9593100f\"><\/div>\n<\/div>\n\n\n\n<div class=\"wp-block-toolset-blocks-grid-column tb-grid-column tb-grid-align-top\" data-toolset-blocks-grid-column=\"3034fbe886c11054e95b46b09d3e4112\">\n<p class=\"tb-heading has-text-color\" data-toolset-blocks-heading=\"6d06915f2049aceea5127053cb2d83db\" data-last-update=\"1.4\">WPML include un&#8217;impostazione intelligente che invia automaticamente i testi multimediali corretti, come testo alternativo, titoli e didascalie per la traduzione.<\/p>\n\n\n\n<p class=\"tb-heading has-text-color\" data-toolset-blocks-heading=\"eb5785bf25c074df5138b25e5c073ded\" data-last-update=\"1.4\">Finch\u00e9 questa opzione \u00e8 attiva, non \u00e8 necessario configurare impostazioni aggiuntive. I testi multimediali vengono tradotti con il resto dei tuoi contenuti e il tuo database rimane pulito.<br\/>Per impostazione predefinita, questa impostazione \u00e8 abilitata per i nuovi siti. Per assicurarti che il tuo sito la stia utilizzando:  <br\/><\/p>\n\n\n\n<ol class=\"wp-block-list\">\n<li style=\"font-size:16px\">Vai a <strong>WPML \u2192 Impostazioni<\/strong><\/li>\n\n\n\n<li style=\"font-size:16px\">Scorri fino alla sezione <strong>Media Translation<\/strong><\/li>\n\n\n\n<li style=\"font-size:16px\">Assicurati che l&#8217;opzione <strong>Rileva automaticamente le migliori opzioni per la traduzione dei testi delle immagini<\/strong> sia attivata<\/li>\n<\/ol>\n\n\n\n<figure class=\"wp-block-image tb-image tb-image-dynamic tb-image-frame-none\" data-toolset-blocks-image=\"ef042c5b854917cc5120475582dd9282\"><a href=\"https:\/\/wpml.org\/wp-content\/uploads\/2025\/07\/wpml-media-translation-option.png\"><img decoding=\"async\" width=\"1024\" height=\"142\" loading=\"lazy\" src=\"https:\/\/wpml.org\/wp-content\/uploads\/2025\/07\/wpml-media-translation-option-1024x142.png\" alt=\"\" class=\"wp-image-17231970\" srcset=\"https:\/\/wpml.org\/wp-content\/uploads\/2025\/07\/wpml-media-translation-option-1024x142.png 1024w, https:\/\/wpml.org\/wp-content\/uploads\/2025\/07\/wpml-media-translation-option-300x42.png 300w, https:\/\/wpml.org\/wp-content\/uploads\/2025\/07\/wpml-media-translation-option-150x21.png 150w, https:\/\/wpml.org\/wp-content\/uploads\/2025\/07\/wpml-media-translation-option-768x106.png 768w, https:\/\/wpml.org\/wp-content\/uploads\/2025\/07\/wpml-media-translation-option-1536x213.png 1536w, https:\/\/wpml.org\/wp-content\/uploads\/2025\/07\/wpml-media-translation-option.png 1950w\" sizes=\"auto, (max-width: 1024px) 100vw, 1024px\" \/><\/a><\/figure>\n<\/div>\n<\/div>\n<\/div>\n\n<h2 class=\"wp-block-heading\">Come mostrare Media diversi per lingua<\/h2>\n\n<p>WPML ti consente anche di visualizzare immagini, video o PDF diversi per lingue diverse. Questo \u00e8 utile quando vuoi che i tuoi elementi visivi mostrino differenze regionali o culturali. <\/p>\n\n<p>Per visualizzare immagini diverse per ogni lingua, installa e attiva l&#8217;add-on <strong>WPML Media Translation<\/strong>.<\/p>\n\n<div style=\"height:10px\" aria-hidden=\"true\" class=\"wp-block-spacer\"><\/div>\n\n<div class=\"wp-block-buttons is-layout-flex wp-block-buttons-is-layout-flex\">\n<div class=\"wp-block-button\"><a class=\"wp-block-button__link wp-element-button\" href=\"https:\/\/wpml.org\/it\/account\/downloads\/#wpml-media\" style=\"border-radius:5px\">Scarica WPML Media Translation<\/a><\/div>\n<\/div>\n\n<div style=\"height:40px\" aria-hidden=\"true\" class=\"wp-block-spacer\"><\/div>\n\n<p>Una volta attivato, segui le istruzioni per configurare WPML Media Translation. Ti basta cliccare su un pulsante e WPML far\u00e0 il resto.  Allora:<\/p>\n\n<ol class=\"wp-block-list\">\n<li>Vai a <strong>WPML \u2192 Pannello di controllo traduzioni<\/strong> e invia il contenuto con i tuoi media per la traduzione.<\/li>\n\n\n\n<li>Vai su <strong>WPML \u2192 Media Translation<\/strong> e clicca sull&#8217;icona pi\u00f9 sotto la lingua per la quale vuoi usare file multimediali diversi.<\/li>\n\n\n\n<li>Carica i diversi media, regola le tue meta informazioni e salva.<\/li>\n<\/ol>\n<div class=\"wp-block-image\">\n<figure class=\" tb-image tb-image-dynamic tb-image-frame-none aligncenter\" data-toolset-blocks-image=\"97f880281ef65c128d5ef41dd06920d1\"><a href=\"https:\/\/wpml.org\/wp-content\/uploads\/2025\/07\/wpml-media-translation-uploading-different-image.png\"><img decoding=\"async\" width=\"1024\" height=\"665\" loading=\"lazy\" src=\"https:\/\/wpml.org\/wp-content\/uploads\/2025\/07\/wpml-media-translation-uploading-different-image-1024x665.png\" alt=\"\" class=\"wp-image-17232006\" srcset=\"https:\/\/wpml.org\/wp-content\/uploads\/2025\/07\/wpml-media-translation-uploading-different-image-1024x665.png 1024w, https:\/\/wpml.org\/wp-content\/uploads\/2025\/07\/wpml-media-translation-uploading-different-image-300x195.png 300w, https:\/\/wpml.org\/wp-content\/uploads\/2025\/07\/wpml-media-translation-uploading-different-image-150x97.png 150w, https:\/\/wpml.org\/wp-content\/uploads\/2025\/07\/wpml-media-translation-uploading-different-image-768x499.png 768w, https:\/\/wpml.org\/wp-content\/uploads\/2025\/07\/wpml-media-translation-uploading-different-image-1536x998.png 1536w, https:\/\/wpml.org\/wp-content\/uploads\/2025\/07\/wpml-media-translation-uploading-different-image.png 1958w\" sizes=\"auto, (max-width: 1024px) 100vw, 1024px\" \/><\/a><figcaption><div class=\"tb-image-caption\">Sostituire i file multimediali in Media Translation<\/div><\/figcaption><\/figure>\n<\/div>\n<p>Ora i tuoi contenuti visualizzeranno contenuti media diversi in ogni lingua. <\/p>\n\n<div class=\"wp-block-toolset-blocks-grid tb-grid\" data-toolset-blocks-grid=\"3d9c399fe625e1b972f817a0680229f6\">\n<div class=\"wp-block-toolset-blocks-grid-column tb-grid-column tb-grid-align-top\" data-toolset-blocks-grid-column=\"3034fbe886c11054e95b46b09d3e4112\">\n<figure class=\"wp-block-image tb-image tb-image-dynamic tb-image-frame-none\" data-toolset-blocks-image=\"1164549c381e81407db538a5e7a96505\"><a href=\"https:\/\/wpml.org\/wp-content\/uploads\/2025\/07\/english-post-with-original-media.png\"><img decoding=\"async\" width=\"1024\" height=\"844\" loading=\"lazy\" src=\"https:\/\/wpml.org\/wp-content\/uploads\/2025\/07\/english-post-with-original-media-1024x844.png\" alt=\"\" class=\"wp-image-17232021\" srcset=\"https:\/\/wpml.org\/wp-content\/uploads\/2025\/07\/english-post-with-original-media-1024x844.png 1024w, https:\/\/wpml.org\/wp-content\/uploads\/2025\/07\/english-post-with-original-media-300x247.png 300w, https:\/\/wpml.org\/wp-content\/uploads\/2025\/07\/english-post-with-original-media-150x124.png 150w, https:\/\/wpml.org\/wp-content\/uploads\/2025\/07\/english-post-with-original-media-768x633.png 768w, https:\/\/wpml.org\/wp-content\/uploads\/2025\/07\/english-post-with-original-media-1536x1267.png 1536w, https:\/\/wpml.org\/wp-content\/uploads\/2025\/07\/english-post-with-original-media-2048x1689.png 2048w\" sizes=\"auto, (max-width: 1024px) 100vw, 1024px\" \/><\/a><figcaption><div class=\"tb-image-caption\">Ricetta in Inglese<\/div><\/figcaption><\/figure>\n<\/div>\n\n\n\n<div class=\"wp-block-toolset-blocks-grid-column tb-grid-column tb-grid-align-top\" data-toolset-blocks-grid-column=\"3034fbe886c11054e95b46b09d3e4112\">\n<figure class=\"wp-block-image tb-image tb-image-dynamic tb-image-frame-none\" data-toolset-blocks-image=\"6bc38bdf7261b0fe5061d90f65c9fc69\"><a href=\"https:\/\/wpml.org\/wp-content\/uploads\/2025\/07\/spanish-post-with-translated-media.png\"><img decoding=\"async\" width=\"1024\" height=\"810\" loading=\"lazy\" src=\"https:\/\/wpml.org\/wp-content\/uploads\/2025\/07\/spanish-post-with-translated-media-1024x810.png\" alt=\"\" class=\"wp-image-17232038\" srcset=\"https:\/\/wpml.org\/wp-content\/uploads\/2025\/07\/spanish-post-with-translated-media-1024x810.png 1024w, https:\/\/wpml.org\/wp-content\/uploads\/2025\/07\/spanish-post-with-translated-media-300x237.png 300w, https:\/\/wpml.org\/wp-content\/uploads\/2025\/07\/spanish-post-with-translated-media-150x119.png 150w, https:\/\/wpml.org\/wp-content\/uploads\/2025\/07\/spanish-post-with-translated-media-768x608.png 768w, https:\/\/wpml.org\/wp-content\/uploads\/2025\/07\/spanish-post-with-translated-media-1536x1215.png 1536w, https:\/\/wpml.org\/wp-content\/uploads\/2025\/07\/spanish-post-with-translated-media-2048x1620.png 2048w\" sizes=\"auto, (max-width: 1024px) 100vw, 1024px\" \/><\/a><figcaption><div class=\"tb-image-caption\">Ricetta in spagnolo<\/div><\/figcaption><\/figure>\n<\/div>\n<\/div>\n\n<div style=\"height:10px\" aria-hidden=\"true\" class=\"wp-block-spacer\"><\/div>\n\n<h2 class=\"wp-block-heading\">Domande frequenti<\/h2>\n\n<div id=\"faq\" class=\"wp-block-toolset-blocks-container tb-container\" data-toolset-blocks-container=\"3c47785d6e1708c649124e2fe04a1b68\">\n<div class=\"wp-block-toolset-blocks-container tb-container\" data-toolset-blocks-container=\"40d6b7d75c97be28d62acd5aaafad645\">\n<details class=\"wp-block-details has-dark-gray-color has-text-color is-layout-flow wp-block-details-is-layout-flow\" open><summary><strong>WPML duplica le immagini?<\/strong><\/summary>\n<div class=\"wp-block-toolset-blocks-container tb-container\" data-toolset-blocks-container=\"b55b9e366429f8319ddee947984288b0\">\n<p class=\"tb-heading\" data-toolset-blocks-heading=\"9a15efaa54afc32df94f0ea0e933ff27\" data-last-update=\"1.4\">WPML <strong>non<\/strong> duplica i file immagine. A volte, duplica i testi multimediali (come testo alternativo, didascalie e titoli) dopo la traduzione. <br\/><br\/>Se WPML debba duplicare il testo multimediale dipende da come il media viene utilizzato nel tuo contenuto:<br\/><br\/>&#8211; Se il tuo Builder estrae i testi dell&#8217;immagine dalla libreria media (come in Elementor, Divi Gallery o Beaver Builder), WPML duplica i testi multimediali durante la traduzione.<br\/>&#8211; Se i testi sono archiviati all&#8217;interno della pagina (come nei blocchi Gutenberg, nel modulo Immagine di Divi o nelle immagini dei prodotti WooCommerce), WPML non li duplica e traduce direttamente i testi multimediali.<br\/><br\/>Quando l&#8217;opzione <strong>Rileva automaticamente le migliori opzioni per la traduzione dei testi delle immagini<\/strong> \u00e8 abilitata, WPML decide se la duplicazione del testo multimediale \u00e8 necessaria. Non devi preoccuparti di questo. <br\/><\/p>\n<\/div>\n<\/details>\n<\/div>\n\n\n\n<div class=\"wp-block-toolset-blocks-container tb-container\" data-toolset-blocks-container=\"40d6b7d75c97be28d62acd5aaafad645\">\n<details class=\"wp-block-details has-dark-gray-color has-text-color is-layout-flow wp-block-details-is-layout-flow\"><summary><strong>Posso disattivare l&#8217;impostazione &#8220;Rileva automaticamente le migliori opzioni per la traduzione dei testi delle immagini&#8221; e controllare manualmente le impostazioni di traduzione dei media?<\/strong><\/summary>\n<div class=\"wp-block-toolset-blocks-container tb-container\" data-toolset-blocks-container=\"b55b9e366429f8319ddee947984288b0\">\n<p class=\"tb-heading\" data-toolset-blocks-heading=\"9a15efaa54afc32df94f0ea0e933ff27\" data-last-update=\"1.4\">S\u00ec, puoi, ma <strong>non<\/strong> \u00e8 consigliabile.<br\/><br\/>Quando questa opzione intelligente \u00e8 abilitata, WPML controlla come viene utilizzata ogni immagine, duplica i testi multimediali solo quando necessario e solo durante la traduzione e invia i testi corretti per la traduzione.<br\/><br\/>Se disattivi questa opzione, dovrai gestire tutte le impostazioni manualmente da <strong>WPML \u2192 Impostazioni \u2192 Media Translation<\/strong>. La modifica manuale delle impostazioni pu\u00f2 causare:<br\/>&#8211; Duplicazione non necessaria dei testi delle immagini, con conseguente consumo di spazio nel database<br\/>&#8211; Campi duplicati nell&#8217;Editor di traduzione<br\/>&#8211; Traduzioni mancanti nel front-end <br\/><br\/>Questo \u00e8 il motivo per cui consigliamo di utilizzare l&#8217;opzione di rilevamento automatico. WPML lo capisce per te ed evita completamente questi problemi. <br\/><span id=\"docs-internal-guid-4d7fa5c0-7fff-f44b-7b8f-4dc1f5dcd09e\"><\/span><\/p>\n\n\n\n<p class=\"tb-heading has-text-color\" data-toolset-blocks-heading=\"98289a89e96ca858c0fcdf8fa716a3f5\" data-last-update=\"1.4\"><\/p>\n<\/div>\n<\/details>\n<\/div>\n\n\n\n<div class=\"wp-block-toolset-blocks-container tb-container\" data-toolset-blocks-container=\"40d6b7d75c97be28d62acd5aaafad645\">\n<details class=\"wp-block-details has-dark-gray-color has-text-color is-layout-flow wp-block-details-is-layout-flow\"><summary><strong>Posso mostrare media diversi in ogni lingua con ACF?<\/strong><\/summary>\n<div class=\"wp-block-toolset-blocks-container tb-container\" data-toolset-blocks-container=\"b55b9e366429f8319ddee947984288b0\">\n<p class=\"tb-heading\" data-toolset-blocks-heading=\"9a15efaa54afc32df94f0ea0e933ff27\" data-last-update=\"1.4\">S\u00ec, puoi mostrare media diversi in ogni lingua con ACF. Dai un&#8217;occhiata al nostro <a href=\"https:\/\/wpml.org\/documentation\/related-projects\/translate-sites-built-with-acf\/how-to-use-different-files-and-images-across-languages-with-acf-and-wpml\/\">tutorial ACF<\/a> per imparare come farlo. <\/p>\n<\/div>\n<\/details>\n<\/div>\n<\/div>\n","protected":false},"excerpt":{"rendered":"<p>Con WPML, puoi tradurre i metadati di immagini, video e PDF. Puoi anche visualizzare contenuti multimediali diversi in ogni lingua. Come tradurre le meta informazioni dei contenuti Media Il plugin principale WPML CMS pu\u00f2 tradurre testi multimediali come: Questo vale per tutti i tipi di file multimediali, tra cui immagini, video e PDF nei tuoi [&hellip;]<\/p>\n","protected":false},"author":2,"featured_media":0,"parent":138157,"menu_order":55,"comment_status":"closed","ping_status":"closed","template":"template-sidebar-2.php","meta":{"_bbp_topic_count":0,"_bbp_reply_count":0,"_bbp_total_topic_count":0,"_bbp_total_reply_count":0,"_bbp_voice_count":0,"_bbp_anonymous_reply_count":0,"_bbp_topic_count_hidden":0,"_bbp_reply_count_hidden":0,"_bbp_forum_subforum_count":0,"ep_exclude_from_search":false,"footnotes":""},"related-projects-category":[],"class_list":["post-1494811","page","type-page","status-publish","hentry"],"_links":{"self":[{"href":"https:\/\/wpml.org\/it\/wp-json\/wp\/v2\/pages\/1494811","targetHints":{"allow":["GET"]}}],"collection":[{"href":"https:\/\/wpml.org\/it\/wp-json\/wp\/v2\/pages"}],"about":[{"href":"https:\/\/wpml.org\/it\/wp-json\/wp\/v2\/types\/page"}],"author":[{"embeddable":true,"href":"https:\/\/wpml.org\/it\/wp-json\/wp\/v2\/users\/2"}],"replies":[{"embeddable":true,"href":"https:\/\/wpml.org\/it\/wp-json\/wp\/v2\/comments?post=1494811"}],"version-history":[{"count":8,"href":"https:\/\/wpml.org\/it\/wp-json\/wp\/v2\/pages\/1494811\/revisions"}],"predecessor-version":[{"id":17853837,"href":"https:\/\/wpml.org\/it\/wp-json\/wp\/v2\/pages\/1494811\/revisions\/17853837"}],"up":[{"embeddable":true,"href":"https:\/\/wpml.org\/it\/wp-json\/wp\/v2\/pages\/138157"}],"wp:attachment":[{"href":"https:\/\/wpml.org\/it\/wp-json\/wp\/v2\/media?parent=1494811"}],"wp:term":[{"taxonomy":"related-projects-category","embeddable":true,"href":"https:\/\/wpml.org\/it\/wp-json\/wp\/v2\/related-projects-category?post=1494811"}],"curies":[{"name":"wp","href":"https:\/\/api.w.org\/{rel}","templated":true}]}}