{"id":15083207,"date":"2021-08-05T15:02:06","date_gmt":"2021-08-05T15:02:06","guid":{"rendered":"https:\/\/wpml.org\/pagina-iniziale\/termini-e-condizioni\/"},"modified":"2026-03-11T14:56:42","modified_gmt":"2026-03-11T14:56:42","slug":"termini-e-condizioni","status":"publish","type":"page","link":"https:\/\/wpml.org\/it\/pagina-iniziale\/termini-e-condizioni\/","title":{"rendered":"Termini e Condizioni"},"content":{"rendered":"\n<p class=\"lead\">I plugin WPML, questo sito web e tutti i servizi correlati sono forniti dalla societ\u00e0 <a href=\"https:\/\/onthegosystems.com\/\" target=\"_blank\" rel=\"noreferrer noopener\">OnTheGoSystems<\/a>. Utilizzandoli, accetti i termini e le condizioni presentati di seguito. <\/p>\n\n<p><strong>In questa pagina:<\/strong><\/p>\n\n<ul class=\"wp-block-list\">\n<li><a href=\"#license-and-trademark\">Licenza e Marchio<\/a><\/li>\n\n\n\n<li><a href=\"#using-your-wpml-account\">Utilizzo del tuo Account WPML<\/a>\n<ul class=\"wp-block-list\">\n<li><a href=\"#renewal-options\">Opzioni di Rinnovo<\/a><\/li>\n\n\n\n<li><a href=\"#what-happens-if-you-don-t-renew\">Cosa succede se non rinnovi<\/a><\/li>\n\n\n\n<li><a href=\"#registering-sites-with-wpml\">Registrazione dei Siti con WPML<\/a><\/li>\n\n\n\n<li><a href=\"#receiving-support\">Ricevere Assistenza<\/a><\/li>\n<\/ul>\n<\/li>\n\n\n\n<li><a href=\"#developing-wpml-powered-websites-for-clients\">Sviluppo di Siti Web con WPML per i Clienti<\/a>\n<ul class=\"wp-block-list\">\n<li><a href=\"#transferring-accounts-to-clients\">Trasferimento di Account ai Clienti<\/a><\/li>\n\n\n\n<li><a href=\"#adding-other-people-to-your-account\">Aggiungere Altre Persone al tuo Account<\/a><\/li>\n<\/ul>\n<\/li>\n\n\n\n<li><a href=\"#fair-usage-policy\">Politica di Utilizzo Corretto<\/a><\/li>\n\n\n\n<li><a href=\"#using-wpmls-automatic-translation\">Usare la traduzione automatica di WPML<\/a>\n<ul class=\"wp-block-list\">\n<li><a href=\"#pay-as-you-go-for-automatic-translation\">Pagamento a consumo per la traduzione automatica<\/a><\/li>\n\n\n\n<li><a href=\"#prepaid-packages-for-automatic-translation\">Pacchetti Prepagati per la Traduzione Automatica<\/a><\/li>\n\n\n\n<li><a href=\"#refunds-related-to-automatic-translation\">Rimborsi Relativi alla Traduzione Automatica<\/a><\/li>\n\n\n\n<li><a href=\"#content-restrictions-when-using-ptc\">Restrizioni sui Contenuti quando si Usa PTC<\/a><\/li>\n<\/ul>\n<\/li>\n\n\n\n<li><a href=\"#privacy-information-and-gdpr\">Informazioni sulla Privacy e GDPR<\/a><\/li>\n<\/ul>\n\n<h2 class=\"wp-block-heading\" id=\"license-and-trademark\">Licenza e Marchio<\/h2>\n\n<p>Il codice WPML \u00e8 concesso in licenza sotto GPL. Il nome WPML, il logo e il nome della societ\u00e0 OnTheGoSystems sono marchi registrati e non sono coperti dalla licenza GPL. <\/p>\n\n<p>Per i dettagli, consulta la nostra pagina <a href=\"https:\/\/wpml.org\/it\/pagina-iniziale\/conformita-alla-licenza-gpl-di-wpml\/\">Conformit\u00e0 alla Licenza GPL di WPML<\/a>.<\/p>\n\n<p><strong>Non puoi:<\/strong><\/p>\n\n<ul class=\"wp-block-list\">\n<li>Utilizzare il nome WPML, il logo o il marchio OnTheGoSystems senza autorizzazione<\/li>\n\n\n\n<li>Implicare un&#8217;affiliazione ufficiale con WPML o OnTheGoSystems<\/li>\n<\/ul>\n\n<p>Includere WPML in offerte di prodotti richiede un accordo di partnership. <a href=\"https:\/\/wpml.org\/it\/pagina-iniziale\/contattaci\/modulo-di-contatto\/\">Contattaci<\/a> per discutere le opzioni.<\/p>\n\n<h2 class=\"wp-block-heading\" id=\"using-your-wpml-account\">Utilizzo del tuo Account WPML<\/h2>\n\n<p>Quando acquisti WPML, ottieni l&#8217;accesso a un account WPML. Esistono tre tipi di account WPML: Multilingual Blog, Multilingual CMS e Multilingual Agency. <\/p>\n\n<p>Ogni tipo di account ti d\u00e0 accesso a un insieme specifico di funzionalit\u00e0. Soprattutto, il tipo del tuo account definisce: <\/p>\n\n<ul class=\"wp-block-list\">\n<li>A quali plugin WPML hai accesso<\/li>\n\n\n\n<li>Su quanti siti puoi registrare WPML<\/li>\n<\/ul>\n\n<p>Inoltre, tutti i tipi di account ti danno:<\/p>\n\n<ul class=\"wp-block-list\">\n<li>Accesso alla nostra assistenza per 1 anno<\/li>\n\n\n\n<li>Aggiornamenti gratuiti per 1 anno<\/li>\n<\/ul>\n\n<h3 class=\"wp-block-heading\" id=\"renewal-options\">Opzioni di Rinnovo<\/h3>\n\n<p>Il tuo account WPML \u00e8 impostato sul rinnovo automatico per impostazione predefinita. Il tuo abbonamento si rinnover\u00e0 automaticamente ogni anno a meno che tu non passi al rinnovo manuale.  <\/p>\n\n<p>Con il rinnovo manuale, ti invieremo email di promemoria 30 giorni e 3 giorni prima della scadenza del tuo account. Per evitare che il tuo account scada, dovrai completare manualmente il pagamento del rinnovo. <\/p>\n\n<h3 class=\"wp-block-heading\" id=\"what-happens-if-you-don-t-renew\">Cosa Succede se Non Rinnovi<\/h3>\n\n<p>Il tuo abbonamento potrebbe scadere se non paghi per un rinnovo manuale in tempo, o se il rinnovo automatico non viene completato. Se ci\u00f2 accade, puoi ancora accedere al tuo account, tuttavia: <\/p>\n\n<ul class=\"wp-block-list\">\n<li>Smetterai di ricevere aggiornamenti dei plugin<\/li>\n\n\n\n<li>Non avrai pi\u00f9 accesso all&#8217;assistenza<\/li>\n\n\n\n<li>Non potrai registrare WPML su un nuovo sito, anche se hai ancora slot disponibili<\/li>\n\n\n\n<li>Non potrai ri-registrare WPML su un sito che lo stava gi\u00e0 utilizzando se l&#8217;URL del sito cambia (ad esempio, dopo una migrazione o un aggiornamento del dominio)<\/li>\n<\/ul>\n\n<p>Puoi continuare a utilizzare WPML sui siti gi\u00e0 registrati, ma tieni presente che WordPress e altri plugin vengono aggiornati regolarmente. Eseguire una versione obsoleta di WPML potrebbe portare a problemi di compatibilit\u00e0 nel tempo. <\/p>\n\n<h3 class=\"wp-block-heading\" id=\"registering-sites-with-wpml\">Registrazione dei Siti con WPML<\/h3>\n\n<p>Devi <a href=\"https:\/\/wpml.org\/it\/faq\/come-installare-wpml\/#register\">registrare WPML sul tuo sito WordPress con una chiave del sito<\/a> quando:<\/p>\n\n<ul class=\"wp-block-list\">\n<li>Installi e attivi WPML su un nuovo sito<\/li>\n\n\n\n<li>L&#8217;URL di un sito gi\u00e0 registrato con WPML cambia, ad esempio dopo una migrazione o un aggiornamento del dominio <\/li>\n<\/ul>\n\n<p>In entrambi i casi, hai bisogno di un abbonamento WPML attivo. <\/p>\n\n<p>Il numero di siti che puoi registrare dipende dal tipo del tuo account WPML:<\/p>\n\n<ul class=\"wp-block-list\">\n<li><strong>Multilingual Blog<\/strong> \u2013 1 sito di produzione + 3 siti di sviluppo<\/li>\n\n\n\n<li><strong>Multilingual CMS<\/strong> \u2013 3 siti di produzione + 9 siti di sviluppo<\/li>\n\n\n\n<li><strong>Multilingual Agency<\/strong> \u2013 numero illimitato di siti di produzione e di sviluppo<\/li>\n\n\n\n<li><strong>Lifetime (non pi\u00f9 disponibile)<\/strong> \u2013 numero illimitato di siti, nessun abbonamento annuale richiesto<\/li>\n<\/ul>\n\n<h3 class=\"wp-block-heading\" id=\"receiving-support\">Ricevere Assistenza<\/h3>\n\n<p>Solo i clienti con account validi e attivi hanno accesso alla nostra assistenza. Offriamo assistenza tramite chat e forum. <\/p>\n\n<p>Per informazioni dettagliate su cosa \u00e8 incluso nella nostra assistenza, leggi la nostra <a href=\"https:\/\/wpml.org\/it\/purchase\/politica-dellassistenza\/\">politica di assistenza<\/a>.<\/p>\n\n<h2 class=\"wp-block-heading\" id=\"developing-wpml-powered-websites-for-clients\">Sviluppo di Siti Web con WPML per i Clienti<\/h2>\n\n<p>Sei libero di registrare WPML sui siti che sviluppi per i tuoi clienti. <\/p>\n\n<p>In questo caso, sei ancora l&#8217;unico ad avere accesso alle funzionalit\u00e0 del tuo account. In altre parole, solo tu puoi scaricare i plugin WPML, registrare siti e ricevere assistenza. <\/p>\n\n<p>Se i tuoi clienti hanno bisogno di assistenza, dovrai fornirla tu per loro.<\/p>\n\n<h3 class=\"wp-block-heading\" id=\"transferring-accounts-to-clients\">Trasferimento di Account ai Clienti<\/h3>\n\n<p>Dal 13 gennaio 2026, il trasferimento dei rinnovi non \u00e8 pi\u00f9 possibile. Eventuali trasferimenti effettuati prima di quella data continueranno a funzionare finch\u00e9 i tuoi clienti continueranno a rinnovare. <\/p>\n\n<p>Per trasferire la propriet\u00e0, il tuo cliente deve <a href=\"https:\/\/wpml.org\/it\/purchase\/\">acquistare il proprio abbonamento WPML<\/a> e poi <a href=\"https:\/\/wpml.org\/purchase\/paying-wpml-renewal-for-my-site\/\">registrare il sito con il proprio account<\/a>.<\/p>\n\n<h3 class=\"wp-block-heading\" id=\"adding-other-people-to-your-account\">Aggiungere Altre Persone al tuo Account<\/h3>\n\n<p>Se sei un&#8217;agenzia che crea siti per i clienti, potresti avere persone diverse nel tuo team che hanno bisogno di accedere a diverse funzionalit\u00e0 del tuo account WPML. Ad esempio, persone diverse potrebbero dover scaricare plugin, registrare siti, aprire ticket di assistenza e pagare l&#8217;abbonamento. <\/p>\n\n<p>In questo caso, puoi facilmente <a href=\"https:\/\/wpml.org\/announcements\/2020\/09\/add-other-people-to-your-wpml-cms-or-agency-account\/\">aggiungere altre persone al tuo account<\/a>.<\/p>\n\n<h2 class=\"wp-block-heading\" id=\"fair-usage-policy\">Politica di Utilizzo Corretto<\/h2>\n\n<p>Sebbene gli account Multilingual Agency e quelli Lifetime (non pi\u00f9 disponibili) ti consentano di registrare WPML su un numero illimitato di siti, sei tenuto a utilizzarli in conformit\u00e0 con la nostra politica di utilizzo corretto.<\/p>\n\n<p>In altre parole, puoi utilizzarli su siti web che sviluppi per te stesso e\/o per i tuoi clienti. Non ti \u00e8 consentito registrare WPML su siti web di terze parti al di fuori di questo ambito. <\/p>\n\n<p>Ci riserviamo il diritto di cancellare qualsiasi account che violi questa politica.<\/p>\n\n<h2 class=\"wp-block-heading\" id=\"using-wpmls-automatic-translation\">Utilizzo della Traduzione AI di WPML<\/h2>\n\n<p>Con WPML, puoi <a href=\"https:\/\/wpml.org\/it\/documentazione\/traduzione-automatica-per-contenuti-di-wordpress-con-wpml\/\">tradurre il tuo sito utilizzando la traduzione AI<\/a> tramite il suo motore PTC (Private Translation Cloud) o utilizzando altri tre motori di traduzione automatica: DeepL, Google e Microsoft.<\/p>\n\n<p>Per utilizzare la traduzione automatica di WPML, hai bisogno di crediti. Quando acquisti WPML, ricevi un generoso pacchetto di crediti per iniziare e se ne hai bisogno di altri, puoi attivare un account a consumo o acquistare un pacchetto di crediti prepagati. <\/p>\n\n<h3 class=\"wp-block-heading\" id=\"pay-as-you-go-for-automatic-translation\">Pagamento a consumo per la traduzione automatica<\/h3>\n\n<p>Il modo pi\u00f9 economico e conveniente per pagare la traduzione automatica \u00e8 registrarsi all&#8217;interno dell&#8217;interfaccia del plugin e scegliere il pagamento a consumo. Non \u00e8 prevista alcuna quota di abbonamento mensile e puoi annullare in qualsiasi momento. <\/p>\n\n<p>Ecco come funziona in breve:<\/p>\n\n<ul class=\"wp-block-list\">\n<li>Ogni parola tradotta costa una certa quantit\u00e0 di crediti di traduzione in base al motore di traduzione che utilizzi (PTC, Google, Microsoft o DeepL).<\/li>\n\n\n\n<li>I primi 2.000 crediti di traduzione che utilizzi ogni mese sono gratuiti. Se spendi pi\u00f9 di questo, ti addebiteremo in base a quanti crediti hai utilizzato oltre tale soglia secondo la <a href=\"https:\/\/wpml.org\/it\/documentazione\/traduzione-automatica-per-contenuti-di-wordpress-con-wpml\/prezzi-della-traduzione-automatica\/\">tabella dei prezzi corrente<\/a>. Non puoi trasferire i crediti gratuiti non utilizzati al mese successivo.  <\/li>\n\n\n\n<li>I prezzi sono calcolati progressivamente, quindi pi\u00f9 traduci in un mese, pi\u00f9 economico \u00e8 per credito.<\/li>\n\n\n\n<li>Se non hai speso alcun credito in un determinato mese, semplicemente non ti addebiteremo nulla.<\/li>\n\n\n\n<li>Per ogni fattura di traduzione automatica, ti verr\u00e0 addebitato qualsiasi credito utilizzato durante il mese solare precedente. Il periodo di fatturazione inizia a mezzanotte UTC il primo giorno del mese e termina a mezzanotte UTC il primo giorno del mese successivo. Le fatture vengono emesse e la tua carta di credito viene addebitata il 3 di ogni mese.  <\/li>\n\n\n\n<li>WPML non memorizza le informazioni della tua carta di credito. I pagamenti vengono elaborati tramite Stripe. <\/li>\n<\/ul>\n\n<p>Ci riserviamo il diritto di modificare i prezzi della traduzione e il modo in cui vengono calcolati in futuro. Naturalmente, se ci\u00f2 accade, ti avviseremo sempre in anticipo.  Per informazioni dettagliate, incluso un calcolatore di prezzi, consulta la nostra pagina sui <a href=\"https:\/\/wpml.org\/it\/documentazione\/traduzione-automatica-per-contenuti-di-wordpress-con-wpml\/prezzi-della-traduzione-automatica\/\">prezzi per la traduzione automatica<\/a>.<\/p>\n\n<p>Addebiti per limite di sicurezza:<\/p>\n\n<ul class=\"wp-block-list\">\n<li>Esistono due soglie di sicurezza che ci proteggono dalle frodi. <\/li>\n\n\n\n<li>Se superi i 100 \u20ac in un mese, ti addebiteremo automaticamente i primi 100 euro (+ IVA). Tieni presente che dovrai tradurre molte parole per raggiungere questo limite. Alla fine del mese, sottrarremo questi 100 euro dalla tua fattura.<\/li>\n\n\n\n<li>Lo stesso vale se superi i 4000 euro in un mese. Se superi tale limite in un mese, ti addebiteremo l&#8217;importo automaticamente. Tieni presente che dovresti tradurre una quantit\u00e0 enorme di parole per raggiungere questo limite. Anche in questo caso, sottrarremo questi \u20ac4000 dalla tua fattura alla fine del mese.<\/li>\n<\/ul>\n\n<p>I limiti di sicurezza sono legati al tuo abbonamento con pagamento a consumo, quindi verranno ripristinati ogni volta che lo annulli e lo riattivi. Ci\u00f2 pu\u00f2 accadere anche se migri il tuo sito, ad esempio quando ne fai una copia e attivi un nuovo abbonamento. <\/p>\n\n<h3 class=\"wp-block-heading\" id=\"prepaid-packages-for-automatic-translation\">Pacchetti Prepagati per la Traduzione Automatica<\/h3>\n\n<p>In alcuni casi, potresti preferire acquistare pacchetti di crediti per la traduzione automatica. Offriamo i seguenti pacchetti:  <\/p>\n\n<ul class=\"wp-block-list\">\n<li>40.000 crediti per 50 \u20ac<\/li>\n\n\n\n<li>90.000 crediti per 90 \u20ac<\/li>\n\n\n\n<li>200.000 crediti per 180 \u20ac<\/li>\n\n\n\n<li>500.000 crediti per 420 \u20ac<\/li>\n\n\n\n<li>1.000.000 di crediti per 800 \u20ac<\/li>\n<\/ul>\n\n<p>Puoi aggiungere crediti a qualsiasi sito che non utilizzi il pagamento a consumo. Questi crediti non scadono. <\/p>\n\n<h3 class=\"wp-block-heading\" id=\"refunds-related-to-automatic-translation\">Rimborsi Relativi alla Traduzione Automatica<\/h3>\n\n<p><strong>Motore di Traduzione PTC<\/strong><\/p>\n\n<p>Solo il motore di traduzione PTC di WPML viene fornito con una <a href=\"https:\/\/wpml.org\/it\/documentazione\/traduzione-automatica-per-contenuti-di-wordpress-con-wpml\/traduzione-automatica-con-qualita-garantita\/\">Garanzia di Qualit\u00e0 della Traduzione<\/a> che consente rimborsi per i crediti di traduzione. Se non sei soddisfatto delle traduzioni automatiche PTC, lavoreremo per risolverlo. Se non sei ancora soddisfatto, rimborseremo completamente i tuoi crediti di traduzione.  <\/p>\n\n<p><strong>Motori di Traduzione DeepL, Google e Microsoft<\/strong><\/p>\n\n<p>Non forniamo rimborsi o garanzie per altri motori di traduzione disponibili in WPML: DeepL, Google e Microsoft. Quando utilizzi questi motori, nel momento in cui la traduzione automatica \u00e8 completata (il che \u00e8 molto veloce), abbiamo gi\u00e0 pagato questi motori di traduzione per questa traduzione. <\/p>\n\n<p>Questo \u00e8 il motivo per cui generalmente non siamo in grado di offrire rimborsi per i crediti di traduzione che hai gi\u00e0 utilizzato con questi 3 motori di terze parti. In alcuni rari casi, potremmo concederti un rimborso parziale o totale. Ad esempio, ci\u00f2 potrebbe accadere in caso di potenziali problemi tecnici da parte nostra, relativi all&#8217;addebito dei crediti di traduzione automatica.  <\/p>\n\n<p>Tieni presente che in tali casi, l&#8217;importo che ti rimborsiamo potrebbe essere leggermente inferiore all&#8217;importo che hai pagato. Questa differenza deriva dal fatto che noi, come azienda, operiamo esclusivamente in Euro (EUR), quindi si verificano a causa della conversione valutaria. Queste differenze sono molto piccole e non siamo responsabili per esse, quindi non possiamo e non emetteremo rimborsi aggiuntivi per esse.  <\/p>\n\n<h3 class=\"wp-block-heading\" id=\"content-restrictions-when-using-ptc\">Restrizioni sui Contenuti quando si Usa PTC<\/h3>\n\n<p>PTC \u00e8 il motore di traduzione AI di WPML e utilizza potenti modelli linguistici per tradurre i tuoi contenuti. Questi modelli seguono regole rigorose per garantire che vengano utilizzati in modo responsabile. <\/p>\n\n<p>Per questo motivo, PTC non tradurr\u00e0 contenuti che includono cose come:<\/p>\n\n<ul class=\"wp-block-list\">\n<li>Attivit\u00e0 illegali, ad esempio come produrre sostanze nocive, acquistare armi illegali o promuovere la violenza<\/li>\n\n\n\n<li>Materiale sessualmente esplicito o di sfruttamento<\/li>\n\n\n\n<li>Incitamento all&#8217;odio, bullismo o discriminazione<\/li>\n\n\n\n<li>Informazioni false o impersonificazione di qualcun altro<\/li>\n<\/ul>\n\n<p>Se PTC rileva questo tipo di contenuto, si fermer\u00e0 e rifiuter\u00e0 di tradurlo. In questi casi, cambiamo automaticamente il motore di traduzione del tuo sito a DeepL in modo che tu possa comunque ottenere traduzioni, solo non tramite PTC. <\/p>\n\n<p>Utilizzando PTC, accetti di seguire queste linee guida. Se i tuoi contenuti vanno contro di esse, potremmo limitare o modificare il modo in cui PTC funziona sul tuo sito. <\/p>\n\n<h2 class=\"wp-block-heading\" id=\"privacy-information-and-gdpr\">Informazioni sulla Privacy e GDPR<\/h2>\n\n<p>Se stai cercando informazioni sulla privacy, leggi la nostra <a href=\"https:\/\/wpml.org\/it\/documentazione\/informativa-sulla-privacy-e-conformita-al-gdpr\/\">politica sulla privacy e conformit\u00e0 al GDPR<\/a>.<\/p>\n","protected":false},"excerpt":{"rendered":"<p>I plugin WPML, questo sito web e tutti i servizi correlati sono forniti dalla societ\u00e0 OnTheGoSystems. Utilizzandoli, accetti i termini e le condizioni presentati di seguito. In questa pagina: Licenza e Marchio Il codice WPML \u00e8 concesso in licenza sotto GPL. Il nome WPML, il logo e il nome della societ\u00e0 OnTheGoSystems sono marchi registrati [&hellip;]<\/p>\n","protected":false},"author":76577,"featured_media":0,"parent":138151,"menu_order":0,"comment_status":"closed","ping_status":"closed","template":"template-nosidebar-centered.php","meta":{"_bbp_topic_count":0,"_bbp_reply_count":0,"_bbp_total_topic_count":0,"_bbp_total_reply_count":0,"_bbp_voice_count":0,"_bbp_anonymous_reply_count":0,"_bbp_topic_count_hidden":0,"_bbp_reply_count_hidden":0,"_bbp_forum_subforum_count":0,"ep_exclude_from_search":false,"footnotes":""},"related-projects-category":[],"class_list":["post-15083207","page","type-page","status-publish","hentry"],"_links":{"self":[{"href":"https:\/\/wpml.org\/it\/wp-json\/wp\/v2\/pages\/15083207","targetHints":{"allow":["GET"]}}],"collection":[{"href":"https:\/\/wpml.org\/it\/wp-json\/wp\/v2\/pages"}],"about":[{"href":"https:\/\/wpml.org\/it\/wp-json\/wp\/v2\/types\/page"}],"author":[{"embeddable":true,"href":"https:\/\/wpml.org\/it\/wp-json\/wp\/v2\/users\/76577"}],"replies":[{"embeddable":true,"href":"https:\/\/wpml.org\/it\/wp-json\/wp\/v2\/comments?post=15083207"}],"version-history":[{"count":8,"href":"https:\/\/wpml.org\/it\/wp-json\/wp\/v2\/pages\/15083207\/revisions"}],"predecessor-version":[{"id":17889342,"href":"https:\/\/wpml.org\/it\/wp-json\/wp\/v2\/pages\/15083207\/revisions\/17889342"}],"up":[{"embeddable":true,"href":"https:\/\/wpml.org\/it\/wp-json\/wp\/v2\/pages\/138151"}],"wp:attachment":[{"href":"https:\/\/wpml.org\/it\/wp-json\/wp\/v2\/media?parent=15083207"}],"wp:term":[{"taxonomy":"related-projects-category","embeddable":true,"href":"https:\/\/wpml.org\/it\/wp-json\/wp\/v2\/related-projects-category?post=15083207"}],"curies":[{"name":"wp","href":"https:\/\/api.w.org\/{rel}","templated":true}]}}